{"id":6246,"date":"2022-02-02T18:13:29","date_gmt":"2022-02-02T17:13:29","guid":{"rendered":"https:\/\/la-toussuire.com\/persruimte\/"},"modified":"2024-05-27T10:53:01","modified_gmt":"2024-05-27T08:53:01","slug":"persruimte","status":"publish","type":"page","link":"https:\/\/la-toussuire.com\/nl\/home\/persruimte\/","title":{"rendered":"Espace Pro"},"content":{"rendered":"<div class=\"block block-core-paragraph\">\n<p class=\"has-text-align-center\">Op deze pagina vind je al ons laatste nieuws voor professionals. <\/p>\n<\/div><div class=\"block block-core-media-text\">\n<div class=\"wp-block-media-text is-stacked-on-mobile is-image-fill\"><figure class=\"wp-block-media-text__media\" style=\"background-image:url(https:\/\/la-toussuire.com\/wp-content\/uploads\/\/OTToussuire_Programme_Presentation_Ete\u00a9OTToussuire@La_Toussuire-1024x576.jpg);background-position:42% 51%\"><img loading=\"lazy\" decoding=\"async\" width=\"1024\" height=\"576\" src=\"https:\/\/la-toussuire.com\/wp-content\/uploads\/\/OTToussuire_Programme_Presentation_Ete\u00a9OTToussuire@La_Toussuire-1024x576.jpg\" alt=\"La photo est prise durant l'\u00e9t\u00e9 de jour o\u00f9 nous pouvons voir l'\u00e9quipe d'animations de l'Office de Tourisme de la Toussuire de dos avec inscrit Toussuire Animation\" class=\"wp-image-9911 size-full\" srcset=\"https:\/\/la-toussuire.com\/wp-content\/uploads\/OTToussuire_Programme_Presentation_Ete\u00a9OTToussuire@La_Toussuire-1024x576.jpg 1024w, https:\/\/la-toussuire.com\/wp-content\/uploads\/OTToussuire_Programme_Presentation_Ete\u00a9OTToussuire@La_Toussuire-300x169.jpg 300w, https:\/\/la-toussuire.com\/wp-content\/uploads\/OTToussuire_Programme_Presentation_Ete\u00a9OTToussuire@La_Toussuire-150x84.jpg 150w, https:\/\/la-toussuire.com\/wp-content\/uploads\/OTToussuire_Programme_Presentation_Ete\u00a9OTToussuire@La_Toussuire-768x432.jpg 768w, https:\/\/la-toussuire.com\/wp-content\/uploads\/OTToussuire_Programme_Presentation_Ete\u00a9OTToussuire@La_Toussuire-1536x864.jpg 1536w, https:\/\/la-toussuire.com\/wp-content\/uploads\/OTToussuire_Programme_Presentation_Ete\u00a9OTToussuire@La_Toussuire-2048x1153.jpg 2048w\" sizes=\"auto, (max-width: 1024px) 100vw, 1024px\" \/><\/figure><div class=\"wp-block-media-text__content\"><div class=\"block block-core-heading\">\n<h2 class=\"wp-block-heading has-text-align-center\">Baanaanbod<\/h2>\n<\/div>\n\n<div class=\"block block-core-paragraph\">\n<p class=\"has-text-align-center\">Je bent op zoek naar <strong>een seizoensbaan<\/strong> om de bergwereld te ontdekken in de <strong>zomer<\/strong> of <strong> winter<\/strong>, of <strong>een baan het hele jaar door<\/strong> om een nieuwe bestemming te ontdekken om te promoten. Vind hier al onze vacatures!<\/p>\n<\/div>\n\n<div class=\"block block-core-buttons\">\n<div class=\"wp-block-buttons is-content-justification-center is-layout-flex wp-container-core-buttons-is-layout-16018d1d wp-block-buttons-is-layout-flex\"><div class=\"block block-core-button\">\n<div class=\"wp-block-button\"><a class=\"wp-block-button__link wp-element-button\" href=\"https:\/\/www.calameo.com\/read\/00703495576ca5b0ef30e\">Het is langs hier ! <\/a><\/div>\n<\/div><\/div>\n<\/div><\/div><\/div>\n<\/div><div class=\"block block-core-media-text\">\n<div class=\"wp-block-media-text has-media-on-the-right is-stacked-on-mobile is-image-fill\" style=\"grid-template-columns:auto 34%\"><div class=\"wp-block-media-text__content\"><div class=\"block block-core-heading\">\n<h2 class=\"wp-block-heading has-text-align-center\">Zomer 2024 persmap<\/h2>\n<\/div>\n\n<div class=\"block block-core-paragraph\">\n<p class=\"has-text-align-center\">Ontdek wat nieuw is en wat je deze zomer niet mag missen. Activiteiten, evenementen, accommodatie, alles wat je moet weten voor het zomerseizoen. <\/p>\n<\/div>\n\n<div class=\"block block-core-buttons\">\n<div class=\"wp-block-buttons is-content-justification-center is-layout-flex wp-container-core-buttons-is-layout-16018d1d wp-block-buttons-is-layout-flex\"><div class=\"block block-core-button\">\n<div class=\"wp-block-button\"><a class=\"wp-block-button__link wp-element-button\" href=\"https:\/\/www.calameo.com\/read\/00703495576ca5b0ef30e\">Bekijk het document<\/a><\/div>\n<\/div><\/div>\n<\/div><\/div><figure class=\"wp-block-media-text__media\" style=\"background-image:url(https:\/\/la-toussuire.com\/wp-content\/uploads\/Capture-decran-2024-05-17-111712.png);background-position:50% 58%\"><img loading=\"lazy\" decoding=\"async\" width=\"642\" height=\"642\" src=\"https:\/\/la-toussuire.com\/wp-content\/uploads\/Capture-decran-2024-05-17-111712.png\" alt=\"\" class=\"wp-image-31013 size-full\" srcset=\"https:\/\/la-toussuire.com\/wp-content\/uploads\/Capture-decran-2024-05-17-111712.png 642w, https:\/\/la-toussuire.com\/wp-content\/uploads\/Capture-decran-2024-05-17-111712-300x300.png 300w, https:\/\/la-toussuire.com\/wp-content\/uploads\/Capture-decran-2024-05-17-111712-150x150.png 150w\" sizes=\"auto, (max-width: 642px) 100vw, 642px\" \/><\/figure><\/div>\n<\/div>","protected":false},"excerpt":{"rendered":"<p>Op deze pagina vind je al ons laatste nieuws voor professionals.<\/p>\n","protected":false},"author":1,"featured_media":10511,"parent":5842,"menu_order":0,"comment_status":"closed","ping_status":"closed","template":"page-template.php","meta":{"_acf_changed":false,"footnotes":""},"class_list":["post-6246","page","type-page","status-publish","has-post-thumbnail","hentry"],"acf":[],"yoast_head":"<!-- This site is optimized with the Yoast SEO plugin v27.1.1 - https:\/\/yoast.com\/product\/yoast-seo-wordpress\/ -->\n<title>Espace Pro - La Toussuire<\/title>\n<meta name=\"description\" content=\"Perskamer, seizoens- of jaarrond vacatures - ben jij een professional? u vindt alles wat u nodig hebt\" \/>\n<meta name=\"robots\" content=\"index, follow, max-snippet:-1, max-image-preview:large, max-video-preview:-1\" \/>\n<link rel=\"canonical\" href=\"https:\/\/la-toussuire.com\/nl\/home\/persruimte\/\" \/>\n<meta property=\"og:locale\" content=\"nl_NL\" \/>\n<meta property=\"og:type\" content=\"article\" \/>\n<meta property=\"og:title\" content=\"Espace Pro - La Toussuire\" \/>\n<meta property=\"og:description\" content=\"Perskamer, seizoens- of jaarrond vacatures - ben jij een professional? u vindt alles wat u nodig hebt\" \/>\n<meta property=\"og:url\" content=\"https:\/\/la-toussuire.com\/nl\/home\/persruimte\/\" \/>\n<meta property=\"og:site_name\" content=\"La Toussuire\" \/>\n<meta property=\"article:modified_time\" content=\"2024-05-27T08:53:01+00:00\" \/>\n<meta property=\"og:image\" content=\"https:\/\/la-toussuire.com\/wp-content\/uploads\/OTToussuire_Intersaison_Presentation@OT@LaToussuire.jpg\" \/>\n\t<meta property=\"og:image:width\" content=\"2400\" \/>\n\t<meta property=\"og:image:height\" content=\"1350\" \/>\n\t<meta property=\"og:image:type\" content=\"image\/jpeg\" \/>\n<meta name=\"twitter:card\" content=\"summary_large_image\" \/>\n<script type=\"application\/ld+json\" class=\"yoast-schema-graph\">{\"@context\":\"https:\/\/schema.org\",\"@graph\":[{\"@type\":\"WebPage\",\"@id\":\"https:\/\/la-toussuire.com\/nl\/home\/persruimte\/\",\"url\":\"https:\/\/la-toussuire.com\/nl\/home\/persruimte\/\",\"name\":\"Espace Pro - La Toussuire\",\"isPartOf\":{\"@id\":\"https:\/\/la-toussuire.com\/nl\/#website\"},\"primaryImageOfPage\":{\"@id\":\"https:\/\/la-toussuire.com\/nl\/home\/persruimte\/#primaryimage\"},\"image\":{\"@id\":\"https:\/\/la-toussuire.com\/nl\/home\/persruimte\/#primaryimage\"},\"thumbnailUrl\":\"https:\/\/la-toussuire.com\/wp-content\/uploads\/OTToussuire_Intersaison_Presentation@OT@LaToussuire.jpg\",\"datePublished\":\"2022-02-02T17:13:29+00:00\",\"dateModified\":\"2024-05-27T08:53:01+00:00\",\"description\":\"Perskamer, seizoens- of jaarrond vacatures - ben jij een professional? u vindt alles wat u nodig hebt\",\"breadcrumb\":{\"@id\":\"https:\/\/la-toussuire.com\/nl\/home\/persruimte\/#breadcrumb\"},\"inLanguage\":\"nl-NL\",\"potentialAction\":[{\"@type\":\"ReadAction\",\"target\":[\"https:\/\/la-toussuire.com\/nl\/home\/persruimte\/\"]}]},{\"@type\":\"ImageObject\",\"inLanguage\":\"nl-NL\",\"@id\":\"https:\/\/la-toussuire.com\/nl\/home\/persruimte\/#primaryimage\",\"url\":\"https:\/\/la-toussuire.com\/wp-content\/uploads\/OTToussuire_Intersaison_Presentation@OT@LaToussuire.jpg\",\"contentUrl\":\"https:\/\/la-toussuire.com\/wp-content\/uploads\/OTToussuire_Intersaison_Presentation@OT@LaToussuire.jpg\",\"width\":2400,\"height\":1350,\"caption\":\"Automne \u00e0 la Toussuire\"},{\"@type\":\"BreadcrumbList\",\"@id\":\"https:\/\/la-toussuire.com\/nl\/home\/persruimte\/#breadcrumb\",\"itemListElement\":[{\"@type\":\"ListItem\",\"position\":1,\"name\":\"Accueil\",\"item\":\"https:\/\/la-toussuire.com\/nl\/\"},{\"@type\":\"ListItem\",\"position\":2,\"name\":\"Home\",\"item\":\"https:\/\/la-toussuire.com\/nl\/\"},{\"@type\":\"ListItem\",\"position\":3,\"name\":\"Espace Pro\"}]},{\"@type\":\"WebSite\",\"@id\":\"https:\/\/la-toussuire.com\/nl\/#website\",\"url\":\"https:\/\/la-toussuire.com\/nl\/\",\"name\":\"La Toussuire\",\"description\":\"\",\"publisher\":{\"@id\":\"https:\/\/la-toussuire.com\/nl\/#organization\"},\"potentialAction\":[{\"@type\":\"SearchAction\",\"target\":{\"@type\":\"EntryPoint\",\"urlTemplate\":\"https:\/\/la-toussuire.com\/nl\/?s={search_term_string}\"},\"query-input\":{\"@type\":\"PropertyValueSpecification\",\"valueRequired\":true,\"valueName\":\"search_term_string\"}}],\"inLanguage\":\"nl-NL\"},{\"@type\":\"Organization\",\"@id\":\"https:\/\/la-toussuire.com\/nl\/#organization\",\"name\":\"La Toussuire\",\"url\":\"https:\/\/la-toussuire.com\/nl\/\",\"logo\":{\"@type\":\"ImageObject\",\"inLanguage\":\"nl-NL\",\"@id\":\"https:\/\/la-toussuire.com\/nl\/#\/schema\/logo\/image\/\",\"url\":\"https:\/\/la-toussuire.com\/wp-content\/uploads\/cropped-Nouveau-LA-TOUSSUIRE_Logo_Plan-de-travail-1-02.png\",\"contentUrl\":\"https:\/\/la-toussuire.com\/wp-content\/uploads\/cropped-Nouveau-LA-TOUSSUIRE_Logo_Plan-de-travail-1-02.png\",\"width\":591,\"height\":591,\"caption\":\"La Toussuire\"},\"image\":{\"@id\":\"https:\/\/la-toussuire.com\/nl\/#\/schema\/logo\/image\/\"}}]}<\/script>\n<!-- \/ Yoast SEO plugin. -->","yoast_head_json":{"title":"Espace Pro - La Toussuire","description":"Perskamer, seizoens- of jaarrond vacatures - ben jij een professional? u vindt alles wat u nodig hebt","robots":{"index":"index","follow":"follow","max-snippet":"max-snippet:-1","max-image-preview":"max-image-preview:large","max-video-preview":"max-video-preview:-1"},"canonical":"https:\/\/la-toussuire.com\/nl\/home\/persruimte\/","og_locale":"nl_NL","og_type":"article","og_title":"Espace Pro - La Toussuire","og_description":"Perskamer, seizoens- of jaarrond vacatures - ben jij een professional? u vindt alles wat u nodig hebt","og_url":"https:\/\/la-toussuire.com\/nl\/home\/persruimte\/","og_site_name":"La Toussuire","article_modified_time":"2024-05-27T08:53:01+00:00","og_image":[{"width":2400,"height":1350,"url":"https:\/\/la-toussuire.com\/wp-content\/uploads\/OTToussuire_Intersaison_Presentation@OT@LaToussuire.jpg","type":"image\/jpeg"}],"twitter_card":"summary_large_image","schema":{"@context":"https:\/\/schema.org","@graph":[{"@type":"WebPage","@id":"https:\/\/la-toussuire.com\/nl\/home\/persruimte\/","url":"https:\/\/la-toussuire.com\/nl\/home\/persruimte\/","name":"Espace Pro - La Toussuire","isPartOf":{"@id":"https:\/\/la-toussuire.com\/nl\/#website"},"primaryImageOfPage":{"@id":"https:\/\/la-toussuire.com\/nl\/home\/persruimte\/#primaryimage"},"image":{"@id":"https:\/\/la-toussuire.com\/nl\/home\/persruimte\/#primaryimage"},"thumbnailUrl":"https:\/\/la-toussuire.com\/wp-content\/uploads\/OTToussuire_Intersaison_Presentation@OT@LaToussuire.jpg","datePublished":"2022-02-02T17:13:29+00:00","dateModified":"2024-05-27T08:53:01+00:00","description":"Perskamer, seizoens- of jaarrond vacatures - ben jij een professional? u vindt alles wat u nodig hebt","breadcrumb":{"@id":"https:\/\/la-toussuire.com\/nl\/home\/persruimte\/#breadcrumb"},"inLanguage":"nl-NL","potentialAction":[{"@type":"ReadAction","target":["https:\/\/la-toussuire.com\/nl\/home\/persruimte\/"]}]},{"@type":"ImageObject","inLanguage":"nl-NL","@id":"https:\/\/la-toussuire.com\/nl\/home\/persruimte\/#primaryimage","url":"https:\/\/la-toussuire.com\/wp-content\/uploads\/OTToussuire_Intersaison_Presentation@OT@LaToussuire.jpg","contentUrl":"https:\/\/la-toussuire.com\/wp-content\/uploads\/OTToussuire_Intersaison_Presentation@OT@LaToussuire.jpg","width":2400,"height":1350,"caption":"Automne \u00e0 la Toussuire"},{"@type":"BreadcrumbList","@id":"https:\/\/la-toussuire.com\/nl\/home\/persruimte\/#breadcrumb","itemListElement":[{"@type":"ListItem","position":1,"name":"Accueil","item":"https:\/\/la-toussuire.com\/nl\/"},{"@type":"ListItem","position":2,"name":"Home","item":"https:\/\/la-toussuire.com\/nl\/"},{"@type":"ListItem","position":3,"name":"Espace Pro"}]},{"@type":"WebSite","@id":"https:\/\/la-toussuire.com\/nl\/#website","url":"https:\/\/la-toussuire.com\/nl\/","name":"La Toussuire","description":"","publisher":{"@id":"https:\/\/la-toussuire.com\/nl\/#organization"},"potentialAction":[{"@type":"SearchAction","target":{"@type":"EntryPoint","urlTemplate":"https:\/\/la-toussuire.com\/nl\/?s={search_term_string}"},"query-input":{"@type":"PropertyValueSpecification","valueRequired":true,"valueName":"search_term_string"}}],"inLanguage":"nl-NL"},{"@type":"Organization","@id":"https:\/\/la-toussuire.com\/nl\/#organization","name":"La Toussuire","url":"https:\/\/la-toussuire.com\/nl\/","logo":{"@type":"ImageObject","inLanguage":"nl-NL","@id":"https:\/\/la-toussuire.com\/nl\/#\/schema\/logo\/image\/","url":"https:\/\/la-toussuire.com\/wp-content\/uploads\/cropped-Nouveau-LA-TOUSSUIRE_Logo_Plan-de-travail-1-02.png","contentUrl":"https:\/\/la-toussuire.com\/wp-content\/uploads\/cropped-Nouveau-LA-TOUSSUIRE_Logo_Plan-de-travail-1-02.png","width":591,"height":591,"caption":"La Toussuire"},"image":{"@id":"https:\/\/la-toussuire.com\/nl\/#\/schema\/logo\/image\/"}}]}},"_links":{"self":[{"href":"https:\/\/la-toussuire.com\/nl\/wp-json\/wp\/v2\/pages\/6246","targetHints":{"allow":["GET"]}}],"collection":[{"href":"https:\/\/la-toussuire.com\/nl\/wp-json\/wp\/v2\/pages"}],"about":[{"href":"https:\/\/la-toussuire.com\/nl\/wp-json\/wp\/v2\/types\/page"}],"author":[{"embeddable":true,"href":"https:\/\/la-toussuire.com\/nl\/wp-json\/wp\/v2\/users\/1"}],"replies":[{"embeddable":true,"href":"https:\/\/la-toussuire.com\/nl\/wp-json\/wp\/v2\/comments?post=6246"}],"version-history":[{"count":5,"href":"https:\/\/la-toussuire.com\/nl\/wp-json\/wp\/v2\/pages\/6246\/revisions"}],"predecessor-version":[{"id":31603,"href":"https:\/\/la-toussuire.com\/nl\/wp-json\/wp\/v2\/pages\/6246\/revisions\/31603"}],"up":[{"embeddable":true,"href":"https:\/\/la-toussuire.com\/nl\/wp-json\/wp\/v2\/pages\/5842"}],"wp:featuredmedia":[{"embeddable":true,"href":"https:\/\/la-toussuire.com\/nl\/wp-json\/wp\/v2\/media\/10511"}],"wp:attachment":[{"href":"https:\/\/la-toussuire.com\/nl\/wp-json\/wp\/v2\/media?parent=6246"}],"curies":[{"name":"wp","href":"https:\/\/api.w.org\/{rel}","templated":true}]}}