{"id":6110,"date":"2022-02-02T15:39:44","date_gmt":"2022-02-02T14:39:44","guid":{"rendered":"https:\/\/la-toussuire.com\/uw-verblijf\/goede-deals\/"},"modified":"2026-03-03T09:42:20","modified_gmt":"2026-03-03T08:42:20","slug":"goede-deals","status":"publish","type":"page","link":"https:\/\/la-toussuire.com\/nl\/uw-verblijf\/goede-deals\/","title":{"rendered":"Goede deals"},"content":{"rendered":"<div class=\"block block-core-heading\">\n<h2 class=\"wp-block-heading has-text-align-center\">Psssst! <\/h2>\n<\/div><div class=\"block block-core-paragraph\">\n<p class=\"has-text-align-center\">De <strong>goede plannen<\/strong>, deze kant uit! <strong>Kortingen<\/strong>, <strong>voordeelkaarten<\/strong>&#8230; Hier doen we er alles aan om je een <em>onvergetelijke vakantie te bezorgen.<\/em> We hebben je al verteld dat La Toussuire <strong>het resort voor gezinnen<\/strong> is?  <\/p>\n<\/div><div class=\"block block-core-paragraph\">\n<p class=\"has-text-align-center\"><em>Waar wacht u dan nog op?<\/em> <\/p>\n<\/div><div class=\"block block-core-media-text\">\n<div class=\"wp-block-media-text is-stacked-on-mobile is-image-fill-element\"><figure class=\"wp-block-media-text__media\"><img loading=\"lazy\" decoding=\"async\" width=\"683\" height=\"1024\" src=\"https:\/\/la-toussuire.com\/wp-content\/uploads\/\/APernet-OTToussuire-web-220123-044-683x1024.jpg\" alt=\"Winterportret overdag. We zien een vader en zoon op weg naar een ski-uitstapje. Ze kijken naar de fotograaf.  \" class=\"wp-image-34052 size-full\" style=\"object-position:48% 64%\" srcset=\"https:\/\/la-toussuire.com\/wp-content\/uploads\/APernet-OTToussuire-web-220123-044-683x1024.jpg 683w, https:\/\/la-toussuire.com\/wp-content\/uploads\/APernet-OTToussuire-web-220123-044-200x300.jpg 200w, https:\/\/la-toussuire.com\/wp-content\/uploads\/APernet-OTToussuire-web-220123-044-100x150.jpg 100w, https:\/\/la-toussuire.com\/wp-content\/uploads\/APernet-OTToussuire-web-220123-044.jpg 700w\" sizes=\"auto, (max-width: 683px) 100vw, 683px\" \/><\/figure><div class=\"wp-block-media-text__content\"><div class=\"block block-core-heading\">\n<h2 class=\"wp-block-heading has-text-align-center\">Onze huidige aanbiedingen<\/h2>\n<\/div>\n\n<div class=\"block block-core-paragraph\">\n<p class=\"has-text-align-center\">Ontdek onze <strong>huidige aanbiedingen<\/strong> en profiteer van exclusieve promoties op onze accommodaties. Het hele jaar door bieden wij u voordelige tarieven en speciale voordelen om uw verblijf nog aangenamer te maken. Bekijk deze pagina regelmatig en grijp de kans om uw vakantie tegen de beste prijs te boeken.  <\/p>\n<\/div>\n\n<div class=\"block block-core-buttons\">\n<div class=\"wp-block-buttons is-content-justification-center is-layout-flex wp-container-core-buttons-is-layout-16018d1d wp-block-buttons-is-layout-flex\"><div class=\"block block-core-button\">\n<div class=\"wp-block-button\"><a class=\"wp-block-button__link wp-element-button\" href=\"https:\/\/la-toussuire.com\/nl\/onze-huidige-aanbiedingen\/\">Ik wil kortingen!<\/a><\/div>\n<\/div><\/div>\n<\/div><\/div><\/div>\n<\/div><div class=\"block block-core-media-text\">\n<div class=\"wp-block-media-text has-media-on-the-right is-stacked-on-mobile is-image-fill-element\"><div class=\"wp-block-media-text__content\"><div class=\"block block-core-heading\">\n<h2 class=\"wp-block-heading has-text-align-center\">Marsianenpas <\/h2>\n<\/div>\n\n<div class=\"block block-core-paragraph\">\n<p class=\"has-text-align-center\">De Pass du Marsien komt naar La Toussuire! Een geweldige deal om het seizoen in stijl af te sluiten! Een pas die toegang geeft tot exclusieve kortingen en voordelen bij meer dan <strong>35 van onze partners!<\/strong>  <\/p>\n<\/div>\n\n<div class=\"block block-core-buttons\">\n<div class=\"wp-block-buttons is-content-justification-center is-layout-flex wp-container-core-buttons-is-layout-16018d1d wp-block-buttons-is-layout-flex\"><div class=\"block block-core-button\">\n<div class=\"wp-block-button\"><a class=\"wp-block-button__link wp-element-button\" href=\"https:\/\/la-toussuire.com\/nl\/uw-verblijf\/goede-deals\/marsianenpas\/\">Ik wil de beste tips!<\/a><\/div>\n<\/div><\/div>\n<\/div><\/div><figure class=\"wp-block-media-text__media\"><img loading=\"lazy\" decoding=\"async\" width=\"1000\" height=\"1000\" src=\"https:\/\/la-toussuire.com\/wp-content\/uploads\/5-1-1.png\" alt=\"\" class=\"wp-image-44477 size-full\" style=\"object-position:50% 50%\" srcset=\"https:\/\/la-toussuire.com\/wp-content\/uploads\/5-1-1.png 1000w, https:\/\/la-toussuire.com\/wp-content\/uploads\/5-1-1-300x300.png 300w, https:\/\/la-toussuire.com\/wp-content\/uploads\/5-1-1-150x150.png 150w, https:\/\/la-toussuire.com\/wp-content\/uploads\/5-1-1-768x768.png 768w\" sizes=\"auto, (max-width: 1000px) 100vw, 1000px\" \/><\/figure><\/div>\n<\/div><div class=\"block block-core-media-text\">\n<div class=\"wp-block-media-text is-stacked-on-mobile is-image-fill-element\" style=\"grid-template-columns:47% auto\"><figure class=\"wp-block-media-text__media\"><img loading=\"lazy\" decoding=\"async\" width=\"683\" height=\"1024\" src=\"https:\/\/la-toussuire.com\/wp-content\/uploads\/\/APernet-OTToussuire-web-130324-11-683x1024.jpg\" alt=\"Foto genomen in staand formaat op een winterdag. We zien een vrouw in skikleding met een helm en een skibril op haar hoofd, die haar ski&#039;s vasthoudt. Op de achtergrond zien we besneeuwde bergen.  \" class=\"wp-image-41093 size-full\" style=\"object-position:52% 36%\" srcset=\"https:\/\/la-toussuire.com\/wp-content\/uploads\/APernet-OTToussuire-web-130324-11-683x1024.jpg 683w, https:\/\/la-toussuire.com\/wp-content\/uploads\/APernet-OTToussuire-web-130324-11-200x300.jpg 200w, https:\/\/la-toussuire.com\/wp-content\/uploads\/APernet-OTToussuire-web-130324-11-100x150.jpg 100w, https:\/\/la-toussuire.com\/wp-content\/uploads\/APernet-OTToussuire-web-130324-11.jpg 720w\" sizes=\"auto, (max-width: 683px) 100vw, 683px\" \/><\/figure><div class=\"wp-block-media-text__content\"><div class=\"block block-core-heading\">\n<h2 class=\"wp-block-heading has-text-align-center\">Het goede plan voor zaterdag<\/h2>\n<\/div>\n\n<div class=\"block block-core-paragraph\">\n<p class=\"has-text-align-center\"><strong>Zaterdag voor \u20ac 30<\/strong>: elke zaterdag van het winterseizoen 2025-2026 kost de dagpas voor Sybelles\u00ae <strong>\u20ac 30<\/strong> in plaats van <strong>\u20ac 59,30.<\/strong> Deze aanbieding is alleen online beschikbaar op <strong>donderdagavond v\u00f3\u00f3r middernacht<\/strong>. <\/p>\n<\/div>\n\n<div class=\"block block-core-buttons\">\n<div class=\"wp-block-buttons is-content-justification-center is-layout-flex wp-container-core-buttons-is-layout-16018d1d wp-block-buttons-is-layout-flex\"><div class=\"block block-core-button\">\n<div class=\"wp-block-button\"><a class=\"wp-block-button__link has-custom-font-size wp-element-button\" href=\"https:\/\/sybelles.skiperformance.com\/en\/winter\/store#\/en\/winter\/buy?skugroup_id=5952\" style=\"font-size:25px\">Ik maak gebruik van de aanbieding!<\/a><\/div>\n<\/div><\/div>\n<\/div><\/div><\/div>\n<\/div><div class=\"block block-core-media-text\">\n<div class=\"wp-block-media-text is-stacked-on-mobile\"><figure class=\"wp-block-media-text__media\"><img loading=\"lazy\" decoding=\"async\" width=\"596\" height=\"596\" src=\"https:\/\/la-toussuire.com\/wp-content\/uploads\/skiogrande.jpg\" alt=\"Affiche d'illustration de la carte Skio Grande. Nous pouvons voir un skieur pr\u00eat \u00e0 prendre le t\u00e9l\u00e9si\u00e8ge\" class=\"wp-image-27920 size-full\" srcset=\"https:\/\/la-toussuire.com\/wp-content\/uploads\/skiogrande.jpg 596w, https:\/\/la-toussuire.com\/wp-content\/uploads\/skiogrande-300x300.jpg 300w, https:\/\/la-toussuire.com\/wp-content\/uploads\/skiogrande-150x150.jpg 150w\" sizes=\"auto, (max-width: 596px) 100vw, 596px\" \/><\/figure><div class=\"wp-block-media-text__content\"><div class=\"block block-core-heading\">\n<h2 class=\"wp-block-heading has-text-align-center\">Skio Grande<\/h2>\n<\/div>\n\n<div class=\"block block-core-paragraph\">\n<p class=\"has-text-align-center\">Een loyaliteits- en kortingsprogramma voor dagski\u00ebn dat is opgezet door de liftbedrijven in de <strong>17 deelnemende resorts en skigebieden.<\/strong> Dit lidmaatschap geeft je recht op automatische kortingen van <strong>20%<\/strong> tot <strong>50%<\/strong> op de dagpas.<\/p>\n<\/div>\n\n<div class=\"block block-core-buttons\">\n<div class=\"wp-block-buttons is-content-justification-center is-layout-flex wp-container-core-buttons-is-layout-16018d1d wp-block-buttons-is-layout-flex\"><div class=\"block block-core-button\">\n<div class=\"wp-block-button\"><a class=\"wp-block-button__link has-text-align-center has-custom-font-size wp-element-button\" href=\"https:\/\/www.skiogrande.com\/accueil\/\" style=\"font-size:25px\">Ik wil meer weten!<\/a><\/div>\n<\/div><\/div>\n<\/div><\/div><\/div>\n<\/div><div class=\"block block-core-media-text\">\n<div class=\"wp-block-media-text has-media-on-the-right is-stacked-on-mobile is-image-fill-element\"><div class=\"wp-block-media-text__content\"><div class=\"block block-core-heading\">\n<h2 class=\"wp-block-heading has-text-align-center\">Kaart Pass&#8217;Partout <\/h2>\n<\/div>\n\n<div class=\"block block-core-paragraph\">\n<p class=\"has-text-align-center\">Met deze <strong>herlaadbare betaalkaart <\/strong>kun je je activiteiten betalen zonder geld op zak te hebben en <strong>profiteren van promoties.<\/strong><\/p>\n<\/div>\n\n<div class=\"block block-core-buttons\">\n<div class=\"wp-block-buttons is-content-justification-center is-layout-flex wp-container-core-buttons-is-layout-16018d1d wp-block-buttons-is-layout-flex\"><div class=\"block block-core-button\">\n<div class=\"wp-block-button\"><a class=\"wp-block-button__link has-text-align-center has-custom-font-size wp-element-button\" href=\"https:\/\/la-toussuire.com\/nl\/praktische-informatie\/het-kaart-pass-partout\/\" style=\"font-size:25px\">Plus d&#8217;informationsMeer informatie<\/a><\/div>\n<\/div><\/div>\n<\/div><\/div><figure class=\"wp-block-media-text__media\"><img loading=\"lazy\" decoding=\"async\" width=\"1024\" height=\"683\" src=\"https:\/\/la-toussuire.com\/wp-content\/uploads\/\/APernet-OTToussuire-web-090823-404-1024x683.jpg\" alt=\"\" class=\"wp-image-30514 size-full\" style=\"object-position:29% 47%\" srcset=\"https:\/\/la-toussuire.com\/wp-content\/uploads\/APernet-OTToussuire-web-090823-404-1024x683.jpg 1024w, https:\/\/la-toussuire.com\/wp-content\/uploads\/APernet-OTToussuire-web-090823-404-300x200.jpg 300w, https:\/\/la-toussuire.com\/wp-content\/uploads\/APernet-OTToussuire-web-090823-404-150x100.jpg 150w, https:\/\/la-toussuire.com\/wp-content\/uploads\/APernet-OTToussuire-web-090823-404-768x512.jpg 768w, https:\/\/la-toussuire.com\/wp-content\/uploads\/APernet-OTToussuire-web-090823-404.jpg 1080w\" sizes=\"auto, (max-width: 1024px) 100vw, 1024px\" \/><\/figure><\/div>\n<\/div><div class=\"block block-core-paragraph\">\n<p><\/p>\n<\/div>","protected":false},"excerpt":{"rendered":"<p>Psssst! De goede plannen, deze kant uit! Kortingen, voordeelkaarten&#8230; Hier doen we er alles aan om je een onvergetelijke vakantie te bezorgen. We hebben je al verteld dat La Toussuire het resort voor gezinnen is? Waar wacht u dan nog op?<\/p>\n","protected":false},"author":1,"featured_media":8650,"parent":5860,"menu_order":5,"comment_status":"closed","ping_status":"closed","template":"page-template.php","meta":{"_acf_changed":false,"footnotes":""},"class_list":["post-6110","page","type-page","status-publish","has-post-thumbnail","hentry"],"acf":[],"yoast_head":"<!-- This site is optimized with the Yoast SEO plugin v27.1.1 - https:\/\/yoast.com\/product\/yoast-seo-wordpress\/ -->\n<title>Goede deals - La Toussuire<\/title>\n<meta name=\"description\" content=\"Goede plannen, kaart Pass Partout, promoties, speciale aanbiedingen, vaste tarieven, accommodaties, verhuur, materiaal, gite\u2026\" \/>\n<meta name=\"robots\" content=\"index, follow, max-snippet:-1, max-image-preview:large, max-video-preview:-1\" \/>\n<link rel=\"canonical\" href=\"https:\/\/la-toussuire.com\/nl\/uw-verblijf\/goede-deals\/\" \/>\n<meta property=\"og:locale\" content=\"nl_NL\" \/>\n<meta property=\"og:type\" content=\"article\" \/>\n<meta property=\"og:title\" content=\"Goede deals - La Toussuire\" \/>\n<meta property=\"og:description\" content=\"Goede plannen, kaart Pass Partout, promoties, speciale aanbiedingen, vaste tarieven, accommodaties, verhuur, materiaal, gite\u2026\" \/>\n<meta property=\"og:url\" content=\"https:\/\/la-toussuire.com\/nl\/uw-verblijf\/goede-deals\/\" \/>\n<meta property=\"og:site_name\" content=\"La Toussuire\" \/>\n<meta property=\"article:modified_time\" content=\"2026-03-03T08:42:20+00:00\" \/>\n<meta property=\"og:image\" content=\"https:\/\/la-toussuire.com\/wp-content\/uploads\/OTToussuire_Carte_Interactive_Presentation\u00a9AlbanPernet@La_Toussuire.jpg\" \/>\n\t<meta property=\"og:image:width\" content=\"2395\" \/>\n\t<meta property=\"og:image:height\" content=\"982\" \/>\n\t<meta property=\"og:image:type\" content=\"image\/jpeg\" \/>\n<meta name=\"twitter:card\" content=\"summary_large_image\" \/>\n<meta name=\"twitter:label1\" content=\"Geschatte leestijd\" \/>\n\t<meta name=\"twitter:data1\" content=\"2 minuten\" \/>\n<script type=\"application\/ld+json\" class=\"yoast-schema-graph\">{\"@context\":\"https:\/\/schema.org\",\"@graph\":[{\"@type\":\"WebPage\",\"@id\":\"https:\/\/la-toussuire.com\/nl\/uw-verblijf\/goede-deals\/\",\"url\":\"https:\/\/la-toussuire.com\/nl\/uw-verblijf\/goede-deals\/\",\"name\":\"Goede deals - La Toussuire\",\"isPartOf\":{\"@id\":\"https:\/\/la-toussuire.com\/nl\/#website\"},\"primaryImageOfPage\":{\"@id\":\"https:\/\/la-toussuire.com\/nl\/uw-verblijf\/goede-deals\/#primaryimage\"},\"image\":{\"@id\":\"https:\/\/la-toussuire.com\/nl\/uw-verblijf\/goede-deals\/#primaryimage\"},\"thumbnailUrl\":\"https:\/\/la-toussuire.com\/wp-content\/uploads\/OTToussuire_Carte_Interactive_Presentation\u00a9AlbanPernet@La_Toussuire.jpg\",\"datePublished\":\"2022-02-02T14:39:44+00:00\",\"dateModified\":\"2026-03-03T08:42:20+00:00\",\"description\":\"Goede plannen, kaart Pass Partout, promoties, speciale aanbiedingen, vaste tarieven, accommodaties, verhuur, materiaal, gite\u2026\",\"breadcrumb\":{\"@id\":\"https:\/\/la-toussuire.com\/nl\/uw-verblijf\/goede-deals\/#breadcrumb\"},\"inLanguage\":\"nl-NL\",\"potentialAction\":[{\"@type\":\"ReadAction\",\"target\":[\"https:\/\/la-toussuire.com\/nl\/uw-verblijf\/goede-deals\/\"]}]},{\"@type\":\"ImageObject\",\"inLanguage\":\"nl-NL\",\"@id\":\"https:\/\/la-toussuire.com\/nl\/uw-verblijf\/goede-deals\/#primaryimage\",\"url\":\"https:\/\/la-toussuire.com\/wp-content\/uploads\/OTToussuire_Carte_Interactive_Presentation\u00a9AlbanPernet@La_Toussuire.jpg\",\"contentUrl\":\"https:\/\/la-toussuire.com\/wp-content\/uploads\/OTToussuire_Carte_Interactive_Presentation\u00a9AlbanPernet@La_Toussuire.jpg\",\"width\":2395,\"height\":982,\"caption\":\"OT La Toussuire - hiver 2021 - Ski, picnic, jeux famille\"},{\"@type\":\"BreadcrumbList\",\"@id\":\"https:\/\/la-toussuire.com\/nl\/uw-verblijf\/goede-deals\/#breadcrumb\",\"itemListElement\":[{\"@type\":\"ListItem\",\"position\":1,\"name\":\"Accueil\",\"item\":\"https:\/\/la-toussuire.com\/nl\/\"},{\"@type\":\"ListItem\",\"position\":2,\"name\":\"Ik organiseer mijn verblijf\",\"item\":\"https:\/\/la-toussuire.com\/nl\/uw-verblijf\/\"},{\"@type\":\"ListItem\",\"position\":3,\"name\":\"Goede deals\"}]},{\"@type\":\"WebSite\",\"@id\":\"https:\/\/la-toussuire.com\/nl\/#website\",\"url\":\"https:\/\/la-toussuire.com\/nl\/\",\"name\":\"La Toussuire\",\"description\":\"\",\"publisher\":{\"@id\":\"https:\/\/la-toussuire.com\/nl\/#organization\"},\"potentialAction\":[{\"@type\":\"SearchAction\",\"target\":{\"@type\":\"EntryPoint\",\"urlTemplate\":\"https:\/\/la-toussuire.com\/nl\/?s={search_term_string}\"},\"query-input\":{\"@type\":\"PropertyValueSpecification\",\"valueRequired\":true,\"valueName\":\"search_term_string\"}}],\"inLanguage\":\"nl-NL\"},{\"@type\":\"Organization\",\"@id\":\"https:\/\/la-toussuire.com\/nl\/#organization\",\"name\":\"La Toussuire\",\"url\":\"https:\/\/la-toussuire.com\/nl\/\",\"logo\":{\"@type\":\"ImageObject\",\"inLanguage\":\"nl-NL\",\"@id\":\"https:\/\/la-toussuire.com\/nl\/#\/schema\/logo\/image\/\",\"url\":\"https:\/\/la-toussuire.com\/wp-content\/uploads\/cropped-Nouveau-LA-TOUSSUIRE_Logo_Plan-de-travail-1-02.png\",\"contentUrl\":\"https:\/\/la-toussuire.com\/wp-content\/uploads\/cropped-Nouveau-LA-TOUSSUIRE_Logo_Plan-de-travail-1-02.png\",\"width\":591,\"height\":591,\"caption\":\"La Toussuire\"},\"image\":{\"@id\":\"https:\/\/la-toussuire.com\/nl\/#\/schema\/logo\/image\/\"}}]}<\/script>\n<!-- \/ Yoast SEO plugin. -->","yoast_head_json":{"title":"Goede deals - La Toussuire","description":"Goede plannen, kaart Pass Partout, promoties, speciale aanbiedingen, vaste tarieven, accommodaties, verhuur, materiaal, gite\u2026","robots":{"index":"index","follow":"follow","max-snippet":"max-snippet:-1","max-image-preview":"max-image-preview:large","max-video-preview":"max-video-preview:-1"},"canonical":"https:\/\/la-toussuire.com\/nl\/uw-verblijf\/goede-deals\/","og_locale":"nl_NL","og_type":"article","og_title":"Goede deals - La Toussuire","og_description":"Goede plannen, kaart Pass Partout, promoties, speciale aanbiedingen, vaste tarieven, accommodaties, verhuur, materiaal, gite\u2026","og_url":"https:\/\/la-toussuire.com\/nl\/uw-verblijf\/goede-deals\/","og_site_name":"La Toussuire","article_modified_time":"2026-03-03T08:42:20+00:00","og_image":[{"width":2395,"height":982,"url":"https:\/\/la-toussuire.com\/wp-content\/uploads\/OTToussuire_Carte_Interactive_Presentation\u00a9AlbanPernet@La_Toussuire.jpg","type":"image\/jpeg"}],"twitter_card":"summary_large_image","twitter_misc":{"Geschatte leestijd":"2 minuten"},"schema":{"@context":"https:\/\/schema.org","@graph":[{"@type":"WebPage","@id":"https:\/\/la-toussuire.com\/nl\/uw-verblijf\/goede-deals\/","url":"https:\/\/la-toussuire.com\/nl\/uw-verblijf\/goede-deals\/","name":"Goede deals - La Toussuire","isPartOf":{"@id":"https:\/\/la-toussuire.com\/nl\/#website"},"primaryImageOfPage":{"@id":"https:\/\/la-toussuire.com\/nl\/uw-verblijf\/goede-deals\/#primaryimage"},"image":{"@id":"https:\/\/la-toussuire.com\/nl\/uw-verblijf\/goede-deals\/#primaryimage"},"thumbnailUrl":"https:\/\/la-toussuire.com\/wp-content\/uploads\/OTToussuire_Carte_Interactive_Presentation\u00a9AlbanPernet@La_Toussuire.jpg","datePublished":"2022-02-02T14:39:44+00:00","dateModified":"2026-03-03T08:42:20+00:00","description":"Goede plannen, kaart Pass Partout, promoties, speciale aanbiedingen, vaste tarieven, accommodaties, verhuur, materiaal, gite\u2026","breadcrumb":{"@id":"https:\/\/la-toussuire.com\/nl\/uw-verblijf\/goede-deals\/#breadcrumb"},"inLanguage":"nl-NL","potentialAction":[{"@type":"ReadAction","target":["https:\/\/la-toussuire.com\/nl\/uw-verblijf\/goede-deals\/"]}]},{"@type":"ImageObject","inLanguage":"nl-NL","@id":"https:\/\/la-toussuire.com\/nl\/uw-verblijf\/goede-deals\/#primaryimage","url":"https:\/\/la-toussuire.com\/wp-content\/uploads\/OTToussuire_Carte_Interactive_Presentation\u00a9AlbanPernet@La_Toussuire.jpg","contentUrl":"https:\/\/la-toussuire.com\/wp-content\/uploads\/OTToussuire_Carte_Interactive_Presentation\u00a9AlbanPernet@La_Toussuire.jpg","width":2395,"height":982,"caption":"OT La Toussuire - hiver 2021 - Ski, picnic, jeux famille"},{"@type":"BreadcrumbList","@id":"https:\/\/la-toussuire.com\/nl\/uw-verblijf\/goede-deals\/#breadcrumb","itemListElement":[{"@type":"ListItem","position":1,"name":"Accueil","item":"https:\/\/la-toussuire.com\/nl\/"},{"@type":"ListItem","position":2,"name":"Ik organiseer mijn verblijf","item":"https:\/\/la-toussuire.com\/nl\/uw-verblijf\/"},{"@type":"ListItem","position":3,"name":"Goede deals"}]},{"@type":"WebSite","@id":"https:\/\/la-toussuire.com\/nl\/#website","url":"https:\/\/la-toussuire.com\/nl\/","name":"La Toussuire","description":"","publisher":{"@id":"https:\/\/la-toussuire.com\/nl\/#organization"},"potentialAction":[{"@type":"SearchAction","target":{"@type":"EntryPoint","urlTemplate":"https:\/\/la-toussuire.com\/nl\/?s={search_term_string}"},"query-input":{"@type":"PropertyValueSpecification","valueRequired":true,"valueName":"search_term_string"}}],"inLanguage":"nl-NL"},{"@type":"Organization","@id":"https:\/\/la-toussuire.com\/nl\/#organization","name":"La Toussuire","url":"https:\/\/la-toussuire.com\/nl\/","logo":{"@type":"ImageObject","inLanguage":"nl-NL","@id":"https:\/\/la-toussuire.com\/nl\/#\/schema\/logo\/image\/","url":"https:\/\/la-toussuire.com\/wp-content\/uploads\/cropped-Nouveau-LA-TOUSSUIRE_Logo_Plan-de-travail-1-02.png","contentUrl":"https:\/\/la-toussuire.com\/wp-content\/uploads\/cropped-Nouveau-LA-TOUSSUIRE_Logo_Plan-de-travail-1-02.png","width":591,"height":591,"caption":"La Toussuire"},"image":{"@id":"https:\/\/la-toussuire.com\/nl\/#\/schema\/logo\/image\/"}}]}},"_links":{"self":[{"href":"https:\/\/la-toussuire.com\/nl\/wp-json\/wp\/v2\/pages\/6110","targetHints":{"allow":["GET"]}}],"collection":[{"href":"https:\/\/la-toussuire.com\/nl\/wp-json\/wp\/v2\/pages"}],"about":[{"href":"https:\/\/la-toussuire.com\/nl\/wp-json\/wp\/v2\/types\/page"}],"author":[{"embeddable":true,"href":"https:\/\/la-toussuire.com\/nl\/wp-json\/wp\/v2\/users\/1"}],"replies":[{"embeddable":true,"href":"https:\/\/la-toussuire.com\/nl\/wp-json\/wp\/v2\/comments?post=6110"}],"version-history":[{"count":5,"href":"https:\/\/la-toussuire.com\/nl\/wp-json\/wp\/v2\/pages\/6110\/revisions"}],"predecessor-version":[{"id":45219,"href":"https:\/\/la-toussuire.com\/nl\/wp-json\/wp\/v2\/pages\/6110\/revisions\/45219"}],"up":[{"embeddable":true,"href":"https:\/\/la-toussuire.com\/nl\/wp-json\/wp\/v2\/pages\/5860"}],"wp:featuredmedia":[{"embeddable":true,"href":"https:\/\/la-toussuire.com\/nl\/wp-json\/wp\/v2\/media\/8650"}],"wp:attachment":[{"href":"https:\/\/la-toussuire.com\/nl\/wp-json\/wp\/v2\/media?parent=6110"}],"curies":[{"name":"wp","href":"https:\/\/api.w.org\/{rel}","templated":true}]}}