{"id":5868,"date":"2022-02-02T07:46:24","date_gmt":"2022-02-02T06:46:24","guid":{"rendered":"https:\/\/la-toussuire.com\/wat-te-doen-in-de-zomer\/"},"modified":"2026-04-11T17:55:56","modified_gmt":"2026-04-11T15:55:56","slug":"wat-te-doen-in-de-zomer","status":"publish","type":"page","link":"https:\/\/la-toussuire.com\/nl\/wat-te-doen-in-de-zomer\/","title":{"rendered":"Ik heb plezier"},"content":{"rendered":"<div class=\"block block-core-heading\">\n<h2 class=\"wp-block-heading has-text-align-center has-luminous-vivid-amber-color has-text-color has-link-color wp-elements-0f6f9106b4274923aac562f218bd1dcb\" id=\"a-la-toussuire-on-peut-pratiquer-toutes-sortes-d-activites-la-montagne-est-douce-et-abordable-par-tous\">In La Toussuire kan men tal van activiteiten uitvoeren : de berg is zacht en voor iedereen toegankelijk !<\/h2>\n<\/div><div class=\"block block-core-paragraph\">\n<p class=\"has-text-align-center\">Vakanties in de bergen zijn gevuld met <strong>externe activiteiten<\/strong> om te genieten van de <strong>ruimte<\/strong>, de <strong>zon<\/strong> en de <strong>zuivere lucht<\/strong>. <strong>Vertrek<\/strong> richting de toppen, <strong>verken<\/strong> de berg, <strong>suis snel omlaag van<\/strong> de pistes, <strong>vind de smaak<\/strong> terug van inspanning&#8230;<\/p>\n<\/div><div class=\"block block-core-paragraph\">\n<p class=\"has-text-align-center\">Neem, terug in de wintersportplaats, als beloning deel aan de <strong>animaties.<\/strong> Vind het plezier terug van samen te zijn, van een goed moment te delen.<em> Een leven vol met souvenirs om mee te delen !<\/em><\/p>\n<\/div><div class=\"block block-core-media-text align-wrap align-wrap-wide\">\n<div class=\"wp-block-media-text alignwide has-media-on-the-right is-stacked-on-mobile is-image-fill-element\"><div class=\"wp-block-media-text__content\"><div class=\"block block-core-heading\">\n<h2 class=\"wp-block-heading has-text-align-center\" id=\"activites-d-ete\">Zomeractiviteiten<\/h2>\n<\/div>\n\n<div class=\"block block-core-paragraph\">\n<p class=\"has-text-align-center\">De zomer is het seizoen van de <strong>ervaringen.<\/strong> Het is mooi weer, je voelt je vrij, het is tijd om van alles te proberen. <em>Voor de lol, een uitdaging of uit nieuwsgierigheid<\/em>, probeer onze activiteiten, verleg je grenzen, ga uit je comfortzone. Je zult er geen spijt van krijgen, en als je thuiskomt kun je je vrienden alles <strong>vertellen<\/strong> over je heldendaden!<\/p>\n<\/div>\n\n<div class=\"block block-core-buttons\">\n<div class=\"wp-block-buttons is-content-justification-center is-layout-flex wp-container-core-buttons-is-layout-16018d1d wp-block-buttons-is-layout-flex\"><div class=\"block block-core-button\">\n<div class=\"wp-block-button\"><a class=\"wp-block-button__link wp-element-button\" href=\"https:\/\/la-toussuire.com\/que-faire-a-la-toussuire\/les-activites-en-ete\/\">We zijn vertrokken !<\/a><\/div>\n<\/div><\/div>\n<\/div><\/div><figure class=\"wp-block-media-text__media\"><img loading=\"lazy\" decoding=\"async\" width=\"1024\" height=\"683\" src=\"https:\/\/la-toussuire.com\/wp-content\/uploads\/\/APernet-OTToussuire-web-080823-99-1024x683.jpg\" alt=\"Photo prise de jour en format paysage. Nous pouvons voir un p\u00e8re de famille avec ses deux filles assis autour d'un chien de tra\u00eeneau en train de le caresser.\" class=\"wp-image-30339 size-full\" style=\"object-position:37% 46%\" srcset=\"https:\/\/la-toussuire.com\/wp-content\/uploads\/APernet-OTToussuire-web-080823-99-1024x683.jpg 1024w, https:\/\/la-toussuire.com\/wp-content\/uploads\/APernet-OTToussuire-web-080823-99-300x200.jpg 300w, https:\/\/la-toussuire.com\/wp-content\/uploads\/APernet-OTToussuire-web-080823-99-150x100.jpg 150w, https:\/\/la-toussuire.com\/wp-content\/uploads\/APernet-OTToussuire-web-080823-99-768x512.jpg 768w, https:\/\/la-toussuire.com\/wp-content\/uploads\/APernet-OTToussuire-web-080823-99.jpg 1080w\" sizes=\"auto, (max-width: 1024px) 100vw, 1024px\" \/><\/figure><\/div>\n<\/div><div class=\"block block-core-media-text\">\n<div class=\"wp-block-media-text is-stacked-on-mobile is-image-fill-element\"><figure class=\"wp-block-media-text__media\"><img loading=\"lazy\" decoding=\"async\" width=\"683\" height=\"1024\" src=\"https:\/\/la-toussuire.com\/wp-content\/uploads\/\/APernet-OTToussuire-web-210223-205-1-683x1024.jpg\" alt=\"Foto genomen in de winter in staand formaat. We zien een familie eten in een restaurant. \" class=\"wp-image-41260 size-full\" style=\"object-position:53% 42%\" srcset=\"https:\/\/la-toussuire.com\/wp-content\/uploads\/APernet-OTToussuire-web-210223-205-1-683x1024.jpg 683w, https:\/\/la-toussuire.com\/wp-content\/uploads\/APernet-OTToussuire-web-210223-205-1-200x300.jpg 200w, https:\/\/la-toussuire.com\/wp-content\/uploads\/APernet-OTToussuire-web-210223-205-1-100x150.jpg 100w, https:\/\/la-toussuire.com\/wp-content\/uploads\/APernet-OTToussuire-web-210223-205-1.jpg 720w\" sizes=\"auto, (max-width: 683px) 100vw, 683px\" \/><\/figure><div class=\"wp-block-media-text__content\"><div class=\"block block-core-heading\">\n<h2 class=\"wp-block-heading has-text-align-center\">Restaurants en bars<\/h2>\n<\/div>\n\n<div class=\"block block-core-paragraph\">\n<p class=\"has-text-align-center\">Qui dit vacances, dit petit plaisir au restaurant.  Of je nu wilt eten of gewoon je dorst wilt lessen, je vindt hier zeker wat je zoekt!<\/p>\n<\/div>\n\n<div class=\"block block-core-buttons\">\n<div class=\"wp-block-buttons is-content-justification-center is-layout-flex wp-container-core-buttons-is-layout-16018d1d wp-block-buttons-is-layout-flex\"><div class=\"block block-core-button\">\n<div class=\"wp-block-button\"><a class=\"wp-block-button__link wp-element-button\" href=\"https:\/\/la-toussuire.com\/nl\/wat-te-doen-in-de-zomer\/restaurants-en-bars\/\">Zoek je restaurants\/bars<\/a><\/div>\n<\/div><\/div>\n<\/div><\/div><\/div>\n<\/div><div class=\"block block-core-media-text align-wrap align-wrap-wide\">\n<div class=\"wp-block-media-text alignwide has-media-on-the-right is-stacked-on-mobile is-image-fill-element\"><div class=\"wp-block-media-text__content\"><div class=\"block block-core-heading\">\n<h2 class=\"wp-block-heading has-text-align-center\" id=\"bien-etre\">Welzijn<\/h2>\n<\/div>\n\n<div class=\"block block-core-paragraph\">\n<p class=\"has-text-align-center\"><strong>Zich neerzetten<\/strong> en <strong>kijken<\/strong> naar de opkomende zon. <strong>Zich<\/strong> in het gras uitstrekken en <strong>luisteren<\/strong> naar het geloei van de koeien of <strong>kijken<\/strong> naar het ontsnappen van de wolken in de hemel. <em>Ziedaar een mooi vakantieprogramma !<\/em> Om u te helpen bij het ontspannen, stellen we u eerst een heilzaam loslaten voor in \u00e9\u00e9n van onze talrijke ontspanningsruimten. Trakteer uzelf op deze fantastische <strong>massage<\/strong> waarvan u reeds het ganse jaar gedroomd hebt, duik in het <strong>zwembad<\/strong>, dompel u onder in een <strong>jacuzzi<\/strong> of een <strong>sauna<\/strong>. <em>Het is nu of nooit !<\/em><\/p>\n<\/div>\n\n<div class=\"block block-core-buttons\">\n<div class=\"wp-block-buttons is-content-justification-center is-layout-flex wp-container-core-buttons-is-layout-16018d1d wp-block-buttons-is-layout-flex\"><div class=\"block block-core-button\">\n<div class=\"wp-block-button\"><a class=\"wp-block-button__link wp-element-button\" href=\"https:\/\/la-toussuire.com\/nl\/wat-te-doen-in-de-zomer\/welzijn\/\">Ontspan u<\/a><\/div>\n<\/div><\/div>\n<\/div><\/div><figure class=\"wp-block-media-text__media\"><img loading=\"lazy\" decoding=\"async\" width=\"1024\" height=\"684\" src=\"https:\/\/la-toussuire.com\/wp-content\/uploads\/\/APernet-OTToussuire-web-090823-235-1024x684.jpg\" alt=\"\" class=\"wp-image-30417 size-full\" style=\"object-position:67% 55%\" srcset=\"https:\/\/la-toussuire.com\/wp-content\/uploads\/APernet-OTToussuire-web-090823-235-1024x684.jpg 1024w, https:\/\/la-toussuire.com\/wp-content\/uploads\/APernet-OTToussuire-web-090823-235-300x200.jpg 300w, https:\/\/la-toussuire.com\/wp-content\/uploads\/APernet-OTToussuire-web-090823-235-150x100.jpg 150w, https:\/\/la-toussuire.com\/wp-content\/uploads\/APernet-OTToussuire-web-090823-235-768x513.jpg 768w, https:\/\/la-toussuire.com\/wp-content\/uploads\/APernet-OTToussuire-web-090823-235.jpg 1080w\" sizes=\"auto, (max-width: 1024px) 100vw, 1024px\" \/><\/figure><\/div>\n<\/div><div class=\"block block-core-media-text align-wrap align-wrap-wide\">\n<div class=\"wp-block-media-text alignwide is-stacked-on-mobile is-image-fill-element\"><figure class=\"wp-block-media-text__media\"><img loading=\"lazy\" decoding=\"async\" width=\"683\" height=\"1024\" src=\"https:\/\/la-toussuire.com\/wp-content\/uploads\/\/APernet-OTToussuire-web-210223-126-683x1024.jpg\" alt=\"Photo prise au cr\u00e9puscule en format portrait. La photo a \u00e9t\u00e9 prise pendant l'hiver. Nous pouvons voir une famille en train de faire une descente de luge. Chaque parent est avec un enfant sur la luge.\" class=\"wp-image-33438 size-full\" style=\"object-position:50% 50%\" srcset=\"https:\/\/la-toussuire.com\/wp-content\/uploads\/APernet-OTToussuire-web-210223-126-683x1024.jpg 683w, https:\/\/la-toussuire.com\/wp-content\/uploads\/APernet-OTToussuire-web-210223-126-200x300.jpg 200w, https:\/\/la-toussuire.com\/wp-content\/uploads\/APernet-OTToussuire-web-210223-126-100x150.jpg 100w, https:\/\/la-toussuire.com\/wp-content\/uploads\/APernet-OTToussuire-web-210223-126.jpg 720w\" sizes=\"auto, (max-width: 683px) 100vw, 683px\" \/><\/figure><div class=\"wp-block-media-text__content\"><div class=\"block block-core-heading\">\n<h2 class=\"wp-block-heading has-text-align-center\">Winteractiviteiten <\/h2>\n<\/div>\n\n<div class=\"block block-core-paragraph\">\n<p class=\"has-text-align-center\">In de winter is er steeds heel veel te doen ! Van <strong>ski\u00ebn<\/strong> in all genres, <strong>sneeuwschoenen<\/strong>, <strong>slee\u00ebn<\/strong> en zoveel andere <strong>activiteiten<\/strong> worden u voorgesteld ! <em>Doe uzelf een plezier: immers vakantie is daarvoor gemaakt !<\/em> <\/p>\n<\/div>\n\n<div class=\"block block-core-buttons\">\n<div class=\"wp-block-buttons is-content-justification-center is-layout-flex wp-container-core-buttons-is-layout-16018d1d wp-block-buttons-is-layout-flex\"><div class=\"block block-core-button\">\n<div class=\"wp-block-button\"><a class=\"wp-block-button__link wp-element-button\" href=\"https:\/\/la-toussuire.com\/nl\/wat-te-doen-in-de-zomer\/winter-activiteiten\/\">Gaan we ?<\/a><\/div>\n<\/div><\/div>\n<\/div><\/div><\/div>\n<\/div><div class=\"block block-core-media-text align-wrap align-wrap-wide\">\n<div class=\"wp-block-media-text alignwide has-media-on-the-right is-stacked-on-mobile is-vertically-aligned-bottom is-image-fill-element\"><div class=\"wp-block-media-text__content\"><div class=\"block block-core-heading\">\n<h2 class=\"wp-block-heading has-text-align-center\" id=\"espaces-de-loisirs\">Vrijetijdsruimten<\/h2>\n<\/div>\n\n<div class=\"block block-core-paragraph\">\n<p class=\"has-text-align-center\">Voor de kleintjes die we graag urenlang <strong>spelen<\/strong>, voor <strong>picknicks<\/strong> met het gezin, om <strong>massaal<\/strong> af te <strong>spreken<\/strong> en te <strong>kletsen<\/strong>, voor verslaafden aan verslindende passies, de recreatiegebieden verwelkomen je midden in de natuur en zijn het <strong>theater<\/strong> van uw speciale momenten.<\/p>\n<\/div>\n\n<div class=\"block block-core-buttons\">\n<div class=\"wp-block-buttons is-content-justification-center is-layout-flex wp-container-core-buttons-is-layout-16018d1d wp-block-buttons-is-layout-flex\"><div class=\"block block-core-button\">\n<div class=\"wp-block-button\"><a class=\"wp-block-button__link wp-element-button\" href=\"https:\/\/la-toussuire.com\/nl\/wat-te-doen-in-de-zomer\/vrije-tijd\/\">Ga naar de ruimte<\/a><\/div>\n<\/div><\/div>\n<\/div><\/div><figure class=\"wp-block-media-text__media\"><img loading=\"lazy\" decoding=\"async\" width=\"1024\" height=\"683\" src=\"https:\/\/la-toussuire.com\/wp-content\/uploads\/\/APernet-OTToussuire-web-090823-344-1024x683.jpg\" alt=\"\" class=\"wp-image-30448 size-full\" style=\"object-position:23% 46%\" srcset=\"https:\/\/la-toussuire.com\/wp-content\/uploads\/APernet-OTToussuire-web-090823-344-1024x683.jpg 1024w, https:\/\/la-toussuire.com\/wp-content\/uploads\/APernet-OTToussuire-web-090823-344-300x200.jpg 300w, https:\/\/la-toussuire.com\/wp-content\/uploads\/APernet-OTToussuire-web-090823-344-150x100.jpg 150w, https:\/\/la-toussuire.com\/wp-content\/uploads\/APernet-OTToussuire-web-090823-344-768x512.jpg 768w, https:\/\/la-toussuire.com\/wp-content\/uploads\/APernet-OTToussuire-web-090823-344.jpg 1080w\" sizes=\"auto, (max-width: 1024px) 100vw, 1024px\" \/><\/figure><\/div>\n<\/div><div class=\"block block-core-media-text align-wrap align-wrap-wide\">\n<div class=\"wp-block-media-text alignwide is-stacked-on-mobile is-image-fill-element\"><figure class=\"wp-block-media-text__media\"><img loading=\"lazy\" decoding=\"async\" width=\"960\" height=\"640\" src=\"https:\/\/la-toussuire.com\/wp-content\/uploads\/OTToussuire_Visite_Degustation_Sybelles_Presentation\u00a9CooperativeLaChambre@La_Toussuire.jpg\" alt=\"La photo repr\u00e9sente la fabrication d'un fromage. Nous pouvons voir un personnel de la coop\u00e9rative en train de remuer la cuve\" class=\"wp-image-7630 size-full\" style=\"object-position:40% 52%\" srcset=\"https:\/\/la-toussuire.com\/wp-content\/uploads\/OTToussuire_Visite_Degustation_Sybelles_Presentation\u00a9CooperativeLaChambre@La_Toussuire.jpg 960w, https:\/\/la-toussuire.com\/wp-content\/uploads\/OTToussuire_Visite_Degustation_Sybelles_Presentation\u00a9CooperativeLaChambre@La_Toussuire-300x200.jpg 300w, https:\/\/la-toussuire.com\/wp-content\/uploads\/OTToussuire_Visite_Degustation_Sybelles_Presentation\u00a9CooperativeLaChambre@La_Toussuire-150x100.jpg 150w, https:\/\/la-toussuire.com\/wp-content\/uploads\/OTToussuire_Visite_Degustation_Sybelles_Presentation\u00a9CooperativeLaChambre@La_Toussuire-768x512.jpg 768w\" sizes=\"auto, (max-width: 960px) 100vw, 960px\" \/><\/figure><div class=\"wp-block-media-text__content\"><div class=\"block block-core-heading\">\n<h2 class=\"wp-block-heading has-text-align-center\" id=\"aux-alentours\">In de omgeving<\/h2>\n<\/div>\n\n<div class=\"block block-core-paragraph\">\n<p class=\"has-text-align-center\">La Toussuire heeft zijn wortels in de <strong>vallei van Maurienne<\/strong>, rijk aan een historisch, industrieel en toeristisch belangrijk patrimonium. Tal van bezoeken, musea of excursies zijn mogelijk met start in onze wintersportplaats. <em>Wees nieuwsgierig, er staat zoveel te ontdekken !<\/em><\/p>\n<\/div>\n\n<div class=\"block block-core-buttons\">\n<div class=\"wp-block-buttons is-content-justification-center is-layout-flex wp-container-core-buttons-is-layout-16018d1d wp-block-buttons-is-layout-flex\"><div class=\"block block-core-button\">\n<div class=\"wp-block-button\"><a class=\"wp-block-button__link wp-element-button\" href=\"https:\/\/la-toussuire.com\/nl\/wat-te-doen-in-de-zomer\/in-de-omgeving\/\">Gaan we ?<\/a><\/div>\n<\/div><\/div>\n<\/div><\/div><\/div>\n<\/div>","protected":false},"excerpt":{"rendered":"<p>In La Toussuire kan men tal van activiteiten uitvoeren : de berg is zacht en voor iedereen toegankelijk ! Vakanties in de bergen zijn gevuld met externe activiteiten om te genieten van de ruimte, de zon en de zuivere lucht. Vertrek richting de toppen, verken de berg, suis snel omlaag van de pistes, vind de [&hellip;]<\/p>\n","protected":false},"author":3,"featured_media":45752,"parent":0,"menu_order":1,"comment_status":"closed","ping_status":"closed","template":"page-template.php","meta":{"_acf_changed":false,"footnotes":""},"class_list":["post-5868","page","type-page","status-publish","has-post-thumbnail","hentry"],"acf":[],"yoast_head":"<!-- This site is optimized with the Yoast SEO plugin v27.1.1 - https:\/\/yoast.com\/product\/yoast-seo-wordpress\/ -->\n<title>Ik heb plezier - La Toussuire<\/title>\n<meta name=\"description\" content=\"Kom deze zomer allerhande activiteiten uitoefenen in la Toussuire ! Sport, ontspanning, cultuur... U heeft de keuze !\" \/>\n<meta name=\"robots\" content=\"index, follow, max-snippet:-1, max-image-preview:large, max-video-preview:-1\" \/>\n<link rel=\"canonical\" href=\"https:\/\/la-toussuire.com\/nl\/wat-te-doen-in-de-zomer\/\" \/>\n<meta property=\"og:locale\" content=\"nl_NL\" \/>\n<meta property=\"og:type\" content=\"article\" \/>\n<meta property=\"og:title\" content=\"Ik heb plezier - La Toussuire\" \/>\n<meta property=\"og:description\" content=\"Kom deze zomer allerhande activiteiten uitoefenen in la Toussuire ! Sport, ontspanning, cultuur... U heeft de keuze !\" \/>\n<meta property=\"og:url\" content=\"https:\/\/la-toussuire.com\/nl\/wat-te-doen-in-de-zomer\/\" \/>\n<meta property=\"og:site_name\" content=\"La Toussuire\" \/>\n<meta property=\"article:modified_time\" content=\"2026-04-11T15:55:56+00:00\" \/>\n<meta property=\"og:image\" content=\"https:\/\/la-toussuire.com\/wp-content\/uploads\/RallyeGourmand2025-PNYPhotographie-76.jpg\" \/>\n\t<meta property=\"og:image:width\" content=\"2048\" \/>\n\t<meta property=\"og:image:height\" content=\"1365\" \/>\n\t<meta property=\"og:image:type\" content=\"image\/jpeg\" \/>\n<meta name=\"twitter:card\" content=\"summary_large_image\" \/>\n<meta name=\"twitter:label1\" content=\"Geschatte leestijd\" \/>\n\t<meta name=\"twitter:data1\" content=\"4 minuten\" \/>\n<script type=\"application\/ld+json\" class=\"yoast-schema-graph\">{\"@context\":\"https:\/\/schema.org\",\"@graph\":[{\"@type\":\"WebPage\",\"@id\":\"https:\/\/la-toussuire.com\/nl\/wat-te-doen-in-de-zomer\/\",\"url\":\"https:\/\/la-toussuire.com\/nl\/wat-te-doen-in-de-zomer\/\",\"name\":\"Ik heb plezier - La Toussuire\",\"isPartOf\":{\"@id\":\"https:\/\/la-toussuire.com\/nl\/#website\"},\"primaryImageOfPage\":{\"@id\":\"https:\/\/la-toussuire.com\/nl\/wat-te-doen-in-de-zomer\/#primaryimage\"},\"image\":{\"@id\":\"https:\/\/la-toussuire.com\/nl\/wat-te-doen-in-de-zomer\/#primaryimage\"},\"thumbnailUrl\":\"https:\/\/la-toussuire.com\/wp-content\/uploads\/RallyeGourmand2025-PNYPhotographie-76.jpg\",\"datePublished\":\"2022-02-02T06:46:24+00:00\",\"dateModified\":\"2026-04-11T15:55:56+00:00\",\"description\":\"Kom deze zomer allerhande activiteiten uitoefenen in la Toussuire ! Sport, ontspanning, cultuur... U heeft de keuze !\",\"breadcrumb\":{\"@id\":\"https:\/\/la-toussuire.com\/nl\/wat-te-doen-in-de-zomer\/#breadcrumb\"},\"inLanguage\":\"nl-NL\",\"potentialAction\":[{\"@type\":\"ReadAction\",\"target\":[\"https:\/\/la-toussuire.com\/nl\/wat-te-doen-in-de-zomer\/\"]}]},{\"@type\":\"ImageObject\",\"inLanguage\":\"nl-NL\",\"@id\":\"https:\/\/la-toussuire.com\/nl\/wat-te-doen-in-de-zomer\/#primaryimage\",\"url\":\"https:\/\/la-toussuire.com\/wp-content\/uploads\/RallyeGourmand2025-PNYPhotographie-76.jpg\",\"contentUrl\":\"https:\/\/la-toussuire.com\/wp-content\/uploads\/RallyeGourmand2025-PNYPhotographie-76.jpg\",\"width\":2048,\"height\":1365,\"caption\":\"Groupe d'amis qui marchent ensemble pendant le rallye gourmand.\"},{\"@type\":\"BreadcrumbList\",\"@id\":\"https:\/\/la-toussuire.com\/nl\/wat-te-doen-in-de-zomer\/#breadcrumb\",\"itemListElement\":[{\"@type\":\"ListItem\",\"position\":1,\"name\":\"Accueil\",\"item\":\"https:\/\/la-toussuire.com\/nl\/\"},{\"@type\":\"ListItem\",\"position\":2,\"name\":\"Ik heb plezier\"}]},{\"@type\":\"WebSite\",\"@id\":\"https:\/\/la-toussuire.com\/nl\/#website\",\"url\":\"https:\/\/la-toussuire.com\/nl\/\",\"name\":\"La Toussuire\",\"description\":\"\",\"publisher\":{\"@id\":\"https:\/\/la-toussuire.com\/nl\/#organization\"},\"potentialAction\":[{\"@type\":\"SearchAction\",\"target\":{\"@type\":\"EntryPoint\",\"urlTemplate\":\"https:\/\/la-toussuire.com\/nl\/?s={search_term_string}\"},\"query-input\":{\"@type\":\"PropertyValueSpecification\",\"valueRequired\":true,\"valueName\":\"search_term_string\"}}],\"inLanguage\":\"nl-NL\"},{\"@type\":\"Organization\",\"@id\":\"https:\/\/la-toussuire.com\/nl\/#organization\",\"name\":\"La Toussuire\",\"url\":\"https:\/\/la-toussuire.com\/nl\/\",\"logo\":{\"@type\":\"ImageObject\",\"inLanguage\":\"nl-NL\",\"@id\":\"https:\/\/la-toussuire.com\/nl\/#\/schema\/logo\/image\/\",\"url\":\"https:\/\/la-toussuire.com\/wp-content\/uploads\/cropped-Nouveau-LA-TOUSSUIRE_Logo_Plan-de-travail-1-02.png\",\"contentUrl\":\"https:\/\/la-toussuire.com\/wp-content\/uploads\/cropped-Nouveau-LA-TOUSSUIRE_Logo_Plan-de-travail-1-02.png\",\"width\":591,\"height\":591,\"caption\":\"La Toussuire\"},\"image\":{\"@id\":\"https:\/\/la-toussuire.com\/nl\/#\/schema\/logo\/image\/\"}}]}<\/script>\n<!-- \/ Yoast SEO plugin. -->","yoast_head_json":{"title":"Ik heb plezier - La Toussuire","description":"Kom deze zomer allerhande activiteiten uitoefenen in la Toussuire ! Sport, ontspanning, cultuur... U heeft de keuze !","robots":{"index":"index","follow":"follow","max-snippet":"max-snippet:-1","max-image-preview":"max-image-preview:large","max-video-preview":"max-video-preview:-1"},"canonical":"https:\/\/la-toussuire.com\/nl\/wat-te-doen-in-de-zomer\/","og_locale":"nl_NL","og_type":"article","og_title":"Ik heb plezier - La Toussuire","og_description":"Kom deze zomer allerhande activiteiten uitoefenen in la Toussuire ! Sport, ontspanning, cultuur... U heeft de keuze !","og_url":"https:\/\/la-toussuire.com\/nl\/wat-te-doen-in-de-zomer\/","og_site_name":"La Toussuire","article_modified_time":"2026-04-11T15:55:56+00:00","og_image":[{"width":2048,"height":1365,"url":"https:\/\/la-toussuire.com\/wp-content\/uploads\/RallyeGourmand2025-PNYPhotographie-76.jpg","type":"image\/jpeg"}],"twitter_card":"summary_large_image","twitter_misc":{"Geschatte leestijd":"4 minuten"},"schema":{"@context":"https:\/\/schema.org","@graph":[{"@type":"WebPage","@id":"https:\/\/la-toussuire.com\/nl\/wat-te-doen-in-de-zomer\/","url":"https:\/\/la-toussuire.com\/nl\/wat-te-doen-in-de-zomer\/","name":"Ik heb plezier - La Toussuire","isPartOf":{"@id":"https:\/\/la-toussuire.com\/nl\/#website"},"primaryImageOfPage":{"@id":"https:\/\/la-toussuire.com\/nl\/wat-te-doen-in-de-zomer\/#primaryimage"},"image":{"@id":"https:\/\/la-toussuire.com\/nl\/wat-te-doen-in-de-zomer\/#primaryimage"},"thumbnailUrl":"https:\/\/la-toussuire.com\/wp-content\/uploads\/RallyeGourmand2025-PNYPhotographie-76.jpg","datePublished":"2022-02-02T06:46:24+00:00","dateModified":"2026-04-11T15:55:56+00:00","description":"Kom deze zomer allerhande activiteiten uitoefenen in la Toussuire ! Sport, ontspanning, cultuur... U heeft de keuze !","breadcrumb":{"@id":"https:\/\/la-toussuire.com\/nl\/wat-te-doen-in-de-zomer\/#breadcrumb"},"inLanguage":"nl-NL","potentialAction":[{"@type":"ReadAction","target":["https:\/\/la-toussuire.com\/nl\/wat-te-doen-in-de-zomer\/"]}]},{"@type":"ImageObject","inLanguage":"nl-NL","@id":"https:\/\/la-toussuire.com\/nl\/wat-te-doen-in-de-zomer\/#primaryimage","url":"https:\/\/la-toussuire.com\/wp-content\/uploads\/RallyeGourmand2025-PNYPhotographie-76.jpg","contentUrl":"https:\/\/la-toussuire.com\/wp-content\/uploads\/RallyeGourmand2025-PNYPhotographie-76.jpg","width":2048,"height":1365,"caption":"Groupe d'amis qui marchent ensemble pendant le rallye gourmand."},{"@type":"BreadcrumbList","@id":"https:\/\/la-toussuire.com\/nl\/wat-te-doen-in-de-zomer\/#breadcrumb","itemListElement":[{"@type":"ListItem","position":1,"name":"Accueil","item":"https:\/\/la-toussuire.com\/nl\/"},{"@type":"ListItem","position":2,"name":"Ik heb plezier"}]},{"@type":"WebSite","@id":"https:\/\/la-toussuire.com\/nl\/#website","url":"https:\/\/la-toussuire.com\/nl\/","name":"La Toussuire","description":"","publisher":{"@id":"https:\/\/la-toussuire.com\/nl\/#organization"},"potentialAction":[{"@type":"SearchAction","target":{"@type":"EntryPoint","urlTemplate":"https:\/\/la-toussuire.com\/nl\/?s={search_term_string}"},"query-input":{"@type":"PropertyValueSpecification","valueRequired":true,"valueName":"search_term_string"}}],"inLanguage":"nl-NL"},{"@type":"Organization","@id":"https:\/\/la-toussuire.com\/nl\/#organization","name":"La Toussuire","url":"https:\/\/la-toussuire.com\/nl\/","logo":{"@type":"ImageObject","inLanguage":"nl-NL","@id":"https:\/\/la-toussuire.com\/nl\/#\/schema\/logo\/image\/","url":"https:\/\/la-toussuire.com\/wp-content\/uploads\/cropped-Nouveau-LA-TOUSSUIRE_Logo_Plan-de-travail-1-02.png","contentUrl":"https:\/\/la-toussuire.com\/wp-content\/uploads\/cropped-Nouveau-LA-TOUSSUIRE_Logo_Plan-de-travail-1-02.png","width":591,"height":591,"caption":"La Toussuire"},"image":{"@id":"https:\/\/la-toussuire.com\/nl\/#\/schema\/logo\/image\/"}}]}},"_links":{"self":[{"href":"https:\/\/la-toussuire.com\/nl\/wp-json\/wp\/v2\/pages\/5868","targetHints":{"allow":["GET"]}}],"collection":[{"href":"https:\/\/la-toussuire.com\/nl\/wp-json\/wp\/v2\/pages"}],"about":[{"href":"https:\/\/la-toussuire.com\/nl\/wp-json\/wp\/v2\/types\/page"}],"author":[{"embeddable":true,"href":"https:\/\/la-toussuire.com\/nl\/wp-json\/wp\/v2\/users\/3"}],"replies":[{"embeddable":true,"href":"https:\/\/la-toussuire.com\/nl\/wp-json\/wp\/v2\/comments?post=5868"}],"version-history":[{"count":10,"href":"https:\/\/la-toussuire.com\/nl\/wp-json\/wp\/v2\/pages\/5868\/revisions"}],"predecessor-version":[{"id":46147,"href":"https:\/\/la-toussuire.com\/nl\/wp-json\/wp\/v2\/pages\/5868\/revisions\/46147"}],"wp:featuredmedia":[{"embeddable":true,"href":"https:\/\/la-toussuire.com\/nl\/wp-json\/wp\/v2\/media\/45752"}],"wp:attachment":[{"href":"https:\/\/la-toussuire.com\/nl\/wp-json\/wp\/v2\/media?parent=5868"}],"curies":[{"name":"wp","href":"https:\/\/api.w.org\/{rel}","templated":true}]}}