{"id":5864,"date":"2022-02-02T07:25:43","date_gmt":"2022-02-02T06:25:43","guid":{"rendered":"https:\/\/la-toussuire.com\/skien-en-glijden\/"},"modified":"2025-09-05T15:16:40","modified_gmt":"2025-09-05T13:16:40","slug":"skien-en-glijden","status":"publish","type":"page","link":"https:\/\/la-toussuire.com\/nl\/skien-en-glijden\/","title":{"rendered":"Ski\u00ebn en glijden"},"content":{"rendered":"<div class=\"block block-core-heading\">\n<h1 class=\"wp-block-heading has-text-align-center has-text-color has-link-color wp-elements-7e59b225673c633f0aeeb37ecb3f50ff\" style=\"color:#faba18;font-size:30px\"><strong>Openingsdatum station: 13 december 2025 tot 10 april 2026<\/strong><\/h1>\n<\/div><div class=\"block block-core-heading\">\n<h2 class=\"wp-block-heading has-text-align-center\">Een skigebied, een skigebied en alle sneeuwactiviteiten die daarbij horen&#8230;<\/h2>\n<\/div><div class=\"block block-core-paragraph\">\n<p class=\"has-text-align-center\"><strong>Ski\u00ebn, glijden, wandelen, slee\u00ebn<\/strong>, en waarom niet <strong>springen, vliegen, rollen, dansen<\/strong>&#8230; Voor al deze activiteiten kom je graag naar La Toussuire. Omdat er voor elk wat wils is, kun je er ook bewonderen,<strong> raven, handelen, bubbelen, winkelen, slapen, bezoeken, relaxen, zwemmen&#8230;<\/strong><br\/>Al deze actie voor \u00e9\u00e9n week vakantie is <em>misschien wat kort, vind je niet?<\/em><\/p>\n<\/div><div class=\"block block-core-media-text align-wrap align-wrap-wide\">\n<div class=\"wp-block-media-text alignwide is-stacked-on-mobile is-image-fill-element\"><figure class=\"wp-block-media-text__media\"><img loading=\"lazy\" decoding=\"async\" width=\"1024\" height=\"771\" src=\"https:\/\/la-toussuire.com\/wp-content\/uploads\/\/OTToussuire_Jorganise_Presentation\u00a9Yves-Thollon-1024x771.jpg\" alt=\"Photo prise lors d'un lev\u00e9 de soleil. Il s'agit d'une vue en drone en contre plongeur la station en pleine hiver avec un grand ciel bleu et le domaine skiable\" class=\"wp-image-27605 size-full\" style=\"object-position:50% 50%\" srcset=\"https:\/\/la-toussuire.com\/wp-content\/uploads\/OTToussuire_Jorganise_Presentation\u00a9Yves-Thollon-1024x771.jpg 1024w, https:\/\/la-toussuire.com\/wp-content\/uploads\/OTToussuire_Jorganise_Presentation\u00a9Yves-Thollon-300x226.jpg 300w, https:\/\/la-toussuire.com\/wp-content\/uploads\/OTToussuire_Jorganise_Presentation\u00a9Yves-Thollon-150x113.jpg 150w, https:\/\/la-toussuire.com\/wp-content\/uploads\/OTToussuire_Jorganise_Presentation\u00a9Yves-Thollon-768x578.jpg 768w, https:\/\/la-toussuire.com\/wp-content\/uploads\/OTToussuire_Jorganise_Presentation\u00a9Yves-Thollon-1536x1156.jpg 1536w, https:\/\/la-toussuire.com\/wp-content\/uploads\/OTToussuire_Jorganise_Presentation\u00a9Yves-Thollon-2048x1541.jpg 2048w\" sizes=\"auto, (max-width: 1024px) 100vw, 1024px\" \/><\/figure><div class=\"wp-block-media-text__content\"><div class=\"block block-core-heading\">\n<h2 class=\"wp-block-heading has-text-align-center\">De Sybelles, het skigebied op de #positievehoogte<\/h2>\n<\/div>\n\n<div class=\"block block-core-paragraph\">\n<p class=\"has-text-align-center\">De Sybelles, <strong>4de<\/strong> skigebied van Frankrijk, <strong>393 ha<\/strong> sneeuw van <strong>1100 tot 2620 m<\/strong> hoogte. <strong>6<\/strong> wintersportdorpen, <strong>21<\/strong> speelruimtes, <strong>136<\/strong> pistes waarvan <strong>58<\/strong> blauwe pistes om zelfs <strong>beginnelingen<\/strong> tevreden te stellen.<\/p>\n<\/div>\n\n<div class=\"block block-core-paragraph\">\n<p class=\"has-text-align-center\"><em>Op de achtergrond zien we het resort La Toussuire en de besneeuwde bergen<\/em>&#8230;.<\/p>\n<\/div>\n\n<div class=\"block block-core-buttons\">\n<div class=\"wp-block-buttons is-content-justification-center is-layout-flex wp-container-core-buttons-is-layout-16018d1d wp-block-buttons-is-layout-flex\"><div class=\"block block-core-button\">\n<div class=\"wp-block-button\"><a class=\"wp-block-button__link has-white-color has-text-color has-link-color wp-element-button\" href=\"https:\/\/la-toussuire.com\/nl\/skien-en-glijden\/skigebied-van-sybelles\/\">Ontdek Les Sybelles<\/a><\/div>\n<\/div><\/div>\n<\/div><\/div><\/div>\n<\/div><div class=\"block block-core-media-text align-wrap align-wrap-wide\">\n<div class=\"wp-block-media-text alignwide has-media-on-the-right is-stacked-on-mobile is-image-fill-element\"><div class=\"wp-block-media-text__content\"><div class=\"block block-core-heading\">\n<h2 class=\"wp-block-heading has-text-align-center\">Onze skipas<\/h2>\n<\/div>\n\n<div class=\"block block-core-paragraph\">\n<p class=\"has-text-align-center\">Omdat we weten dat je je vakantie graag goed <strong>georganiseerd<\/strong> hebt, hebben we alles <strong>voorbereid zodat<\/strong> je met een gerust hart kunt vertrekken. <strong>Gemakkelijk<\/strong>, <strong>snel<\/strong> en <strong>praktisch<\/strong>, boek je pakket online!<\/p>\n<\/div>\n\n<div class=\"block block-core-paragraph\">\n<p class=\"has-text-align-center\">Om van de pistes af te dalen, <strong>langs hier !<\/strong><\/p>\n<\/div>\n\n<div class=\"block block-core-buttons\">\n<div class=\"wp-block-buttons is-content-justification-center is-layout-flex wp-container-core-buttons-is-layout-16018d1d wp-block-buttons-is-layout-flex\"><div class=\"block block-core-button\">\n<div class=\"wp-block-button\"><a class=\"wp-block-button__link wp-element-button\" href=\"https:\/\/la-toussuire.com\/reservez-votre-forfait\/\">Ik rep me ernaartoe<\/a><\/div>\n<\/div><\/div>\n<\/div><\/div><figure class=\"wp-block-media-text__media\"><img loading=\"lazy\" decoding=\"async\" width=\"684\" height=\"1024\" src=\"https:\/\/la-toussuire.com\/wp-content\/uploads\/\/OTToussuire_Nos_Forfaits_Galerie\u00a9APernet-1-684x1024.jpg\" alt=\"Portretfoto gemaakt bij daglicht. We zien een moeder die de pistekaart en haar skipas vasthoudt en bekijkt.\" class=\"wp-image-27679 size-full\" style=\"object-position:48% 100%\" srcset=\"https:\/\/la-toussuire.com\/wp-content\/uploads\/OTToussuire_Nos_Forfaits_Galerie\u00a9APernet-1-684x1024.jpg 684w, https:\/\/la-toussuire.com\/wp-content\/uploads\/OTToussuire_Nos_Forfaits_Galerie\u00a9APernet-1-200x300.jpg 200w, https:\/\/la-toussuire.com\/wp-content\/uploads\/OTToussuire_Nos_Forfaits_Galerie\u00a9APernet-1-100x150.jpg 100w, https:\/\/la-toussuire.com\/wp-content\/uploads\/OTToussuire_Nos_Forfaits_Galerie\u00a9APernet-1.jpg 721w\" sizes=\"auto, (max-width: 684px) 100vw, 684px\" \/><\/figure><\/div>\n<\/div><div class=\"block block-core-media-text align-wrap align-wrap-wide\">\n<div class=\"wp-block-media-text alignwide is-stacked-on-mobile is-image-fill-element\"><figure class=\"wp-block-media-text__media\"><img loading=\"lazy\" decoding=\"async\" width=\"1024\" height=\"683\" src=\"https:\/\/la-toussuire.com\/wp-content\/uploads\/\/OTToussuire_Ecole_Ski_Presentation\u00a9APernet-1024x683.jpg\" alt=\"Photo au format horizontal en plein journ\u00e9e d'hiver. Nous pouvons voir deux enfants \u00e9quip\u00e9s en tenue de ski allong\u00e9 au sol avec un grand sourire\" class=\"wp-image-27687 size-full\" style=\"object-position:77% 51%\" srcset=\"https:\/\/la-toussuire.com\/wp-content\/uploads\/OTToussuire_Ecole_Ski_Presentation\u00a9APernet-1024x683.jpg 1024w, https:\/\/la-toussuire.com\/wp-content\/uploads\/OTToussuire_Ecole_Ski_Presentation\u00a9APernet-300x200.jpg 300w, https:\/\/la-toussuire.com\/wp-content\/uploads\/OTToussuire_Ecole_Ski_Presentation\u00a9APernet-150x100.jpg 150w, https:\/\/la-toussuire.com\/wp-content\/uploads\/OTToussuire_Ecole_Ski_Presentation\u00a9APernet-768x512.jpg 768w, https:\/\/la-toussuire.com\/wp-content\/uploads\/OTToussuire_Ecole_Ski_Presentation\u00a9APernet.jpg 1050w\" sizes=\"auto, (max-width: 1024px) 100vw, 1024px\" \/><\/figure><div class=\"wp-block-media-text__content\"><div class=\"block block-core-heading\">\n<h2 class=\"wp-block-heading has-text-align-center\">Onze skischolen<\/h2>\n<\/div>\n\n<div class=\"block block-core-paragraph\">\n<p class=\"has-text-align-center\">La Toussuire is een wintersportplaats <strong>om ski\u00ebn te leren<\/strong> : die ruimtes voor beginnelingen, die tal van blauwe of groene pistes en die twee skischolen <strong>(<em>ESF &amp; ESI<\/em>)<\/strong> leiden nieuwelingen van <strong>alle leeftijden<\/strong> op om hen toe te staan snel <strong>plezier<\/strong> te vinden in het uitoefenen. <\/p>\n<\/div>\n\n<div class=\"block block-core-buttons\">\n<div class=\"wp-block-buttons is-content-justification-center is-layout-flex wp-container-core-buttons-is-layout-16018d1d wp-block-buttons-is-layout-flex\"><div class=\"block block-core-button\">\n<div class=\"wp-block-button\"><a class=\"wp-block-button__link wp-element-button\" href=\"https:\/\/la-toussuire.com\/nl\/skien-en-glijden\/skischolen\/\">Ik wil een echte rideur worden !<\/a><\/div>\n<\/div><\/div>\n<\/div><\/div><\/div>\n<\/div><div class=\"block block-core-media-text align-wrap align-wrap-wide\">\n<div class=\"wp-block-media-text alignwide has-media-on-the-right is-stacked-on-mobile is-image-fill-element\"><div class=\"wp-block-media-text__content\"><div class=\"block block-core-heading\">\n<h2 class=\"wp-block-heading has-text-align-center\">Paden voor voetgangers met sneeuwschoenen<\/h2>\n<\/div>\n\n<div class=\"block block-core-paragraph\">\n<p class=\"has-text-align-center\"><strong>Wegvliegen<\/strong> naar de toppen toe en <strong>genieten<\/strong> van buitengewone panorama&#8217;s, toegankelijk vanaf bepaalde hoogtes, zijn niet enkel meer het voorrecht van ski\u00ebrs. <strong>Prachtige<\/strong> paden voor voetgangers\/sneeuwschoenen aan de start van aankomststations voor stoeltjesliften voor voetgangers staan ook toe te genieten van het <strong>plezier van de berg !<\/strong><\/p>\n<\/div>\n\n<div class=\"block block-core-buttons\">\n<div class=\"wp-block-buttons is-content-justification-center is-layout-flex wp-container-core-buttons-is-layout-16018d1d wp-block-buttons-is-layout-flex\"><div class=\"block block-core-button\">\n<div class=\"wp-block-button\"><a class=\"wp-block-button__link wp-element-button\" href=\"https:\/\/la-toussuire.com\/nl\/skien-en-glijden\/paden-voor-voetgangers-en-sneeuwschoenen\/\">Ik profiteer ervan !<\/a><\/div>\n<\/div><\/div>\n<\/div><\/div><figure class=\"wp-block-media-text__media\"><img loading=\"lazy\" decoding=\"async\" width=\"683\" height=\"1024\" src=\"https:\/\/la-toussuire.com\/wp-content\/uploads\/\/OTToussuire_Pietons_Raquette_Galerie\u00a9APernet-683x1024.jpg\" alt=\"\" class=\"wp-image-27692 size-full\" style=\"object-position:54% 51%\" srcset=\"https:\/\/la-toussuire.com\/wp-content\/uploads\/OTToussuire_Pietons_Raquette_Galerie\u00a9APernet-683x1024.jpg 683w, https:\/\/la-toussuire.com\/wp-content\/uploads\/OTToussuire_Pietons_Raquette_Galerie\u00a9APernet-200x300.jpg 200w, https:\/\/la-toussuire.com\/wp-content\/uploads\/OTToussuire_Pietons_Raquette_Galerie\u00a9APernet-100x150.jpg 100w, https:\/\/la-toussuire.com\/wp-content\/uploads\/OTToussuire_Pietons_Raquette_Galerie\u00a9APernet.jpg 720w\" sizes=\"auto, (max-width: 683px) 100vw, 683px\" \/><\/figure><\/div>\n<\/div><div class=\"block block-core-media-text align-wrap align-wrap-wide\">\n<div class=\"wp-block-media-text alignwide is-stacked-on-mobile is-image-fill-element\"><figure class=\"wp-block-media-text__media\"><img loading=\"lazy\" decoding=\"async\" width=\"684\" height=\"1024\" src=\"https:\/\/la-toussuire.com\/wp-content\/uploads\/\/OTToussuire_Espace_Ludique_Hiver_Galerie\u00a9APernet-684x1024.jpg\" alt=\"Photo au format portrait. La photo est prise de jour \u00e0 l'espace ludique de Snowpy\" class=\"wp-image-27709 size-full\" style=\"object-position:50% 66%\" srcset=\"https:\/\/la-toussuire.com\/wp-content\/uploads\/OTToussuire_Espace_Ludique_Hiver_Galerie\u00a9APernet-684x1024.jpg 684w, https:\/\/la-toussuire.com\/wp-content\/uploads\/OTToussuire_Espace_Ludique_Hiver_Galerie\u00a9APernet-200x300.jpg 200w, https:\/\/la-toussuire.com\/wp-content\/uploads\/OTToussuire_Espace_Ludique_Hiver_Galerie\u00a9APernet-100x150.jpg 100w, https:\/\/la-toussuire.com\/wp-content\/uploads\/OTToussuire_Espace_Ludique_Hiver_Galerie\u00a9APernet.jpg 701w\" sizes=\"auto, (max-width: 684px) 100vw, 684px\" \/><\/figure><div class=\"wp-block-media-text__content\"><div class=\"block block-core-heading\">\n<h2 class=\"wp-block-heading has-text-align-center\">De speelruimtes <\/h2>\n<\/div>\n\n<div class=\"block block-core-paragraph\">\n<p class=\"has-text-align-center\">Om goed te ski\u00ebn, moet men zich <strong>amuseren<\/strong>, wat uw niveau ook is. Voor onze beginnelingen hebben we ruimten gecre\u00eberd, gewijd aan <strong>opleiden<\/strong> of zich vertrouwd maken in alle <strong>veiligheid.<\/strong> Zodra u kunt reizen op onze pistes, bieden we u ontspannings- en speelruimtes aan, mooi centraal in het gebied, v\u00f3\u00f3r <strong>weelderige panorama&#8217;s.<\/strong> <\/p>\n<\/div>\n\n<div class=\"block block-core-buttons\">\n<div class=\"wp-block-buttons is-content-justification-center is-layout-flex wp-container-core-buttons-is-layout-16018d1d wp-block-buttons-is-layout-flex\"><div class=\"block block-core-button\">\n<div class=\"wp-block-button\"><a class=\"wp-block-button__link wp-element-button\" href=\"https:\/\/la-toussuire.com\/nl\/skien-en-glijden\/skigebied-van-sybelles\/alle-ludieke-ruimtes-van-la-toussuire\/\">Al onze speelruimtes<\/a><\/div>\n<\/div><\/div>\n<\/div><\/div><\/div>\n<\/div><div class=\"block block-core-media-text align-wrap align-wrap-wide\">\n<div class=\"wp-block-media-text alignwide has-media-on-the-right is-stacked-on-mobile is-image-fill-element\"><div class=\"wp-block-media-text__content\"><div class=\"block block-core-heading\">\n<h2 class=\"wp-block-heading has-text-align-center\">Schaatsen<\/h2>\n<\/div>\n\n<div class=\"block block-core-paragraph\">\n<p class=\"has-text-align-center\">Hier is toerski\u00ebn koning, maar als je <strong>liever schaatst<\/strong>, kun je dat ook in ons skigebied. Van La Toussuire tot Corbier, er zijn meer dan <strong>21 km<\/strong> aan pistes die enkel wachten op uw glijpartijen.<\/p>\n<\/div>\n\n<div class=\"block block-core-buttons\">\n<div class=\"wp-block-buttons is-content-justification-center is-layout-flex wp-container-core-buttons-is-layout-16018d1d wp-block-buttons-is-layout-flex\"><div class=\"block block-core-button\">\n<div class=\"wp-block-button\"><a class=\"wp-block-button__link wp-element-button\" href=\"https:\/\/la-toussuire.com\/ski-et-glisse\/ski-de-fond\/\">Op de ski&#8217;s !<\/a><\/div>\n<\/div><\/div>\n<\/div><\/div><figure class=\"wp-block-media-text__media\"><img loading=\"lazy\" decoding=\"async\" width=\"1024\" height=\"576\" src=\"https:\/\/la-toussuire.com\/wp-content\/uploads\/\/OTToussuire_Ski_Et_Glisse_Ski_de_Fond_Presentation\u00a9OTToussuire@La_Toussuire-1024x576.jpg\" alt=\"Photo prise sur les pistes de ski de fond de la Toussuire. Nous pouvons voir un skieur en action de dos avec les traces de skieurs au premier plan et un panorama montagneux en fond avec notamment les Aiguilles d'Arves.\" class=\"wp-image-7211 size-full\" style=\"object-position:20% 48%\" srcset=\"https:\/\/la-toussuire.com\/wp-content\/uploads\/OTToussuire_Ski_Et_Glisse_Ski_de_Fond_Presentation\u00a9OTToussuire@La_Toussuire-1024x576.jpg 1024w, https:\/\/la-toussuire.com\/wp-content\/uploads\/OTToussuire_Ski_Et_Glisse_Ski_de_Fond_Presentation\u00a9OTToussuire@La_Toussuire-300x169.jpg 300w, https:\/\/la-toussuire.com\/wp-content\/uploads\/OTToussuire_Ski_Et_Glisse_Ski_de_Fond_Presentation\u00a9OTToussuire@La_Toussuire-150x84.jpg 150w, https:\/\/la-toussuire.com\/wp-content\/uploads\/OTToussuire_Ski_Et_Glisse_Ski_de_Fond_Presentation\u00a9OTToussuire@La_Toussuire-768x432.jpg 768w, https:\/\/la-toussuire.com\/wp-content\/uploads\/OTToussuire_Ski_Et_Glisse_Ski_de_Fond_Presentation\u00a9OTToussuire@La_Toussuire-1536x864.jpg 1536w, https:\/\/la-toussuire.com\/wp-content\/uploads\/OTToussuire_Ski_Et_Glisse_Ski_de_Fond_Presentation\u00a9OTToussuire@La_Toussuire-2048x1152.jpg 2048w\" sizes=\"auto, (max-width: 1024px) 100vw, 1024px\" \/><\/figure><\/div>\n<\/div><div class=\"block block-core-paragraph\">\n<p><\/p>\n<\/div>","protected":false},"excerpt":{"rendered":"<p>Openingsdatum station: 13 december 2025 tot 10 april 2026 Een skigebied, een skigebied en alle sneeuwactiviteiten die daarbij horen&#8230; Ski\u00ebn, glijden, wandelen, slee\u00ebn, en waarom niet springen, vliegen, rollen, dansen&#8230; Voor al deze activiteiten kom je graag naar La Toussuire. Omdat er voor elk wat wils is, kun je er ook bewonderen, raven, handelen, bubbelen, [&hellip;]<\/p>\n","protected":false},"author":2,"featured_media":33467,"parent":0,"menu_order":0,"comment_status":"closed","ping_status":"closed","template":"page-template.php","meta":{"_acf_changed":false,"footnotes":""},"class_list":["post-5864","page","type-page","status-publish","has-post-thumbnail","hentry"],"acf":[],"yoast_head":"<!-- This site is optimized with the Yoast SEO plugin v27.1.1 - https:\/\/yoast.com\/product\/yoast-seo-wordpress\/ -->\n<title>Ski\u00ebn en glijden - La Toussuire<\/title>\n<meta name=\"description\" content=\"Alles wat men in La Toussuire en Sybelles graag doet in de winkel: skigebied, ski\u00ebn, wandelen op sneeuwschoenen, activiteiten, welzijn en patrimonium.\" \/>\n<meta name=\"robots\" content=\"index, follow, max-snippet:-1, max-image-preview:large, max-video-preview:-1\" \/>\n<link rel=\"canonical\" href=\"https:\/\/la-toussuire.com\/nl\/skien-en-glijden\/\" \/>\n<meta property=\"og:locale\" content=\"nl_NL\" \/>\n<meta property=\"og:type\" content=\"article\" \/>\n<meta property=\"og:title\" content=\"Ski\u00ebn en glijden - La Toussuire\" \/>\n<meta property=\"og:description\" content=\"Alles wat men in La Toussuire en Sybelles graag doet in de winkel: skigebied, ski\u00ebn, wandelen op sneeuwschoenen, activiteiten, welzijn en patrimonium.\" \/>\n<meta property=\"og:url\" content=\"https:\/\/la-toussuire.com\/nl\/skien-en-glijden\/\" \/>\n<meta property=\"og:site_name\" content=\"La Toussuire\" \/>\n<meta property=\"article:modified_time\" content=\"2025-09-05T13:16:40+00:00\" \/>\n<meta property=\"og:image\" content=\"https:\/\/la-toussuire.com\/wp-content\/uploads\/SYBELLES_22_SHOOT2___credit_David_Malacrida_www.elmerjack.com_WEB-56.jpg\" \/>\n\t<meta property=\"og:image:width\" content=\"1500\" \/>\n\t<meta property=\"og:image:height\" content=\"1000\" \/>\n\t<meta property=\"og:image:type\" content=\"image\/jpeg\" \/>\n<meta name=\"twitter:card\" content=\"summary_large_image\" \/>\n<meta name=\"twitter:label1\" content=\"Geschatte leestijd\" \/>\n\t<meta name=\"twitter:data1\" content=\"4 minuten\" \/>\n<script type=\"application\/ld+json\" class=\"yoast-schema-graph\">{\"@context\":\"https:\/\/schema.org\",\"@graph\":[{\"@type\":\"WebPage\",\"@id\":\"https:\/\/la-toussuire.com\/nl\/skien-en-glijden\/\",\"url\":\"https:\/\/la-toussuire.com\/nl\/skien-en-glijden\/\",\"name\":\"Ski\u00ebn en glijden - La Toussuire\",\"isPartOf\":{\"@id\":\"https:\/\/la-toussuire.com\/nl\/#website\"},\"primaryImageOfPage\":{\"@id\":\"https:\/\/la-toussuire.com\/nl\/skien-en-glijden\/#primaryimage\"},\"image\":{\"@id\":\"https:\/\/la-toussuire.com\/nl\/skien-en-glijden\/#primaryimage\"},\"thumbnailUrl\":\"https:\/\/la-toussuire.com\/wp-content\/uploads\/SYBELLES_22_SHOOT2___credit_David_Malacrida_www.elmerjack.com_WEB-56.jpg\",\"datePublished\":\"2022-02-02T06:25:43+00:00\",\"dateModified\":\"2025-09-05T13:16:40+00:00\",\"description\":\"Alles wat men in La Toussuire en Sybelles graag doet in de winkel: skigebied, ski\u00ebn, wandelen op sneeuwschoenen, activiteiten, welzijn en patrimonium.\",\"breadcrumb\":{\"@id\":\"https:\/\/la-toussuire.com\/nl\/skien-en-glijden\/#breadcrumb\"},\"inLanguage\":\"nl-NL\",\"potentialAction\":[{\"@type\":\"ReadAction\",\"target\":[\"https:\/\/la-toussuire.com\/nl\/skien-en-glijden\/\"]}]},{\"@type\":\"ImageObject\",\"inLanguage\":\"nl-NL\",\"@id\":\"https:\/\/la-toussuire.com\/nl\/skien-en-glijden\/#primaryimage\",\"url\":\"https:\/\/la-toussuire.com\/wp-content\/uploads\/SYBELLES_22_SHOOT2___credit_David_Malacrida_www.elmerjack.com_WEB-56.jpg\",\"contentUrl\":\"https:\/\/la-toussuire.com\/wp-content\/uploads\/SYBELLES_22_SHOOT2___credit_David_Malacrida_www.elmerjack.com_WEB-56.jpg\",\"width\":1500,\"height\":1000,\"caption\":\"Skier \u00e0 La Toussuire\"},{\"@type\":\"BreadcrumbList\",\"@id\":\"https:\/\/la-toussuire.com\/nl\/skien-en-glijden\/#breadcrumb\",\"itemListElement\":[{\"@type\":\"ListItem\",\"position\":1,\"name\":\"Accueil\",\"item\":\"https:\/\/la-toussuire.com\/nl\/\"},{\"@type\":\"ListItem\",\"position\":2,\"name\":\"Ski\u00ebn en glijden\"}]},{\"@type\":\"WebSite\",\"@id\":\"https:\/\/la-toussuire.com\/nl\/#website\",\"url\":\"https:\/\/la-toussuire.com\/nl\/\",\"name\":\"La Toussuire\",\"description\":\"\",\"publisher\":{\"@id\":\"https:\/\/la-toussuire.com\/nl\/#organization\"},\"potentialAction\":[{\"@type\":\"SearchAction\",\"target\":{\"@type\":\"EntryPoint\",\"urlTemplate\":\"https:\/\/la-toussuire.com\/nl\/?s={search_term_string}\"},\"query-input\":{\"@type\":\"PropertyValueSpecification\",\"valueRequired\":true,\"valueName\":\"search_term_string\"}}],\"inLanguage\":\"nl-NL\"},{\"@type\":\"Organization\",\"@id\":\"https:\/\/la-toussuire.com\/nl\/#organization\",\"name\":\"La Toussuire\",\"url\":\"https:\/\/la-toussuire.com\/nl\/\",\"logo\":{\"@type\":\"ImageObject\",\"inLanguage\":\"nl-NL\",\"@id\":\"https:\/\/la-toussuire.com\/nl\/#\/schema\/logo\/image\/\",\"url\":\"https:\/\/la-toussuire.com\/wp-content\/uploads\/cropped-Nouveau-LA-TOUSSUIRE_Logo_Plan-de-travail-1-02.png\",\"contentUrl\":\"https:\/\/la-toussuire.com\/wp-content\/uploads\/cropped-Nouveau-LA-TOUSSUIRE_Logo_Plan-de-travail-1-02.png\",\"width\":591,\"height\":591,\"caption\":\"La Toussuire\"},\"image\":{\"@id\":\"https:\/\/la-toussuire.com\/nl\/#\/schema\/logo\/image\/\"}}]}<\/script>\n<!-- \/ Yoast SEO plugin. -->","yoast_head_json":{"title":"Ski\u00ebn en glijden - La Toussuire","description":"Alles wat men in La Toussuire en Sybelles graag doet in de winkel: skigebied, ski\u00ebn, wandelen op sneeuwschoenen, activiteiten, welzijn en patrimonium.","robots":{"index":"index","follow":"follow","max-snippet":"max-snippet:-1","max-image-preview":"max-image-preview:large","max-video-preview":"max-video-preview:-1"},"canonical":"https:\/\/la-toussuire.com\/nl\/skien-en-glijden\/","og_locale":"nl_NL","og_type":"article","og_title":"Ski\u00ebn en glijden - La Toussuire","og_description":"Alles wat men in La Toussuire en Sybelles graag doet in de winkel: skigebied, ski\u00ebn, wandelen op sneeuwschoenen, activiteiten, welzijn en patrimonium.","og_url":"https:\/\/la-toussuire.com\/nl\/skien-en-glijden\/","og_site_name":"La Toussuire","article_modified_time":"2025-09-05T13:16:40+00:00","og_image":[{"width":1500,"height":1000,"url":"https:\/\/la-toussuire.com\/wp-content\/uploads\/SYBELLES_22_SHOOT2___credit_David_Malacrida_www.elmerjack.com_WEB-56.jpg","type":"image\/jpeg"}],"twitter_card":"summary_large_image","twitter_misc":{"Geschatte leestijd":"4 minuten"},"schema":{"@context":"https:\/\/schema.org","@graph":[{"@type":"WebPage","@id":"https:\/\/la-toussuire.com\/nl\/skien-en-glijden\/","url":"https:\/\/la-toussuire.com\/nl\/skien-en-glijden\/","name":"Ski\u00ebn en glijden - La Toussuire","isPartOf":{"@id":"https:\/\/la-toussuire.com\/nl\/#website"},"primaryImageOfPage":{"@id":"https:\/\/la-toussuire.com\/nl\/skien-en-glijden\/#primaryimage"},"image":{"@id":"https:\/\/la-toussuire.com\/nl\/skien-en-glijden\/#primaryimage"},"thumbnailUrl":"https:\/\/la-toussuire.com\/wp-content\/uploads\/SYBELLES_22_SHOOT2___credit_David_Malacrida_www.elmerjack.com_WEB-56.jpg","datePublished":"2022-02-02T06:25:43+00:00","dateModified":"2025-09-05T13:16:40+00:00","description":"Alles wat men in La Toussuire en Sybelles graag doet in de winkel: skigebied, ski\u00ebn, wandelen op sneeuwschoenen, activiteiten, welzijn en patrimonium.","breadcrumb":{"@id":"https:\/\/la-toussuire.com\/nl\/skien-en-glijden\/#breadcrumb"},"inLanguage":"nl-NL","potentialAction":[{"@type":"ReadAction","target":["https:\/\/la-toussuire.com\/nl\/skien-en-glijden\/"]}]},{"@type":"ImageObject","inLanguage":"nl-NL","@id":"https:\/\/la-toussuire.com\/nl\/skien-en-glijden\/#primaryimage","url":"https:\/\/la-toussuire.com\/wp-content\/uploads\/SYBELLES_22_SHOOT2___credit_David_Malacrida_www.elmerjack.com_WEB-56.jpg","contentUrl":"https:\/\/la-toussuire.com\/wp-content\/uploads\/SYBELLES_22_SHOOT2___credit_David_Malacrida_www.elmerjack.com_WEB-56.jpg","width":1500,"height":1000,"caption":"Skier \u00e0 La Toussuire"},{"@type":"BreadcrumbList","@id":"https:\/\/la-toussuire.com\/nl\/skien-en-glijden\/#breadcrumb","itemListElement":[{"@type":"ListItem","position":1,"name":"Accueil","item":"https:\/\/la-toussuire.com\/nl\/"},{"@type":"ListItem","position":2,"name":"Ski\u00ebn en glijden"}]},{"@type":"WebSite","@id":"https:\/\/la-toussuire.com\/nl\/#website","url":"https:\/\/la-toussuire.com\/nl\/","name":"La Toussuire","description":"","publisher":{"@id":"https:\/\/la-toussuire.com\/nl\/#organization"},"potentialAction":[{"@type":"SearchAction","target":{"@type":"EntryPoint","urlTemplate":"https:\/\/la-toussuire.com\/nl\/?s={search_term_string}"},"query-input":{"@type":"PropertyValueSpecification","valueRequired":true,"valueName":"search_term_string"}}],"inLanguage":"nl-NL"},{"@type":"Organization","@id":"https:\/\/la-toussuire.com\/nl\/#organization","name":"La Toussuire","url":"https:\/\/la-toussuire.com\/nl\/","logo":{"@type":"ImageObject","inLanguage":"nl-NL","@id":"https:\/\/la-toussuire.com\/nl\/#\/schema\/logo\/image\/","url":"https:\/\/la-toussuire.com\/wp-content\/uploads\/cropped-Nouveau-LA-TOUSSUIRE_Logo_Plan-de-travail-1-02.png","contentUrl":"https:\/\/la-toussuire.com\/wp-content\/uploads\/cropped-Nouveau-LA-TOUSSUIRE_Logo_Plan-de-travail-1-02.png","width":591,"height":591,"caption":"La Toussuire"},"image":{"@id":"https:\/\/la-toussuire.com\/nl\/#\/schema\/logo\/image\/"}}]}},"_links":{"self":[{"href":"https:\/\/la-toussuire.com\/nl\/wp-json\/wp\/v2\/pages\/5864","targetHints":{"allow":["GET"]}}],"collection":[{"href":"https:\/\/la-toussuire.com\/nl\/wp-json\/wp\/v2\/pages"}],"about":[{"href":"https:\/\/la-toussuire.com\/nl\/wp-json\/wp\/v2\/types\/page"}],"author":[{"embeddable":true,"href":"https:\/\/la-toussuire.com\/nl\/wp-json\/wp\/v2\/users\/2"}],"replies":[{"embeddable":true,"href":"https:\/\/la-toussuire.com\/nl\/wp-json\/wp\/v2\/comments?post=5864"}],"version-history":[{"count":5,"href":"https:\/\/la-toussuire.com\/nl\/wp-json\/wp\/v2\/pages\/5864\/revisions"}],"predecessor-version":[{"id":41623,"href":"https:\/\/la-toussuire.com\/nl\/wp-json\/wp\/v2\/pages\/5864\/revisions\/41623"}],"wp:featuredmedia":[{"embeddable":true,"href":"https:\/\/la-toussuire.com\/nl\/wp-json\/wp\/v2\/media\/33467"}],"wp:attachment":[{"href":"https:\/\/la-toussuire.com\/nl\/wp-json\/wp\/v2\/media?parent=5864"}],"curies":[{"name":"wp","href":"https:\/\/api.w.org\/{rel}","templated":true}]}}