{"id":37908,"date":"2025-05-09T16:36:29","date_gmt":"2025-05-09T14:36:29","guid":{"rendered":"https:\/\/la-toussuire.com\/wat-te-doen-in-de-zomer\/zomer-activiteiten\/onze-evenementen-voor-het-hele-gezin\/"},"modified":"2025-05-12T10:32:03","modified_gmt":"2025-05-12T08:32:03","slug":"onze-evenementen-voor-het-hele-gezin","status":"publish","type":"page","link":"https:\/\/la-toussuire.com\/nl\/wat-te-doen-in-de-zomer\/zomer-activiteiten\/onze-evenementen-voor-het-hele-gezin\/","title":{"rendered":"Onze evenementen voor het hele gezin"},"content":{"rendered":"<div class=\"block block-core-heading\">\n<h2 class=\"wp-block-heading has-text-align-center has-text-color has-link-color wp-elements-481a7f6853b9c32ae84db7a71db4dcd6\" style=\"color:#fbba18\">Voor kinderen die van nieuwe avonturen houden&#8230;<\/h2>\n<\/div>\n\n<div class=\"block block-core-paragraph\">\n<p class=\"has-text-align-center\"><em>Ah, de kinderen!  <\/em>Ze <strong>zitten vol leven<\/strong> en willen gewoon <strong>plezier maken op vakantie<\/strong>. Bij La Toussuire vinden we het heerlijk om ze te <strong>horen lachen<\/strong>, ze <strong>plezier<\/strong> te zien maken, je te <strong>smeken<\/strong> om niet naar huis te komen&#8230; <\/p>\n<\/div>\n\n<div class=\"block block-core-paragraph\">\n<p class=\"has-text-align-center\">Zoals je zou verwachten, <strong>hebben we alles wat ze nodig hebben<\/strong>! Activiteiten zoals minigolf, canirando en bowling&#8230; Maar La Toussuire draait niet alleen om activiteiten, er vinden ook de hele zomer door evenementen plaats waar het hele gezin van kan genieten! Er zijn er zo veel, <em>dat we het aan u overlaten om ze te ontdekken&#8230;<\/em>  <\/p>\n<\/div>\n\n<div class=\"block block-core-heading\">\n<h2 class=\"wp-block-heading has-text-align-center has-white-color has-luminous-vivid-amber-background-color has-text-color has-background has-link-color wp-elements-73b9bc69c94a9f93014db2a491c09a14\">Le festival &#8220;Le Spectacle Est Dans La Rue&#8221; <\/h2>\n<\/div>\n\n<div class=\"block block-core-media-text\">\n<div class=\"wp-block-media-text is-stacked-on-mobile is-image-fill-element\"><figure class=\"wp-block-media-text__media\"><img loading=\"lazy\" decoding=\"async\" width=\"1024\" height=\"684\" src=\"https:\/\/la-toussuire.com\/wp-content\/uploads\/\/2043-DEN_0244-1024x684.jpg\" alt=\"Photo prise en format paysage de nuit. Nous pouvons voir une repr\u00e9sentation. Le public est assis dans l'herbe en train de regarder deux artistes effectuer un port\u00e9. L'un des artistes est debout sur les \u00e9paules de son partenaire qui est lui aussi debout. Ils sont \u00e9clair\u00e9s \u00e0 l'aide de spots lumineux pos\u00e9s au sol.\" class=\"wp-image-30645 size-full\" style=\"object-position:50% 50%\" srcset=\"https:\/\/la-toussuire.com\/wp-content\/uploads\/2043-DEN_0244-1024x684.jpg 1024w, https:\/\/la-toussuire.com\/wp-content\/uploads\/2043-DEN_0244-300x200.jpg 300w, https:\/\/la-toussuire.com\/wp-content\/uploads\/2043-DEN_0244-150x100.jpg 150w, https:\/\/la-toussuire.com\/wp-content\/uploads\/2043-DEN_0244-768x513.jpg 768w, https:\/\/la-toussuire.com\/wp-content\/uploads\/2043-DEN_0244-1536x1025.jpg 1536w, https:\/\/la-toussuire.com\/wp-content\/uploads\/2043-DEN_0244.jpg 1772w\" sizes=\"auto, (max-width: 1024px) 100vw, 1024px\" \/><\/figure><div class=\"wp-block-media-text__content\"><div class=\"block block-core-heading\">\n<h2 class=\"wp-block-heading has-text-align-center\">Het ultieme familie-evenement!<\/h2>\n<\/div>\n\n<div class=\"block block-core-paragraph\">\n<p class=\"has-text-align-center\">Het <strong>festival Le Spectacle Est Dans La Rue<\/strong> keert deze zomer terug van <strong>3 tot 8 augustus<\/strong> <strong>2025 <\/strong>voor zijn <strong>9e editie<\/strong>! Op het programma staan <strong>gratis voorstellingen<\/strong>, <strong>workshops<\/strong>, <strong>cursussen <\/strong>en nog veel meer, voor een week die je meeneemt op een reis door de wereld van de straatkunsten!<\/p>\n<\/div>\n\n<div class=\"block block-core-buttons\">\n<div class=\"wp-block-buttons is-content-justification-center is-layout-flex wp-container-core-buttons-is-layout-16018d1d wp-block-buttons-is-layout-flex\"><div class=\"block block-core-button\">\n<div class=\"wp-block-button\"><a class=\"wp-block-button__link wp-element-button\" href=\"https:\/\/la-toussuire.com\/nl\/wat-te-doen-in-de-zomer\/zomer-activiteiten\/festival-le-spectacle-est-dans-la-rue\/\">Ik wil meer weten!<\/a><\/div>\n<\/div><\/div>\n<\/div><\/div><\/div>\n<\/div>\n\n<div class=\"block block-core-heading\">\n<h2 class=\"wp-block-heading has-text-align-center has-white-color has-text-color has-background has-link-color wp-elements-e628397c5ad7578a57c02b4ad6eff235\" style=\"background-color:#eec260\">R\u00eave de gosses<\/h2>\n<\/div>\n\n<div class=\"block block-core-media-text\">\n<div class=\"wp-block-media-text is-stacked-on-mobile is-image-fill-element\"><figure class=\"wp-block-media-text__media\"><img loading=\"lazy\" decoding=\"async\" width=\"725\" height=\"1024\" src=\"https:\/\/la-toussuire.com\/wp-content\/uploads\/\/Reve-de-gosse-Affiche_page-0001-725x1024.jpg\" alt=\"\" class=\"wp-image-36817 size-full\" style=\"object-position:53% 78%\" srcset=\"https:\/\/la-toussuire.com\/wp-content\/uploads\/Reve-de-gosse-Affiche_page-0001-725x1024.jpg 725w, https:\/\/la-toussuire.com\/wp-content\/uploads\/Reve-de-gosse-Affiche_page-0001-212x300.jpg 212w, https:\/\/la-toussuire.com\/wp-content\/uploads\/Reve-de-gosse-Affiche_page-0001-106x150.jpg 106w, https:\/\/la-toussuire.com\/wp-content\/uploads\/Reve-de-gosse-Affiche_page-0001-768x1085.jpg 768w, https:\/\/la-toussuire.com\/wp-content\/uploads\/Reve-de-gosse-Affiche_page-0001-1087x1536.jpg 1087w, https:\/\/la-toussuire.com\/wp-content\/uploads\/Reve-de-gosse-Affiche_page-0001.jpg 1241w\" sizes=\"auto, (max-width: 725px) 100vw, 725px\" \/><\/figure><div class=\"wp-block-media-text__content\"><div class=\"block block-core-heading\">\n<h2 class=\"wp-block-heading has-text-align-center\">De kracht om terug te keren naar de kindertijd!<\/h2>\n<\/div>\n\n<div class=\"block block-core-paragraph\">\n<p class=\"has-text-align-center\">Modelbouwweek vindt zichzelf opnieuw uit en wordt \u201cR\u00eaves de gosse\u201d (Kinderdromen)<\/p>\n<\/div>\n\n<div class=\"block block-core-paragraph\">\n<p class=\"has-text-align-center\">Een nieuwe naam betekent nieuwe dingen, met nieuwe workshops zoals <strong>drones<\/strong>, <strong>LEGO <\/strong>bouwen en <strong>tentoonstellingen<\/strong>. <\/p>\n<\/div>\n\n<div class=\"block block-core-paragraph\">\n<p class=\"has-text-align-center\"><strong><em>Alles om jong en oud te laten dromen! <\/em><\/strong><\/p>\n<\/div><\/div><\/div>\n<\/div>\n\n<div class=\"block block-core-heading\">\n<h2 class=\"wp-block-heading has-text-align-center has-white-color has-text-color has-background has-link-color wp-elements-3e7ae098e0f2d01f096d098592a18fd8\" style=\"background-color:#db5e9f\">Le Rallye Gourmand<\/h2>\n<\/div>\n\n<div class=\"block block-core-media-text\">\n<div class=\"wp-block-media-text is-stacked-on-mobile\"><figure class=\"wp-block-media-text__media\"><img loading=\"lazy\" decoding=\"async\" width=\"440\" height=\"288\" src=\"https:\/\/la-toussuire.com\/wp-content\/uploads\/Rallye-Gourmand-2025-Illustration.png\" alt=\"\" class=\"wp-image-35469 size-full\" srcset=\"https:\/\/la-toussuire.com\/wp-content\/uploads\/Rallye-Gourmand-2025-Illustration.png 440w, https:\/\/la-toussuire.com\/wp-content\/uploads\/Rallye-Gourmand-2025-Illustration-300x196.png 300w, https:\/\/la-toussuire.com\/wp-content\/uploads\/Rallye-Gourmand-2025-Illustration-150x98.png 150w\" sizes=\"auto, (max-width: 440px) 100vw, 440px\" \/><\/figure><div class=\"wp-block-media-text__content\"><div class=\"block block-core-heading\">\n<h2 class=\"wp-block-heading has-text-align-center\">Fijnproeverslekkernijen in al hun pracht! <\/h2>\n<\/div>\n\n<div class=\"block block-core-paragraph\">\n<p class=\"has-text-align-center\">Het vlaggenschip van de <strong><a href=\"https:\/\/la-toussuire.com\/nl\/wat-te-doen-in-de-zomer\/zomer-activiteiten\/trail\/trail-week\/\">trail sessions!<\/a> <\/strong>Voor de derde editie verandert het parcours! Korter, met minder hellingen en een extra tribune!<\/p>\n<\/div>\n\n<div class=\"block block-core-paragraph\">\n<p class=\"has-text-align-center\"><strong><em>Genoeg voor fijnproevers!<\/em><\/strong><\/p>\n<\/div>\n\n<div class=\"block block-core-buttons\">\n<div class=\"wp-block-buttons is-content-justification-center is-layout-flex wp-container-core-buttons-is-layout-16018d1d wp-block-buttons-is-layout-flex\"><div class=\"block block-core-button\">\n<div class=\"wp-block-button\"><a class=\"wp-block-button__link wp-element-button\" href=\"https:\/\/la-toussuire.com\/nl\/wat-te-doen-in-de-zomer\/zomer-activiteiten\/trail\/rallye-gourmand\/\">Ik wil meer informatie over het evenement!<\/a><\/div>\n<\/div><\/div>\n<\/div><\/div><\/div>\n<\/div>\n\n<div class=\"block block-core-heading\">\n<h2 class=\"wp-block-heading has-text-align-center has-white-color has-text-color has-background has-link-color wp-elements-f4d07c700cd3efff6f76d4c05243ccfa\" style=\"background-color:#1b5d80\">Cyclo Week<\/h2>\n<\/div>\n\n<div class=\"block block-core-media-text\">\n<div class=\"wp-block-media-text is-stacked-on-mobile\"><figure class=\"wp-block-media-text__media\"><img loading=\"lazy\" decoding=\"async\" width=\"1024\" height=\"943\" src=\"https:\/\/la-toussuire.com\/wp-content\/uploads\/\/Logo-Semaine-du-Velo-1024x943.png\" alt=\"Logo Cyclo Weeks\" class=\"wp-image-35277 size-full\" srcset=\"https:\/\/la-toussuire.com\/wp-content\/uploads\/Logo-Semaine-du-Velo-1024x943.png 1024w, https:\/\/la-toussuire.com\/wp-content\/uploads\/Logo-Semaine-du-Velo-300x276.png 300w, https:\/\/la-toussuire.com\/wp-content\/uploads\/Logo-Semaine-du-Velo-150x138.png 150w, https:\/\/la-toussuire.com\/wp-content\/uploads\/Logo-Semaine-du-Velo-768x708.png 768w, https:\/\/la-toussuire.com\/wp-content\/uploads\/Logo-Semaine-du-Velo-1536x1415.png 1536w, https:\/\/la-toussuire.com\/wp-content\/uploads\/Logo-Semaine-du-Velo-2048x1887.png 2048w\" sizes=\"auto, (max-width: 1024px) 100vw, 1024px\" \/><\/figure><div class=\"wp-block-media-text__content\"><div class=\"block block-core-heading\">\n<h2 class=\"wp-block-heading has-text-align-center\">Niet alleen voor wielerfans!<\/h2>\n<\/div>\n\n<div class=\"block block-core-paragraph\">\n<p class=\"has-text-align-center\">Tijdens de Cyclo Week hebben we ook een heel programma samengesteld voor gezinnen, met <strong>begeleide uitstapjes<\/strong>, <strong>dorpsrondleidingen<\/strong>, wandelingen, een jeu de <strong>boulestoernooi<\/strong> en een <strong>kleurenloop,<\/strong> voor elk wat wils!<\/p>\n<\/div>\n\n<div class=\"block block-core-buttons\">\n<div class=\"wp-block-buttons is-content-justification-center is-layout-flex wp-container-core-buttons-is-layout-16018d1d wp-block-buttons-is-layout-flex\"><div class=\"block block-core-button\">\n<div class=\"wp-block-button\"><a class=\"wp-block-button__link wp-element-button\" href=\"https:\/\/la-toussuire.com\/nl\/wat-te-doen-in-de-zomer\/zomer-activiteiten\/fietsen\/cyclo-week\/\">Ik wil meer informatie over het evenement!<\/a><\/div>\n<\/div><\/div>\n<\/div><\/div><\/div>\n<\/div>\n\n<div class=\"block block-core-heading\">\n<h2 class=\"wp-block-heading has-text-align-center has-white-color has-luminous-vivid-amber-background-color has-text-color has-background has-link-color wp-elements-6f69c07bcc8dc915c04c17cc3acfe365\">En dat is nog niet alles! Activiteiten voor het hele gezin wachten op je! <\/h2>\n<\/div>\n\n<div class=\"block block-core-media-text\">\n<div class=\"wp-block-media-text is-stacked-on-mobile is-image-fill-element\"><figure class=\"wp-block-media-text__media\"><img loading=\"lazy\" decoding=\"async\" width=\"874\" height=\"972\" src=\"https:\/\/la-toussuire.com\/wp-content\/uploads\/OTToussuire_Randonnees_Parcours_Medaille_Or_Galerie\u00a9OTToussuire@La_Toussuire.png\" alt=\"Logo de l'\u00c9nigme de la M\u00e9daille d'Or\" class=\"wp-image-7603 size-full\" style=\"object-position:50% 50%\" srcset=\"https:\/\/la-toussuire.com\/wp-content\/uploads\/OTToussuire_Randonnees_Parcours_Medaille_Or_Galerie\u00a9OTToussuire@La_Toussuire.png 874w, https:\/\/la-toussuire.com\/wp-content\/uploads\/OTToussuire_Randonnees_Parcours_Medaille_Or_Galerie\u00a9OTToussuire@La_Toussuire-270x300.png 270w, https:\/\/la-toussuire.com\/wp-content\/uploads\/OTToussuire_Randonnees_Parcours_Medaille_Or_Galerie\u00a9OTToussuire@La_Toussuire-135x150.png 135w, https:\/\/la-toussuire.com\/wp-content\/uploads\/OTToussuire_Randonnees_Parcours_Medaille_Or_Galerie\u00a9OTToussuire@La_Toussuire-768x854.png 768w\" sizes=\"auto, (max-width: 874px) 100vw, 874px\" \/><\/figure><div class=\"wp-block-media-text__content\"><div class=\"block block-core-heading\">\n<h2 class=\"wp-block-heading has-text-align-center\">Ori\u00ebntatieloop: Het raadsel van de gouden medaille<\/h2>\n<\/div>\n\n<div class=\"block block-core-paragraph\">\n<p class=\"has-text-align-center\">Met kinderen is het vaak moeilijk om de wandelingen bij te houden en ze te <strong>motiveren<\/strong>. Kom langs op het kantoor om de spelkaarten op te halen en bied je kinderen dit <strong>leuke en leerzame ori\u00ebntatieloop parcours aan.<\/strong> <em>Ze zullen het gevoel hebben dat ze een pauze nemen terwijl ze toch wandelen&#8230;<\/em> <\/p>\n<\/div>\n\n<div class=\"block block-core-buttons\">\n<div class=\"wp-block-buttons is-content-justification-center is-layout-flex wp-container-core-buttons-is-layout-16018d1d wp-block-buttons-is-layout-flex\"><div class=\"block block-core-button\">\n<div class=\"wp-block-button\"><a class=\"wp-block-button__link wp-element-button\" href=\"https:\/\/la-toussuire.com\/nl\/wat-te-doen-in-de-zomer\/zomer-activiteiten\/wandelingen-en-trektochten\/orientatieloop-raadsel-van-de-gouden-medaille\/\">We zijn vertrokken ! <\/a><\/div>\n<\/div><\/div>\n<\/div><\/div><\/div>\n<\/div>","protected":false},"excerpt":{"rendered":"<p>Voor kinderen die van nieuwe avonturen houden&#8230; Ah, de kinderen! Ze zitten vol leven en willen gewoon plezier maken op vakantie. Bij La Toussuire vinden we het heerlijk om ze te horen lachen, ze plezier te zien maken, je te smeken om niet naar huis te komen&#8230; Zoals je zou verwachten, hebben we alles wat [&hellip;]<\/p>\n","protected":false},"author":3,"featured_media":30519,"parent":17187,"menu_order":5,"comment_status":"closed","ping_status":"closed","template":"page-template.php","meta":{"_acf_changed":false,"footnotes":""},"class_list":["post-37908","page","type-page","status-publish","has-post-thumbnail","hentry"],"acf":[],"yoast_head":"<!-- This site is optimized with the Yoast SEO plugin v27.1.1 - https:\/\/yoast.com\/product\/yoast-seo-wordpress\/ -->\n<title>Onze evenementen voor het hele gezin - La Toussuire<\/title>\n<meta name=\"description\" content=\"Zin in leuke evenementen voor jong en oud? Zoek dan niet verder, wij hebben alles wat je nodig hebt voor je vakantie!\" \/>\n<meta name=\"robots\" content=\"index, follow, max-snippet:-1, max-image-preview:large, max-video-preview:-1\" \/>\n<link rel=\"canonical\" href=\"https:\/\/la-toussuire.com\/nl\/wat-te-doen-in-de-zomer\/zomer-activiteiten\/onze-evenementen-voor-het-hele-gezin\/\" \/>\n<meta property=\"og:locale\" content=\"nl_NL\" \/>\n<meta property=\"og:type\" content=\"article\" \/>\n<meta property=\"og:title\" content=\"Onze evenementen voor het hele gezin - La Toussuire\" \/>\n<meta property=\"og:description\" content=\"Zin in leuke evenementen voor jong en oud? Zoek dan niet verder, wij hebben alles wat je nodig hebt voor je vakantie!\" \/>\n<meta property=\"og:url\" content=\"https:\/\/la-toussuire.com\/nl\/wat-te-doen-in-de-zomer\/zomer-activiteiten\/onze-evenementen-voor-het-hele-gezin\/\" \/>\n<meta property=\"og:site_name\" content=\"La Toussuire\" \/>\n<meta property=\"article:modified_time\" content=\"2025-05-12T08:32:03+00:00\" \/>\n<meta property=\"og:image\" content=\"https:\/\/la-toussuire.com\/wp-content\/uploads\/436688180_1102329337727945_2474841845023788067_n.jpg\" \/>\n\t<meta property=\"og:image:width\" content=\"2048\" \/>\n\t<meta property=\"og:image:height\" content=\"1153\" \/>\n\t<meta property=\"og:image:type\" content=\"image\/jpeg\" \/>\n<meta name=\"twitter:card\" content=\"summary_large_image\" \/>\n<meta name=\"twitter:label1\" content=\"Geschatte leestijd\" \/>\n\t<meta name=\"twitter:data1\" content=\"4 minuten\" \/>\n<script type=\"application\/ld+json\" class=\"yoast-schema-graph\">{\"@context\":\"https:\/\/schema.org\",\"@graph\":[{\"@type\":\"WebPage\",\"@id\":\"https:\/\/la-toussuire.com\/nl\/wat-te-doen-in-de-zomer\/zomer-activiteiten\/onze-evenementen-voor-het-hele-gezin\/\",\"url\":\"https:\/\/la-toussuire.com\/nl\/wat-te-doen-in-de-zomer\/zomer-activiteiten\/onze-evenementen-voor-het-hele-gezin\/\",\"name\":\"Onze evenementen voor het hele gezin - La Toussuire\",\"isPartOf\":{\"@id\":\"https:\/\/la-toussuire.com\/nl\/#website\"},\"primaryImageOfPage\":{\"@id\":\"https:\/\/la-toussuire.com\/nl\/wat-te-doen-in-de-zomer\/zomer-activiteiten\/onze-evenementen-voor-het-hele-gezin\/#primaryimage\"},\"image\":{\"@id\":\"https:\/\/la-toussuire.com\/nl\/wat-te-doen-in-de-zomer\/zomer-activiteiten\/onze-evenementen-voor-het-hele-gezin\/#primaryimage\"},\"thumbnailUrl\":\"https:\/\/la-toussuire.com\/wp-content\/uploads\/436688180_1102329337727945_2474841845023788067_n.jpg\",\"datePublished\":\"2025-05-09T14:36:29+00:00\",\"dateModified\":\"2025-05-12T08:32:03+00:00\",\"description\":\"Zin in leuke evenementen voor jong en oud? Zoek dan niet verder, wij hebben alles wat je nodig hebt voor je vakantie!\",\"breadcrumb\":{\"@id\":\"https:\/\/la-toussuire.com\/nl\/wat-te-doen-in-de-zomer\/zomer-activiteiten\/onze-evenementen-voor-het-hele-gezin\/#breadcrumb\"},\"inLanguage\":\"nl-NL\",\"potentialAction\":[{\"@type\":\"ReadAction\",\"target\":[\"https:\/\/la-toussuire.com\/nl\/wat-te-doen-in-de-zomer\/zomer-activiteiten\/onze-evenementen-voor-het-hele-gezin\/\"]}]},{\"@type\":\"ImageObject\",\"inLanguage\":\"nl-NL\",\"@id\":\"https:\/\/la-toussuire.com\/nl\/wat-te-doen-in-de-zomer\/zomer-activiteiten\/onze-evenementen-voor-het-hele-gezin\/#primaryimage\",\"url\":\"https:\/\/la-toussuire.com\/wp-content\/uploads\/436688180_1102329337727945_2474841845023788067_n.jpg\",\"contentUrl\":\"https:\/\/la-toussuire.com\/wp-content\/uploads\/436688180_1102329337727945_2474841845023788067_n.jpg\",\"width\":2048,\"height\":1153,\"caption\":\"\u00c9v\u00e9nements familiales \u00e0 La Toussuire\"},{\"@type\":\"BreadcrumbList\",\"@id\":\"https:\/\/la-toussuire.com\/nl\/wat-te-doen-in-de-zomer\/zomer-activiteiten\/onze-evenementen-voor-het-hele-gezin\/#breadcrumb\",\"itemListElement\":[{\"@type\":\"ListItem\",\"position\":1,\"name\":\"Accueil\",\"item\":\"https:\/\/la-toussuire.com\/nl\/\"},{\"@type\":\"ListItem\",\"position\":2,\"name\":\"Ik heb plezier\",\"item\":\"https:\/\/la-toussuire.com\/nl\/wat-te-doen-in-de-zomer\/\"},{\"@type\":\"ListItem\",\"position\":3,\"name\":\"Onze zomeractiviteiten\",\"item\":\"https:\/\/la-toussuire.com\/nl\/wat-te-doen-in-de-zomer\/zomer-activiteiten\/\"},{\"@type\":\"ListItem\",\"position\":4,\"name\":\"Onze evenementen voor het hele gezin\"}]},{\"@type\":\"WebSite\",\"@id\":\"https:\/\/la-toussuire.com\/nl\/#website\",\"url\":\"https:\/\/la-toussuire.com\/nl\/\",\"name\":\"La Toussuire\",\"description\":\"\",\"publisher\":{\"@id\":\"https:\/\/la-toussuire.com\/nl\/#organization\"},\"potentialAction\":[{\"@type\":\"SearchAction\",\"target\":{\"@type\":\"EntryPoint\",\"urlTemplate\":\"https:\/\/la-toussuire.com\/nl\/?s={search_term_string}\"},\"query-input\":{\"@type\":\"PropertyValueSpecification\",\"valueRequired\":true,\"valueName\":\"search_term_string\"}}],\"inLanguage\":\"nl-NL\"},{\"@type\":\"Organization\",\"@id\":\"https:\/\/la-toussuire.com\/nl\/#organization\",\"name\":\"La Toussuire\",\"url\":\"https:\/\/la-toussuire.com\/nl\/\",\"logo\":{\"@type\":\"ImageObject\",\"inLanguage\":\"nl-NL\",\"@id\":\"https:\/\/la-toussuire.com\/nl\/#\/schema\/logo\/image\/\",\"url\":\"https:\/\/la-toussuire.com\/wp-content\/uploads\/cropped-Nouveau-LA-TOUSSUIRE_Logo_Plan-de-travail-1-02.png\",\"contentUrl\":\"https:\/\/la-toussuire.com\/wp-content\/uploads\/cropped-Nouveau-LA-TOUSSUIRE_Logo_Plan-de-travail-1-02.png\",\"width\":591,\"height\":591,\"caption\":\"La Toussuire\"},\"image\":{\"@id\":\"https:\/\/la-toussuire.com\/nl\/#\/schema\/logo\/image\/\"}}]}<\/script>\n<!-- \/ Yoast SEO plugin. -->","yoast_head_json":{"title":"Onze evenementen voor het hele gezin - La Toussuire","description":"Zin in leuke evenementen voor jong en oud? Zoek dan niet verder, wij hebben alles wat je nodig hebt voor je vakantie!","robots":{"index":"index","follow":"follow","max-snippet":"max-snippet:-1","max-image-preview":"max-image-preview:large","max-video-preview":"max-video-preview:-1"},"canonical":"https:\/\/la-toussuire.com\/nl\/wat-te-doen-in-de-zomer\/zomer-activiteiten\/onze-evenementen-voor-het-hele-gezin\/","og_locale":"nl_NL","og_type":"article","og_title":"Onze evenementen voor het hele gezin - La Toussuire","og_description":"Zin in leuke evenementen voor jong en oud? Zoek dan niet verder, wij hebben alles wat je nodig hebt voor je vakantie!","og_url":"https:\/\/la-toussuire.com\/nl\/wat-te-doen-in-de-zomer\/zomer-activiteiten\/onze-evenementen-voor-het-hele-gezin\/","og_site_name":"La Toussuire","article_modified_time":"2025-05-12T08:32:03+00:00","og_image":[{"width":2048,"height":1153,"url":"https:\/\/la-toussuire.com\/wp-content\/uploads\/436688180_1102329337727945_2474841845023788067_n.jpg","type":"image\/jpeg"}],"twitter_card":"summary_large_image","twitter_misc":{"Geschatte leestijd":"4 minuten"},"schema":{"@context":"https:\/\/schema.org","@graph":[{"@type":"WebPage","@id":"https:\/\/la-toussuire.com\/nl\/wat-te-doen-in-de-zomer\/zomer-activiteiten\/onze-evenementen-voor-het-hele-gezin\/","url":"https:\/\/la-toussuire.com\/nl\/wat-te-doen-in-de-zomer\/zomer-activiteiten\/onze-evenementen-voor-het-hele-gezin\/","name":"Onze evenementen voor het hele gezin - La Toussuire","isPartOf":{"@id":"https:\/\/la-toussuire.com\/nl\/#website"},"primaryImageOfPage":{"@id":"https:\/\/la-toussuire.com\/nl\/wat-te-doen-in-de-zomer\/zomer-activiteiten\/onze-evenementen-voor-het-hele-gezin\/#primaryimage"},"image":{"@id":"https:\/\/la-toussuire.com\/nl\/wat-te-doen-in-de-zomer\/zomer-activiteiten\/onze-evenementen-voor-het-hele-gezin\/#primaryimage"},"thumbnailUrl":"https:\/\/la-toussuire.com\/wp-content\/uploads\/436688180_1102329337727945_2474841845023788067_n.jpg","datePublished":"2025-05-09T14:36:29+00:00","dateModified":"2025-05-12T08:32:03+00:00","description":"Zin in leuke evenementen voor jong en oud? Zoek dan niet verder, wij hebben alles wat je nodig hebt voor je vakantie!","breadcrumb":{"@id":"https:\/\/la-toussuire.com\/nl\/wat-te-doen-in-de-zomer\/zomer-activiteiten\/onze-evenementen-voor-het-hele-gezin\/#breadcrumb"},"inLanguage":"nl-NL","potentialAction":[{"@type":"ReadAction","target":["https:\/\/la-toussuire.com\/nl\/wat-te-doen-in-de-zomer\/zomer-activiteiten\/onze-evenementen-voor-het-hele-gezin\/"]}]},{"@type":"ImageObject","inLanguage":"nl-NL","@id":"https:\/\/la-toussuire.com\/nl\/wat-te-doen-in-de-zomer\/zomer-activiteiten\/onze-evenementen-voor-het-hele-gezin\/#primaryimage","url":"https:\/\/la-toussuire.com\/wp-content\/uploads\/436688180_1102329337727945_2474841845023788067_n.jpg","contentUrl":"https:\/\/la-toussuire.com\/wp-content\/uploads\/436688180_1102329337727945_2474841845023788067_n.jpg","width":2048,"height":1153,"caption":"\u00c9v\u00e9nements familiales \u00e0 La Toussuire"},{"@type":"BreadcrumbList","@id":"https:\/\/la-toussuire.com\/nl\/wat-te-doen-in-de-zomer\/zomer-activiteiten\/onze-evenementen-voor-het-hele-gezin\/#breadcrumb","itemListElement":[{"@type":"ListItem","position":1,"name":"Accueil","item":"https:\/\/la-toussuire.com\/nl\/"},{"@type":"ListItem","position":2,"name":"Ik heb plezier","item":"https:\/\/la-toussuire.com\/nl\/wat-te-doen-in-de-zomer\/"},{"@type":"ListItem","position":3,"name":"Onze zomeractiviteiten","item":"https:\/\/la-toussuire.com\/nl\/wat-te-doen-in-de-zomer\/zomer-activiteiten\/"},{"@type":"ListItem","position":4,"name":"Onze evenementen voor het hele gezin"}]},{"@type":"WebSite","@id":"https:\/\/la-toussuire.com\/nl\/#website","url":"https:\/\/la-toussuire.com\/nl\/","name":"La Toussuire","description":"","publisher":{"@id":"https:\/\/la-toussuire.com\/nl\/#organization"},"potentialAction":[{"@type":"SearchAction","target":{"@type":"EntryPoint","urlTemplate":"https:\/\/la-toussuire.com\/nl\/?s={search_term_string}"},"query-input":{"@type":"PropertyValueSpecification","valueRequired":true,"valueName":"search_term_string"}}],"inLanguage":"nl-NL"},{"@type":"Organization","@id":"https:\/\/la-toussuire.com\/nl\/#organization","name":"La Toussuire","url":"https:\/\/la-toussuire.com\/nl\/","logo":{"@type":"ImageObject","inLanguage":"nl-NL","@id":"https:\/\/la-toussuire.com\/nl\/#\/schema\/logo\/image\/","url":"https:\/\/la-toussuire.com\/wp-content\/uploads\/cropped-Nouveau-LA-TOUSSUIRE_Logo_Plan-de-travail-1-02.png","contentUrl":"https:\/\/la-toussuire.com\/wp-content\/uploads\/cropped-Nouveau-LA-TOUSSUIRE_Logo_Plan-de-travail-1-02.png","width":591,"height":591,"caption":"La Toussuire"},"image":{"@id":"https:\/\/la-toussuire.com\/nl\/#\/schema\/logo\/image\/"}}]}},"_links":{"self":[{"href":"https:\/\/la-toussuire.com\/nl\/wp-json\/wp\/v2\/pages\/37908","targetHints":{"allow":["GET"]}}],"collection":[{"href":"https:\/\/la-toussuire.com\/nl\/wp-json\/wp\/v2\/pages"}],"about":[{"href":"https:\/\/la-toussuire.com\/nl\/wp-json\/wp\/v2\/types\/page"}],"author":[{"embeddable":true,"href":"https:\/\/la-toussuire.com\/nl\/wp-json\/wp\/v2\/users\/3"}],"replies":[{"embeddable":true,"href":"https:\/\/la-toussuire.com\/nl\/wp-json\/wp\/v2\/comments?post=37908"}],"version-history":[{"count":5,"href":"https:\/\/la-toussuire.com\/nl\/wp-json\/wp\/v2\/pages\/37908\/revisions"}],"predecessor-version":[{"id":37963,"href":"https:\/\/la-toussuire.com\/nl\/wp-json\/wp\/v2\/pages\/37908\/revisions\/37963"}],"up":[{"embeddable":true,"href":"https:\/\/la-toussuire.com\/nl\/wp-json\/wp\/v2\/pages\/17187"}],"wp:featuredmedia":[{"embeddable":true,"href":"https:\/\/la-toussuire.com\/nl\/wp-json\/wp\/v2\/media\/30519"}],"wp:attachment":[{"href":"https:\/\/la-toussuire.com\/nl\/wp-json\/wp\/v2\/media?parent=37908"}],"curies":[{"name":"wp","href":"https:\/\/api.w.org\/{rel}","templated":true}]}}