{"id":37192,"date":"2025-03-22T11:26:41","date_gmt":"2025-03-22T10:26:41","guid":{"rendered":"https:\/\/la-toussuire.com\/la-maison-des-proprietaires-de-vereniging-van-eigenaren\/"},"modified":"2025-03-22T12:23:16","modified_gmt":"2025-03-22T11:23:16","slug":"la-maison-des-proprietaires-de-vereniging-van-eigenaren","status":"publish","type":"page","link":"https:\/\/la-toussuire.com\/nl\/la-maison-des-proprietaires-de-vereniging-van-eigenaren\/","title":{"rendered":"&#8220;La Maison des Propri\u00e9taires&#8221; De Vereniging van Eigenaren"},"content":{"rendered":"<div class=\"block block-core-media-text\">\n<div class=\"wp-block-media-text has-media-on-the-right is-stacked-on-mobile\"><div class=\"wp-block-media-text__content\"><div class=\"block block-core-paragraph\">\n<p class=\"has-black-color has-text-color has-link-color wp-elements-da52efc9d414de6f3042234d39e7ed9a\">La Toussuire Owners&#8217; House is een organisatie die zich inzet voor alle eigenaren van La Toussuire. Het doel is om een \u200b\u200bsterke verbinding te cre\u00ebren tussen belangrijke stakeholders in onze regio met als doel de kwaliteit van het leven in het resort te verbeteren.  <\/p>\n<\/div>\n\n<div class=\"block block-core-paragraph\">\n<p>The Owners&#8217; House is een vereniging zonder winstoogmerk en verkoopt niets.<\/p>\n<\/div><\/div><figure class=\"wp-block-media-text__media\"><img loading=\"lazy\" decoding=\"async\" width=\"605\" height=\"300\" src=\"https:\/\/la-toussuire.com\/wp-content\/uploads\/OTToussuire_Espace_Proprietaire_Logo_MDP\u00a9MDP@La_Toussuire.jpg\" alt=\"logo of La Toussuire Property Owners' Centre\" class=\"wp-image-7379 size-full\" srcset=\"https:\/\/la-toussuire.com\/wp-content\/uploads\/OTToussuire_Espace_Proprietaire_Logo_MDP\u00a9MDP@La_Toussuire.jpg 605w, https:\/\/la-toussuire.com\/wp-content\/uploads\/OTToussuire_Espace_Proprietaire_Logo_MDP\u00a9MDP@La_Toussuire-300x149.jpg 300w, https:\/\/la-toussuire.com\/wp-content\/uploads\/OTToussuire_Espace_Proprietaire_Logo_MDP\u00a9MDP@La_Toussuire-150x74.jpg 150w\" sizes=\"auto, (max-width: 605px) 100vw, 605px\" \/><\/figure><\/div>\n<\/div>\n\n<div class=\"block block-core-paragraph\">\n<p class=\"has-light-green-cyan-color has-text-color has-link-color wp-elements-3683934f004a7efac69bf747982a92d1\">Eerst is La Maison des Propri\u00e9taires opgericht om u te verwelkomen. Een plek waar naar eigenaren wordt geluisterd, waar ze worden ge\u00efnformeerd, waar ze worden geholpen en waar ze worden ondersteund bij alle commerci\u00eble, juridische, fiscale, technische kwesties, etc.  <\/p>\n<\/div>\n\n<div class=\"block block-core-media-text\">\n<div class=\"wp-block-media-text is-stacked-on-mobile\"><figure class=\"wp-block-media-text__media\"><img loading=\"lazy\" decoding=\"async\" width=\"1024\" height=\"683\" src=\"https:\/\/la-toussuire.com\/wp-content\/uploads\/\/Bureau-de-la-Maison-des-Proprietaires-1024x683.jpg\" alt=\"\" class=\"wp-image-36673 size-full\" srcset=\"https:\/\/la-toussuire.com\/wp-content\/uploads\/Bureau-de-la-Maison-des-Proprietaires-1024x683.jpg 1024w, https:\/\/la-toussuire.com\/wp-content\/uploads\/Bureau-de-la-Maison-des-Proprietaires-300x200.jpg 300w, https:\/\/la-toussuire.com\/wp-content\/uploads\/Bureau-de-la-Maison-des-Proprietaires-150x100.jpg 150w, https:\/\/la-toussuire.com\/wp-content\/uploads\/Bureau-de-la-Maison-des-Proprietaires-768x512.jpg 768w, https:\/\/la-toussuire.com\/wp-content\/uploads\/Bureau-de-la-Maison-des-Proprietaires.jpg 1234w\" sizes=\"auto, (max-width: 1024px) 100vw, 1024px\" \/><\/figure><div class=\"wp-block-media-text__content\"><div class=\"block block-core-paragraph\">\n<p>Yannick Mottard is in charge of La Maison des Propri\u00e9taires. She listens to your needs and knows the answers to your questions. If she can&#8217;t answer, she knows where to find the information and how to get it to you.  <\/p>\n<\/div>\n\n<div class=\"block block-core-paragraph\">\n<p>The goal of La Maison des Propri\u00e9taires de La Toussuire is to animate the owners network , give them the tools to better promote their accommodation, prevent the resort from losing tourist beds and allow it to maintain its attractiveness.<\/p>\n<\/div><\/div><\/div>\n<\/div>\n\n<div class=\"block block-core-buttons\">\n<div class=\"wp-block-buttons is-content-justification-right is-layout-flex wp-container-core-buttons-is-layout-765c4724 wp-block-buttons-is-layout-flex\"><div class=\"block block-core-button\">\n<div class=\"wp-block-button is-style-outline is-style-outline--1\"><a class=\"wp-block-button__link has-light-green-cyan-color has-text-color has-link-color wp-element-button\" href=\"https:\/\/la-toussuire.com\/nl\/abonneer-u-op-de-nieuwsbrief-van-maison-des-proprietaires\/\">Abonneer u op de nieuwsbrief<\/a><\/div>\n<\/div><\/div>\n<\/div>\n\n<div class=\"block block-core-heading\">\n<h2 class=\"wp-block-heading has-light-green-cyan-color has-text-color has-link-color wp-elements-1c59dd9c0a2b200d68142b7aeaa531ff\">Contacten<\/h2>\n<\/div>\n\n<div class=\"block block-core-paragraph\">\n<p>of per telefoonHet huis van de eigenaren bevindt zich in het VVV-kantoor. Yannick Mottard is de manager. Ze verwelkomt u zonder afspraak op maandag en donderdag van 14.00 tot 18.00 uur. Andere dagen op afspraak. U kunt haar bereiken via e-mail: <a href=\"mailto:hebergement@la-toussuire.com\">hebergement@la-toussuire.com<\/a> or by phone : +33 6.30.46.24.78     <\/p>\n<\/div>\n\n<div class=\"block block-core-paragraph\">\n<p class=\"has-black-color has-text-color has-link-color wp-elements-b62d12798d4a4ebf2e4c6da02798c253\">Volg La Maison des Propri\u00e9taires op <a href=\"https:\/\/www.facebook.com\/profile.php?id=100067998157718\">Facebook<\/a> or <a href=\"https:\/\/www.instagram.com\/mdp_la_toussuire\/?hl=fr\">Instagram<\/a><\/p>\n<\/div>\n\n<div class=\"block block-core-buttons\">\n<div class=\"wp-block-buttons has-custom-font-size has-white-background-color has-background has-large-font-size is-horizontal is-content-justification-center is-layout-flex wp-container-core-buttons-is-layout-499968f5 wp-block-buttons-is-layout-flex\"><div class=\"block block-core-button\">\n<div class=\"wp-block-button has-custom-width wp-block-button__width-50 has-custom-font-size is-style-outline has-medium-font-size is-style-outline--2\"><a class=\"wp-block-button__link has-light-green-cyan-color has-white-background-color has-text-color has-background has-link-color wp-element-button\" href=\"https:\/\/la-toussuire.com\/nl\/waarvoor-dient-het-owners-house-faq\/\">veelgestelde vragen<\/a><\/div>\n<\/div>\n\n<div class=\"block block-core-button\">\n<div class=\"wp-block-button has-custom-width wp-block-button__width-50 has-custom-font-size is-style-outline has-medium-font-size is-style-outline--3\"><a class=\"wp-block-button__link has-light-green-cyan-color has-white-background-color has-text-color has-background has-link-color wp-element-button\" href=\"https:\/\/la-toussuire.com\/nl\/waarom-zou-een-eigenaar-lid-moeten-worden-van-het-vvv-kantoor\/\">Sluit je aan bij het VVV-kantoor<\/a><\/div>\n<\/div>\n\n<div class=\"block block-core-button\">\n<div class=\"wp-block-button has-custom-width wp-block-button__width-50 has-custom-font-size is-style-outline has-medium-font-size is-style-outline--4\"><a class=\"wp-block-button__link has-light-green-cyan-color has-white-background-color has-text-color has-background has-link-color wp-element-button\" href=\"https:\/\/la-toussuire.com\/nl\/hoe-u-uw-accommodatie-goed-kunt-vermarkten\/\">Hoe u uw accommodatie goed kunt vermarkten<\/a><\/div>\n<\/div>\n\n<div class=\"block block-core-button\">\n<div class=\"wp-block-button has-custom-width wp-block-button__width-50 has-custom-font-size is-style-outline has-medium-font-size is-style-outline--5\"><a class=\"wp-block-button__link has-light-green-cyan-color has-white-background-color has-text-color has-background has-link-color wp-element-button\" href=\"https:\/\/la-toussuire.com\/nl\/uitgebreid-renovatieprogramma-voor-mede-eigendommen\/\">&#8220;Second Souffle&#8221;-programma<\/a><\/div>\n<\/div><\/div>\n<\/div>\n\n<div class=\"block block-core-paragraph\">\n<p><\/p>\n<\/div>","protected":false},"excerpt":{"rendered":"<p>La Toussuire Owners&#8217; House is een organisatie die zich inzet voor alle eigenaren van La Toussuire. Het doel is om een \u200b\u200bsterke verbinding te cre\u00ebren tussen belangrijke stakeholders in onze regio met als doel de kwaliteit van het leven in het resort te verbeteren. The Owners&#8217; House is een vereniging zonder winstoogmerk en verkoopt niets. [&hellip;]<\/p>\n","protected":false},"author":6,"featured_media":36510,"parent":0,"menu_order":0,"comment_status":"closed","ping_status":"closed","template":"page-template.php","meta":{"_acf_changed":false,"footnotes":""},"class_list":["post-37192","page","type-page","status-publish","has-post-thumbnail","hentry"],"acf":[],"yoast_head":"<!-- This site is optimized with the Yoast SEO plugin v27.1.1 - https:\/\/yoast.com\/product\/yoast-seo-wordpress\/ -->\n<title>&quot;La Maison des Propri\u00e9taires&quot; De Vereniging van Eigenaren - La Toussuire<\/title>\n<meta name=\"description\" content=\"The Owners&#039; House is toegewijd aan alle eigenaren van La Toussuire. Welkom heten, luisteren, informeren, ondersteunen en entertainment bieden.\" \/>\n<meta name=\"robots\" content=\"index, follow, max-snippet:-1, max-image-preview:large, max-video-preview:-1\" \/>\n<link rel=\"canonical\" href=\"https:\/\/la-toussuire.com\/nl\/la-maison-des-proprietaires-de-vereniging-van-eigenaren\/\" \/>\n<meta property=\"og:locale\" content=\"nl_NL\" \/>\n<meta property=\"og:type\" content=\"article\" \/>\n<meta property=\"og:title\" content=\"&quot;La Maison des Propri\u00e9taires&quot; De Vereniging van Eigenaren - La Toussuire\" \/>\n<meta property=\"og:description\" content=\"The Owners&#039; House is toegewijd aan alle eigenaren van La Toussuire. Welkom heten, luisteren, informeren, ondersteunen en entertainment bieden.\" \/>\n<meta property=\"og:url\" content=\"https:\/\/la-toussuire.com\/nl\/la-maison-des-proprietaires-de-vereniging-van-eigenaren\/\" \/>\n<meta property=\"og:site_name\" content=\"La Toussuire\" \/>\n<meta property=\"article:modified_time\" content=\"2025-03-22T11:23:16+00:00\" \/>\n<meta property=\"og:image\" content=\"https:\/\/la-toussuire.com\/wp-content\/uploads\/MaisonDesproprietaires@LDSPhotos.jpg\" \/>\n\t<meta property=\"og:image:width\" content=\"2048\" \/>\n\t<meta property=\"og:image:height\" content=\"1054\" \/>\n\t<meta property=\"og:image:type\" content=\"image\/jpeg\" \/>\n<meta name=\"twitter:card\" content=\"summary_large_image\" \/>\n<meta name=\"twitter:label1\" content=\"Geschatte leestijd\" \/>\n\t<meta name=\"twitter:data1\" content=\"2 minuten\" \/>\n<script type=\"application\/ld+json\" class=\"yoast-schema-graph\">{\"@context\":\"https:\/\/schema.org\",\"@graph\":[{\"@type\":\"WebPage\",\"@id\":\"https:\/\/la-toussuire.com\/nl\/la-maison-des-proprietaires-de-vereniging-van-eigenaren\/\",\"url\":\"https:\/\/la-toussuire.com\/nl\/la-maison-des-proprietaires-de-vereniging-van-eigenaren\/\",\"name\":\"\\\"La Maison des Propri\u00e9taires\\\" De Vereniging van Eigenaren - La Toussuire\",\"isPartOf\":{\"@id\":\"https:\/\/la-toussuire.com\/nl\/#website\"},\"primaryImageOfPage\":{\"@id\":\"https:\/\/la-toussuire.com\/nl\/la-maison-des-proprietaires-de-vereniging-van-eigenaren\/#primaryimage\"},\"image\":{\"@id\":\"https:\/\/la-toussuire.com\/nl\/la-maison-des-proprietaires-de-vereniging-van-eigenaren\/#primaryimage\"},\"thumbnailUrl\":\"https:\/\/la-toussuire.com\/wp-content\/uploads\/MaisonDesproprietaires@LDSPhotos.jpg\",\"datePublished\":\"2025-03-22T10:26:41+00:00\",\"dateModified\":\"2025-03-22T11:23:16+00:00\",\"description\":\"The Owners' House is toegewijd aan alle eigenaren van La Toussuire. Welkom heten, luisteren, informeren, ondersteunen en entertainment bieden.\",\"breadcrumb\":{\"@id\":\"https:\/\/la-toussuire.com\/nl\/la-maison-des-proprietaires-de-vereniging-van-eigenaren\/#breadcrumb\"},\"inLanguage\":\"nl-NL\",\"potentialAction\":[{\"@type\":\"ReadAction\",\"target\":[\"https:\/\/la-toussuire.com\/nl\/la-maison-des-proprietaires-de-vereniging-van-eigenaren\/\"]}]},{\"@type\":\"ImageObject\",\"inLanguage\":\"nl-NL\",\"@id\":\"https:\/\/la-toussuire.com\/nl\/la-maison-des-proprietaires-de-vereniging-van-eigenaren\/#primaryimage\",\"url\":\"https:\/\/la-toussuire.com\/wp-content\/uploads\/MaisonDesproprietaires@LDSPhotos.jpg\",\"contentUrl\":\"https:\/\/la-toussuire.com\/wp-content\/uploads\/MaisonDesproprietaires@LDSPhotos.jpg\",\"width\":2048,\"height\":1054,\"caption\":\"Vues int\u00e9rieures d'h\u00e9bergement sur La Toussuire @LDS Photos\"},{\"@type\":\"BreadcrumbList\",\"@id\":\"https:\/\/la-toussuire.com\/nl\/la-maison-des-proprietaires-de-vereniging-van-eigenaren\/#breadcrumb\",\"itemListElement\":[{\"@type\":\"ListItem\",\"position\":1,\"name\":\"Accueil\",\"item\":\"https:\/\/la-toussuire.com\/nl\/\"},{\"@type\":\"ListItem\",\"position\":2,\"name\":\"&#8220;La Maison des Propri\u00e9taires&#8221; De Vereniging van Eigenaren\"}]},{\"@type\":\"WebSite\",\"@id\":\"https:\/\/la-toussuire.com\/nl\/#website\",\"url\":\"https:\/\/la-toussuire.com\/nl\/\",\"name\":\"La Toussuire\",\"description\":\"\",\"publisher\":{\"@id\":\"https:\/\/la-toussuire.com\/nl\/#organization\"},\"potentialAction\":[{\"@type\":\"SearchAction\",\"target\":{\"@type\":\"EntryPoint\",\"urlTemplate\":\"https:\/\/la-toussuire.com\/nl\/?s={search_term_string}\"},\"query-input\":{\"@type\":\"PropertyValueSpecification\",\"valueRequired\":true,\"valueName\":\"search_term_string\"}}],\"inLanguage\":\"nl-NL\"},{\"@type\":\"Organization\",\"@id\":\"https:\/\/la-toussuire.com\/nl\/#organization\",\"name\":\"La Toussuire\",\"url\":\"https:\/\/la-toussuire.com\/nl\/\",\"logo\":{\"@type\":\"ImageObject\",\"inLanguage\":\"nl-NL\",\"@id\":\"https:\/\/la-toussuire.com\/nl\/#\/schema\/logo\/image\/\",\"url\":\"https:\/\/la-toussuire.com\/wp-content\/uploads\/LA-TOUSSUIRE_Logo_ALT.png\",\"contentUrl\":\"https:\/\/la-toussuire.com\/wp-content\/uploads\/LA-TOUSSUIRE_Logo_ALT.png\",\"width\":557,\"height\":325,\"caption\":\"La Toussuire\"},\"image\":{\"@id\":\"https:\/\/la-toussuire.com\/nl\/#\/schema\/logo\/image\/\"}}]}<\/script>\n<!-- \/ Yoast SEO plugin. -->","yoast_head_json":{"title":"\"La Maison des Propri\u00e9taires\" De Vereniging van Eigenaren - La Toussuire","description":"The Owners' House is toegewijd aan alle eigenaren van La Toussuire. Welkom heten, luisteren, informeren, ondersteunen en entertainment bieden.","robots":{"index":"index","follow":"follow","max-snippet":"max-snippet:-1","max-image-preview":"max-image-preview:large","max-video-preview":"max-video-preview:-1"},"canonical":"https:\/\/la-toussuire.com\/nl\/la-maison-des-proprietaires-de-vereniging-van-eigenaren\/","og_locale":"nl_NL","og_type":"article","og_title":"\"La Maison des Propri\u00e9taires\" De Vereniging van Eigenaren - La Toussuire","og_description":"The Owners' House is toegewijd aan alle eigenaren van La Toussuire. Welkom heten, luisteren, informeren, ondersteunen en entertainment bieden.","og_url":"https:\/\/la-toussuire.com\/nl\/la-maison-des-proprietaires-de-vereniging-van-eigenaren\/","og_site_name":"La Toussuire","article_modified_time":"2025-03-22T11:23:16+00:00","og_image":[{"width":2048,"height":1054,"url":"https:\/\/la-toussuire.com\/wp-content\/uploads\/MaisonDesproprietaires@LDSPhotos.jpg","type":"image\/jpeg"}],"twitter_card":"summary_large_image","twitter_misc":{"Geschatte leestijd":"2 minuten"},"schema":{"@context":"https:\/\/schema.org","@graph":[{"@type":"WebPage","@id":"https:\/\/la-toussuire.com\/nl\/la-maison-des-proprietaires-de-vereniging-van-eigenaren\/","url":"https:\/\/la-toussuire.com\/nl\/la-maison-des-proprietaires-de-vereniging-van-eigenaren\/","name":"\"La Maison des Propri\u00e9taires\" De Vereniging van Eigenaren - La Toussuire","isPartOf":{"@id":"https:\/\/la-toussuire.com\/nl\/#website"},"primaryImageOfPage":{"@id":"https:\/\/la-toussuire.com\/nl\/la-maison-des-proprietaires-de-vereniging-van-eigenaren\/#primaryimage"},"image":{"@id":"https:\/\/la-toussuire.com\/nl\/la-maison-des-proprietaires-de-vereniging-van-eigenaren\/#primaryimage"},"thumbnailUrl":"https:\/\/la-toussuire.com\/wp-content\/uploads\/MaisonDesproprietaires@LDSPhotos.jpg","datePublished":"2025-03-22T10:26:41+00:00","dateModified":"2025-03-22T11:23:16+00:00","description":"The Owners' House is toegewijd aan alle eigenaren van La Toussuire. Welkom heten, luisteren, informeren, ondersteunen en entertainment bieden.","breadcrumb":{"@id":"https:\/\/la-toussuire.com\/nl\/la-maison-des-proprietaires-de-vereniging-van-eigenaren\/#breadcrumb"},"inLanguage":"nl-NL","potentialAction":[{"@type":"ReadAction","target":["https:\/\/la-toussuire.com\/nl\/la-maison-des-proprietaires-de-vereniging-van-eigenaren\/"]}]},{"@type":"ImageObject","inLanguage":"nl-NL","@id":"https:\/\/la-toussuire.com\/nl\/la-maison-des-proprietaires-de-vereniging-van-eigenaren\/#primaryimage","url":"https:\/\/la-toussuire.com\/wp-content\/uploads\/MaisonDesproprietaires@LDSPhotos.jpg","contentUrl":"https:\/\/la-toussuire.com\/wp-content\/uploads\/MaisonDesproprietaires@LDSPhotos.jpg","width":2048,"height":1054,"caption":"Vues int\u00e9rieures d'h\u00e9bergement sur La Toussuire @LDS Photos"},{"@type":"BreadcrumbList","@id":"https:\/\/la-toussuire.com\/nl\/la-maison-des-proprietaires-de-vereniging-van-eigenaren\/#breadcrumb","itemListElement":[{"@type":"ListItem","position":1,"name":"Accueil","item":"https:\/\/la-toussuire.com\/nl\/"},{"@type":"ListItem","position":2,"name":"&#8220;La Maison des Propri\u00e9taires&#8221; De Vereniging van Eigenaren"}]},{"@type":"WebSite","@id":"https:\/\/la-toussuire.com\/nl\/#website","url":"https:\/\/la-toussuire.com\/nl\/","name":"La Toussuire","description":"","publisher":{"@id":"https:\/\/la-toussuire.com\/nl\/#organization"},"potentialAction":[{"@type":"SearchAction","target":{"@type":"EntryPoint","urlTemplate":"https:\/\/la-toussuire.com\/nl\/?s={search_term_string}"},"query-input":{"@type":"PropertyValueSpecification","valueRequired":true,"valueName":"search_term_string"}}],"inLanguage":"nl-NL"},{"@type":"Organization","@id":"https:\/\/la-toussuire.com\/nl\/#organization","name":"La Toussuire","url":"https:\/\/la-toussuire.com\/nl\/","logo":{"@type":"ImageObject","inLanguage":"nl-NL","@id":"https:\/\/la-toussuire.com\/nl\/#\/schema\/logo\/image\/","url":"https:\/\/la-toussuire.com\/wp-content\/uploads\/LA-TOUSSUIRE_Logo_ALT.png","contentUrl":"https:\/\/la-toussuire.com\/wp-content\/uploads\/LA-TOUSSUIRE_Logo_ALT.png","width":557,"height":325,"caption":"La Toussuire"},"image":{"@id":"https:\/\/la-toussuire.com\/nl\/#\/schema\/logo\/image\/"}}]}},"_links":{"self":[{"href":"https:\/\/la-toussuire.com\/nl\/wp-json\/wp\/v2\/pages\/37192","targetHints":{"allow":["GET"]}}],"collection":[{"href":"https:\/\/la-toussuire.com\/nl\/wp-json\/wp\/v2\/pages"}],"about":[{"href":"https:\/\/la-toussuire.com\/nl\/wp-json\/wp\/v2\/types\/page"}],"author":[{"embeddable":true,"href":"https:\/\/la-toussuire.com\/nl\/wp-json\/wp\/v2\/users\/6"}],"replies":[{"embeddable":true,"href":"https:\/\/la-toussuire.com\/nl\/wp-json\/wp\/v2\/comments?post=37192"}],"version-history":[{"count":5,"href":"https:\/\/la-toussuire.com\/nl\/wp-json\/wp\/v2\/pages\/37192\/revisions"}],"predecessor-version":[{"id":37221,"href":"https:\/\/la-toussuire.com\/nl\/wp-json\/wp\/v2\/pages\/37192\/revisions\/37221"}],"wp:featuredmedia":[{"embeddable":true,"href":"https:\/\/la-toussuire.com\/nl\/wp-json\/wp\/v2\/media\/36510"}],"wp:attachment":[{"href":"https:\/\/la-toussuire.com\/nl\/wp-json\/wp\/v2\/media?parent=37192"}],"curies":[{"name":"wp","href":"https:\/\/api.w.org\/{rel}","templated":true}]}}