{"id":37187,"date":"2025-03-22T11:06:15","date_gmt":"2025-03-22T10:06:15","guid":{"rendered":"https:\/\/la-toussuire.com\/waarom-zou-een-eigenaar-lid-moeten-worden-van-het-vvv-kantoor\/"},"modified":"2025-03-22T11:06:15","modified_gmt":"2025-03-22T10:06:15","slug":"waarom-zou-een-eigenaar-lid-moeten-worden-van-het-vvv-kantoor","status":"publish","type":"page","link":"https:\/\/la-toussuire.com\/nl\/waarom-zou-een-eigenaar-lid-moeten-worden-van-het-vvv-kantoor\/","title":{"rendered":"Waarom zou een eigenaar lid moeten worden van het VVV-kantoor?"},"content":{"rendered":"<div class=\"block block-core-heading\">\n<h2 class=\"wp-block-heading has-light-green-cyan-color has-text-color has-link-color wp-elements-a89fab5dc147614e6e56c2d52d1fff3f\">Waarom zou een eigenaar lid moeten worden van het VVV-kantoor?<\/h2>\n<\/div><div class=\"block block-core-paragraph\">\n<p>Waarom zou een eigenaar zich bij het VVV-kantoor moeten aansluiten? Om te profiteren van alle beschikbare informatie en training. En vooral om op de krachtige website te worden vermeld, zodat u uw accommodatie beter kunt vermarkten. Om op de hoogte te zijn van de laatste trends en bezettingscijfers, en om een \u200b\u200brol te kunnen spelen bij veranderingen binnen het resort&#8230;    <\/p>\n<\/div><div class=\"block block-core-media-text\">\n<div class=\"wp-block-media-text is-stacked-on-mobile\" style=\"grid-template-columns:38% auto\"><figure class=\"wp-block-media-text__media\"><img loading=\"lazy\" decoding=\"async\" width=\"1024\" height=\"683\" src=\"https:\/\/la-toussuire.com\/wp-content\/uploads\/\/entretiens-individuels-MdP-914296-pxhere.com_-1024x683.jpg\" alt=\"Adh\u00e9rer \u00e0 l'Office de tourisme pour b\u00e9n\u00e9ficier de l'Open pro et de tous les services attach\u00e9s\" class=\"wp-image-36581 size-full\" srcset=\"https:\/\/la-toussuire.com\/wp-content\/uploads\/entretiens-individuels-MdP-914296-pxhere.com_-1024x683.jpg 1024w, https:\/\/la-toussuire.com\/wp-content\/uploads\/entretiens-individuels-MdP-914296-pxhere.com_-300x200.jpg 300w, https:\/\/la-toussuire.com\/wp-content\/uploads\/entretiens-individuels-MdP-914296-pxhere.com_-150x100.jpg 150w, https:\/\/la-toussuire.com\/wp-content\/uploads\/entretiens-individuels-MdP-914296-pxhere.com_-768x512.jpg 768w, https:\/\/la-toussuire.com\/wp-content\/uploads\/entretiens-individuels-MdP-914296-pxhere.com_-1536x1024.jpg 1536w, https:\/\/la-toussuire.com\/wp-content\/uploads\/entretiens-individuels-MdP-914296-pxhere.com_.jpg 2048w\" sizes=\"auto, (max-width: 1024px) 100vw, 1024px\" \/><\/figure><div class=\"wp-block-media-text__content\"><div class=\"block block-core-paragraph\">\n<p>1 &#8211; Door lid te worden van het VVV-kantoor wordt een APIDAE-bestand aangemaakt waarmee u op de website kunt verschijnen en waarnaar op het web wordt verwezen. Dit bestand verschijnt ook in de accommodatieboekjes die door het VVV-kantoor worden uitgegeven.  <\/p>\n<\/div>\n\n<div class=\"block block-core-paragraph\">\n<p>2 &#8211; Als u lid wordt van het VVV-kantoor, krijgt u toegang tot OPEN PRO, het online boekingsplatform. Een uitgebreide en gebruiksvriendelijke marketingtool. Uw beschikbaarheid en tarieven online, vooraf boeken en contractboekingen per e-mail en online betalingen. Alles wat u nodig hebt om uw marketing te optimaliseren.    <\/p>\n<\/div>\n\n<div class=\"block block-core-paragraph\">\n<p>3 &#8211; Als u lid wordt van het VVV-kantoor, krijgt u toegang tot talloze extra diensten: toegang tot de fotobibliotheek van het VVV-kantoor, foto&#8217;s van uw accommodatie door een professionele fotograaf (tegen betaling, zie het lidmaatschapsdocument), gedurende het winter- en zomerseizoen, regelmatige communicatie over boekingstrends, verkeer, weer, enz.<\/p>\n<\/div><\/div><\/div>\n<\/div><div class=\"block block-core-buttons\">\n<div class=\"wp-block-buttons is-content-justification-center is-layout-flex wp-container-core-buttons-is-layout-6aafc80e wp-block-buttons-is-layout-flex\"><div class=\"block block-core-button\">\n<div class=\"wp-block-button is-style-outline is-style-outline--1\"><a class=\"wp-block-button__link has-light-green-cyan-color has-text-color has-link-color wp-element-button\" href=\"https:\/\/www.calameo.com\/books\/00703495587d153523246#google_vignette\">Sluit je aan bij het VVV-kantoor<\/a><\/div>\n<\/div>\n\n<div class=\"block block-core-button\">\n<div class=\"wp-block-button is-style-outline is-style-outline--2\"><a class=\"wp-block-button__link has-light-green-cyan-color has-text-color has-link-color wp-element-button\" href=\"https:\/\/www.sivav.fr\/hebergement\/\">Ontvang de classificatie van uw gemeubileerde accommodatie<\/a><\/div>\n<\/div>\n\n<div class=\"block block-core-button\">\n<div class=\"wp-block-button is-style-outline is-style-outline--3\"><a class=\"wp-block-button__link has-light-green-cyan-color has-text-color has-link-color wp-element-button\" href=\"https:\/\/la-toussuire.com\/wp-content\/uploads\/Guide-du-partenaire-VF-2.pdf\">Download het Partnersboekje (in het Frans)<\/a><\/div>\n<\/div><\/div>\n<\/div><div class=\"block block-core-heading\">\n<h2 class=\"wp-block-heading has-light-green-cyan-color has-text-color has-link-color wp-elements-1aaa8676382520360dff00a3e688ee0d\">Het Sybelles\u00ae Accommodatie Kwaliteitslabel<\/h2>\n<\/div><div class=\"block block-core-paragraph\">\n<p>Let op: Om lid te worden van het VVV-kantoor, moet uw gemeubileerde accommodatie geclassificeerd zijn. Om kwaliteitsservice voor uw huurders te garanderen en administratief werk voor u te vereenvoudigen, is classificatie een vereiste voor lidmaatschap. Hiermee kunt u profiteren van belastingvoordelen en vereenvoudigde berekeningen van toeristenbelasting.   <\/p>\n<\/div><div class=\"block block-core-buttons\">\n<div class=\"wp-block-buttons is-layout-flex wp-block-buttons-is-layout-flex\"><div class=\"block block-core-button\"><\/div><\/div>\n<\/div><div class=\"block block-core-media-text\">\n<div class=\"wp-block-media-text has-media-on-the-right is-stacked-on-mobile\" style=\"grid-template-columns:auto 25%\"><div class=\"wp-block-media-text__content\"><div class=\"block block-core-paragraph\">\n<p>Een gratis, extra label dat de rangschikking aanvult. Voor uw klanten garandeert het een optimale, hoogwaardige service. Voor u biedt het een heel scala aan voordelen en exclusieve promoties.   <\/p>\n<\/div><\/div><figure class=\"wp-block-media-text__media\"><img decoding=\"async\" src=\"https:\/\/la-toussuire.com\/wp-content\/uploads\/LabelHebregement-rvb-e1741934132340.jpg\" alt=\"Sybelles Accommodation Quality Label Logo. Een label dat accommodaties in het hele Domaine des Sybelles\u00ae classificeert  \" class=\"wp-image-36951 size-thumbnail\"\/><\/figure><\/div>\n<\/div><div class=\"block block-core-buttons\">\n<div class=\"wp-block-buttons is-layout-flex wp-block-buttons-is-layout-flex\"><div class=\"block block-core-button\">\n<div class=\"wp-block-button is-style-outline is-style-outline--4\"><a class=\"wp-block-button__link has-light-green-cyan-color has-text-color has-link-color wp-element-button\">Verkrijg de Sybelles\u00ae Quality Accommodation Label-classificatie<\/a><\/div>\n<\/div><\/div>\n<\/div><div class=\"block block-core-image\">\n<figure class=\"wp-block-image size-medium\"><img decoding=\"async\" src=\"https:\/\/la-toussuire.com\/wp-content\/uploads\/OTToussuire_Espace_Proprietaire_Logo_MDP&#xA9;MDP@La_Toussuire-300x149.jpg\" alt=\"logo van La Toussuire Property Owners' Centre\" class=\"wp-image-7379\"\/><\/figure>\n<\/div>","protected":false},"excerpt":{"rendered":"<p>Waarom zou een eigenaar lid moeten worden van het VVV-kantoor? Waarom zou een eigenaar zich bij het VVV-kantoor moeten aansluiten? Om te profiteren van alle beschikbare informatie en training. En vooral om op de krachtige website te worden vermeld, zodat u uw accommodatie beter kunt vermarkten. Om op de hoogte te zijn van de laatste [&hellip;]<\/p>\n","protected":false},"author":6,"featured_media":37093,"parent":0,"menu_order":0,"comment_status":"closed","ping_status":"closed","template":"page-template.php","meta":{"_acf_changed":false,"footnotes":""},"class_list":["post-37187","page","type-page","status-publish","has-post-thumbnail","hentry"],"acf":[],"yoast_head":"<!-- This site is optimized with the Yoast SEO plugin v27.1.1 - https:\/\/yoast.com\/product\/yoast-seo-wordpress\/ -->\n<title>Waarom zou een eigenaar lid moeten worden van het VVV-kantoor? - La Toussuire<\/title>\n<meta name=\"description\" content=\"Als u lid wordt van het VVV-kantoor, profiteert u van Open Pro, een online boekingsplatform, en van een breed scala aan diensten en informatie.\" \/>\n<meta name=\"robots\" content=\"index, follow, max-snippet:-1, max-image-preview:large, max-video-preview:-1\" \/>\n<link rel=\"canonical\" href=\"https:\/\/la-toussuire.com\/nl\/waarom-zou-een-eigenaar-lid-moeten-worden-van-het-vvv-kantoor\/\" \/>\n<meta property=\"og:locale\" content=\"nl_NL\" \/>\n<meta property=\"og:type\" content=\"article\" \/>\n<meta property=\"og:title\" content=\"Waarom zou een eigenaar lid moeten worden van het VVV-kantoor? - La Toussuire\" \/>\n<meta property=\"og:description\" content=\"Als u lid wordt van het VVV-kantoor, profiteert u van Open Pro, een online boekingsplatform, en van een breed scala aan diensten en informatie.\" \/>\n<meta property=\"og:url\" content=\"https:\/\/la-toussuire.com\/nl\/waarom-zou-een-eigenaar-lid-moeten-worden-van-het-vvv-kantoor\/\" \/>\n<meta property=\"og:site_name\" content=\"La Toussuire\" \/>\n<meta property=\"og:image\" content=\"https:\/\/la-toussuire.com\/wp-content\/uploads\/Office_de_Tourisme_La_Toussuire_\u00a9OT.jpg\" \/>\n\t<meta property=\"og:image:width\" content=\"1048\" \/>\n\t<meta property=\"og:image:height\" content=\"1034\" \/>\n\t<meta property=\"og:image:type\" content=\"image\/jpeg\" \/>\n<meta name=\"twitter:card\" content=\"summary_large_image\" \/>\n<meta name=\"twitter:label1\" content=\"Geschatte leestijd\" \/>\n\t<meta name=\"twitter:data1\" content=\"2 minuten\" \/>\n<script type=\"application\/ld+json\" class=\"yoast-schema-graph\">{\"@context\":\"https:\/\/schema.org\",\"@graph\":[{\"@type\":\"WebPage\",\"@id\":\"https:\/\/la-toussuire.com\/nl\/waarom-zou-een-eigenaar-lid-moeten-worden-van-het-vvv-kantoor\/\",\"url\":\"https:\/\/la-toussuire.com\/nl\/waarom-zou-een-eigenaar-lid-moeten-worden-van-het-vvv-kantoor\/\",\"name\":\"Waarom zou een eigenaar lid moeten worden van het VVV-kantoor? - La Toussuire\",\"isPartOf\":{\"@id\":\"https:\/\/la-toussuire.com\/nl\/#website\"},\"primaryImageOfPage\":{\"@id\":\"https:\/\/la-toussuire.com\/nl\/waarom-zou-een-eigenaar-lid-moeten-worden-van-het-vvv-kantoor\/#primaryimage\"},\"image\":{\"@id\":\"https:\/\/la-toussuire.com\/nl\/waarom-zou-een-eigenaar-lid-moeten-worden-van-het-vvv-kantoor\/#primaryimage\"},\"thumbnailUrl\":\"https:\/\/la-toussuire.com\/wp-content\/uploads\/Office_de_Tourisme_La_Toussuire_\u00a9OT.jpg\",\"datePublished\":\"2025-03-22T10:06:15+00:00\",\"description\":\"Als u lid wordt van het VVV-kantoor, profiteert u van Open Pro, een online boekingsplatform, en van een breed scala aan diensten en informatie.\",\"breadcrumb\":{\"@id\":\"https:\/\/la-toussuire.com\/nl\/waarom-zou-een-eigenaar-lid-moeten-worden-van-het-vvv-kantoor\/#breadcrumb\"},\"inLanguage\":\"nl-NL\",\"potentialAction\":[{\"@type\":\"ReadAction\",\"target\":[\"https:\/\/la-toussuire.com\/nl\/waarom-zou-een-eigenaar-lid-moeten-worden-van-het-vvv-kantoor\/\"]}]},{\"@type\":\"ImageObject\",\"inLanguage\":\"nl-NL\",\"@id\":\"https:\/\/la-toussuire.com\/nl\/waarom-zou-een-eigenaar-lid-moeten-worden-van-het-vvv-kantoor\/#primaryimage\",\"url\":\"https:\/\/la-toussuire.com\/wp-content\/uploads\/Office_de_Tourisme_La_Toussuire_\u00a9OT.jpg\",\"contentUrl\":\"https:\/\/la-toussuire.com\/wp-content\/uploads\/Office_de_Tourisme_La_Toussuire_\u00a9OT.jpg\",\"width\":1048,\"height\":1034,\"caption\":\"Office de Tourisme La Toussuire en hiver\"},{\"@type\":\"BreadcrumbList\",\"@id\":\"https:\/\/la-toussuire.com\/nl\/waarom-zou-een-eigenaar-lid-moeten-worden-van-het-vvv-kantoor\/#breadcrumb\",\"itemListElement\":[{\"@type\":\"ListItem\",\"position\":1,\"name\":\"Accueil\",\"item\":\"https:\/\/la-toussuire.com\/nl\/\"},{\"@type\":\"ListItem\",\"position\":2,\"name\":\"Waarom zou een eigenaar lid moeten worden van het VVV-kantoor?\"}]},{\"@type\":\"WebSite\",\"@id\":\"https:\/\/la-toussuire.com\/nl\/#website\",\"url\":\"https:\/\/la-toussuire.com\/nl\/\",\"name\":\"La Toussuire\",\"description\":\"\",\"publisher\":{\"@id\":\"https:\/\/la-toussuire.com\/nl\/#organization\"},\"potentialAction\":[{\"@type\":\"SearchAction\",\"target\":{\"@type\":\"EntryPoint\",\"urlTemplate\":\"https:\/\/la-toussuire.com\/nl\/?s={search_term_string}\"},\"query-input\":{\"@type\":\"PropertyValueSpecification\",\"valueRequired\":true,\"valueName\":\"search_term_string\"}}],\"inLanguage\":\"nl-NL\"},{\"@type\":\"Organization\",\"@id\":\"https:\/\/la-toussuire.com\/nl\/#organization\",\"name\":\"La Toussuire\",\"url\":\"https:\/\/la-toussuire.com\/nl\/\",\"logo\":{\"@type\":\"ImageObject\",\"inLanguage\":\"nl-NL\",\"@id\":\"https:\/\/la-toussuire.com\/nl\/#\/schema\/logo\/image\/\",\"url\":\"https:\/\/la-toussuire.com\/wp-content\/uploads\/cropped-Nouveau-LA-TOUSSUIRE_Logo_Plan-de-travail-1-02.png\",\"contentUrl\":\"https:\/\/la-toussuire.com\/wp-content\/uploads\/cropped-Nouveau-LA-TOUSSUIRE_Logo_Plan-de-travail-1-02.png\",\"width\":591,\"height\":591,\"caption\":\"La Toussuire\"},\"image\":{\"@id\":\"https:\/\/la-toussuire.com\/nl\/#\/schema\/logo\/image\/\"}}]}<\/script>\n<!-- \/ Yoast SEO plugin. -->","yoast_head_json":{"title":"Waarom zou een eigenaar lid moeten worden van het VVV-kantoor? - La Toussuire","description":"Als u lid wordt van het VVV-kantoor, profiteert u van Open Pro, een online boekingsplatform, en van een breed scala aan diensten en informatie.","robots":{"index":"index","follow":"follow","max-snippet":"max-snippet:-1","max-image-preview":"max-image-preview:large","max-video-preview":"max-video-preview:-1"},"canonical":"https:\/\/la-toussuire.com\/nl\/waarom-zou-een-eigenaar-lid-moeten-worden-van-het-vvv-kantoor\/","og_locale":"nl_NL","og_type":"article","og_title":"Waarom zou een eigenaar lid moeten worden van het VVV-kantoor? - La Toussuire","og_description":"Als u lid wordt van het VVV-kantoor, profiteert u van Open Pro, een online boekingsplatform, en van een breed scala aan diensten en informatie.","og_url":"https:\/\/la-toussuire.com\/nl\/waarom-zou-een-eigenaar-lid-moeten-worden-van-het-vvv-kantoor\/","og_site_name":"La Toussuire","og_image":[{"width":1048,"height":1034,"url":"https:\/\/la-toussuire.com\/wp-content\/uploads\/Office_de_Tourisme_La_Toussuire_\u00a9OT.jpg","type":"image\/jpeg"}],"twitter_card":"summary_large_image","twitter_misc":{"Geschatte leestijd":"2 minuten"},"schema":{"@context":"https:\/\/schema.org","@graph":[{"@type":"WebPage","@id":"https:\/\/la-toussuire.com\/nl\/waarom-zou-een-eigenaar-lid-moeten-worden-van-het-vvv-kantoor\/","url":"https:\/\/la-toussuire.com\/nl\/waarom-zou-een-eigenaar-lid-moeten-worden-van-het-vvv-kantoor\/","name":"Waarom zou een eigenaar lid moeten worden van het VVV-kantoor? - La Toussuire","isPartOf":{"@id":"https:\/\/la-toussuire.com\/nl\/#website"},"primaryImageOfPage":{"@id":"https:\/\/la-toussuire.com\/nl\/waarom-zou-een-eigenaar-lid-moeten-worden-van-het-vvv-kantoor\/#primaryimage"},"image":{"@id":"https:\/\/la-toussuire.com\/nl\/waarom-zou-een-eigenaar-lid-moeten-worden-van-het-vvv-kantoor\/#primaryimage"},"thumbnailUrl":"https:\/\/la-toussuire.com\/wp-content\/uploads\/Office_de_Tourisme_La_Toussuire_\u00a9OT.jpg","datePublished":"2025-03-22T10:06:15+00:00","description":"Als u lid wordt van het VVV-kantoor, profiteert u van Open Pro, een online boekingsplatform, en van een breed scala aan diensten en informatie.","breadcrumb":{"@id":"https:\/\/la-toussuire.com\/nl\/waarom-zou-een-eigenaar-lid-moeten-worden-van-het-vvv-kantoor\/#breadcrumb"},"inLanguage":"nl-NL","potentialAction":[{"@type":"ReadAction","target":["https:\/\/la-toussuire.com\/nl\/waarom-zou-een-eigenaar-lid-moeten-worden-van-het-vvv-kantoor\/"]}]},{"@type":"ImageObject","inLanguage":"nl-NL","@id":"https:\/\/la-toussuire.com\/nl\/waarom-zou-een-eigenaar-lid-moeten-worden-van-het-vvv-kantoor\/#primaryimage","url":"https:\/\/la-toussuire.com\/wp-content\/uploads\/Office_de_Tourisme_La_Toussuire_\u00a9OT.jpg","contentUrl":"https:\/\/la-toussuire.com\/wp-content\/uploads\/Office_de_Tourisme_La_Toussuire_\u00a9OT.jpg","width":1048,"height":1034,"caption":"Office de Tourisme La Toussuire en hiver"},{"@type":"BreadcrumbList","@id":"https:\/\/la-toussuire.com\/nl\/waarom-zou-een-eigenaar-lid-moeten-worden-van-het-vvv-kantoor\/#breadcrumb","itemListElement":[{"@type":"ListItem","position":1,"name":"Accueil","item":"https:\/\/la-toussuire.com\/nl\/"},{"@type":"ListItem","position":2,"name":"Waarom zou een eigenaar lid moeten worden van het VVV-kantoor?"}]},{"@type":"WebSite","@id":"https:\/\/la-toussuire.com\/nl\/#website","url":"https:\/\/la-toussuire.com\/nl\/","name":"La Toussuire","description":"","publisher":{"@id":"https:\/\/la-toussuire.com\/nl\/#organization"},"potentialAction":[{"@type":"SearchAction","target":{"@type":"EntryPoint","urlTemplate":"https:\/\/la-toussuire.com\/nl\/?s={search_term_string}"},"query-input":{"@type":"PropertyValueSpecification","valueRequired":true,"valueName":"search_term_string"}}],"inLanguage":"nl-NL"},{"@type":"Organization","@id":"https:\/\/la-toussuire.com\/nl\/#organization","name":"La Toussuire","url":"https:\/\/la-toussuire.com\/nl\/","logo":{"@type":"ImageObject","inLanguage":"nl-NL","@id":"https:\/\/la-toussuire.com\/nl\/#\/schema\/logo\/image\/","url":"https:\/\/la-toussuire.com\/wp-content\/uploads\/cropped-Nouveau-LA-TOUSSUIRE_Logo_Plan-de-travail-1-02.png","contentUrl":"https:\/\/la-toussuire.com\/wp-content\/uploads\/cropped-Nouveau-LA-TOUSSUIRE_Logo_Plan-de-travail-1-02.png","width":591,"height":591,"caption":"La Toussuire"},"image":{"@id":"https:\/\/la-toussuire.com\/nl\/#\/schema\/logo\/image\/"}}]}},"_links":{"self":[{"href":"https:\/\/la-toussuire.com\/nl\/wp-json\/wp\/v2\/pages\/37187","targetHints":{"allow":["GET"]}}],"collection":[{"href":"https:\/\/la-toussuire.com\/nl\/wp-json\/wp\/v2\/pages"}],"about":[{"href":"https:\/\/la-toussuire.com\/nl\/wp-json\/wp\/v2\/types\/page"}],"author":[{"embeddable":true,"href":"https:\/\/la-toussuire.com\/nl\/wp-json\/wp\/v2\/users\/6"}],"replies":[{"embeddable":true,"href":"https:\/\/la-toussuire.com\/nl\/wp-json\/wp\/v2\/comments?post=37187"}],"version-history":[{"count":1,"href":"https:\/\/la-toussuire.com\/nl\/wp-json\/wp\/v2\/pages\/37187\/revisions"}],"predecessor-version":[{"id":37188,"href":"https:\/\/la-toussuire.com\/nl\/wp-json\/wp\/v2\/pages\/37187\/revisions\/37188"}],"wp:featuredmedia":[{"embeddable":true,"href":"https:\/\/la-toussuire.com\/nl\/wp-json\/wp\/v2\/media\/37093"}],"wp:attachment":[{"href":"https:\/\/la-toussuire.com\/nl\/wp-json\/wp\/v2\/media?parent=37187"}],"curies":[{"name":"wp","href":"https:\/\/api.w.org\/{rel}","templated":true}]}}