{"id":32799,"date":"2024-08-06T14:46:31","date_gmt":"2024-08-06T12:46:31","guid":{"rendered":"https:\/\/la-toussuire.com\/praktische-informatie\/naar-la-toussuire-komen\/met-het-vliegtuig\/"},"modified":"2024-10-15T15:54:43","modified_gmt":"2024-10-15T13:54:43","slug":"met-het-vliegtuig","status":"publish","type":"page","link":"https:\/\/la-toussuire.com\/nl\/praktische-informatie\/naar-la-toussuire-komen\/met-het-vliegtuig\/","title":{"rendered":"Met het vliegtuig"},"content":{"rendered":"<div class=\"block block-core-heading\">\n<h1 class=\"wp-block-heading has-text-align-center\">Met het vliegtuig zijn er drie vliegvelden binnen handbereik van La Toussuire. <\/h1>\n<\/div>\n\n<div class=\"block block-core-paragraph\">\n<p class=\"has-text-align-center\">We geven je alle informatie die je nodig hebt om naar ons resort te komen, om je vliegreis zo gemakkelijk mogelijk te maken! <\/p>\n<\/div>\n\n<div class=\"block block-core-heading\">\n<h3 class=\"wp-block-heading has-text-align-center\">De drie dichtstbijzijnde luchthavens<\/h3>\n<\/div>\n\n<div class=\"block block-core-paragraph\">\n<p>&#8211; Chamb\u00e9ry: <strong>Chamb\u00e9ry Aix-Les-Bains<\/strong>, 1 uur van Saint-Jean-de-Maurienne: <a href=\"http:\/\/www.chambery-airport.com\/\" target=\"_blank\" rel=\"noreferrer noopener\">www.chambery-airport.com<\/a> <\/p>\n<\/div>\n\n<div class=\"block block-core-paragraph\">\n<p>&#8211; Lyon : <strong>Saint Exup\u00e9ry<\/strong> 1u30 van Saint-Jean-de-Maurienne : <a href=\"https:\/\/www.lyonaeroports.com\/\" target=\"_blank\" rel=\"noreferrer noopener\">www.Lyonaeroports.com<\/a><\/p>\n<\/div>\n\n<div class=\"block block-core-paragraph\">\n<p>&#8211; Internationale luchthaven van <strong>Gen\u00e8ve <\/strong>op 2 uur van Saint-Jean-de-Maurienne:<a href=\"http:\/\/www.gva.ch\/\" target=\"_blank\" rel=\"noreferrer noopener\"> www.gva.ch<\/a><\/p>\n<\/div>\n\n<div class=\"block block-core-paragraph\">\n<p>Om verder te reizen naar Saint-Jean-de-Maurienne kun je de trein nemen.<\/p>\n<\/div>\n\n<div class=\"block block-core-paragraph\">\n<p>Van Chamb\u00e9ry :<\/p>\n<\/div>\n\n<div class=\"block block-core-paragraph\">\n<p>Station: <strong>Chamb\u00e9ry &#8211; Challes-les-Eaux<\/strong>, gemiddelde reistijd 1u15. <\/p>\n<\/div>\n\n<div class=\"block block-core-paragraph\">\n<p>Van Lyon : <\/p>\n<\/div>\n\n<div class=\"block block-core-paragraph\">\n<p>Station:<strong> Lyon-Part Dieu<\/strong>, gemiddelde reistijd 3u01. <\/p>\n<\/div>\n\n<div class=\"block block-core-paragraph\">\n<p>Van Gen\u00e8ve : <\/p>\n<\/div>\n\n<div class=\"block block-core-paragraph\">\n<p>Station: <strong>Gen\u00e8ve Cornavin<\/strong>, gemiddelde reistijd 3 uur 06 minuten. <\/p>\n<\/div>\n\n<div class=\"block block-core-cover\">\n<div class=\"wp-block-cover aligncenter\"><span aria-hidden=\"true\" class=\"wp-block-cover__background has-background-dim-40 has-background-dim\"><\/span><img loading=\"lazy\" decoding=\"async\" width=\"1920\" height=\"1389\" class=\"wp-block-cover__image-background wp-image-28645\" alt=\"\" src=\"https:\/\/la-toussuire.com\/wp-content\/uploads\/station-concourse-4605489_1920.jpg\" data-object-fit=\"cover\" srcset=\"https:\/\/la-toussuire.com\/wp-content\/uploads\/station-concourse-4605489_1920.jpg 1920w, https:\/\/la-toussuire.com\/wp-content\/uploads\/station-concourse-4605489_1920-300x217.jpg 300w, https:\/\/la-toussuire.com\/wp-content\/uploads\/station-concourse-4605489_1920-1024x741.jpg 1024w, https:\/\/la-toussuire.com\/wp-content\/uploads\/station-concourse-4605489_1920-150x109.jpg 150w, https:\/\/la-toussuire.com\/wp-content\/uploads\/station-concourse-4605489_1920-768x556.jpg 768w, https:\/\/la-toussuire.com\/wp-content\/uploads\/station-concourse-4605489_1920-1536x1111.jpg 1536w\" sizes=\"auto, (max-width: 1920px) 100vw, 1920px\" \/><div class=\"wp-block-cover__inner-container is-layout-constrained wp-block-cover-is-layout-constrained\"><div class=\"block block-core-paragraph\">\n<p class=\"has-text-align-center has-x-large-font-size\">Boek uw tickets <\/p>\n<\/div>\n\n<div class=\"block block-core-buttons\">\n<div class=\"wp-block-buttons is-content-justification-center is-layout-flex wp-container-core-buttons-is-layout-16018d1d wp-block-buttons-is-layout-flex\"><div class=\"block block-core-button\">\n<div class=\"wp-block-button\"><a class=\"wp-block-button__link has-white-background-color has-background wp-element-button\" href=\"https:\/\/www.sncf-connect.com\/\" target=\"_blank\" rel=\"noreferrer noopener\">Klik hier<\/a><\/div>\n<\/div><\/div>\n<\/div><\/div><\/div>\n<\/div>\n\n<div class=\"block block-core-paragraph\">\n<p class=\"has-text-align-center\">Als je eenmaal in Saint-Jean-de-Maurienne bent aangekomen, heb je slechts 17 km of 25 minuten nodig om ons resort te bereiken. <\/p>\n<\/div>\n\n<div class=\"block block-core-paragraph\">\n<p class=\"has-text-align-center\">Er zijn verschillende opties beschikbaar, waaronder taxi&#8217;s, eigen vervoer, pendeldiensten en autoverhuur. <\/p>\n<\/div>\n\n<div class=\"block block-core-heading\">\n<h2 class=\"wp-block-heading has-text-align-center\">Shuttle<\/h2>\n<\/div>\n\n<div class=\"block block-core-paragraph\">\n<p class=\"has-text-align-center\">Het transportbedrijf Faure Savoie biedt een dienst aan tussen het station van Saint-Jean-de-Maurienne en La Toussuire. <\/p>\n<\/div>\n\n<div class=\"block block-pdf-viewer-block-standard\">\n<div class=\"wp-block-pdf-viewer-block-standard\" style=\"text-align:left\"><div class=\"uploaded-pdf\"><a href=\"https:\/\/la-toussuire.com\/wp-content\/uploads\/S31.pdf\" data-width=\"\" data-height=\"\"><\/a><\/div><\/div>\n<\/div>\n\n<div class=\"block block-core-buttons\">\n<div class=\"wp-block-buttons is-content-justification-center is-layout-flex wp-container-core-buttons-is-layout-16018d1d wp-block-buttons-is-layout-flex\"><div class=\"block block-core-button\">\n<div class=\"wp-block-button\"><a class=\"wp-block-button__link wp-element-button\" href=\"https:\/\/booking.fauresavoie.fr\/fr\/mon-voyage\/saint-jean-de-maurienne\/selection\" target=\"_blank\" rel=\"noreferrer noopener\">Ik boek mijn ticket<\/a><\/div>\n<\/div><\/div>\n<\/div>\n\n<div class=\"block block-core-heading\">\n<h2 class=\"wp-block-heading has-text-align-center\">Taxi &#8211; Transport \u00e0 la personne <\/h2>\n<\/div>\n\n<div class=\"block block-lba-apidae-selection\"><!--BEGIN ITEMS APIDAE -->\r\n    <div class=\"selection-mode-selector\" data-selection=\"119923\">\r\n        <ul>\r\n            <li><a href=\"#selection-grid\" class=\"active\">Grid view<\/a><\/li>\r\n            <li><a href=\"#selection-map\">Map view<\/a><\/li>\r\n        <\/ul>\r\n    <\/div>\r\n    <div id=\"selection-grid\" style=\"display: block;\">\r\n\r\n        <!--BEGIN FILTER -->\r\n                <!--BEGIN FILTER -->\r\n\r\n        <div id=\"selection-grid\" class=\"selection-mode-default\">\r\n                            <div class=\"card 0-3pieces\">\r\n                    <div class=\"row\">\r\n                        <div class=\"col-md-3\">\r\n                                                            <div class=\"pictos\">\r\n                                    <span class=\"label-animaux_acceptes\" title=\"Huisdieren toegestaan\">Huisdieren toegestaan<\/span>                                <\/div>\r\n                                                        <img decoding=\"async\" src=\"https:\/\/static.apidae-tourisme.com\/filestore\/objets-touristiques\/images\/46\/209\/36163886-diaporama.png\" class=\"w-100\" alt=\"Image 79374905_101873451318301_1980059749718163456_n\">\r\n                        <\/div>\r\n                        <div class=\"col-md-9\">\r\n                            <div class=\"card-block px-1\">\r\n                                <h2 class=\"card-title\">\r\n                                    <a href=\"https:\/\/la-toussuire.com\/nl\/details\/alex-go-5442746-Nl\/\">Alex Go<\/a>\r\n                                <\/h2>\r\n                                <p class=\"classement\"><\/p>\r\n                                <p class=\"card-text\">Alex Go, een op maat gemaakte transportdienst voor al uw gepersonaliseerde reizen.\r\nUne capacit\u00e9 jusqu&#8217;\u00e0 16 personnes<\/p>\r\n                                <p class=\"labels\"><\/p>\r\n                            <\/div>\r\n                            <a href=\"https:\/\/la-toussuire.com\/nl\/details\/alex-go-5442746-Nl\/\" class=\"btn\">Meer zien<\/a>\r\n                        <\/div>\r\n                    <\/div>\r\n                <\/div>\r\n                            <div class=\"card 0-3pieces\">\r\n                    <div class=\"row\">\r\n                        <div class=\"col-md-3\">\r\n                                                        <img decoding=\"async\" src=\"https:\/\/static.apidae-tourisme.com\/filestore\/objets-touristiques\/images\/94\/202\/36162142-diaporama.jpg\" class=\"w-100\" alt=\"Image La Toussuire - Shooting Bowling - Luge - Fondue 6- web\">\r\n                        <\/div>\r\n                        <div class=\"col-md-9\">\r\n                            <div class=\"card-block px-1\">\r\n                                <h2 class=\"card-title\">\r\n                                    <a href=\"https:\/\/la-toussuire.com\/nl\/details\/pascal-vtc-7485445-Nl\/\">Pascal VTC<\/a>\r\n                                <\/h2>\r\n                                <p class=\"classement\"><\/p>\r\n                                <p class=\"card-text\">Pascal VTC, uw betrouwbare partner voor VTC-diensten. Wij streven ernaar om een hoogwaardige, betrouwbare en snelle vervoersdienst te bieden die aan al uw vervoersbehoeften voldoet. Luxe voertuig met 4 zitplaatsen. Maximaal 4 passagiers.<\/p>\r\n                                <p class=\"labels\"><\/p>\r\n                            <\/div>\r\n                            <a href=\"https:\/\/la-toussuire.com\/nl\/details\/pascal-vtc-7485445-Nl\/\" class=\"btn\">Meer zien<\/a>\r\n                        <\/div>\r\n                    <\/div>\r\n                <\/div>\r\n                            <div class=\"card 0-3pieces\">\r\n                    <div class=\"row\">\r\n                        <div class=\"col-md-3\">\r\n                                                        <img decoding=\"async\" src=\"https:\/\/static.apidae-tourisme.com\/filestore\/objets-touristiques\/images\/177\/208\/36163761-diaporama.png\" class=\"w-100\" alt=\"Image V\u00e9hicules de 4 \u00e0 8 personns\">\r\n                        <\/div>\r\n                        <div class=\"col-md-9\">\r\n                            <div class=\"card-block px-1\">\r\n                                <h2 class=\"card-title\">\r\n                                    <a href=\"https:\/\/la-toussuire.com\/nl\/details\/taxis-roux-julien-et-amelie-401841-Nl\/\">Taxis Roux Julien et Am\u00e9lie<\/a>\r\n                                <\/h2>\r\n                                <p class=\"classement\"><\/p>\r\n                                <p class=\"card-text\">Taxis Roux stelt u ruime voertuigen met maximaal 8 zitplaatsen ter beschikking en biedt vervoer op maat, voor elke afstand.<\/p>\r\n                                <p class=\"labels\"><\/p>\r\n                            <\/div>\r\n                            <a href=\"https:\/\/la-toussuire.com\/nl\/details\/taxis-roux-julien-et-amelie-401841-Nl\/\" class=\"btn\">Meer zien<\/a>\r\n                        <\/div>\r\n                    <\/div>\r\n                <\/div>\r\n                    <\/div>\r\n    <\/div>\r\n    <div id=\"selection-map\" class=\"selection-mode-map\" style=\"display: none;\">\r\n        <div class=\"map\" id=\"MapContainerListe\"><\/div>\r\n    <\/div>\r\n<!--END ITEMS APIDAE -->\r\n\r\n<!--BEGIN PAGINATOR -->\r\n<!--BEGIN PAGINATOR --><\/div>\n\n<div class=\"block block-core-heading\">\n<h2 class=\"wp-block-heading has-text-align-center\">Een auto huren <\/h2>\n<\/div>\n\n<div class=\"block block-core-paragraph\">\n<p class=\"has-text-align-center\">Een aantal serviceproviders biedt verschillende voertuigen aan om aan je behoeften te voldoen. <\/p>\n<\/div>\n\n<div class=\"block block-core-paragraph\">\n<p>\u2013 <strong>Rent a car <\/strong>: + 31(0)4 79 59 91 02 \/ <a href=\"mailto:stjeandemaurienne@rentacar.fr\">stjeandemaurienne@rentacar.fr<\/a><\/p>\n<\/div>\n\n<div class=\"block block-core-paragraph\">\n<p>\u2013 <strong>Hertz<\/strong> : + 31(0)4 79 05 30 67<\/p>\n<\/div>\n\n<div class=\"block block-core-paragraph\">\n<p>\u2013 <strong>Locatie Carrefour <\/strong> : <a href=\"https:\/\/location.carrefour.fr\/vehicules?store=1237-market-saint-jean-de-maurienne&amp;utm_campaign=etablissement_gmb&amp;utm_medium=flux_opm&amp;utm_source=google\">https:\/\/location.carrefour.fr\/vehicules?store=1237-market-saint-jean-de-maurienneutm_campaign=etablissement_gmbutm_medium=flux_opmutm_source=google<\/a><\/p>\n<\/div>","protected":false},"excerpt":{"rendered":"<p>Met het vliegtuig zijn er drie vliegvelden binnen handbereik van La Toussuire. We geven je alle informatie die je nodig hebt om naar ons resort te komen, om je vliegreis zo gemakkelijk mogelijk te maken! De drie dichtstbijzijnde luchthavens &#8211; Chamb\u00e9ry: Chamb\u00e9ry Aix-Les-Bains, 1 uur van Saint-Jean-de-Maurienne: www.chambery-airport.com &#8211; Lyon : Saint Exup\u00e9ry 1u30 van [&hellip;]<\/p>\n","protected":false},"author":3,"featured_media":8726,"parent":10843,"menu_order":3,"comment_status":"closed","ping_status":"closed","template":"page-template.php","meta":{"_acf_changed":false,"footnotes":""},"class_list":["post-32799","page","type-page","status-publish","has-post-thumbnail","hentry"],"acf":[],"yoast_head":"<!-- This site is optimized with the Yoast SEO plugin v27.1.1 - https:\/\/yoast.com\/product\/yoast-seo-wordpress\/ -->\n<title>Met het vliegtuig - La Toussuire<\/title>\n<meta name=\"description\" content=\"Het is mogelijk om met het vliegtuig naar La Toussuire te komen! Er zijn drie internationale luchthavens binnen handbereik van het resort.\" \/>\n<meta name=\"robots\" content=\"index, follow, max-snippet:-1, max-image-preview:large, max-video-preview:-1\" \/>\n<link rel=\"canonical\" href=\"https:\/\/la-toussuire.com\/nl\/praktische-informatie\/naar-la-toussuire-komen\/met-het-vliegtuig\/\" \/>\n<meta property=\"og:locale\" content=\"nl_NL\" \/>\n<meta property=\"og:type\" content=\"article\" \/>\n<meta property=\"og:title\" content=\"Met het vliegtuig - La Toussuire\" \/>\n<meta property=\"og:description\" content=\"Het is mogelijk om met het vliegtuig naar La Toussuire te komen! Er zijn drie internationale luchthavens binnen handbereik van het resort.\" \/>\n<meta property=\"og:url\" content=\"https:\/\/la-toussuire.com\/nl\/praktische-informatie\/naar-la-toussuire-komen\/met-het-vliegtuig\/\" \/>\n<meta property=\"og:site_name\" content=\"La Toussuire\" \/>\n<meta property=\"article:modified_time\" content=\"2024-10-15T13:54:43+00:00\" \/>\n<meta property=\"og:image\" content=\"https:\/\/la-toussuire.com\/wp-content\/uploads\/OTToussuire_Venir_La_Toussuire_Avion\u00a9MathieuOdin@La_Toussuire.jpg\" \/>\n\t<meta property=\"og:image:width\" content=\"960\" \/>\n\t<meta property=\"og:image:height\" content=\"960\" \/>\n\t<meta property=\"og:image:type\" content=\"image\/jpeg\" \/>\n<meta name=\"twitter:card\" content=\"summary_large_image\" \/>\n<meta name=\"twitter:label1\" content=\"Geschatte leestijd\" \/>\n\t<meta name=\"twitter:data1\" content=\"2 minuten\" \/>\n<script type=\"application\/ld+json\" class=\"yoast-schema-graph\">{\"@context\":\"https:\/\/schema.org\",\"@graph\":[{\"@type\":\"WebPage\",\"@id\":\"https:\/\/la-toussuire.com\/nl\/praktische-informatie\/naar-la-toussuire-komen\/met-het-vliegtuig\/\",\"url\":\"https:\/\/la-toussuire.com\/nl\/praktische-informatie\/naar-la-toussuire-komen\/met-het-vliegtuig\/\",\"name\":\"Met het vliegtuig - La Toussuire\",\"isPartOf\":{\"@id\":\"https:\/\/la-toussuire.com\/nl\/#website\"},\"primaryImageOfPage\":{\"@id\":\"https:\/\/la-toussuire.com\/nl\/praktische-informatie\/naar-la-toussuire-komen\/met-het-vliegtuig\/#primaryimage\"},\"image\":{\"@id\":\"https:\/\/la-toussuire.com\/nl\/praktische-informatie\/naar-la-toussuire-komen\/met-het-vliegtuig\/#primaryimage\"},\"thumbnailUrl\":\"https:\/\/la-toussuire.com\/wp-content\/uploads\/OTToussuire_Venir_La_Toussuire_Avion\u00a9MathieuOdin@La_Toussuire.jpg\",\"datePublished\":\"2024-08-06T12:46:31+00:00\",\"dateModified\":\"2024-10-15T13:54:43+00:00\",\"description\":\"Het is mogelijk om met het vliegtuig naar La Toussuire te komen! Er zijn drie internationale luchthavens binnen handbereik van het resort.\",\"breadcrumb\":{\"@id\":\"https:\/\/la-toussuire.com\/nl\/praktische-informatie\/naar-la-toussuire-komen\/met-het-vliegtuig\/#breadcrumb\"},\"inLanguage\":\"nl-NL\",\"potentialAction\":[{\"@type\":\"ReadAction\",\"target\":[\"https:\/\/la-toussuire.com\/nl\/praktische-informatie\/naar-la-toussuire-komen\/met-het-vliegtuig\/\"]}]},{\"@type\":\"ImageObject\",\"inLanguage\":\"nl-NL\",\"@id\":\"https:\/\/la-toussuire.com\/nl\/praktische-informatie\/naar-la-toussuire-komen\/met-het-vliegtuig\/#primaryimage\",\"url\":\"https:\/\/la-toussuire.com\/wp-content\/uploads\/OTToussuire_Venir_La_Toussuire_Avion\u00a9MathieuOdin@La_Toussuire.jpg\",\"contentUrl\":\"https:\/\/la-toussuire.com\/wp-content\/uploads\/OTToussuire_Venir_La_Toussuire_Avion\u00a9MathieuOdin@La_Toussuire.jpg\",\"width\":960,\"height\":960,\"caption\":\"Transport per vliegtuig\"},{\"@type\":\"BreadcrumbList\",\"@id\":\"https:\/\/la-toussuire.com\/nl\/praktische-informatie\/naar-la-toussuire-komen\/met-het-vliegtuig\/#breadcrumb\",\"itemListElement\":[{\"@type\":\"ListItem\",\"position\":1,\"name\":\"Accueil\",\"item\":\"https:\/\/la-toussuire.com\/nl\/\"},{\"@type\":\"ListItem\",\"position\":2,\"name\":\"Praktische informatie\",\"item\":\"https:\/\/la-toussuire.com\/nl\/praktische-informatie\/\"},{\"@type\":\"ListItem\",\"position\":3,\"name\":\"Hoe kom ik daar?\",\"item\":\"https:\/\/la-toussuire.com\/nl\/praktische-informatie\/naar-la-toussuire-komen\/\"},{\"@type\":\"ListItem\",\"position\":4,\"name\":\"Met het vliegtuig\"}]},{\"@type\":\"WebSite\",\"@id\":\"https:\/\/la-toussuire.com\/nl\/#website\",\"url\":\"https:\/\/la-toussuire.com\/nl\/\",\"name\":\"La Toussuire\",\"description\":\"\",\"publisher\":{\"@id\":\"https:\/\/la-toussuire.com\/nl\/#organization\"},\"potentialAction\":[{\"@type\":\"SearchAction\",\"target\":{\"@type\":\"EntryPoint\",\"urlTemplate\":\"https:\/\/la-toussuire.com\/nl\/?s={search_term_string}\"},\"query-input\":{\"@type\":\"PropertyValueSpecification\",\"valueRequired\":true,\"valueName\":\"search_term_string\"}}],\"inLanguage\":\"nl-NL\"},{\"@type\":\"Organization\",\"@id\":\"https:\/\/la-toussuire.com\/nl\/#organization\",\"name\":\"La Toussuire\",\"url\":\"https:\/\/la-toussuire.com\/nl\/\",\"logo\":{\"@type\":\"ImageObject\",\"inLanguage\":\"nl-NL\",\"@id\":\"https:\/\/la-toussuire.com\/nl\/#\/schema\/logo\/image\/\",\"url\":\"https:\/\/la-toussuire.com\/wp-content\/uploads\/LA-TOUSSUIRE_Logo_ALT.png\",\"contentUrl\":\"https:\/\/la-toussuire.com\/wp-content\/uploads\/LA-TOUSSUIRE_Logo_ALT.png\",\"width\":557,\"height\":325,\"caption\":\"La Toussuire\"},\"image\":{\"@id\":\"https:\/\/la-toussuire.com\/nl\/#\/schema\/logo\/image\/\"}}]}<\/script>\n<!-- \/ Yoast SEO plugin. -->","yoast_head_json":{"title":"Met het vliegtuig - La Toussuire","description":"Het is mogelijk om met het vliegtuig naar La Toussuire te komen! Er zijn drie internationale luchthavens binnen handbereik van het resort.","robots":{"index":"index","follow":"follow","max-snippet":"max-snippet:-1","max-image-preview":"max-image-preview:large","max-video-preview":"max-video-preview:-1"},"canonical":"https:\/\/la-toussuire.com\/nl\/praktische-informatie\/naar-la-toussuire-komen\/met-het-vliegtuig\/","og_locale":"nl_NL","og_type":"article","og_title":"Met het vliegtuig - La Toussuire","og_description":"Het is mogelijk om met het vliegtuig naar La Toussuire te komen! Er zijn drie internationale luchthavens binnen handbereik van het resort.","og_url":"https:\/\/la-toussuire.com\/nl\/praktische-informatie\/naar-la-toussuire-komen\/met-het-vliegtuig\/","og_site_name":"La Toussuire","article_modified_time":"2024-10-15T13:54:43+00:00","og_image":[{"width":960,"height":960,"url":"https:\/\/la-toussuire.com\/wp-content\/uploads\/OTToussuire_Venir_La_Toussuire_Avion\u00a9MathieuOdin@La_Toussuire.jpg","type":"image\/jpeg"}],"twitter_card":"summary_large_image","twitter_misc":{"Geschatte leestijd":"2 minuten"},"schema":{"@context":"https:\/\/schema.org","@graph":[{"@type":"WebPage","@id":"https:\/\/la-toussuire.com\/nl\/praktische-informatie\/naar-la-toussuire-komen\/met-het-vliegtuig\/","url":"https:\/\/la-toussuire.com\/nl\/praktische-informatie\/naar-la-toussuire-komen\/met-het-vliegtuig\/","name":"Met het vliegtuig - La Toussuire","isPartOf":{"@id":"https:\/\/la-toussuire.com\/nl\/#website"},"primaryImageOfPage":{"@id":"https:\/\/la-toussuire.com\/nl\/praktische-informatie\/naar-la-toussuire-komen\/met-het-vliegtuig\/#primaryimage"},"image":{"@id":"https:\/\/la-toussuire.com\/nl\/praktische-informatie\/naar-la-toussuire-komen\/met-het-vliegtuig\/#primaryimage"},"thumbnailUrl":"https:\/\/la-toussuire.com\/wp-content\/uploads\/OTToussuire_Venir_La_Toussuire_Avion\u00a9MathieuOdin@La_Toussuire.jpg","datePublished":"2024-08-06T12:46:31+00:00","dateModified":"2024-10-15T13:54:43+00:00","description":"Het is mogelijk om met het vliegtuig naar La Toussuire te komen! Er zijn drie internationale luchthavens binnen handbereik van het resort.","breadcrumb":{"@id":"https:\/\/la-toussuire.com\/nl\/praktische-informatie\/naar-la-toussuire-komen\/met-het-vliegtuig\/#breadcrumb"},"inLanguage":"nl-NL","potentialAction":[{"@type":"ReadAction","target":["https:\/\/la-toussuire.com\/nl\/praktische-informatie\/naar-la-toussuire-komen\/met-het-vliegtuig\/"]}]},{"@type":"ImageObject","inLanguage":"nl-NL","@id":"https:\/\/la-toussuire.com\/nl\/praktische-informatie\/naar-la-toussuire-komen\/met-het-vliegtuig\/#primaryimage","url":"https:\/\/la-toussuire.com\/wp-content\/uploads\/OTToussuire_Venir_La_Toussuire_Avion\u00a9MathieuOdin@La_Toussuire.jpg","contentUrl":"https:\/\/la-toussuire.com\/wp-content\/uploads\/OTToussuire_Venir_La_Toussuire_Avion\u00a9MathieuOdin@La_Toussuire.jpg","width":960,"height":960,"caption":"Transport per vliegtuig"},{"@type":"BreadcrumbList","@id":"https:\/\/la-toussuire.com\/nl\/praktische-informatie\/naar-la-toussuire-komen\/met-het-vliegtuig\/#breadcrumb","itemListElement":[{"@type":"ListItem","position":1,"name":"Accueil","item":"https:\/\/la-toussuire.com\/nl\/"},{"@type":"ListItem","position":2,"name":"Praktische informatie","item":"https:\/\/la-toussuire.com\/nl\/praktische-informatie\/"},{"@type":"ListItem","position":3,"name":"Hoe kom ik daar?","item":"https:\/\/la-toussuire.com\/nl\/praktische-informatie\/naar-la-toussuire-komen\/"},{"@type":"ListItem","position":4,"name":"Met het vliegtuig"}]},{"@type":"WebSite","@id":"https:\/\/la-toussuire.com\/nl\/#website","url":"https:\/\/la-toussuire.com\/nl\/","name":"La Toussuire","description":"","publisher":{"@id":"https:\/\/la-toussuire.com\/nl\/#organization"},"potentialAction":[{"@type":"SearchAction","target":{"@type":"EntryPoint","urlTemplate":"https:\/\/la-toussuire.com\/nl\/?s={search_term_string}"},"query-input":{"@type":"PropertyValueSpecification","valueRequired":true,"valueName":"search_term_string"}}],"inLanguage":"nl-NL"},{"@type":"Organization","@id":"https:\/\/la-toussuire.com\/nl\/#organization","name":"La Toussuire","url":"https:\/\/la-toussuire.com\/nl\/","logo":{"@type":"ImageObject","inLanguage":"nl-NL","@id":"https:\/\/la-toussuire.com\/nl\/#\/schema\/logo\/image\/","url":"https:\/\/la-toussuire.com\/wp-content\/uploads\/LA-TOUSSUIRE_Logo_ALT.png","contentUrl":"https:\/\/la-toussuire.com\/wp-content\/uploads\/LA-TOUSSUIRE_Logo_ALT.png","width":557,"height":325,"caption":"La Toussuire"},"image":{"@id":"https:\/\/la-toussuire.com\/nl\/#\/schema\/logo\/image\/"}}]}},"_links":{"self":[{"href":"https:\/\/la-toussuire.com\/nl\/wp-json\/wp\/v2\/pages\/32799","targetHints":{"allow":["GET"]}}],"collection":[{"href":"https:\/\/la-toussuire.com\/nl\/wp-json\/wp\/v2\/pages"}],"about":[{"href":"https:\/\/la-toussuire.com\/nl\/wp-json\/wp\/v2\/types\/page"}],"author":[{"embeddable":true,"href":"https:\/\/la-toussuire.com\/nl\/wp-json\/wp\/v2\/users\/3"}],"replies":[{"embeddable":true,"href":"https:\/\/la-toussuire.com\/nl\/wp-json\/wp\/v2\/comments?post=32799"}],"version-history":[{"count":5,"href":"https:\/\/la-toussuire.com\/nl\/wp-json\/wp\/v2\/pages\/32799\/revisions"}],"predecessor-version":[{"id":34207,"href":"https:\/\/la-toussuire.com\/nl\/wp-json\/wp\/v2\/pages\/32799\/revisions\/34207"}],"up":[{"embeddable":true,"href":"https:\/\/la-toussuire.com\/nl\/wp-json\/wp\/v2\/pages\/10843"}],"wp:featuredmedia":[{"embeddable":true,"href":"https:\/\/la-toussuire.com\/nl\/wp-json\/wp\/v2\/media\/8726"}],"wp:attachment":[{"href":"https:\/\/la-toussuire.com\/nl\/wp-json\/wp\/v2\/media?parent=32799"}],"curies":[{"name":"wp","href":"https:\/\/api.w.org\/{rel}","templated":true}]}}