{"id":32144,"date":"2024-07-01T10:47:55","date_gmt":"2024-07-01T08:47:55","guid":{"rendered":"https:\/\/la-toussuire.com\/wat-te-doen-in-de-zomer\/verken-onze-bergen\/trail\/trail-cursus\/"},"modified":"2024-07-01T10:47:55","modified_gmt":"2024-07-01T08:47:55","slug":"trail-cursus","status":"publish","type":"page","link":"https:\/\/la-toussuire.com\/nl\/wat-te-doen-in-de-zomer\/zomer-activiteiten\/trail\/trail-cursus\/","title":{"rendered":"Trail Cursus"},"content":{"rendered":"<div class=\"block block-core-heading\">\n<h2 class=\"wp-block-heading has-text-align-center has-text-color\" style=\"color:#353619\">Meerdere mogelijkheden voor iedereen <\/h2>\n<\/div><div class=\"block block-core-paragraph\">\n<p class=\"has-text-align-center\">La Toussuire is een <strong>ideaal gebied<\/strong> voor trailrunners : <strong>ervaren<\/strong> of <strong>amateurs<\/strong>. Wintersportplaats met hoog potentieel met betrekking tot deze sportieve praktijk, ze slaat er munt uit, dag na dag. Diens verschillende lussen van verschillende niveaus zijn <strong>aangepast aan iedereen<\/strong> en staan toe zich in een <strong>idyllisch kader<\/strong> te ontwikkelen : <em>van het bos tot verschillende gehuchten van de wintersportplaats,<\/em> langs het beklimmen van bergkammen, de decors vari\u00ebren en beloven in alle gevallen u de ogen <strong>uit te steken.<\/strong><\/p>\n<\/div><div class=\"block block-core-paragraph\">\n<p class=\"has-text-align-center\">Met toegang tot espace trail van <strong>Saint-Sorlin d&#8217;Arves<\/strong> heeft u ook de mogelijkheid op avontuur te vertrekken en het massief te verkennen, zoveel u wil. <\/p>\n<\/div><div class=\"block block-core-paragraph\">\n<p class=\"has-text-align-center\"><em>Zin om u te overtreffen, u uit te sloven ? Ontdek onze verschillende trailrunningroutes ! <\/em><\/p>\n<\/div><div class=\"block block-lba-apidae-selection\"><!--BEGIN ITEMS APIDAE -->\r\n    <div class=\"selection-mode-selector\" data-selection=\"118036\">\r\n        <ul>\r\n            <li><a href=\"#selection-grid\" class=\"active\">Grid view<\/a><\/li>\r\n            <li><a href=\"#selection-map\">Map view<\/a><\/li>\r\n        <\/ul>\r\n    <\/div>\r\n    <div id=\"selection-grid\" style=\"display: block;\">\r\n\r\n        <!--BEGIN FILTER -->\r\n                <!--BEGIN FILTER -->\r\n\r\n        <div id=\"selection-grid\" class=\"selection-mode-default\">\r\n                            <div class=\"card 0-3pieces\">\r\n                    <div class=\"row\">\r\n                        <div class=\"col-md-3\">\r\n                                                            <div class=\"pictos\">\r\n                                    <span class=\"label-animaux_acceptes\" title=\"Animaux accept\u00e9s\">Animaux accept\u00e9s<\/span>                                <\/div>\r\n                                                        <img decoding=\"async\" src=\"https:\/\/static.apidae-tourisme.com\/filestore\/objets-touristiques\/images\/29\/140\/25594909-diaporama.jpg\" class=\"w-100\" alt=\"Image APernet-OTToussuire-HD-260624-111\">\r\n                        <\/div>\r\n                        <div class=\"col-md-9\">\r\n                            <div class=\"card-block px-1\">\r\n                                <h2 class=\"card-title\">\r\n                                    <a href=\"https:\/\/la-toussuire.com\/nl\/details\/parcours-n20-champ-leriscal-5887379-Fr\/\">Parcours N\u00b020 &#8211; Champ l&#8217;Eriscal<\/a>\r\n                                <\/h2>\r\n                                <p class=\"classement\"><\/p>\r\n                                <p class=\"card-text\">Piste de Trail n\u00b020 &#8211; Niveau Vert<\/p>\r\n                                <p class=\"labels\"><\/p>\r\n                            <\/div>\r\n                            <a href=\"https:\/\/la-toussuire.com\/nl\/details\/parcours-n20-champ-leriscal-5887379-Fr\/\" class=\"btn\">Meer zien<\/a>\r\n                        <\/div>\r\n                    <\/div>\r\n                <\/div>\r\n                            <div class=\"card 0-3pieces\">\r\n                    <div class=\"row\">\r\n                        <div class=\"col-md-3\">\r\n                                                            <div class=\"pictos\">\r\n                                    <span class=\"label-animaux_acceptes\" title=\"Animaux accept\u00e9s\">Animaux accept\u00e9s<\/span>                                <\/div>\r\n                                                        <img decoding=\"async\" src=\"https:\/\/static.apidae-tourisme.com\/filestore\/objets-touristiques\/images\/64\/25\/10557760-diaporama.png\" class=\"w-100\" alt=\"Image 2\">\r\n                        <\/div>\r\n                        <div class=\"col-md-9\">\r\n                            <div class=\"card-block px-1\">\r\n                                <h2 class=\"card-title\">\r\n                                    <a href=\"https:\/\/la-toussuire.com\/nl\/details\/parcours-n21-champ-leriscal-trois-croix-5887660-Fr\/\">Parcours N\u00b021 &#8211; Champ l&#8217;Eriscal \/ Trois Croix<\/a>\r\n                                <\/h2>\r\n                                <p class=\"classement\"><\/p>\r\n                                <p class=\"card-text\">Piste de Trail n\u00b021 &#8211; Niveau Vert<\/p>\r\n                                <p class=\"labels\"><\/p>\r\n                            <\/div>\r\n                            <a href=\"https:\/\/la-toussuire.com\/nl\/details\/parcours-n21-champ-leriscal-trois-croix-5887660-Fr\/\" class=\"btn\">Meer zien<\/a>\r\n                        <\/div>\r\n                    <\/div>\r\n                <\/div>\r\n                            <div class=\"card 0-3pieces\">\r\n                    <div class=\"row\">\r\n                        <div class=\"col-md-3\">\r\n                                                            <div class=\"pictos\">\r\n                                    <span class=\"label-animaux_acceptes\" title=\"Animaux accept\u00e9s\">Animaux accept\u00e9s<\/span>                                <\/div>\r\n                                                        <img decoding=\"async\" src=\"https:\/\/static.apidae-tourisme.com\/filestore\/objets-touristiques\/images\/129\/106\/10578561-diaporama.jpg\" class=\"w-100\" alt=\"Image image00001\">\r\n                        <\/div>\r\n                        <div class=\"col-md-9\">\r\n                            <div class=\"card-block px-1\">\r\n                                <h2 class=\"card-title\">\r\n                                    <a href=\"https:\/\/la-toussuire.com\/nl\/details\/parcours-n22-croix-de-coin-cavour-grand-truc-5887795-Fr\/\">Parcours N\u00b022 &#8211; Croix de Coin Cavour \/ Grand Truc<\/a>\r\n                                <\/h2>\r\n                                <p class=\"classement\"><\/p>\r\n                                <p class=\"card-text\">Piste de Trail n\u00b022 &#8211; Niveau Bleu<\/p>\r\n                                <p class=\"labels\"><\/p>\r\n                            <\/div>\r\n                            <a href=\"https:\/\/la-toussuire.com\/nl\/details\/parcours-n22-croix-de-coin-cavour-grand-truc-5887795-Fr\/\" class=\"btn\">Meer zien<\/a>\r\n                        <\/div>\r\n                    <\/div>\r\n                <\/div>\r\n                            <div class=\"card 0-3pieces\">\r\n                    <div class=\"row\">\r\n                        <div class=\"col-md-3\">\r\n                                                            <div class=\"pictos\">\r\n                                    <span class=\"label-animaux_acceptes\" title=\"Animaux accept\u00e9s\">Animaux accept\u00e9s<\/span>                                <\/div>\r\n                                                        <img decoding=\"async\" src=\"https:\/\/static.apidae-tourisme.com\/filestore\/objets-touristiques\/images\/42\/33\/10559786-diaporama.jpg\" class=\"w-100\" alt=\"Image image00005\">\r\n                        <\/div>\r\n                        <div class=\"col-md-9\">\r\n                            <div class=\"card-block px-1\">\r\n                                <h2 class=\"card-title\">\r\n                                    <a href=\"https:\/\/la-toussuire.com\/nl\/details\/parcours-n23-boucle-de-louillon-5888060-Fr\/\">Parcours N\u00b023 &#8211; Boucle de l&#8217;Ouillon<\/a>\r\n                                <\/h2>\r\n                                <p class=\"classement\"><\/p>\r\n                                <p class=\"card-text\">Piste de Trail n\u00b023 &#8211; Niveau Rouge<\/p>\r\n                                <p class=\"labels\"><\/p>\r\n                            <\/div>\r\n                            <a href=\"https:\/\/la-toussuire.com\/nl\/details\/parcours-n23-boucle-de-louillon-5888060-Fr\/\" class=\"btn\">Meer zien<\/a>\r\n                        <\/div>\r\n                    <\/div>\r\n                <\/div>\r\n                            <div class=\"card 0-3pieces\">\r\n                    <div class=\"row\">\r\n                        <div class=\"col-md-3\">\r\n                                                        <img decoding=\"async\" src=\"https:\/\/static.apidae-tourisme.com\/filestore\/objets-touristiques\/images\/57\/140\/25594937-diaporama.jpg\" class=\"w-100\" alt=\"Image APernet-OTToussuire-HD-260624-034\">\r\n                        <\/div>\r\n                        <div class=\"col-md-9\">\r\n                            <div class=\"card-block px-1\">\r\n                                <h2 class=\"card-title\">\r\n                                    <a href=\"https:\/\/la-toussuire.com\/nl\/details\/parcours-n24-boucle-des-hameaux-7084195-Fr\/\">Parcours N\u00b024 &#8211; Boucle des Hameaux<\/a>\r\n                                <\/h2>\r\n                                <p class=\"classement\"><\/p>\r\n                                <p class=\"card-text\">Ce circuit vous emm\u00e8ne \u00e0 la d\u00e9couverte des hameaux de Fontcouverte \u2013 La Toussuire. Au programme 11 jolies hameaux \u00e0 d\u00e9couvrir avec un passage du cot\u00e9 des Botti\u00e8res.<\/p>\r\n                                <p class=\"labels\"><\/p>\r\n                            <\/div>\r\n                            <a href=\"https:\/\/la-toussuire.com\/nl\/details\/parcours-n24-boucle-des-hameaux-7084195-Fr\/\" class=\"btn\">Meer zien<\/a>\r\n                        <\/div>\r\n                    <\/div>\r\n                <\/div>\r\n                            <div class=\"card 0-3pieces\">\r\n                    <div class=\"row\">\r\n                        <div class=\"col-md-3\">\r\n                                                        <img decoding=\"async\" src=\"https:\/\/static.apidae-tourisme.com\/filestore\/objets-touristiques\/images\/37\/140\/25594917-diaporama.jpg\" class=\"w-100\" alt=\"Image APernet-OTToussuire-HD-260624-086\">\r\n                        <\/div>\r\n                        <div class=\"col-md-9\">\r\n                            <div class=\"card-block px-1\">\r\n                                <h2 class=\"card-title\">\r\n                                    <a href=\"https:\/\/la-toussuire.com\/nl\/details\/parcours-n25-fontcouverte-la-toussuire-7084268-Fr\/\">Parcours N\u00b025 &#8211; Fontcouverte &#8211; La Toussuire<\/a>\r\n                                <\/h2>\r\n                                <p class=\"classement\"><\/p>\r\n                                <p class=\"card-text\">Combinez une \u00e9chapp\u00e9e sur les cr\u00eates de l&#8217;Ouillon au Grand Truc et un tour par les hameaux de la vall\u00e9e. Faites ainsi un tour d&#8217;horizon complet de Fontcouverte &#8211; La Toussuire !<\/p>\r\n                                <p class=\"labels\"><\/p>\r\n                            <\/div>\r\n                            <a href=\"https:\/\/la-toussuire.com\/nl\/details\/parcours-n25-fontcouverte-la-toussuire-7084268-Fr\/\" class=\"btn\">Meer zien<\/a>\r\n                        <\/div>\r\n                    <\/div>\r\n                <\/div>\r\n                    <\/div>\r\n    <\/div>\r\n    <div id=\"selection-map\" class=\"selection-mode-map\" style=\"display: none;\">\r\n        <div class=\"map\" id=\"MapContainerListe\"><\/div>\r\n    <\/div>\r\n<!--END ITEMS APIDAE -->\r\n\r\n<!--BEGIN PAGINATOR -->\r\n<!--BEGIN PAGINATOR --><\/div><div class=\"block block-core-paragraph\">\n<p><\/p>\n<\/div>","protected":false},"excerpt":{"rendered":"<p>Meerdere mogelijkheden voor iedereen La Toussuire is een ideaal gebied voor trailrunners : ervaren of amateurs. Wintersportplaats met hoog potentieel met betrekking tot deze sportieve praktijk, ze slaat er munt uit, dag na dag. Diens verschillende lussen van verschillende niveaus zijn aangepast aan iedereen en staan toe zich in een idyllisch kader te ontwikkelen : [&hellip;]<\/p>\n","protected":false},"author":3,"featured_media":8930,"parent":10780,"menu_order":2,"comment_status":"closed","ping_status":"closed","template":"page-template.php","meta":{"_acf_changed":false,"footnotes":""},"class_list":["post-32144","page","type-page","status-publish","has-post-thumbnail","hentry"],"acf":[],"yoast_head":"<!-- This site is optimized with the Yoast SEO plugin v27.1.1 - https:\/\/yoast.com\/product\/yoast-seo-wordpress\/ -->\n<title>Trail Cursus - La Toussuire<\/title>\n<meta name=\"description\" content=\"Het espace Trail van la Toussuire is samengesteld uit 4 trailrunningroutes van verschillende niveaus, lussen vormend, evenals een 1\/2KV van 1,4 km\" \/>\n<meta name=\"robots\" content=\"index, follow, max-snippet:-1, max-image-preview:large, max-video-preview:-1\" \/>\n<link rel=\"canonical\" href=\"https:\/\/la-toussuire.com\/nl\/wat-te-doen-in-de-zomer\/zomer-activiteiten\/trail\/trail-cursus\/\" \/>\n<meta property=\"og:locale\" content=\"nl_NL\" \/>\n<meta property=\"og:type\" content=\"article\" \/>\n<meta property=\"og:title\" content=\"Trail Cursus - La Toussuire\" \/>\n<meta property=\"og:description\" content=\"Het espace Trail van la Toussuire is samengesteld uit 4 trailrunningroutes van verschillende niveaus, lussen vormend, evenals een 1\/2KV van 1,4 km\" \/>\n<meta property=\"og:url\" content=\"https:\/\/la-toussuire.com\/nl\/wat-te-doen-in-de-zomer\/zomer-activiteiten\/trail\/trail-cursus\/\" \/>\n<meta property=\"og:site_name\" content=\"La Toussuire\" \/>\n<meta property=\"og:image\" content=\"https:\/\/la-toussuire.com\/wp-content\/uploads\/OTToussuire_Parcours_Trail_Presentation\u00a9AlbanPernet@La_Toussuire-1.jpg\" \/>\n\t<meta property=\"og:image:width\" content=\"2400\" \/>\n\t<meta property=\"og:image:height\" content=\"1600\" \/>\n\t<meta property=\"og:image:type\" content=\"image\/jpeg\" \/>\n<meta name=\"twitter:card\" content=\"summary_large_image\" \/>\n<meta name=\"twitter:label1\" content=\"Geschatte leestijd\" \/>\n\t<meta name=\"twitter:data1\" content=\"1 minuut\" \/>\n<script type=\"application\/ld+json\" class=\"yoast-schema-graph\">{\"@context\":\"https:\/\/schema.org\",\"@graph\":[{\"@type\":\"WebPage\",\"@id\":\"https:\/\/la-toussuire.com\/nl\/wat-te-doen-in-de-zomer\/zomer-activiteiten\/trail\/trail-cursus\/\",\"url\":\"https:\/\/la-toussuire.com\/nl\/wat-te-doen-in-de-zomer\/zomer-activiteiten\/trail\/trail-cursus\/\",\"name\":\"Trail Cursus - La Toussuire\",\"isPartOf\":{\"@id\":\"https:\/\/la-toussuire.com\/nl\/#website\"},\"primaryImageOfPage\":{\"@id\":\"https:\/\/la-toussuire.com\/nl\/wat-te-doen-in-de-zomer\/zomer-activiteiten\/trail\/trail-cursus\/#primaryimage\"},\"image\":{\"@id\":\"https:\/\/la-toussuire.com\/nl\/wat-te-doen-in-de-zomer\/zomer-activiteiten\/trail\/trail-cursus\/#primaryimage\"},\"thumbnailUrl\":\"https:\/\/la-toussuire.com\/wp-content\/uploads\/OTToussuire_Parcours_Trail_Presentation\u00a9AlbanPernet@La_Toussuire-1.jpg\",\"datePublished\":\"2024-07-01T08:47:55+00:00\",\"description\":\"Het espace Trail van la Toussuire is samengesteld uit 4 trailrunningroutes van verschillende niveaus, lussen vormend, evenals een 1\/2KV van 1,4 km\",\"breadcrumb\":{\"@id\":\"https:\/\/la-toussuire.com\/nl\/wat-te-doen-in-de-zomer\/zomer-activiteiten\/trail\/trail-cursus\/#breadcrumb\"},\"inLanguage\":\"nl-NL\",\"potentialAction\":[{\"@type\":\"ReadAction\",\"target\":[\"https:\/\/la-toussuire.com\/nl\/wat-te-doen-in-de-zomer\/zomer-activiteiten\/trail\/trail-cursus\/\"]}]},{\"@type\":\"ImageObject\",\"inLanguage\":\"nl-NL\",\"@id\":\"https:\/\/la-toussuire.com\/nl\/wat-te-doen-in-de-zomer\/zomer-activiteiten\/trail\/trail-cursus\/#primaryimage\",\"url\":\"https:\/\/la-toussuire.com\/wp-content\/uploads\/OTToussuire_Parcours_Trail_Presentation\u00a9AlbanPernet@La_Toussuire-1.jpg\",\"contentUrl\":\"https:\/\/la-toussuire.com\/wp-content\/uploads\/OTToussuire_Parcours_Trail_Presentation\u00a9AlbanPernet@La_Toussuire-1.jpg\",\"width\":2400,\"height\":1600,\"caption\":\"Trailrunner op de bergkam van Bellard\"},{\"@type\":\"BreadcrumbList\",\"@id\":\"https:\/\/la-toussuire.com\/nl\/wat-te-doen-in-de-zomer\/zomer-activiteiten\/trail\/trail-cursus\/#breadcrumb\",\"itemListElement\":[{\"@type\":\"ListItem\",\"position\":1,\"name\":\"Accueil\",\"item\":\"https:\/\/la-toussuire.com\/nl\/\"},{\"@type\":\"ListItem\",\"position\":2,\"name\":\"Ik heb plezier\",\"item\":\"https:\/\/la-toussuire.com\/nl\/wat-te-doen-in-de-zomer\/\"},{\"@type\":\"ListItem\",\"position\":3,\"name\":\"Onze zomeractiviteiten\",\"item\":\"https:\/\/la-toussuire.com\/nl\/wat-te-doen-in-de-zomer\/zomer-activiteiten\/\"},{\"@type\":\"ListItem\",\"position\":4,\"name\":\"Trailrunning\",\"item\":\"https:\/\/la-toussuire.com\/nl\/wat-te-doen-in-de-zomer\/zomer-activiteiten\/trail\/\"},{\"@type\":\"ListItem\",\"position\":5,\"name\":\"Trail Cursus\"}]},{\"@type\":\"WebSite\",\"@id\":\"https:\/\/la-toussuire.com\/nl\/#website\",\"url\":\"https:\/\/la-toussuire.com\/nl\/\",\"name\":\"La Toussuire\",\"description\":\"\",\"publisher\":{\"@id\":\"https:\/\/la-toussuire.com\/nl\/#organization\"},\"potentialAction\":[{\"@type\":\"SearchAction\",\"target\":{\"@type\":\"EntryPoint\",\"urlTemplate\":\"https:\/\/la-toussuire.com\/nl\/?s={search_term_string}\"},\"query-input\":{\"@type\":\"PropertyValueSpecification\",\"valueRequired\":true,\"valueName\":\"search_term_string\"}}],\"inLanguage\":\"nl-NL\"},{\"@type\":\"Organization\",\"@id\":\"https:\/\/la-toussuire.com\/nl\/#organization\",\"name\":\"La Toussuire\",\"url\":\"https:\/\/la-toussuire.com\/nl\/\",\"logo\":{\"@type\":\"ImageObject\",\"inLanguage\":\"nl-NL\",\"@id\":\"https:\/\/la-toussuire.com\/nl\/#\/schema\/logo\/image\/\",\"url\":\"https:\/\/la-toussuire.com\/wp-content\/uploads\/cropped-Nouveau-LA-TOUSSUIRE_Logo_Plan-de-travail-1-02.png\",\"contentUrl\":\"https:\/\/la-toussuire.com\/wp-content\/uploads\/cropped-Nouveau-LA-TOUSSUIRE_Logo_Plan-de-travail-1-02.png\",\"width\":591,\"height\":591,\"caption\":\"La Toussuire\"},\"image\":{\"@id\":\"https:\/\/la-toussuire.com\/nl\/#\/schema\/logo\/image\/\"}}]}<\/script>\n<!-- \/ Yoast SEO plugin. -->","yoast_head_json":{"title":"Trail Cursus - La Toussuire","description":"Het espace Trail van la Toussuire is samengesteld uit 4 trailrunningroutes van verschillende niveaus, lussen vormend, evenals een 1\/2KV van 1,4 km","robots":{"index":"index","follow":"follow","max-snippet":"max-snippet:-1","max-image-preview":"max-image-preview:large","max-video-preview":"max-video-preview:-1"},"canonical":"https:\/\/la-toussuire.com\/nl\/wat-te-doen-in-de-zomer\/zomer-activiteiten\/trail\/trail-cursus\/","og_locale":"nl_NL","og_type":"article","og_title":"Trail Cursus - La Toussuire","og_description":"Het espace Trail van la Toussuire is samengesteld uit 4 trailrunningroutes van verschillende niveaus, lussen vormend, evenals een 1\/2KV van 1,4 km","og_url":"https:\/\/la-toussuire.com\/nl\/wat-te-doen-in-de-zomer\/zomer-activiteiten\/trail\/trail-cursus\/","og_site_name":"La Toussuire","og_image":[{"width":2400,"height":1600,"url":"https:\/\/la-toussuire.com\/wp-content\/uploads\/OTToussuire_Parcours_Trail_Presentation\u00a9AlbanPernet@La_Toussuire-1.jpg","type":"image\/jpeg"}],"twitter_card":"summary_large_image","twitter_misc":{"Geschatte leestijd":"1 minuut"},"schema":{"@context":"https:\/\/schema.org","@graph":[{"@type":"WebPage","@id":"https:\/\/la-toussuire.com\/nl\/wat-te-doen-in-de-zomer\/zomer-activiteiten\/trail\/trail-cursus\/","url":"https:\/\/la-toussuire.com\/nl\/wat-te-doen-in-de-zomer\/zomer-activiteiten\/trail\/trail-cursus\/","name":"Trail Cursus - La Toussuire","isPartOf":{"@id":"https:\/\/la-toussuire.com\/nl\/#website"},"primaryImageOfPage":{"@id":"https:\/\/la-toussuire.com\/nl\/wat-te-doen-in-de-zomer\/zomer-activiteiten\/trail\/trail-cursus\/#primaryimage"},"image":{"@id":"https:\/\/la-toussuire.com\/nl\/wat-te-doen-in-de-zomer\/zomer-activiteiten\/trail\/trail-cursus\/#primaryimage"},"thumbnailUrl":"https:\/\/la-toussuire.com\/wp-content\/uploads\/OTToussuire_Parcours_Trail_Presentation\u00a9AlbanPernet@La_Toussuire-1.jpg","datePublished":"2024-07-01T08:47:55+00:00","description":"Het espace Trail van la Toussuire is samengesteld uit 4 trailrunningroutes van verschillende niveaus, lussen vormend, evenals een 1\/2KV van 1,4 km","breadcrumb":{"@id":"https:\/\/la-toussuire.com\/nl\/wat-te-doen-in-de-zomer\/zomer-activiteiten\/trail\/trail-cursus\/#breadcrumb"},"inLanguage":"nl-NL","potentialAction":[{"@type":"ReadAction","target":["https:\/\/la-toussuire.com\/nl\/wat-te-doen-in-de-zomer\/zomer-activiteiten\/trail\/trail-cursus\/"]}]},{"@type":"ImageObject","inLanguage":"nl-NL","@id":"https:\/\/la-toussuire.com\/nl\/wat-te-doen-in-de-zomer\/zomer-activiteiten\/trail\/trail-cursus\/#primaryimage","url":"https:\/\/la-toussuire.com\/wp-content\/uploads\/OTToussuire_Parcours_Trail_Presentation\u00a9AlbanPernet@La_Toussuire-1.jpg","contentUrl":"https:\/\/la-toussuire.com\/wp-content\/uploads\/OTToussuire_Parcours_Trail_Presentation\u00a9AlbanPernet@La_Toussuire-1.jpg","width":2400,"height":1600,"caption":"Trailrunner op de bergkam van Bellard"},{"@type":"BreadcrumbList","@id":"https:\/\/la-toussuire.com\/nl\/wat-te-doen-in-de-zomer\/zomer-activiteiten\/trail\/trail-cursus\/#breadcrumb","itemListElement":[{"@type":"ListItem","position":1,"name":"Accueil","item":"https:\/\/la-toussuire.com\/nl\/"},{"@type":"ListItem","position":2,"name":"Ik heb plezier","item":"https:\/\/la-toussuire.com\/nl\/wat-te-doen-in-de-zomer\/"},{"@type":"ListItem","position":3,"name":"Onze zomeractiviteiten","item":"https:\/\/la-toussuire.com\/nl\/wat-te-doen-in-de-zomer\/zomer-activiteiten\/"},{"@type":"ListItem","position":4,"name":"Trailrunning","item":"https:\/\/la-toussuire.com\/nl\/wat-te-doen-in-de-zomer\/zomer-activiteiten\/trail\/"},{"@type":"ListItem","position":5,"name":"Trail Cursus"}]},{"@type":"WebSite","@id":"https:\/\/la-toussuire.com\/nl\/#website","url":"https:\/\/la-toussuire.com\/nl\/","name":"La Toussuire","description":"","publisher":{"@id":"https:\/\/la-toussuire.com\/nl\/#organization"},"potentialAction":[{"@type":"SearchAction","target":{"@type":"EntryPoint","urlTemplate":"https:\/\/la-toussuire.com\/nl\/?s={search_term_string}"},"query-input":{"@type":"PropertyValueSpecification","valueRequired":true,"valueName":"search_term_string"}}],"inLanguage":"nl-NL"},{"@type":"Organization","@id":"https:\/\/la-toussuire.com\/nl\/#organization","name":"La Toussuire","url":"https:\/\/la-toussuire.com\/nl\/","logo":{"@type":"ImageObject","inLanguage":"nl-NL","@id":"https:\/\/la-toussuire.com\/nl\/#\/schema\/logo\/image\/","url":"https:\/\/la-toussuire.com\/wp-content\/uploads\/cropped-Nouveau-LA-TOUSSUIRE_Logo_Plan-de-travail-1-02.png","contentUrl":"https:\/\/la-toussuire.com\/wp-content\/uploads\/cropped-Nouveau-LA-TOUSSUIRE_Logo_Plan-de-travail-1-02.png","width":591,"height":591,"caption":"La Toussuire"},"image":{"@id":"https:\/\/la-toussuire.com\/nl\/#\/schema\/logo\/image\/"}}]}},"_links":{"self":[{"href":"https:\/\/la-toussuire.com\/nl\/wp-json\/wp\/v2\/pages\/32144","targetHints":{"allow":["GET"]}}],"collection":[{"href":"https:\/\/la-toussuire.com\/nl\/wp-json\/wp\/v2\/pages"}],"about":[{"href":"https:\/\/la-toussuire.com\/nl\/wp-json\/wp\/v2\/types\/page"}],"author":[{"embeddable":true,"href":"https:\/\/la-toussuire.com\/nl\/wp-json\/wp\/v2\/users\/3"}],"replies":[{"embeddable":true,"href":"https:\/\/la-toussuire.com\/nl\/wp-json\/wp\/v2\/comments?post=32144"}],"version-history":[{"count":1,"href":"https:\/\/la-toussuire.com\/nl\/wp-json\/wp\/v2\/pages\/32144\/revisions"}],"predecessor-version":[{"id":32145,"href":"https:\/\/la-toussuire.com\/nl\/wp-json\/wp\/v2\/pages\/32144\/revisions\/32145"}],"up":[{"embeddable":true,"href":"https:\/\/la-toussuire.com\/nl\/wp-json\/wp\/v2\/pages\/10780"}],"wp:featuredmedia":[{"embeddable":true,"href":"https:\/\/la-toussuire.com\/nl\/wp-json\/wp\/v2\/media\/8930"}],"wp:attachment":[{"href":"https:\/\/la-toussuire.com\/nl\/wp-json\/wp\/v2\/media?parent=32144"}],"curies":[{"name":"wp","href":"https:\/\/api.w.org\/{rel}","templated":true}]}}