{"id":31690,"date":"2024-05-29T15:43:22","date_gmt":"2024-05-29T13:43:22","guid":{"rendered":"https:\/\/la-toussuire.com\/wat-te-doen-in-de-zomer\/agenda-en-evenementen\/"},"modified":"2026-04-08T16:29:08","modified_gmt":"2026-04-08T14:29:08","slug":"agenda-en-evenementen","status":"publish","type":"page","link":"https:\/\/la-toussuire.com\/nl\/wat-te-doen-in-de-zomer\/agenda-en-evenementen\/","title":{"rendered":"Dagboek"},"content":{"rendered":"<div class=\"block block-core-heading\">\n<h2 class=\"wp-block-heading has-text-align-center\">Er gebeuren zoveel dingen&#8230; <\/h2>\n<\/div><div class=\"block block-core-paragraph\">\n<p class=\"has-text-align-center\"><strong>Familievermaak<\/strong>, <strong>sport<\/strong> of <strong>ontspanning<\/strong>, maar ook <strong>themaweken<\/strong> om de seizoenen te verlevendigen: voor verveling is geen plaats in La Touissure! <em>Neem een kijkje en ontdek meer ? <\/em><\/p>\n<\/div><div class=\"block block-core-media-text align-wrap align-wrap-wide\">\n<div class=\"wp-block-media-text alignwide is-stacked-on-mobile is-image-fill-element\"><figure class=\"wp-block-media-text__media\"><img loading=\"lazy\" decoding=\"async\" width=\"1024\" height=\"684\" src=\"https:\/\/la-toussuire.com\/wp-content\/uploads\/\/APernet-OTToussuire-web-090823-371-1024x684.jpg\" alt=\"Photo prise de jour en \u00e9t\u00e9 en format paysage. Nous pouvons voir une famille en train de jouer \u00e0 une partie de m\u00f6lkky dans l'herbe. C'est la m\u00e8re qui tire sur les quilles plusieurs d'entre elles sont en train de tomber au sol.\" class=\"wp-image-30457 size-full\" style=\"object-position:50% 50%\" srcset=\"https:\/\/la-toussuire.com\/wp-content\/uploads\/APernet-OTToussuire-web-090823-371-1024x684.jpg 1024w, https:\/\/la-toussuire.com\/wp-content\/uploads\/APernet-OTToussuire-web-090823-371-300x200.jpg 300w, https:\/\/la-toussuire.com\/wp-content\/uploads\/APernet-OTToussuire-web-090823-371-150x100.jpg 150w, https:\/\/la-toussuire.com\/wp-content\/uploads\/APernet-OTToussuire-web-090823-371-768x513.jpg 768w, https:\/\/la-toussuire.com\/wp-content\/uploads\/APernet-OTToussuire-web-090823-371.jpg 1080w\" sizes=\"auto, (max-width: 1024px) 100vw, 1024px\" \/><\/figure><div class=\"wp-block-media-text__content\"><div class=\"block block-core-heading\">\n<h2 class=\"wp-block-heading has-text-align-center\" id=\"agenda-saison\">Programma&#8217;s <\/h2>\n<\/div>\n\n<div class=\"block block-core-paragraph\">\n<p class=\"has-text-align-center\">Wat is er beter dan een <strong>programma<\/strong> met alles wat er te doen is in La Toussuire als je er bent?<\/p>\n<\/div>\n\n<div class=\"block block-core-buttons\">\n<div class=\"wp-block-buttons is-content-justification-center is-layout-flex wp-container-core-buttons-is-layout-16018d1d wp-block-buttons-is-layout-flex\"><div class=\"block block-core-button\">\n<div class=\"wp-block-button\"><a class=\"wp-block-button__link wp-element-button\" href=\"https:\/\/la-toussuire.com\/nl\/wat-te-doen-in-de-zomer\/agenda-en-evenementen\/programma\/\">Wie wil mijn programma?<\/a><\/div>\n<\/div><\/div>\n<\/div><\/div><\/div>\n<\/div><div class=\"block block-core-media-text align-wrap align-wrap-wide\">\n<div class=\"wp-block-media-text alignwide has-media-on-the-right is-stacked-on-mobile is-image-fill-element\"><div class=\"wp-block-media-text__content\"><div class=\"block block-core-heading\">\n<h2 class=\"wp-block-heading has-text-align-center\" id=\"animations\">Dagboek <\/h2>\n<\/div>\n\n<div class=\"block block-core-paragraph\">\n<p class=\"has-text-align-center\"><strong>Maak een afspraak met onze evenementen!<\/strong><\/p>\n<\/div>\n\n<div class=\"block block-core-paragraph\">\n<p class=\"has-text-align-center\">Vind alle informatie en evenementen in dit gedeelte!<\/p>\n<\/div>\n\n<div class=\"block block-core-buttons\">\n<div class=\"wp-block-buttons is-content-justification-center is-layout-flex wp-container-core-buttons-is-layout-16018d1d wp-block-buttons-is-layout-flex\"><div class=\"block block-core-button\">\n<div class=\"wp-block-button\"><a class=\"wp-block-button__link wp-element-button\" href=\"https:\/\/la-toussuire.com\/agenda\/\">In je agenda<\/a><\/div>\n<\/div><\/div>\n<\/div><\/div><figure class=\"wp-block-media-text__media\"><img loading=\"lazy\" decoding=\"async\" width=\"1024\" height=\"684\" src=\"https:\/\/la-toussuire.com\/wp-content\/uploads\/\/OTToussuire_Agenda_et_Evenement_Festival_Spectacle_est_dans_la_rue_Galerie@Dom@La_Toussuire-1024x684.jpg\" alt=\"Photo prise de nuit dans la rue verte. Il s'agit d'un spectacle du Festival &quot;Le Spectacle est dans la rue&quot; o\u00f9 nous pouvons voir trois artistes en pleine performance de cirque devant du public\" class=\"wp-image-8054 size-full\" style=\"object-position:50% 50%\" srcset=\"https:\/\/la-toussuire.com\/wp-content\/uploads\/OTToussuire_Agenda_et_Evenement_Festival_Spectacle_est_dans_la_rue_Galerie@Dom@La_Toussuire-1024x684.jpg 1024w, https:\/\/la-toussuire.com\/wp-content\/uploads\/OTToussuire_Agenda_et_Evenement_Festival_Spectacle_est_dans_la_rue_Galerie@Dom@La_Toussuire-300x200.jpg 300w, https:\/\/la-toussuire.com\/wp-content\/uploads\/OTToussuire_Agenda_et_Evenement_Festival_Spectacle_est_dans_la_rue_Galerie@Dom@La_Toussuire-150x100.jpg 150w, https:\/\/la-toussuire.com\/wp-content\/uploads\/OTToussuire_Agenda_et_Evenement_Festival_Spectacle_est_dans_la_rue_Galerie@Dom@La_Toussuire-768x513.jpg 768w, https:\/\/la-toussuire.com\/wp-content\/uploads\/OTToussuire_Agenda_et_Evenement_Festival_Spectacle_est_dans_la_rue_Galerie@Dom@La_Toussuire.jpg 1227w\" sizes=\"auto, (max-width: 1024px) 100vw, 1024px\" \/><\/figure><\/div>\n<\/div><div class=\"block block-core-media-text align-wrap align-wrap-wide\">\n<div class=\"wp-block-media-text alignwide is-stacked-on-mobile is-image-fill-element\"><figure class=\"wp-block-media-text__media\"><img loading=\"lazy\" decoding=\"async\" width=\"1024\" height=\"576\" src=\"https:\/\/la-toussuire.com\/wp-content\/uploads\/\/DSC09835-compressed-1024x576.jpg\" alt=\"Photo paysage feu d'artifice\" class=\"wp-image-45640 size-full\" style=\"object-position:49% 45%\" srcset=\"https:\/\/la-toussuire.com\/wp-content\/uploads\/DSC09835-compressed-1024x576.jpg 1024w, https:\/\/la-toussuire.com\/wp-content\/uploads\/DSC09835-compressed-300x169.jpg 300w, https:\/\/la-toussuire.com\/wp-content\/uploads\/DSC09835-compressed-150x84.jpg 150w, https:\/\/la-toussuire.com\/wp-content\/uploads\/DSC09835-compressed-768x432.jpg 768w, https:\/\/la-toussuire.com\/wp-content\/uploads\/DSC09835-compressed-1536x864.jpg 1536w, https:\/\/la-toussuire.com\/wp-content\/uploads\/DSC09835-compressed-2048x1152.jpg 2048w\" sizes=\"auto, (max-width: 1024px) 100vw, 1024px\" \/><\/figure><div class=\"wp-block-media-text__content\"><div class=\"block block-core-heading\">\n<h2 class=\"wp-block-heading has-text-align-center\" id=\"programmes-semaines\">Evenementen<\/h2>\n<\/div>\n\n<div class=\"block block-core-paragraph\">\n<p class=\"has-text-align-center\">La Toussuire is een bekend resort in de <strong>evenementenwereld<\/strong> en biedt bezoekers <strong>unieke en tijdloze ervaringen.<\/strong> <em>Van sport- en familie-evenementen tot themaweken die de seizoenen opluisteren,<\/em> La Toussuire heeft maar \u00e9\u00e9n motto: <strong>plezier maken<\/strong>.<\/p>\n<\/div>\n\n<div class=\"block block-core-buttons\">\n<div class=\"wp-block-buttons is-content-justification-center is-layout-flex wp-container-core-buttons-is-layout-16018d1d wp-block-buttons-is-layout-flex\"><div class=\"block block-core-button\">\n<div class=\"wp-block-button\"><a class=\"wp-block-button__link wp-element-button\" href=\"https:\/\/la-toussuire.com\/nl\/wat-te-doen-in-de-zomer\/agenda-en-evenementen\/evenementen\/\">Zullen we samen een kijkje nemen?<\/a><\/div>\n<\/div><\/div>\n<\/div><\/div><\/div>\n<\/div><div class=\"block block-core-paragraph\">\n<p><\/p>\n<\/div>","protected":false},"excerpt":{"rendered":"<p>Er gebeuren zoveel dingen&#8230; Familievermaak, sport of ontspanning, maar ook themaweken om de seizoenen te verlevendigen: voor verveling is geen plaats in La Touissure! Neem een kijkje en ontdek meer ?<\/p>\n","protected":false},"author":3,"featured_media":30522,"parent":5868,"menu_order":1,"comment_status":"closed","ping_status":"closed","template":"page-template.php","meta":{"_acf_changed":false,"footnotes":""},"class_list":["post-31690","page","type-page","status-publish","has-post-thumbnail","hentry"],"acf":[],"yoast_head":"<!-- This site is optimized with the Yoast SEO plugin v27.1.1 - https:\/\/yoast.com\/product\/yoast-seo-wordpress\/ -->\n<title>Dagboek - La Toussuire<\/title>\n<meta name=\"description\" content=\"Een persoonlijk dagboek speciaal voor jou tijdens je vakantie! Van themaweken tot evenementen, er is geen tijd om je te vervelen!\" \/>\n<meta name=\"robots\" content=\"index, follow, max-snippet:-1, max-image-preview:large, max-video-preview:-1\" \/>\n<link rel=\"canonical\" href=\"https:\/\/la-toussuire.com\/nl\/wat-te-doen-in-de-zomer\/agenda-en-evenementen\/\" \/>\n<meta property=\"og:locale\" content=\"nl_NL\" \/>\n<meta property=\"og:type\" content=\"article\" \/>\n<meta property=\"og:title\" content=\"Dagboek - La Toussuire\" \/>\n<meta property=\"og:description\" content=\"Een persoonlijk dagboek speciaal voor jou tijdens je vakantie! Van themaweken tot evenementen, er is geen tijd om je te vervelen!\" \/>\n<meta property=\"og:url\" content=\"https:\/\/la-toussuire.com\/nl\/wat-te-doen-in-de-zomer\/agenda-en-evenementen\/\" \/>\n<meta property=\"og:site_name\" content=\"La Toussuire\" \/>\n<meta property=\"article:modified_time\" content=\"2026-04-08T14:29:08+00:00\" \/>\n<meta property=\"og:image\" content=\"https:\/\/la-toussuire.com\/wp-content\/uploads\/434203495_739237031669614_3256165972326616210_n.jpg\" \/>\n\t<meta property=\"og:image:width\" content=\"2048\" \/>\n\t<meta property=\"og:image:height\" content=\"1153\" \/>\n\t<meta property=\"og:image:type\" content=\"image\/jpeg\" \/>\n<meta name=\"twitter:card\" content=\"summary_large_image\" \/>\n<meta name=\"twitter:label1\" content=\"Geschatte leestijd\" \/>\n\t<meta name=\"twitter:data1\" content=\"2 minuten\" \/>\n<script type=\"application\/ld+json\" class=\"yoast-schema-graph\">{\"@context\":\"https:\/\/schema.org\",\"@graph\":[{\"@type\":\"WebPage\",\"@id\":\"https:\/\/la-toussuire.com\/nl\/wat-te-doen-in-de-zomer\/agenda-en-evenementen\/\",\"url\":\"https:\/\/la-toussuire.com\/nl\/wat-te-doen-in-de-zomer\/agenda-en-evenementen\/\",\"name\":\"Dagboek - La Toussuire\",\"isPartOf\":{\"@id\":\"https:\/\/la-toussuire.com\/nl\/#website\"},\"primaryImageOfPage\":{\"@id\":\"https:\/\/la-toussuire.com\/nl\/wat-te-doen-in-de-zomer\/agenda-en-evenementen\/#primaryimage\"},\"image\":{\"@id\":\"https:\/\/la-toussuire.com\/nl\/wat-te-doen-in-de-zomer\/agenda-en-evenementen\/#primaryimage\"},\"thumbnailUrl\":\"https:\/\/la-toussuire.com\/wp-content\/uploads\/434203495_739237031669614_3256165972326616210_n.jpg\",\"datePublished\":\"2024-05-29T13:43:22+00:00\",\"dateModified\":\"2026-04-08T14:29:08+00:00\",\"description\":\"Een persoonlijk dagboek speciaal voor jou tijdens je vakantie! Van themaweken tot evenementen, er is geen tijd om je te vervelen!\",\"breadcrumb\":{\"@id\":\"https:\/\/la-toussuire.com\/nl\/wat-te-doen-in-de-zomer\/agenda-en-evenementen\/#breadcrumb\"},\"inLanguage\":\"nl-NL\",\"potentialAction\":[{\"@type\":\"ReadAction\",\"target\":[\"https:\/\/la-toussuire.com\/nl\/wat-te-doen-in-de-zomer\/agenda-en-evenementen\/\"]}]},{\"@type\":\"ImageObject\",\"inLanguage\":\"nl-NL\",\"@id\":\"https:\/\/la-toussuire.com\/nl\/wat-te-doen-in-de-zomer\/agenda-en-evenementen\/#primaryimage\",\"url\":\"https:\/\/la-toussuire.com\/wp-content\/uploads\/434203495_739237031669614_3256165972326616210_n.jpg\",\"contentUrl\":\"https:\/\/la-toussuire.com\/wp-content\/uploads\/434203495_739237031669614_3256165972326616210_n.jpg\",\"width\":2048,\"height\":1153,\"caption\":\"Color Run \u00e0 La Toussuire\"},{\"@type\":\"BreadcrumbList\",\"@id\":\"https:\/\/la-toussuire.com\/nl\/wat-te-doen-in-de-zomer\/agenda-en-evenementen\/#breadcrumb\",\"itemListElement\":[{\"@type\":\"ListItem\",\"position\":1,\"name\":\"Accueil\",\"item\":\"https:\/\/la-toussuire.com\/nl\/\"},{\"@type\":\"ListItem\",\"position\":2,\"name\":\"Ik heb plezier\",\"item\":\"https:\/\/la-toussuire.com\/nl\/wat-te-doen-in-de-zomer\/\"},{\"@type\":\"ListItem\",\"position\":3,\"name\":\"Dagboek\"}]},{\"@type\":\"WebSite\",\"@id\":\"https:\/\/la-toussuire.com\/nl\/#website\",\"url\":\"https:\/\/la-toussuire.com\/nl\/\",\"name\":\"La Toussuire\",\"description\":\"\",\"publisher\":{\"@id\":\"https:\/\/la-toussuire.com\/nl\/#organization\"},\"potentialAction\":[{\"@type\":\"SearchAction\",\"target\":{\"@type\":\"EntryPoint\",\"urlTemplate\":\"https:\/\/la-toussuire.com\/nl\/?s={search_term_string}\"},\"query-input\":{\"@type\":\"PropertyValueSpecification\",\"valueRequired\":true,\"valueName\":\"search_term_string\"}}],\"inLanguage\":\"nl-NL\"},{\"@type\":\"Organization\",\"@id\":\"https:\/\/la-toussuire.com\/nl\/#organization\",\"name\":\"La Toussuire\",\"url\":\"https:\/\/la-toussuire.com\/nl\/\",\"logo\":{\"@type\":\"ImageObject\",\"inLanguage\":\"nl-NL\",\"@id\":\"https:\/\/la-toussuire.com\/nl\/#\/schema\/logo\/image\/\",\"url\":\"https:\/\/la-toussuire.com\/wp-content\/uploads\/cropped-Nouveau-LA-TOUSSUIRE_Logo_Plan-de-travail-1-02.png\",\"contentUrl\":\"https:\/\/la-toussuire.com\/wp-content\/uploads\/cropped-Nouveau-LA-TOUSSUIRE_Logo_Plan-de-travail-1-02.png\",\"width\":591,\"height\":591,\"caption\":\"La Toussuire\"},\"image\":{\"@id\":\"https:\/\/la-toussuire.com\/nl\/#\/schema\/logo\/image\/\"}}]}<\/script>\n<!-- \/ Yoast SEO plugin. -->","yoast_head_json":{"title":"Dagboek - La Toussuire","description":"Een persoonlijk dagboek speciaal voor jou tijdens je vakantie! Van themaweken tot evenementen, er is geen tijd om je te vervelen!","robots":{"index":"index","follow":"follow","max-snippet":"max-snippet:-1","max-image-preview":"max-image-preview:large","max-video-preview":"max-video-preview:-1"},"canonical":"https:\/\/la-toussuire.com\/nl\/wat-te-doen-in-de-zomer\/agenda-en-evenementen\/","og_locale":"nl_NL","og_type":"article","og_title":"Dagboek - La Toussuire","og_description":"Een persoonlijk dagboek speciaal voor jou tijdens je vakantie! Van themaweken tot evenementen, er is geen tijd om je te vervelen!","og_url":"https:\/\/la-toussuire.com\/nl\/wat-te-doen-in-de-zomer\/agenda-en-evenementen\/","og_site_name":"La Toussuire","article_modified_time":"2026-04-08T14:29:08+00:00","og_image":[{"width":2048,"height":1153,"url":"https:\/\/la-toussuire.com\/wp-content\/uploads\/434203495_739237031669614_3256165972326616210_n.jpg","type":"image\/jpeg"}],"twitter_card":"summary_large_image","twitter_misc":{"Geschatte leestijd":"2 minuten"},"schema":{"@context":"https:\/\/schema.org","@graph":[{"@type":"WebPage","@id":"https:\/\/la-toussuire.com\/nl\/wat-te-doen-in-de-zomer\/agenda-en-evenementen\/","url":"https:\/\/la-toussuire.com\/nl\/wat-te-doen-in-de-zomer\/agenda-en-evenementen\/","name":"Dagboek - La Toussuire","isPartOf":{"@id":"https:\/\/la-toussuire.com\/nl\/#website"},"primaryImageOfPage":{"@id":"https:\/\/la-toussuire.com\/nl\/wat-te-doen-in-de-zomer\/agenda-en-evenementen\/#primaryimage"},"image":{"@id":"https:\/\/la-toussuire.com\/nl\/wat-te-doen-in-de-zomer\/agenda-en-evenementen\/#primaryimage"},"thumbnailUrl":"https:\/\/la-toussuire.com\/wp-content\/uploads\/434203495_739237031669614_3256165972326616210_n.jpg","datePublished":"2024-05-29T13:43:22+00:00","dateModified":"2026-04-08T14:29:08+00:00","description":"Een persoonlijk dagboek speciaal voor jou tijdens je vakantie! Van themaweken tot evenementen, er is geen tijd om je te vervelen!","breadcrumb":{"@id":"https:\/\/la-toussuire.com\/nl\/wat-te-doen-in-de-zomer\/agenda-en-evenementen\/#breadcrumb"},"inLanguage":"nl-NL","potentialAction":[{"@type":"ReadAction","target":["https:\/\/la-toussuire.com\/nl\/wat-te-doen-in-de-zomer\/agenda-en-evenementen\/"]}]},{"@type":"ImageObject","inLanguage":"nl-NL","@id":"https:\/\/la-toussuire.com\/nl\/wat-te-doen-in-de-zomer\/agenda-en-evenementen\/#primaryimage","url":"https:\/\/la-toussuire.com\/wp-content\/uploads\/434203495_739237031669614_3256165972326616210_n.jpg","contentUrl":"https:\/\/la-toussuire.com\/wp-content\/uploads\/434203495_739237031669614_3256165972326616210_n.jpg","width":2048,"height":1153,"caption":"Color Run \u00e0 La Toussuire"},{"@type":"BreadcrumbList","@id":"https:\/\/la-toussuire.com\/nl\/wat-te-doen-in-de-zomer\/agenda-en-evenementen\/#breadcrumb","itemListElement":[{"@type":"ListItem","position":1,"name":"Accueil","item":"https:\/\/la-toussuire.com\/nl\/"},{"@type":"ListItem","position":2,"name":"Ik heb plezier","item":"https:\/\/la-toussuire.com\/nl\/wat-te-doen-in-de-zomer\/"},{"@type":"ListItem","position":3,"name":"Dagboek"}]},{"@type":"WebSite","@id":"https:\/\/la-toussuire.com\/nl\/#website","url":"https:\/\/la-toussuire.com\/nl\/","name":"La Toussuire","description":"","publisher":{"@id":"https:\/\/la-toussuire.com\/nl\/#organization"},"potentialAction":[{"@type":"SearchAction","target":{"@type":"EntryPoint","urlTemplate":"https:\/\/la-toussuire.com\/nl\/?s={search_term_string}"},"query-input":{"@type":"PropertyValueSpecification","valueRequired":true,"valueName":"search_term_string"}}],"inLanguage":"nl-NL"},{"@type":"Organization","@id":"https:\/\/la-toussuire.com\/nl\/#organization","name":"La Toussuire","url":"https:\/\/la-toussuire.com\/nl\/","logo":{"@type":"ImageObject","inLanguage":"nl-NL","@id":"https:\/\/la-toussuire.com\/nl\/#\/schema\/logo\/image\/","url":"https:\/\/la-toussuire.com\/wp-content\/uploads\/cropped-Nouveau-LA-TOUSSUIRE_Logo_Plan-de-travail-1-02.png","contentUrl":"https:\/\/la-toussuire.com\/wp-content\/uploads\/cropped-Nouveau-LA-TOUSSUIRE_Logo_Plan-de-travail-1-02.png","width":591,"height":591,"caption":"La Toussuire"},"image":{"@id":"https:\/\/la-toussuire.com\/nl\/#\/schema\/logo\/image\/"}}]}},"_links":{"self":[{"href":"https:\/\/la-toussuire.com\/nl\/wp-json\/wp\/v2\/pages\/31690","targetHints":{"allow":["GET"]}}],"collection":[{"href":"https:\/\/la-toussuire.com\/nl\/wp-json\/wp\/v2\/pages"}],"about":[{"href":"https:\/\/la-toussuire.com\/nl\/wp-json\/wp\/v2\/types\/page"}],"author":[{"embeddable":true,"href":"https:\/\/la-toussuire.com\/nl\/wp-json\/wp\/v2\/users\/3"}],"replies":[{"embeddable":true,"href":"https:\/\/la-toussuire.com\/nl\/wp-json\/wp\/v2\/comments?post=31690"}],"version-history":[{"count":8,"href":"https:\/\/la-toussuire.com\/nl\/wp-json\/wp\/v2\/pages\/31690\/revisions"}],"predecessor-version":[{"id":46094,"href":"https:\/\/la-toussuire.com\/nl\/wp-json\/wp\/v2\/pages\/31690\/revisions\/46094"}],"up":[{"embeddable":true,"href":"https:\/\/la-toussuire.com\/nl\/wp-json\/wp\/v2\/pages\/5868"}],"wp:featuredmedia":[{"embeddable":true,"href":"https:\/\/la-toussuire.com\/nl\/wp-json\/wp\/v2\/media\/30522"}],"wp:attachment":[{"href":"https:\/\/la-toussuire.com\/nl\/wp-json\/wp\/v2\/media?parent=31690"}],"curies":[{"name":"wp","href":"https:\/\/api.w.org\/{rel}","templated":true}]}}