{"id":17232,"date":"2023-03-23T14:00:12","date_gmt":"2023-03-23T13:00:12","guid":{"rendered":"https:\/\/la-toussuire.com\/ontdek-la-toussuire\/de-kampioenen-van-het-oord\/de-kampioenen-in-wording\/shaun-binet\/"},"modified":"2023-03-23T14:00:12","modified_gmt":"2023-03-23T13:00:12","slug":"shaun-binet","status":"publish","type":"page","link":"https:\/\/la-toussuire.com\/nl\/ontdek-la-toussuire\/de-kampioenen-van-het-oord\/de-kampioenen-in-wording\/shaun-binet\/","title":{"rendered":"Shaun Binet"},"content":{"rendered":"<div class=\"block block-core-media-text\">\n<div class=\"wp-block-media-text alignwide is-stacked-on-mobile\"><figure class=\"wp-block-media-text__media\"><img loading=\"lazy\" decoding=\"async\" width=\"768\" height=\"1024\" src=\"https:\/\/la-toussuire.com\/wp-content\/uploads\/OTToussuire_Champion_Devenir_Shaun_Binet_Medaille\u00a9OTToussuire@La_Toussuire.jpg\" alt=\"Portrait du jeune Shaun Binet en \u00e9quipement d'enduro. Il tient dans sa main une r\u00e9compense d'enduro kid et il porte autour du coup sa m\u00e9daille\" class=\"wp-image-8125 size-full\" srcset=\"https:\/\/la-toussuire.com\/wp-content\/uploads\/OTToussuire_Champion_Devenir_Shaun_Binet_Medaille\u00a9OTToussuire@La_Toussuire.jpg 768w, https:\/\/la-toussuire.com\/wp-content\/uploads\/OTToussuire_Champion_Devenir_Shaun_Binet_Medaille\u00a9OTToussuire@La_Toussuire-225x300.jpg 225w, https:\/\/la-toussuire.com\/wp-content\/uploads\/OTToussuire_Champion_Devenir_Shaun_Binet_Medaille\u00a9OTToussuire@La_Toussuire-113x150.jpg 113w\" sizes=\"auto, (max-width: 768px) 100vw, 768px\" \/><\/figure><div class=\"wp-block-media-text__content\"><div class=\"block block-core-paragraph\">\n<p>Shaun is al van jongs af aan een <strong>motorsportliefhebber<\/strong>. Op 4-jarige leeftijd kreeg hij zijn eerste motor, op 7-jarige leeftijd zijn eerste FFM-licentie, op 8-jarige leeftijd zijn eerste race en op 10-jarige <strong>leeftijd zijn eerste podium in het Franse Eurokid-kampioenschap.<\/strong> <\/p>\n<\/div>\n\n<div class=\"block block-core-paragraph\">\n<p>Sindsdien maakt hij deel uit van het Yamaha outsiders team. <\/p>\n<\/div><\/div><\/div>\n<\/div><div class=\"block block-core-media-text\">\n<div class=\"wp-block-media-text alignwide has-media-on-the-right is-stacked-on-mobile\"><figure class=\"wp-block-media-text__media\"><img loading=\"lazy\" decoding=\"async\" width=\"768\" height=\"1024\" src=\"https:\/\/la-toussuire.com\/wp-content\/uploads\/OTToussuire_Champion_Devenir_Shaun_Binet_Moto\u00a9OTToussuire@La_Toussuire.jpg\" alt=\"Foto in verticaal formaat. kunnen we Shaun zien in zijn enduro race uitrusting met het nummer 823\" class=\"wp-image-8128 size-full\" srcset=\"https:\/\/la-toussuire.com\/wp-content\/uploads\/OTToussuire_Champion_Devenir_Shaun_Binet_Moto\u00a9OTToussuire@La_Toussuire.jpg 768w, https:\/\/la-toussuire.com\/wp-content\/uploads\/OTToussuire_Champion_Devenir_Shaun_Binet_Moto\u00a9OTToussuire@La_Toussuire-225x300.jpg 225w, https:\/\/la-toussuire.com\/wp-content\/uploads\/OTToussuire_Champion_Devenir_Shaun_Binet_Moto\u00a9OTToussuire@La_Toussuire-113x150.jpg 113w\" sizes=\"auto, (max-width: 768px) 100vw, 768px\" \/><\/figure><div class=\"wp-block-media-text__content\"><div class=\"block block-core-heading\">\n<h2 class=\"wp-block-heading\">Haar palmares<\/h2>\n<\/div>\n\n<div class=\"block block-core-heading\">\n<h2 class=\"wp-block-heading\">2021<\/h2>\n<\/div>\n\n<div class=\"block block-core-paragraph\">\n<p>14 races voltooid : <strong>4 eerste plaatsen &#8211; 6 tweede plaatsen &#8211; 1 derde plaats<\/strong><\/p>\n<\/div>\n\n<div class=\"block block-core-paragraph\">\n<p><strong>Vice-kampioen van Frankrijk<\/strong> Endurokid<\/p>\n<\/div>\n\n<div class=\"block block-core-paragraph\">\n<p>Endurokid <strong>Vice Line Champion<\/strong><\/p>\n<\/div>\n\n<div class=\"block block-core-paragraph\">\n<p><strong>Winnaar<\/strong> van de moto-cross in Lavilledieu <\/p>\n<\/div><\/div><\/div>\n<\/div>","protected":false},"excerpt":{"rendered":"<p>Shaun is al van jongs af aan een motorsportliefhebber. Op 4-jarige leeftijd kreeg hij zijn eerste motor, op 7-jarige leeftijd zijn eerste FFM-licentie, op 8-jarige leeftijd zijn eerste race en op 10-jarige leeftijd zijn eerste podium in het Franse Eurokid-kampioenschap. Sindsdien maakt hij deel uit van het Yamaha outsiders team. Haar palmares 2021 14 races [&hellip;]<\/p>\n","protected":false},"author":2,"featured_media":8132,"parent":10333,"menu_order":3,"comment_status":"closed","ping_status":"closed","template":"page-template.php","meta":{"_acf_changed":false,"footnotes":""},"class_list":["post-17232","page","type-page","status-publish","has-post-thumbnail","hentry"],"acf":[],"yoast_head":"<!-- This site is optimized with the Yoast SEO plugin v27.1.1 - https:\/\/yoast.com\/product\/yoast-seo-wordpress\/ -->\n<title>Shaun Binet - La Toussuire<\/title>\n<meta name=\"description\" content=\"Shaun Binet, de toekomstige enduro motor kampioen, komt uit La Toussuire. hij heeft zich aangesloten bij het yamaha team in 2020.\" \/>\n<meta name=\"robots\" content=\"index, follow, max-snippet:-1, max-image-preview:large, max-video-preview:-1\" \/>\n<link rel=\"canonical\" href=\"https:\/\/la-toussuire.com\/nl\/ontdek-la-toussuire\/de-kampioenen-van-het-oord\/de-kampioenen-in-wording\/shaun-binet\/\" \/>\n<meta property=\"og:locale\" content=\"nl_NL\" \/>\n<meta property=\"og:type\" content=\"article\" \/>\n<meta property=\"og:title\" content=\"Shaun Binet - La Toussuire\" \/>\n<meta property=\"og:description\" content=\"Shaun Binet, de toekomstige enduro motor kampioen, komt uit La Toussuire. hij heeft zich aangesloten bij het yamaha team in 2020.\" \/>\n<meta property=\"og:url\" content=\"https:\/\/la-toussuire.com\/nl\/ontdek-la-toussuire\/de-kampioenen-van-het-oord\/de-kampioenen-in-wording\/shaun-binet\/\" \/>\n<meta property=\"og:site_name\" content=\"La Toussuire\" \/>\n<meta property=\"og:image\" content=\"https:\/\/la-toussuire.com\/wp-content\/uploads\/OTToussuire_Champion_Devenir_Shaun_Binet_Presentation\u00a9OTToussuire@La_Toussuire.jpg\" \/>\n\t<meta property=\"og:image:width\" content=\"1024\" \/>\n\t<meta property=\"og:image:height\" content=\"646\" \/>\n\t<meta property=\"og:image:type\" content=\"image\/jpeg\" \/>\n<meta name=\"twitter:card\" content=\"summary_large_image\" \/>\n<script type=\"application\/ld+json\" class=\"yoast-schema-graph\">{\"@context\":\"https:\/\/schema.org\",\"@graph\":[{\"@type\":\"WebPage\",\"@id\":\"https:\/\/la-toussuire.com\/nl\/ontdek-la-toussuire\/de-kampioenen-van-het-oord\/de-kampioenen-in-wording\/shaun-binet\/\",\"url\":\"https:\/\/la-toussuire.com\/nl\/ontdek-la-toussuire\/de-kampioenen-van-het-oord\/de-kampioenen-in-wording\/shaun-binet\/\",\"name\":\"Shaun Binet - La Toussuire\",\"isPartOf\":{\"@id\":\"https:\/\/la-toussuire.com\/nl\/#website\"},\"primaryImageOfPage\":{\"@id\":\"https:\/\/la-toussuire.com\/nl\/ontdek-la-toussuire\/de-kampioenen-van-het-oord\/de-kampioenen-in-wording\/shaun-binet\/#primaryimage\"},\"image\":{\"@id\":\"https:\/\/la-toussuire.com\/nl\/ontdek-la-toussuire\/de-kampioenen-van-het-oord\/de-kampioenen-in-wording\/shaun-binet\/#primaryimage\"},\"thumbnailUrl\":\"https:\/\/la-toussuire.com\/wp-content\/uploads\/OTToussuire_Champion_Devenir_Shaun_Binet_Presentation\u00a9OTToussuire@La_Toussuire.jpg\",\"datePublished\":\"2023-03-23T13:00:12+00:00\",\"description\":\"Shaun Binet, de toekomstige enduro motor kampioen, komt uit La Toussuire. hij heeft zich aangesloten bij het yamaha team in 2020.\",\"breadcrumb\":{\"@id\":\"https:\/\/la-toussuire.com\/nl\/ontdek-la-toussuire\/de-kampioenen-van-het-oord\/de-kampioenen-in-wording\/shaun-binet\/#breadcrumb\"},\"inLanguage\":\"nl-NL\",\"potentialAction\":[{\"@type\":\"ReadAction\",\"target\":[\"https:\/\/la-toussuire.com\/nl\/ontdek-la-toussuire\/de-kampioenen-van-het-oord\/de-kampioenen-in-wording\/shaun-binet\/\"]}]},{\"@type\":\"ImageObject\",\"inLanguage\":\"nl-NL\",\"@id\":\"https:\/\/la-toussuire.com\/nl\/ontdek-la-toussuire\/de-kampioenen-van-het-oord\/de-kampioenen-in-wording\/shaun-binet\/#primaryimage\",\"url\":\"https:\/\/la-toussuire.com\/wp-content\/uploads\/OTToussuire_Champion_Devenir_Shaun_Binet_Presentation\u00a9OTToussuire@La_Toussuire.jpg\",\"contentUrl\":\"https:\/\/la-toussuire.com\/wp-content\/uploads\/OTToussuire_Champion_Devenir_Shaun_Binet_Presentation\u00a9OTToussuire@La_Toussuire.jpg\",\"width\":1024,\"height\":646,\"caption\":\"Shaun Binet\"},{\"@type\":\"BreadcrumbList\",\"@id\":\"https:\/\/la-toussuire.com\/nl\/ontdek-la-toussuire\/de-kampioenen-van-het-oord\/de-kampioenen-in-wording\/shaun-binet\/#breadcrumb\",\"itemListElement\":[{\"@type\":\"ListItem\",\"position\":1,\"name\":\"Accueil\",\"item\":\"https:\/\/la-toussuire.com\/nl\/\"},{\"@type\":\"ListItem\",\"position\":2,\"name\":\"Ik verken\",\"item\":\"https:\/\/la-toussuire.com\/nl\/ontdek-la-toussuire\/\"},{\"@type\":\"ListItem\",\"position\":3,\"name\":\"Onze kampioenen\",\"item\":\"https:\/\/la-toussuire.com\/nl\/ontdek-la-toussuire\/de-kampioenen-van-het-oord\/\"},{\"@type\":\"ListItem\",\"position\":4,\"name\":\"De kampioenen in wording\",\"item\":\"https:\/\/la-toussuire.com\/nl\/ontdek-la-toussuire\/de-kampioenen-van-het-oord\/de-kampioenen-in-wording\/\"},{\"@type\":\"ListItem\",\"position\":5,\"name\":\"Shaun Binet\"}]},{\"@type\":\"WebSite\",\"@id\":\"https:\/\/la-toussuire.com\/nl\/#website\",\"url\":\"https:\/\/la-toussuire.com\/nl\/\",\"name\":\"La Toussuire\",\"description\":\"\",\"publisher\":{\"@id\":\"https:\/\/la-toussuire.com\/nl\/#organization\"},\"potentialAction\":[{\"@type\":\"SearchAction\",\"target\":{\"@type\":\"EntryPoint\",\"urlTemplate\":\"https:\/\/la-toussuire.com\/nl\/?s={search_term_string}\"},\"query-input\":{\"@type\":\"PropertyValueSpecification\",\"valueRequired\":true,\"valueName\":\"search_term_string\"}}],\"inLanguage\":\"nl-NL\"},{\"@type\":\"Organization\",\"@id\":\"https:\/\/la-toussuire.com\/nl\/#organization\",\"name\":\"La Toussuire\",\"url\":\"https:\/\/la-toussuire.com\/nl\/\",\"logo\":{\"@type\":\"ImageObject\",\"inLanguage\":\"nl-NL\",\"@id\":\"https:\/\/la-toussuire.com\/nl\/#\/schema\/logo\/image\/\",\"url\":\"https:\/\/la-toussuire.com\/wp-content\/uploads\/cropped-Nouveau-LA-TOUSSUIRE_Logo_Plan-de-travail-1-02.png\",\"contentUrl\":\"https:\/\/la-toussuire.com\/wp-content\/uploads\/cropped-Nouveau-LA-TOUSSUIRE_Logo_Plan-de-travail-1-02.png\",\"width\":591,\"height\":591,\"caption\":\"La Toussuire\"},\"image\":{\"@id\":\"https:\/\/la-toussuire.com\/nl\/#\/schema\/logo\/image\/\"}}]}<\/script>\n<!-- \/ Yoast SEO plugin. -->","yoast_head_json":{"title":"Shaun Binet - La Toussuire","description":"Shaun Binet, de toekomstige enduro motor kampioen, komt uit La Toussuire. hij heeft zich aangesloten bij het yamaha team in 2020.","robots":{"index":"index","follow":"follow","max-snippet":"max-snippet:-1","max-image-preview":"max-image-preview:large","max-video-preview":"max-video-preview:-1"},"canonical":"https:\/\/la-toussuire.com\/nl\/ontdek-la-toussuire\/de-kampioenen-van-het-oord\/de-kampioenen-in-wording\/shaun-binet\/","og_locale":"nl_NL","og_type":"article","og_title":"Shaun Binet - La Toussuire","og_description":"Shaun Binet, de toekomstige enduro motor kampioen, komt uit La Toussuire. hij heeft zich aangesloten bij het yamaha team in 2020.","og_url":"https:\/\/la-toussuire.com\/nl\/ontdek-la-toussuire\/de-kampioenen-van-het-oord\/de-kampioenen-in-wording\/shaun-binet\/","og_site_name":"La Toussuire","og_image":[{"width":1024,"height":646,"url":"https:\/\/la-toussuire.com\/wp-content\/uploads\/OTToussuire_Champion_Devenir_Shaun_Binet_Presentation\u00a9OTToussuire@La_Toussuire.jpg","type":"image\/jpeg"}],"twitter_card":"summary_large_image","schema":{"@context":"https:\/\/schema.org","@graph":[{"@type":"WebPage","@id":"https:\/\/la-toussuire.com\/nl\/ontdek-la-toussuire\/de-kampioenen-van-het-oord\/de-kampioenen-in-wording\/shaun-binet\/","url":"https:\/\/la-toussuire.com\/nl\/ontdek-la-toussuire\/de-kampioenen-van-het-oord\/de-kampioenen-in-wording\/shaun-binet\/","name":"Shaun Binet - La Toussuire","isPartOf":{"@id":"https:\/\/la-toussuire.com\/nl\/#website"},"primaryImageOfPage":{"@id":"https:\/\/la-toussuire.com\/nl\/ontdek-la-toussuire\/de-kampioenen-van-het-oord\/de-kampioenen-in-wording\/shaun-binet\/#primaryimage"},"image":{"@id":"https:\/\/la-toussuire.com\/nl\/ontdek-la-toussuire\/de-kampioenen-van-het-oord\/de-kampioenen-in-wording\/shaun-binet\/#primaryimage"},"thumbnailUrl":"https:\/\/la-toussuire.com\/wp-content\/uploads\/OTToussuire_Champion_Devenir_Shaun_Binet_Presentation\u00a9OTToussuire@La_Toussuire.jpg","datePublished":"2023-03-23T13:00:12+00:00","description":"Shaun Binet, de toekomstige enduro motor kampioen, komt uit La Toussuire. hij heeft zich aangesloten bij het yamaha team in 2020.","breadcrumb":{"@id":"https:\/\/la-toussuire.com\/nl\/ontdek-la-toussuire\/de-kampioenen-van-het-oord\/de-kampioenen-in-wording\/shaun-binet\/#breadcrumb"},"inLanguage":"nl-NL","potentialAction":[{"@type":"ReadAction","target":["https:\/\/la-toussuire.com\/nl\/ontdek-la-toussuire\/de-kampioenen-van-het-oord\/de-kampioenen-in-wording\/shaun-binet\/"]}]},{"@type":"ImageObject","inLanguage":"nl-NL","@id":"https:\/\/la-toussuire.com\/nl\/ontdek-la-toussuire\/de-kampioenen-van-het-oord\/de-kampioenen-in-wording\/shaun-binet\/#primaryimage","url":"https:\/\/la-toussuire.com\/wp-content\/uploads\/OTToussuire_Champion_Devenir_Shaun_Binet_Presentation\u00a9OTToussuire@La_Toussuire.jpg","contentUrl":"https:\/\/la-toussuire.com\/wp-content\/uploads\/OTToussuire_Champion_Devenir_Shaun_Binet_Presentation\u00a9OTToussuire@La_Toussuire.jpg","width":1024,"height":646,"caption":"Shaun Binet"},{"@type":"BreadcrumbList","@id":"https:\/\/la-toussuire.com\/nl\/ontdek-la-toussuire\/de-kampioenen-van-het-oord\/de-kampioenen-in-wording\/shaun-binet\/#breadcrumb","itemListElement":[{"@type":"ListItem","position":1,"name":"Accueil","item":"https:\/\/la-toussuire.com\/nl\/"},{"@type":"ListItem","position":2,"name":"Ik verken","item":"https:\/\/la-toussuire.com\/nl\/ontdek-la-toussuire\/"},{"@type":"ListItem","position":3,"name":"Onze kampioenen","item":"https:\/\/la-toussuire.com\/nl\/ontdek-la-toussuire\/de-kampioenen-van-het-oord\/"},{"@type":"ListItem","position":4,"name":"De kampioenen in wording","item":"https:\/\/la-toussuire.com\/nl\/ontdek-la-toussuire\/de-kampioenen-van-het-oord\/de-kampioenen-in-wording\/"},{"@type":"ListItem","position":5,"name":"Shaun Binet"}]},{"@type":"WebSite","@id":"https:\/\/la-toussuire.com\/nl\/#website","url":"https:\/\/la-toussuire.com\/nl\/","name":"La Toussuire","description":"","publisher":{"@id":"https:\/\/la-toussuire.com\/nl\/#organization"},"potentialAction":[{"@type":"SearchAction","target":{"@type":"EntryPoint","urlTemplate":"https:\/\/la-toussuire.com\/nl\/?s={search_term_string}"},"query-input":{"@type":"PropertyValueSpecification","valueRequired":true,"valueName":"search_term_string"}}],"inLanguage":"nl-NL"},{"@type":"Organization","@id":"https:\/\/la-toussuire.com\/nl\/#organization","name":"La Toussuire","url":"https:\/\/la-toussuire.com\/nl\/","logo":{"@type":"ImageObject","inLanguage":"nl-NL","@id":"https:\/\/la-toussuire.com\/nl\/#\/schema\/logo\/image\/","url":"https:\/\/la-toussuire.com\/wp-content\/uploads\/cropped-Nouveau-LA-TOUSSUIRE_Logo_Plan-de-travail-1-02.png","contentUrl":"https:\/\/la-toussuire.com\/wp-content\/uploads\/cropped-Nouveau-LA-TOUSSUIRE_Logo_Plan-de-travail-1-02.png","width":591,"height":591,"caption":"La Toussuire"},"image":{"@id":"https:\/\/la-toussuire.com\/nl\/#\/schema\/logo\/image\/"}}]}},"_links":{"self":[{"href":"https:\/\/la-toussuire.com\/nl\/wp-json\/wp\/v2\/pages\/17232","targetHints":{"allow":["GET"]}}],"collection":[{"href":"https:\/\/la-toussuire.com\/nl\/wp-json\/wp\/v2\/pages"}],"about":[{"href":"https:\/\/la-toussuire.com\/nl\/wp-json\/wp\/v2\/types\/page"}],"author":[{"embeddable":true,"href":"https:\/\/la-toussuire.com\/nl\/wp-json\/wp\/v2\/users\/2"}],"replies":[{"embeddable":true,"href":"https:\/\/la-toussuire.com\/nl\/wp-json\/wp\/v2\/comments?post=17232"}],"version-history":[{"count":1,"href":"https:\/\/la-toussuire.com\/nl\/wp-json\/wp\/v2\/pages\/17232\/revisions"}],"predecessor-version":[{"id":17233,"href":"https:\/\/la-toussuire.com\/nl\/wp-json\/wp\/v2\/pages\/17232\/revisions\/17233"}],"up":[{"embeddable":true,"href":"https:\/\/la-toussuire.com\/nl\/wp-json\/wp\/v2\/pages\/10333"}],"wp:featuredmedia":[{"embeddable":true,"href":"https:\/\/la-toussuire.com\/nl\/wp-json\/wp\/v2\/media\/8132"}],"wp:attachment":[{"href":"https:\/\/la-toussuire.com\/nl\/wp-json\/wp\/v2\/media?parent=17232"}],"curies":[{"name":"wp","href":"https:\/\/api.w.org\/{rel}","templated":true}]}}