{"id":17201,"date":"2023-03-23T11:35:18","date_gmt":"2023-03-23T10:35:18","guid":{"rendered":"https:\/\/la-toussuire.com\/wat-te-doen-in-de-zomer\/vrije-tijd\/"},"modified":"2024-09-05T15:49:39","modified_gmt":"2024-09-05T13:49:39","slug":"vrije-tijd","status":"publish","type":"page","link":"https:\/\/la-toussuire.com\/nl\/wat-te-doen-in-de-zomer\/vrije-tijd\/","title":{"rendered":"Vrije tijd"},"content":{"rendered":"<div class=\"block block-core-heading\">\n<h2 class=\"wp-block-heading\" id=\"des-espaces-pour-jouer-en-famille-ou-ne-rien-faire-seul-ou-accompagne\">Ruimten om te spelen als gezin of om zich te ontspannen, alleen of begeleid !<\/h2>\n<\/div>\n\n<div class=\"block block-core-paragraph\">\n<p>Voor de kleinsten, die men graag <strong>urenlang<\/strong> ziet spelen, voor het houden van een <strong>picknick<\/strong> met het gezin, om <strong>met veel te zijn<\/strong> en <strong>te kletsen<\/strong> en <strong>te ravotten<\/strong>, voor verslaafden aan onverzadigbare passies ontvangen <em>onze vrijetijdsruimten u in volle natuur en vormen het theater van uw gepriviligieerde momenten.<\/em> <\/p>\n<\/div>\n\n<div class=\"block block-lba-apidae-selection\"><!--BEGIN ITEMS APIDAE -->\r\n    <div class=\"selection-mode-selector\" data-selection=\"121598\">\r\n        <ul>\r\n            <li><a href=\"#selection-grid\" class=\"active\">Grid view<\/a><\/li>\r\n            <li><a href=\"#selection-map\">Map view<\/a><\/li>\r\n        <\/ul>\r\n    <\/div>\r\n    <div id=\"selection-grid\" style=\"display: block;\">\r\n\r\n        <!--BEGIN FILTER -->\r\n                <!--BEGIN FILTER -->\r\n\r\n        <div id=\"selection-grid\" class=\"selection-mode-default\">\r\n                            <div class=\"card 0-3pieces\">\r\n                    <div class=\"row\">\r\n                        <div class=\"col-md-3\">\r\n                                                        <img decoding=\"async\" src=\"https:\/\/static.apidae-tourisme.com\/filestore\/objets-touristiques\/images\/243\/13\/8392179-diaporama.jpg\" class=\"w-100\" alt=\"Image Aire de jeu \u00e9t\u00e9\">\r\n                        <\/div>\r\n                        <div class=\"col-md-9\">\r\n                            <div class=\"card-block px-1\">\r\n                                <h2 class=\"card-title\">\r\n                                    <a href=\"https:\/\/la-toussuire.com\/nl\/details\/speelterrein-340445-Nl\/\">Speelterrein<\/a>\r\n                                <\/h2>\r\n                                <p class=\"classement\"><\/p>\r\n                                <p class=\"card-text\">In het centrum van het resort, vlakbij de parkeerplaats van Ravi\u00e8res, naast de tennisbanen. Speelterrein voor kinderen van 2 tot 14 jaar. Onder toezicht van de ouders<\/p>\r\n                                <p class=\"labels\"><\/p>\r\n                            <\/div>\r\n                            <a href=\"https:\/\/la-toussuire.com\/nl\/details\/speelterrein-340445-Nl\/\" class=\"btn\">Meer zien<\/a>\r\n                        <\/div>\r\n                    <\/div>\r\n                <\/div>\r\n                            <div class=\"card 0-3pieces\">\r\n                    <div class=\"row\">\r\n                        <div class=\"col-md-3\">\r\n                                                        <img decoding=\"async\" src=\"https:\/\/static.apidae-tourisme.com\/filestore\/objets-touristiques\/images\/31\/51\/23212831-diaporama.png\" class=\"w-100\" alt=\"Image Capture d\u2019\u00e9cran 2024-06-10 125725\">\r\n                        <\/div>\r\n                        <div class=\"col-md-9\">\r\n                            <div class=\"card-block px-1\">\r\n                                <h2 class=\"card-title\">\r\n                                    <a href=\"https:\/\/la-toussuire.com\/nl\/details\/stadsstadion-6957257-Nl\/\">stadsstadion<\/a>\r\n                                <\/h2>\r\n                                <p class=\"classement\"><\/p>\r\n                                <p class=\"card-text\">Het stadion van La Toussuire is de ideale plek om verschillende sporten te beoefenen: voetbal, basketbal en handbal.<\/p>\r\n                                <p class=\"labels\"><\/p>\r\n                            <\/div>\r\n                            <a href=\"https:\/\/la-toussuire.com\/nl\/details\/stadsstadion-6957257-Nl\/\" class=\"btn\">Meer zien<\/a>\r\n                        <\/div>\r\n                    <\/div>\r\n                <\/div>\r\n                            <div class=\"card 0-3pieces\">\r\n                    <div class=\"row\">\r\n                        <div class=\"col-md-3\">\r\n                                                        <img decoding=\"async\" src=\"https:\/\/static.apidae-tourisme.com\/filestore\/objets-touristiques\/images\/13\/112\/39874573-diaporama.jpg\" class=\"w-100\" alt=\"Image d98ec5affa0c_enigme-medaille-dor\">\r\n                        <\/div>\r\n                        <div class=\"col-md-9\">\r\n                            <div class=\"card-block px-1\">\r\n                                <h2 class=\"card-title\">\r\n                                    <a href=\"https:\/\/la-toussuire.com\/nl\/details\/enquete-het-raadsel-van-de-gouden-medaille-7483558-Nl\/\">Enqu\u00eate: het raadsel van de gouden medaille<\/a>\r\n                                <\/h2>\r\n                                <p class=\"classement\"><\/p>\r\n                                <p class=\"card-text\">Le moteur du t\u00e9l\u00e9si\u00e8ge a \u00e9t\u00e9 vol\u00e9 ! Mais qui se cache derri\u00e8re cette man\u0153uvre et que compte-t-il en faire ?\r\nVenez r\u00e9cup\u00e9rer le jeu de carte disponible \u00e0 l&#8217;accueil de l&#8217;office de tourisme.<\/p>\r\n                                <p class=\"labels\"><\/p>\r\n                            <\/div>\r\n                            <a href=\"https:\/\/la-toussuire.com\/nl\/details\/enquete-het-raadsel-van-de-gouden-medaille-7483558-Nl\/\" class=\"btn\">Meer zien<\/a>\r\n                        <\/div>\r\n                    <\/div>\r\n                <\/div>\r\n                            <div class=\"card 0-3pieces\">\r\n                    <div class=\"row\">\r\n                        <div class=\"col-md-3\">\r\n                                                            <div class=\"pictos\">\r\n                                    <span class=\"label-animaux_acceptes\" title=\"Huisdieren toegestaan\">Huisdieren toegestaan<\/span>                                <\/div>\r\n                                                        <img decoding=\"async\" src=\"https:\/\/static.apidae-tourisme.com\/filestore\/objets-touristiques\/images\/126\/251\/588670-diaporama.jpg\" class=\"w-100\" alt=\"Image 5051-0150\">\r\n                        <\/div>\r\n                        <div class=\"col-md-9\">\r\n                            <div class=\"card-block px-1\">\r\n                                <h2 class=\"card-title\">\r\n                                    <a href=\"https:\/\/la-toussuire.com\/nl\/details\/zwemvijver-118328-Nl\/\">Zwemvijver<\/a>\r\n                                <\/h2>\r\n                                <p class=\"classement\"><\/p>\r\n                                <p class=\"card-text\">Kleine ingerichte zwemvijver van 800\u00a0m\u00b2.\r\nDit waterlichaam wordt niet bewaakt en wordt niet als een zwemgebied beschouwd. Het oppervlak kan glad zijn en valpartijen veroorzaken.<\/p>\r\n                                <p class=\"labels\"><\/p>\r\n                            <\/div>\r\n                            <a href=\"https:\/\/la-toussuire.com\/nl\/details\/zwemvijver-118328-Nl\/\" class=\"btn\">Meer zien<\/a>\r\n                        <\/div>\r\n                    <\/div>\r\n                <\/div>\r\n                            <div class=\"card 0-3pieces\">\r\n                    <div class=\"row\">\r\n                        <div class=\"col-md-3\">\r\n                                                        <img decoding=\"async\" src=\"https:\/\/static.apidae-tourisme.com\/filestore\/objets-touristiques\/images\/145\/54\/7354001-diaporama.jpg\" class=\"w-100\" alt=\"Image VTT@pumptrack@LaToussuire\">\r\n                        <\/div>\r\n                        <div class=\"col-md-9\">\r\n                            <div class=\"card-block px-1\">\r\n                                <h2 class=\"card-title\">\r\n                                    <a href=\"https:\/\/la-toussuire.com\/nl\/details\/pumptrack-5269034-Nl\/\">Pumptrack<\/a>\r\n                                <\/h2>\r\n                                <p class=\"classement\"><\/p>\r\n                                <p class=\"card-text\">Een Pumptrack is een speelterrein dat speciaal is ontworpen voor fietsen, skateboards en scooters.<\/p>\r\n                                <p class=\"labels\"><\/p>\r\n                            <\/div>\r\n                            <a href=\"https:\/\/la-toussuire.com\/nl\/details\/pumptrack-5269034-Nl\/\" class=\"btn\">Meer zien<\/a>\r\n                        <\/div>\r\n                    <\/div>\r\n                <\/div>\r\n                            <div class=\"card 0-3pieces\">\r\n                    <div class=\"row\">\r\n                        <div class=\"col-md-3\">\r\n                                                        <img decoding=\"async\" src=\"https:\/\/static.apidae-tourisme.com\/filestore\/objets-touristiques\/images\/43\/235\/715563-diaporama.jpg\" class=\"w-100\" alt=\"Image skate park\">\r\n                        <\/div>\r\n                        <div class=\"col-md-9\">\r\n                            <div class=\"card-block px-1\">\r\n                                <h2 class=\"card-title\">\r\n                                    <a href=\"https:\/\/la-toussuire.com\/nl\/details\/skate-park-336851-Nl\/\">Skate park<\/a>\r\n                                <\/h2>\r\n                                <p class=\"classement\"><\/p>\r\n                                <p class=\"card-text\">Stalen schaatsmodules. Skateboarden, scooter, rollers, open voor iedereen.\r\nVeel plezier!\r\nHelm en bescherming verplicht. Gratis toegang.\r\nAls je meer wilt, bezoek dan het skatepark in Saint-Jean-de-Maurienne!<\/p>\r\n                                <p class=\"labels\"><\/p>\r\n                            <\/div>\r\n                            <a href=\"https:\/\/la-toussuire.com\/nl\/details\/skate-park-336851-Nl\/\" class=\"btn\">Meer zien<\/a>\r\n                        <\/div>\r\n                    <\/div>\r\n                <\/div>\r\n                    <\/div>\r\n    <\/div>\r\n    <div id=\"selection-map\" class=\"selection-mode-map\" style=\"display: none;\">\r\n        <div class=\"map\" id=\"MapContainerListe\"><\/div>\r\n    <\/div>\r\n<!--END ITEMS APIDAE -->\r\n\r\n<!--BEGIN PAGINATOR -->\r\n<!--BEGIN PAGINATOR --><\/div>","protected":false},"excerpt":{"rendered":"<p>Ruimten om te spelen als gezin of om zich te ontspannen, alleen of begeleid ! Voor de kleinsten, die men graag urenlang ziet spelen, voor het houden van een picknick met het gezin, om met veel te zijn en te kletsen en te ravotten, voor verslaafden aan onverzadigbare passies ontvangen onze vrijetijdsruimten u in volle [&hellip;]<\/p>\n","protected":false},"author":3,"featured_media":30458,"parent":5868,"menu_order":5,"comment_status":"closed","ping_status":"closed","template":"page-template.php","meta":{"_acf_changed":false,"footnotes":""},"class_list":["post-17201","page","type-page","status-publish","has-post-thumbnail","hentry"],"acf":[],"yoast_head":"<!-- This site is optimized with the Yoast SEO plugin v27.1.1 - https:\/\/yoast.com\/product\/yoast-seo-wordpress\/ -->\n<title>Vrije tijd - La Toussuire<\/title>\n<meta name=\"description\" content=\"Vrijetijdszone zomer en winter, kinderspelen, glijbaan, schommel, wc, picknicktafels, barbeque, spelletjesruimte\u2026\" \/>\n<meta name=\"robots\" content=\"index, follow, max-snippet:-1, max-image-preview:large, max-video-preview:-1\" \/>\n<link rel=\"canonical\" href=\"https:\/\/la-toussuire.com\/nl\/wat-te-doen-in-de-zomer\/vrije-tijd\/\" \/>\n<meta property=\"og:locale\" content=\"nl_NL\" \/>\n<meta property=\"og:type\" content=\"article\" \/>\n<meta property=\"og:title\" content=\"Vrije tijd - La Toussuire\" \/>\n<meta property=\"og:description\" content=\"Vrijetijdszone zomer en winter, kinderspelen, glijbaan, schommel, wc, picknicktafels, barbeque, spelletjesruimte\u2026\" \/>\n<meta property=\"og:url\" content=\"https:\/\/la-toussuire.com\/nl\/wat-te-doen-in-de-zomer\/vrije-tijd\/\" \/>\n<meta property=\"og:site_name\" content=\"La Toussuire\" \/>\n<meta property=\"article:modified_time\" content=\"2024-09-05T13:49:39+00:00\" \/>\n<meta property=\"og:image\" content=\"https:\/\/la-toussuire.com\/wp-content\/uploads\/APernet-OTToussuire-web-090823-371.jpg\" \/>\n\t<meta property=\"og:image:width\" content=\"1080\" \/>\n\t<meta property=\"og:image:height\" content=\"721\" \/>\n\t<meta property=\"og:image:type\" content=\"image\/jpeg\" \/>\n<meta name=\"twitter:card\" content=\"summary_large_image\" \/>\n<meta name=\"twitter:label1\" content=\"Geschatte leestijd\" \/>\n\t<meta name=\"twitter:data1\" content=\"1 minuut\" \/>\n<script type=\"application\/ld+json\" class=\"yoast-schema-graph\">{\"@context\":\"https:\/\/schema.org\",\"@graph\":[{\"@type\":\"WebPage\",\"@id\":\"https:\/\/la-toussuire.com\/nl\/wat-te-doen-in-de-zomer\/vrije-tijd\/\",\"url\":\"https:\/\/la-toussuire.com\/nl\/wat-te-doen-in-de-zomer\/vrije-tijd\/\",\"name\":\"Vrije tijd - La Toussuire\",\"isPartOf\":{\"@id\":\"https:\/\/la-toussuire.com\/nl\/#website\"},\"primaryImageOfPage\":{\"@id\":\"https:\/\/la-toussuire.com\/nl\/wat-te-doen-in-de-zomer\/vrije-tijd\/#primaryimage\"},\"image\":{\"@id\":\"https:\/\/la-toussuire.com\/nl\/wat-te-doen-in-de-zomer\/vrije-tijd\/#primaryimage\"},\"thumbnailUrl\":\"https:\/\/la-toussuire.com\/wp-content\/uploads\/APernet-OTToussuire-web-090823-371.jpg\",\"datePublished\":\"2023-03-23T10:35:18+00:00\",\"dateModified\":\"2024-09-05T13:49:39+00:00\",\"description\":\"Vrijetijdszone zomer en winter, kinderspelen, glijbaan, schommel, wc, picknicktafels, barbeque, spelletjesruimte\u2026\",\"breadcrumb\":{\"@id\":\"https:\/\/la-toussuire.com\/nl\/wat-te-doen-in-de-zomer\/vrije-tijd\/#breadcrumb\"},\"inLanguage\":\"nl-NL\",\"potentialAction\":[{\"@type\":\"ReadAction\",\"target\":[\"https:\/\/la-toussuire.com\/nl\/wat-te-doen-in-de-zomer\/vrije-tijd\/\"]}]},{\"@type\":\"ImageObject\",\"inLanguage\":\"nl-NL\",\"@id\":\"https:\/\/la-toussuire.com\/nl\/wat-te-doen-in-de-zomer\/vrije-tijd\/#primaryimage\",\"url\":\"https:\/\/la-toussuire.com\/wp-content\/uploads\/APernet-OTToussuire-web-090823-371.jpg\",\"contentUrl\":\"https:\/\/la-toussuire.com\/wp-content\/uploads\/APernet-OTToussuire-web-090823-371.jpg\",\"width\":1080,\"height\":721,\"caption\":\"OT La Toussuire - ete 2023 - Activit\u00e9s famille\"},{\"@type\":\"BreadcrumbList\",\"@id\":\"https:\/\/la-toussuire.com\/nl\/wat-te-doen-in-de-zomer\/vrije-tijd\/#breadcrumb\",\"itemListElement\":[{\"@type\":\"ListItem\",\"position\":1,\"name\":\"Accueil\",\"item\":\"https:\/\/la-toussuire.com\/nl\/\"},{\"@type\":\"ListItem\",\"position\":2,\"name\":\"Ik heb plezier\",\"item\":\"https:\/\/la-toussuire.com\/nl\/wat-te-doen-in-de-zomer\/\"},{\"@type\":\"ListItem\",\"position\":3,\"name\":\"Vrije tijd\"}]},{\"@type\":\"WebSite\",\"@id\":\"https:\/\/la-toussuire.com\/nl\/#website\",\"url\":\"https:\/\/la-toussuire.com\/nl\/\",\"name\":\"La Toussuire\",\"description\":\"\",\"publisher\":{\"@id\":\"https:\/\/la-toussuire.com\/nl\/#organization\"},\"potentialAction\":[{\"@type\":\"SearchAction\",\"target\":{\"@type\":\"EntryPoint\",\"urlTemplate\":\"https:\/\/la-toussuire.com\/nl\/?s={search_term_string}\"},\"query-input\":{\"@type\":\"PropertyValueSpecification\",\"valueRequired\":true,\"valueName\":\"search_term_string\"}}],\"inLanguage\":\"nl-NL\"},{\"@type\":\"Organization\",\"@id\":\"https:\/\/la-toussuire.com\/nl\/#organization\",\"name\":\"La Toussuire\",\"url\":\"https:\/\/la-toussuire.com\/nl\/\",\"logo\":{\"@type\":\"ImageObject\",\"inLanguage\":\"nl-NL\",\"@id\":\"https:\/\/la-toussuire.com\/nl\/#\/schema\/logo\/image\/\",\"url\":\"https:\/\/la-toussuire.com\/wp-content\/uploads\/cropped-Nouveau-LA-TOUSSUIRE_Logo_Plan-de-travail-1-02.png\",\"contentUrl\":\"https:\/\/la-toussuire.com\/wp-content\/uploads\/cropped-Nouveau-LA-TOUSSUIRE_Logo_Plan-de-travail-1-02.png\",\"width\":591,\"height\":591,\"caption\":\"La Toussuire\"},\"image\":{\"@id\":\"https:\/\/la-toussuire.com\/nl\/#\/schema\/logo\/image\/\"}}]}<\/script>\n<!-- \/ Yoast SEO plugin. -->","yoast_head_json":{"title":"Vrije tijd - La Toussuire","description":"Vrijetijdszone zomer en winter, kinderspelen, glijbaan, schommel, wc, picknicktafels, barbeque, spelletjesruimte\u2026","robots":{"index":"index","follow":"follow","max-snippet":"max-snippet:-1","max-image-preview":"max-image-preview:large","max-video-preview":"max-video-preview:-1"},"canonical":"https:\/\/la-toussuire.com\/nl\/wat-te-doen-in-de-zomer\/vrije-tijd\/","og_locale":"nl_NL","og_type":"article","og_title":"Vrije tijd - La Toussuire","og_description":"Vrijetijdszone zomer en winter, kinderspelen, glijbaan, schommel, wc, picknicktafels, barbeque, spelletjesruimte\u2026","og_url":"https:\/\/la-toussuire.com\/nl\/wat-te-doen-in-de-zomer\/vrije-tijd\/","og_site_name":"La Toussuire","article_modified_time":"2024-09-05T13:49:39+00:00","og_image":[{"width":1080,"height":721,"url":"https:\/\/la-toussuire.com\/wp-content\/uploads\/APernet-OTToussuire-web-090823-371.jpg","type":"image\/jpeg"}],"twitter_card":"summary_large_image","twitter_misc":{"Geschatte leestijd":"1 minuut"},"schema":{"@context":"https:\/\/schema.org","@graph":[{"@type":"WebPage","@id":"https:\/\/la-toussuire.com\/nl\/wat-te-doen-in-de-zomer\/vrije-tijd\/","url":"https:\/\/la-toussuire.com\/nl\/wat-te-doen-in-de-zomer\/vrije-tijd\/","name":"Vrije tijd - La Toussuire","isPartOf":{"@id":"https:\/\/la-toussuire.com\/nl\/#website"},"primaryImageOfPage":{"@id":"https:\/\/la-toussuire.com\/nl\/wat-te-doen-in-de-zomer\/vrije-tijd\/#primaryimage"},"image":{"@id":"https:\/\/la-toussuire.com\/nl\/wat-te-doen-in-de-zomer\/vrije-tijd\/#primaryimage"},"thumbnailUrl":"https:\/\/la-toussuire.com\/wp-content\/uploads\/APernet-OTToussuire-web-090823-371.jpg","datePublished":"2023-03-23T10:35:18+00:00","dateModified":"2024-09-05T13:49:39+00:00","description":"Vrijetijdszone zomer en winter, kinderspelen, glijbaan, schommel, wc, picknicktafels, barbeque, spelletjesruimte\u2026","breadcrumb":{"@id":"https:\/\/la-toussuire.com\/nl\/wat-te-doen-in-de-zomer\/vrije-tijd\/#breadcrumb"},"inLanguage":"nl-NL","potentialAction":[{"@type":"ReadAction","target":["https:\/\/la-toussuire.com\/nl\/wat-te-doen-in-de-zomer\/vrije-tijd\/"]}]},{"@type":"ImageObject","inLanguage":"nl-NL","@id":"https:\/\/la-toussuire.com\/nl\/wat-te-doen-in-de-zomer\/vrije-tijd\/#primaryimage","url":"https:\/\/la-toussuire.com\/wp-content\/uploads\/APernet-OTToussuire-web-090823-371.jpg","contentUrl":"https:\/\/la-toussuire.com\/wp-content\/uploads\/APernet-OTToussuire-web-090823-371.jpg","width":1080,"height":721,"caption":"OT La Toussuire - ete 2023 - Activit\u00e9s famille"},{"@type":"BreadcrumbList","@id":"https:\/\/la-toussuire.com\/nl\/wat-te-doen-in-de-zomer\/vrije-tijd\/#breadcrumb","itemListElement":[{"@type":"ListItem","position":1,"name":"Accueil","item":"https:\/\/la-toussuire.com\/nl\/"},{"@type":"ListItem","position":2,"name":"Ik heb plezier","item":"https:\/\/la-toussuire.com\/nl\/wat-te-doen-in-de-zomer\/"},{"@type":"ListItem","position":3,"name":"Vrije tijd"}]},{"@type":"WebSite","@id":"https:\/\/la-toussuire.com\/nl\/#website","url":"https:\/\/la-toussuire.com\/nl\/","name":"La Toussuire","description":"","publisher":{"@id":"https:\/\/la-toussuire.com\/nl\/#organization"},"potentialAction":[{"@type":"SearchAction","target":{"@type":"EntryPoint","urlTemplate":"https:\/\/la-toussuire.com\/nl\/?s={search_term_string}"},"query-input":{"@type":"PropertyValueSpecification","valueRequired":true,"valueName":"search_term_string"}}],"inLanguage":"nl-NL"},{"@type":"Organization","@id":"https:\/\/la-toussuire.com\/nl\/#organization","name":"La Toussuire","url":"https:\/\/la-toussuire.com\/nl\/","logo":{"@type":"ImageObject","inLanguage":"nl-NL","@id":"https:\/\/la-toussuire.com\/nl\/#\/schema\/logo\/image\/","url":"https:\/\/la-toussuire.com\/wp-content\/uploads\/cropped-Nouveau-LA-TOUSSUIRE_Logo_Plan-de-travail-1-02.png","contentUrl":"https:\/\/la-toussuire.com\/wp-content\/uploads\/cropped-Nouveau-LA-TOUSSUIRE_Logo_Plan-de-travail-1-02.png","width":591,"height":591,"caption":"La Toussuire"},"image":{"@id":"https:\/\/la-toussuire.com\/nl\/#\/schema\/logo\/image\/"}}]}},"_links":{"self":[{"href":"https:\/\/la-toussuire.com\/nl\/wp-json\/wp\/v2\/pages\/17201","targetHints":{"allow":["GET"]}}],"collection":[{"href":"https:\/\/la-toussuire.com\/nl\/wp-json\/wp\/v2\/pages"}],"about":[{"href":"https:\/\/la-toussuire.com\/nl\/wp-json\/wp\/v2\/types\/page"}],"author":[{"embeddable":true,"href":"https:\/\/la-toussuire.com\/nl\/wp-json\/wp\/v2\/users\/3"}],"replies":[{"embeddable":true,"href":"https:\/\/la-toussuire.com\/nl\/wp-json\/wp\/v2\/comments?post=17201"}],"version-history":[{"count":2,"href":"https:\/\/la-toussuire.com\/nl\/wp-json\/wp\/v2\/pages\/17201\/revisions"}],"predecessor-version":[{"id":33635,"href":"https:\/\/la-toussuire.com\/nl\/wp-json\/wp\/v2\/pages\/17201\/revisions\/33635"}],"up":[{"embeddable":true,"href":"https:\/\/la-toussuire.com\/nl\/wp-json\/wp\/v2\/pages\/5868"}],"wp:featuredmedia":[{"embeddable":true,"href":"https:\/\/la-toussuire.com\/nl\/wp-json\/wp\/v2\/media\/30458"}],"wp:attachment":[{"href":"https:\/\/la-toussuire.com\/nl\/wp-json\/wp\/v2\/media?parent=17201"}],"curies":[{"name":"wp","href":"https:\/\/api.w.org\/{rel}","templated":true}]}}