{"id":17160,"date":"2023-03-23T10:19:14","date_gmt":"2023-03-23T09:19:14","guid":{"rendered":"https:\/\/la-toussuire.com\/wat-te-doen-in-de-zomer\/verken-onze-bergen\/fietsen\/aankoop-verkoop-en-herstellingen\/"},"modified":"2023-03-23T10:19:15","modified_gmt":"2023-03-23T09:19:15","slug":"aankoop-verkoop-en-herstellingen","status":"publish","type":"page","link":"https:\/\/la-toussuire.com\/nl\/wat-te-doen-in-de-zomer\/zomer-activiteiten\/fietsen\/aankoop-verkoop-en-herstellingen\/","title":{"rendered":"Aankoop, verkoop en herstellingen"},"content":{"rendered":"<div class=\"block block-core-heading\">\n<h2 class=\"wp-block-heading\">De professionals van de fiets !<\/h2>\n<\/div><div class=\"block block-core-paragraph\">\n<p>U wenst uw <strong>fiets te kopen<\/strong>, huren of <strong>zelfs<\/strong> herstellen ? Onze experten zijn daar, in la Toussuire, om u <strong>raad te geven<\/strong> en te <strong>leiden<\/strong>. <em>Het zijn<\/em> <em>echte kenners waarin u vertrouwen kunt hebben !<\/em><\/p>\n<\/div><div class=\"block block-lba-apidae-selection\"><!--BEGIN ITEMS APIDAE -->\r\n    <div class=\"selection-mode-selector\" data-selection=\"121583\">\r\n        <ul>\r\n            <li><a href=\"#selection-grid\" class=\"active\">Grid view<\/a><\/li>\r\n            <li><a href=\"#selection-map\">Map view<\/a><\/li>\r\n        <\/ul>\r\n    <\/div>\r\n    <div id=\"selection-grid\" style=\"display: block;\">\r\n\r\n        <!--BEGIN FILTER -->\r\n                <!--BEGIN FILTER -->\r\n\r\n        <div id=\"selection-grid\" class=\"selection-mode-default\">\r\n                            <div class=\"card 0-3pieces\">\r\n                    <div class=\"row\">\r\n                        <div class=\"col-md-3\">\r\n                                                            <div class=\"pictos\">\r\n                                    <span class=\"label-animaux_acceptes\" title=\"Animaux accept\u00e9s\">Animaux accept\u00e9s<\/span><span class=\"label-cheque_vacances\" title=\"Ch\u00e8que-Vacances Classic\">Ch\u00e8que-Vacances Classic<\/span>                                <\/div>\r\n                                                        <img decoding=\"async\" src=\"https:\/\/static.apidae-tourisme.com\/filestore\/objets-touristiques\/images\/95\/203\/25873247-diaporama.png\" class=\"w-100\" alt=\"Image Photo ok APIDAE\">\r\n                        <\/div>\r\n                        <div class=\"col-md-9\">\r\n                            <div class=\"card-block px-1\">\r\n                                <h2 class=\"card-title\">\r\n                                    <a href=\"https:\/\/la-toussuire.com\/nl\/details\/netski-herve-vidal-401826-Fr\/\">Netski &#8211; Herv\u00e9 Vidal<\/a>\r\n                                <\/h2>\r\n                                <p class=\"classement\"><\/p>\r\n                                <p class=\"card-text\">Herv\u00e9 VIDAL et son \u00e9quipe de professionnels de la montagne vous accueillent \u00e0 la Toussuire. Passionn\u00e9s de sports de glisse et sp\u00e9cialistes de la location et la vente de mat\u00e9riel, nous serons l\u00e0 pour vous accueillir et vous fournir les meilleurs conseils.<\/p>\r\n                                <p class=\"labels\"><\/p>\r\n                            <\/div>\r\n                            <a href=\"https:\/\/la-toussuire.com\/nl\/details\/netski-herve-vidal-401826-Fr\/\" class=\"btn\">Meer zien<\/a>\r\n                        <\/div>\r\n                    <\/div>\r\n                <\/div>\r\n                            <div class=\"card 0-3pieces\">\r\n                    <div class=\"row\">\r\n                        <div class=\"col-md-3\">\r\n                                                        <img decoding=\"async\" src=\"https:\/\/static.apidae-tourisme.com\/filestore\/objets-touristiques\/images\/193\/196\/25871553-diaporama.png\" class=\"w-100\" alt=\"Image 2\">\r\n                        <\/div>\r\n                        <div class=\"col-md-9\">\r\n                            <div class=\"card-block px-1\">\r\n                                <h2 class=\"card-title\">\r\n                                    <a href=\"https:\/\/la-toussuire.com\/nl\/details\/sport-2000-les-tryoskys-403309-Fr\/\">Sport 2000 Les Tryoskys<\/a>\r\n                                <\/h2>\r\n                                <p class=\"classement\"><\/p>\r\n                                <p class=\"card-text\">Notre magasin Sport 2000 vous propose du mat\u00e9riel de ski \u00e0 la location pour tous les niveaux : du d\u00e9butant \u00e0 l&#8217;expert, et pour tous les \u00e2ges : du baby \u00e0 l&#8217;adulte ! \r\n\r\nEn \u00e9t\u00e9 : location de VTT et VTT \u00e9lectriques<\/p>\r\n                                <p class=\"labels\"><\/p>\r\n                            <\/div>\r\n                            <a href=\"https:\/\/la-toussuire.com\/nl\/details\/sport-2000-les-tryoskys-403309-Fr\/\" class=\"btn\">Meer zien<\/a>\r\n                        <\/div>\r\n                    <\/div>\r\n                <\/div>\r\n                    <\/div>\r\n    <\/div>\r\n    <div id=\"selection-map\" class=\"selection-mode-map\" style=\"display: none;\">\r\n        <div class=\"map\" id=\"MapContainerListe\"><\/div>\r\n    <\/div>\r\n<!--END ITEMS APIDAE -->\r\n\r\n<!--BEGIN PAGINATOR -->\r\n<!--BEGIN PAGINATOR --><\/div>","protected":false},"excerpt":{"rendered":"<p>De professionals van de fiets ! U wenst uw fiets te kopen, huren of zelfs herstellen ? Onze experten zijn daar, in la Toussuire, om u raad te geven en te leiden. Het zijn echte kenners waarin u vertrouwen kunt hebben !<\/p>\n","protected":false},"author":3,"featured_media":8915,"parent":10792,"menu_order":6,"comment_status":"closed","ping_status":"closed","template":"page-template.php","meta":{"_acf_changed":false,"footnotes":""},"class_list":["post-17160","page","type-page","status-publish","has-post-thumbnail","hentry"],"acf":[],"yoast_head":"<!-- This site is optimized with the Yoast SEO plugin v27.1.1 - https:\/\/yoast.com\/product\/yoast-seo-wordpress\/ -->\n<title>Aankoop, verkoop en herstellingen - La Toussuire<\/title>\n<meta name=\"description\" content=\"Nood aan raadgevingen van professionals ? Onze experten zijn daar om u raad te geven en te leiden met betrekking tot uw aankopen, verkoop en herstellingen.\" \/>\n<meta name=\"robots\" content=\"index, follow, max-snippet:-1, max-image-preview:large, max-video-preview:-1\" \/>\n<link rel=\"canonical\" href=\"https:\/\/la-toussuire.com\/nl\/wat-te-doen-in-de-zomer\/zomer-activiteiten\/fietsen\/aankoop-verkoop-en-herstellingen\/\" \/>\n<meta property=\"og:locale\" content=\"nl_NL\" \/>\n<meta property=\"og:type\" content=\"article\" \/>\n<meta property=\"og:title\" content=\"Aankoop, verkoop en herstellingen - La Toussuire\" \/>\n<meta property=\"og:description\" content=\"Nood aan raadgevingen van professionals ? Onze experten zijn daar om u raad te geven en te leiden met betrekking tot uw aankopen, verkoop en herstellingen.\" \/>\n<meta property=\"og:url\" content=\"https:\/\/la-toussuire.com\/nl\/wat-te-doen-in-de-zomer\/zomer-activiteiten\/fietsen\/aankoop-verkoop-en-herstellingen\/\" \/>\n<meta property=\"og:site_name\" content=\"La Toussuire\" \/>\n<meta property=\"article:modified_time\" content=\"2023-03-23T09:19:15+00:00\" \/>\n<meta property=\"og:image\" content=\"https:\/\/la-toussuire.com\/wp-content\/uploads\/OTToussuire_VTT_VAE_Locations_Presentation\u00a9AlbanPernet@La_Toussuire-1.jpg\" \/>\n\t<meta property=\"og:image:width\" content=\"2400\" \/>\n\t<meta property=\"og:image:height\" content=\"1600\" \/>\n\t<meta property=\"og:image:type\" content=\"image\/jpeg\" \/>\n<meta name=\"twitter:card\" content=\"summary_large_image\" \/>\n<script type=\"application\/ld+json\" class=\"yoast-schema-graph\">{\"@context\":\"https:\/\/schema.org\",\"@graph\":[{\"@type\":\"WebPage\",\"@id\":\"https:\/\/la-toussuire.com\/nl\/wat-te-doen-in-de-zomer\/zomer-activiteiten\/fietsen\/aankoop-verkoop-en-herstellingen\/\",\"url\":\"https:\/\/la-toussuire.com\/nl\/wat-te-doen-in-de-zomer\/zomer-activiteiten\/fietsen\/aankoop-verkoop-en-herstellingen\/\",\"name\":\"Aankoop, verkoop en herstellingen - La Toussuire\",\"isPartOf\":{\"@id\":\"https:\/\/la-toussuire.com\/nl\/#website\"},\"primaryImageOfPage\":{\"@id\":\"https:\/\/la-toussuire.com\/nl\/wat-te-doen-in-de-zomer\/zomer-activiteiten\/fietsen\/aankoop-verkoop-en-herstellingen\/#primaryimage\"},\"image\":{\"@id\":\"https:\/\/la-toussuire.com\/nl\/wat-te-doen-in-de-zomer\/zomer-activiteiten\/fietsen\/aankoop-verkoop-en-herstellingen\/#primaryimage\"},\"thumbnailUrl\":\"https:\/\/la-toussuire.com\/wp-content\/uploads\/OTToussuire_VTT_VAE_Locations_Presentation\u00a9AlbanPernet@La_Toussuire-1.jpg\",\"datePublished\":\"2023-03-23T09:19:14+00:00\",\"dateModified\":\"2023-03-23T09:19:15+00:00\",\"description\":\"Nood aan raadgevingen van professionals ? Onze experten zijn daar om u raad te geven en te leiden met betrekking tot uw aankopen, verkoop en herstellingen.\",\"breadcrumb\":{\"@id\":\"https:\/\/la-toussuire.com\/nl\/wat-te-doen-in-de-zomer\/zomer-activiteiten\/fietsen\/aankoop-verkoop-en-herstellingen\/#breadcrumb\"},\"inLanguage\":\"nl-NL\",\"potentialAction\":[{\"@type\":\"ReadAction\",\"target\":[\"https:\/\/la-toussuire.com\/nl\/wat-te-doen-in-de-zomer\/zomer-activiteiten\/fietsen\/aankoop-verkoop-en-herstellingen\/\"]}]},{\"@type\":\"ImageObject\",\"inLanguage\":\"nl-NL\",\"@id\":\"https:\/\/la-toussuire.com\/nl\/wat-te-doen-in-de-zomer\/zomer-activiteiten\/fietsen\/aankoop-verkoop-en-herstellingen\/#primaryimage\",\"url\":\"https:\/\/la-toussuire.com\/wp-content\/uploads\/OTToussuire_VTT_VAE_Locations_Presentation\u00a9AlbanPernet@La_Toussuire-1.jpg\",\"contentUrl\":\"https:\/\/la-toussuire.com\/wp-content\/uploads\/OTToussuire_VTT_VAE_Locations_Presentation\u00a9AlbanPernet@La_Toussuire-1.jpg\",\"width\":2400,\"height\":1600,\"caption\":\"MTB en VTTAE verhuur\"},{\"@type\":\"BreadcrumbList\",\"@id\":\"https:\/\/la-toussuire.com\/nl\/wat-te-doen-in-de-zomer\/zomer-activiteiten\/fietsen\/aankoop-verkoop-en-herstellingen\/#breadcrumb\",\"itemListElement\":[{\"@type\":\"ListItem\",\"position\":1,\"name\":\"Accueil\",\"item\":\"https:\/\/la-toussuire.com\/nl\/\"},{\"@type\":\"ListItem\",\"position\":2,\"name\":\"Ik heb plezier\",\"item\":\"https:\/\/la-toussuire.com\/nl\/wat-te-doen-in-de-zomer\/\"},{\"@type\":\"ListItem\",\"position\":3,\"name\":\"Onze zomeractiviteiten\",\"item\":\"https:\/\/la-toussuire.com\/nl\/wat-te-doen-in-de-zomer\/zomer-activiteiten\/\"},{\"@type\":\"ListItem\",\"position\":4,\"name\":\"Fietsen\",\"item\":\"https:\/\/la-toussuire.com\/nl\/wat-te-doen-in-de-zomer\/zomer-activiteiten\/fietsen\/\"},{\"@type\":\"ListItem\",\"position\":5,\"name\":\"Aankoop, verkoop en herstellingen\"}]},{\"@type\":\"WebSite\",\"@id\":\"https:\/\/la-toussuire.com\/nl\/#website\",\"url\":\"https:\/\/la-toussuire.com\/nl\/\",\"name\":\"La Toussuire\",\"description\":\"\",\"publisher\":{\"@id\":\"https:\/\/la-toussuire.com\/nl\/#organization\"},\"potentialAction\":[{\"@type\":\"SearchAction\",\"target\":{\"@type\":\"EntryPoint\",\"urlTemplate\":\"https:\/\/la-toussuire.com\/nl\/?s={search_term_string}\"},\"query-input\":{\"@type\":\"PropertyValueSpecification\",\"valueRequired\":true,\"valueName\":\"search_term_string\"}}],\"inLanguage\":\"nl-NL\"},{\"@type\":\"Organization\",\"@id\":\"https:\/\/la-toussuire.com\/nl\/#organization\",\"name\":\"La Toussuire\",\"url\":\"https:\/\/la-toussuire.com\/nl\/\",\"logo\":{\"@type\":\"ImageObject\",\"inLanguage\":\"nl-NL\",\"@id\":\"https:\/\/la-toussuire.com\/nl\/#\/schema\/logo\/image\/\",\"url\":\"https:\/\/la-toussuire.com\/wp-content\/uploads\/cropped-Nouveau-LA-TOUSSUIRE_Logo_Plan-de-travail-1-02.png\",\"contentUrl\":\"https:\/\/la-toussuire.com\/wp-content\/uploads\/cropped-Nouveau-LA-TOUSSUIRE_Logo_Plan-de-travail-1-02.png\",\"width\":591,\"height\":591,\"caption\":\"La Toussuire\"},\"image\":{\"@id\":\"https:\/\/la-toussuire.com\/nl\/#\/schema\/logo\/image\/\"}}]}<\/script>\n<!-- \/ Yoast SEO plugin. -->","yoast_head_json":{"title":"Aankoop, verkoop en herstellingen - La Toussuire","description":"Nood aan raadgevingen van professionals ? Onze experten zijn daar om u raad te geven en te leiden met betrekking tot uw aankopen, verkoop en herstellingen.","robots":{"index":"index","follow":"follow","max-snippet":"max-snippet:-1","max-image-preview":"max-image-preview:large","max-video-preview":"max-video-preview:-1"},"canonical":"https:\/\/la-toussuire.com\/nl\/wat-te-doen-in-de-zomer\/zomer-activiteiten\/fietsen\/aankoop-verkoop-en-herstellingen\/","og_locale":"nl_NL","og_type":"article","og_title":"Aankoop, verkoop en herstellingen - La Toussuire","og_description":"Nood aan raadgevingen van professionals ? Onze experten zijn daar om u raad te geven en te leiden met betrekking tot uw aankopen, verkoop en herstellingen.","og_url":"https:\/\/la-toussuire.com\/nl\/wat-te-doen-in-de-zomer\/zomer-activiteiten\/fietsen\/aankoop-verkoop-en-herstellingen\/","og_site_name":"La Toussuire","article_modified_time":"2023-03-23T09:19:15+00:00","og_image":[{"width":2400,"height":1600,"url":"https:\/\/la-toussuire.com\/wp-content\/uploads\/OTToussuire_VTT_VAE_Locations_Presentation\u00a9AlbanPernet@La_Toussuire-1.jpg","type":"image\/jpeg"}],"twitter_card":"summary_large_image","schema":{"@context":"https:\/\/schema.org","@graph":[{"@type":"WebPage","@id":"https:\/\/la-toussuire.com\/nl\/wat-te-doen-in-de-zomer\/zomer-activiteiten\/fietsen\/aankoop-verkoop-en-herstellingen\/","url":"https:\/\/la-toussuire.com\/nl\/wat-te-doen-in-de-zomer\/zomer-activiteiten\/fietsen\/aankoop-verkoop-en-herstellingen\/","name":"Aankoop, verkoop en herstellingen - La Toussuire","isPartOf":{"@id":"https:\/\/la-toussuire.com\/nl\/#website"},"primaryImageOfPage":{"@id":"https:\/\/la-toussuire.com\/nl\/wat-te-doen-in-de-zomer\/zomer-activiteiten\/fietsen\/aankoop-verkoop-en-herstellingen\/#primaryimage"},"image":{"@id":"https:\/\/la-toussuire.com\/nl\/wat-te-doen-in-de-zomer\/zomer-activiteiten\/fietsen\/aankoop-verkoop-en-herstellingen\/#primaryimage"},"thumbnailUrl":"https:\/\/la-toussuire.com\/wp-content\/uploads\/OTToussuire_VTT_VAE_Locations_Presentation\u00a9AlbanPernet@La_Toussuire-1.jpg","datePublished":"2023-03-23T09:19:14+00:00","dateModified":"2023-03-23T09:19:15+00:00","description":"Nood aan raadgevingen van professionals ? Onze experten zijn daar om u raad te geven en te leiden met betrekking tot uw aankopen, verkoop en herstellingen.","breadcrumb":{"@id":"https:\/\/la-toussuire.com\/nl\/wat-te-doen-in-de-zomer\/zomer-activiteiten\/fietsen\/aankoop-verkoop-en-herstellingen\/#breadcrumb"},"inLanguage":"nl-NL","potentialAction":[{"@type":"ReadAction","target":["https:\/\/la-toussuire.com\/nl\/wat-te-doen-in-de-zomer\/zomer-activiteiten\/fietsen\/aankoop-verkoop-en-herstellingen\/"]}]},{"@type":"ImageObject","inLanguage":"nl-NL","@id":"https:\/\/la-toussuire.com\/nl\/wat-te-doen-in-de-zomer\/zomer-activiteiten\/fietsen\/aankoop-verkoop-en-herstellingen\/#primaryimage","url":"https:\/\/la-toussuire.com\/wp-content\/uploads\/OTToussuire_VTT_VAE_Locations_Presentation\u00a9AlbanPernet@La_Toussuire-1.jpg","contentUrl":"https:\/\/la-toussuire.com\/wp-content\/uploads\/OTToussuire_VTT_VAE_Locations_Presentation\u00a9AlbanPernet@La_Toussuire-1.jpg","width":2400,"height":1600,"caption":"MTB en VTTAE verhuur"},{"@type":"BreadcrumbList","@id":"https:\/\/la-toussuire.com\/nl\/wat-te-doen-in-de-zomer\/zomer-activiteiten\/fietsen\/aankoop-verkoop-en-herstellingen\/#breadcrumb","itemListElement":[{"@type":"ListItem","position":1,"name":"Accueil","item":"https:\/\/la-toussuire.com\/nl\/"},{"@type":"ListItem","position":2,"name":"Ik heb plezier","item":"https:\/\/la-toussuire.com\/nl\/wat-te-doen-in-de-zomer\/"},{"@type":"ListItem","position":3,"name":"Onze zomeractiviteiten","item":"https:\/\/la-toussuire.com\/nl\/wat-te-doen-in-de-zomer\/zomer-activiteiten\/"},{"@type":"ListItem","position":4,"name":"Fietsen","item":"https:\/\/la-toussuire.com\/nl\/wat-te-doen-in-de-zomer\/zomer-activiteiten\/fietsen\/"},{"@type":"ListItem","position":5,"name":"Aankoop, verkoop en herstellingen"}]},{"@type":"WebSite","@id":"https:\/\/la-toussuire.com\/nl\/#website","url":"https:\/\/la-toussuire.com\/nl\/","name":"La Toussuire","description":"","publisher":{"@id":"https:\/\/la-toussuire.com\/nl\/#organization"},"potentialAction":[{"@type":"SearchAction","target":{"@type":"EntryPoint","urlTemplate":"https:\/\/la-toussuire.com\/nl\/?s={search_term_string}"},"query-input":{"@type":"PropertyValueSpecification","valueRequired":true,"valueName":"search_term_string"}}],"inLanguage":"nl-NL"},{"@type":"Organization","@id":"https:\/\/la-toussuire.com\/nl\/#organization","name":"La Toussuire","url":"https:\/\/la-toussuire.com\/nl\/","logo":{"@type":"ImageObject","inLanguage":"nl-NL","@id":"https:\/\/la-toussuire.com\/nl\/#\/schema\/logo\/image\/","url":"https:\/\/la-toussuire.com\/wp-content\/uploads\/cropped-Nouveau-LA-TOUSSUIRE_Logo_Plan-de-travail-1-02.png","contentUrl":"https:\/\/la-toussuire.com\/wp-content\/uploads\/cropped-Nouveau-LA-TOUSSUIRE_Logo_Plan-de-travail-1-02.png","width":591,"height":591,"caption":"La Toussuire"},"image":{"@id":"https:\/\/la-toussuire.com\/nl\/#\/schema\/logo\/image\/"}}]}},"_links":{"self":[{"href":"https:\/\/la-toussuire.com\/nl\/wp-json\/wp\/v2\/pages\/17160","targetHints":{"allow":["GET"]}}],"collection":[{"href":"https:\/\/la-toussuire.com\/nl\/wp-json\/wp\/v2\/pages"}],"about":[{"href":"https:\/\/la-toussuire.com\/nl\/wp-json\/wp\/v2\/types\/page"}],"author":[{"embeddable":true,"href":"https:\/\/la-toussuire.com\/nl\/wp-json\/wp\/v2\/users\/3"}],"replies":[{"embeddable":true,"href":"https:\/\/la-toussuire.com\/nl\/wp-json\/wp\/v2\/comments?post=17160"}],"version-history":[{"count":3,"href":"https:\/\/la-toussuire.com\/nl\/wp-json\/wp\/v2\/pages\/17160\/revisions"}],"predecessor-version":[{"id":17163,"href":"https:\/\/la-toussuire.com\/nl\/wp-json\/wp\/v2\/pages\/17160\/revisions\/17163"}],"up":[{"embeddable":true,"href":"https:\/\/la-toussuire.com\/nl\/wp-json\/wp\/v2\/pages\/10792"}],"wp:featuredmedia":[{"embeddable":true,"href":"https:\/\/la-toussuire.com\/nl\/wp-json\/wp\/v2\/media\/8915"}],"wp:attachment":[{"href":"https:\/\/la-toussuire.com\/nl\/wp-json\/wp\/v2\/media?parent=17160"}],"curies":[{"name":"wp","href":"https:\/\/api.w.org\/{rel}","templated":true}]}}