{"id":17152,"date":"2023-03-23T10:16:52","date_gmt":"2023-03-23T09:16:52","guid":{"rendered":"https:\/\/la-toussuire.com\/wat-te-doen-in-de-zomer\/verken-onze-bergen\/fietsen\/accommodaties-voor-toerfietsers\/"},"modified":"2023-03-23T10:16:53","modified_gmt":"2023-03-23T09:16:53","slug":"accommodaties-voor-toerfietsers","status":"publish","type":"page","link":"https:\/\/la-toussuire.com\/nl\/wat-te-doen-in-de-zomer\/zomer-activiteiten\/fietsen\/accommodaties-voor-toerfietsers\/","title":{"rendered":"Accommodaties voor toerfietsers"},"content":{"rendered":"<div class=\"block block-core-heading\">\n<h2 class=\"wp-block-heading\" id=\"en-recherche-d-un-hebergement-pour-votre-sejour-cyclo\">Op zoek naar een accommodatie voor uw fietsverblijf ?<\/h2>\n<\/div><div class=\"block block-core-paragraph\">\n<p>Sterk in de ervaring voor ontvangst van fietsevenementen stellen we u <strong>verschillende overnachtingen<\/strong> voor die zullen kunnen beantwoorden aan uw verwachtingen voor sportievelingen. Van <strong>camping<\/strong> tot <strong>hotels<\/strong> over <strong>traditionele chalets<\/strong>, <em>u heeft enkel keuzestress voor de<\/em> <em>fietsaccommodaties !<\/em><\/p>\n<\/div><div class=\"block block-lba-apidae-selection\"><!--BEGIN ITEMS APIDAE -->\r\n    <div class=\"selection-mode-selector\" data-selection=\"118046\">\r\n        <ul>\r\n            <li><a href=\"#selection-grid\" class=\"active\">Grid view<\/a><\/li>\r\n            <li><a href=\"#selection-map\">Map view<\/a><\/li>\r\n        <\/ul>\r\n    <\/div>\r\n    <div id=\"selection-grid\" style=\"display: block;\">\r\n\r\n        <!--BEGIN FILTER -->\r\n                <!--BEGIN FILTER -->\r\n\r\n        <div id=\"selection-grid\" class=\"selection-mode-default\">\r\n                            <div class=\"card 3etoiles 10places 4-6pieces\">\r\n                    <div class=\"row\">\r\n                        <div class=\"col-md-3\">\r\n                                                        <img decoding=\"async\" src=\"https:\/\/static.apidae-tourisme.com\/filestore\/objets-touristiques\/images\/162\/54\/17774242-diaporama.jpg\" class=\"w-100\" alt=\"Image ChaletComplet\">\r\n                        <\/div>\r\n                        <div class=\"col-md-9\">\r\n                            <div class=\"card-block px-1\">\r\n                                <h2 class=\"card-title\">\r\n                                    <a href=\"https:\/\/la-toussuire.com\/nl\/details\/bike-skilodge-6196348-Fr\/\">Bike &#038; Skilodge<\/a>\r\n                                <\/h2>\r\n                                <p class=\"classement\"><i class=\"label label-3toiles\">3 \u00e9toiles<\/i><\/p>\r\n                                <p class=\"card-text\">Charmant appartement dans un chalet situ\u00e9 au pied des pistes offrant une  terrasse et jacuzzi th\u00e9rapeutique avec magnifique vue sur les aiguilles d&#8217;Arves.<\/p>\r\n                                <p class=\"labels\"><\/p>\r\n                            <\/div>\r\n                            <a href=\"https:\/\/la-toussuire.com\/nl\/details\/bike-skilodge-6196348-Fr\/\" class=\"btn\">Meer zien<\/a>\r\n                        <\/div>\r\n                    <\/div>\r\n                <\/div>\r\n                            <div class=\"card 5etoiles 10places 4-6pieces\">\r\n                    <div class=\"row\">\r\n                        <div class=\"col-md-3\">\r\n                                                            <div class=\"pictos\">\r\n                                    <span class=\"label-parking_prive\" title=\"Parking priv\u00e9\">Parking priv\u00e9<\/span><span class=\"label-wifi\" title=\"Acc\u00e8s Internet privatif Wifi\">Acc\u00e8s Internet privatif Wifi<\/span>                                <\/div>\r\n                                                        <img decoding=\"async\" src=\"https:\/\/static.apidae-tourisme.com\/filestore\/objets-touristiques\/images\/5\/108\/814085-diaporama.jpg\" class=\"w-100\" alt=\"Image hiver\">\r\n                        <\/div>\r\n                        <div class=\"col-md-9\">\r\n                            <div class=\"card-block px-1\">\r\n                                <h2 class=\"card-title\">\r\n                                    <a href=\"https:\/\/la-toussuire.com\/nl\/details\/chalet-le-jardin-dhiver-15-impasse-mollaroud-403185-Fr\/\">Chalet Le Jardin d&#8217;Hiver &#8211; 15 impasse mollaroud<\/a>\r\n                                <\/h2>\r\n                                <p class=\"classement\"><i class=\"label label-5toiles\">5 \u00e9toiles<\/i><\/p>\r\n                                <p class=\"card-text\">H\u00e9bergement locatif . Authentique chalet en bois de 170 m\u00b2,construit par son propri\u00e9taire avec des mat\u00e9riaux nobles (pierres et bois) et une  isolation naturelle et \u00e9cologique.\r\nD\u00e9cor\u00e9 typiquement montagnard dans un cadre ensoleill\u00e9, ouvert \u00e0 360\u00b0 !<\/p>\r\n                                <p class=\"labels\"><\/p>\r\n                            <\/div>\r\n                            <a href=\"https:\/\/la-toussuire.com\/nl\/details\/chalet-le-jardin-dhiver-15-impasse-mollaroud-403185-Fr\/\" class=\"btn\">Meer zien<\/a>\r\n                        <\/div>\r\n                    <\/div>\r\n                <\/div>\r\n                            <div class=\"card 0-3pieces Residence Appartement ImmeubleResidence Meubleindependant\">\r\n                    <div class=\"row\">\r\n                        <div class=\"col-md-3\">\r\n                                                            <div class=\"pictos\">\r\n                                    <span class=\"label-parking_prive\" title=\"Parking priv\u00e9\">Parking priv\u00e9<\/span><span class=\"label-animaux_acceptes\" title=\"Animaux accept\u00e9s\">Animaux accept\u00e9s<\/span>                                <\/div>\r\n                                                        <img decoding=\"async\" src=\"https:\/\/static.apidae-tourisme.com\/filestore\/objets-touristiques\/images\/147\/54\/17774227-diaporama.jpg\" class=\"w-100\" alt=\"Image ext\u00e9rieur\">\r\n                        <\/div>\r\n                        <div class=\"col-md-9\">\r\n                            <div class=\"card-block px-1\">\r\n                                <h2 class=\"card-title\">\r\n                                    <a href=\"https:\/\/la-toussuire.com\/nl\/details\/sabot-de-venus-centauree-lodge-le-col-panoramic-78315-Fr\/\">Sabot de v\u00e9nus &#8211; Centaur\u00e9e -Lodge -Le Col Panoramic<\/a>\r\n                                <\/h2>\r\n                                <p class=\"classement\"><\/p>\r\n                                <p class=\"card-text\">R\u00e9sidence familiale comprenant 3 grands appartements ind\u00e9pendants en location.\r\n2 Appartements class\u00e9s 4 \u00e9toiles et 1 Appartement r\u00e9cent 2024 en 5 \u00e9toiles\r\nExpos\u00e9e plein sud, au calme , grand parking priv\u00e9.\r\nRestaurant<\/p>\r\n                                <p class=\"labels\"><\/p>\r\n                            <\/div>\r\n                            <a href=\"https:\/\/la-toussuire.com\/nl\/details\/sabot-de-venus-centauree-lodge-le-col-panoramic-78315-Fr\/\" class=\"btn\">Meer zien<\/a>\r\n                        <\/div>\r\n                    <\/div>\r\n                <\/div>\r\n                    <\/div>\r\n    <\/div>\r\n    <div id=\"selection-map\" class=\"selection-mode-map\" style=\"display: none;\">\r\n        <div class=\"map\" id=\"MapContainerListe\"><\/div>\r\n    <\/div>\r\n<!--END ITEMS APIDAE -->\r\n\r\n<!--BEGIN PAGINATOR -->\r\n<!--BEGIN PAGINATOR --><\/div>","protected":false},"excerpt":{"rendered":"<p>Op zoek naar een accommodatie voor uw fietsverblijf ? Sterk in de ervaring voor ontvangst van fietsevenementen stellen we u verschillende overnachtingen voor die zullen kunnen beantwoorden aan uw verwachtingen voor sportievelingen. Van camping tot hotels over traditionele chalets, u heeft enkel keuzestress voor de fietsaccommodaties !<\/p>\n","protected":false},"author":3,"featured_media":6088,"parent":10792,"menu_order":4,"comment_status":"closed","ping_status":"closed","template":"page-template.php","meta":{"_acf_changed":false,"footnotes":""},"class_list":["post-17152","page","type-page","status-publish","has-post-thumbnail","hentry"],"acf":[],"yoast_head":"<!-- This site is optimized with the Yoast SEO plugin v27.1.1 - https:\/\/yoast.com\/product\/yoast-seo-wordpress\/ -->\n<title>Accommodaties voor toerfietsers - La Toussuire<\/title>\n<meta name=\"description\" content=\"Sterk in de ervaring voor ontvangst van fietsevenementen stellen we u fietsaccommodaties voor die zullen kunnen beantwoorden aan uw verwachtingen.\" \/>\n<meta name=\"robots\" content=\"index, follow, max-snippet:-1, max-image-preview:large, max-video-preview:-1\" \/>\n<link rel=\"canonical\" href=\"https:\/\/la-toussuire.com\/nl\/wat-te-doen-in-de-zomer\/zomer-activiteiten\/fietsen\/accommodaties-voor-toerfietsers\/\" \/>\n<meta property=\"og:locale\" content=\"nl_NL\" \/>\n<meta property=\"og:type\" content=\"article\" \/>\n<meta property=\"og:title\" content=\"Accommodaties voor toerfietsers - La Toussuire\" \/>\n<meta property=\"og:description\" content=\"Sterk in de ervaring voor ontvangst van fietsevenementen stellen we u fietsaccommodaties voor die zullen kunnen beantwoorden aan uw verwachtingen.\" \/>\n<meta property=\"og:url\" content=\"https:\/\/la-toussuire.com\/nl\/wat-te-doen-in-de-zomer\/zomer-activiteiten\/fietsen\/accommodaties-voor-toerfietsers\/\" \/>\n<meta property=\"og:site_name\" content=\"La Toussuire\" \/>\n<meta property=\"article:modified_time\" content=\"2023-03-23T09:16:53+00:00\" \/>\n<meta property=\"og:image\" content=\"https:\/\/la-toussuire.com\/wp-content\/uploads\/OTToussuire_Cyclisme_Hebergements_Presentation\u00a9Zoom@La_Toussuire-scaled.jpg\" \/>\n\t<meta property=\"og:image:width\" content=\"2560\" \/>\n\t<meta property=\"og:image:height\" content=\"1149\" \/>\n\t<meta property=\"og:image:type\" content=\"image\/jpeg\" \/>\n<meta name=\"twitter:card\" content=\"summary_large_image\" \/>\n<script type=\"application\/ld+json\" class=\"yoast-schema-graph\">{\"@context\":\"https:\/\/schema.org\",\"@graph\":[{\"@type\":\"WebPage\",\"@id\":\"https:\/\/la-toussuire.com\/nl\/wat-te-doen-in-de-zomer\/zomer-activiteiten\/fietsen\/accommodaties-voor-toerfietsers\/\",\"url\":\"https:\/\/la-toussuire.com\/nl\/wat-te-doen-in-de-zomer\/zomer-activiteiten\/fietsen\/accommodaties-voor-toerfietsers\/\",\"name\":\"Accommodaties voor toerfietsers - La Toussuire\",\"isPartOf\":{\"@id\":\"https:\/\/la-toussuire.com\/nl\/#website\"},\"primaryImageOfPage\":{\"@id\":\"https:\/\/la-toussuire.com\/nl\/wat-te-doen-in-de-zomer\/zomer-activiteiten\/fietsen\/accommodaties-voor-toerfietsers\/#primaryimage\"},\"image\":{\"@id\":\"https:\/\/la-toussuire.com\/nl\/wat-te-doen-in-de-zomer\/zomer-activiteiten\/fietsen\/accommodaties-voor-toerfietsers\/#primaryimage\"},\"thumbnailUrl\":\"https:\/\/la-toussuire.com\/wp-content\/uploads\/OTToussuire_Cyclisme_Hebergements_Presentation\u00a9Zoom@La_Toussuire-scaled.jpg\",\"datePublished\":\"2023-03-23T09:16:52+00:00\",\"dateModified\":\"2023-03-23T09:16:53+00:00\",\"description\":\"Sterk in de ervaring voor ontvangst van fietsevenementen stellen we u fietsaccommodaties voor die zullen kunnen beantwoorden aan uw verwachtingen.\",\"breadcrumb\":{\"@id\":\"https:\/\/la-toussuire.com\/nl\/wat-te-doen-in-de-zomer\/zomer-activiteiten\/fietsen\/accommodaties-voor-toerfietsers\/#breadcrumb\"},\"inLanguage\":\"nl-NL\",\"potentialAction\":[{\"@type\":\"ReadAction\",\"target\":[\"https:\/\/la-toussuire.com\/nl\/wat-te-doen-in-de-zomer\/zomer-activiteiten\/fietsen\/accommodaties-voor-toerfietsers\/\"]}]},{\"@type\":\"ImageObject\",\"inLanguage\":\"nl-NL\",\"@id\":\"https:\/\/la-toussuire.com\/nl\/wat-te-doen-in-de-zomer\/zomer-activiteiten\/fietsen\/accommodaties-voor-toerfietsers\/#primaryimage\",\"url\":\"https:\/\/la-toussuire.com\/wp-content\/uploads\/OTToussuire_Cyclisme_Hebergements_Presentation\u00a9Zoom@La_Toussuire-scaled.jpg\",\"contentUrl\":\"https:\/\/la-toussuire.com\/wp-content\/uploads\/OTToussuire_Cyclisme_Hebergements_Presentation\u00a9Zoom@La_Toussuire-scaled.jpg\",\"width\":2560,\"height\":1149,\"caption\":\"Decoration op een chalet tijdens de Tour de France\"},{\"@type\":\"BreadcrumbList\",\"@id\":\"https:\/\/la-toussuire.com\/nl\/wat-te-doen-in-de-zomer\/zomer-activiteiten\/fietsen\/accommodaties-voor-toerfietsers\/#breadcrumb\",\"itemListElement\":[{\"@type\":\"ListItem\",\"position\":1,\"name\":\"Accueil\",\"item\":\"https:\/\/la-toussuire.com\/nl\/\"},{\"@type\":\"ListItem\",\"position\":2,\"name\":\"Ik heb plezier\",\"item\":\"https:\/\/la-toussuire.com\/nl\/wat-te-doen-in-de-zomer\/\"},{\"@type\":\"ListItem\",\"position\":3,\"name\":\"Onze zomeractiviteiten\",\"item\":\"https:\/\/la-toussuire.com\/nl\/wat-te-doen-in-de-zomer\/zomer-activiteiten\/\"},{\"@type\":\"ListItem\",\"position\":4,\"name\":\"Fietsen\",\"item\":\"https:\/\/la-toussuire.com\/nl\/wat-te-doen-in-de-zomer\/zomer-activiteiten\/fietsen\/\"},{\"@type\":\"ListItem\",\"position\":5,\"name\":\"Accommodaties voor toerfietsers\"}]},{\"@type\":\"WebSite\",\"@id\":\"https:\/\/la-toussuire.com\/nl\/#website\",\"url\":\"https:\/\/la-toussuire.com\/nl\/\",\"name\":\"La Toussuire\",\"description\":\"\",\"publisher\":{\"@id\":\"https:\/\/la-toussuire.com\/nl\/#organization\"},\"potentialAction\":[{\"@type\":\"SearchAction\",\"target\":{\"@type\":\"EntryPoint\",\"urlTemplate\":\"https:\/\/la-toussuire.com\/nl\/?s={search_term_string}\"},\"query-input\":{\"@type\":\"PropertyValueSpecification\",\"valueRequired\":true,\"valueName\":\"search_term_string\"}}],\"inLanguage\":\"nl-NL\"},{\"@type\":\"Organization\",\"@id\":\"https:\/\/la-toussuire.com\/nl\/#organization\",\"name\":\"La Toussuire\",\"url\":\"https:\/\/la-toussuire.com\/nl\/\",\"logo\":{\"@type\":\"ImageObject\",\"inLanguage\":\"nl-NL\",\"@id\":\"https:\/\/la-toussuire.com\/nl\/#\/schema\/logo\/image\/\",\"url\":\"https:\/\/la-toussuire.com\/wp-content\/uploads\/cropped-Nouveau-LA-TOUSSUIRE_Logo_Plan-de-travail-1-02.png\",\"contentUrl\":\"https:\/\/la-toussuire.com\/wp-content\/uploads\/cropped-Nouveau-LA-TOUSSUIRE_Logo_Plan-de-travail-1-02.png\",\"width\":591,\"height\":591,\"caption\":\"La Toussuire\"},\"image\":{\"@id\":\"https:\/\/la-toussuire.com\/nl\/#\/schema\/logo\/image\/\"}}]}<\/script>\n<!-- \/ Yoast SEO plugin. -->","yoast_head_json":{"title":"Accommodaties voor toerfietsers - La Toussuire","description":"Sterk in de ervaring voor ontvangst van fietsevenementen stellen we u fietsaccommodaties voor die zullen kunnen beantwoorden aan uw verwachtingen.","robots":{"index":"index","follow":"follow","max-snippet":"max-snippet:-1","max-image-preview":"max-image-preview:large","max-video-preview":"max-video-preview:-1"},"canonical":"https:\/\/la-toussuire.com\/nl\/wat-te-doen-in-de-zomer\/zomer-activiteiten\/fietsen\/accommodaties-voor-toerfietsers\/","og_locale":"nl_NL","og_type":"article","og_title":"Accommodaties voor toerfietsers - La Toussuire","og_description":"Sterk in de ervaring voor ontvangst van fietsevenementen stellen we u fietsaccommodaties voor die zullen kunnen beantwoorden aan uw verwachtingen.","og_url":"https:\/\/la-toussuire.com\/nl\/wat-te-doen-in-de-zomer\/zomer-activiteiten\/fietsen\/accommodaties-voor-toerfietsers\/","og_site_name":"La Toussuire","article_modified_time":"2023-03-23T09:16:53+00:00","og_image":[{"width":2560,"height":1149,"url":"https:\/\/la-toussuire.com\/wp-content\/uploads\/OTToussuire_Cyclisme_Hebergements_Presentation\u00a9Zoom@La_Toussuire-scaled.jpg","type":"image\/jpeg"}],"twitter_card":"summary_large_image","schema":{"@context":"https:\/\/schema.org","@graph":[{"@type":"WebPage","@id":"https:\/\/la-toussuire.com\/nl\/wat-te-doen-in-de-zomer\/zomer-activiteiten\/fietsen\/accommodaties-voor-toerfietsers\/","url":"https:\/\/la-toussuire.com\/nl\/wat-te-doen-in-de-zomer\/zomer-activiteiten\/fietsen\/accommodaties-voor-toerfietsers\/","name":"Accommodaties voor toerfietsers - La Toussuire","isPartOf":{"@id":"https:\/\/la-toussuire.com\/nl\/#website"},"primaryImageOfPage":{"@id":"https:\/\/la-toussuire.com\/nl\/wat-te-doen-in-de-zomer\/zomer-activiteiten\/fietsen\/accommodaties-voor-toerfietsers\/#primaryimage"},"image":{"@id":"https:\/\/la-toussuire.com\/nl\/wat-te-doen-in-de-zomer\/zomer-activiteiten\/fietsen\/accommodaties-voor-toerfietsers\/#primaryimage"},"thumbnailUrl":"https:\/\/la-toussuire.com\/wp-content\/uploads\/OTToussuire_Cyclisme_Hebergements_Presentation\u00a9Zoom@La_Toussuire-scaled.jpg","datePublished":"2023-03-23T09:16:52+00:00","dateModified":"2023-03-23T09:16:53+00:00","description":"Sterk in de ervaring voor ontvangst van fietsevenementen stellen we u fietsaccommodaties voor die zullen kunnen beantwoorden aan uw verwachtingen.","breadcrumb":{"@id":"https:\/\/la-toussuire.com\/nl\/wat-te-doen-in-de-zomer\/zomer-activiteiten\/fietsen\/accommodaties-voor-toerfietsers\/#breadcrumb"},"inLanguage":"nl-NL","potentialAction":[{"@type":"ReadAction","target":["https:\/\/la-toussuire.com\/nl\/wat-te-doen-in-de-zomer\/zomer-activiteiten\/fietsen\/accommodaties-voor-toerfietsers\/"]}]},{"@type":"ImageObject","inLanguage":"nl-NL","@id":"https:\/\/la-toussuire.com\/nl\/wat-te-doen-in-de-zomer\/zomer-activiteiten\/fietsen\/accommodaties-voor-toerfietsers\/#primaryimage","url":"https:\/\/la-toussuire.com\/wp-content\/uploads\/OTToussuire_Cyclisme_Hebergements_Presentation\u00a9Zoom@La_Toussuire-scaled.jpg","contentUrl":"https:\/\/la-toussuire.com\/wp-content\/uploads\/OTToussuire_Cyclisme_Hebergements_Presentation\u00a9Zoom@La_Toussuire-scaled.jpg","width":2560,"height":1149,"caption":"Decoration op een chalet tijdens de Tour de France"},{"@type":"BreadcrumbList","@id":"https:\/\/la-toussuire.com\/nl\/wat-te-doen-in-de-zomer\/zomer-activiteiten\/fietsen\/accommodaties-voor-toerfietsers\/#breadcrumb","itemListElement":[{"@type":"ListItem","position":1,"name":"Accueil","item":"https:\/\/la-toussuire.com\/nl\/"},{"@type":"ListItem","position":2,"name":"Ik heb plezier","item":"https:\/\/la-toussuire.com\/nl\/wat-te-doen-in-de-zomer\/"},{"@type":"ListItem","position":3,"name":"Onze zomeractiviteiten","item":"https:\/\/la-toussuire.com\/nl\/wat-te-doen-in-de-zomer\/zomer-activiteiten\/"},{"@type":"ListItem","position":4,"name":"Fietsen","item":"https:\/\/la-toussuire.com\/nl\/wat-te-doen-in-de-zomer\/zomer-activiteiten\/fietsen\/"},{"@type":"ListItem","position":5,"name":"Accommodaties voor toerfietsers"}]},{"@type":"WebSite","@id":"https:\/\/la-toussuire.com\/nl\/#website","url":"https:\/\/la-toussuire.com\/nl\/","name":"La Toussuire","description":"","publisher":{"@id":"https:\/\/la-toussuire.com\/nl\/#organization"},"potentialAction":[{"@type":"SearchAction","target":{"@type":"EntryPoint","urlTemplate":"https:\/\/la-toussuire.com\/nl\/?s={search_term_string}"},"query-input":{"@type":"PropertyValueSpecification","valueRequired":true,"valueName":"search_term_string"}}],"inLanguage":"nl-NL"},{"@type":"Organization","@id":"https:\/\/la-toussuire.com\/nl\/#organization","name":"La Toussuire","url":"https:\/\/la-toussuire.com\/nl\/","logo":{"@type":"ImageObject","inLanguage":"nl-NL","@id":"https:\/\/la-toussuire.com\/nl\/#\/schema\/logo\/image\/","url":"https:\/\/la-toussuire.com\/wp-content\/uploads\/cropped-Nouveau-LA-TOUSSUIRE_Logo_Plan-de-travail-1-02.png","contentUrl":"https:\/\/la-toussuire.com\/wp-content\/uploads\/cropped-Nouveau-LA-TOUSSUIRE_Logo_Plan-de-travail-1-02.png","width":591,"height":591,"caption":"La Toussuire"},"image":{"@id":"https:\/\/la-toussuire.com\/nl\/#\/schema\/logo\/image\/"}}]}},"_links":{"self":[{"href":"https:\/\/la-toussuire.com\/nl\/wp-json\/wp\/v2\/pages\/17152","targetHints":{"allow":["GET"]}}],"collection":[{"href":"https:\/\/la-toussuire.com\/nl\/wp-json\/wp\/v2\/pages"}],"about":[{"href":"https:\/\/la-toussuire.com\/nl\/wp-json\/wp\/v2\/types\/page"}],"author":[{"embeddable":true,"href":"https:\/\/la-toussuire.com\/nl\/wp-json\/wp\/v2\/users\/3"}],"replies":[{"embeddable":true,"href":"https:\/\/la-toussuire.com\/nl\/wp-json\/wp\/v2\/comments?post=17152"}],"version-history":[{"count":3,"href":"https:\/\/la-toussuire.com\/nl\/wp-json\/wp\/v2\/pages\/17152\/revisions"}],"predecessor-version":[{"id":17155,"href":"https:\/\/la-toussuire.com\/nl\/wp-json\/wp\/v2\/pages\/17152\/revisions\/17155"}],"up":[{"embeddable":true,"href":"https:\/\/la-toussuire.com\/nl\/wp-json\/wp\/v2\/pages\/10792"}],"wp:featuredmedia":[{"embeddable":true,"href":"https:\/\/la-toussuire.com\/nl\/wp-json\/wp\/v2\/media\/6088"}],"wp:attachment":[{"href":"https:\/\/la-toussuire.com\/nl\/wp-json\/wp\/v2\/media?parent=17152"}],"curies":[{"name":"wp","href":"https:\/\/api.w.org\/{rel}","templated":true}]}}