{"id":16972,"date":"2023-03-22T15:51:26","date_gmt":"2023-03-22T14:51:26","guid":{"rendered":"https:\/\/la-toussuire.com\/wat-te-doen-in-de-zomer\/verken-onze-bergen\/vtt-vttae\/mountainbike-en-mtb-ae-parcours\/"},"modified":"2024-05-15T11:53:20","modified_gmt":"2024-05-15T09:53:20","slug":"mountainbike-en-mtb-ae-parcours","status":"publish","type":"page","link":"https:\/\/la-toussuire.com\/nl\/wat-te-doen-in-de-zomer\/zomer-activiteiten\/vtt-vttae\/mountainbike-en-mtb-ae-parcours\/","title":{"rendered":"Mountainbike en MTB AE parcours"},"content":{"rendered":"<div class=\"block block-core-heading\">\n<h2 class=\"wp-block-heading\">Om onze bergen te beklimmen, nadien af te dalen !<\/h2>\n<\/div><div class=\"block block-core-paragraph\">\n<p>Op uw plaatsen, klaar, <strong>af<\/strong> ! <em>Ontdek onze selectie en kies de route die u verkiest\u2026<\/em><\/p>\n<\/div><div class=\"block block-lba-apidae-selection\"><!--BEGIN ITEMS APIDAE -->\r\n    <div class=\"selection-mode-selector\" data-selection=\"121467\">\r\n        <ul>\r\n            <li><a href=\"#selection-grid\" class=\"active\">Grid view<\/a><\/li>\r\n            <li><a href=\"#selection-map\">Map view<\/a><\/li>\r\n        <\/ul>\r\n    <\/div>\r\n    <div id=\"selection-grid\" style=\"display: block;\">\r\n\r\n        <!--BEGIN FILTER -->\r\n                <!--BEGIN FILTER -->\r\n\r\n        <div id=\"selection-grid\" class=\"selection-mode-default\">\r\n                            <div class=\"card 0-3pieces\">\r\n                    <div class=\"row\">\r\n                        <div class=\"col-md-3\">\r\n                                                        <img decoding=\"async\" src=\"https:\/\/static.apidae-tourisme.com\/filestore\/objets-touristiques\/images\/181\/115\/8156085-diaporama.jpg\" class=\"w-100\" alt=\"Image DSC02849 Retouche\">\r\n                        <\/div>\r\n                        <div class=\"col-md-9\">\r\n                            <div class=\"card-block px-1\">\r\n                                <h2 class=\"card-title\">\r\n                                    <a href=\"https:\/\/la-toussuire.com\/nl\/details\/autour-des-trois-croix-5575501-Fr\/\">Autour des Trois Croix<\/a>\r\n                                <\/h2>\r\n                                <p class=\"classement\"><\/p>\r\n                                <p class=\"card-text\">Circuit sportif dans des milieux vari\u00e9s: for\u00eat, alpages et petits vallons b\u00e9n\u00e9ficiant de jolis points de vue et panoramas sur le massif de l&#8217;Arvan.\r\n Circuit \u00e0 faire en sens anti horaire.<\/p>\r\n                                <p class=\"labels\"><\/p>\r\n                            <\/div>\r\n                            <a href=\"https:\/\/la-toussuire.com\/nl\/details\/autour-des-trois-croix-5575501-Fr\/\" class=\"btn\">Meer zien<\/a>\r\n                        <\/div>\r\n                    <\/div>\r\n                <\/div>\r\n                            <div class=\"card 0-3pieces\">\r\n                    <div class=\"row\">\r\n                        <div class=\"col-md-3\">\r\n                                                        <img decoding=\"async\" src=\"https:\/\/static.apidae-tourisme.com\/filestore\/objets-touristiques\/images\/208\/115\/8156112-diaporama.jpg\" class=\"w-100\" alt=\"Image DSC02776 Retouche\">\r\n                        <\/div>\r\n                        <div class=\"col-md-9\">\r\n                            <div class=\"card-block px-1\">\r\n                                <h2 class=\"card-title\">\r\n                                    <a href=\"https:\/\/la-toussuire.com\/nl\/details\/circuit-de-champ-perouse-5575371-Fr\/\">Circuit de Champ P\u00e9rouse<\/a>\r\n                                <\/h2>\r\n                                <p class=\"classement\"><\/p>\r\n                                <p class=\"card-text\">Un circuit facile pour d\u00e9butants au d\u00e9part de la station de La Toussuire pour apprendre le VTT ou le VTT \u00e9lectrique!<\/p>\r\n                                <p class=\"labels\"><\/p>\r\n                            <\/div>\r\n                            <a href=\"https:\/\/la-toussuire.com\/nl\/details\/circuit-de-champ-perouse-5575371-Fr\/\" class=\"btn\">Meer zien<\/a>\r\n                        <\/div>\r\n                    <\/div>\r\n                <\/div>\r\n                            <div class=\"card 0-3pieces\">\r\n                    <div class=\"row\">\r\n                        <div class=\"col-md-3\">\r\n                                                        <img decoding=\"async\" src=\"https:\/\/static.apidae-tourisme.com\/filestore\/objets-touristiques\/images\/102\/115\/8156006-diaporama.jpg\" class=\"w-100\" alt=\"Image DSC02733 Retouche\">\r\n                        <\/div>\r\n                        <div class=\"col-md-9\">\r\n                            <div class=\"card-block px-1\">\r\n                                <h2 class=\"card-title\">\r\n                                    <a href=\"https:\/\/la-toussuire.com\/nl\/details\/circuit-des-cretes-5575553-Fr\/\">Circuit des cr\u00eates<\/a>\r\n                                <\/h2>\r\n                                <p class=\"classement\"><\/p>\r\n                                <p class=\"card-text\">Prenez la direction des sommets avec ce circuit panoramique vous menant sur les cr\u00eates de La Toussuire et du Corbier.\r\nUn des secteur proposant les plus beaux points de vue sur les Sybelles et les massifs alentours!<\/p>\r\n                                <p class=\"labels\"><\/p>\r\n                            <\/div>\r\n                            <a href=\"https:\/\/la-toussuire.com\/nl\/details\/circuit-des-cretes-5575553-Fr\/\" class=\"btn\">Meer zien<\/a>\r\n                        <\/div>\r\n                    <\/div>\r\n                <\/div>\r\n                    <\/div>\r\n    <\/div>\r\n    <div id=\"selection-map\" class=\"selection-mode-map\" style=\"display: none;\">\r\n        <div class=\"map\" id=\"MapContainerListe\"><\/div>\r\n    <\/div>\r\n<!--END ITEMS APIDAE -->\r\n\r\n<!--BEGIN PAGINATOR -->\r\n<!--BEGIN PAGINATOR --><\/div><div class=\"block block-core-file\">\n<div data-wp-interactive=\"core\/file\" class=\"wp-block-file\"><object data-wp-bind--hidden=\"!state.hasPdfPreview\" hidden class=\"wp-block-file__embed\" data=\"https:\/\/la-toussuire.com\/wp-content\/uploads\/VTT-et-VTTAE-Pays-des-aiguilles-Darves-BD.pdf\" type=\"application\/pdf\" style=\"width:100%;height:600px\" aria-label=\"Insluiting van Contenu embarqu\u00e9 VTT-et-VTTAE-Pays-des-aiguilles-Darves-BD..\"><\/object><a id=\"wp-block-file--media-6d0af8ef-37dd-4e8b-9b3e-f68dd2ff3b3e\" href=\"https:\/\/la-toussuire.com\/wp-content\/uploads\/VTT-et-VTTAE-Pays-des-aiguilles-Darves-BD.pdf\">VTT-et-VTTAE-Pays-des-aiguilles-Darves-BD<\/a><a href=\"https:\/\/la-toussuire.com\/wp-content\/uploads\/VTT-et-VTTAE-Pays-des-aiguilles-Darves-BD.pdf\" class=\"wp-block-file__button\" download=\"\" aria-describedby=\"wp-block-file--media-6d0af8ef-37dd-4e8b-9b3e-f68dd2ff3b3e\">Downloaden<\/a><\/div>\n<\/div>","protected":false},"excerpt":{"rendered":"<p>Om onze bergen te beklimmen, nadien af te dalen ! Op uw plaatsen, klaar, af ! Ontdek onze selectie en kies de route die u verkiest\u2026<\/p>\n","protected":false},"author":2,"featured_media":0,"parent":10786,"menu_order":1,"comment_status":"closed","ping_status":"closed","template":"page-template.php","meta":{"_acf_changed":false,"footnotes":""},"class_list":["post-16972","page","type-page","status-publish","hentry"],"acf":[],"yoast_head":"<!-- This site is optimized with the Yoast SEO plugin v27.1.1 - https:\/\/yoast.com\/product\/yoast-seo-wordpress\/ -->\n<title>Mountainbike en MTB AE parcours - La Toussuire<\/title>\n<meta name=\"description\" content=\"Drie routes van mountainbike en VTT AE zijn in ons gebied beschikbaar om te oefenen als gezin of met vrienden of alleen om zich te amuseren\" \/>\n<meta name=\"robots\" content=\"index, follow, max-snippet:-1, max-image-preview:large, max-video-preview:-1\" \/>\n<link rel=\"canonical\" href=\"https:\/\/la-toussuire.com\/nl\/wat-te-doen-in-de-zomer\/zomer-activiteiten\/vtt-vttae\/mountainbike-en-mtb-ae-parcours\/\" \/>\n<meta property=\"og:locale\" content=\"nl_NL\" \/>\n<meta property=\"og:type\" content=\"article\" \/>\n<meta property=\"og:title\" content=\"Mountainbike en MTB AE parcours - La Toussuire\" \/>\n<meta property=\"og:description\" content=\"Drie routes van mountainbike en VTT AE zijn in ons gebied beschikbaar om te oefenen als gezin of met vrienden of alleen om zich te amuseren\" \/>\n<meta property=\"og:url\" content=\"https:\/\/la-toussuire.com\/nl\/wat-te-doen-in-de-zomer\/zomer-activiteiten\/vtt-vttae\/mountainbike-en-mtb-ae-parcours\/\" \/>\n<meta property=\"og:site_name\" content=\"La Toussuire\" \/>\n<meta property=\"article:modified_time\" content=\"2024-05-15T09:53:20+00:00\" \/>\n<meta name=\"twitter:card\" content=\"summary_large_image\" \/>\n<script type=\"application\/ld+json\" class=\"yoast-schema-graph\">{\"@context\":\"https:\/\/schema.org\",\"@graph\":[{\"@type\":\"WebPage\",\"@id\":\"https:\/\/la-toussuire.com\/nl\/wat-te-doen-in-de-zomer\/zomer-activiteiten\/vtt-vttae\/mountainbike-en-mtb-ae-parcours\/\",\"url\":\"https:\/\/la-toussuire.com\/nl\/wat-te-doen-in-de-zomer\/zomer-activiteiten\/vtt-vttae\/mountainbike-en-mtb-ae-parcours\/\",\"name\":\"Mountainbike en MTB AE parcours - La Toussuire\",\"isPartOf\":{\"@id\":\"https:\/\/la-toussuire.com\/nl\/#website\"},\"datePublished\":\"2023-03-22T14:51:26+00:00\",\"dateModified\":\"2024-05-15T09:53:20+00:00\",\"description\":\"Drie routes van mountainbike en VTT AE zijn in ons gebied beschikbaar om te oefenen als gezin of met vrienden of alleen om zich te amuseren\",\"breadcrumb\":{\"@id\":\"https:\/\/la-toussuire.com\/nl\/wat-te-doen-in-de-zomer\/zomer-activiteiten\/vtt-vttae\/mountainbike-en-mtb-ae-parcours\/#breadcrumb\"},\"inLanguage\":\"nl-NL\",\"potentialAction\":[{\"@type\":\"ReadAction\",\"target\":[\"https:\/\/la-toussuire.com\/nl\/wat-te-doen-in-de-zomer\/zomer-activiteiten\/vtt-vttae\/mountainbike-en-mtb-ae-parcours\/\"]}]},{\"@type\":\"BreadcrumbList\",\"@id\":\"https:\/\/la-toussuire.com\/nl\/wat-te-doen-in-de-zomer\/zomer-activiteiten\/vtt-vttae\/mountainbike-en-mtb-ae-parcours\/#breadcrumb\",\"itemListElement\":[{\"@type\":\"ListItem\",\"position\":1,\"name\":\"Accueil\",\"item\":\"https:\/\/la-toussuire.com\/nl\/\"},{\"@type\":\"ListItem\",\"position\":2,\"name\":\"Ik heb plezier\",\"item\":\"https:\/\/la-toussuire.com\/nl\/wat-te-doen-in-de-zomer\/\"},{\"@type\":\"ListItem\",\"position\":3,\"name\":\"Onze zomeractiviteiten\",\"item\":\"https:\/\/la-toussuire.com\/nl\/wat-te-doen-in-de-zomer\/zomer-activiteiten\/\"},{\"@type\":\"ListItem\",\"position\":4,\"name\":\"VTT &amp; VTTAE\",\"item\":\"https:\/\/la-toussuire.com\/nl\/wat-te-doen-in-de-zomer\/zomer-activiteiten\/vtt-vttae\/\"},{\"@type\":\"ListItem\",\"position\":5,\"name\":\"Mountainbike en MTB AE parcours\"}]},{\"@type\":\"WebSite\",\"@id\":\"https:\/\/la-toussuire.com\/nl\/#website\",\"url\":\"https:\/\/la-toussuire.com\/nl\/\",\"name\":\"La Toussuire\",\"description\":\"\",\"publisher\":{\"@id\":\"https:\/\/la-toussuire.com\/nl\/#organization\"},\"potentialAction\":[{\"@type\":\"SearchAction\",\"target\":{\"@type\":\"EntryPoint\",\"urlTemplate\":\"https:\/\/la-toussuire.com\/nl\/?s={search_term_string}\"},\"query-input\":{\"@type\":\"PropertyValueSpecification\",\"valueRequired\":true,\"valueName\":\"search_term_string\"}}],\"inLanguage\":\"nl-NL\"},{\"@type\":\"Organization\",\"@id\":\"https:\/\/la-toussuire.com\/nl\/#organization\",\"name\":\"La Toussuire\",\"url\":\"https:\/\/la-toussuire.com\/nl\/\",\"logo\":{\"@type\":\"ImageObject\",\"inLanguage\":\"nl-NL\",\"@id\":\"https:\/\/la-toussuire.com\/nl\/#\/schema\/logo\/image\/\",\"url\":\"https:\/\/la-toussuire.com\/wp-content\/uploads\/LA-TOUSSUIRE_Logo_ALT.png\",\"contentUrl\":\"https:\/\/la-toussuire.com\/wp-content\/uploads\/LA-TOUSSUIRE_Logo_ALT.png\",\"width\":557,\"height\":325,\"caption\":\"La Toussuire\"},\"image\":{\"@id\":\"https:\/\/la-toussuire.com\/nl\/#\/schema\/logo\/image\/\"}}]}<\/script>\n<!-- \/ Yoast SEO plugin. -->","yoast_head_json":{"title":"Mountainbike en MTB AE parcours - La Toussuire","description":"Drie routes van mountainbike en VTT AE zijn in ons gebied beschikbaar om te oefenen als gezin of met vrienden of alleen om zich te amuseren","robots":{"index":"index","follow":"follow","max-snippet":"max-snippet:-1","max-image-preview":"max-image-preview:large","max-video-preview":"max-video-preview:-1"},"canonical":"https:\/\/la-toussuire.com\/nl\/wat-te-doen-in-de-zomer\/zomer-activiteiten\/vtt-vttae\/mountainbike-en-mtb-ae-parcours\/","og_locale":"nl_NL","og_type":"article","og_title":"Mountainbike en MTB AE parcours - La Toussuire","og_description":"Drie routes van mountainbike en VTT AE zijn in ons gebied beschikbaar om te oefenen als gezin of met vrienden of alleen om zich te amuseren","og_url":"https:\/\/la-toussuire.com\/nl\/wat-te-doen-in-de-zomer\/zomer-activiteiten\/vtt-vttae\/mountainbike-en-mtb-ae-parcours\/","og_site_name":"La Toussuire","article_modified_time":"2024-05-15T09:53:20+00:00","twitter_card":"summary_large_image","schema":{"@context":"https:\/\/schema.org","@graph":[{"@type":"WebPage","@id":"https:\/\/la-toussuire.com\/nl\/wat-te-doen-in-de-zomer\/zomer-activiteiten\/vtt-vttae\/mountainbike-en-mtb-ae-parcours\/","url":"https:\/\/la-toussuire.com\/nl\/wat-te-doen-in-de-zomer\/zomer-activiteiten\/vtt-vttae\/mountainbike-en-mtb-ae-parcours\/","name":"Mountainbike en MTB AE parcours - La Toussuire","isPartOf":{"@id":"https:\/\/la-toussuire.com\/nl\/#website"},"datePublished":"2023-03-22T14:51:26+00:00","dateModified":"2024-05-15T09:53:20+00:00","description":"Drie routes van mountainbike en VTT AE zijn in ons gebied beschikbaar om te oefenen als gezin of met vrienden of alleen om zich te amuseren","breadcrumb":{"@id":"https:\/\/la-toussuire.com\/nl\/wat-te-doen-in-de-zomer\/zomer-activiteiten\/vtt-vttae\/mountainbike-en-mtb-ae-parcours\/#breadcrumb"},"inLanguage":"nl-NL","potentialAction":[{"@type":"ReadAction","target":["https:\/\/la-toussuire.com\/nl\/wat-te-doen-in-de-zomer\/zomer-activiteiten\/vtt-vttae\/mountainbike-en-mtb-ae-parcours\/"]}]},{"@type":"BreadcrumbList","@id":"https:\/\/la-toussuire.com\/nl\/wat-te-doen-in-de-zomer\/zomer-activiteiten\/vtt-vttae\/mountainbike-en-mtb-ae-parcours\/#breadcrumb","itemListElement":[{"@type":"ListItem","position":1,"name":"Accueil","item":"https:\/\/la-toussuire.com\/nl\/"},{"@type":"ListItem","position":2,"name":"Ik heb plezier","item":"https:\/\/la-toussuire.com\/nl\/wat-te-doen-in-de-zomer\/"},{"@type":"ListItem","position":3,"name":"Onze zomeractiviteiten","item":"https:\/\/la-toussuire.com\/nl\/wat-te-doen-in-de-zomer\/zomer-activiteiten\/"},{"@type":"ListItem","position":4,"name":"VTT &amp; VTTAE","item":"https:\/\/la-toussuire.com\/nl\/wat-te-doen-in-de-zomer\/zomer-activiteiten\/vtt-vttae\/"},{"@type":"ListItem","position":5,"name":"Mountainbike en MTB AE parcours"}]},{"@type":"WebSite","@id":"https:\/\/la-toussuire.com\/nl\/#website","url":"https:\/\/la-toussuire.com\/nl\/","name":"La Toussuire","description":"","publisher":{"@id":"https:\/\/la-toussuire.com\/nl\/#organization"},"potentialAction":[{"@type":"SearchAction","target":{"@type":"EntryPoint","urlTemplate":"https:\/\/la-toussuire.com\/nl\/?s={search_term_string}"},"query-input":{"@type":"PropertyValueSpecification","valueRequired":true,"valueName":"search_term_string"}}],"inLanguage":"nl-NL"},{"@type":"Organization","@id":"https:\/\/la-toussuire.com\/nl\/#organization","name":"La Toussuire","url":"https:\/\/la-toussuire.com\/nl\/","logo":{"@type":"ImageObject","inLanguage":"nl-NL","@id":"https:\/\/la-toussuire.com\/nl\/#\/schema\/logo\/image\/","url":"https:\/\/la-toussuire.com\/wp-content\/uploads\/LA-TOUSSUIRE_Logo_ALT.png","contentUrl":"https:\/\/la-toussuire.com\/wp-content\/uploads\/LA-TOUSSUIRE_Logo_ALT.png","width":557,"height":325,"caption":"La Toussuire"},"image":{"@id":"https:\/\/la-toussuire.com\/nl\/#\/schema\/logo\/image\/"}}]}},"_links":{"self":[{"href":"https:\/\/la-toussuire.com\/nl\/wp-json\/wp\/v2\/pages\/16972","targetHints":{"allow":["GET"]}}],"collection":[{"href":"https:\/\/la-toussuire.com\/nl\/wp-json\/wp\/v2\/pages"}],"about":[{"href":"https:\/\/la-toussuire.com\/nl\/wp-json\/wp\/v2\/types\/page"}],"author":[{"embeddable":true,"href":"https:\/\/la-toussuire.com\/nl\/wp-json\/wp\/v2\/users\/2"}],"replies":[{"embeddable":true,"href":"https:\/\/la-toussuire.com\/nl\/wp-json\/wp\/v2\/comments?post=16972"}],"version-history":[{"count":1,"href":"https:\/\/la-toussuire.com\/nl\/wp-json\/wp\/v2\/pages\/16972\/revisions"}],"predecessor-version":[{"id":16973,"href":"https:\/\/la-toussuire.com\/nl\/wp-json\/wp\/v2\/pages\/16972\/revisions\/16973"}],"up":[{"embeddable":true,"href":"https:\/\/la-toussuire.com\/nl\/wp-json\/wp\/v2\/pages\/10786"}],"wp:attachment":[{"href":"https:\/\/la-toussuire.com\/nl\/wp-json\/wp\/v2\/media?parent=16972"}],"curies":[{"name":"wp","href":"https:\/\/api.w.org\/{rel}","templated":true}]}}