{"id":16956,"date":"2023-03-22T14:25:36","date_gmt":"2023-03-22T13:25:36","guid":{"rendered":"https:\/\/la-toussuire.com\/wat-te-doen-in-de-zomer\/verken-onze-bergen\/wandelingen-en-trektochten\/orientatieloop-raadsel-van-de-gouden-medaille\/"},"modified":"2024-05-23T12:36:48","modified_gmt":"2024-05-23T10:36:48","slug":"orientatieloop-raadsel-van-de-gouden-medaille","status":"publish","type":"page","link":"https:\/\/la-toussuire.com\/nl\/wat-te-doen-in-de-zomer\/zomer-activiteiten\/wandelingen-en-trektochten\/orientatieloop-raadsel-van-de-gouden-medaille\/","title":{"rendered":"Ori\u00ebntatieloop Raadsel van de Gouden Medaille"},"content":{"rendered":"<div class=\"block block-core-heading\">\n<h2 class=\"wp-block-heading has-text-align-center\">Maak plaats voor de detectives !<\/h2>\n<\/div><div class=\"block block-core-paragraph\">\n<p class=\"has-text-align-center\">Een <strong>route<\/strong>, <strong>kaarten<\/strong> en een <strong>enigma om op te lossen<\/strong>. Zijn uw kinderen <strong>nieuwsgierig<\/strong> in hart en nieren en wensen ze zich in de huid van de beste <em>priv\u00e9-detectives van la Toussuire te plaatsen ?<\/em><\/p>\n<\/div><div class=\"block block-core-heading\">\n<h2 class=\"wp-block-heading has-text-align-center\">Het spel<\/h2>\n<\/div><div class=\"block block-core-paragraph\">\n<p class=\"has-text-align-center\">Een mysterieuze <strong>dief heeft de motor van de stoeltjeslift<\/strong> M\u00e9daille d&#8217;Or gestolen en in La Toussuire vragen we ons af of het skioord de volgende winter weer open kan!<\/p>\n<\/div><div class=\"block block-core-paragraph\">\n<p class=\"has-text-align-center\"><strong>Kun jij de dader identificeren en de gestolen motor terugvinden zodat het station weer open kan? <\/strong><\/p>\n<\/div><div class=\"block block-core-paragraph\">\n<p class=\"has-text-align-center\">Om je onderzoek te voltooien, moet je <strong>12 bakens vinden<\/strong> die op het station zijn ge\u00efnstalleerd. Om de bakens te vinden en te ontcijferen, moet je je routekaart verzamelen en de kaarten die je helpen de dader te vinden! <\/p>\n<\/div><div class=\"block block-core-columns\">\n<div class=\"wp-block-columns is-layout-flex wp-container-core-columns-is-layout-9d6595d7 wp-block-columns-is-layout-flex\"><div class=\"block block-core-column\">\n<div class=\"wp-block-column is-layout-flow wp-block-column-is-layout-flow\"><div class=\"block block-core-cover\">\n<div class=\"wp-block-cover\"><span aria-hidden=\"true\" class=\"wp-block-cover__background has-white-background-color has-background-dim-0 has-background-dim\"><\/span><img loading=\"lazy\" decoding=\"async\" width=\"787\" height=\"479\" class=\"wp-block-cover__image-background wp-image-31334\" alt=\"\" src=\"https:\/\/la-toussuire.com\/wp-content\/uploads\/Enigme-la-Medaille-dor.png\" style=\"object-position:51% 57%\" data-object-fit=\"cover\" data-object-position=\"51% 57%\" srcset=\"https:\/\/la-toussuire.com\/wp-content\/uploads\/Enigme-la-Medaille-dor.png 787w, https:\/\/la-toussuire.com\/wp-content\/uploads\/Enigme-la-Medaille-dor-300x183.png 300w, https:\/\/la-toussuire.com\/wp-content\/uploads\/Enigme-la-Medaille-dor-150x91.png 150w, https:\/\/la-toussuire.com\/wp-content\/uploads\/Enigme-la-Medaille-dor-768x467.png 768w\" sizes=\"auto, (max-width: 787px) 100vw, 787px\" \/><div class=\"wp-block-cover__inner-container is-layout-constrained wp-block-cover-is-layout-constrained\"><div class=\"block block-core-paragraph\">\n<p class=\"has-text-align-center has-large-font-size\"><\/p>\n<\/div><\/div><\/div>\n<\/div><\/div>\n<\/div>\n\n<div class=\"block block-core-column\">\n<div class=\"wp-block-column is-layout-flow wp-block-column-is-layout-flow\"><div class=\"block block-core-cover\">\n<div class=\"wp-block-cover\"><span aria-hidden=\"true\" class=\"wp-block-cover__background has-white-background-color has-background-dim-0 has-background-dim\"><\/span><img loading=\"lazy\" decoding=\"async\" width=\"592\" height=\"401\" class=\"wp-block-cover__image-background wp-image-31337\" alt=\"\" src=\"https:\/\/la-toussuire.com\/wp-content\/uploads\/Enigme-de-la-Medaille-dOr.png\" style=\"object-position:44% 47%\" data-object-fit=\"cover\" data-object-position=\"44% 47%\" srcset=\"https:\/\/la-toussuire.com\/wp-content\/uploads\/Enigme-de-la-Medaille-dOr.png 592w, https:\/\/la-toussuire.com\/wp-content\/uploads\/Enigme-de-la-Medaille-dOr-300x203.png 300w, https:\/\/la-toussuire.com\/wp-content\/uploads\/Enigme-de-la-Medaille-dOr-150x102.png 150w\" sizes=\"auto, (max-width: 592px) 100vw, 592px\" \/><div class=\"wp-block-cover__inner-container is-layout-constrained wp-block-cover-is-layout-constrained\"><div class=\"block block-core-paragraph\">\n<p class=\"has-text-align-center has-large-font-size\"><\/p>\n<\/div><\/div><\/div>\n<\/div><\/div>\n<\/div>\n\n<div class=\"block block-core-column\">\n<div class=\"wp-block-column is-layout-flow wp-block-column-is-layout-flow\"><div class=\"block block-core-cover\">\n<div class=\"wp-block-cover is-light\"><span aria-hidden=\"true\" class=\"wp-block-cover__background has-white-background-color has-background-dim-0 has-background-dim\"><\/span><img loading=\"lazy\" decoding=\"async\" width=\"620\" height=\"439\" class=\"wp-block-cover__image-background wp-image-31340\" alt=\"\" src=\"https:\/\/la-toussuire.com\/wp-content\/uploads\/Enigme-la-Medaille-dOr-1.png\" style=\"object-position:36% 49%\" data-object-fit=\"cover\" data-object-position=\"36% 49%\" srcset=\"https:\/\/la-toussuire.com\/wp-content\/uploads\/Enigme-la-Medaille-dOr-1.png 620w, https:\/\/la-toussuire.com\/wp-content\/uploads\/Enigme-la-Medaille-dOr-1-300x212.png 300w, https:\/\/la-toussuire.com\/wp-content\/uploads\/Enigme-la-Medaille-dOr-1-150x106.png 150w\" sizes=\"auto, (max-width: 620px) 100vw, 620px\" \/><div class=\"wp-block-cover__inner-container is-layout-constrained wp-block-cover-is-layout-constrained\"><div class=\"block block-core-paragraph\">\n<p class=\"has-text-align-center has-large-font-size\"><\/p>\n<\/div><\/div><\/div>\n<\/div><\/div>\n<\/div><\/div>\n<\/div><div class=\"block block-core-paragraph\">\n<p class=\"has-text-align-center\"><strong>Een leuke manier om ons prachtige resort te ontdekken! <\/strong><\/p>\n<\/div><div class=\"block block-core-heading\">\n<h3 class=\"wp-block-heading has-text-align-center has-text-color has-link-color wp-elements-1337e07b4bcfdcad40e5068a6d0b4d67\" style=\"color:#faba18\"><strong>Informatie over het spel <\/strong><\/h3>\n<\/div><div class=\"block block-core-paragraph\">\n<p class=\"has-text-align-center\">De route is <strong>4 km<\/strong> lang en duurt ongeveer 2 uur. Dit is een familiespel voor kinderen vanaf <strong>8 jaar.<\/strong> De <strong>kit met het retourblad<\/strong> en de <strong>kaartjes<\/strong> om in de markers te doen is te <strong>koop bij het toeristenbureau<\/strong> van La Toussuire voor <strong>\u20ac 6.<\/strong><\/p>\n<\/div>","protected":false},"excerpt":{"rendered":"<p>Maak plaats voor de detectives ! Een route, kaarten en een enigma om op te lossen. Zijn uw kinderen nieuwsgierig in hart en nieren en wensen ze zich in de huid van de beste priv\u00e9-detectives van la Toussuire te plaatsen ? Het spel Een mysterieuze dief heeft de motor van de stoeltjeslift M\u00e9daille d&#8217;Or gestolen [&hellip;]<\/p>\n","protected":false},"author":2,"featured_media":7561,"parent":10760,"menu_order":7,"comment_status":"closed","ping_status":"closed","template":"page-template.php","meta":{"_acf_changed":false,"footnotes":""},"class_list":["post-16956","page","type-page","status-publish","has-post-thumbnail","hentry"],"acf":[],"yoast_head":"<!-- This site is optimized with the Yoast SEO plugin v27.1.1 - https:\/\/yoast.com\/product\/yoast-seo-wordpress\/ -->\n<title>Ori\u00ebntatieloop Raadsel van de Gouden Medaille - La Toussuire<\/title>\n<meta name=\"description\" content=\"Beter dan een wandeling van het Enigma van de M\u00e9daille d&#039;Or is een ori\u00ebntatieroute voor kinderen met een klein definitief cadeau\" \/>\n<meta name=\"robots\" content=\"index, follow, max-snippet:-1, max-image-preview:large, max-video-preview:-1\" \/>\n<link rel=\"canonical\" href=\"https:\/\/la-toussuire.com\/nl\/wat-te-doen-in-de-zomer\/zomer-activiteiten\/wandelingen-en-trektochten\/orientatieloop-raadsel-van-de-gouden-medaille\/\" \/>\n<meta property=\"og:locale\" content=\"nl_NL\" \/>\n<meta property=\"og:type\" content=\"article\" \/>\n<meta property=\"og:title\" content=\"Ori\u00ebntatieloop Raadsel van de Gouden Medaille - La Toussuire\" \/>\n<meta property=\"og:description\" content=\"Beter dan een wandeling van het Enigma van de M\u00e9daille d&#039;Or is een ori\u00ebntatieroute voor kinderen met een klein definitief cadeau\" \/>\n<meta property=\"og:url\" content=\"https:\/\/la-toussuire.com\/nl\/wat-te-doen-in-de-zomer\/zomer-activiteiten\/wandelingen-en-trektochten\/orientatieloop-raadsel-van-de-gouden-medaille\/\" \/>\n<meta property=\"og:site_name\" content=\"La Toussuire\" \/>\n<meta property=\"article:modified_time\" content=\"2024-05-23T10:36:48+00:00\" \/>\n<meta property=\"og:image\" content=\"https:\/\/la-toussuire.com\/wp-content\/uploads\/OTToussuire_Randonnees_Parcours_Medaille_Or_Presentation\u00a9OTToussuire@La_Toussuire.jpg\" \/>\n\t<meta property=\"og:image:width\" content=\"1920\" \/>\n\t<meta property=\"og:image:height\" content=\"1080\" \/>\n\t<meta property=\"og:image:type\" content=\"image\/jpeg\" \/>\n<meta name=\"twitter:card\" content=\"summary_large_image\" \/>\n<meta name=\"twitter:label1\" content=\"Geschatte leestijd\" \/>\n\t<meta name=\"twitter:data1\" content=\"1 minuut\" \/>\n<script type=\"application\/ld+json\" class=\"yoast-schema-graph\">{\"@context\":\"https:\/\/schema.org\",\"@graph\":[{\"@type\":\"WebPage\",\"@id\":\"https:\/\/la-toussuire.com\/nl\/wat-te-doen-in-de-zomer\/zomer-activiteiten\/wandelingen-en-trektochten\/orientatieloop-raadsel-van-de-gouden-medaille\/\",\"url\":\"https:\/\/la-toussuire.com\/nl\/wat-te-doen-in-de-zomer\/zomer-activiteiten\/wandelingen-en-trektochten\/orientatieloop-raadsel-van-de-gouden-medaille\/\",\"name\":\"Ori\u00ebntatieloop Raadsel van de Gouden Medaille - La Toussuire\",\"isPartOf\":{\"@id\":\"https:\/\/la-toussuire.com\/nl\/#website\"},\"primaryImageOfPage\":{\"@id\":\"https:\/\/la-toussuire.com\/nl\/wat-te-doen-in-de-zomer\/zomer-activiteiten\/wandelingen-en-trektochten\/orientatieloop-raadsel-van-de-gouden-medaille\/#primaryimage\"},\"image\":{\"@id\":\"https:\/\/la-toussuire.com\/nl\/wat-te-doen-in-de-zomer\/zomer-activiteiten\/wandelingen-en-trektochten\/orientatieloop-raadsel-van-de-gouden-medaille\/#primaryimage\"},\"thumbnailUrl\":\"https:\/\/la-toussuire.com\/wp-content\/uploads\/OTToussuire_Randonnees_Parcours_Medaille_Or_Presentation\u00a9OTToussuire@La_Toussuire.jpg\",\"datePublished\":\"2023-03-22T13:25:36+00:00\",\"dateModified\":\"2024-05-23T10:36:48+00:00\",\"description\":\"Beter dan een wandeling van het Enigma van de M\u00e9daille d'Or is een ori\u00ebntatieroute voor kinderen met een klein definitief cadeau\",\"breadcrumb\":{\"@id\":\"https:\/\/la-toussuire.com\/nl\/wat-te-doen-in-de-zomer\/zomer-activiteiten\/wandelingen-en-trektochten\/orientatieloop-raadsel-van-de-gouden-medaille\/#breadcrumb\"},\"inLanguage\":\"nl-NL\",\"potentialAction\":[{\"@type\":\"ReadAction\",\"target\":[\"https:\/\/la-toussuire.com\/nl\/wat-te-doen-in-de-zomer\/zomer-activiteiten\/wandelingen-en-trektochten\/orientatieloop-raadsel-van-de-gouden-medaille\/\"]}]},{\"@type\":\"ImageObject\",\"inLanguage\":\"nl-NL\",\"@id\":\"https:\/\/la-toussuire.com\/nl\/wat-te-doen-in-de-zomer\/zomer-activiteiten\/wandelingen-en-trektochten\/orientatieloop-raadsel-van-de-gouden-medaille\/#primaryimage\",\"url\":\"https:\/\/la-toussuire.com\/wp-content\/uploads\/OTToussuire_Randonnees_Parcours_Medaille_Or_Presentation\u00a9OTToussuire@La_Toussuire.jpg\",\"contentUrl\":\"https:\/\/la-toussuire.com\/wp-content\/uploads\/OTToussuire_Randonnees_Parcours_Medaille_Or_Presentation\u00a9OTToussuire@La_Toussuire.jpg\",\"width\":1920,\"height\":1080,\"caption\":\"Parcours de la M\u00e9daille d'Or\"},{\"@type\":\"BreadcrumbList\",\"@id\":\"https:\/\/la-toussuire.com\/nl\/wat-te-doen-in-de-zomer\/zomer-activiteiten\/wandelingen-en-trektochten\/orientatieloop-raadsel-van-de-gouden-medaille\/#breadcrumb\",\"itemListElement\":[{\"@type\":\"ListItem\",\"position\":1,\"name\":\"Accueil\",\"item\":\"https:\/\/la-toussuire.com\/nl\/\"},{\"@type\":\"ListItem\",\"position\":2,\"name\":\"Ik heb plezier\",\"item\":\"https:\/\/la-toussuire.com\/nl\/wat-te-doen-in-de-zomer\/\"},{\"@type\":\"ListItem\",\"position\":3,\"name\":\"Onze zomeractiviteiten\",\"item\":\"https:\/\/la-toussuire.com\/nl\/wat-te-doen-in-de-zomer\/zomer-activiteiten\/\"},{\"@type\":\"ListItem\",\"position\":4,\"name\":\"Wandelingen en trektochten\",\"item\":\"https:\/\/la-toussuire.com\/nl\/wat-te-doen-in-de-zomer\/zomer-activiteiten\/wandelingen-en-trektochten\/\"},{\"@type\":\"ListItem\",\"position\":5,\"name\":\"Ori\u00ebntatieloop Raadsel van de Gouden Medaille\"}]},{\"@type\":\"WebSite\",\"@id\":\"https:\/\/la-toussuire.com\/nl\/#website\",\"url\":\"https:\/\/la-toussuire.com\/nl\/\",\"name\":\"La Toussuire\",\"description\":\"\",\"publisher\":{\"@id\":\"https:\/\/la-toussuire.com\/nl\/#organization\"},\"potentialAction\":[{\"@type\":\"SearchAction\",\"target\":{\"@type\":\"EntryPoint\",\"urlTemplate\":\"https:\/\/la-toussuire.com\/nl\/?s={search_term_string}\"},\"query-input\":{\"@type\":\"PropertyValueSpecification\",\"valueRequired\":true,\"valueName\":\"search_term_string\"}}],\"inLanguage\":\"nl-NL\"},{\"@type\":\"Organization\",\"@id\":\"https:\/\/la-toussuire.com\/nl\/#organization\",\"name\":\"La Toussuire\",\"url\":\"https:\/\/la-toussuire.com\/nl\/\",\"logo\":{\"@type\":\"ImageObject\",\"inLanguage\":\"nl-NL\",\"@id\":\"https:\/\/la-toussuire.com\/nl\/#\/schema\/logo\/image\/\",\"url\":\"https:\/\/la-toussuire.com\/wp-content\/uploads\/cropped-Nouveau-LA-TOUSSUIRE_Logo_Plan-de-travail-1-02.png\",\"contentUrl\":\"https:\/\/la-toussuire.com\/wp-content\/uploads\/cropped-Nouveau-LA-TOUSSUIRE_Logo_Plan-de-travail-1-02.png\",\"width\":591,\"height\":591,\"caption\":\"La Toussuire\"},\"image\":{\"@id\":\"https:\/\/la-toussuire.com\/nl\/#\/schema\/logo\/image\/\"}}]}<\/script>\n<!-- \/ Yoast SEO plugin. -->","yoast_head_json":{"title":"Ori\u00ebntatieloop Raadsel van de Gouden Medaille - La Toussuire","description":"Beter dan een wandeling van het Enigma van de M\u00e9daille d'Or is een ori\u00ebntatieroute voor kinderen met een klein definitief cadeau","robots":{"index":"index","follow":"follow","max-snippet":"max-snippet:-1","max-image-preview":"max-image-preview:large","max-video-preview":"max-video-preview:-1"},"canonical":"https:\/\/la-toussuire.com\/nl\/wat-te-doen-in-de-zomer\/zomer-activiteiten\/wandelingen-en-trektochten\/orientatieloop-raadsel-van-de-gouden-medaille\/","og_locale":"nl_NL","og_type":"article","og_title":"Ori\u00ebntatieloop Raadsel van de Gouden Medaille - La Toussuire","og_description":"Beter dan een wandeling van het Enigma van de M\u00e9daille d'Or is een ori\u00ebntatieroute voor kinderen met een klein definitief cadeau","og_url":"https:\/\/la-toussuire.com\/nl\/wat-te-doen-in-de-zomer\/zomer-activiteiten\/wandelingen-en-trektochten\/orientatieloop-raadsel-van-de-gouden-medaille\/","og_site_name":"La Toussuire","article_modified_time":"2024-05-23T10:36:48+00:00","og_image":[{"width":1920,"height":1080,"url":"https:\/\/la-toussuire.com\/wp-content\/uploads\/OTToussuire_Randonnees_Parcours_Medaille_Or_Presentation\u00a9OTToussuire@La_Toussuire.jpg","type":"image\/jpeg"}],"twitter_card":"summary_large_image","twitter_misc":{"Geschatte leestijd":"1 minuut"},"schema":{"@context":"https:\/\/schema.org","@graph":[{"@type":"WebPage","@id":"https:\/\/la-toussuire.com\/nl\/wat-te-doen-in-de-zomer\/zomer-activiteiten\/wandelingen-en-trektochten\/orientatieloop-raadsel-van-de-gouden-medaille\/","url":"https:\/\/la-toussuire.com\/nl\/wat-te-doen-in-de-zomer\/zomer-activiteiten\/wandelingen-en-trektochten\/orientatieloop-raadsel-van-de-gouden-medaille\/","name":"Ori\u00ebntatieloop Raadsel van de Gouden Medaille - La Toussuire","isPartOf":{"@id":"https:\/\/la-toussuire.com\/nl\/#website"},"primaryImageOfPage":{"@id":"https:\/\/la-toussuire.com\/nl\/wat-te-doen-in-de-zomer\/zomer-activiteiten\/wandelingen-en-trektochten\/orientatieloop-raadsel-van-de-gouden-medaille\/#primaryimage"},"image":{"@id":"https:\/\/la-toussuire.com\/nl\/wat-te-doen-in-de-zomer\/zomer-activiteiten\/wandelingen-en-trektochten\/orientatieloop-raadsel-van-de-gouden-medaille\/#primaryimage"},"thumbnailUrl":"https:\/\/la-toussuire.com\/wp-content\/uploads\/OTToussuire_Randonnees_Parcours_Medaille_Or_Presentation\u00a9OTToussuire@La_Toussuire.jpg","datePublished":"2023-03-22T13:25:36+00:00","dateModified":"2024-05-23T10:36:48+00:00","description":"Beter dan een wandeling van het Enigma van de M\u00e9daille d'Or is een ori\u00ebntatieroute voor kinderen met een klein definitief cadeau","breadcrumb":{"@id":"https:\/\/la-toussuire.com\/nl\/wat-te-doen-in-de-zomer\/zomer-activiteiten\/wandelingen-en-trektochten\/orientatieloop-raadsel-van-de-gouden-medaille\/#breadcrumb"},"inLanguage":"nl-NL","potentialAction":[{"@type":"ReadAction","target":["https:\/\/la-toussuire.com\/nl\/wat-te-doen-in-de-zomer\/zomer-activiteiten\/wandelingen-en-trektochten\/orientatieloop-raadsel-van-de-gouden-medaille\/"]}]},{"@type":"ImageObject","inLanguage":"nl-NL","@id":"https:\/\/la-toussuire.com\/nl\/wat-te-doen-in-de-zomer\/zomer-activiteiten\/wandelingen-en-trektochten\/orientatieloop-raadsel-van-de-gouden-medaille\/#primaryimage","url":"https:\/\/la-toussuire.com\/wp-content\/uploads\/OTToussuire_Randonnees_Parcours_Medaille_Or_Presentation\u00a9OTToussuire@La_Toussuire.jpg","contentUrl":"https:\/\/la-toussuire.com\/wp-content\/uploads\/OTToussuire_Randonnees_Parcours_Medaille_Or_Presentation\u00a9OTToussuire@La_Toussuire.jpg","width":1920,"height":1080,"caption":"Parcours de la M\u00e9daille d'Or"},{"@type":"BreadcrumbList","@id":"https:\/\/la-toussuire.com\/nl\/wat-te-doen-in-de-zomer\/zomer-activiteiten\/wandelingen-en-trektochten\/orientatieloop-raadsel-van-de-gouden-medaille\/#breadcrumb","itemListElement":[{"@type":"ListItem","position":1,"name":"Accueil","item":"https:\/\/la-toussuire.com\/nl\/"},{"@type":"ListItem","position":2,"name":"Ik heb plezier","item":"https:\/\/la-toussuire.com\/nl\/wat-te-doen-in-de-zomer\/"},{"@type":"ListItem","position":3,"name":"Onze zomeractiviteiten","item":"https:\/\/la-toussuire.com\/nl\/wat-te-doen-in-de-zomer\/zomer-activiteiten\/"},{"@type":"ListItem","position":4,"name":"Wandelingen en trektochten","item":"https:\/\/la-toussuire.com\/nl\/wat-te-doen-in-de-zomer\/zomer-activiteiten\/wandelingen-en-trektochten\/"},{"@type":"ListItem","position":5,"name":"Ori\u00ebntatieloop Raadsel van de Gouden Medaille"}]},{"@type":"WebSite","@id":"https:\/\/la-toussuire.com\/nl\/#website","url":"https:\/\/la-toussuire.com\/nl\/","name":"La Toussuire","description":"","publisher":{"@id":"https:\/\/la-toussuire.com\/nl\/#organization"},"potentialAction":[{"@type":"SearchAction","target":{"@type":"EntryPoint","urlTemplate":"https:\/\/la-toussuire.com\/nl\/?s={search_term_string}"},"query-input":{"@type":"PropertyValueSpecification","valueRequired":true,"valueName":"search_term_string"}}],"inLanguage":"nl-NL"},{"@type":"Organization","@id":"https:\/\/la-toussuire.com\/nl\/#organization","name":"La Toussuire","url":"https:\/\/la-toussuire.com\/nl\/","logo":{"@type":"ImageObject","inLanguage":"nl-NL","@id":"https:\/\/la-toussuire.com\/nl\/#\/schema\/logo\/image\/","url":"https:\/\/la-toussuire.com\/wp-content\/uploads\/cropped-Nouveau-LA-TOUSSUIRE_Logo_Plan-de-travail-1-02.png","contentUrl":"https:\/\/la-toussuire.com\/wp-content\/uploads\/cropped-Nouveau-LA-TOUSSUIRE_Logo_Plan-de-travail-1-02.png","width":591,"height":591,"caption":"La Toussuire"},"image":{"@id":"https:\/\/la-toussuire.com\/nl\/#\/schema\/logo\/image\/"}}]}},"_links":{"self":[{"href":"https:\/\/la-toussuire.com\/nl\/wp-json\/wp\/v2\/pages\/16956","targetHints":{"allow":["GET"]}}],"collection":[{"href":"https:\/\/la-toussuire.com\/nl\/wp-json\/wp\/v2\/pages"}],"about":[{"href":"https:\/\/la-toussuire.com\/nl\/wp-json\/wp\/v2\/types\/page"}],"author":[{"embeddable":true,"href":"https:\/\/la-toussuire.com\/nl\/wp-json\/wp\/v2\/users\/2"}],"replies":[{"embeddable":true,"href":"https:\/\/la-toussuire.com\/nl\/wp-json\/wp\/v2\/comments?post=16956"}],"version-history":[{"count":2,"href":"https:\/\/la-toussuire.com\/nl\/wp-json\/wp\/v2\/pages\/16956\/revisions"}],"predecessor-version":[{"id":31350,"href":"https:\/\/la-toussuire.com\/nl\/wp-json\/wp\/v2\/pages\/16956\/revisions\/31350"}],"up":[{"embeddable":true,"href":"https:\/\/la-toussuire.com\/nl\/wp-json\/wp\/v2\/pages\/10760"}],"wp:featuredmedia":[{"embeddable":true,"href":"https:\/\/la-toussuire.com\/nl\/wp-json\/wp\/v2\/media\/7561"}],"wp:attachment":[{"href":"https:\/\/la-toussuire.com\/nl\/wp-json\/wp\/v2\/media?parent=16956"}],"curies":[{"name":"wp","href":"https:\/\/api.w.org\/{rel}","templated":true}]}}