{"id":11702,"date":"2023-01-17T12:53:17","date_gmt":"2023-01-17T11:53:17","guid":{"rendered":"https:\/\/la-toussuire.com\/visites-et-degustations-sur-les-sybelles\/"},"modified":"2023-01-17T12:53:17","modified_gmt":"2023-01-17T11:53:17","slug":"visites-et-degustations-sur-les-sybelles","status":"publish","type":"page","link":"https:\/\/la-toussuire.com\/nl\/wat-te-doen-in-de-zomer\/in-de-omgeving\/visites-et-degustations-sur-les-sybelles\/","title":{"rendered":"Visites et d\u00e9gustations sur Les Sybelles"},"content":{"rendered":"<div class=\"block block-core-heading\">\n<h2 class=\"wp-block-heading\">Zoveel mooie dingen om te ontdekken!<\/h2>\n<\/div><div class=\"block block-core-paragraph\">\n<p><strong>Promenez vous<\/strong>, d\u00e9couvrez les <strong>beaut\u00e9s <\/strong>des Sybelles. Houd dan halt voor een <strong>degustatie<\/strong> van 100% lokalee producten\u2026Van kaas of honing? <em>Ontdek onze selectie en doe uzelf een plezier!<\/em><\/p>\n<\/div><div class=\"block block-lba-apidae-selection\"><!--BEGIN ITEMS APIDAE -->\r\n    <div class=\"selection-mode-selector\" data-selection=\"121319\">\r\n        <ul>\r\n            <li><a href=\"#selection-grid\" class=\"active\">Grid view<\/a><\/li>\r\n            <li><a href=\"#selection-map\">Map view<\/a><\/li>\r\n        <\/ul>\r\n    <\/div>\r\n    <div id=\"selection-grid\" style=\"display: block;\">\r\n\r\n        <!--BEGIN FILTER -->\r\n                <!--BEGIN FILTER -->\r\n\r\n        <div id=\"selection-grid\" class=\"selection-mode-default\">\r\n                            <div class=\"card 0-3pieces\">\r\n                    <div class=\"row\">\r\n                        <div class=\"col-md-3\">\r\n                                                        <img decoding=\"async\" src=\"https:\/\/static.apidae-tourisme.com\/filestore\/objets-touristiques\/images\/165\/59\/17185701-diaporama.jpg\" class=\"w-100\" alt=\"Image DSC_0181\">\r\n                        <\/div>\r\n                        <div class=\"col-md-9\">\r\n                            <div class=\"card-block px-1\">\r\n                                <h2 class=\"card-title\">\r\n                                    <a href=\"https:\/\/la-toussuire.com\/nl\/details\/cooperative-laitiere-des-arves-6490289-Fr\/\">Coop\u00e9rative laiti\u00e8re des Arves<\/a>\r\n                                <\/h2>\r\n                                <p class=\"classement\"><\/p>\r\n                                <p class=\"card-text\">Lait des Vaches de races Tarine et Abondance nourries \u00e0 l&#8217;herbe et foin de notre vall\u00e9e. Collect\u00e9 sur les villages d&#8217;Albiez, Saint Jean d&#8217;Arves et Saint Sorlin d&#8217;Arves.<\/p>\r\n                                <p class=\"labels\"><\/p>\r\n                            <\/div>\r\n                            <a href=\"https:\/\/la-toussuire.com\/nl\/details\/cooperative-laitiere-des-arves-6490289-Fr\/\" class=\"btn\">Meer zien<\/a>\r\n                        <\/div>\r\n                    <\/div>\r\n                <\/div>\r\n                            <div class=\"card 0-3pieces\">\r\n                    <div class=\"row\">\r\n                        <div class=\"col-md-3\">\r\n                                                        <img decoding=\"async\" src=\"https:\/\/static.apidae-tourisme.com\/filestore\/objets-touristiques\/images\/250\/38\/4728570-diaporama.jpg\" class=\"w-100\" alt=\"Image 2015 Eglise hiver E. AXELRAD _IGP1706\">\r\n                        <\/div>\r\n                        <div class=\"col-md-9\">\r\n                            <div class=\"card-block px-1\">\r\n                                <h2 class=\"card-title\">\r\n                                    <a href=\"https:\/\/la-toussuire.com\/nl\/details\/eglise-baroque-saint-saturnin-372659-Fr\/\">Eglise baroque Saint Saturnin<\/a>\r\n                                <\/h2>\r\n                                <p class=\"classement\"><\/p>\r\n                                <p class=\"card-text\">L&#8217;\u00e9glise Saint Saturnin fut construite en 1603 puis agrandie en 1658.\r\nUn monument incontournable \u00e0 visiter au plein coeur des Sybelles qui fait partie de l&#8217;histoire des Arves.<\/p>\r\n                                <p class=\"labels\"><\/p>\r\n                            <\/div>\r\n                            <a href=\"https:\/\/la-toussuire.com\/nl\/details\/eglise-baroque-saint-saturnin-372659-Fr\/\" class=\"btn\">Meer zien<\/a>\r\n                        <\/div>\r\n                    <\/div>\r\n                <\/div>\r\n                            <div class=\"card 0-3pieces\">\r\n                    <div class=\"row\">\r\n                        <div class=\"col-md-3\">\r\n                                                        <img decoding=\"async\" src=\"https:\/\/static.apidae-tourisme.com\/filestore\/objets-touristiques\/images\/92\/191\/1687388-diaporama.jpg\" class=\"w-100\" alt=\"Image Saint-Sorlin d'Arves, \u00a9D. Dereani, fondation Facim (29)\">\r\n                        <\/div>\r\n                        <div class=\"col-md-9\">\r\n                            <div class=\"card-block px-1\">\r\n                                <h2 class=\"card-title\">\r\n                                    <a href=\"https:\/\/la-toussuire.com\/nl\/details\/eglise-saint-saturnin-178105-Fr\/\">Eglise Saint-Saturnin<\/a>\r\n                                <\/h2>\r\n                                <p class=\"classement\"><\/p>\r\n                                <p class=\"card-text\">B\u00e2tie en 1658, l&#8217;\u00e9glise Saint-Saturnin tire surtout son originalit\u00e9 des couronnes mortuaires en perles de verre : elles couvrent litt\u00e9ralement l&#8217;ensemble de ses fa\u00e7ades !<\/p>\r\n                                <p class=\"labels\"><\/p>\r\n                            <\/div>\r\n                            <a href=\"https:\/\/la-toussuire.com\/nl\/details\/eglise-saint-saturnin-178105-Fr\/\" class=\"btn\">Meer zien<\/a>\r\n                        <\/div>\r\n                    <\/div>\r\n                <\/div>\r\n                            <div class=\"card 0-3pieces\">\r\n                    <div class=\"row\">\r\n                        <div class=\"col-md-3\">\r\n                                                            <div class=\"pictos\">\r\n                                    <span class=\"label-animaux_acceptes\" title=\"Animaux accept\u00e9s\">Animaux accept\u00e9s<\/span>                                <\/div>\r\n                                                        <img decoding=\"async\" src=\"https:\/\/static.apidae-tourisme.com\/filestore\/objets-touristiques\/images\/107\/249\/20576619-diaporama.jpg\" class=\"w-100\" alt=\"Image 202211208ski-27 (1)\">\r\n                        <\/div>\r\n                        <div class=\"col-md-9\">\r\n                            <div class=\"card-block px-1\">\r\n                                <h2 class=\"card-title\">\r\n                                    <a href=\"https:\/\/la-toussuire.com\/nl\/details\/la-confiserie-spagnolo-5931080-Fr\/\">La Confiserie Spagnolo<\/a>\r\n                                <\/h2>\r\n                                <p class=\"classement\"><\/p>\r\n                                <p class=\"card-text\">La Confiserie Spagnolo vous accueille toute l&#8217;ann\u00e9e afin de vous proposer toute une gamme de produits fabriqu\u00e9s sur place, au Corbier, pour r\u00e9galer vos papilles et vous ramener en enfance !<\/p>\r\n                                <p class=\"labels\"><\/p>\r\n                            <\/div>\r\n                            <a href=\"https:\/\/la-toussuire.com\/nl\/details\/la-confiserie-spagnolo-5931080-Fr\/\" class=\"btn\">Meer zien<\/a>\r\n                        <\/div>\r\n                    <\/div>\r\n                <\/div>\r\n                            <div class=\"card 0-3pieces\">\r\n                    <div class=\"row\">\r\n                        <div class=\"col-md-3\">\r\n                                                        <img decoding=\"async\" src=\"https:\/\/static.apidae-tourisme.com\/filestore\/objets-touristiques\/images\/48\/84\/3232816-diaporama.jpg\" class=\"w-100\" alt=\"Image IMG_3226\">\r\n                        <\/div>\r\n                        <div class=\"col-md-9\">\r\n                            <div class=\"card-block px-1\">\r\n                                <h2 class=\"card-title\">\r\n                                    <a href=\"https:\/\/la-toussuire.com\/nl\/details\/la-miellerie-des-arves-4845457-Fr\/\">La Miellerie des Arves<\/a>\r\n                                <\/h2>\r\n                                <p class=\"classement\"><\/p>\r\n                                <p class=\"card-text\">Ferme p\u00e9dagogique avec visite guid\u00e9e et magasin producteur. Vente de miel et produits d\u00e9riv\u00e9s (bougie, vinaigre de miel, pollen&#8230;) Arr\u00eat navette ou petit train juste devant.<\/p>\r\n                                <p class=\"labels\"><\/p>\r\n                            <\/div>\r\n                            <a href=\"https:\/\/la-toussuire.com\/nl\/details\/la-miellerie-des-arves-4845457-Fr\/\" class=\"btn\">Meer zien<\/a>\r\n                        <\/div>\r\n                    <\/div>\r\n                <\/div>\r\n                    <\/div>\r\n    <\/div>\r\n    <div id=\"selection-map\" class=\"selection-mode-map\" style=\"display: none;\">\r\n        <div class=\"map\" id=\"MapContainerListe\"><\/div>\r\n    <\/div>\r\n<!--END ITEMS APIDAE -->\r\n\r\n<!--BEGIN PAGINATOR -->\r\n<!--BEGIN PAGINATOR --><\/div>","protected":false},"excerpt":{"rendered":"<p>Zoveel mooie dingen om te ontdekken! Promenez vous, d\u00e9couvrez les beaut\u00e9s des Sybelles. Houd dan halt voor een degustatie van 100% lokalee producten\u2026Van kaas of honing? Ontdek onze selectie en doe uzelf een plezier!<\/p>\n","protected":false},"author":2,"featured_media":7631,"parent":17205,"menu_order":1,"comment_status":"closed","ping_status":"closed","template":"page-template.php","meta":{"_acf_changed":false,"footnotes":""},"class_list":["post-11702","page","type-page","status-publish","has-post-thumbnail","hentry"],"acf":[],"yoast_head":"<!-- This site is optimized with the Yoast SEO plugin v27.1.1 - https:\/\/yoast.com\/product\/yoast-seo-wordpress\/ -->\n<title>Visites et d\u00e9gustations sur Les Sybelles - La Toussuire<\/title>\n<meta name=\"description\" content=\"Kaasmakerij, honingmakerij, banketbakkerij, boerderijen, uitbatingen, religieus of historisch patrimonium van Sybelles om te bezoeken\" \/>\n<meta name=\"robots\" content=\"index, follow, max-snippet:-1, max-image-preview:large, max-video-preview:-1\" \/>\n<link rel=\"canonical\" href=\"https:\/\/la-toussuire.com\/nl\/wat-te-doen-in-de-zomer\/in-de-omgeving\/visites-et-degustations-sur-les-sybelles\/\" \/>\n<meta property=\"og:locale\" content=\"nl_NL\" \/>\n<meta property=\"og:type\" content=\"article\" \/>\n<meta property=\"og:title\" content=\"Visites et d\u00e9gustations sur Les Sybelles - La Toussuire\" \/>\n<meta property=\"og:description\" content=\"Kaasmakerij, honingmakerij, banketbakkerij, boerderijen, uitbatingen, religieus of historisch patrimonium van Sybelles om te bezoeken\" \/>\n<meta property=\"og:url\" content=\"https:\/\/la-toussuire.com\/nl\/wat-te-doen-in-de-zomer\/in-de-omgeving\/visites-et-degustations-sur-les-sybelles\/\" \/>\n<meta property=\"og:site_name\" content=\"La Toussuire\" \/>\n<meta property=\"og:image\" content=\"https:\/\/la-toussuire.com\/wp-content\/uploads\/OTToussuire_Visite_Degustation_Sybelles_Presentation\u00a9CooperativeLaChambre@La_Toussuire.jpg\" \/>\n\t<meta property=\"og:image:width\" content=\"960\" \/>\n\t<meta property=\"og:image:height\" content=\"640\" \/>\n\t<meta property=\"og:image:type\" content=\"image\/jpeg\" \/>\n<meta name=\"twitter:card\" content=\"summary_large_image\" \/>\n<script type=\"application\/ld+json\" class=\"yoast-schema-graph\">{\"@context\":\"https:\/\/schema.org\",\"@graph\":[{\"@type\":\"WebPage\",\"@id\":\"https:\/\/la-toussuire.com\/nl\/wat-te-doen-in-de-zomer\/in-de-omgeving\/visites-et-degustations-sur-les-sybelles\/\",\"url\":\"https:\/\/la-toussuire.com\/nl\/wat-te-doen-in-de-zomer\/in-de-omgeving\/visites-et-degustations-sur-les-sybelles\/\",\"name\":\"Visites et d\u00e9gustations sur Les Sybelles - La Toussuire\",\"isPartOf\":{\"@id\":\"https:\/\/la-toussuire.com\/nl\/#website\"},\"primaryImageOfPage\":{\"@id\":\"https:\/\/la-toussuire.com\/nl\/wat-te-doen-in-de-zomer\/in-de-omgeving\/visites-et-degustations-sur-les-sybelles\/#primaryimage\"},\"image\":{\"@id\":\"https:\/\/la-toussuire.com\/nl\/wat-te-doen-in-de-zomer\/in-de-omgeving\/visites-et-degustations-sur-les-sybelles\/#primaryimage\"},\"thumbnailUrl\":\"https:\/\/la-toussuire.com\/wp-content\/uploads\/OTToussuire_Visite_Degustation_Sybelles_Presentation\u00a9CooperativeLaChambre@La_Toussuire.jpg\",\"datePublished\":\"2023-01-17T11:53:17+00:00\",\"description\":\"Kaasmakerij, honingmakerij, banketbakkerij, boerderijen, uitbatingen, religieus of historisch patrimonium van Sybelles om te bezoeken\",\"breadcrumb\":{\"@id\":\"https:\/\/la-toussuire.com\/nl\/wat-te-doen-in-de-zomer\/in-de-omgeving\/visites-et-degustations-sur-les-sybelles\/#breadcrumb\"},\"inLanguage\":\"nl-NL\",\"potentialAction\":[{\"@type\":\"ReadAction\",\"target\":[\"https:\/\/la-toussuire.com\/nl\/wat-te-doen-in-de-zomer\/in-de-omgeving\/visites-et-degustations-sur-les-sybelles\/\"]}]},{\"@type\":\"ImageObject\",\"inLanguage\":\"nl-NL\",\"@id\":\"https:\/\/la-toussuire.com\/nl\/wat-te-doen-in-de-zomer\/in-de-omgeving\/visites-et-degustations-sur-les-sybelles\/#primaryimage\",\"url\":\"https:\/\/la-toussuire.com\/wp-content\/uploads\/OTToussuire_Visite_Degustation_Sybelles_Presentation\u00a9CooperativeLaChambre@La_Toussuire.jpg\",\"contentUrl\":\"https:\/\/la-toussuire.com\/wp-content\/uploads\/OTToussuire_Visite_Degustation_Sybelles_Presentation\u00a9CooperativeLaChambre@La_Toussuire.jpg\",\"width\":960,\"height\":640,\"caption\":\"Cooperatieve van La Chambre\"},{\"@type\":\"BreadcrumbList\",\"@id\":\"https:\/\/la-toussuire.com\/nl\/wat-te-doen-in-de-zomer\/in-de-omgeving\/visites-et-degustations-sur-les-sybelles\/#breadcrumb\",\"itemListElement\":[{\"@type\":\"ListItem\",\"position\":1,\"name\":\"Accueil\",\"item\":\"https:\/\/la-toussuire.com\/nl\/\"},{\"@type\":\"ListItem\",\"position\":2,\"name\":\"Visites et d\u00e9gustations sur Les Sybelles\"}]},{\"@type\":\"WebSite\",\"@id\":\"https:\/\/la-toussuire.com\/nl\/#website\",\"url\":\"https:\/\/la-toussuire.com\/nl\/\",\"name\":\"La Toussuire\",\"description\":\"\",\"publisher\":{\"@id\":\"https:\/\/la-toussuire.com\/nl\/#organization\"},\"potentialAction\":[{\"@type\":\"SearchAction\",\"target\":{\"@type\":\"EntryPoint\",\"urlTemplate\":\"https:\/\/la-toussuire.com\/nl\/?s={search_term_string}\"},\"query-input\":{\"@type\":\"PropertyValueSpecification\",\"valueRequired\":true,\"valueName\":\"search_term_string\"}}],\"inLanguage\":\"nl-NL\"},{\"@type\":\"Organization\",\"@id\":\"https:\/\/la-toussuire.com\/nl\/#organization\",\"name\":\"La Toussuire\",\"url\":\"https:\/\/la-toussuire.com\/nl\/\",\"logo\":{\"@type\":\"ImageObject\",\"inLanguage\":\"nl-NL\",\"@id\":\"https:\/\/la-toussuire.com\/nl\/#\/schema\/logo\/image\/\",\"url\":\"https:\/\/la-toussuire.com\/wp-content\/uploads\/LA-TOUSSUIRE_Logo_ALT.png\",\"contentUrl\":\"https:\/\/la-toussuire.com\/wp-content\/uploads\/LA-TOUSSUIRE_Logo_ALT.png\",\"width\":557,\"height\":325,\"caption\":\"La Toussuire\"},\"image\":{\"@id\":\"https:\/\/la-toussuire.com\/nl\/#\/schema\/logo\/image\/\"}}]}<\/script>\n<!-- \/ Yoast SEO plugin. -->","yoast_head_json":{"title":"Visites et d\u00e9gustations sur Les Sybelles - La Toussuire","description":"Kaasmakerij, honingmakerij, banketbakkerij, boerderijen, uitbatingen, religieus of historisch patrimonium van Sybelles om te bezoeken","robots":{"index":"index","follow":"follow","max-snippet":"max-snippet:-1","max-image-preview":"max-image-preview:large","max-video-preview":"max-video-preview:-1"},"canonical":"https:\/\/la-toussuire.com\/nl\/wat-te-doen-in-de-zomer\/in-de-omgeving\/visites-et-degustations-sur-les-sybelles\/","og_locale":"nl_NL","og_type":"article","og_title":"Visites et d\u00e9gustations sur Les Sybelles - La Toussuire","og_description":"Kaasmakerij, honingmakerij, banketbakkerij, boerderijen, uitbatingen, religieus of historisch patrimonium van Sybelles om te bezoeken","og_url":"https:\/\/la-toussuire.com\/nl\/wat-te-doen-in-de-zomer\/in-de-omgeving\/visites-et-degustations-sur-les-sybelles\/","og_site_name":"La Toussuire","og_image":[{"width":960,"height":640,"url":"https:\/\/la-toussuire.com\/wp-content\/uploads\/OTToussuire_Visite_Degustation_Sybelles_Presentation\u00a9CooperativeLaChambre@La_Toussuire.jpg","type":"image\/jpeg"}],"twitter_card":"summary_large_image","schema":{"@context":"https:\/\/schema.org","@graph":[{"@type":"WebPage","@id":"https:\/\/la-toussuire.com\/nl\/wat-te-doen-in-de-zomer\/in-de-omgeving\/visites-et-degustations-sur-les-sybelles\/","url":"https:\/\/la-toussuire.com\/nl\/wat-te-doen-in-de-zomer\/in-de-omgeving\/visites-et-degustations-sur-les-sybelles\/","name":"Visites et d\u00e9gustations sur Les Sybelles - La Toussuire","isPartOf":{"@id":"https:\/\/la-toussuire.com\/nl\/#website"},"primaryImageOfPage":{"@id":"https:\/\/la-toussuire.com\/nl\/wat-te-doen-in-de-zomer\/in-de-omgeving\/visites-et-degustations-sur-les-sybelles\/#primaryimage"},"image":{"@id":"https:\/\/la-toussuire.com\/nl\/wat-te-doen-in-de-zomer\/in-de-omgeving\/visites-et-degustations-sur-les-sybelles\/#primaryimage"},"thumbnailUrl":"https:\/\/la-toussuire.com\/wp-content\/uploads\/OTToussuire_Visite_Degustation_Sybelles_Presentation\u00a9CooperativeLaChambre@La_Toussuire.jpg","datePublished":"2023-01-17T11:53:17+00:00","description":"Kaasmakerij, honingmakerij, banketbakkerij, boerderijen, uitbatingen, religieus of historisch patrimonium van Sybelles om te bezoeken","breadcrumb":{"@id":"https:\/\/la-toussuire.com\/nl\/wat-te-doen-in-de-zomer\/in-de-omgeving\/visites-et-degustations-sur-les-sybelles\/#breadcrumb"},"inLanguage":"nl-NL","potentialAction":[{"@type":"ReadAction","target":["https:\/\/la-toussuire.com\/nl\/wat-te-doen-in-de-zomer\/in-de-omgeving\/visites-et-degustations-sur-les-sybelles\/"]}]},{"@type":"ImageObject","inLanguage":"nl-NL","@id":"https:\/\/la-toussuire.com\/nl\/wat-te-doen-in-de-zomer\/in-de-omgeving\/visites-et-degustations-sur-les-sybelles\/#primaryimage","url":"https:\/\/la-toussuire.com\/wp-content\/uploads\/OTToussuire_Visite_Degustation_Sybelles_Presentation\u00a9CooperativeLaChambre@La_Toussuire.jpg","contentUrl":"https:\/\/la-toussuire.com\/wp-content\/uploads\/OTToussuire_Visite_Degustation_Sybelles_Presentation\u00a9CooperativeLaChambre@La_Toussuire.jpg","width":960,"height":640,"caption":"Cooperatieve van La Chambre"},{"@type":"BreadcrumbList","@id":"https:\/\/la-toussuire.com\/nl\/wat-te-doen-in-de-zomer\/in-de-omgeving\/visites-et-degustations-sur-les-sybelles\/#breadcrumb","itemListElement":[{"@type":"ListItem","position":1,"name":"Accueil","item":"https:\/\/la-toussuire.com\/nl\/"},{"@type":"ListItem","position":2,"name":"Visites et d\u00e9gustations sur Les Sybelles"}]},{"@type":"WebSite","@id":"https:\/\/la-toussuire.com\/nl\/#website","url":"https:\/\/la-toussuire.com\/nl\/","name":"La Toussuire","description":"","publisher":{"@id":"https:\/\/la-toussuire.com\/nl\/#organization"},"potentialAction":[{"@type":"SearchAction","target":{"@type":"EntryPoint","urlTemplate":"https:\/\/la-toussuire.com\/nl\/?s={search_term_string}"},"query-input":{"@type":"PropertyValueSpecification","valueRequired":true,"valueName":"search_term_string"}}],"inLanguage":"nl-NL"},{"@type":"Organization","@id":"https:\/\/la-toussuire.com\/nl\/#organization","name":"La Toussuire","url":"https:\/\/la-toussuire.com\/nl\/","logo":{"@type":"ImageObject","inLanguage":"nl-NL","@id":"https:\/\/la-toussuire.com\/nl\/#\/schema\/logo\/image\/","url":"https:\/\/la-toussuire.com\/wp-content\/uploads\/LA-TOUSSUIRE_Logo_ALT.png","contentUrl":"https:\/\/la-toussuire.com\/wp-content\/uploads\/LA-TOUSSUIRE_Logo_ALT.png","width":557,"height":325,"caption":"La Toussuire"},"image":{"@id":"https:\/\/la-toussuire.com\/nl\/#\/schema\/logo\/image\/"}}]}},"_links":{"self":[{"href":"https:\/\/la-toussuire.com\/nl\/wp-json\/wp\/v2\/pages\/11702","targetHints":{"allow":["GET"]}}],"collection":[{"href":"https:\/\/la-toussuire.com\/nl\/wp-json\/wp\/v2\/pages"}],"about":[{"href":"https:\/\/la-toussuire.com\/nl\/wp-json\/wp\/v2\/types\/page"}],"author":[{"embeddable":true,"href":"https:\/\/la-toussuire.com\/nl\/wp-json\/wp\/v2\/users\/2"}],"replies":[{"embeddable":true,"href":"https:\/\/la-toussuire.com\/nl\/wp-json\/wp\/v2\/comments?post=11702"}],"version-history":[{"count":1,"href":"https:\/\/la-toussuire.com\/nl\/wp-json\/wp\/v2\/pages\/11702\/revisions"}],"predecessor-version":[{"id":11704,"href":"https:\/\/la-toussuire.com\/nl\/wp-json\/wp\/v2\/pages\/11702\/revisions\/11704"}],"up":[{"embeddable":true,"href":"https:\/\/la-toussuire.com\/nl\/wp-json\/wp\/v2\/pages\/17205"}],"wp:featuredmedia":[{"embeddable":true,"href":"https:\/\/la-toussuire.com\/nl\/wp-json\/wp\/v2\/media\/7631"}],"wp:attachment":[{"href":"https:\/\/la-toussuire.com\/nl\/wp-json\/wp\/v2\/media?parent=11702"}],"curies":[{"name":"wp","href":"https:\/\/api.w.org\/{rel}","templated":true}]}}