{"id":11699,"date":"2023-01-17T12:41:43","date_gmt":"2023-01-17T11:41:43","guid":{"rendered":"https:\/\/la-toussuire.com\/patrimoine-et-visites-sur-saint-jean-de-maurienne\/"},"modified":"2023-01-17T12:41:43","modified_gmt":"2023-01-17T11:41:43","slug":"patrimoine-et-visites-sur-saint-jean-de-maurienne","status":"publish","type":"page","link":"https:\/\/la-toussuire.com\/nl\/wat-te-doen-in-de-zomer\/in-de-omgeving\/patrimoine-et-visites-sur-saint-jean-de-maurienne\/","title":{"rendered":"Patrimoine et visites sur Saint-Jean-de-Maurienne"},"content":{"rendered":"<div class=\"block block-core-heading\">\n<h2 class=\"wp-block-heading\">Verplichte passage! <\/h2>\n<\/div><div class=\"block block-core-paragraph\">\n<p><em>Kapellen, kathedraal, klokkentoren, musea<\/em>\u2026 Er is zoveel te <strong>doen<\/strong> en te <strong>bezichtigen<\/strong> in de <strong>hoofdstad van Maurienne<\/strong>! Hier voert uw nieuwsgierigheid u naar echte schoonheden. <em>Aarzel niet!<\/em> <\/p>\n<\/div><div class=\"block block-lba-apidae-selection\"><!--BEGIN ITEMS APIDAE -->\r\n    <div class=\"selection-mode-selector\" data-selection=\"121321\">\r\n        <ul>\r\n            <li><a href=\"#selection-grid\" class=\"active\">Grid view<\/a><\/li>\r\n            <li><a href=\"#selection-map\">Map view<\/a><\/li>\r\n        <\/ul>\r\n    <\/div>\r\n    <div id=\"selection-grid\" style=\"display: block;\">\r\n\r\n        <!--BEGIN FILTER -->\r\n                <!--BEGIN FILTER -->\r\n\r\n        <div id=\"selection-grid\" class=\"selection-mode-default\">\r\n                            <div class=\"card 0-3pieces\">\r\n                    <div class=\"row\">\r\n                        <div class=\"col-md-3\">\r\n                                                        <img decoding=\"async\" src=\"https:\/\/static.apidae-tourisme.com\/filestore\/objets-touristiques\/images\/13\/143\/38768397-diaporama.jpg\" class=\"w-100\" alt=\"Image sitraPCU909518_318325_cathedralestjeandemauriennemarcheotsjmte\">\r\n                        <\/div>\r\n                        <div class=\"col-md-9\">\r\n                            <div class=\"card-block px-1\">\r\n                                <h2 class=\"card-title\">\r\n                                    <a href=\"https:\/\/la-toussuire.com\/nl\/details\/la-cathedrale-saint-jean-baptiste-325216-Fr\/\">La Cath\u00e9drale Saint-Jean-Baptiste<\/a>\r\n                                <\/h2>\r\n                                <p class=\"classement\"><\/p>\r\n                                <p class=\"card-text\">\u00c9difi\u00e9e au VI\u00e8me si\u00e8cle, reconstruite au XI\u00e8me et agrandie au XV\u00e8me si\u00e8cle, la Cath\u00e9drale Saint-Jean-Baptiste a en son ch\u0153ur de magnifiques stalles gothiques en noyer, toutes diff\u00e9rentes, ainsi qu&#8217;un clo\u00eetre et une crypte.<\/p>\r\n                                <p class=\"labels\"><\/p>\r\n                            <\/div>\r\n                            <a href=\"https:\/\/la-toussuire.com\/nl\/details\/la-cathedrale-saint-jean-baptiste-325216-Fr\/\" class=\"btn\">Meer zien<\/a>\r\n                        <\/div>\r\n                    <\/div>\r\n                <\/div>\r\n                            <div class=\"card 0-3pieces\">\r\n                    <div class=\"row\">\r\n                        <div class=\"col-md-3\">\r\n                                                        <img decoding=\"async\" src=\"https:\/\/static.apidae-tourisme.com\/filestore\/objets-touristiques\/images-principales\/225\/162\/369377-diaporama.jpg\" class=\"w-100\" alt=\"Image sitraPCU909567_318390_cryptestjeandemauriennepdompnier-1\">\r\n                        <\/div>\r\n                        <div class=\"col-md-9\">\r\n                            <div class=\"card-block px-1\">\r\n                                <h2 class=\"card-title\">\r\n                                    <a href=\"https:\/\/la-toussuire.com\/nl\/details\/la-crypte-de-la-cathedrale-saint-jean-baptiste-325245-Fr\/\">La Crypte de la Cath\u00e9drale Saint-Jean-Baptiste<\/a>\r\n                                <\/h2>\r\n                                <p class=\"classement\"><\/p>\r\n                                <p class=\"card-text\">Cette crypte, o\u00f9 l\u2019on voit na\u00eetre l\u2019art roman, avait \u00e9t\u00e9 abandonn\u00e9e au XV\u00e8me si\u00e8cle. Red\u00e9couverte en 1958, elle n&#8217;est accessible que lors des visites guid\u00e9es propos\u00e9es par l\u2019office de tourisme.<\/p>\r\n                                <p class=\"labels\"><\/p>\r\n                            <\/div>\r\n                            <a href=\"https:\/\/la-toussuire.com\/nl\/details\/la-crypte-de-la-cathedrale-saint-jean-baptiste-325245-Fr\/\" class=\"btn\">Meer zien<\/a>\r\n                        <\/div>\r\n                    <\/div>\r\n                <\/div>\r\n                            <div class=\"card 0-3pieces\">\r\n                    <div class=\"row\">\r\n                        <div class=\"col-md-3\">\r\n                                                        <img decoding=\"async\" src=\"https:\/\/static.apidae-tourisme.com\/filestore\/objets-touristiques\/images-principales\/217\/162\/369369-diaporama.jpg\" class=\"w-100\" alt=\"Image sitraPCU909554_318363_cloitrestjeandemauriennepdompnier-1\">\r\n                        <\/div>\r\n                        <div class=\"col-md-9\">\r\n                            <div class=\"card-block px-1\">\r\n                                <h2 class=\"card-title\">\r\n                                    <a href=\"https:\/\/la-toussuire.com\/nl\/details\/le-cloitre-de-la-cathedrale-saint-jean-baptiste-325244-Fr\/\">Le Clo\u00eetre de la Cath\u00e9drale Saint-Jean-Baptiste<\/a>\r\n                                <\/h2>\r\n                                <p class=\"classement\"><\/p>\r\n                                <p class=\"card-text\">\u00c9difi\u00e9 en 1450 entre le r\u00e9fectoire des chanoines et la cath\u00e9drale, il est un bel exemple d\u2019art gothique. Pour y acc\u00e9der, entrez \u00e0 l&#8217;int\u00e9rieur de la Cath\u00e9drale, sur la gauche, vous trouverez une porte en bois qui ouvre sur le clo\u00eetre.<\/p>\r\n                                <p class=\"labels\"><\/p>\r\n                            <\/div>\r\n                            <a href=\"https:\/\/la-toussuire.com\/nl\/details\/le-cloitre-de-la-cathedrale-saint-jean-baptiste-325244-Fr\/\" class=\"btn\">Meer zien<\/a>\r\n                        <\/div>\r\n                    <\/div>\r\n                <\/div>\r\n                            <div class=\"card 0-3pieces\">\r\n                    <div class=\"row\">\r\n                        <div class=\"col-md-3\">\r\n                                                        <img decoding=\"async\" src=\"https:\/\/static.apidae-tourisme.com\/filestore\/objets-touristiques\/images\/35\/199\/13027107-diaporama.jpg\" class=\"w-100\" alt=\"Image DJI_0530\">\r\n                        <\/div>\r\n                        <div class=\"col-md-9\">\r\n                            <div class=\"card-block px-1\">\r\n                                <h2 class=\"card-title\">\r\n                                    <a href=\"https:\/\/la-toussuire.com\/nl\/details\/le-grand-clocher-297857-Fr\/\">Le Grand Clocher<\/a>\r\n                                <\/h2>\r\n                                <p class=\"classement\"><\/p>\r\n                                <p class=\"card-text\">Cette tour du XI\u00e8me si\u00e8cle \u00e9tait le clocher de l\u2019\u00e9glise Notre-Dame. Au XV\u00e8me si\u00e8cle, une tr\u00e8s grande fl\u00e8che \u00e0 pr\u00e8s de 80 m\u00e8tres ornait le clocher. Cette partie fut abattue par les r\u00e9volutionnaires fran\u00e7ais en 1794.<\/p>\r\n                                <p class=\"labels\"><\/p>\r\n                            <\/div>\r\n                            <a href=\"https:\/\/la-toussuire.com\/nl\/details\/le-grand-clocher-297857-Fr\/\" class=\"btn\">Meer zien<\/a>\r\n                        <\/div>\r\n                    <\/div>\r\n                <\/div>\r\n                            <div class=\"card 0-3pieces\">\r\n                    <div class=\"row\">\r\n                        <div class=\"col-md-3\">\r\n                                                        <img decoding=\"async\" src=\"https:\/\/static.apidae-tourisme.com\/filestore\/objets-touristiques\/images\/69\/27\/19602245-diaporama.jpg\" class=\"w-100\" alt=\"Image MUS\u00c9E DES COSTUMES - PATRIMOINE - SAINT-JEAN-DE-MAURIENNE (24)\">\r\n                        <\/div>\r\n                        <div class=\"col-md-9\">\r\n                            <div class=\"card-block px-1\">\r\n                                <h2 class=\"card-title\">\r\n                                    <a href=\"https:\/\/la-toussuire.com\/nl\/details\/musee-des-costumes-arts-et-traditions-populaires-122511-Fr\/\">Mus\u00e9e des Costumes, Arts et Traditions Populaires<\/a>\r\n                                <\/h2>\r\n                                <p class=\"classement\"><\/p>\r\n                                <p class=\"card-text\">Dans l&#8217;enceinte prestigieuse de l\u2019ancien palais \u00e9piscopal vous d\u00e9couvrirez une collection exceptionnelle de costumes mauriennais. Le Mus\u00e9e pr\u00e9sente \u00e9galement des outils et des ustensiles de la vie courante d&#8217;autrefois.<\/p>\r\n                                <p class=\"labels\"><\/p>\r\n                            <\/div>\r\n                            <a href=\"https:\/\/la-toussuire.com\/nl\/details\/musee-des-costumes-arts-et-traditions-populaires-122511-Fr\/\" class=\"btn\">Meer zien<\/a>\r\n                        <\/div>\r\n                    <\/div>\r\n                <\/div>\r\n                            <div class=\"card 0-3pieces\">\r\n                    <div class=\"row\">\r\n                        <div class=\"col-md-3\">\r\n                                                        <img decoding=\"async\" src=\"https:\/\/static.apidae-tourisme.com\/filestore\/objets-touristiques\/images\/33\/235\/19327777-diaporama.jpg\" class=\"w-100\" alt=\"Image 1096654\">\r\n                        <\/div>\r\n                        <div class=\"col-md-9\">\r\n                            <div class=\"card-block px-1\">\r\n                                <h2 class=\"card-title\">\r\n                                    <a href=\"https:\/\/la-toussuire.com\/nl\/details\/musee-opinel-122505-Fr\/\">Mus\u00e9e Opinel<\/a>\r\n                                <\/h2>\r\n                                <p class=\"classement\"><\/p>\r\n                                <p class=\"card-text\">Le Mus\u00e9e vous accueille toute l&#8217;ann\u00e9e pour d\u00e9couvrir l&#8217;histoire du c\u00e9l\u00e8bre couteau savoyard. De l&#8217;ancienne forge \u00e0 la pr\u00e9sentation film\u00e9e des ateliers actuels, vous saurez tout de l&#8217;\u00e9volution de la fabrication.<\/p>\r\n                                <p class=\"labels\"><\/p>\r\n                            <\/div>\r\n                            <a href=\"https:\/\/la-toussuire.com\/nl\/details\/musee-opinel-122505-Fr\/\" class=\"btn\">Meer zien<\/a>\r\n                        <\/div>\r\n                    <\/div>\r\n                <\/div>\r\n                    <\/div>\r\n    <\/div>\r\n    <div id=\"selection-map\" class=\"selection-mode-map\" style=\"display: none;\">\r\n        <div class=\"map\" id=\"MapContainerListe\"><\/div>\r\n    <\/div>\r\n<!--END ITEMS APIDAE -->\r\n\r\n<!--BEGIN PAGINATOR -->\r\n<!--BEGIN PAGINATOR --><\/div>","protected":false},"excerpt":{"rendered":"<p>Verplichte passage! Kapellen, kathedraal, klokkentoren, musea\u2026 Er is zoveel te doen en te bezichtigen in de hoofdstad van Maurienne! Hier voert uw nieuwsgierigheid u naar echte schoonheden. Aarzel niet!<\/p>\n","protected":false},"author":2,"featured_media":7628,"parent":17205,"menu_order":2,"comment_status":"closed","ping_status":"closed","template":"page-template.php","meta":{"_acf_changed":false,"footnotes":""},"class_list":["post-11699","page","type-page","status-publish","has-post-thumbnail","hentry"],"acf":[],"yoast_head":"<!-- This site is optimized with the Yoast SEO plugin v27.1.1 - https:\/\/yoast.com\/product\/yoast-seo-wordpress\/ -->\n<title>Patrimoine et visites sur Saint-Jean-de-Maurienne - La Toussuire<\/title>\n<meta name=\"description\" content=\"In de omgeving van La Toussuire, in de vallei van Saint-Jean-de-Maurienne, diens musea, diens religieus patrimonium, klooster, knipmes\u2026\" \/>\n<meta name=\"robots\" content=\"index, follow, max-snippet:-1, max-image-preview:large, max-video-preview:-1\" \/>\n<link rel=\"canonical\" href=\"https:\/\/la-toussuire.com\/nl\/wat-te-doen-in-de-zomer\/in-de-omgeving\/patrimoine-et-visites-sur-saint-jean-de-maurienne\/\" \/>\n<meta property=\"og:locale\" content=\"nl_NL\" \/>\n<meta property=\"og:type\" content=\"article\" \/>\n<meta property=\"og:title\" content=\"Patrimoine et visites sur Saint-Jean-de-Maurienne - La Toussuire\" \/>\n<meta property=\"og:description\" content=\"In de omgeving van La Toussuire, in de vallei van Saint-Jean-de-Maurienne, diens musea, diens religieus patrimonium, klooster, knipmes\u2026\" \/>\n<meta property=\"og:url\" content=\"https:\/\/la-toussuire.com\/nl\/wat-te-doen-in-de-zomer\/in-de-omgeving\/patrimoine-et-visites-sur-saint-jean-de-maurienne\/\" \/>\n<meta property=\"og:site_name\" content=\"La Toussuire\" \/>\n<meta property=\"og:image\" content=\"https:\/\/la-toussuire.com\/wp-content\/uploads\/OTToussuire_Patrimoine_Visite_Saint_Jean_de_Maurienne_Presentation\u00a9SJDM@La_Toussuire.jpeg\" \/>\n\t<meta property=\"og:image:width\" content=\"971\" \/>\n\t<meta property=\"og:image:height\" content=\"567\" \/>\n\t<meta property=\"og:image:type\" content=\"image\/jpeg\" \/>\n<meta name=\"twitter:card\" content=\"summary_large_image\" \/>\n<script type=\"application\/ld+json\" class=\"yoast-schema-graph\">{\"@context\":\"https:\/\/schema.org\",\"@graph\":[{\"@type\":\"WebPage\",\"@id\":\"https:\/\/la-toussuire.com\/nl\/wat-te-doen-in-de-zomer\/in-de-omgeving\/patrimoine-et-visites-sur-saint-jean-de-maurienne\/\",\"url\":\"https:\/\/la-toussuire.com\/nl\/wat-te-doen-in-de-zomer\/in-de-omgeving\/patrimoine-et-visites-sur-saint-jean-de-maurienne\/\",\"name\":\"Patrimoine et visites sur Saint-Jean-de-Maurienne - La Toussuire\",\"isPartOf\":{\"@id\":\"https:\/\/la-toussuire.com\/nl\/#website\"},\"primaryImageOfPage\":{\"@id\":\"https:\/\/la-toussuire.com\/nl\/wat-te-doen-in-de-zomer\/in-de-omgeving\/patrimoine-et-visites-sur-saint-jean-de-maurienne\/#primaryimage\"},\"image\":{\"@id\":\"https:\/\/la-toussuire.com\/nl\/wat-te-doen-in-de-zomer\/in-de-omgeving\/patrimoine-et-visites-sur-saint-jean-de-maurienne\/#primaryimage\"},\"thumbnailUrl\":\"https:\/\/la-toussuire.com\/wp-content\/uploads\/OTToussuire_Patrimoine_Visite_Saint_Jean_de_Maurienne_Presentation\u00a9SJDM@La_Toussuire.jpeg\",\"datePublished\":\"2023-01-17T11:41:43+00:00\",\"description\":\"In de omgeving van La Toussuire, in de vallei van Saint-Jean-de-Maurienne, diens musea, diens religieus patrimonium, klooster, knipmes\u2026\",\"breadcrumb\":{\"@id\":\"https:\/\/la-toussuire.com\/nl\/wat-te-doen-in-de-zomer\/in-de-omgeving\/patrimoine-et-visites-sur-saint-jean-de-maurienne\/#breadcrumb\"},\"inLanguage\":\"nl-NL\",\"potentialAction\":[{\"@type\":\"ReadAction\",\"target\":[\"https:\/\/la-toussuire.com\/nl\/wat-te-doen-in-de-zomer\/in-de-omgeving\/patrimoine-et-visites-sur-saint-jean-de-maurienne\/\"]}]},{\"@type\":\"ImageObject\",\"inLanguage\":\"nl-NL\",\"@id\":\"https:\/\/la-toussuire.com\/nl\/wat-te-doen-in-de-zomer\/in-de-omgeving\/patrimoine-et-visites-sur-saint-jean-de-maurienne\/#primaryimage\",\"url\":\"https:\/\/la-toussuire.com\/wp-content\/uploads\/OTToussuire_Patrimoine_Visite_Saint_Jean_de_Maurienne_Presentation\u00a9SJDM@La_Toussuire.jpeg\",\"contentUrl\":\"https:\/\/la-toussuire.com\/wp-content\/uploads\/OTToussuire_Patrimoine_Visite_Saint_Jean_de_Maurienne_Presentation\u00a9SJDM@La_Toussuire.jpeg\",\"width\":971,\"height\":567,\"caption\":\"Cloitre de Saint Jean de Maurienne\"},{\"@type\":\"BreadcrumbList\",\"@id\":\"https:\/\/la-toussuire.com\/nl\/wat-te-doen-in-de-zomer\/in-de-omgeving\/patrimoine-et-visites-sur-saint-jean-de-maurienne\/#breadcrumb\",\"itemListElement\":[{\"@type\":\"ListItem\",\"position\":1,\"name\":\"Accueil\",\"item\":\"https:\/\/la-toussuire.com\/nl\/\"},{\"@type\":\"ListItem\",\"position\":2,\"name\":\"Patrimoine et visites sur Saint-Jean-de-Maurienne\"}]},{\"@type\":\"WebSite\",\"@id\":\"https:\/\/la-toussuire.com\/nl\/#website\",\"url\":\"https:\/\/la-toussuire.com\/nl\/\",\"name\":\"La Toussuire\",\"description\":\"\",\"publisher\":{\"@id\":\"https:\/\/la-toussuire.com\/nl\/#organization\"},\"potentialAction\":[{\"@type\":\"SearchAction\",\"target\":{\"@type\":\"EntryPoint\",\"urlTemplate\":\"https:\/\/la-toussuire.com\/nl\/?s={search_term_string}\"},\"query-input\":{\"@type\":\"PropertyValueSpecification\",\"valueRequired\":true,\"valueName\":\"search_term_string\"}}],\"inLanguage\":\"nl-NL\"},{\"@type\":\"Organization\",\"@id\":\"https:\/\/la-toussuire.com\/nl\/#organization\",\"name\":\"La Toussuire\",\"url\":\"https:\/\/la-toussuire.com\/nl\/\",\"logo\":{\"@type\":\"ImageObject\",\"inLanguage\":\"nl-NL\",\"@id\":\"https:\/\/la-toussuire.com\/nl\/#\/schema\/logo\/image\/\",\"url\":\"https:\/\/la-toussuire.com\/wp-content\/uploads\/cropped-Nouveau-LA-TOUSSUIRE_Logo_Plan-de-travail-1-02.png\",\"contentUrl\":\"https:\/\/la-toussuire.com\/wp-content\/uploads\/cropped-Nouveau-LA-TOUSSUIRE_Logo_Plan-de-travail-1-02.png\",\"width\":591,\"height\":591,\"caption\":\"La Toussuire\"},\"image\":{\"@id\":\"https:\/\/la-toussuire.com\/nl\/#\/schema\/logo\/image\/\"}}]}<\/script>\n<!-- \/ Yoast SEO plugin. -->","yoast_head_json":{"title":"Patrimoine et visites sur Saint-Jean-de-Maurienne - La Toussuire","description":"In de omgeving van La Toussuire, in de vallei van Saint-Jean-de-Maurienne, diens musea, diens religieus patrimonium, klooster, knipmes\u2026","robots":{"index":"index","follow":"follow","max-snippet":"max-snippet:-1","max-image-preview":"max-image-preview:large","max-video-preview":"max-video-preview:-1"},"canonical":"https:\/\/la-toussuire.com\/nl\/wat-te-doen-in-de-zomer\/in-de-omgeving\/patrimoine-et-visites-sur-saint-jean-de-maurienne\/","og_locale":"nl_NL","og_type":"article","og_title":"Patrimoine et visites sur Saint-Jean-de-Maurienne - La Toussuire","og_description":"In de omgeving van La Toussuire, in de vallei van Saint-Jean-de-Maurienne, diens musea, diens religieus patrimonium, klooster, knipmes\u2026","og_url":"https:\/\/la-toussuire.com\/nl\/wat-te-doen-in-de-zomer\/in-de-omgeving\/patrimoine-et-visites-sur-saint-jean-de-maurienne\/","og_site_name":"La Toussuire","og_image":[{"width":971,"height":567,"url":"https:\/\/la-toussuire.com\/wp-content\/uploads\/OTToussuire_Patrimoine_Visite_Saint_Jean_de_Maurienne_Presentation\u00a9SJDM@La_Toussuire.jpeg","type":"image\/jpeg"}],"twitter_card":"summary_large_image","schema":{"@context":"https:\/\/schema.org","@graph":[{"@type":"WebPage","@id":"https:\/\/la-toussuire.com\/nl\/wat-te-doen-in-de-zomer\/in-de-omgeving\/patrimoine-et-visites-sur-saint-jean-de-maurienne\/","url":"https:\/\/la-toussuire.com\/nl\/wat-te-doen-in-de-zomer\/in-de-omgeving\/patrimoine-et-visites-sur-saint-jean-de-maurienne\/","name":"Patrimoine et visites sur Saint-Jean-de-Maurienne - La Toussuire","isPartOf":{"@id":"https:\/\/la-toussuire.com\/nl\/#website"},"primaryImageOfPage":{"@id":"https:\/\/la-toussuire.com\/nl\/wat-te-doen-in-de-zomer\/in-de-omgeving\/patrimoine-et-visites-sur-saint-jean-de-maurienne\/#primaryimage"},"image":{"@id":"https:\/\/la-toussuire.com\/nl\/wat-te-doen-in-de-zomer\/in-de-omgeving\/patrimoine-et-visites-sur-saint-jean-de-maurienne\/#primaryimage"},"thumbnailUrl":"https:\/\/la-toussuire.com\/wp-content\/uploads\/OTToussuire_Patrimoine_Visite_Saint_Jean_de_Maurienne_Presentation\u00a9SJDM@La_Toussuire.jpeg","datePublished":"2023-01-17T11:41:43+00:00","description":"In de omgeving van La Toussuire, in de vallei van Saint-Jean-de-Maurienne, diens musea, diens religieus patrimonium, klooster, knipmes\u2026","breadcrumb":{"@id":"https:\/\/la-toussuire.com\/nl\/wat-te-doen-in-de-zomer\/in-de-omgeving\/patrimoine-et-visites-sur-saint-jean-de-maurienne\/#breadcrumb"},"inLanguage":"nl-NL","potentialAction":[{"@type":"ReadAction","target":["https:\/\/la-toussuire.com\/nl\/wat-te-doen-in-de-zomer\/in-de-omgeving\/patrimoine-et-visites-sur-saint-jean-de-maurienne\/"]}]},{"@type":"ImageObject","inLanguage":"nl-NL","@id":"https:\/\/la-toussuire.com\/nl\/wat-te-doen-in-de-zomer\/in-de-omgeving\/patrimoine-et-visites-sur-saint-jean-de-maurienne\/#primaryimage","url":"https:\/\/la-toussuire.com\/wp-content\/uploads\/OTToussuire_Patrimoine_Visite_Saint_Jean_de_Maurienne_Presentation\u00a9SJDM@La_Toussuire.jpeg","contentUrl":"https:\/\/la-toussuire.com\/wp-content\/uploads\/OTToussuire_Patrimoine_Visite_Saint_Jean_de_Maurienne_Presentation\u00a9SJDM@La_Toussuire.jpeg","width":971,"height":567,"caption":"Cloitre de Saint Jean de Maurienne"},{"@type":"BreadcrumbList","@id":"https:\/\/la-toussuire.com\/nl\/wat-te-doen-in-de-zomer\/in-de-omgeving\/patrimoine-et-visites-sur-saint-jean-de-maurienne\/#breadcrumb","itemListElement":[{"@type":"ListItem","position":1,"name":"Accueil","item":"https:\/\/la-toussuire.com\/nl\/"},{"@type":"ListItem","position":2,"name":"Patrimoine et visites sur Saint-Jean-de-Maurienne"}]},{"@type":"WebSite","@id":"https:\/\/la-toussuire.com\/nl\/#website","url":"https:\/\/la-toussuire.com\/nl\/","name":"La Toussuire","description":"","publisher":{"@id":"https:\/\/la-toussuire.com\/nl\/#organization"},"potentialAction":[{"@type":"SearchAction","target":{"@type":"EntryPoint","urlTemplate":"https:\/\/la-toussuire.com\/nl\/?s={search_term_string}"},"query-input":{"@type":"PropertyValueSpecification","valueRequired":true,"valueName":"search_term_string"}}],"inLanguage":"nl-NL"},{"@type":"Organization","@id":"https:\/\/la-toussuire.com\/nl\/#organization","name":"La Toussuire","url":"https:\/\/la-toussuire.com\/nl\/","logo":{"@type":"ImageObject","inLanguage":"nl-NL","@id":"https:\/\/la-toussuire.com\/nl\/#\/schema\/logo\/image\/","url":"https:\/\/la-toussuire.com\/wp-content\/uploads\/cropped-Nouveau-LA-TOUSSUIRE_Logo_Plan-de-travail-1-02.png","contentUrl":"https:\/\/la-toussuire.com\/wp-content\/uploads\/cropped-Nouveau-LA-TOUSSUIRE_Logo_Plan-de-travail-1-02.png","width":591,"height":591,"caption":"La Toussuire"},"image":{"@id":"https:\/\/la-toussuire.com\/nl\/#\/schema\/logo\/image\/"}}]}},"_links":{"self":[{"href":"https:\/\/la-toussuire.com\/nl\/wp-json\/wp\/v2\/pages\/11699","targetHints":{"allow":["GET"]}}],"collection":[{"href":"https:\/\/la-toussuire.com\/nl\/wp-json\/wp\/v2\/pages"}],"about":[{"href":"https:\/\/la-toussuire.com\/nl\/wp-json\/wp\/v2\/types\/page"}],"author":[{"embeddable":true,"href":"https:\/\/la-toussuire.com\/nl\/wp-json\/wp\/v2\/users\/2"}],"replies":[{"embeddable":true,"href":"https:\/\/la-toussuire.com\/nl\/wp-json\/wp\/v2\/comments?post=11699"}],"version-history":[{"count":1,"href":"https:\/\/la-toussuire.com\/nl\/wp-json\/wp\/v2\/pages\/11699\/revisions"}],"predecessor-version":[{"id":11700,"href":"https:\/\/la-toussuire.com\/nl\/wp-json\/wp\/v2\/pages\/11699\/revisions\/11700"}],"up":[{"embeddable":true,"href":"https:\/\/la-toussuire.com\/nl\/wp-json\/wp\/v2\/pages\/17205"}],"wp:featuredmedia":[{"embeddable":true,"href":"https:\/\/la-toussuire.com\/nl\/wp-json\/wp\/v2\/media\/7628"}],"wp:attachment":[{"href":"https:\/\/la-toussuire.com\/nl\/wp-json\/wp\/v2\/media?parent=11699"}],"curies":[{"name":"wp","href":"https:\/\/api.w.org\/{rel}","templated":true}]}}