{"id":11697,"date":"2023-01-17T12:22:59","date_gmt":"2023-01-17T11:22:59","guid":{"rendered":"https:\/\/la-toussuire.com\/patrimoine-et-visites-sur-saint-michel-de-maurienne\/"},"modified":"2023-01-17T12:22:59","modified_gmt":"2023-01-17T11:22:59","slug":"patrimoine-et-visites-sur-saint-michel-de-maurienne","status":"publish","type":"page","link":"https:\/\/la-toussuire.com\/nl\/wat-te-doen-in-de-zomer\/in-de-omgeving\/patrimoine-et-visites-sur-saint-michel-de-maurienne\/","title":{"rendered":"Patrimoine et visites sur Saint-Michel-de-Maurienne"},"content":{"rendered":"<div class=\"block block-core-heading\">\n<h2 class=\"wp-block-heading\">Verken wat verder\u2026<\/h2>\n<\/div><div class=\"block block-core-paragraph\">\n<p><em>Daar valt er ook veel te leren!<\/em> Een <strong>rijk patrimonium<\/strong>, een <strong>mooi museum<\/strong> met ludieke bezoeken voor groot en klein\u2026 Richting <strong>Saint-Michel de Maurienne<\/strong> om er nog wat meer te leren over ons <strong>rijk gebied van Maurienne!<\/strong> <\/p>\n<\/div><div class=\"block block-lba-apidae-selection\"><!--BEGIN ITEMS APIDAE -->\r\n    <div class=\"selection-mode-selector\" data-selection=\"121322\">\r\n        <ul>\r\n            <li><a href=\"#selection-grid\" class=\"active\">Grid view<\/a><\/li>\r\n            <li><a href=\"#selection-map\">Map view<\/a><\/li>\r\n        <\/ul>\r\n    <\/div>\r\n    <div id=\"selection-grid\" style=\"display: block;\">\r\n\r\n        <!--BEGIN FILTER -->\r\n                <!--BEGIN FILTER -->\r\n\r\n        <div id=\"selection-grid\" class=\"selection-mode-default\">\r\n                            <div class=\"card 0-3pieces\">\r\n                    <div class=\"row\">\r\n                        <div class=\"col-md-3\">\r\n                                                            <div class=\"pictos\">\r\n                                    <span class=\"label-cheque_vacances\" title=\"Ch\u00e8que-Vacances Classic\">Ch\u00e8que-Vacances Classic<\/span>                                <\/div>\r\n                                                        <img decoding=\"async\" src=\"https:\/\/static.apidae-tourisme.com\/filestore\/objets-touristiques\/images\/117\/144\/3641461-diaporama.jpg\" class=\"w-100\" alt=\"Image 180imago\">\r\n                        <\/div>\r\n                        <div class=\"col-md-9\">\r\n                            <div class=\"card-block px-1\">\r\n                                <h2 class=\"card-title\">\r\n                                    <a href=\"https:\/\/la-toussuire.com\/nl\/details\/espace-alu-198316-Fr\/\">Espace Alu<\/a>\r\n                                <\/h2>\r\n                                <p class=\"classement\"><\/p>\r\n                                <p class=\"card-text\">Mais dans quoi la marmotte mettrait-elle son chocolat si les mauriennais n\u2019\u00e9taient pas l\u00e0 ? Venez d\u00e9rouler avec nous la grande histoire de l\u2019aluminium en Maurienne. Vous avez le droit de ne pas regarder qu\u2019avec les yeux. Observez, \u00e9coutez, manipulez\u00a0!<\/p>\r\n                                <p class=\"labels\"><\/p>\r\n                            <\/div>\r\n                            <a href=\"https:\/\/la-toussuire.com\/nl\/details\/espace-alu-198316-Fr\/\" class=\"btn\">Meer zien<\/a>\r\n                        <\/div>\r\n                    <\/div>\r\n                <\/div>\r\n                    <\/div>\r\n    <\/div>\r\n    <div id=\"selection-map\" class=\"selection-mode-map\" style=\"display: none;\">\r\n        <div class=\"map\" id=\"MapContainerListe\"><\/div>\r\n    <\/div>\r\n<!--END ITEMS APIDAE -->\r\n\r\n<!--BEGIN PAGINATOR -->\r\n<!--BEGIN PAGINATOR --><\/div>","protected":false},"excerpt":{"rendered":"<p>Verken wat verder\u2026 Daar valt er ook veel te leren! Een rijk patrimonium, een mooi museum met ludieke bezoeken voor groot en klein\u2026 Richting Saint-Michel de Maurienne om er nog wat meer te leren over ons rijk gebied van Maurienne!<\/p>\n","protected":false},"author":2,"featured_media":7620,"parent":17205,"menu_order":3,"comment_status":"closed","ping_status":"closed","template":"page-template.php","meta":{"_acf_changed":false,"footnotes":""},"class_list":["post-11697","page","type-page","status-publish","has-post-thumbnail","hentry"],"acf":[],"yoast_head":"<!-- This site is optimized with the Yoast SEO plugin v27.1.1 - https:\/\/yoast.com\/product\/yoast-seo-wordpress\/ -->\n<title>Patrimoine et visites sur Saint-Michel-de-Maurienne - La Toussuire<\/title>\n<meta name=\"description\" content=\"Saint-Michel-de-Maurienne, diens aluminium museum, diens patrimonium, het dorp en zijn gehuchten, Beaune, Le Thyl\u2026\" \/>\n<meta name=\"robots\" content=\"index, follow, max-snippet:-1, max-image-preview:large, max-video-preview:-1\" \/>\n<link rel=\"canonical\" href=\"https:\/\/la-toussuire.com\/nl\/wat-te-doen-in-de-zomer\/in-de-omgeving\/patrimoine-et-visites-sur-saint-michel-de-maurienne\/\" \/>\n<meta property=\"og:locale\" content=\"nl_NL\" \/>\n<meta property=\"og:type\" content=\"article\" \/>\n<meta property=\"og:title\" content=\"Patrimoine et visites sur Saint-Michel-de-Maurienne - La Toussuire\" \/>\n<meta property=\"og:description\" content=\"Saint-Michel-de-Maurienne, diens aluminium museum, diens patrimonium, het dorp en zijn gehuchten, Beaune, Le Thyl\u2026\" \/>\n<meta property=\"og:url\" content=\"https:\/\/la-toussuire.com\/nl\/wat-te-doen-in-de-zomer\/in-de-omgeving\/patrimoine-et-visites-sur-saint-michel-de-maurienne\/\" \/>\n<meta property=\"og:site_name\" content=\"La Toussuire\" \/>\n<meta property=\"og:image\" content=\"https:\/\/la-toussuire.com\/wp-content\/uploads\/OTToussuire_Patrimoine_St_Michel_de_Maurienne_Presentation\u00a9MairieStMicheldeMaurienne@La_Toussuire.jpg\" \/>\n\t<meta property=\"og:image:width\" content=\"640\" \/>\n\t<meta property=\"og:image:height\" content=\"412\" \/>\n\t<meta property=\"og:image:type\" content=\"image\/jpeg\" \/>\n<meta name=\"twitter:card\" content=\"summary_large_image\" \/>\n<script type=\"application\/ld+json\" class=\"yoast-schema-graph\">{\"@context\":\"https:\/\/schema.org\",\"@graph\":[{\"@type\":\"WebPage\",\"@id\":\"https:\/\/la-toussuire.com\/nl\/wat-te-doen-in-de-zomer\/in-de-omgeving\/patrimoine-et-visites-sur-saint-michel-de-maurienne\/\",\"url\":\"https:\/\/la-toussuire.com\/nl\/wat-te-doen-in-de-zomer\/in-de-omgeving\/patrimoine-et-visites-sur-saint-michel-de-maurienne\/\",\"name\":\"Patrimoine et visites sur Saint-Michel-de-Maurienne - La Toussuire\",\"isPartOf\":{\"@id\":\"https:\/\/la-toussuire.com\/nl\/#website\"},\"primaryImageOfPage\":{\"@id\":\"https:\/\/la-toussuire.com\/nl\/wat-te-doen-in-de-zomer\/in-de-omgeving\/patrimoine-et-visites-sur-saint-michel-de-maurienne\/#primaryimage\"},\"image\":{\"@id\":\"https:\/\/la-toussuire.com\/nl\/wat-te-doen-in-de-zomer\/in-de-omgeving\/patrimoine-et-visites-sur-saint-michel-de-maurienne\/#primaryimage\"},\"thumbnailUrl\":\"https:\/\/la-toussuire.com\/wp-content\/uploads\/OTToussuire_Patrimoine_St_Michel_de_Maurienne_Presentation\u00a9MairieStMicheldeMaurienne@La_Toussuire.jpg\",\"datePublished\":\"2023-01-17T11:22:59+00:00\",\"description\":\"Saint-Michel-de-Maurienne, diens aluminium museum, diens patrimonium, het dorp en zijn gehuchten, Beaune, Le Thyl\u2026\",\"breadcrumb\":{\"@id\":\"https:\/\/la-toussuire.com\/nl\/wat-te-doen-in-de-zomer\/in-de-omgeving\/patrimoine-et-visites-sur-saint-michel-de-maurienne\/#breadcrumb\"},\"inLanguage\":\"nl-NL\",\"potentialAction\":[{\"@type\":\"ReadAction\",\"target\":[\"https:\/\/la-toussuire.com\/nl\/wat-te-doen-in-de-zomer\/in-de-omgeving\/patrimoine-et-visites-sur-saint-michel-de-maurienne\/\"]}]},{\"@type\":\"ImageObject\",\"inLanguage\":\"nl-NL\",\"@id\":\"https:\/\/la-toussuire.com\/nl\/wat-te-doen-in-de-zomer\/in-de-omgeving\/patrimoine-et-visites-sur-saint-michel-de-maurienne\/#primaryimage\",\"url\":\"https:\/\/la-toussuire.com\/wp-content\/uploads\/OTToussuire_Patrimoine_St_Michel_de_Maurienne_Presentation\u00a9MairieStMicheldeMaurienne@La_Toussuire.jpg\",\"contentUrl\":\"https:\/\/la-toussuire.com\/wp-content\/uploads\/OTToussuire_Patrimoine_St_Michel_de_Maurienne_Presentation\u00a9MairieStMicheldeMaurienne@La_Toussuire.jpg\",\"width\":640,\"height\":412,\"caption\":\"La ville de St Michel de Maurienne\"},{\"@type\":\"BreadcrumbList\",\"@id\":\"https:\/\/la-toussuire.com\/nl\/wat-te-doen-in-de-zomer\/in-de-omgeving\/patrimoine-et-visites-sur-saint-michel-de-maurienne\/#breadcrumb\",\"itemListElement\":[{\"@type\":\"ListItem\",\"position\":1,\"name\":\"Accueil\",\"item\":\"https:\/\/la-toussuire.com\/nl\/\"},{\"@type\":\"ListItem\",\"position\":2,\"name\":\"Patrimoine et visites sur Saint-Michel-de-Maurienne\"}]},{\"@type\":\"WebSite\",\"@id\":\"https:\/\/la-toussuire.com\/nl\/#website\",\"url\":\"https:\/\/la-toussuire.com\/nl\/\",\"name\":\"La Toussuire\",\"description\":\"\",\"publisher\":{\"@id\":\"https:\/\/la-toussuire.com\/nl\/#organization\"},\"potentialAction\":[{\"@type\":\"SearchAction\",\"target\":{\"@type\":\"EntryPoint\",\"urlTemplate\":\"https:\/\/la-toussuire.com\/nl\/?s={search_term_string}\"},\"query-input\":{\"@type\":\"PropertyValueSpecification\",\"valueRequired\":true,\"valueName\":\"search_term_string\"}}],\"inLanguage\":\"nl-NL\"},{\"@type\":\"Organization\",\"@id\":\"https:\/\/la-toussuire.com\/nl\/#organization\",\"name\":\"La Toussuire\",\"url\":\"https:\/\/la-toussuire.com\/nl\/\",\"logo\":{\"@type\":\"ImageObject\",\"inLanguage\":\"nl-NL\",\"@id\":\"https:\/\/la-toussuire.com\/nl\/#\/schema\/logo\/image\/\",\"url\":\"https:\/\/la-toussuire.com\/wp-content\/uploads\/LA-TOUSSUIRE_Logo_ALT.png\",\"contentUrl\":\"https:\/\/la-toussuire.com\/wp-content\/uploads\/LA-TOUSSUIRE_Logo_ALT.png\",\"width\":557,\"height\":325,\"caption\":\"La Toussuire\"},\"image\":{\"@id\":\"https:\/\/la-toussuire.com\/nl\/#\/schema\/logo\/image\/\"}}]}<\/script>\n<!-- \/ Yoast SEO plugin. -->","yoast_head_json":{"title":"Patrimoine et visites sur Saint-Michel-de-Maurienne - La Toussuire","description":"Saint-Michel-de-Maurienne, diens aluminium museum, diens patrimonium, het dorp en zijn gehuchten, Beaune, Le Thyl\u2026","robots":{"index":"index","follow":"follow","max-snippet":"max-snippet:-1","max-image-preview":"max-image-preview:large","max-video-preview":"max-video-preview:-1"},"canonical":"https:\/\/la-toussuire.com\/nl\/wat-te-doen-in-de-zomer\/in-de-omgeving\/patrimoine-et-visites-sur-saint-michel-de-maurienne\/","og_locale":"nl_NL","og_type":"article","og_title":"Patrimoine et visites sur Saint-Michel-de-Maurienne - La Toussuire","og_description":"Saint-Michel-de-Maurienne, diens aluminium museum, diens patrimonium, het dorp en zijn gehuchten, Beaune, Le Thyl\u2026","og_url":"https:\/\/la-toussuire.com\/nl\/wat-te-doen-in-de-zomer\/in-de-omgeving\/patrimoine-et-visites-sur-saint-michel-de-maurienne\/","og_site_name":"La Toussuire","og_image":[{"width":640,"height":412,"url":"https:\/\/la-toussuire.com\/wp-content\/uploads\/OTToussuire_Patrimoine_St_Michel_de_Maurienne_Presentation\u00a9MairieStMicheldeMaurienne@La_Toussuire.jpg","type":"image\/jpeg"}],"twitter_card":"summary_large_image","schema":{"@context":"https:\/\/schema.org","@graph":[{"@type":"WebPage","@id":"https:\/\/la-toussuire.com\/nl\/wat-te-doen-in-de-zomer\/in-de-omgeving\/patrimoine-et-visites-sur-saint-michel-de-maurienne\/","url":"https:\/\/la-toussuire.com\/nl\/wat-te-doen-in-de-zomer\/in-de-omgeving\/patrimoine-et-visites-sur-saint-michel-de-maurienne\/","name":"Patrimoine et visites sur Saint-Michel-de-Maurienne - La Toussuire","isPartOf":{"@id":"https:\/\/la-toussuire.com\/nl\/#website"},"primaryImageOfPage":{"@id":"https:\/\/la-toussuire.com\/nl\/wat-te-doen-in-de-zomer\/in-de-omgeving\/patrimoine-et-visites-sur-saint-michel-de-maurienne\/#primaryimage"},"image":{"@id":"https:\/\/la-toussuire.com\/nl\/wat-te-doen-in-de-zomer\/in-de-omgeving\/patrimoine-et-visites-sur-saint-michel-de-maurienne\/#primaryimage"},"thumbnailUrl":"https:\/\/la-toussuire.com\/wp-content\/uploads\/OTToussuire_Patrimoine_St_Michel_de_Maurienne_Presentation\u00a9MairieStMicheldeMaurienne@La_Toussuire.jpg","datePublished":"2023-01-17T11:22:59+00:00","description":"Saint-Michel-de-Maurienne, diens aluminium museum, diens patrimonium, het dorp en zijn gehuchten, Beaune, Le Thyl\u2026","breadcrumb":{"@id":"https:\/\/la-toussuire.com\/nl\/wat-te-doen-in-de-zomer\/in-de-omgeving\/patrimoine-et-visites-sur-saint-michel-de-maurienne\/#breadcrumb"},"inLanguage":"nl-NL","potentialAction":[{"@type":"ReadAction","target":["https:\/\/la-toussuire.com\/nl\/wat-te-doen-in-de-zomer\/in-de-omgeving\/patrimoine-et-visites-sur-saint-michel-de-maurienne\/"]}]},{"@type":"ImageObject","inLanguage":"nl-NL","@id":"https:\/\/la-toussuire.com\/nl\/wat-te-doen-in-de-zomer\/in-de-omgeving\/patrimoine-et-visites-sur-saint-michel-de-maurienne\/#primaryimage","url":"https:\/\/la-toussuire.com\/wp-content\/uploads\/OTToussuire_Patrimoine_St_Michel_de_Maurienne_Presentation\u00a9MairieStMicheldeMaurienne@La_Toussuire.jpg","contentUrl":"https:\/\/la-toussuire.com\/wp-content\/uploads\/OTToussuire_Patrimoine_St_Michel_de_Maurienne_Presentation\u00a9MairieStMicheldeMaurienne@La_Toussuire.jpg","width":640,"height":412,"caption":"La ville de St Michel de Maurienne"},{"@type":"BreadcrumbList","@id":"https:\/\/la-toussuire.com\/nl\/wat-te-doen-in-de-zomer\/in-de-omgeving\/patrimoine-et-visites-sur-saint-michel-de-maurienne\/#breadcrumb","itemListElement":[{"@type":"ListItem","position":1,"name":"Accueil","item":"https:\/\/la-toussuire.com\/nl\/"},{"@type":"ListItem","position":2,"name":"Patrimoine et visites sur Saint-Michel-de-Maurienne"}]},{"@type":"WebSite","@id":"https:\/\/la-toussuire.com\/nl\/#website","url":"https:\/\/la-toussuire.com\/nl\/","name":"La Toussuire","description":"","publisher":{"@id":"https:\/\/la-toussuire.com\/nl\/#organization"},"potentialAction":[{"@type":"SearchAction","target":{"@type":"EntryPoint","urlTemplate":"https:\/\/la-toussuire.com\/nl\/?s={search_term_string}"},"query-input":{"@type":"PropertyValueSpecification","valueRequired":true,"valueName":"search_term_string"}}],"inLanguage":"nl-NL"},{"@type":"Organization","@id":"https:\/\/la-toussuire.com\/nl\/#organization","name":"La Toussuire","url":"https:\/\/la-toussuire.com\/nl\/","logo":{"@type":"ImageObject","inLanguage":"nl-NL","@id":"https:\/\/la-toussuire.com\/nl\/#\/schema\/logo\/image\/","url":"https:\/\/la-toussuire.com\/wp-content\/uploads\/LA-TOUSSUIRE_Logo_ALT.png","contentUrl":"https:\/\/la-toussuire.com\/wp-content\/uploads\/LA-TOUSSUIRE_Logo_ALT.png","width":557,"height":325,"caption":"La Toussuire"},"image":{"@id":"https:\/\/la-toussuire.com\/nl\/#\/schema\/logo\/image\/"}}]}},"_links":{"self":[{"href":"https:\/\/la-toussuire.com\/nl\/wp-json\/wp\/v2\/pages\/11697","targetHints":{"allow":["GET"]}}],"collection":[{"href":"https:\/\/la-toussuire.com\/nl\/wp-json\/wp\/v2\/pages"}],"about":[{"href":"https:\/\/la-toussuire.com\/nl\/wp-json\/wp\/v2\/types\/page"}],"author":[{"embeddable":true,"href":"https:\/\/la-toussuire.com\/nl\/wp-json\/wp\/v2\/users\/2"}],"replies":[{"embeddable":true,"href":"https:\/\/la-toussuire.com\/nl\/wp-json\/wp\/v2\/comments?post=11697"}],"version-history":[{"count":1,"href":"https:\/\/la-toussuire.com\/nl\/wp-json\/wp\/v2\/pages\/11697\/revisions"}],"predecessor-version":[{"id":11698,"href":"https:\/\/la-toussuire.com\/nl\/wp-json\/wp\/v2\/pages\/11697\/revisions\/11698"}],"up":[{"embeddable":true,"href":"https:\/\/la-toussuire.com\/nl\/wp-json\/wp\/v2\/pages\/17205"}],"wp:featuredmedia":[{"embeddable":true,"href":"https:\/\/la-toussuire.com\/nl\/wp-json\/wp\/v2\/media\/7620"}],"wp:attachment":[{"href":"https:\/\/la-toussuire.com\/nl\/wp-json\/wp\/v2\/media?parent=11697"}],"curies":[{"name":"wp","href":"https:\/\/api.w.org\/{rel}","templated":true}]}}