{"id":11535,"date":"2023-01-05T12:07:04","date_gmt":"2023-01-05T11:07:04","guid":{"rendered":"https:\/\/la-toussuire.com\/restaurants-op-hoogte\/"},"modified":"2023-01-05T12:07:04","modified_gmt":"2023-01-05T11:07:04","slug":"restaurants-op-hoogte","status":"publish","type":"page","link":"https:\/\/la-toussuire.com\/nl\/uw-verblijf\/vind-onze-winkels-en-diensten\/restaurants-op-hoogte\/","title":{"rendered":"restaurants op hoogte"},"content":{"rendered":"<div class=\"block block-core-heading\">\n<h2 class=\"wp-block-heading\">Doe u tegoed op de top <\/h2>\n<\/div><div class=\"block block-core-paragraph\">\n<p>In la Toussuire kan men zelfs op meer dan <strong>2000 m<\/strong> hoogte aanschuiven voor een lekkere schotel! <strong>Geniet van het zicht<\/strong>, <strong>adem de goede lucht in<\/strong>&#8230; U kunt er zelfs naartoe met een sneeuwkat! <em>Garantie op een onuitgegeven ervaring!<\/em><\/p>\n<\/div><div class=\"block block-core-paragraph\">\n<p><em>Overtuigd? <\/em>Ontdek onze selectie, onze restaurants op hoogte gaan u zeker charmeren\u2026 <\/p>\n<\/div><div class=\"block block-lba-apidae-selection\"><!--BEGIN ITEMS APIDAE -->\r\n    <div class=\"selection-mode-selector\" data-selection=\"117729\">\r\n        <ul>\r\n            <li><a href=\"#selection-grid\" class=\"active\">Grid view<\/a><\/li>\r\n            <li><a href=\"#selection-map\">Map view<\/a><\/li>\r\n        <\/ul>\r\n    <\/div>\r\n    <div id=\"selection-grid\" style=\"display: block;\">\r\n\r\n        <!--BEGIN FILTER -->\r\n                <!--BEGIN FILTER -->\r\n\r\n        <div id=\"selection-grid\" class=\"selection-mode-default\">\r\n                            <div class=\"card 0-3pieces\">\r\n                    <div class=\"row\">\r\n                        <div class=\"col-md-3\">\r\n                                                            <div class=\"pictos\">\r\n                                    <span class=\"label-cheque_vacances\" title=\"Ch\u00e8que-Vacances Classic\">Ch\u00e8que-Vacances Classic<\/span>                                <\/div>\r\n                                                        <img decoding=\"async\" src=\"https:\/\/static.apidae-tourisme.com\/filestore\/objets-touristiques\/images\/82\/58\/8403538-diaporama.jpg\" class=\"w-100\" alt=\"Image Le Foehn @OT LaToussuire\">\r\n                        <\/div>\r\n                        <div class=\"col-md-9\">\r\n                            <div class=\"card-block px-1\">\r\n                                <h2 class=\"card-title\">\r\n                                    <a href=\"https:\/\/la-toussuire.com\/nl\/details\/chalet-le-foehn-336891-Fr\/\">Chalet le Foehn<\/a>\r\n                                <\/h2>\r\n                                <p class=\"classement\"><\/p>\r\n                                <p class=\"card-text\">Bar-restaurant d&#8217;altitude traditionnel et sp\u00e9cialit\u00e9s savoyardes.<\/p>\r\n                                <p class=\"labels\"><\/p>\r\n                            <\/div>\r\n                            <a href=\"https:\/\/la-toussuire.com\/nl\/details\/chalet-le-foehn-336891-Fr\/\" class=\"btn\">Meer zien<\/a>\r\n                        <\/div>\r\n                    <\/div>\r\n                <\/div>\r\n                            <div class=\"card 0-3pieces\">\r\n                    <div class=\"row\">\r\n                        <div class=\"col-md-3\">\r\n                                                            <div class=\"pictos\">\r\n                                    <span class=\"label-cheque_vacances\" title=\"Ch\u00e8que-Vacances Classic\">Ch\u00e8que-Vacances Classic<\/span>                                <\/div>\r\n                                                        <img decoding=\"async\" src=\"https:\/\/static.apidae-tourisme.com\/filestore\/objets-touristiques\/images\/184\/5\/591288-diaporama.jpg\" class=\"w-100\" alt=\"Image terrasse hiver carlines\">\r\n                        <\/div>\r\n                        <div class=\"col-md-9\">\r\n                            <div class=\"card-block px-1\">\r\n                                <h2 class=\"card-title\">\r\n                                    <a href=\"https:\/\/la-toussuire.com\/nl\/details\/les-carlines-336892-Fr\/\">Les Carlines<\/a>\r\n                                <\/h2>\r\n                                <p class=\"classement\"><\/p>\r\n                                <p class=\"card-text\">Ici on s\u2019octroie une pause \u00e0 2200m d&#8217;altitude, tout en profitant de notre terrasse panoramique \u00ab plein sud \u00bb, \u00e0 table ou en mode d\u00e9tente sur nos transats, ou de nos v\u00e9randas. Nous vous proposons une cuisine traditionnel et r\u00e9gionale.<\/p>\r\n                                <p class=\"labels\"><\/p>\r\n                            <\/div>\r\n                            <a href=\"https:\/\/la-toussuire.com\/nl\/details\/les-carlines-336892-Fr\/\" class=\"btn\">Meer zien<\/a>\r\n                        <\/div>\r\n                    <\/div>\r\n                <\/div>\r\n                            <div class=\"card 0-3pieces\">\r\n                    <div class=\"row\">\r\n                        <div class=\"col-md-3\">\r\n                                                        <img decoding=\"async\" src=\"https:\/\/static.apidae-tourisme.com\/filestore\/objets-touristiques\/images\/85\/226\/26731093-diaporama.png\" class=\"w-100\" alt=\"Image lescigales_restaurant\">\r\n                        <\/div>\r\n                        <div class=\"col-md-9\">\r\n                            <div class=\"card-block px-1\">\r\n                                <h2 class=\"card-title\">\r\n                                    <a href=\"https:\/\/la-toussuire.com\/nl\/details\/les-cigales-400498-Fr\/\">Les Cigales<\/a>\r\n                                <\/h2>\r\n                                <p class=\"classement\"><\/p>\r\n                                <p class=\"card-text\">Restaurant savoyard chaleureux, id\u00e9al pour accueillir groupes et \u00e9v\u00e9nements, avec h\u00e9bergement sur place pour prolonger l\u2019exp\u00e9rience en toute convivialit\u00e9.<\/p>\r\n                                <p class=\"labels\"><\/p>\r\n                            <\/div>\r\n                            <a href=\"https:\/\/la-toussuire.com\/nl\/details\/les-cigales-400498-Fr\/\" class=\"btn\">Meer zien<\/a>\r\n                        <\/div>\r\n                    <\/div>\r\n                <\/div>\r\n                            <div class=\"card 0-3pieces\">\r\n                    <div class=\"row\">\r\n                        <div class=\"col-md-3\">\r\n                                                        <img decoding=\"async\" src=\"https:\/\/static.apidae-tourisme.com\/filestore\/objets-touristiques\/images\/140\/227\/26731404-diaporama.png\" class=\"w-100\" alt=\"Image Rooftopdesanges_restaurant_1\">\r\n                        <\/div>\r\n                        <div class=\"col-md-9\">\r\n                            <div class=\"card-block px-1\">\r\n                                <h2 class=\"card-title\">\r\n                                    <a href=\"https:\/\/la-toussuire.com\/nl\/details\/rooftop-des-anges-6550489-Fr\/\">Rooftop des Anges<\/a>\r\n                                <\/h2>\r\n                                <p class=\"classement\"><\/p>\r\n                                <p class=\"card-text\">Le Rooftop des Anges vous propose un moment inoubliable \u00e0 2225m d&#8217;altitude ! Profitez d&#8217;un moment hors du temps, dans une ambiance cozy avec des plats travaill\u00e9s !<\/p>\r\n                                <p class=\"labels\"><\/p>\r\n                            <\/div>\r\n                            <a href=\"https:\/\/la-toussuire.com\/nl\/details\/rooftop-des-anges-6550489-Fr\/\" class=\"btn\">Meer zien<\/a>\r\n                        <\/div>\r\n                    <\/div>\r\n                <\/div>\r\n                            <div class=\"card 0-3pieces\">\r\n                    <div class=\"row\">\r\n                        <div class=\"col-md-3\">\r\n                                                            <div class=\"pictos\">\r\n                                    <span class=\"label-cheque_vacances\" title=\"Ch\u00e8que-Vacances Classic\">Ch\u00e8que-Vacances Classic<\/span>                                <\/div>\r\n                                                        <img decoding=\"async\" src=\"https:\/\/static.apidae-tourisme.com\/filestore\/objets-touristiques\/images\/185\/5\/591289-diaporama.jpg\" class=\"w-100\" alt=\"Image terrasse hiver carlines\">\r\n                        <\/div>\r\n                        <div class=\"col-md-9\">\r\n                            <div class=\"card-block px-1\">\r\n                                <h2 class=\"card-title\">\r\n                                    <a href=\"https:\/\/la-toussuire.com\/nl\/details\/sandwicherie-la-pause-de-secours-403548-Fr\/\">Sandwicherie La Pause de Secours<\/a>\r\n                                <\/h2>\r\n                                <p class=\"classement\"><\/p>\r\n                                <p class=\"card-text\">Id\u00e9al pour ceux qui ne veulent pas perdre une minute de ski ! un moyen simple pour prendre un encas sur le pouce et vite repartir skier !<\/p>\r\n                                <p class=\"labels\"><\/p>\r\n                            <\/div>\r\n                            <a href=\"https:\/\/la-toussuire.com\/nl\/details\/sandwicherie-la-pause-de-secours-403548-Fr\/\" class=\"btn\">Meer zien<\/a>\r\n                        <\/div>\r\n                    <\/div>\r\n                <\/div>\r\n                    <\/div>\r\n    <\/div>\r\n    <div id=\"selection-map\" class=\"selection-mode-map\" style=\"display: none;\">\r\n        <div class=\"map\" id=\"MapContainerListe\"><\/div>\r\n    <\/div>\r\n<!--END ITEMS APIDAE -->\r\n\r\n<!--BEGIN PAGINATOR -->\r\n<!--BEGIN PAGINATOR --><\/div>","protected":false},"excerpt":{"rendered":"<p>Doe u tegoed op de top In la Toussuire kan men zelfs op meer dan 2000 m hoogte aanschuiven voor een lekkere schotel! Geniet van het zicht, adem de goede lucht in&#8230; U kunt er zelfs naartoe met een sneeuwkat! Garantie op een onuitgegeven ervaring! Overtuigd? Ontdek onze selectie, onze restaurants op hoogte gaan u [&hellip;]<\/p>\n","protected":false},"author":2,"featured_media":7966,"parent":16901,"menu_order":2,"comment_status":"closed","ping_status":"closed","template":"page-template.php","meta":{"_acf_changed":false,"footnotes":""},"class_list":["post-11535","page","type-page","status-publish","has-post-thumbnail","hentry"],"acf":[],"yoast_head":"<!-- This site is optimized with the Yoast SEO plugin v27.1.1 - https:\/\/yoast.com\/product\/yoast-seo-wordpress\/ -->\n<title>restaurants op hoogte - La Toussuire<\/title>\n<meta name=\"description\" content=\"Onze restaurants op hoogte staan toe te eten, drinken, een hapje te eten met een magnifiek panorama, lokale specialiteiten te proeven\u2026\" \/>\n<meta name=\"robots\" content=\"index, follow, max-snippet:-1, max-image-preview:large, max-video-preview:-1\" \/>\n<link rel=\"canonical\" href=\"https:\/\/la-toussuire.com\/nl\/uw-verblijf\/vind-onze-winkels-en-diensten\/restaurants-op-hoogte\/\" \/>\n<meta property=\"og:locale\" content=\"nl_NL\" \/>\n<meta property=\"og:type\" content=\"article\" \/>\n<meta property=\"og:title\" content=\"restaurants op hoogte - La Toussuire\" \/>\n<meta property=\"og:description\" content=\"Onze restaurants op hoogte staan toe te eten, drinken, een hapje te eten met een magnifiek panorama, lokale specialiteiten te proeven\u2026\" \/>\n<meta property=\"og:url\" content=\"https:\/\/la-toussuire.com\/nl\/uw-verblijf\/vind-onze-winkels-en-diensten\/restaurants-op-hoogte\/\" \/>\n<meta property=\"og:site_name\" content=\"La Toussuire\" \/>\n<meta property=\"og:image\" content=\"https:\/\/la-toussuire.com\/wp-content\/uploads\/OTToussuire_Restaurant_Altitude_Presentation\u00a9AgenceZoom@La_Toussuire.jpg\" \/>\n\t<meta property=\"og:image:width\" content=\"1024\" \/>\n\t<meta property=\"og:image:height\" content=\"683\" \/>\n\t<meta property=\"og:image:type\" content=\"image\/jpeg\" \/>\n<meta name=\"twitter:card\" content=\"summary_large_image\" \/>\n<script type=\"application\/ld+json\" class=\"yoast-schema-graph\">{\"@context\":\"https:\/\/schema.org\",\"@graph\":[{\"@type\":\"WebPage\",\"@id\":\"https:\/\/la-toussuire.com\/nl\/uw-verblijf\/vind-onze-winkels-en-diensten\/restaurants-op-hoogte\/\",\"url\":\"https:\/\/la-toussuire.com\/nl\/uw-verblijf\/vind-onze-winkels-en-diensten\/restaurants-op-hoogte\/\",\"name\":\"restaurants op hoogte - La Toussuire\",\"isPartOf\":{\"@id\":\"https:\/\/la-toussuire.com\/nl\/#website\"},\"primaryImageOfPage\":{\"@id\":\"https:\/\/la-toussuire.com\/nl\/uw-verblijf\/vind-onze-winkels-en-diensten\/restaurants-op-hoogte\/#primaryimage\"},\"image\":{\"@id\":\"https:\/\/la-toussuire.com\/nl\/uw-verblijf\/vind-onze-winkels-en-diensten\/restaurants-op-hoogte\/#primaryimage\"},\"thumbnailUrl\":\"https:\/\/la-toussuire.com\/wp-content\/uploads\/OTToussuire_Restaurant_Altitude_Presentation\u00a9AgenceZoom@La_Toussuire.jpg\",\"datePublished\":\"2023-01-05T11:07:04+00:00\",\"description\":\"Onze restaurants op hoogte staan toe te eten, drinken, een hapje te eten met een magnifiek panorama, lokale specialiteiten te proeven\u2026\",\"breadcrumb\":{\"@id\":\"https:\/\/la-toussuire.com\/nl\/uw-verblijf\/vind-onze-winkels-en-diensten\/restaurants-op-hoogte\/#breadcrumb\"},\"inLanguage\":\"nl-NL\",\"potentialAction\":[{\"@type\":\"ReadAction\",\"target\":[\"https:\/\/la-toussuire.com\/nl\/uw-verblijf\/vind-onze-winkels-en-diensten\/restaurants-op-hoogte\/\"]}]},{\"@type\":\"ImageObject\",\"inLanguage\":\"nl-NL\",\"@id\":\"https:\/\/la-toussuire.com\/nl\/uw-verblijf\/vind-onze-winkels-en-diensten\/restaurants-op-hoogte\/#primaryimage\",\"url\":\"https:\/\/la-toussuire.com\/wp-content\/uploads\/OTToussuire_Restaurant_Altitude_Presentation\u00a9AgenceZoom@La_Toussuire.jpg\",\"contentUrl\":\"https:\/\/la-toussuire.com\/wp-content\/uploads\/OTToussuire_Restaurant_Altitude_Presentation\u00a9AgenceZoom@La_Toussuire.jpg\",\"width\":1024,\"height\":683,\"caption\":\"Restaurant d'Altitude\"},{\"@type\":\"BreadcrumbList\",\"@id\":\"https:\/\/la-toussuire.com\/nl\/uw-verblijf\/vind-onze-winkels-en-diensten\/restaurants-op-hoogte\/#breadcrumb\",\"itemListElement\":[{\"@type\":\"ListItem\",\"position\":1,\"name\":\"Accueil\",\"item\":\"https:\/\/la-toussuire.com\/nl\/\"},{\"@type\":\"ListItem\",\"position\":2,\"name\":\"restaurants op hoogte\"}]},{\"@type\":\"WebSite\",\"@id\":\"https:\/\/la-toussuire.com\/nl\/#website\",\"url\":\"https:\/\/la-toussuire.com\/nl\/\",\"name\":\"La Toussuire\",\"description\":\"\",\"publisher\":{\"@id\":\"https:\/\/la-toussuire.com\/nl\/#organization\"},\"potentialAction\":[{\"@type\":\"SearchAction\",\"target\":{\"@type\":\"EntryPoint\",\"urlTemplate\":\"https:\/\/la-toussuire.com\/nl\/?s={search_term_string}\"},\"query-input\":{\"@type\":\"PropertyValueSpecification\",\"valueRequired\":true,\"valueName\":\"search_term_string\"}}],\"inLanguage\":\"nl-NL\"},{\"@type\":\"Organization\",\"@id\":\"https:\/\/la-toussuire.com\/nl\/#organization\",\"name\":\"La Toussuire\",\"url\":\"https:\/\/la-toussuire.com\/nl\/\",\"logo\":{\"@type\":\"ImageObject\",\"inLanguage\":\"nl-NL\",\"@id\":\"https:\/\/la-toussuire.com\/nl\/#\/schema\/logo\/image\/\",\"url\":\"https:\/\/la-toussuire.com\/wp-content\/uploads\/LA-TOUSSUIRE_Logo_ALT.png\",\"contentUrl\":\"https:\/\/la-toussuire.com\/wp-content\/uploads\/LA-TOUSSUIRE_Logo_ALT.png\",\"width\":557,\"height\":325,\"caption\":\"La Toussuire\"},\"image\":{\"@id\":\"https:\/\/la-toussuire.com\/nl\/#\/schema\/logo\/image\/\"}}]}<\/script>\n<!-- \/ Yoast SEO plugin. -->","yoast_head_json":{"title":"restaurants op hoogte - La Toussuire","description":"Onze restaurants op hoogte staan toe te eten, drinken, een hapje te eten met een magnifiek panorama, lokale specialiteiten te proeven\u2026","robots":{"index":"index","follow":"follow","max-snippet":"max-snippet:-1","max-image-preview":"max-image-preview:large","max-video-preview":"max-video-preview:-1"},"canonical":"https:\/\/la-toussuire.com\/nl\/uw-verblijf\/vind-onze-winkels-en-diensten\/restaurants-op-hoogte\/","og_locale":"nl_NL","og_type":"article","og_title":"restaurants op hoogte - La Toussuire","og_description":"Onze restaurants op hoogte staan toe te eten, drinken, een hapje te eten met een magnifiek panorama, lokale specialiteiten te proeven\u2026","og_url":"https:\/\/la-toussuire.com\/nl\/uw-verblijf\/vind-onze-winkels-en-diensten\/restaurants-op-hoogte\/","og_site_name":"La Toussuire","og_image":[{"width":1024,"height":683,"url":"https:\/\/la-toussuire.com\/wp-content\/uploads\/OTToussuire_Restaurant_Altitude_Presentation\u00a9AgenceZoom@La_Toussuire.jpg","type":"image\/jpeg"}],"twitter_card":"summary_large_image","schema":{"@context":"https:\/\/schema.org","@graph":[{"@type":"WebPage","@id":"https:\/\/la-toussuire.com\/nl\/uw-verblijf\/vind-onze-winkels-en-diensten\/restaurants-op-hoogte\/","url":"https:\/\/la-toussuire.com\/nl\/uw-verblijf\/vind-onze-winkels-en-diensten\/restaurants-op-hoogte\/","name":"restaurants op hoogte - La Toussuire","isPartOf":{"@id":"https:\/\/la-toussuire.com\/nl\/#website"},"primaryImageOfPage":{"@id":"https:\/\/la-toussuire.com\/nl\/uw-verblijf\/vind-onze-winkels-en-diensten\/restaurants-op-hoogte\/#primaryimage"},"image":{"@id":"https:\/\/la-toussuire.com\/nl\/uw-verblijf\/vind-onze-winkels-en-diensten\/restaurants-op-hoogte\/#primaryimage"},"thumbnailUrl":"https:\/\/la-toussuire.com\/wp-content\/uploads\/OTToussuire_Restaurant_Altitude_Presentation\u00a9AgenceZoom@La_Toussuire.jpg","datePublished":"2023-01-05T11:07:04+00:00","description":"Onze restaurants op hoogte staan toe te eten, drinken, een hapje te eten met een magnifiek panorama, lokale specialiteiten te proeven\u2026","breadcrumb":{"@id":"https:\/\/la-toussuire.com\/nl\/uw-verblijf\/vind-onze-winkels-en-diensten\/restaurants-op-hoogte\/#breadcrumb"},"inLanguage":"nl-NL","potentialAction":[{"@type":"ReadAction","target":["https:\/\/la-toussuire.com\/nl\/uw-verblijf\/vind-onze-winkels-en-diensten\/restaurants-op-hoogte\/"]}]},{"@type":"ImageObject","inLanguage":"nl-NL","@id":"https:\/\/la-toussuire.com\/nl\/uw-verblijf\/vind-onze-winkels-en-diensten\/restaurants-op-hoogte\/#primaryimage","url":"https:\/\/la-toussuire.com\/wp-content\/uploads\/OTToussuire_Restaurant_Altitude_Presentation\u00a9AgenceZoom@La_Toussuire.jpg","contentUrl":"https:\/\/la-toussuire.com\/wp-content\/uploads\/OTToussuire_Restaurant_Altitude_Presentation\u00a9AgenceZoom@La_Toussuire.jpg","width":1024,"height":683,"caption":"Restaurant d'Altitude"},{"@type":"BreadcrumbList","@id":"https:\/\/la-toussuire.com\/nl\/uw-verblijf\/vind-onze-winkels-en-diensten\/restaurants-op-hoogte\/#breadcrumb","itemListElement":[{"@type":"ListItem","position":1,"name":"Accueil","item":"https:\/\/la-toussuire.com\/nl\/"},{"@type":"ListItem","position":2,"name":"restaurants op hoogte"}]},{"@type":"WebSite","@id":"https:\/\/la-toussuire.com\/nl\/#website","url":"https:\/\/la-toussuire.com\/nl\/","name":"La Toussuire","description":"","publisher":{"@id":"https:\/\/la-toussuire.com\/nl\/#organization"},"potentialAction":[{"@type":"SearchAction","target":{"@type":"EntryPoint","urlTemplate":"https:\/\/la-toussuire.com\/nl\/?s={search_term_string}"},"query-input":{"@type":"PropertyValueSpecification","valueRequired":true,"valueName":"search_term_string"}}],"inLanguage":"nl-NL"},{"@type":"Organization","@id":"https:\/\/la-toussuire.com\/nl\/#organization","name":"La Toussuire","url":"https:\/\/la-toussuire.com\/nl\/","logo":{"@type":"ImageObject","inLanguage":"nl-NL","@id":"https:\/\/la-toussuire.com\/nl\/#\/schema\/logo\/image\/","url":"https:\/\/la-toussuire.com\/wp-content\/uploads\/LA-TOUSSUIRE_Logo_ALT.png","contentUrl":"https:\/\/la-toussuire.com\/wp-content\/uploads\/LA-TOUSSUIRE_Logo_ALT.png","width":557,"height":325,"caption":"La Toussuire"},"image":{"@id":"https:\/\/la-toussuire.com\/nl\/#\/schema\/logo\/image\/"}}]}},"_links":{"self":[{"href":"https:\/\/la-toussuire.com\/nl\/wp-json\/wp\/v2\/pages\/11535","targetHints":{"allow":["GET"]}}],"collection":[{"href":"https:\/\/la-toussuire.com\/nl\/wp-json\/wp\/v2\/pages"}],"about":[{"href":"https:\/\/la-toussuire.com\/nl\/wp-json\/wp\/v2\/types\/page"}],"author":[{"embeddable":true,"href":"https:\/\/la-toussuire.com\/nl\/wp-json\/wp\/v2\/users\/2"}],"replies":[{"embeddable":true,"href":"https:\/\/la-toussuire.com\/nl\/wp-json\/wp\/v2\/comments?post=11535"}],"version-history":[{"count":1,"href":"https:\/\/la-toussuire.com\/nl\/wp-json\/wp\/v2\/pages\/11535\/revisions"}],"predecessor-version":[{"id":11536,"href":"https:\/\/la-toussuire.com\/nl\/wp-json\/wp\/v2\/pages\/11535\/revisions\/11536"}],"up":[{"embeddable":true,"href":"https:\/\/la-toussuire.com\/nl\/wp-json\/wp\/v2\/pages\/16901"}],"wp:featuredmedia":[{"embeddable":true,"href":"https:\/\/la-toussuire.com\/nl\/wp-json\/wp\/v2\/media\/7966"}],"wp:attachment":[{"href":"https:\/\/la-toussuire.com\/nl\/wp-json\/wp\/v2\/media?parent=11535"}],"curies":[{"name":"wp","href":"https:\/\/api.w.org\/{rel}","templated":true}]}}