{"id":11525,"date":"2023-01-05T11:54:28","date_gmt":"2023-01-05T10:54:28","guid":{"rendered":"https:\/\/la-toussuire.com\/shoppen-en-souvenirs\/"},"modified":"2023-01-05T11:55:52","modified_gmt":"2023-01-05T10:55:52","slug":"shoppen-en-souvenirs","status":"publish","type":"page","link":"https:\/\/la-toussuire.com\/nl\/uw-verblijf\/vind-onze-winkels-en-diensten\/shoppen-en-souvenirs\/","title":{"rendered":"Shoppen en souvenirs"},"content":{"rendered":"<div class=\"block block-core-heading\">\n<h2 class=\"wp-block-heading\">Wilt u de creditcard warm maken?<\/h2>\n<\/div><div class=\"block block-core-paragraph\">\n<p>Zin <strong>om rond te wandelen<\/strong> in de boetieks? <strong>Zichzelf in de watten leggen<\/strong> met kleine dingetjes uit onze regio? Onze <strong>boetieks<\/strong> zijn er daarvoor. We weten hoezeer u van souvenirs houdt, <em>trakteer uzelf er dan op!<\/em> <\/p>\n<\/div><div class=\"block block-lba-apidae-selection\"><!--BEGIN ITEMS APIDAE -->\r\n    <div class=\"selection-mode-selector\" data-selection=\"117753\">\r\n        <ul>\r\n            <li><a href=\"#selection-grid\" class=\"active\">Grid view<\/a><\/li>\r\n            <li><a href=\"#selection-map\">Map view<\/a><\/li>\r\n        <\/ul>\r\n    <\/div>\r\n    <div id=\"selection-grid\" style=\"display: block;\">\r\n\r\n        <!--BEGIN FILTER -->\r\n                <!--BEGIN FILTER -->\r\n\r\n        <div id=\"selection-grid\" class=\"selection-mode-default\">\r\n                            <div class=\"card 0-3pieces\">\r\n                    <div class=\"row\">\r\n                        <div class=\"col-md-3\">\r\n                                                        <img decoding=\"async\" src=\"https:\/\/static.apidae-tourisme.com\/filestore\/objets-touristiques\/images\/215\/7\/24512471-diaporama.png\" class=\"w-100\" alt=\"Image Adobati-Bois Nad\u00e8ge\">\r\n                        <\/div>\r\n                        <div class=\"col-md-9\">\r\n                            <div class=\"card-block px-1\">\r\n                                <h2 class=\"card-title\">\r\n                                    <a href=\"https:\/\/la-toussuire.com\/nl\/details\/medulles-et-graioceles-6006796-Fr\/\">M\u00e9dulles et Graioc\u00e8les<\/a>\r\n                                <\/h2>\r\n                                <p class=\"classement\"><\/p>\r\n                                <p class=\"card-text\">M\u00e9dulles et Graioc\u00e8les, boutique d\u00e9di\u00e9e \u00e0 l\u2019artisanat local, d\u00e9niche pour vous des produits artisanaux qui repr\u00e9sentent le savoir-faire de notre vall\u00e9e.<\/p>\r\n                                <p class=\"labels\"><\/p>\r\n                            <\/div>\r\n                            <a href=\"https:\/\/la-toussuire.com\/nl\/details\/medulles-et-graioceles-6006796-Fr\/\" class=\"btn\">Meer zien<\/a>\r\n                        <\/div>\r\n                    <\/div>\r\n                <\/div>\r\n                    <\/div>\r\n    <\/div>\r\n    <div id=\"selection-map\" class=\"selection-mode-map\" style=\"display: none;\">\r\n        <div class=\"map\" id=\"MapContainerListe\"><\/div>\r\n    <\/div>\r\n<!--END ITEMS APIDAE -->\r\n\r\n<!--BEGIN PAGINATOR -->\r\n<!--BEGIN PAGINATOR --><\/div>","protected":false},"excerpt":{"rendered":"<p>Wilt u de creditcard warm maken? Zin om rond te wandelen in de boetieks? Zichzelf in de watten leggen met kleine dingetjes uit onze regio? Onze boetieks zijn er daarvoor. We weten hoezeer u van souvenirs houdt, trakteer uzelf er dan op!<\/p>\n","protected":false},"author":2,"featured_media":7869,"parent":16901,"menu_order":6,"comment_status":"closed","ping_status":"closed","template":"page-template.php","meta":{"_acf_changed":false,"footnotes":""},"class_list":["post-11525","page","type-page","status-publish","has-post-thumbnail","hentry"],"acf":[],"yoast_head":"<!-- This site is optimized with the Yoast SEO plugin v27.1.1 - https:\/\/yoast.com\/product\/yoast-seo-wordpress\/ -->\n<title>Shoppen en souvenirs - La Toussuire<\/title>\n<meta name=\"description\" content=\"Shoppen, souvenirs, kleine geschenken, lokaal handwerk, voorwerpen, verzorgingsproducten, cosmetica, zeepjes, kaarsen, pottenbakkerij, snuisterijen, decoratie\u2026\" \/>\n<meta name=\"robots\" content=\"index, follow, max-snippet:-1, max-image-preview:large, max-video-preview:-1\" \/>\n<link rel=\"canonical\" href=\"https:\/\/la-toussuire.com\/nl\/uw-verblijf\/vind-onze-winkels-en-diensten\/shoppen-en-souvenirs\/\" \/>\n<meta property=\"og:locale\" content=\"nl_NL\" \/>\n<meta property=\"og:type\" content=\"article\" \/>\n<meta property=\"og:title\" content=\"Shoppen en souvenirs - La Toussuire\" \/>\n<meta property=\"og:description\" content=\"Shoppen, souvenirs, kleine geschenken, lokaal handwerk, voorwerpen, verzorgingsproducten, cosmetica, zeepjes, kaarsen, pottenbakkerij, snuisterijen, decoratie\u2026\" \/>\n<meta property=\"og:url\" content=\"https:\/\/la-toussuire.com\/nl\/uw-verblijf\/vind-onze-winkels-en-diensten\/shoppen-en-souvenirs\/\" \/>\n<meta property=\"og:site_name\" content=\"La Toussuire\" \/>\n<meta property=\"article:modified_time\" content=\"2023-01-05T10:55:52+00:00\" \/>\n<meta property=\"og:image\" content=\"https:\/\/la-toussuire.com\/wp-content\/uploads\/OTToussuire_Shopping_Souvenir_Presentation\u00a9YanKrukov@La_Toussuire.jpg\" \/>\n\t<meta property=\"og:image:width\" content=\"2400\" \/>\n\t<meta property=\"og:image:height\" content=\"1127\" \/>\n\t<meta property=\"og:image:type\" content=\"image\/jpeg\" \/>\n<meta name=\"twitter:card\" content=\"summary_large_image\" \/>\n<script type=\"application\/ld+json\" class=\"yoast-schema-graph\">{\"@context\":\"https:\/\/schema.org\",\"@graph\":[{\"@type\":\"WebPage\",\"@id\":\"https:\/\/la-toussuire.com\/nl\/uw-verblijf\/vind-onze-winkels-en-diensten\/shoppen-en-souvenirs\/\",\"url\":\"https:\/\/la-toussuire.com\/nl\/uw-verblijf\/vind-onze-winkels-en-diensten\/shoppen-en-souvenirs\/\",\"name\":\"Shoppen en souvenirs - La Toussuire\",\"isPartOf\":{\"@id\":\"https:\/\/la-toussuire.com\/nl\/#website\"},\"primaryImageOfPage\":{\"@id\":\"https:\/\/la-toussuire.com\/nl\/uw-verblijf\/vind-onze-winkels-en-diensten\/shoppen-en-souvenirs\/#primaryimage\"},\"image\":{\"@id\":\"https:\/\/la-toussuire.com\/nl\/uw-verblijf\/vind-onze-winkels-en-diensten\/shoppen-en-souvenirs\/#primaryimage\"},\"thumbnailUrl\":\"https:\/\/la-toussuire.com\/wp-content\/uploads\/OTToussuire_Shopping_Souvenir_Presentation\u00a9YanKrukov@La_Toussuire.jpg\",\"datePublished\":\"2023-01-05T10:54:28+00:00\",\"dateModified\":\"2023-01-05T10:55:52+00:00\",\"description\":\"Shoppen, souvenirs, kleine geschenken, lokaal handwerk, voorwerpen, verzorgingsproducten, cosmetica, zeepjes, kaarsen, pottenbakkerij, snuisterijen, decoratie\u2026\",\"breadcrumb\":{\"@id\":\"https:\/\/la-toussuire.com\/nl\/uw-verblijf\/vind-onze-winkels-en-diensten\/shoppen-en-souvenirs\/#breadcrumb\"},\"inLanguage\":\"nl-NL\",\"potentialAction\":[{\"@type\":\"ReadAction\",\"target\":[\"https:\/\/la-toussuire.com\/nl\/uw-verblijf\/vind-onze-winkels-en-diensten\/shoppen-en-souvenirs\/\"]}]},{\"@type\":\"ImageObject\",\"inLanguage\":\"nl-NL\",\"@id\":\"https:\/\/la-toussuire.com\/nl\/uw-verblijf\/vind-onze-winkels-en-diensten\/shoppen-en-souvenirs\/#primaryimage\",\"url\":\"https:\/\/la-toussuire.com\/wp-content\/uploads\/OTToussuire_Shopping_Souvenir_Presentation\u00a9YanKrukov@La_Toussuire.jpg\",\"contentUrl\":\"https:\/\/la-toussuire.com\/wp-content\/uploads\/OTToussuire_Shopping_Souvenir_Presentation\u00a9YanKrukov@La_Toussuire.jpg\",\"width\":2400,\"height\":1127,\"caption\":\"D\u00e9coration de noel\"},{\"@type\":\"BreadcrumbList\",\"@id\":\"https:\/\/la-toussuire.com\/nl\/uw-verblijf\/vind-onze-winkels-en-diensten\/shoppen-en-souvenirs\/#breadcrumb\",\"itemListElement\":[{\"@type\":\"ListItem\",\"position\":1,\"name\":\"Accueil\",\"item\":\"https:\/\/la-toussuire.com\/nl\/\"},{\"@type\":\"ListItem\",\"position\":2,\"name\":\"Shoppen en souvenirs\"}]},{\"@type\":\"WebSite\",\"@id\":\"https:\/\/la-toussuire.com\/nl\/#website\",\"url\":\"https:\/\/la-toussuire.com\/nl\/\",\"name\":\"La Toussuire\",\"description\":\"\",\"publisher\":{\"@id\":\"https:\/\/la-toussuire.com\/nl\/#organization\"},\"potentialAction\":[{\"@type\":\"SearchAction\",\"target\":{\"@type\":\"EntryPoint\",\"urlTemplate\":\"https:\/\/la-toussuire.com\/nl\/?s={search_term_string}\"},\"query-input\":{\"@type\":\"PropertyValueSpecification\",\"valueRequired\":true,\"valueName\":\"search_term_string\"}}],\"inLanguage\":\"nl-NL\"},{\"@type\":\"Organization\",\"@id\":\"https:\/\/la-toussuire.com\/nl\/#organization\",\"name\":\"La Toussuire\",\"url\":\"https:\/\/la-toussuire.com\/nl\/\",\"logo\":{\"@type\":\"ImageObject\",\"inLanguage\":\"nl-NL\",\"@id\":\"https:\/\/la-toussuire.com\/nl\/#\/schema\/logo\/image\/\",\"url\":\"https:\/\/la-toussuire.com\/wp-content\/uploads\/cropped-Nouveau-LA-TOUSSUIRE_Logo_Plan-de-travail-1-02.png\",\"contentUrl\":\"https:\/\/la-toussuire.com\/wp-content\/uploads\/cropped-Nouveau-LA-TOUSSUIRE_Logo_Plan-de-travail-1-02.png\",\"width\":591,\"height\":591,\"caption\":\"La Toussuire\"},\"image\":{\"@id\":\"https:\/\/la-toussuire.com\/nl\/#\/schema\/logo\/image\/\"}}]}<\/script>\n<!-- \/ Yoast SEO plugin. -->","yoast_head_json":{"title":"Shoppen en souvenirs - La Toussuire","description":"Shoppen, souvenirs, kleine geschenken, lokaal handwerk, voorwerpen, verzorgingsproducten, cosmetica, zeepjes, kaarsen, pottenbakkerij, snuisterijen, decoratie\u2026","robots":{"index":"index","follow":"follow","max-snippet":"max-snippet:-1","max-image-preview":"max-image-preview:large","max-video-preview":"max-video-preview:-1"},"canonical":"https:\/\/la-toussuire.com\/nl\/uw-verblijf\/vind-onze-winkels-en-diensten\/shoppen-en-souvenirs\/","og_locale":"nl_NL","og_type":"article","og_title":"Shoppen en souvenirs - La Toussuire","og_description":"Shoppen, souvenirs, kleine geschenken, lokaal handwerk, voorwerpen, verzorgingsproducten, cosmetica, zeepjes, kaarsen, pottenbakkerij, snuisterijen, decoratie\u2026","og_url":"https:\/\/la-toussuire.com\/nl\/uw-verblijf\/vind-onze-winkels-en-diensten\/shoppen-en-souvenirs\/","og_site_name":"La Toussuire","article_modified_time":"2023-01-05T10:55:52+00:00","og_image":[{"width":2400,"height":1127,"url":"https:\/\/la-toussuire.com\/wp-content\/uploads\/OTToussuire_Shopping_Souvenir_Presentation\u00a9YanKrukov@La_Toussuire.jpg","type":"image\/jpeg"}],"twitter_card":"summary_large_image","schema":{"@context":"https:\/\/schema.org","@graph":[{"@type":"WebPage","@id":"https:\/\/la-toussuire.com\/nl\/uw-verblijf\/vind-onze-winkels-en-diensten\/shoppen-en-souvenirs\/","url":"https:\/\/la-toussuire.com\/nl\/uw-verblijf\/vind-onze-winkels-en-diensten\/shoppen-en-souvenirs\/","name":"Shoppen en souvenirs - La Toussuire","isPartOf":{"@id":"https:\/\/la-toussuire.com\/nl\/#website"},"primaryImageOfPage":{"@id":"https:\/\/la-toussuire.com\/nl\/uw-verblijf\/vind-onze-winkels-en-diensten\/shoppen-en-souvenirs\/#primaryimage"},"image":{"@id":"https:\/\/la-toussuire.com\/nl\/uw-verblijf\/vind-onze-winkels-en-diensten\/shoppen-en-souvenirs\/#primaryimage"},"thumbnailUrl":"https:\/\/la-toussuire.com\/wp-content\/uploads\/OTToussuire_Shopping_Souvenir_Presentation\u00a9YanKrukov@La_Toussuire.jpg","datePublished":"2023-01-05T10:54:28+00:00","dateModified":"2023-01-05T10:55:52+00:00","description":"Shoppen, souvenirs, kleine geschenken, lokaal handwerk, voorwerpen, verzorgingsproducten, cosmetica, zeepjes, kaarsen, pottenbakkerij, snuisterijen, decoratie\u2026","breadcrumb":{"@id":"https:\/\/la-toussuire.com\/nl\/uw-verblijf\/vind-onze-winkels-en-diensten\/shoppen-en-souvenirs\/#breadcrumb"},"inLanguage":"nl-NL","potentialAction":[{"@type":"ReadAction","target":["https:\/\/la-toussuire.com\/nl\/uw-verblijf\/vind-onze-winkels-en-diensten\/shoppen-en-souvenirs\/"]}]},{"@type":"ImageObject","inLanguage":"nl-NL","@id":"https:\/\/la-toussuire.com\/nl\/uw-verblijf\/vind-onze-winkels-en-diensten\/shoppen-en-souvenirs\/#primaryimage","url":"https:\/\/la-toussuire.com\/wp-content\/uploads\/OTToussuire_Shopping_Souvenir_Presentation\u00a9YanKrukov@La_Toussuire.jpg","contentUrl":"https:\/\/la-toussuire.com\/wp-content\/uploads\/OTToussuire_Shopping_Souvenir_Presentation\u00a9YanKrukov@La_Toussuire.jpg","width":2400,"height":1127,"caption":"D\u00e9coration de noel"},{"@type":"BreadcrumbList","@id":"https:\/\/la-toussuire.com\/nl\/uw-verblijf\/vind-onze-winkels-en-diensten\/shoppen-en-souvenirs\/#breadcrumb","itemListElement":[{"@type":"ListItem","position":1,"name":"Accueil","item":"https:\/\/la-toussuire.com\/nl\/"},{"@type":"ListItem","position":2,"name":"Shoppen en souvenirs"}]},{"@type":"WebSite","@id":"https:\/\/la-toussuire.com\/nl\/#website","url":"https:\/\/la-toussuire.com\/nl\/","name":"La Toussuire","description":"","publisher":{"@id":"https:\/\/la-toussuire.com\/nl\/#organization"},"potentialAction":[{"@type":"SearchAction","target":{"@type":"EntryPoint","urlTemplate":"https:\/\/la-toussuire.com\/nl\/?s={search_term_string}"},"query-input":{"@type":"PropertyValueSpecification","valueRequired":true,"valueName":"search_term_string"}}],"inLanguage":"nl-NL"},{"@type":"Organization","@id":"https:\/\/la-toussuire.com\/nl\/#organization","name":"La Toussuire","url":"https:\/\/la-toussuire.com\/nl\/","logo":{"@type":"ImageObject","inLanguage":"nl-NL","@id":"https:\/\/la-toussuire.com\/nl\/#\/schema\/logo\/image\/","url":"https:\/\/la-toussuire.com\/wp-content\/uploads\/cropped-Nouveau-LA-TOUSSUIRE_Logo_Plan-de-travail-1-02.png","contentUrl":"https:\/\/la-toussuire.com\/wp-content\/uploads\/cropped-Nouveau-LA-TOUSSUIRE_Logo_Plan-de-travail-1-02.png","width":591,"height":591,"caption":"La Toussuire"},"image":{"@id":"https:\/\/la-toussuire.com\/nl\/#\/schema\/logo\/image\/"}}]}},"_links":{"self":[{"href":"https:\/\/la-toussuire.com\/nl\/wp-json\/wp\/v2\/pages\/11525","targetHints":{"allow":["GET"]}}],"collection":[{"href":"https:\/\/la-toussuire.com\/nl\/wp-json\/wp\/v2\/pages"}],"about":[{"href":"https:\/\/la-toussuire.com\/nl\/wp-json\/wp\/v2\/types\/page"}],"author":[{"embeddable":true,"href":"https:\/\/la-toussuire.com\/nl\/wp-json\/wp\/v2\/users\/2"}],"replies":[{"embeddable":true,"href":"https:\/\/la-toussuire.com\/nl\/wp-json\/wp\/v2\/comments?post=11525"}],"version-history":[{"count":5,"href":"https:\/\/la-toussuire.com\/nl\/wp-json\/wp\/v2\/pages\/11525\/revisions"}],"predecessor-version":[{"id":11534,"href":"https:\/\/la-toussuire.com\/nl\/wp-json\/wp\/v2\/pages\/11525\/revisions\/11534"}],"up":[{"embeddable":true,"href":"https:\/\/la-toussuire.com\/nl\/wp-json\/wp\/v2\/pages\/16901"}],"wp:featuredmedia":[{"embeddable":true,"href":"https:\/\/la-toussuire.com\/nl\/wp-json\/wp\/v2\/media\/7869"}],"wp:attachment":[{"href":"https:\/\/la-toussuire.com\/nl\/wp-json\/wp\/v2\/media?parent=11525"}],"curies":[{"name":"wp","href":"https:\/\/api.w.org\/{rel}","templated":true}]}}