{"id":11519,"date":"2023-01-05T11:13:57","date_gmt":"2023-01-05T10:13:57","guid":{"rendered":"https:\/\/la-toussuire.com\/transport-taxis\/"},"modified":"2023-01-05T11:13:57","modified_gmt":"2023-01-05T10:13:57","slug":"transport-taxis","status":"publish","type":"page","link":"https:\/\/la-toussuire.com\/nl\/uw-verblijf\/vind-onze-winkels-en-diensten\/transportmiddeken\/transport-taxis\/","title":{"rendered":"Transport \u2013 Taxi&#8217;s"},"content":{"rendered":"<div class=\"block block-core-heading\">\n<h2 class=\"wp-block-heading\">Voor een gepersonaliseerde reis <\/h2>\n<\/div><div class=\"block block-core-paragraph\">\n<p>Een <strong>chauffeur<\/strong>, een <strong>auto<\/strong> aangepast aan uw noden, het <strong>traject<\/strong> dat u nodig hebt\u2026 Doe beroep op onze <strong>taxi&#8217;s<\/strong>, <em>ze zijn verheugd u te mogen vervoeren!<\/em><\/p>\n<\/div><div class=\"block block-lba-apidae-selection\"><!--BEGIN ITEMS APIDAE -->\r\n    <div class=\"selection-mode-selector\" data-selection=\"119923\">\r\n        <ul>\r\n            <li><a href=\"#selection-grid\" class=\"active\">Grid view<\/a><\/li>\r\n            <li><a href=\"#selection-map\">Map view<\/a><\/li>\r\n        <\/ul>\r\n    <\/div>\r\n    <div id=\"selection-grid\" style=\"display: block;\">\r\n\r\n        <!--BEGIN FILTER -->\r\n                <!--BEGIN FILTER -->\r\n\r\n        <div id=\"selection-grid\" class=\"selection-mode-default\">\r\n                            <div class=\"card 0-3pieces\">\r\n                    <div class=\"row\">\r\n                        <div class=\"col-md-3\">\r\n                                                            <div class=\"pictos\">\r\n                                    <span class=\"label-animaux_acceptes\" title=\"Animaux accept\u00e9s\">Animaux accept\u00e9s<\/span>                                <\/div>\r\n                                                        <img decoding=\"async\" src=\"https:\/\/static.apidae-tourisme.com\/filestore\/objets-touristiques\/images\/46\/209\/36163886-diaporama.png\" class=\"w-100\" alt=\"Image 79374905_101873451318301_1980059749718163456_n\">\r\n                        <\/div>\r\n                        <div class=\"col-md-9\">\r\n                            <div class=\"card-block px-1\">\r\n                                <h2 class=\"card-title\">\r\n                                    <a href=\"https:\/\/la-toussuire.com\/nl\/details\/alex-go-5442746-Fr\/\">Alex Go<\/a>\r\n                                <\/h2>\r\n                                <p class=\"classement\"><\/p>\r\n                                <p class=\"card-text\">Alex Go, un service de transport sur mesure pour tous vos trajets personnalis\u00e9s.\r\nUne capacit\u00e9 jusqu&#8217;\u00e0 16 personnes<\/p>\r\n                                <p class=\"labels\"><\/p>\r\n                            <\/div>\r\n                            <a href=\"https:\/\/la-toussuire.com\/nl\/details\/alex-go-5442746-Fr\/\" class=\"btn\">Meer zien<\/a>\r\n                        <\/div>\r\n                    <\/div>\r\n                <\/div>\r\n                            <div class=\"card 0-3pieces\">\r\n                    <div class=\"row\">\r\n                        <div class=\"col-md-3\">\r\n                                                        <img decoding=\"async\" src=\"https:\/\/static.apidae-tourisme.com\/filestore\/objets-touristiques\/images\/94\/202\/36162142-diaporama.jpg\" class=\"w-100\" alt=\"Image La Toussuire - Shooting Bowling - Luge - Fondue 6- web\">\r\n                        <\/div>\r\n                        <div class=\"col-md-9\">\r\n                            <div class=\"card-block px-1\">\r\n                                <h2 class=\"card-title\">\r\n                                    <a href=\"https:\/\/la-toussuire.com\/nl\/details\/pascal-vtc-7485445-Fr\/\">Pascal VTC<\/a>\r\n                                <\/h2>\r\n                                <p class=\"classement\"><\/p>\r\n                                <p class=\"card-text\">Pascal VTC, votre partenaire de confiance pour les services VTC. Nous nous engageons \u00e0 fournir un service de transport de qualit\u00e9, fiable et rapide pour r\u00e9pondre \u00e0 tous vos besoins de d\u00e9placement. V\u00e9hicule haut de gamme 4 motions. 4 passagers maximum.<\/p>\r\n                                <p class=\"labels\"><\/p>\r\n                            <\/div>\r\n                            <a href=\"https:\/\/la-toussuire.com\/nl\/details\/pascal-vtc-7485445-Fr\/\" class=\"btn\">Meer zien<\/a>\r\n                        <\/div>\r\n                    <\/div>\r\n                <\/div>\r\n                            <div class=\"card 0-3pieces\">\r\n                    <div class=\"row\">\r\n                        <div class=\"col-md-3\">\r\n                                                        <img decoding=\"async\" src=\"https:\/\/static.apidae-tourisme.com\/filestore\/objets-touristiques\/images\/177\/208\/36163761-diaporama.png\" class=\"w-100\" alt=\"Image V\u00e9hicules de 4 \u00e0 8 personns\">\r\n                        <\/div>\r\n                        <div class=\"col-md-9\">\r\n                            <div class=\"card-block px-1\">\r\n                                <h2 class=\"card-title\">\r\n                                    <a href=\"https:\/\/la-toussuire.com\/nl\/details\/taxis-roux-julien-et-amelie-401841-Fr\/\">Taxis Roux Julien et Am\u00e9lie<\/a>\r\n                                <\/h2>\r\n                                <p class=\"classement\"><\/p>\r\n                                <p class=\"card-text\">Les Taxis Roux mettent \u00e0 votre disposition des v\u00e9hicules spacieux jusqu&#8217;\u00e0 8 places et proposent des d\u00e9placements sur mesure, toute distance.<\/p>\r\n                                <p class=\"labels\"><\/p>\r\n                            <\/div>\r\n                            <a href=\"https:\/\/la-toussuire.com\/nl\/details\/taxis-roux-julien-et-amelie-401841-Fr\/\" class=\"btn\">Meer zien<\/a>\r\n                        <\/div>\r\n                    <\/div>\r\n                <\/div>\r\n                    <\/div>\r\n    <\/div>\r\n    <div id=\"selection-map\" class=\"selection-mode-map\" style=\"display: none;\">\r\n        <div class=\"map\" id=\"MapContainerListe\"><\/div>\r\n    <\/div>\r\n<!--END ITEMS APIDAE -->\r\n\r\n<!--BEGIN PAGINATOR -->\r\n<!--BEGIN PAGINATOR --><\/div>","protected":false},"excerpt":{"rendered":"<p>Voor een gepersonaliseerde reis Een chauffeur, een auto aangepast aan uw noden, het traject dat u nodig hebt\u2026 Doe beroep op onze taxi&#8217;s, ze zijn verheugd u te mogen vervoeren!<\/p>\n","protected":false},"author":2,"featured_media":7857,"parent":11559,"menu_order":1,"comment_status":"closed","ping_status":"closed","template":"page-template.php","meta":{"_acf_changed":false,"footnotes":""},"class_list":["post-11519","page","type-page","status-publish","has-post-thumbnail","hentry"],"acf":[],"yoast_head":"<!-- This site is optimized with the Yoast SEO plugin v27.1.1 - https:\/\/yoast.com\/product\/yoast-seo-wordpress\/ -->\n<title>Transport \u2013 Taxi&#039;s - La Toussuire<\/title>\n<meta name=\"description\" content=\"De taxi&#039;s, gepersonaliseerd transport, \u00fcber, VTC, groepstransport, traject treinstation, naar luchthaven, terugkeer naar station\" \/>\n<meta name=\"robots\" content=\"index, follow, max-snippet:-1, max-image-preview:large, max-video-preview:-1\" \/>\n<link rel=\"canonical\" href=\"https:\/\/la-toussuire.com\/nl\/uw-verblijf\/vind-onze-winkels-en-diensten\/transportmiddeken\/transport-taxis\/\" \/>\n<meta property=\"og:locale\" content=\"nl_NL\" \/>\n<meta property=\"og:type\" content=\"article\" \/>\n<meta property=\"og:title\" content=\"Transport \u2013 Taxi&#039;s - La Toussuire\" \/>\n<meta property=\"og:description\" content=\"De taxi&#039;s, gepersonaliseerd transport, \u00fcber, VTC, groepstransport, traject treinstation, naar luchthaven, terugkeer naar station\" \/>\n<meta property=\"og:url\" content=\"https:\/\/la-toussuire.com\/nl\/uw-verblijf\/vind-onze-winkels-en-diensten\/transportmiddeken\/transport-taxis\/\" \/>\n<meta property=\"og:site_name\" content=\"La Toussuire\" \/>\n<meta property=\"og:image\" content=\"https:\/\/la-toussuire.com\/wp-content\/uploads\/OTToussuire_Transport_Taxi_Presentation\u00a9FotisFotopoulos@La_Toussuire.jpg\" \/>\n\t<meta property=\"og:image:width\" content=\"960\" \/>\n\t<meta property=\"og:image:height\" content=\"960\" \/>\n\t<meta property=\"og:image:type\" content=\"image\/jpeg\" \/>\n<meta name=\"twitter:card\" content=\"summary_large_image\" \/>\n<script type=\"application\/ld+json\" class=\"yoast-schema-graph\">{\"@context\":\"https:\/\/schema.org\",\"@graph\":[{\"@type\":\"WebPage\",\"@id\":\"https:\/\/la-toussuire.com\/nl\/uw-verblijf\/vind-onze-winkels-en-diensten\/transportmiddeken\/transport-taxis\/\",\"url\":\"https:\/\/la-toussuire.com\/nl\/uw-verblijf\/vind-onze-winkels-en-diensten\/transportmiddeken\/transport-taxis\/\",\"name\":\"Transport \u2013 Taxi's - La Toussuire\",\"isPartOf\":{\"@id\":\"https:\/\/la-toussuire.com\/nl\/#website\"},\"primaryImageOfPage\":{\"@id\":\"https:\/\/la-toussuire.com\/nl\/uw-verblijf\/vind-onze-winkels-en-diensten\/transportmiddeken\/transport-taxis\/#primaryimage\"},\"image\":{\"@id\":\"https:\/\/la-toussuire.com\/nl\/uw-verblijf\/vind-onze-winkels-en-diensten\/transportmiddeken\/transport-taxis\/#primaryimage\"},\"thumbnailUrl\":\"https:\/\/la-toussuire.com\/wp-content\/uploads\/OTToussuire_Transport_Taxi_Presentation\u00a9FotisFotopoulos@La_Toussuire.jpg\",\"datePublished\":\"2023-01-05T10:13:57+00:00\",\"description\":\"De taxi's, gepersonaliseerd transport, \u00fcber, VTC, groepstransport, traject treinstation, naar luchthaven, terugkeer naar station\",\"breadcrumb\":{\"@id\":\"https:\/\/la-toussuire.com\/nl\/uw-verblijf\/vind-onze-winkels-en-diensten\/transportmiddeken\/transport-taxis\/#breadcrumb\"},\"inLanguage\":\"nl-NL\",\"potentialAction\":[{\"@type\":\"ReadAction\",\"target\":[\"https:\/\/la-toussuire.com\/nl\/uw-verblijf\/vind-onze-winkels-en-diensten\/transportmiddeken\/transport-taxis\/\"]}]},{\"@type\":\"ImageObject\",\"inLanguage\":\"nl-NL\",\"@id\":\"https:\/\/la-toussuire.com\/nl\/uw-verblijf\/vind-onze-winkels-en-diensten\/transportmiddeken\/transport-taxis\/#primaryimage\",\"url\":\"https:\/\/la-toussuire.com\/wp-content\/uploads\/OTToussuire_Transport_Taxi_Presentation\u00a9FotisFotopoulos@La_Toussuire.jpg\",\"contentUrl\":\"https:\/\/la-toussuire.com\/wp-content\/uploads\/OTToussuire_Transport_Taxi_Presentation\u00a9FotisFotopoulos@La_Toussuire.jpg\",\"width\":960,\"height\":960,\"caption\":\"Transport Taxi\"},{\"@type\":\"BreadcrumbList\",\"@id\":\"https:\/\/la-toussuire.com\/nl\/uw-verblijf\/vind-onze-winkels-en-diensten\/transportmiddeken\/transport-taxis\/#breadcrumb\",\"itemListElement\":[{\"@type\":\"ListItem\",\"position\":1,\"name\":\"Accueil\",\"item\":\"https:\/\/la-toussuire.com\/nl\/\"},{\"@type\":\"ListItem\",\"position\":2,\"name\":\"Transport \u2013 Taxi&#8217;s\"}]},{\"@type\":\"WebSite\",\"@id\":\"https:\/\/la-toussuire.com\/nl\/#website\",\"url\":\"https:\/\/la-toussuire.com\/nl\/\",\"name\":\"La Toussuire\",\"description\":\"\",\"publisher\":{\"@id\":\"https:\/\/la-toussuire.com\/nl\/#organization\"},\"potentialAction\":[{\"@type\":\"SearchAction\",\"target\":{\"@type\":\"EntryPoint\",\"urlTemplate\":\"https:\/\/la-toussuire.com\/nl\/?s={search_term_string}\"},\"query-input\":{\"@type\":\"PropertyValueSpecification\",\"valueRequired\":true,\"valueName\":\"search_term_string\"}}],\"inLanguage\":\"nl-NL\"},{\"@type\":\"Organization\",\"@id\":\"https:\/\/la-toussuire.com\/nl\/#organization\",\"name\":\"La Toussuire\",\"url\":\"https:\/\/la-toussuire.com\/nl\/\",\"logo\":{\"@type\":\"ImageObject\",\"inLanguage\":\"nl-NL\",\"@id\":\"https:\/\/la-toussuire.com\/nl\/#\/schema\/logo\/image\/\",\"url\":\"https:\/\/la-toussuire.com\/wp-content\/uploads\/cropped-Nouveau-LA-TOUSSUIRE_Logo_Plan-de-travail-1-02.png\",\"contentUrl\":\"https:\/\/la-toussuire.com\/wp-content\/uploads\/cropped-Nouveau-LA-TOUSSUIRE_Logo_Plan-de-travail-1-02.png\",\"width\":591,\"height\":591,\"caption\":\"La Toussuire\"},\"image\":{\"@id\":\"https:\/\/la-toussuire.com\/nl\/#\/schema\/logo\/image\/\"}}]}<\/script>\n<!-- \/ Yoast SEO plugin. -->","yoast_head_json":{"title":"Transport \u2013 Taxi's - La Toussuire","description":"De taxi's, gepersonaliseerd transport, \u00fcber, VTC, groepstransport, traject treinstation, naar luchthaven, terugkeer naar station","robots":{"index":"index","follow":"follow","max-snippet":"max-snippet:-1","max-image-preview":"max-image-preview:large","max-video-preview":"max-video-preview:-1"},"canonical":"https:\/\/la-toussuire.com\/nl\/uw-verblijf\/vind-onze-winkels-en-diensten\/transportmiddeken\/transport-taxis\/","og_locale":"nl_NL","og_type":"article","og_title":"Transport \u2013 Taxi's - La Toussuire","og_description":"De taxi's, gepersonaliseerd transport, \u00fcber, VTC, groepstransport, traject treinstation, naar luchthaven, terugkeer naar station","og_url":"https:\/\/la-toussuire.com\/nl\/uw-verblijf\/vind-onze-winkels-en-diensten\/transportmiddeken\/transport-taxis\/","og_site_name":"La Toussuire","og_image":[{"width":960,"height":960,"url":"https:\/\/la-toussuire.com\/wp-content\/uploads\/OTToussuire_Transport_Taxi_Presentation\u00a9FotisFotopoulos@La_Toussuire.jpg","type":"image\/jpeg"}],"twitter_card":"summary_large_image","schema":{"@context":"https:\/\/schema.org","@graph":[{"@type":"WebPage","@id":"https:\/\/la-toussuire.com\/nl\/uw-verblijf\/vind-onze-winkels-en-diensten\/transportmiddeken\/transport-taxis\/","url":"https:\/\/la-toussuire.com\/nl\/uw-verblijf\/vind-onze-winkels-en-diensten\/transportmiddeken\/transport-taxis\/","name":"Transport \u2013 Taxi's - La Toussuire","isPartOf":{"@id":"https:\/\/la-toussuire.com\/nl\/#website"},"primaryImageOfPage":{"@id":"https:\/\/la-toussuire.com\/nl\/uw-verblijf\/vind-onze-winkels-en-diensten\/transportmiddeken\/transport-taxis\/#primaryimage"},"image":{"@id":"https:\/\/la-toussuire.com\/nl\/uw-verblijf\/vind-onze-winkels-en-diensten\/transportmiddeken\/transport-taxis\/#primaryimage"},"thumbnailUrl":"https:\/\/la-toussuire.com\/wp-content\/uploads\/OTToussuire_Transport_Taxi_Presentation\u00a9FotisFotopoulos@La_Toussuire.jpg","datePublished":"2023-01-05T10:13:57+00:00","description":"De taxi's, gepersonaliseerd transport, \u00fcber, VTC, groepstransport, traject treinstation, naar luchthaven, terugkeer naar station","breadcrumb":{"@id":"https:\/\/la-toussuire.com\/nl\/uw-verblijf\/vind-onze-winkels-en-diensten\/transportmiddeken\/transport-taxis\/#breadcrumb"},"inLanguage":"nl-NL","potentialAction":[{"@type":"ReadAction","target":["https:\/\/la-toussuire.com\/nl\/uw-verblijf\/vind-onze-winkels-en-diensten\/transportmiddeken\/transport-taxis\/"]}]},{"@type":"ImageObject","inLanguage":"nl-NL","@id":"https:\/\/la-toussuire.com\/nl\/uw-verblijf\/vind-onze-winkels-en-diensten\/transportmiddeken\/transport-taxis\/#primaryimage","url":"https:\/\/la-toussuire.com\/wp-content\/uploads\/OTToussuire_Transport_Taxi_Presentation\u00a9FotisFotopoulos@La_Toussuire.jpg","contentUrl":"https:\/\/la-toussuire.com\/wp-content\/uploads\/OTToussuire_Transport_Taxi_Presentation\u00a9FotisFotopoulos@La_Toussuire.jpg","width":960,"height":960,"caption":"Transport Taxi"},{"@type":"BreadcrumbList","@id":"https:\/\/la-toussuire.com\/nl\/uw-verblijf\/vind-onze-winkels-en-diensten\/transportmiddeken\/transport-taxis\/#breadcrumb","itemListElement":[{"@type":"ListItem","position":1,"name":"Accueil","item":"https:\/\/la-toussuire.com\/nl\/"},{"@type":"ListItem","position":2,"name":"Transport \u2013 Taxi&#8217;s"}]},{"@type":"WebSite","@id":"https:\/\/la-toussuire.com\/nl\/#website","url":"https:\/\/la-toussuire.com\/nl\/","name":"La Toussuire","description":"","publisher":{"@id":"https:\/\/la-toussuire.com\/nl\/#organization"},"potentialAction":[{"@type":"SearchAction","target":{"@type":"EntryPoint","urlTemplate":"https:\/\/la-toussuire.com\/nl\/?s={search_term_string}"},"query-input":{"@type":"PropertyValueSpecification","valueRequired":true,"valueName":"search_term_string"}}],"inLanguage":"nl-NL"},{"@type":"Organization","@id":"https:\/\/la-toussuire.com\/nl\/#organization","name":"La Toussuire","url":"https:\/\/la-toussuire.com\/nl\/","logo":{"@type":"ImageObject","inLanguage":"nl-NL","@id":"https:\/\/la-toussuire.com\/nl\/#\/schema\/logo\/image\/","url":"https:\/\/la-toussuire.com\/wp-content\/uploads\/cropped-Nouveau-LA-TOUSSUIRE_Logo_Plan-de-travail-1-02.png","contentUrl":"https:\/\/la-toussuire.com\/wp-content\/uploads\/cropped-Nouveau-LA-TOUSSUIRE_Logo_Plan-de-travail-1-02.png","width":591,"height":591,"caption":"La Toussuire"},"image":{"@id":"https:\/\/la-toussuire.com\/nl\/#\/schema\/logo\/image\/"}}]}},"_links":{"self":[{"href":"https:\/\/la-toussuire.com\/nl\/wp-json\/wp\/v2\/pages\/11519","targetHints":{"allow":["GET"]}}],"collection":[{"href":"https:\/\/la-toussuire.com\/nl\/wp-json\/wp\/v2\/pages"}],"about":[{"href":"https:\/\/la-toussuire.com\/nl\/wp-json\/wp\/v2\/types\/page"}],"author":[{"embeddable":true,"href":"https:\/\/la-toussuire.com\/nl\/wp-json\/wp\/v2\/users\/2"}],"replies":[{"embeddable":true,"href":"https:\/\/la-toussuire.com\/nl\/wp-json\/wp\/v2\/comments?post=11519"}],"version-history":[{"count":1,"href":"https:\/\/la-toussuire.com\/nl\/wp-json\/wp\/v2\/pages\/11519\/revisions"}],"predecessor-version":[{"id":11520,"href":"https:\/\/la-toussuire.com\/nl\/wp-json\/wp\/v2\/pages\/11519\/revisions\/11520"}],"up":[{"embeddable":true,"href":"https:\/\/la-toussuire.com\/nl\/wp-json\/wp\/v2\/pages\/11559"}],"wp:featuredmedia":[{"embeddable":true,"href":"https:\/\/la-toussuire.com\/nl\/wp-json\/wp\/v2\/media\/7857"}],"wp:attachment":[{"href":"https:\/\/la-toussuire.com\/nl\/wp-json\/wp\/v2\/media?parent=11519"}],"curies":[{"name":"wp","href":"https:\/\/api.w.org\/{rel}","templated":true}]}}