{"id":11508,"date":"2023-01-04T15:29:11","date_gmt":"2023-01-04T14:29:11","guid":{"rendered":"https:\/\/la-toussuire.com\/uw-verblijf\/ontdek-onze-accommodaties\/de-diensten-met-sleutelbedrijf\/"},"modified":"2024-05-22T14:26:03","modified_gmt":"2024-05-22T12:26:03","slug":"de-diensten-met-sleutelbedrijf","status":"publish","type":"page","link":"https:\/\/la-toussuire.com\/nl\/uw-verblijf\/ontdek-onze-accommodaties\/de-diensten-met-sleutelbedrijf\/","title":{"rendered":"De diensten met sleutelbedrijf"},"content":{"rendered":"<div class=\"block block-core-heading\">\n<h2 class=\"wp-block-heading\">Een dienst die u zou kunnen bekoren\u2026<\/h2>\n<\/div>\n\n<div class=\"block block-core-paragraph\">\n<p>De sleutelbedrijven van La Toussuire bieden <strong>een dienst \u00e0 la carte<\/strong> aan om uw goed op de wintersportplaats te beheren. <strong>Overdracht van sleutels<\/strong>, <strong>poets<\/strong> of <strong>staat van bevinding<\/strong>, ze verzekeren niet de verhuur zelf, in tegenstelling tot <a href=\"https:\/\/la-toussuire.com\/nl\/uw-verblijf\/ontdek-onze-accommodaties\/makelaarskantoren\/\">immokantoren.<\/a> <\/p>\n<\/div>\n\n<div class=\"block block-lba-apidae-selection\"><!--BEGIN ITEMS APIDAE -->\r\n    <div class=\"selection-mode-selector\" data-selection=\"120755\">\r\n        <ul>\r\n            <li><a href=\"#selection-grid\" class=\"active\">Grid view<\/a><\/li>\r\n            <li><a href=\"#selection-map\">Map view<\/a><\/li>\r\n        <\/ul>\r\n    <\/div>\r\n    <div id=\"selection-grid\" style=\"display: block;\">\r\n\r\n        <!--BEGIN FILTER -->\r\n                <!--BEGIN FILTER -->\r\n\r\n        <div id=\"selection-grid\" class=\"selection-mode-default\">\r\n                            <div class=\"card 0-3pieces\">\r\n                    <div class=\"row\">\r\n                        <div class=\"col-md-3\">\r\n                                                        <img decoding=\"async\" src=\"https:\/\/static.apidae-tourisme.com\/filestore\/objets-touristiques\/images\/159\/251\/31521695-diaporama.jpg\" class=\"w-100\" alt=\"Image montagne event\">\r\n                        <\/div>\r\n                        <div class=\"col-md-9\">\r\n                            <div class=\"card-block px-1\">\r\n                                <h2 class=\"card-title\">\r\n                                    <a href=\"https:\/\/la-toussuire.com\/nl\/details\/montagne-event-7185606-Nl\/\">Montagne Event<\/a>\r\n                                <\/h2>\r\n                                <p class=\"classement\"><\/p>\r\n                                <p class=\"card-text\">Montagne Event is gespecialiseerd in het organiseren van vakanties op maat in Les Sybelles.<\/p>\r\n                                <p class=\"labels\"><\/p>\r\n                            <\/div>\r\n                            <a href=\"https:\/\/la-toussuire.com\/nl\/details\/montagne-event-7185606-Nl\/\" class=\"btn\">Meer zien<\/a>\r\n                        <\/div>\r\n                    <\/div>\r\n                <\/div>\r\n                            <div class=\"card 0-3pieces\">\r\n                    <div class=\"row\">\r\n                        <div class=\"col-md-3\">\r\n                                                            <div class=\"pictos\">\r\n                                    <span class=\"label-cheque_vacances\" title=\"Vakantiecheques\">Vakantiecheques<\/span>                                <\/div>\r\n                                                        <img decoding=\"async\" src=\"https:\/\/static.apidae-tourisme.com\/filestore\/objets-touristiques\/images\/70\/114\/34239046-diaporama.png\" class=\"w-100\" alt=\"Image Photo ok APIDAE (88)\">\r\n                        <\/div>\r\n                        <div class=\"col-md-9\">\r\n                            <div class=\"card-block px-1\">\r\n                                <h2 class=\"card-title\">\r\n                                    <a href=\"https:\/\/la-toussuire.com\/nl\/details\/mountain-collection-la-toussuire-7515961-Nl\/\">Mountain Collection &#8211; La Toussuire<\/a>\r\n                                <\/h2>\r\n                                <p class=\"classement\"><\/p>\r\n                                <p class=\"card-text\">De vakantiewoningen specialist.<\/p>\r\n                                <p class=\"labels\"><\/p>\r\n                            <\/div>\r\n                            <a href=\"https:\/\/la-toussuire.com\/nl\/details\/mountain-collection-la-toussuire-7515961-Nl\/\" class=\"btn\">Meer zien<\/a>\r\n                        <\/div>\r\n                    <\/div>\r\n                <\/div>\r\n                            <div class=\"card 0-3pieces\">\r\n                    <div class=\"row\">\r\n                        <div class=\"col-md-3\">\r\n                                                        <img decoding=\"async\" src=\"https:\/\/static.apidae-tourisme.com\/filestore\/objets-touristiques\/images\/123\/247\/23656315-diaporama.png\" class=\"w-100\" alt=\"Image 601afec709881cf2ea43\">\r\n                        <\/div>\r\n                        <div class=\"col-md-9\">\r\n                            <div class=\"card-block px-1\">\r\n                                <h2 class=\"card-title\">\r\n                                    <a href=\"https:\/\/la-toussuire.com\/nl\/details\/conciergerie-alpes-6967732-Nl\/\">Conciergerie Alpes +<\/a>\r\n                                <\/h2>\r\n                                <p class=\"classement\"><\/p>\r\n                                <p class=\"card-text\">Conciergerie, services pour tous les vacanciers :  Location  linge de lits et de maison. Location  mat\u00e9riel de pu\u00e9riculture. Aide \u00e0 la r\u00e9servation de prestations : taxis, restaurants, cours de ski.  Prestations pour les propri\u00e9taires de la station.<\/p>\r\n                                <p class=\"labels\"><\/p>\r\n                            <\/div>\r\n                            <a href=\"https:\/\/la-toussuire.com\/nl\/details\/conciergerie-alpes-6967732-Nl\/\" class=\"btn\">Meer zien<\/a>\r\n                        <\/div>\r\n                    <\/div>\r\n                <\/div>\r\n                            <div class=\"card 0-3pieces\">\r\n                    <div class=\"row\">\r\n                        <div class=\"col-md-3\">\r\n                                                        <img decoding=\"async\" src=\"https:\/\/static.apidae-tourisme.com\/filestore\/objets-touristiques\/images\/205\/40\/34875597-diaporama.jpg\" class=\"w-100\" alt=\"Image fond\">\r\n                        <\/div>\r\n                        <div class=\"col-md-9\">\r\n                            <div class=\"card-block px-1\">\r\n                                <h2 class=\"card-title\">\r\n                                    <a href=\"https:\/\/la-toussuire.com\/nl\/details\/toussuire-vastgoeddiensten-373297-Nl\/\">Toussuire vastgoeddiensten<\/a>\r\n                                <\/h2>\r\n                                <p class=\"classement\"><\/p>\r\n                                <p class=\"card-text\">Toussuire Immobilier Services, priv\u00e9concierge, is een bedrijf voor vastgoedbeheer.\r\nU kunt er voor meerdere diensten terecht.<\/p>\r\n                                <p class=\"labels\"><\/p>\r\n                            <\/div>\r\n                            <a href=\"https:\/\/la-toussuire.com\/nl\/details\/toussuire-vastgoeddiensten-373297-Nl\/\" class=\"btn\">Meer zien<\/a>\r\n                        <\/div>\r\n                    <\/div>\r\n                <\/div>\r\n                    <\/div>\r\n    <\/div>\r\n    <div id=\"selection-map\" class=\"selection-mode-map\" style=\"display: none;\">\r\n        <div class=\"map\" id=\"MapContainerListe\"><\/div>\r\n    <\/div>\r\n<!--END ITEMS APIDAE -->\r\n\r\n<!--BEGIN PAGINATOR -->\r\n<!--BEGIN PAGINATOR --><\/div>\n\n<div class=\"block block-core-paragraph\">\n<p><\/p>\n<\/div>","protected":false},"excerpt":{"rendered":"<p>Een dienst die u zou kunnen bekoren\u2026 De sleutelbedrijven van La Toussuire bieden een dienst \u00e0 la carte aan om uw goed op de wintersportplaats te beheren. Overdracht van sleutels, poets of staat van bevinding, ze verzekeren niet de verhuur zelf, in tegenstelling tot immokantoren.<\/p>\n","protected":false},"author":2,"featured_media":7919,"parent":5850,"menu_order":9,"comment_status":"closed","ping_status":"closed","template":"page-template.php","meta":{"_acf_changed":false,"footnotes":""},"class_list":["post-11508","page","type-page","status-publish","has-post-thumbnail","hentry"],"acf":[],"yoast_head":"<!-- This site is optimized with the Yoast SEO plugin v27.1.1 - https:\/\/yoast.com\/product\/yoast-seo-wordpress\/ -->\n<title>De diensten met sleutelbedrijf - La Toussuire<\/title>\n<meta name=\"description\" content=\"Overdracht van sleutels, poets, staat van bevinding, de sleutelbedrijven verzekeren een immoservice maar zijn geen immokantoren.\" \/>\n<meta name=\"robots\" content=\"index, follow, max-snippet:-1, max-image-preview:large, max-video-preview:-1\" \/>\n<link rel=\"canonical\" href=\"https:\/\/la-toussuire.com\/nl\/uw-verblijf\/ontdek-onze-accommodaties\/de-diensten-met-sleutelbedrijf\/\" \/>\n<meta property=\"og:locale\" content=\"nl_NL\" \/>\n<meta property=\"og:type\" content=\"article\" \/>\n<meta property=\"og:title\" content=\"De diensten met sleutelbedrijf - La Toussuire\" \/>\n<meta property=\"og:description\" content=\"Overdracht van sleutels, poets, staat van bevinding, de sleutelbedrijven verzekeren een immoservice maar zijn geen immokantoren.\" \/>\n<meta property=\"og:url\" content=\"https:\/\/la-toussuire.com\/nl\/uw-verblijf\/ontdek-onze-accommodaties\/de-diensten-met-sleutelbedrijf\/\" \/>\n<meta property=\"og:site_name\" content=\"La Toussuire\" \/>\n<meta property=\"article:modified_time\" content=\"2024-05-22T12:26:03+00:00\" \/>\n<meta property=\"og:image\" content=\"https:\/\/la-toussuire.com\/wp-content\/uploads\/OTToussuire_Hebergement_Service_de_Conciergerie_Presentation\u00a9ClicClac@La_Toussuire.jpg\" \/>\n\t<meta property=\"og:image:width\" content=\"960\" \/>\n\t<meta property=\"og:image:height\" content=\"640\" \/>\n\t<meta property=\"og:image:type\" content=\"image\/jpeg\" \/>\n<meta name=\"twitter:card\" content=\"summary_large_image\" \/>\n<meta name=\"twitter:label1\" content=\"Geschatte leestijd\" \/>\n\t<meta name=\"twitter:data1\" content=\"1 minuut\" \/>\n<script type=\"application\/ld+json\" class=\"yoast-schema-graph\">{\"@context\":\"https:\/\/schema.org\",\"@graph\":[{\"@type\":\"WebPage\",\"@id\":\"https:\/\/la-toussuire.com\/nl\/uw-verblijf\/ontdek-onze-accommodaties\/de-diensten-met-sleutelbedrijf\/\",\"url\":\"https:\/\/la-toussuire.com\/nl\/uw-verblijf\/ontdek-onze-accommodaties\/de-diensten-met-sleutelbedrijf\/\",\"name\":\"De diensten met sleutelbedrijf - La Toussuire\",\"isPartOf\":{\"@id\":\"https:\/\/la-toussuire.com\/nl\/#website\"},\"primaryImageOfPage\":{\"@id\":\"https:\/\/la-toussuire.com\/nl\/uw-verblijf\/ontdek-onze-accommodaties\/de-diensten-met-sleutelbedrijf\/#primaryimage\"},\"image\":{\"@id\":\"https:\/\/la-toussuire.com\/nl\/uw-verblijf\/ontdek-onze-accommodaties\/de-diensten-met-sleutelbedrijf\/#primaryimage\"},\"thumbnailUrl\":\"https:\/\/la-toussuire.com\/wp-content\/uploads\/OTToussuire_Hebergement_Service_de_Conciergerie_Presentation\u00a9ClicClac@La_Toussuire.jpg\",\"datePublished\":\"2023-01-04T14:29:11+00:00\",\"dateModified\":\"2024-05-22T12:26:03+00:00\",\"description\":\"Overdracht van sleutels, poets, staat van bevinding, de sleutelbedrijven verzekeren een immoservice maar zijn geen immokantoren.\",\"breadcrumb\":{\"@id\":\"https:\/\/la-toussuire.com\/nl\/uw-verblijf\/ontdek-onze-accommodaties\/de-diensten-met-sleutelbedrijf\/#breadcrumb\"},\"inLanguage\":\"nl-NL\",\"potentialAction\":[{\"@type\":\"ReadAction\",\"target\":[\"https:\/\/la-toussuire.com\/nl\/uw-verblijf\/ontdek-onze-accommodaties\/de-diensten-met-sleutelbedrijf\/\"]}]},{\"@type\":\"ImageObject\",\"inLanguage\":\"nl-NL\",\"@id\":\"https:\/\/la-toussuire.com\/nl\/uw-verblijf\/ontdek-onze-accommodaties\/de-diensten-met-sleutelbedrijf\/#primaryimage\",\"url\":\"https:\/\/la-toussuire.com\/wp-content\/uploads\/OTToussuire_Hebergement_Service_de_Conciergerie_Presentation\u00a9ClicClac@La_Toussuire.jpg\",\"contentUrl\":\"https:\/\/la-toussuire.com\/wp-content\/uploads\/OTToussuire_Hebergement_Service_de_Conciergerie_Presentation\u00a9ClicClac@La_Toussuire.jpg\",\"width\":960,\"height\":640,\"caption\":\"Artisanaal hart\"},{\"@type\":\"BreadcrumbList\",\"@id\":\"https:\/\/la-toussuire.com\/nl\/uw-verblijf\/ontdek-onze-accommodaties\/de-diensten-met-sleutelbedrijf\/#breadcrumb\",\"itemListElement\":[{\"@type\":\"ListItem\",\"position\":1,\"name\":\"Accueil\",\"item\":\"https:\/\/la-toussuire.com\/nl\/\"},{\"@type\":\"ListItem\",\"position\":2,\"name\":\"Ik organiseer mijn verblijf\",\"item\":\"https:\/\/la-toussuire.com\/nl\/uw-verblijf\/\"},{\"@type\":\"ListItem\",\"position\":3,\"name\":\"Onze accommodatie\",\"item\":\"https:\/\/la-toussuire.com\/nl\/uw-verblijf\/ontdek-onze-accommodaties\/\"},{\"@type\":\"ListItem\",\"position\":4,\"name\":\"De diensten met sleutelbedrijf\"}]},{\"@type\":\"WebSite\",\"@id\":\"https:\/\/la-toussuire.com\/nl\/#website\",\"url\":\"https:\/\/la-toussuire.com\/nl\/\",\"name\":\"La Toussuire\",\"description\":\"\",\"publisher\":{\"@id\":\"https:\/\/la-toussuire.com\/nl\/#organization\"},\"potentialAction\":[{\"@type\":\"SearchAction\",\"target\":{\"@type\":\"EntryPoint\",\"urlTemplate\":\"https:\/\/la-toussuire.com\/nl\/?s={search_term_string}\"},\"query-input\":{\"@type\":\"PropertyValueSpecification\",\"valueRequired\":true,\"valueName\":\"search_term_string\"}}],\"inLanguage\":\"nl-NL\"},{\"@type\":\"Organization\",\"@id\":\"https:\/\/la-toussuire.com\/nl\/#organization\",\"name\":\"La Toussuire\",\"url\":\"https:\/\/la-toussuire.com\/nl\/\",\"logo\":{\"@type\":\"ImageObject\",\"inLanguage\":\"nl-NL\",\"@id\":\"https:\/\/la-toussuire.com\/nl\/#\/schema\/logo\/image\/\",\"url\":\"https:\/\/la-toussuire.com\/wp-content\/uploads\/cropped-Nouveau-LA-TOUSSUIRE_Logo_Plan-de-travail-1-02.png\",\"contentUrl\":\"https:\/\/la-toussuire.com\/wp-content\/uploads\/cropped-Nouveau-LA-TOUSSUIRE_Logo_Plan-de-travail-1-02.png\",\"width\":591,\"height\":591,\"caption\":\"La Toussuire\"},\"image\":{\"@id\":\"https:\/\/la-toussuire.com\/nl\/#\/schema\/logo\/image\/\"}}]}<\/script>\n<!-- \/ Yoast SEO plugin. -->","yoast_head_json":{"title":"De diensten met sleutelbedrijf - La Toussuire","description":"Overdracht van sleutels, poets, staat van bevinding, de sleutelbedrijven verzekeren een immoservice maar zijn geen immokantoren.","robots":{"index":"index","follow":"follow","max-snippet":"max-snippet:-1","max-image-preview":"max-image-preview:large","max-video-preview":"max-video-preview:-1"},"canonical":"https:\/\/la-toussuire.com\/nl\/uw-verblijf\/ontdek-onze-accommodaties\/de-diensten-met-sleutelbedrijf\/","og_locale":"nl_NL","og_type":"article","og_title":"De diensten met sleutelbedrijf - La Toussuire","og_description":"Overdracht van sleutels, poets, staat van bevinding, de sleutelbedrijven verzekeren een immoservice maar zijn geen immokantoren.","og_url":"https:\/\/la-toussuire.com\/nl\/uw-verblijf\/ontdek-onze-accommodaties\/de-diensten-met-sleutelbedrijf\/","og_site_name":"La Toussuire","article_modified_time":"2024-05-22T12:26:03+00:00","og_image":[{"width":960,"height":640,"url":"https:\/\/la-toussuire.com\/wp-content\/uploads\/OTToussuire_Hebergement_Service_de_Conciergerie_Presentation\u00a9ClicClac@La_Toussuire.jpg","type":"image\/jpeg"}],"twitter_card":"summary_large_image","twitter_misc":{"Geschatte leestijd":"1 minuut"},"schema":{"@context":"https:\/\/schema.org","@graph":[{"@type":"WebPage","@id":"https:\/\/la-toussuire.com\/nl\/uw-verblijf\/ontdek-onze-accommodaties\/de-diensten-met-sleutelbedrijf\/","url":"https:\/\/la-toussuire.com\/nl\/uw-verblijf\/ontdek-onze-accommodaties\/de-diensten-met-sleutelbedrijf\/","name":"De diensten met sleutelbedrijf - La Toussuire","isPartOf":{"@id":"https:\/\/la-toussuire.com\/nl\/#website"},"primaryImageOfPage":{"@id":"https:\/\/la-toussuire.com\/nl\/uw-verblijf\/ontdek-onze-accommodaties\/de-diensten-met-sleutelbedrijf\/#primaryimage"},"image":{"@id":"https:\/\/la-toussuire.com\/nl\/uw-verblijf\/ontdek-onze-accommodaties\/de-diensten-met-sleutelbedrijf\/#primaryimage"},"thumbnailUrl":"https:\/\/la-toussuire.com\/wp-content\/uploads\/OTToussuire_Hebergement_Service_de_Conciergerie_Presentation\u00a9ClicClac@La_Toussuire.jpg","datePublished":"2023-01-04T14:29:11+00:00","dateModified":"2024-05-22T12:26:03+00:00","description":"Overdracht van sleutels, poets, staat van bevinding, de sleutelbedrijven verzekeren een immoservice maar zijn geen immokantoren.","breadcrumb":{"@id":"https:\/\/la-toussuire.com\/nl\/uw-verblijf\/ontdek-onze-accommodaties\/de-diensten-met-sleutelbedrijf\/#breadcrumb"},"inLanguage":"nl-NL","potentialAction":[{"@type":"ReadAction","target":["https:\/\/la-toussuire.com\/nl\/uw-verblijf\/ontdek-onze-accommodaties\/de-diensten-met-sleutelbedrijf\/"]}]},{"@type":"ImageObject","inLanguage":"nl-NL","@id":"https:\/\/la-toussuire.com\/nl\/uw-verblijf\/ontdek-onze-accommodaties\/de-diensten-met-sleutelbedrijf\/#primaryimage","url":"https:\/\/la-toussuire.com\/wp-content\/uploads\/OTToussuire_Hebergement_Service_de_Conciergerie_Presentation\u00a9ClicClac@La_Toussuire.jpg","contentUrl":"https:\/\/la-toussuire.com\/wp-content\/uploads\/OTToussuire_Hebergement_Service_de_Conciergerie_Presentation\u00a9ClicClac@La_Toussuire.jpg","width":960,"height":640,"caption":"Artisanaal hart"},{"@type":"BreadcrumbList","@id":"https:\/\/la-toussuire.com\/nl\/uw-verblijf\/ontdek-onze-accommodaties\/de-diensten-met-sleutelbedrijf\/#breadcrumb","itemListElement":[{"@type":"ListItem","position":1,"name":"Accueil","item":"https:\/\/la-toussuire.com\/nl\/"},{"@type":"ListItem","position":2,"name":"Ik organiseer mijn verblijf","item":"https:\/\/la-toussuire.com\/nl\/uw-verblijf\/"},{"@type":"ListItem","position":3,"name":"Onze accommodatie","item":"https:\/\/la-toussuire.com\/nl\/uw-verblijf\/ontdek-onze-accommodaties\/"},{"@type":"ListItem","position":4,"name":"De diensten met sleutelbedrijf"}]},{"@type":"WebSite","@id":"https:\/\/la-toussuire.com\/nl\/#website","url":"https:\/\/la-toussuire.com\/nl\/","name":"La Toussuire","description":"","publisher":{"@id":"https:\/\/la-toussuire.com\/nl\/#organization"},"potentialAction":[{"@type":"SearchAction","target":{"@type":"EntryPoint","urlTemplate":"https:\/\/la-toussuire.com\/nl\/?s={search_term_string}"},"query-input":{"@type":"PropertyValueSpecification","valueRequired":true,"valueName":"search_term_string"}}],"inLanguage":"nl-NL"},{"@type":"Organization","@id":"https:\/\/la-toussuire.com\/nl\/#organization","name":"La Toussuire","url":"https:\/\/la-toussuire.com\/nl\/","logo":{"@type":"ImageObject","inLanguage":"nl-NL","@id":"https:\/\/la-toussuire.com\/nl\/#\/schema\/logo\/image\/","url":"https:\/\/la-toussuire.com\/wp-content\/uploads\/cropped-Nouveau-LA-TOUSSUIRE_Logo_Plan-de-travail-1-02.png","contentUrl":"https:\/\/la-toussuire.com\/wp-content\/uploads\/cropped-Nouveau-LA-TOUSSUIRE_Logo_Plan-de-travail-1-02.png","width":591,"height":591,"caption":"La Toussuire"},"image":{"@id":"https:\/\/la-toussuire.com\/nl\/#\/schema\/logo\/image\/"}}]}},"_links":{"self":[{"href":"https:\/\/la-toussuire.com\/nl\/wp-json\/wp\/v2\/pages\/11508","targetHints":{"allow":["GET"]}}],"collection":[{"href":"https:\/\/la-toussuire.com\/nl\/wp-json\/wp\/v2\/pages"}],"about":[{"href":"https:\/\/la-toussuire.com\/nl\/wp-json\/wp\/v2\/types\/page"}],"author":[{"embeddable":true,"href":"https:\/\/la-toussuire.com\/nl\/wp-json\/wp\/v2\/users\/2"}],"replies":[{"embeddable":true,"href":"https:\/\/la-toussuire.com\/nl\/wp-json\/wp\/v2\/comments?post=11508"}],"version-history":[{"count":4,"href":"https:\/\/la-toussuire.com\/nl\/wp-json\/wp\/v2\/pages\/11508\/revisions"}],"predecessor-version":[{"id":31177,"href":"https:\/\/la-toussuire.com\/nl\/wp-json\/wp\/v2\/pages\/11508\/revisions\/31177"}],"up":[{"embeddable":true,"href":"https:\/\/la-toussuire.com\/nl\/wp-json\/wp\/v2\/pages\/5850"}],"wp:featuredmedia":[{"embeddable":true,"href":"https:\/\/la-toussuire.com\/nl\/wp-json\/wp\/v2\/media\/7919"}],"wp:attachment":[{"href":"https:\/\/la-toussuire.com\/nl\/wp-json\/wp\/v2\/media?parent=11508"}],"curies":[{"name":"wp","href":"https:\/\/api.w.org\/{rel}","templated":true}]}}