{"id":10948,"date":"2022-09-27T14:50:37","date_gmt":"2022-09-27T12:50:37","guid":{"rendered":"https:\/\/la-toussuire.com\/uw-verblijf\/ontdek-onze-accommodaties\/toeristische-residenties\/"},"modified":"2024-06-10T10:27:30","modified_gmt":"2024-06-10T08:27:30","slug":"toeristische-residenties","status":"publish","type":"page","link":"https:\/\/la-toussuire.com\/nl\/uw-verblijf\/ontdek-onze-accommodaties\/toeristische-residenties\/","title":{"rendered":"Toeristische residenties"},"content":{"rendered":"<div class=\"block block-core-heading\">\n<h2 class=\"wp-block-heading has-text-align-center\">Wat een plezier ! <\/h2>\n<\/div>\n\n<div class=\"block block-core-paragraph\">\n<p class=\"has-text-align-center\">Een verblijf in de bergen met het gezin of met vrienden met alle <strong>comfort<\/strong> dat iedereen nodig heeft en de <strong>vrijheid<\/strong> waar iedereen naar vraagt, het is <strong>ideaal<\/strong> ! De <strong>veiligheid<\/strong> van grote merken, essenti\u00eble <strong>dienstenen<\/strong> <strong>tips<\/strong> van experten, de <strong>campingplekken<\/strong> van eerste keuze, dat <em>is het recept van geslaagde vakanties ! <\/em><\/p>\n<\/div>\n\n<div class=\"block block-lba-apidae-selection\"><!--BEGIN ITEMS APIDAE -->\r\n    <div class=\"selection-mode-selector\" data-selection=\"117403\">\r\n        <ul>\r\n            <li><a href=\"#selection-grid\" class=\"active\">Grid view<\/a><\/li>\r\n            <li><a href=\"#selection-map\">Map view<\/a><\/li>\r\n        <\/ul>\r\n    <\/div>\r\n    <div id=\"selection-grid\" style=\"display: block;\">\r\n\r\n        <!--BEGIN FILTER -->\r\n                    <form class=\"row form-inline isotope\" action=\"\" method=\"GET\">\r\n                                                            <div class=\"col\">\r\n                            <select class=\"form-control w-100\" id=\"classement\" name=\"classement\">\r\n                                <option selected value=\"\">Classificatie<\/option>\r\n                                                                    <option value=\"1ster\"  > 1 ster <\/option>\r\n                                                                    <option value=\"2sterren\"  > 2 sterren <\/option>\r\n                                                                    <option value=\"3sterren\"  > 3 sterren <\/option>\r\n                                                                    <option value=\"4sterren\"  > 4 sterren <\/option>\r\n                                                                    <option value=\"5sterren\"  > 5 sterren <\/option>\r\n                                                            <\/select>\r\n                        <\/div>\r\n                                                                                <div class=\"col\">\r\n                            <select class=\"form-control w-100\" id=\"type\" name=\"type\">\r\n                                <option selected value=\"\">Type h\u00e9bergement<\/option>\r\n                                                                    <option value=\"Appartementen\"  > Appartementen <\/option>\r\n                                                                    <option value=\"Kamers\"  > Kamers <\/option>\r\n                                                                    <option value=\"Eenpersoonsbed\"  > Eenpersoonsbed <\/option>\r\n                                                            <\/select>\r\n                        <\/div>\r\n                                                                                <div class=\"col\">\r\n                            <select class=\"form-control w-100\" id=\"type_hab\" name=\"type_hab\">\r\n                                <option selected value=\"\">Type habitation<\/option>\r\n                                                                    <option value=\"Appartement\"  > Appartement <\/option>\r\n                                                                    <option value=\"Chalet\"  > Chalet <\/option>\r\n                                                                    <option value=\"Kamer\"  > Kamer <\/option>\r\n                                                            <\/select>\r\n                        <\/div>\r\n                                                    <div class=\"col\">\r\n                    <button type=\"submit\" name=\"filterSend\" class=\"btn btn-primary btn-block my-2\">Zoeken<\/button>\r\n                <\/div>\r\n            <\/form>\r\n                <!--BEGIN FILTER -->\r\n\r\n        <div id=\"selection-grid\" class=\"selection-mode-default\">\r\n                            <div class=\"card 3etoiles 0-3pieces Residencedetourisme Appartement Chalet\">\r\n                    <div class=\"row\">\r\n                        <div class=\"col-md-3\">\r\n                                                            <div class=\"pictos\">\r\n                                    <span class=\"label-parking_prive\" title=\"Priv\u00e9 parkeerterrein\">Priv\u00e9 parkeerterrein<\/span><span class=\"label-animaux_acceptes\" title=\"Huisdieren toegestaan\">Huisdieren toegestaan<\/span><span class=\"label-cheque_vacances\" title=\"Vakantiecheques\">Vakantiecheques<\/span>                                <\/div>\r\n                                                        <img decoding=\"async\" src=\"https:\/\/static.apidae-tourisme.com\/filestore\/objets-touristiques\/images\/41\/170\/26847785-diaporama.png\" class=\"w-100\" alt=\"Image nemea_residence_8\">\r\n                        <\/div>\r\n                        <div class=\"col-md-9\">\r\n                            <div class=\"card-block px-1\">\r\n                                <h2 class=\"card-title\">\r\n                                    <a href=\"https:\/\/la-toussuire.com\/nl\/details\/goelia-chalets-des-cimes-126944-Nl\/\">Go\u00e9lia &#8211; Chalets des Cimes<\/a>\r\n                                <\/h2>\r\n                                <p class=\"classement\"><i class=\"label label-3toiles\">3 \u00e9toiles<\/i><\/p>\r\n                                <p class=\"card-text\">R\u00e9sidence Les Chalets des C\u00eemes ligt in het hart van het resort en bestaat uit 76 appartementen verdeeld over 17 chalets met lokale architectuur en typische Savoyaardse charme.<\/p>\r\n                                <p class=\"labels\"><\/p>\r\n                            <\/div>\r\n                            <a href=\"https:\/\/la-toussuire.com\/nl\/details\/goelia-chalets-des-cimes-126944-Nl\/\" class=\"btn\">Meer zien<\/a>\r\n                        <\/div>\r\n                    <\/div>\r\n                <\/div>\r\n                            <div class=\"card 5etoiles 0-3pieces Residencedetourisme\">\r\n                    <div class=\"row\">\r\n                        <div class=\"col-md-3\">\r\n                                                            <div class=\"pictos\">\r\n                                    <span class=\"label-parking_prive\" title=\"Priv\u00e9 parkeerterrein\">Priv\u00e9 parkeerterrein<\/span><span class=\"label-animaux_acceptes\" title=\"Huisdieren toegestaan\">Huisdieren toegestaan<\/span><span class=\"label-soins\" title=\"Schoonheidsverzorging\">Schoonheidsverzorging<\/span><span class=\"label-massages\" title=\"Massages \/ Modelages\">Massages \/ Modelages<\/span><span class=\"label-cheque_vacances\" title=\"Vakantiecheques\">Vakantiecheques<\/span>                                <\/div>\r\n                                                        <img decoding=\"async\" src=\"https:\/\/static.apidae-tourisme.com\/filestore\/objets-touristiques\/images\/109\/186\/8567405-diaporama.jpg\" class=\"w-100\" alt=\"Image Appartement Alpaga\">\r\n                        <\/div>\r\n                        <div class=\"col-md-9\">\r\n                            <div class=\"card-block px-1\">\r\n                                <h2 class=\"card-title\">\r\n                                    <a href=\"https:\/\/la-toussuire.com\/nl\/details\/residence-cgh-lalpaga-5545328-Nl\/\">R\u00e9sidence CGH L&#8217;ALPAGA<\/a>\r\n                                <\/h2>\r\n                                <p class=\"classement\"><i class=\"label label-5toiles\">5 \u00e9toiles<\/i><\/p>\r\n                                <p class=\"card-text\">De residentie Alpaga is ideaal gelegen aan de voet van de pistes, met 84 warm ingerichte appartementen, tussen traditie en moderniteit.<\/p>\r\n                                <p class=\"labels\"><\/p>\r\n                            <\/div>\r\n                            <a href=\"https:\/\/la-toussuire.com\/nl\/details\/residence-cgh-lalpaga-5545328-Nl\/\" class=\"btn\">Meer zien<\/a>\r\n                        <\/div>\r\n                    <\/div>\r\n                <\/div>\r\n                            <div class=\"card 4etoiles 0-3pieces Residencedetourisme Appartement\">\r\n                    <div class=\"row\">\r\n                        <div class=\"col-md-3\">\r\n                                                            <div class=\"pictos\">\r\n                                    <span class=\"label-animaux_acceptes\" title=\"Huisdieren toegestaan\">Huisdieren toegestaan<\/span><span class=\"label-wifi\" title=\"Wifi Internet\">Wifi Internet<\/span><span class=\"label-cheque_vacances\" title=\"Vakantiecheques\">Vakantiecheques<\/span>                                <\/div>\r\n                                                        <img decoding=\"async\" src=\"https:\/\/static.apidae-tourisme.com\/filestore\/objets-touristiques\/images\/52\/165\/26846516-diaporama.png\" class=\"w-100\" alt=\"Image ecrinsybelles_residence_4\">\r\n                        <\/div>\r\n                        <div class=\"col-md-9\">\r\n                            <div class=\"card-block px-1\">\r\n                                <h2 class=\"card-title\">\r\n                                    <a href=\"https:\/\/la-toussuire.com\/nl\/details\/residence-lecrin-des-sybelles-lagrange-97281-Nl\/\">R\u00e9sidence L\u2019\u00c9crin des Sybelles &#8211; Lagrange<\/a>\r\n                                <\/h2>\r\n                                <p class=\"classement\"><i class=\"label label-4toiles\">4 \u00e9toiles<\/i><\/p>\r\n                                <p class=\"card-text\">Deze residentie met elegante architectuur bestaat uit 51 appartementen, verdeeld in 4 chalets uit steen en hout van 3 tot 4 verdiepingen (met lift).<\/p>\r\n                                <p class=\"labels\"><\/p>\r\n                            <\/div>\r\n                            <a href=\"https:\/\/la-toussuire.com\/nl\/details\/residence-lecrin-des-sybelles-lagrange-97281-Nl\/\" class=\"btn\">Meer zien<\/a>\r\n                        <\/div>\r\n                    <\/div>\r\n                <\/div>\r\n                            <div class=\"card 3etoiles 0-3pieces Residencedetourisme Appartement Chalet\">\r\n                    <div class=\"row\">\r\n                        <div class=\"col-md-3\">\r\n                                                            <div class=\"pictos\">\r\n                                    <span class=\"label-animaux_acceptes\" title=\"Huisdieren toegestaan\">Huisdieren toegestaan<\/span><span class=\"label-wifi\" title=\"Wifi Internet\">Wifi Internet<\/span><span class=\"label-cheque_vacances\" title=\"Vakantiecheques\">Vakantiecheques<\/span>                                <\/div>\r\n                                                        <img decoding=\"async\" src=\"https:\/\/static.apidae-tourisme.com\/filestore\/objets-touristiques\/images\/123\/48\/27013243-diaporama.png\" class=\"w-100\" alt=\"Image goelia_1\">\r\n                        <\/div>\r\n                        <div class=\"col-md-9\">\r\n                            <div class=\"card-block px-1\">\r\n                                <h2 class=\"card-title\">\r\n                                    <a href=\"https:\/\/la-toussuire.com\/nl\/details\/goelia-les-chalets-de-la-toussuire-78299-Nl\/\">Goelia &#8211; Les Chalets de La Toussuire<\/a>\r\n                                <\/h2>\r\n                                <p class=\"classement\"><i class=\"label label-3toiles\">3 \u00e9toiles<\/i><\/p>\r\n                                <p class=\"card-text\">De residentie &#8220;Les Chalets Goelia&#8221; bevindt zich op de skipiste en op 50 m van stoeltjeslift &#8220;Le Soleil&#8221;. Ze bestaat uit 10 chalets van elk 9 appartementen en een aantal individuele chalets.<\/p>\r\n                                <p class=\"labels\"><\/p>\r\n                            <\/div>\r\n                            <a href=\"https:\/\/la-toussuire.com\/nl\/details\/goelia-les-chalets-de-la-toussuire-78299-Nl\/\" class=\"btn\">Meer zien<\/a>\r\n                        <\/div>\r\n                    <\/div>\r\n                <\/div>\r\n                            <div class=\"card 4etoiles 0-3pieces Residencedetourisme Appartement\">\r\n                    <div class=\"row\">\r\n                        <div class=\"col-md-3\">\r\n                                                            <div class=\"pictos\">\r\n                                    <span class=\"label-animaux_acceptes\" title=\"Huisdieren toegestaan\">Huisdieren toegestaan<\/span><span class=\"label-cheque_vacances\" title=\"Vakantiecheques\">Vakantiecheques<\/span>                                <\/div>\r\n                                                        <img decoding=\"async\" src=\"https:\/\/static.apidae-tourisme.com\/filestore\/objets-touristiques\/images\/5\/35\/4006661-diaporama.jpg\" class=\"w-100\" alt=\"Image TOUSSULCOMB01\">\r\n                        <\/div>\r\n                        <div class=\"col-md-9\">\r\n                            <div class=\"card-block px-1\">\r\n                                <h2 class=\"card-title\">\r\n                                    <a href=\"https:\/\/la-toussuire.com\/nl\/details\/residentie-les-hauts-de-comborciere-lagrange-97276-Nl\/\">Residentie &#8220;Les Hauts de Comborci\u00e8re&#8221; &#8211; Lagrange<\/a>\r\n                                <\/h2>\r\n                                <p class=\"classement\"><i class=\"label label-4toiles\">4 \u00e9toiles<\/i><\/p>\r\n                                <p class=\"card-text\">Residentie &#8220;Lagrange Prestige&#8221; &#8220;Les Hauts de Comborci\u00e8re&#8221; bevindt zich aan de voet van de skipistes en op 100\u00a0m van het skicentrum.\r\nDeze residentie in traditionele Savoyaardse stijl bestaat uit 105 appartementen, verdeeld over 3 gebouwen van 4 verdiepingen (lift beschikbaar).<\/p>\r\n                                <p class=\"labels\"><\/p>\r\n                            <\/div>\r\n                            <a href=\"https:\/\/la-toussuire.com\/nl\/details\/residentie-les-hauts-de-comborciere-lagrange-97276-Nl\/\" class=\"btn\">Meer zien<\/a>\r\n                        <\/div>\r\n                    <\/div>\r\n                <\/div>\r\n                    <\/div>\r\n    <\/div>\r\n    <div id=\"selection-map\" class=\"selection-mode-map\" style=\"display: none;\">\r\n        <div class=\"map\" id=\"MapContainerListe\"><\/div>\r\n    <\/div>\r\n<!--END ITEMS APIDAE -->\r\n\r\n<!--BEGIN PAGINATOR -->\r\n<!--BEGIN PAGINATOR --><\/div>","protected":false},"excerpt":{"rendered":"<p>Wat een plezier ! Een verblijf in de bergen met het gezin of met vrienden met alle comfort dat iedereen nodig heeft en de vrijheid waar iedereen naar vraagt, het is ideaal ! De veiligheid van grote merken, essenti\u00eble dienstenen tips van experten, de campingplekken van eerste keuze, dat is het recept van geslaagde vakanties [&hellip;]<\/p>\n","protected":false},"author":1,"featured_media":7948,"parent":5850,"menu_order":5,"comment_status":"closed","ping_status":"closed","template":"page-template.php","meta":{"_acf_changed":false,"footnotes":""},"class_list":["post-10948","page","type-page","status-publish","has-post-thumbnail","hentry"],"acf":[],"yoast_head":"<!-- This site is optimized with the Yoast SEO plugin v27.1.1 - https:\/\/yoast.com\/product\/yoast-seo-wordpress\/ -->\n<title>Toeristische residenties - La Toussuire<\/title>\n<meta name=\"description\" content=\"Lagrange, N\u00e9m\u00e9a, Go\u00e9lia, CGH, Terr\u00e9sense, de vakantiehuisjes verzekeren een verblijf in de bergen zonder zorgen, met dienstverlening en vrijheid\" \/>\n<meta name=\"robots\" content=\"index, follow, max-snippet:-1, max-image-preview:large, max-video-preview:-1\" \/>\n<link rel=\"canonical\" href=\"https:\/\/la-toussuire.com\/nl\/uw-verblijf\/ontdek-onze-accommodaties\/toeristische-residenties\/\" \/>\n<meta property=\"og:locale\" content=\"nl_NL\" \/>\n<meta property=\"og:type\" content=\"article\" \/>\n<meta property=\"og:title\" content=\"Toeristische residenties - La Toussuire\" \/>\n<meta property=\"og:description\" content=\"Lagrange, N\u00e9m\u00e9a, Go\u00e9lia, CGH, Terr\u00e9sense, de vakantiehuisjes verzekeren een verblijf in de bergen zonder zorgen, met dienstverlening en vrijheid\" \/>\n<meta property=\"og:url\" content=\"https:\/\/la-toussuire.com\/nl\/uw-verblijf\/ontdek-onze-accommodaties\/toeristische-residenties\/\" \/>\n<meta property=\"og:site_name\" content=\"La Toussuire\" \/>\n<meta property=\"article:modified_time\" content=\"2024-06-10T08:27:30+00:00\" \/>\n<meta property=\"og:image\" content=\"https:\/\/la-toussuire.com\/wp-content\/uploads\/OTToussuire_Hebergement_Residence_Tourisme_Presentation\u00a9CGHAlpaga@La_Toussuire.jpg\" \/>\n\t<meta property=\"og:image:width\" content=\"1024\" \/>\n\t<meta property=\"og:image:height\" content=\"684\" \/>\n\t<meta property=\"og:image:type\" content=\"image\/jpeg\" \/>\n<meta name=\"twitter:card\" content=\"summary_large_image\" \/>\n<meta name=\"twitter:label1\" content=\"Geschatte leestijd\" \/>\n\t<meta name=\"twitter:data1\" content=\"1 minuut\" \/>\n<script type=\"application\/ld+json\" class=\"yoast-schema-graph\">{\"@context\":\"https:\/\/schema.org\",\"@graph\":[{\"@type\":\"WebPage\",\"@id\":\"https:\/\/la-toussuire.com\/nl\/uw-verblijf\/ontdek-onze-accommodaties\/toeristische-residenties\/\",\"url\":\"https:\/\/la-toussuire.com\/nl\/uw-verblijf\/ontdek-onze-accommodaties\/toeristische-residenties\/\",\"name\":\"Toeristische residenties - La Toussuire\",\"isPartOf\":{\"@id\":\"https:\/\/la-toussuire.com\/nl\/#website\"},\"primaryImageOfPage\":{\"@id\":\"https:\/\/la-toussuire.com\/nl\/uw-verblijf\/ontdek-onze-accommodaties\/toeristische-residenties\/#primaryimage\"},\"image\":{\"@id\":\"https:\/\/la-toussuire.com\/nl\/uw-verblijf\/ontdek-onze-accommodaties\/toeristische-residenties\/#primaryimage\"},\"thumbnailUrl\":\"https:\/\/la-toussuire.com\/wp-content\/uploads\/OTToussuire_Hebergement_Residence_Tourisme_Presentation\u00a9CGHAlpaga@La_Toussuire.jpg\",\"datePublished\":\"2022-09-27T12:50:37+00:00\",\"dateModified\":\"2024-06-10T08:27:30+00:00\",\"description\":\"Lagrange, N\u00e9m\u00e9a, Go\u00e9lia, CGH, Terr\u00e9sense, de vakantiehuisjes verzekeren een verblijf in de bergen zonder zorgen, met dienstverlening en vrijheid\",\"breadcrumb\":{\"@id\":\"https:\/\/la-toussuire.com\/nl\/uw-verblijf\/ontdek-onze-accommodaties\/toeristische-residenties\/#breadcrumb\"},\"inLanguage\":\"nl-NL\",\"potentialAction\":[{\"@type\":\"ReadAction\",\"target\":[\"https:\/\/la-toussuire.com\/nl\/uw-verblijf\/ontdek-onze-accommodaties\/toeristische-residenties\/\"]}]},{\"@type\":\"ImageObject\",\"inLanguage\":\"nl-NL\",\"@id\":\"https:\/\/la-toussuire.com\/nl\/uw-verblijf\/ontdek-onze-accommodaties\/toeristische-residenties\/#primaryimage\",\"url\":\"https:\/\/la-toussuire.com\/wp-content\/uploads\/OTToussuire_Hebergement_Residence_Tourisme_Presentation\u00a9CGHAlpaga@La_Toussuire.jpg\",\"contentUrl\":\"https:\/\/la-toussuire.com\/wp-content\/uploads\/OTToussuire_Hebergement_Residence_Tourisme_Presentation\u00a9CGHAlpaga@La_Toussuire.jpg\",\"width\":1024,\"height\":684,\"caption\":\"De vakantiehuisjes\"},{\"@type\":\"BreadcrumbList\",\"@id\":\"https:\/\/la-toussuire.com\/nl\/uw-verblijf\/ontdek-onze-accommodaties\/toeristische-residenties\/#breadcrumb\",\"itemListElement\":[{\"@type\":\"ListItem\",\"position\":1,\"name\":\"Accueil\",\"item\":\"https:\/\/la-toussuire.com\/nl\/\"},{\"@type\":\"ListItem\",\"position\":2,\"name\":\"Ik organiseer mijn verblijf\",\"item\":\"https:\/\/la-toussuire.com\/nl\/uw-verblijf\/\"},{\"@type\":\"ListItem\",\"position\":3,\"name\":\"Onze accommodatie\",\"item\":\"https:\/\/la-toussuire.com\/nl\/uw-verblijf\/ontdek-onze-accommodaties\/\"},{\"@type\":\"ListItem\",\"position\":4,\"name\":\"Toeristische residenties\"}]},{\"@type\":\"WebSite\",\"@id\":\"https:\/\/la-toussuire.com\/nl\/#website\",\"url\":\"https:\/\/la-toussuire.com\/nl\/\",\"name\":\"La Toussuire\",\"description\":\"\",\"publisher\":{\"@id\":\"https:\/\/la-toussuire.com\/nl\/#organization\"},\"potentialAction\":[{\"@type\":\"SearchAction\",\"target\":{\"@type\":\"EntryPoint\",\"urlTemplate\":\"https:\/\/la-toussuire.com\/nl\/?s={search_term_string}\"},\"query-input\":{\"@type\":\"PropertyValueSpecification\",\"valueRequired\":true,\"valueName\":\"search_term_string\"}}],\"inLanguage\":\"nl-NL\"},{\"@type\":\"Organization\",\"@id\":\"https:\/\/la-toussuire.com\/nl\/#organization\",\"name\":\"La Toussuire\",\"url\":\"https:\/\/la-toussuire.com\/nl\/\",\"logo\":{\"@type\":\"ImageObject\",\"inLanguage\":\"nl-NL\",\"@id\":\"https:\/\/la-toussuire.com\/nl\/#\/schema\/logo\/image\/\",\"url\":\"https:\/\/la-toussuire.com\/wp-content\/uploads\/cropped-Nouveau-LA-TOUSSUIRE_Logo_Plan-de-travail-1-02.png\",\"contentUrl\":\"https:\/\/la-toussuire.com\/wp-content\/uploads\/cropped-Nouveau-LA-TOUSSUIRE_Logo_Plan-de-travail-1-02.png\",\"width\":591,\"height\":591,\"caption\":\"La Toussuire\"},\"image\":{\"@id\":\"https:\/\/la-toussuire.com\/nl\/#\/schema\/logo\/image\/\"}}]}<\/script>\n<!-- \/ Yoast SEO plugin. -->","yoast_head_json":{"title":"Toeristische residenties - La Toussuire","description":"Lagrange, N\u00e9m\u00e9a, Go\u00e9lia, CGH, Terr\u00e9sense, de vakantiehuisjes verzekeren een verblijf in de bergen zonder zorgen, met dienstverlening en vrijheid","robots":{"index":"index","follow":"follow","max-snippet":"max-snippet:-1","max-image-preview":"max-image-preview:large","max-video-preview":"max-video-preview:-1"},"canonical":"https:\/\/la-toussuire.com\/nl\/uw-verblijf\/ontdek-onze-accommodaties\/toeristische-residenties\/","og_locale":"nl_NL","og_type":"article","og_title":"Toeristische residenties - La Toussuire","og_description":"Lagrange, N\u00e9m\u00e9a, Go\u00e9lia, CGH, Terr\u00e9sense, de vakantiehuisjes verzekeren een verblijf in de bergen zonder zorgen, met dienstverlening en vrijheid","og_url":"https:\/\/la-toussuire.com\/nl\/uw-verblijf\/ontdek-onze-accommodaties\/toeristische-residenties\/","og_site_name":"La Toussuire","article_modified_time":"2024-06-10T08:27:30+00:00","og_image":[{"width":1024,"height":684,"url":"https:\/\/la-toussuire.com\/wp-content\/uploads\/OTToussuire_Hebergement_Residence_Tourisme_Presentation\u00a9CGHAlpaga@La_Toussuire.jpg","type":"image\/jpeg"}],"twitter_card":"summary_large_image","twitter_misc":{"Geschatte leestijd":"1 minuut"},"schema":{"@context":"https:\/\/schema.org","@graph":[{"@type":"WebPage","@id":"https:\/\/la-toussuire.com\/nl\/uw-verblijf\/ontdek-onze-accommodaties\/toeristische-residenties\/","url":"https:\/\/la-toussuire.com\/nl\/uw-verblijf\/ontdek-onze-accommodaties\/toeristische-residenties\/","name":"Toeristische residenties - La Toussuire","isPartOf":{"@id":"https:\/\/la-toussuire.com\/nl\/#website"},"primaryImageOfPage":{"@id":"https:\/\/la-toussuire.com\/nl\/uw-verblijf\/ontdek-onze-accommodaties\/toeristische-residenties\/#primaryimage"},"image":{"@id":"https:\/\/la-toussuire.com\/nl\/uw-verblijf\/ontdek-onze-accommodaties\/toeristische-residenties\/#primaryimage"},"thumbnailUrl":"https:\/\/la-toussuire.com\/wp-content\/uploads\/OTToussuire_Hebergement_Residence_Tourisme_Presentation\u00a9CGHAlpaga@La_Toussuire.jpg","datePublished":"2022-09-27T12:50:37+00:00","dateModified":"2024-06-10T08:27:30+00:00","description":"Lagrange, N\u00e9m\u00e9a, Go\u00e9lia, CGH, Terr\u00e9sense, de vakantiehuisjes verzekeren een verblijf in de bergen zonder zorgen, met dienstverlening en vrijheid","breadcrumb":{"@id":"https:\/\/la-toussuire.com\/nl\/uw-verblijf\/ontdek-onze-accommodaties\/toeristische-residenties\/#breadcrumb"},"inLanguage":"nl-NL","potentialAction":[{"@type":"ReadAction","target":["https:\/\/la-toussuire.com\/nl\/uw-verblijf\/ontdek-onze-accommodaties\/toeristische-residenties\/"]}]},{"@type":"ImageObject","inLanguage":"nl-NL","@id":"https:\/\/la-toussuire.com\/nl\/uw-verblijf\/ontdek-onze-accommodaties\/toeristische-residenties\/#primaryimage","url":"https:\/\/la-toussuire.com\/wp-content\/uploads\/OTToussuire_Hebergement_Residence_Tourisme_Presentation\u00a9CGHAlpaga@La_Toussuire.jpg","contentUrl":"https:\/\/la-toussuire.com\/wp-content\/uploads\/OTToussuire_Hebergement_Residence_Tourisme_Presentation\u00a9CGHAlpaga@La_Toussuire.jpg","width":1024,"height":684,"caption":"De vakantiehuisjes"},{"@type":"BreadcrumbList","@id":"https:\/\/la-toussuire.com\/nl\/uw-verblijf\/ontdek-onze-accommodaties\/toeristische-residenties\/#breadcrumb","itemListElement":[{"@type":"ListItem","position":1,"name":"Accueil","item":"https:\/\/la-toussuire.com\/nl\/"},{"@type":"ListItem","position":2,"name":"Ik organiseer mijn verblijf","item":"https:\/\/la-toussuire.com\/nl\/uw-verblijf\/"},{"@type":"ListItem","position":3,"name":"Onze accommodatie","item":"https:\/\/la-toussuire.com\/nl\/uw-verblijf\/ontdek-onze-accommodaties\/"},{"@type":"ListItem","position":4,"name":"Toeristische residenties"}]},{"@type":"WebSite","@id":"https:\/\/la-toussuire.com\/nl\/#website","url":"https:\/\/la-toussuire.com\/nl\/","name":"La Toussuire","description":"","publisher":{"@id":"https:\/\/la-toussuire.com\/nl\/#organization"},"potentialAction":[{"@type":"SearchAction","target":{"@type":"EntryPoint","urlTemplate":"https:\/\/la-toussuire.com\/nl\/?s={search_term_string}"},"query-input":{"@type":"PropertyValueSpecification","valueRequired":true,"valueName":"search_term_string"}}],"inLanguage":"nl-NL"},{"@type":"Organization","@id":"https:\/\/la-toussuire.com\/nl\/#organization","name":"La Toussuire","url":"https:\/\/la-toussuire.com\/nl\/","logo":{"@type":"ImageObject","inLanguage":"nl-NL","@id":"https:\/\/la-toussuire.com\/nl\/#\/schema\/logo\/image\/","url":"https:\/\/la-toussuire.com\/wp-content\/uploads\/cropped-Nouveau-LA-TOUSSUIRE_Logo_Plan-de-travail-1-02.png","contentUrl":"https:\/\/la-toussuire.com\/wp-content\/uploads\/cropped-Nouveau-LA-TOUSSUIRE_Logo_Plan-de-travail-1-02.png","width":591,"height":591,"caption":"La Toussuire"},"image":{"@id":"https:\/\/la-toussuire.com\/nl\/#\/schema\/logo\/image\/"}}]}},"_links":{"self":[{"href":"https:\/\/la-toussuire.com\/nl\/wp-json\/wp\/v2\/pages\/10948","targetHints":{"allow":["GET"]}}],"collection":[{"href":"https:\/\/la-toussuire.com\/nl\/wp-json\/wp\/v2\/pages"}],"about":[{"href":"https:\/\/la-toussuire.com\/nl\/wp-json\/wp\/v2\/types\/page"}],"author":[{"embeddable":true,"href":"https:\/\/la-toussuire.com\/nl\/wp-json\/wp\/v2\/users\/1"}],"replies":[{"embeddable":true,"href":"https:\/\/la-toussuire.com\/nl\/wp-json\/wp\/v2\/comments?post=10948"}],"version-history":[{"count":2,"href":"https:\/\/la-toussuire.com\/nl\/wp-json\/wp\/v2\/pages\/10948\/revisions"}],"predecessor-version":[{"id":31856,"href":"https:\/\/la-toussuire.com\/nl\/wp-json\/wp\/v2\/pages\/10948\/revisions\/31856"}],"up":[{"embeddable":true,"href":"https:\/\/la-toussuire.com\/nl\/wp-json\/wp\/v2\/pages\/5850"}],"wp:featuredmedia":[{"embeddable":true,"href":"https:\/\/la-toussuire.com\/nl\/wp-json\/wp\/v2\/media\/7948"}],"wp:attachment":[{"href":"https:\/\/la-toussuire.com\/nl\/wp-json\/wp\/v2\/media?parent=10948"}],"curies":[{"name":"wp","href":"https:\/\/api.w.org\/{rel}","templated":true}]}}