{"id":10862,"date":"2022-09-20T16:03:16","date_gmt":"2022-09-20T14:03:16","guid":{"rendered":"https:\/\/la-toussuire.com\/praktische-informatie\/het-kaart-pass-partout\/"},"modified":"2026-02-23T11:50:02","modified_gmt":"2026-02-23T10:50:02","slug":"het-kaart-pass-partout","status":"publish","type":"page","link":"https:\/\/la-toussuire.com\/nl\/praktische-informatie\/het-kaart-pass-partout\/","title":{"rendered":"Het kaart Pass &#8216;Partout"},"content":{"rendered":"<div class=\"block block-core-heading\">\n<h2 class=\"wp-block-heading has-text-align-center\">De Pass&#8217;Partout-kaart evolueert! <\/h2>\n<\/div><div class=\"block block-core-paragraph\">\n<p class=\"has-text-align-center\">De Carte Pass\u2019 Partout is UW bondgenoot voor totale vrijheid tijdens uw uitstapjes! Deze praktische, herlaadbare kaart biedt tal van voordelen en zorgt voor een revolutie in de manier waarop u van uw activiteiten in de bergen geniet. <\/p>\n<\/div><div class=\"block block-core-heading\">\n<h2 class=\"wp-block-heading has-text-align-center\">Op avontuur met de Pass&#8217;Partout!<\/h2>\n<\/div><div class=\"block block-core-paragraph\">\n<p class=\"has-text-align-center\">Met de Pass&#8217;Partout kunt u kiezen uit een groot aantal activiteiten met minimaal 15% korting! Paardrijden, miniquadrijden, zwemmen, boogschieten, trampoline springen, boomklimmen, fietsen met elektrische ondersteuning en nog veel meer&#8230; Jong en oud vinden hier gegarandeerd spannende ervaringen tegen gereduceerde prijzen, waardoor uw vakantie nog onvergetelijker wordt. <\/p>\n<\/div><div class=\"block block-core-heading\">\n<h2 class=\"wp-block-heading has-text-align-center\">De voordelen <\/h2>\n<\/div><div class=\"block block-core-paragraph\">\n<p class=\"has-text-align-center\"><strong>De Carte Pass\u2019Partout is niet op naam gesteld<\/strong> en dus ideaal voor het hele gezin, en zelfs voor vrienden! Of u nu met een groep of alleen op pad gaat, iedereen kan profiteren van de voordelen van deze veelzijdige kaart. <\/p>\n<\/div><div class=\"block block-core-paragraph\">\n<p class=\"has-text-align-center\">Zodra uw kaart is geactiveerd, wordt deze geladen met 30 eenheden die klaar zijn voor gebruik. U hoeft niet meer te jongleren met contant geld of bankkaarten, u kunt uw activiteiten eenvoudig betalen en uw geld veilig bewaren. <\/p>\n<\/div><div class=\"block block-core-paragraph\">\n<p class=\"has-text-align-center\">En dat is nog niet alles! Naast voordelen voor activiteiten in La Toussuire kunt u ook profiteren van kortingen op activiteiten in onze naburige skigebieden.  <\/p>\n<\/div><div class=\"block block-core-columns\">\n<div class=\"wp-block-columns is-layout-flex wp-container-core-columns-is-layout-9d6595d7 wp-block-columns-is-layout-flex\"><div class=\"block block-core-column\">\n<div class=\"wp-block-column is-layout-flow wp-block-column-is-layout-flow\"><div class=\"wp-block-image\"><div class=\"block block-core-image\">\n<figure class=\"aligncenter size-medium\"><img loading=\"lazy\" decoding=\"async\" width=\"300\" height=\"234\" src=\"https:\/\/la-toussuire.com\/wp-content\/uploads\/\/Logo_Le_Corbier_-_Les_Sybelles-QUADRI-300x234.png\" alt=\"\" class=\"wp-image-32563\" srcset=\"https:\/\/la-toussuire.com\/wp-content\/uploads\/Logo_Le_Corbier_-_Les_Sybelles-QUADRI-300x234.png 300w, https:\/\/la-toussuire.com\/wp-content\/uploads\/Logo_Le_Corbier_-_Les_Sybelles-QUADRI-1024x799.png 1024w, https:\/\/la-toussuire.com\/wp-content\/uploads\/Logo_Le_Corbier_-_Les_Sybelles-QUADRI-150x117.png 150w, https:\/\/la-toussuire.com\/wp-content\/uploads\/Logo_Le_Corbier_-_Les_Sybelles-QUADRI-768x600.png 768w, https:\/\/la-toussuire.com\/wp-content\/uploads\/Logo_Le_Corbier_-_Les_Sybelles-QUADRI.png 1181w\" sizes=\"auto, (max-width: 300px) 100vw, 300px\" \/><\/figure>\n<\/div><\/div><\/div>\n<\/div>\n\n<div class=\"block block-core-column\">\n<div class=\"wp-block-column is-layout-flow wp-block-column-is-layout-flow\"><\/div>\n<\/div>\n\n<div class=\"block block-core-column\">\n<div class=\"wp-block-column is-layout-flow wp-block-column-is-layout-flow\"><div class=\"wp-block-image\"><div class=\"block block-core-image\">\n<figure class=\"aligncenter size-full is-resized\"><img loading=\"lazy\" decoding=\"async\" width=\"220\" height=\"223\" src=\"https:\/\/la-toussuire.com\/wp-content\/uploads\/logo.png\" alt=\"\" class=\"wp-image-32557\" style=\"width:250px;height:auto\" srcset=\"https:\/\/la-toussuire.com\/wp-content\/uploads\/logo.png 220w, https:\/\/la-toussuire.com\/wp-content\/uploads\/logo-148x150.png 148w\" sizes=\"auto, (max-width: 220px) 100vw, 220px\" \/><\/figure>\n<\/div><\/div><\/div>\n<\/div>\n\n<div class=\"block block-core-column\">\n<div class=\"wp-block-column is-layout-flow wp-block-column-is-layout-flow\"><div class=\"block block-core-paragraph\">\n<p class=\"has-text-align-center\"><\/p>\n<\/div><\/div>\n<\/div>\n\n<div class=\"block block-core-column\">\n<div class=\"wp-block-column is-layout-flow wp-block-column-is-layout-flow\"><div class=\"wp-block-image\"><div class=\"block block-core-image\">\n<figure class=\"aligncenter size-full is-resized\"><img loading=\"lazy\" decoding=\"async\" width=\"368\" height=\"368\" src=\"https:\/\/la-toussuire.com\/wp-content\/uploads\/logo-saint-sorlin-arves-2022-retouche-1.jpg\" alt=\"\" class=\"wp-image-32569\" style=\"width:228px;height:auto\" srcset=\"https:\/\/la-toussuire.com\/wp-content\/uploads\/logo-saint-sorlin-arves-2022-retouche-1.jpg 368w, https:\/\/la-toussuire.com\/wp-content\/uploads\/logo-saint-sorlin-arves-2022-retouche-1-300x300.jpg 300w, https:\/\/la-toussuire.com\/wp-content\/uploads\/logo-saint-sorlin-arves-2022-retouche-1-150x150.jpg 150w\" sizes=\"auto, (max-width: 368px) 100vw, 368px\" \/><\/figure>\n<\/div><\/div><\/div>\n<\/div><\/div>\n<\/div><div class=\"block block-core-columns\">\n<div class=\"wp-block-columns is-layout-flex wp-container-core-columns-is-layout-9d6595d7 wp-block-columns-is-layout-flex\"><div class=\"block block-core-column\">\n<div class=\"wp-block-column is-layout-flow wp-block-column-is-layout-flow\"><div class=\"wp-block-image\"><div class=\"block block-core-image\">\n<figure class=\"aligncenter size-full\"><img loading=\"lazy\" decoding=\"async\" width=\"480\" height=\"203\" src=\"https:\/\/la-toussuire.com\/wp-content\/uploads\/logo-Saint-Jean-de-Maurienne.png\" alt=\"\" class=\"wp-image-32566\" srcset=\"https:\/\/la-toussuire.com\/wp-content\/uploads\/logo-Saint-Jean-de-Maurienne.png 480w, https:\/\/la-toussuire.com\/wp-content\/uploads\/logo-Saint-Jean-de-Maurienne-300x127.png 300w, https:\/\/la-toussuire.com\/wp-content\/uploads\/logo-Saint-Jean-de-Maurienne-150x63.png 150w\" sizes=\"auto, (max-width: 480px) 100vw, 480px\" \/><\/figure>\n<\/div><\/div><\/div>\n<\/div>\n\n<div class=\"block block-core-column\">\n<div class=\"wp-block-column is-layout-flow wp-block-column-is-layout-flow\"><div class=\"wp-block-image\"><div class=\"block block-core-image\">\n<figure class=\"aligncenter size-full is-resized\"><img loading=\"lazy\" decoding=\"async\" width=\"449\" height=\"281\" src=\"https:\/\/la-toussuire.com\/wp-content\/uploads\/AlbiezFAV-1.png\" alt=\"\" class=\"wp-image-32585\" style=\"width:360px;height:auto\" srcset=\"https:\/\/la-toussuire.com\/wp-content\/uploads\/AlbiezFAV-1.png 449w, https:\/\/la-toussuire.com\/wp-content\/uploads\/AlbiezFAV-1-300x188.png 300w, https:\/\/la-toussuire.com\/wp-content\/uploads\/AlbiezFAV-1-150x94.png 150w\" sizes=\"auto, (max-width: 449px) 100vw, 449px\" \/><\/figure>\n<\/div><\/div><\/div>\n<\/div><\/div>\n<\/div><div class=\"block block-core-heading\">\n<h2 class=\"wp-block-heading has-text-align-center\">Hoe werkt de kaart? <\/h2>\n<\/div><div class=\"block block-core-paragraph\">\n<p class=\"has-text-align-center\">Si vous avez encore des unit\u00e9s sur votre carte, elles restent valables pour votre prochaine escapade ou vous \u00eatre rembours\u00e9es. Vous pouvez ainsi planifier vos prochaines aventures en toute s\u00e9r\u00e9nit\u00e9, en sachant que vous avez d\u00e9j\u00e0 une solution de paiement pr\u00eate \u00e0 l\u2019emploi. <\/p>\n<\/div><div class=\"block block-core-paragraph\">\n<p class=\"has-text-align-center\">Wilt u uw laatste uitgaven bekijken, zien hoeveel krediet u nog over heeft of uw supervoordelen controleren voordat ze verdwijnen? Ga dan naar het menu &#8220;Mijn account&#8221;! Voer gewoon uw kaartnummer in en klaar is Kees.   <br\/>N&#8217;oubliez pas de mettre \u00e0 jour vos coordonn\u00e9es et de dire &#8220;oui&#8221; aux e-mails pour ne rien manquer des bons plans et offres exclusives juste pour vous. <\/p>\n<\/div><div class=\"block block-core-paragraph\">\n<p class=\"has-text-align-center\"><strong> Geldig tijdens de offici\u00eble openingsdata van de skigebieden van het Pays des Aiguilles d&#8217;Arves (Le Corbier, La Toussuire, Saint Jean de Maurienne, Saint Jean d&#8217;Arves en Saint Sorlin d&#8217;Arves), d.w.z. voor de zomer van 2025: van 28 juni tot 30 augustus.<\/strong><\/p>\n<\/div><div class=\"block block-core-paragraph\">\n<p class=\"has-text-align-center\">De Pass&#8217;Partout is een prepaidkaart waarmee u kortingen krijgt. Nadat u uw Pass&#8217;Partout op deze <strong><a href=\"https:\/\/www.passpartout-aiguilles-darves.com\/fr\/\">website <\/a><\/strong>hebt geactiveerd, kunt u meerdere kaarten aan hetzelfde account koppelen. Let op: alleen de hoofdkaart dient als referentie voor uw transacties en kan worden gecrediteerd. Vervolgens profiteert u van 2 ge\u00efntegreerde functies:    <\/p>\n<\/div><div class=\"block block-core-list\">\n<ol class=\"wp-block-list\"><div class=\"block block-core-list-item\">\n<li>Digitale portemonnee: ideaal om een budget te beheren (1 hoofdaccount Pass Partout en de mogelijkheid om meerdere kaarten te koppelen). U laadt het gewenste bedrag in euro&#8217;s op bij de verkooppunten van de skistations La Toussuires, Saint Jean de Maurienne, Saint Jean d&#8217;Arves, Saint Sorlin d&#8217;Arves en Le Corbier of via uw account op deze website. Uw tegoed wordt afgeschreven telkens wanneer u de hoofdkaart of de aan de rekening gekoppelde kaarten gebruikt. De Pass&#8217;Partout staat niet op naam en kan door meerdere personen worden gebruikt.<br\/>   <\/li>\n<\/div>\n\n<div class=\"block block-core-list-item\">\n<li>Kortingskaart: door een Pass&#8217;Partout-kaart te gebruiken bij de deelnemende partners, of deze nu virtueel is via uw account of op PVC, profiteert u van kortingen van minimaal 15% op geselecteerde activiteiten of producten. Let op: <strong>om van dit voordeel te profiteren, moet u de volledige dienst met uw Pass&#8217;Partout-kaart betalen.<\/strong> <\/li>\n<\/div><\/ol>\n<\/div><div class=\"block block-core-paragraph\">\n<p>Waarom zou u nog twijfelen? Met de Carte Pass\u2019 Partout betaalt u uw activiteiten bij de aangesloten VVV-kantoren en profiteert u van exclusieve kortingen, terwijl uw kinderen meer zelfstandigheid krijgen!  <\/p>\n<\/div><div class=\"block block-core-paragraph\">\n<p class=\"has-text-align-center\">Laat deze kans op vrijheid niet aan u voorbijgaan! Haal uw Carte Pass\u2019 Partout aan het begin van uw verblijf op en ga zonder beperkingen op ontdekkingstocht. Uw vakantie wacht op u!  <\/p>\n<\/div><div class=\"block block-core-paragraph\">\n<p class=\"has-text-align-center\"><em><strong>Een echte parel deze kaart !<\/strong><\/em><\/p>\n<\/div><div class=\"block block-pdf-viewer-block-standard\">\n<div class=\"wp-block-pdf-viewer-block-standard\" style=\"text-align:left\"><div class=\"uploaded-pdf\"><a href=\"https:\/\/la-toussuire.com\/wp-content\/uploads\/BROCHURE-PASS-PARTOUT-2025-V8.pdf\" data-width=\"\" data-height=\"\"><\/a><\/div><\/div>\n<\/div><div class=\"block block-core-buttons\">\n<div class=\"wp-block-buttons has-custom-font-size has-large-font-size is-content-justification-center is-layout-flex wp-container-core-buttons-is-layout-16018d1d wp-block-buttons-is-layout-flex\"><div class=\"block block-core-button\">\n<div class=\"wp-block-button\"><a class=\"wp-block-button__link wp-element-button\" href=\"https:\/\/www.passpartout-aiguilles-darves.com\/fr\/\">Meer weten<\/a><\/div>\n<\/div><\/div>\n<\/div><div class=\"block block-core-paragraph\">\n<p><\/p>\n<\/div>","protected":false},"excerpt":{"rendered":"<p>De Pass&#8217;Partout-kaart evolueert! De Carte Pass\u2019 Partout is UW bondgenoot voor totale vrijheid tijdens uw uitstapjes! Deze praktische, herlaadbare kaart biedt tal van voordelen en zorgt voor een revolutie in de manier waarop u van uw activiteiten in de bergen geniet. Op avontuur met de Pass&#8217;Partout! Met de Pass&#8217;Partout kunt u kiezen uit een groot [&hellip;]<\/p>\n","protected":false},"author":2,"featured_media":32550,"parent":5872,"menu_order":4,"comment_status":"closed","ping_status":"closed","template":"page-template.php","meta":{"_acf_changed":false,"footnotes":""},"class_list":["post-10862","page","type-page","status-publish","has-post-thumbnail","hentry"],"acf":[],"yoast_head":"<!-- This site is optimized with the Yoast SEO plugin v27.1.1 - https:\/\/yoast.com\/product\/yoast-seo-wordpress\/ -->\n<title>Het kaart Pass &#039;Partout - La Toussuire<\/title>\n<meta name=\"description\" content=\"Betaalkaart om de activiteiten te regelen op Le Corbier en La Toussuire. Promoties, herlaadbaar, lijst van providers die het aanvaarden.\" \/>\n<meta name=\"robots\" content=\"index, follow, max-snippet:-1, max-image-preview:large, max-video-preview:-1\" \/>\n<link rel=\"canonical\" href=\"https:\/\/la-toussuire.com\/nl\/praktische-informatie\/het-kaart-pass-partout\/\" \/>\n<meta property=\"og:locale\" content=\"nl_NL\" \/>\n<meta property=\"og:type\" content=\"article\" \/>\n<meta property=\"og:title\" content=\"Het kaart Pass &#039;Partout - La Toussuire\" \/>\n<meta property=\"og:description\" content=\"Betaalkaart om de activiteiten te regelen op Le Corbier en La Toussuire. Promoties, herlaadbaar, lijst van providers die het aanvaarden.\" \/>\n<meta property=\"og:url\" content=\"https:\/\/la-toussuire.com\/nl\/praktische-informatie\/het-kaart-pass-partout\/\" \/>\n<meta property=\"og:site_name\" content=\"La Toussuire\" \/>\n<meta property=\"article:modified_time\" content=\"2026-02-23T10:50:02+00:00\" \/>\n<meta property=\"og:image\" content=\"https:\/\/la-toussuire.com\/wp-content\/uploads\/Photo-ok-APIDAE-3-1.png\" \/>\n\t<meta property=\"og:image:width\" content=\"1920\" \/>\n\t<meta property=\"og:image:height\" content=\"1300\" \/>\n\t<meta property=\"og:image:type\" content=\"image\/png\" \/>\n<meta name=\"twitter:card\" content=\"summary_large_image\" \/>\n<meta name=\"twitter:label1\" content=\"Geschatte leestijd\" \/>\n\t<meta name=\"twitter:data1\" content=\"3 minuten\" \/>\n<script type=\"application\/ld+json\" class=\"yoast-schema-graph\">{\"@context\":\"https:\/\/schema.org\",\"@graph\":[{\"@type\":\"WebPage\",\"@id\":\"https:\/\/la-toussuire.com\/nl\/praktische-informatie\/het-kaart-pass-partout\/\",\"url\":\"https:\/\/la-toussuire.com\/nl\/praktische-informatie\/het-kaart-pass-partout\/\",\"name\":\"Het kaart Pass 'Partout - La Toussuire\",\"isPartOf\":{\"@id\":\"https:\/\/la-toussuire.com\/nl\/#website\"},\"primaryImageOfPage\":{\"@id\":\"https:\/\/la-toussuire.com\/nl\/praktische-informatie\/het-kaart-pass-partout\/#primaryimage\"},\"image\":{\"@id\":\"https:\/\/la-toussuire.com\/nl\/praktische-informatie\/het-kaart-pass-partout\/#primaryimage\"},\"thumbnailUrl\":\"https:\/\/la-toussuire.com\/wp-content\/uploads\/Photo-ok-APIDAE-3-1.png\",\"datePublished\":\"2022-09-20T14:03:16+00:00\",\"dateModified\":\"2026-02-23T10:50:02+00:00\",\"description\":\"Betaalkaart om de activiteiten te regelen op Le Corbier en La Toussuire. Promoties, herlaadbaar, lijst van providers die het aanvaarden.\",\"breadcrumb\":{\"@id\":\"https:\/\/la-toussuire.com\/nl\/praktische-informatie\/het-kaart-pass-partout\/#breadcrumb\"},\"inLanguage\":\"nl-NL\",\"potentialAction\":[{\"@type\":\"ReadAction\",\"target\":[\"https:\/\/la-toussuire.com\/nl\/praktische-informatie\/het-kaart-pass-partout\/\"]}]},{\"@type\":\"ImageObject\",\"inLanguage\":\"nl-NL\",\"@id\":\"https:\/\/la-toussuire.com\/nl\/praktische-informatie\/het-kaart-pass-partout\/#primaryimage\",\"url\":\"https:\/\/la-toussuire.com\/wp-content\/uploads\/Photo-ok-APIDAE-3-1.png\",\"contentUrl\":\"https:\/\/la-toussuire.com\/wp-content\/uploads\/Photo-ok-APIDAE-3-1.png\",\"width\":1920,\"height\":1300},{\"@type\":\"BreadcrumbList\",\"@id\":\"https:\/\/la-toussuire.com\/nl\/praktische-informatie\/het-kaart-pass-partout\/#breadcrumb\",\"itemListElement\":[{\"@type\":\"ListItem\",\"position\":1,\"name\":\"Accueil\",\"item\":\"https:\/\/la-toussuire.com\/nl\/\"},{\"@type\":\"ListItem\",\"position\":2,\"name\":\"Praktische informatie\",\"item\":\"https:\/\/la-toussuire.com\/nl\/praktische-informatie\/\"},{\"@type\":\"ListItem\",\"position\":3,\"name\":\"Het kaart Pass &#8216;Partout\"}]},{\"@type\":\"WebSite\",\"@id\":\"https:\/\/la-toussuire.com\/nl\/#website\",\"url\":\"https:\/\/la-toussuire.com\/nl\/\",\"name\":\"La Toussuire\",\"description\":\"\",\"publisher\":{\"@id\":\"https:\/\/la-toussuire.com\/nl\/#organization\"},\"potentialAction\":[{\"@type\":\"SearchAction\",\"target\":{\"@type\":\"EntryPoint\",\"urlTemplate\":\"https:\/\/la-toussuire.com\/nl\/?s={search_term_string}\"},\"query-input\":{\"@type\":\"PropertyValueSpecification\",\"valueRequired\":true,\"valueName\":\"search_term_string\"}}],\"inLanguage\":\"nl-NL\"},{\"@type\":\"Organization\",\"@id\":\"https:\/\/la-toussuire.com\/nl\/#organization\",\"name\":\"La Toussuire\",\"url\":\"https:\/\/la-toussuire.com\/nl\/\",\"logo\":{\"@type\":\"ImageObject\",\"inLanguage\":\"nl-NL\",\"@id\":\"https:\/\/la-toussuire.com\/nl\/#\/schema\/logo\/image\/\",\"url\":\"https:\/\/la-toussuire.com\/wp-content\/uploads\/LA-TOUSSUIRE_Logo_ALT.png\",\"contentUrl\":\"https:\/\/la-toussuire.com\/wp-content\/uploads\/LA-TOUSSUIRE_Logo_ALT.png\",\"width\":557,\"height\":325,\"caption\":\"La Toussuire\"},\"image\":{\"@id\":\"https:\/\/la-toussuire.com\/nl\/#\/schema\/logo\/image\/\"}}]}<\/script>\n<!-- \/ Yoast SEO plugin. -->","yoast_head_json":{"title":"Het kaart Pass 'Partout - La Toussuire","description":"Betaalkaart om de activiteiten te regelen op Le Corbier en La Toussuire. Promoties, herlaadbaar, lijst van providers die het aanvaarden.","robots":{"index":"index","follow":"follow","max-snippet":"max-snippet:-1","max-image-preview":"max-image-preview:large","max-video-preview":"max-video-preview:-1"},"canonical":"https:\/\/la-toussuire.com\/nl\/praktische-informatie\/het-kaart-pass-partout\/","og_locale":"nl_NL","og_type":"article","og_title":"Het kaart Pass 'Partout - La Toussuire","og_description":"Betaalkaart om de activiteiten te regelen op Le Corbier en La Toussuire. Promoties, herlaadbaar, lijst van providers die het aanvaarden.","og_url":"https:\/\/la-toussuire.com\/nl\/praktische-informatie\/het-kaart-pass-partout\/","og_site_name":"La Toussuire","article_modified_time":"2026-02-23T10:50:02+00:00","og_image":[{"width":1920,"height":1300,"url":"https:\/\/la-toussuire.com\/wp-content\/uploads\/Photo-ok-APIDAE-3-1.png","type":"image\/png"}],"twitter_card":"summary_large_image","twitter_misc":{"Geschatte leestijd":"3 minuten"},"schema":{"@context":"https:\/\/schema.org","@graph":[{"@type":"WebPage","@id":"https:\/\/la-toussuire.com\/nl\/praktische-informatie\/het-kaart-pass-partout\/","url":"https:\/\/la-toussuire.com\/nl\/praktische-informatie\/het-kaart-pass-partout\/","name":"Het kaart Pass 'Partout - La Toussuire","isPartOf":{"@id":"https:\/\/la-toussuire.com\/nl\/#website"},"primaryImageOfPage":{"@id":"https:\/\/la-toussuire.com\/nl\/praktische-informatie\/het-kaart-pass-partout\/#primaryimage"},"image":{"@id":"https:\/\/la-toussuire.com\/nl\/praktische-informatie\/het-kaart-pass-partout\/#primaryimage"},"thumbnailUrl":"https:\/\/la-toussuire.com\/wp-content\/uploads\/Photo-ok-APIDAE-3-1.png","datePublished":"2022-09-20T14:03:16+00:00","dateModified":"2026-02-23T10:50:02+00:00","description":"Betaalkaart om de activiteiten te regelen op Le Corbier en La Toussuire. Promoties, herlaadbaar, lijst van providers die het aanvaarden.","breadcrumb":{"@id":"https:\/\/la-toussuire.com\/nl\/praktische-informatie\/het-kaart-pass-partout\/#breadcrumb"},"inLanguage":"nl-NL","potentialAction":[{"@type":"ReadAction","target":["https:\/\/la-toussuire.com\/nl\/praktische-informatie\/het-kaart-pass-partout\/"]}]},{"@type":"ImageObject","inLanguage":"nl-NL","@id":"https:\/\/la-toussuire.com\/nl\/praktische-informatie\/het-kaart-pass-partout\/#primaryimage","url":"https:\/\/la-toussuire.com\/wp-content\/uploads\/Photo-ok-APIDAE-3-1.png","contentUrl":"https:\/\/la-toussuire.com\/wp-content\/uploads\/Photo-ok-APIDAE-3-1.png","width":1920,"height":1300},{"@type":"BreadcrumbList","@id":"https:\/\/la-toussuire.com\/nl\/praktische-informatie\/het-kaart-pass-partout\/#breadcrumb","itemListElement":[{"@type":"ListItem","position":1,"name":"Accueil","item":"https:\/\/la-toussuire.com\/nl\/"},{"@type":"ListItem","position":2,"name":"Praktische informatie","item":"https:\/\/la-toussuire.com\/nl\/praktische-informatie\/"},{"@type":"ListItem","position":3,"name":"Het kaart Pass &#8216;Partout"}]},{"@type":"WebSite","@id":"https:\/\/la-toussuire.com\/nl\/#website","url":"https:\/\/la-toussuire.com\/nl\/","name":"La Toussuire","description":"","publisher":{"@id":"https:\/\/la-toussuire.com\/nl\/#organization"},"potentialAction":[{"@type":"SearchAction","target":{"@type":"EntryPoint","urlTemplate":"https:\/\/la-toussuire.com\/nl\/?s={search_term_string}"},"query-input":{"@type":"PropertyValueSpecification","valueRequired":true,"valueName":"search_term_string"}}],"inLanguage":"nl-NL"},{"@type":"Organization","@id":"https:\/\/la-toussuire.com\/nl\/#organization","name":"La Toussuire","url":"https:\/\/la-toussuire.com\/nl\/","logo":{"@type":"ImageObject","inLanguage":"nl-NL","@id":"https:\/\/la-toussuire.com\/nl\/#\/schema\/logo\/image\/","url":"https:\/\/la-toussuire.com\/wp-content\/uploads\/LA-TOUSSUIRE_Logo_ALT.png","contentUrl":"https:\/\/la-toussuire.com\/wp-content\/uploads\/LA-TOUSSUIRE_Logo_ALT.png","width":557,"height":325,"caption":"La Toussuire"},"image":{"@id":"https:\/\/la-toussuire.com\/nl\/#\/schema\/logo\/image\/"}}]}},"_links":{"self":[{"href":"https:\/\/la-toussuire.com\/nl\/wp-json\/wp\/v2\/pages\/10862","targetHints":{"allow":["GET"]}}],"collection":[{"href":"https:\/\/la-toussuire.com\/nl\/wp-json\/wp\/v2\/pages"}],"about":[{"href":"https:\/\/la-toussuire.com\/nl\/wp-json\/wp\/v2\/types\/page"}],"author":[{"embeddable":true,"href":"https:\/\/la-toussuire.com\/nl\/wp-json\/wp\/v2\/users\/2"}],"replies":[{"embeddable":true,"href":"https:\/\/la-toussuire.com\/nl\/wp-json\/wp\/v2\/comments?post=10862"}],"version-history":[{"count":4,"href":"https:\/\/la-toussuire.com\/nl\/wp-json\/wp\/v2\/pages\/10862\/revisions"}],"predecessor-version":[{"id":45024,"href":"https:\/\/la-toussuire.com\/nl\/wp-json\/wp\/v2\/pages\/10862\/revisions\/45024"}],"up":[{"embeddable":true,"href":"https:\/\/la-toussuire.com\/nl\/wp-json\/wp\/v2\/pages\/5872"}],"wp:featuredmedia":[{"embeddable":true,"href":"https:\/\/la-toussuire.com\/nl\/wp-json\/wp\/v2\/media\/32550"}],"wp:attachment":[{"href":"https:\/\/la-toussuire.com\/nl\/wp-json\/wp\/v2\/media?parent=10862"}],"curies":[{"name":"wp","href":"https:\/\/api.w.org\/{rel}","templated":true}]}}