{"id":10856,"date":"2022-09-20T15:48:21","date_gmt":"2022-09-20T13:48:21","guid":{"rendered":"https:\/\/la-toussuire.com\/praktische-informatie\/le-pole-enfance-la-ruche\/"},"modified":"2024-05-24T11:55:09","modified_gmt":"2024-05-24T09:55:09","slug":"le-pole-enfance-la-ruche","status":"publish","type":"page","link":"https:\/\/la-toussuire.com\/nl\/praktische-informatie\/le-pole-enfance-la-ruche\/","title":{"rendered":"Le P\u00f4le Enfance La Ruche"},"content":{"rendered":"<div class=\"block block-core-heading\">\n<h2 class=\"wp-block-heading has-text-align-center\" id=\"la-ruche-une-creche-une-halte-garderie-un-club-enfants-tout-ce-qu-il-faut-pour-les-familles\">In het hart van La Toussuire is het kindercentrum La Ruche een plaats gericht op kinderen en gezinnen.<\/h2>\n<\/div>\n\n<div class=\"block block-core-paragraph\">\n<p class=\"has-text-align-center\">In het hart van La Toussuire is het kindercentrum La Ruche een plaats <strong>gericht op kinderen en gezinnen<\/strong>.<br>Hier zoemen <strong>klein<\/strong> en <strong>groot<\/strong> rond wereldori\u00ebntatie, spelletjes en ontdekking van de natuur.<\/p>\n<\/div>\n\n<div class=\"block block-core-paragraph\">\n<p class=\"has-text-align-center\">Een kinderdagverblijf vanaf <strong>6 maanden<\/strong>, een kinderclub vanaf <strong>3 jaar<\/strong> en tal van activiteiten.<\/p>\n<\/div>\n\n<div class=\"block block-core-paragraph\">\n<p class=\"has-text-align-center\"><em>Een enkel adres om te reserveren: <a href=\"mailto:poleenfance.laruche@gmail.com\" target=\"_blank\" rel=\"noreferrer noopener\">poleenfance.laruche@gmail.com<\/a><\/em><\/p>\n<\/div>\n\n<div class=\"block block-core-paragraph\">\n<p class=\"has-text-align-center\"><em><strong>Een enkel telefoonnummer : 07 68 42 75 32<\/strong><\/em><\/p>\n<\/div>\n\n<div class=\"wp-block-image\"><div class=\"block block-core-image\">\n<figure class=\"aligncenter size-large\"><img loading=\"lazy\" decoding=\"async\" width=\"724\" height=\"1024\" src=\"https:\/\/la-toussuire.com\/wp-content\/uploads\/\/ETE-2024-La-Toussuire-NL-724x1024.png\" alt=\"\" class=\"wp-image-31510\" srcset=\"https:\/\/la-toussuire.com\/wp-content\/uploads\/ETE-2024-La-Toussuire-NL-724x1024.png 724w, https:\/\/la-toussuire.com\/wp-content\/uploads\/ETE-2024-La-Toussuire-NL-212x300.png 212w, https:\/\/la-toussuire.com\/wp-content\/uploads\/ETE-2024-La-Toussuire-NL-106x150.png 106w, https:\/\/la-toussuire.com\/wp-content\/uploads\/ETE-2024-La-Toussuire-NL-768x1086.png 768w, https:\/\/la-toussuire.com\/wp-content\/uploads\/ETE-2024-La-Toussuire-NL-1086x1536.png 1086w, https:\/\/la-toussuire.com\/wp-content\/uploads\/ETE-2024-La-Toussuire-NL.png 1414w\" sizes=\"auto, (max-width: 724px) 100vw, 724px\" \/><\/figure>\n<\/div><\/div>\n\n<div class=\"block block-core-buttons\">\n<div class=\"wp-block-buttons is-content-justification-center is-layout-flex wp-container-core-buttons-is-layout-16018d1d wp-block-buttons-is-layout-flex\"><div class=\"block block-core-button\">\n<div class=\"wp-block-button\"><a class=\"wp-block-button__link wp-element-button\" href=\"https:\/\/la-toussuire.com\/wp-content\/uploads\/ETE-2024-La-Toussuire-NL.pdf\">Het document downloaden<\/a><\/div>\n<\/div><\/div>\n<\/div>","protected":false},"excerpt":{"rendered":"<p>In het hart van La Toussuire is het kindercentrum La Ruche een plaats gericht op kinderen en gezinnen. In het hart van La Toussuire is het kindercentrum La Ruche een plaats gericht op kinderen en gezinnen.Hier zoemen klein en groot rond wereldori\u00ebntatie, spelletjes en ontdekking van de natuur. Een kinderdagverblijf vanaf 6 maanden, een kinderclub [&hellip;]<\/p>\n","protected":false},"author":2,"featured_media":8690,"parent":5872,"menu_order":3,"comment_status":"closed","ping_status":"closed","template":"page-template.php","meta":{"_acf_changed":false,"footnotes":""},"class_list":["post-10856","page","type-page","status-publish","has-post-thumbnail","hentry"],"acf":[],"yoast_head":"<!-- This site is optimized with the Yoast SEO plugin v27.1.1 - https:\/\/yoast.com\/product\/yoast-seo-wordpress\/ -->\n<title>Le P\u00f4le Enfance La Ruche - La Toussuire<\/title>\n<meta name=\"description\" content=\"Een kinderopvang, een cr\u00e8che, een kinderclub, attent en luisterend personeel, wereldori\u00ebntatie of ontdekking van de natuur.\" \/>\n<meta name=\"robots\" content=\"index, follow, max-snippet:-1, max-image-preview:large, max-video-preview:-1\" \/>\n<link rel=\"canonical\" href=\"https:\/\/la-toussuire.com\/nl\/praktische-informatie\/le-pole-enfance-la-ruche\/\" \/>\n<meta property=\"og:locale\" content=\"nl_NL\" \/>\n<meta property=\"og:type\" content=\"article\" \/>\n<meta property=\"og:title\" content=\"Le P\u00f4le Enfance La Ruche - La Toussuire\" \/>\n<meta property=\"og:description\" content=\"Een kinderopvang, een cr\u00e8che, een kinderclub, attent en luisterend personeel, wereldori\u00ebntatie of ontdekking van de natuur.\" \/>\n<meta property=\"og:url\" content=\"https:\/\/la-toussuire.com\/nl\/praktische-informatie\/le-pole-enfance-la-ruche\/\" \/>\n<meta property=\"og:site_name\" content=\"La Toussuire\" \/>\n<meta property=\"article:modified_time\" content=\"2024-05-24T09:55:09+00:00\" \/>\n<meta property=\"og:image\" content=\"https:\/\/la-toussuire.com\/wp-content\/uploads\/OTToussuire_Pole_Enfance_Presentation\u00a9LaRuche@La_Toussuire.jpg\" \/>\n\t<meta property=\"og:image:width\" content=\"1024\" \/>\n\t<meta property=\"og:image:height\" content=\"768\" \/>\n\t<meta property=\"og:image:type\" content=\"image\/jpeg\" \/>\n<meta name=\"twitter:card\" content=\"summary_large_image\" \/>\n<meta name=\"twitter:label1\" content=\"Geschatte leestijd\" \/>\n\t<meta name=\"twitter:data1\" content=\"1 minuut\" \/>\n<script type=\"application\/ld+json\" class=\"yoast-schema-graph\">{\"@context\":\"https:\/\/schema.org\",\"@graph\":[{\"@type\":\"WebPage\",\"@id\":\"https:\/\/la-toussuire.com\/nl\/praktische-informatie\/le-pole-enfance-la-ruche\/\",\"url\":\"https:\/\/la-toussuire.com\/nl\/praktische-informatie\/le-pole-enfance-la-ruche\/\",\"name\":\"Le P\u00f4le Enfance La Ruche - La Toussuire\",\"isPartOf\":{\"@id\":\"https:\/\/la-toussuire.com\/nl\/#website\"},\"primaryImageOfPage\":{\"@id\":\"https:\/\/la-toussuire.com\/nl\/praktische-informatie\/le-pole-enfance-la-ruche\/#primaryimage\"},\"image\":{\"@id\":\"https:\/\/la-toussuire.com\/nl\/praktische-informatie\/le-pole-enfance-la-ruche\/#primaryimage\"},\"thumbnailUrl\":\"https:\/\/la-toussuire.com\/wp-content\/uploads\/OTToussuire_Pole_Enfance_Presentation\u00a9LaRuche@La_Toussuire.jpg\",\"datePublished\":\"2022-09-20T13:48:21+00:00\",\"dateModified\":\"2024-05-24T09:55:09+00:00\",\"description\":\"Een kinderopvang, een cr\u00e8che, een kinderclub, attent en luisterend personeel, wereldori\u00ebntatie of ontdekking van de natuur.\",\"breadcrumb\":{\"@id\":\"https:\/\/la-toussuire.com\/nl\/praktische-informatie\/le-pole-enfance-la-ruche\/#breadcrumb\"},\"inLanguage\":\"nl-NL\",\"potentialAction\":[{\"@type\":\"ReadAction\",\"target\":[\"https:\/\/la-toussuire.com\/nl\/praktische-informatie\/le-pole-enfance-la-ruche\/\"]}]},{\"@type\":\"ImageObject\",\"inLanguage\":\"nl-NL\",\"@id\":\"https:\/\/la-toussuire.com\/nl\/praktische-informatie\/le-pole-enfance-la-ruche\/#primaryimage\",\"url\":\"https:\/\/la-toussuire.com\/wp-content\/uploads\/OTToussuire_Pole_Enfance_Presentation\u00a9LaRuche@La_Toussuire.jpg\",\"contentUrl\":\"https:\/\/la-toussuire.com\/wp-content\/uploads\/OTToussuire_Pole_Enfance_Presentation\u00a9LaRuche@La_Toussuire.jpg\",\"width\":1024,\"height\":768,\"caption\":\"La Ruche\"},{\"@type\":\"BreadcrumbList\",\"@id\":\"https:\/\/la-toussuire.com\/nl\/praktische-informatie\/le-pole-enfance-la-ruche\/#breadcrumb\",\"itemListElement\":[{\"@type\":\"ListItem\",\"position\":1,\"name\":\"Accueil\",\"item\":\"https:\/\/la-toussuire.com\/nl\/\"},{\"@type\":\"ListItem\",\"position\":2,\"name\":\"Praktische informatie\",\"item\":\"https:\/\/la-toussuire.com\/nl\/praktische-informatie\/\"},{\"@type\":\"ListItem\",\"position\":3,\"name\":\"Le P\u00f4le Enfance La Ruche\"}]},{\"@type\":\"WebSite\",\"@id\":\"https:\/\/la-toussuire.com\/nl\/#website\",\"url\":\"https:\/\/la-toussuire.com\/nl\/\",\"name\":\"La Toussuire\",\"description\":\"\",\"publisher\":{\"@id\":\"https:\/\/la-toussuire.com\/nl\/#organization\"},\"potentialAction\":[{\"@type\":\"SearchAction\",\"target\":{\"@type\":\"EntryPoint\",\"urlTemplate\":\"https:\/\/la-toussuire.com\/nl\/?s={search_term_string}\"},\"query-input\":{\"@type\":\"PropertyValueSpecification\",\"valueRequired\":true,\"valueName\":\"search_term_string\"}}],\"inLanguage\":\"nl-NL\"},{\"@type\":\"Organization\",\"@id\":\"https:\/\/la-toussuire.com\/nl\/#organization\",\"name\":\"La Toussuire\",\"url\":\"https:\/\/la-toussuire.com\/nl\/\",\"logo\":{\"@type\":\"ImageObject\",\"inLanguage\":\"nl-NL\",\"@id\":\"https:\/\/la-toussuire.com\/nl\/#\/schema\/logo\/image\/\",\"url\":\"https:\/\/la-toussuire.com\/wp-content\/uploads\/cropped-Nouveau-LA-TOUSSUIRE_Logo_Plan-de-travail-1-02.png\",\"contentUrl\":\"https:\/\/la-toussuire.com\/wp-content\/uploads\/cropped-Nouveau-LA-TOUSSUIRE_Logo_Plan-de-travail-1-02.png\",\"width\":591,\"height\":591,\"caption\":\"La Toussuire\"},\"image\":{\"@id\":\"https:\/\/la-toussuire.com\/nl\/#\/schema\/logo\/image\/\"}}]}<\/script>\n<!-- \/ Yoast SEO plugin. -->","yoast_head_json":{"title":"Le P\u00f4le Enfance La Ruche - La Toussuire","description":"Een kinderopvang, een cr\u00e8che, een kinderclub, attent en luisterend personeel, wereldori\u00ebntatie of ontdekking van de natuur.","robots":{"index":"index","follow":"follow","max-snippet":"max-snippet:-1","max-image-preview":"max-image-preview:large","max-video-preview":"max-video-preview:-1"},"canonical":"https:\/\/la-toussuire.com\/nl\/praktische-informatie\/le-pole-enfance-la-ruche\/","og_locale":"nl_NL","og_type":"article","og_title":"Le P\u00f4le Enfance La Ruche - La Toussuire","og_description":"Een kinderopvang, een cr\u00e8che, een kinderclub, attent en luisterend personeel, wereldori\u00ebntatie of ontdekking van de natuur.","og_url":"https:\/\/la-toussuire.com\/nl\/praktische-informatie\/le-pole-enfance-la-ruche\/","og_site_name":"La Toussuire","article_modified_time":"2024-05-24T09:55:09+00:00","og_image":[{"width":1024,"height":768,"url":"https:\/\/la-toussuire.com\/wp-content\/uploads\/OTToussuire_Pole_Enfance_Presentation\u00a9LaRuche@La_Toussuire.jpg","type":"image\/jpeg"}],"twitter_card":"summary_large_image","twitter_misc":{"Geschatte leestijd":"1 minuut"},"schema":{"@context":"https:\/\/schema.org","@graph":[{"@type":"WebPage","@id":"https:\/\/la-toussuire.com\/nl\/praktische-informatie\/le-pole-enfance-la-ruche\/","url":"https:\/\/la-toussuire.com\/nl\/praktische-informatie\/le-pole-enfance-la-ruche\/","name":"Le P\u00f4le Enfance La Ruche - La Toussuire","isPartOf":{"@id":"https:\/\/la-toussuire.com\/nl\/#website"},"primaryImageOfPage":{"@id":"https:\/\/la-toussuire.com\/nl\/praktische-informatie\/le-pole-enfance-la-ruche\/#primaryimage"},"image":{"@id":"https:\/\/la-toussuire.com\/nl\/praktische-informatie\/le-pole-enfance-la-ruche\/#primaryimage"},"thumbnailUrl":"https:\/\/la-toussuire.com\/wp-content\/uploads\/OTToussuire_Pole_Enfance_Presentation\u00a9LaRuche@La_Toussuire.jpg","datePublished":"2022-09-20T13:48:21+00:00","dateModified":"2024-05-24T09:55:09+00:00","description":"Een kinderopvang, een cr\u00e8che, een kinderclub, attent en luisterend personeel, wereldori\u00ebntatie of ontdekking van de natuur.","breadcrumb":{"@id":"https:\/\/la-toussuire.com\/nl\/praktische-informatie\/le-pole-enfance-la-ruche\/#breadcrumb"},"inLanguage":"nl-NL","potentialAction":[{"@type":"ReadAction","target":["https:\/\/la-toussuire.com\/nl\/praktische-informatie\/le-pole-enfance-la-ruche\/"]}]},{"@type":"ImageObject","inLanguage":"nl-NL","@id":"https:\/\/la-toussuire.com\/nl\/praktische-informatie\/le-pole-enfance-la-ruche\/#primaryimage","url":"https:\/\/la-toussuire.com\/wp-content\/uploads\/OTToussuire_Pole_Enfance_Presentation\u00a9LaRuche@La_Toussuire.jpg","contentUrl":"https:\/\/la-toussuire.com\/wp-content\/uploads\/OTToussuire_Pole_Enfance_Presentation\u00a9LaRuche@La_Toussuire.jpg","width":1024,"height":768,"caption":"La Ruche"},{"@type":"BreadcrumbList","@id":"https:\/\/la-toussuire.com\/nl\/praktische-informatie\/le-pole-enfance-la-ruche\/#breadcrumb","itemListElement":[{"@type":"ListItem","position":1,"name":"Accueil","item":"https:\/\/la-toussuire.com\/nl\/"},{"@type":"ListItem","position":2,"name":"Praktische informatie","item":"https:\/\/la-toussuire.com\/nl\/praktische-informatie\/"},{"@type":"ListItem","position":3,"name":"Le P\u00f4le Enfance La Ruche"}]},{"@type":"WebSite","@id":"https:\/\/la-toussuire.com\/nl\/#website","url":"https:\/\/la-toussuire.com\/nl\/","name":"La Toussuire","description":"","publisher":{"@id":"https:\/\/la-toussuire.com\/nl\/#organization"},"potentialAction":[{"@type":"SearchAction","target":{"@type":"EntryPoint","urlTemplate":"https:\/\/la-toussuire.com\/nl\/?s={search_term_string}"},"query-input":{"@type":"PropertyValueSpecification","valueRequired":true,"valueName":"search_term_string"}}],"inLanguage":"nl-NL"},{"@type":"Organization","@id":"https:\/\/la-toussuire.com\/nl\/#organization","name":"La Toussuire","url":"https:\/\/la-toussuire.com\/nl\/","logo":{"@type":"ImageObject","inLanguage":"nl-NL","@id":"https:\/\/la-toussuire.com\/nl\/#\/schema\/logo\/image\/","url":"https:\/\/la-toussuire.com\/wp-content\/uploads\/cropped-Nouveau-LA-TOUSSUIRE_Logo_Plan-de-travail-1-02.png","contentUrl":"https:\/\/la-toussuire.com\/wp-content\/uploads\/cropped-Nouveau-LA-TOUSSUIRE_Logo_Plan-de-travail-1-02.png","width":591,"height":591,"caption":"La Toussuire"},"image":{"@id":"https:\/\/la-toussuire.com\/nl\/#\/schema\/logo\/image\/"}}]}},"_links":{"self":[{"href":"https:\/\/la-toussuire.com\/nl\/wp-json\/wp\/v2\/pages\/10856","targetHints":{"allow":["GET"]}}],"collection":[{"href":"https:\/\/la-toussuire.com\/nl\/wp-json\/wp\/v2\/pages"}],"about":[{"href":"https:\/\/la-toussuire.com\/nl\/wp-json\/wp\/v2\/types\/page"}],"author":[{"embeddable":true,"href":"https:\/\/la-toussuire.com\/nl\/wp-json\/wp\/v2\/users\/2"}],"replies":[{"embeddable":true,"href":"https:\/\/la-toussuire.com\/nl\/wp-json\/wp\/v2\/comments?post=10856"}],"version-history":[{"count":4,"href":"https:\/\/la-toussuire.com\/nl\/wp-json\/wp\/v2\/pages\/10856\/revisions"}],"predecessor-version":[{"id":31539,"href":"https:\/\/la-toussuire.com\/nl\/wp-json\/wp\/v2\/pages\/10856\/revisions\/31539"}],"up":[{"embeddable":true,"href":"https:\/\/la-toussuire.com\/nl\/wp-json\/wp\/v2\/pages\/5872"}],"wp:featuredmedia":[{"embeddable":true,"href":"https:\/\/la-toussuire.com\/nl\/wp-json\/wp\/v2\/media\/8690"}],"wp:attachment":[{"href":"https:\/\/la-toussuire.com\/nl\/wp-json\/wp\/v2\/media?parent=10856"}],"curies":[{"name":"wp","href":"https:\/\/api.w.org\/{rel}","templated":true}]}}