{"id":10843,"date":"2022-09-20T14:38:26","date_gmt":"2022-09-20T12:38:26","guid":{"rendered":"https:\/\/la-toussuire.com\/praktische-informatie\/naar-la-toussuire-komen\/"},"modified":"2026-02-23T12:03:54","modified_gmt":"2026-02-23T11:03:54","slug":"naar-la-toussuire-komen","status":"publish","type":"page","link":"https:\/\/la-toussuire.com\/nl\/praktische-informatie\/naar-la-toussuire-komen\/","title":{"rendered":"Hoe kom ik daar?"},"content":{"rendered":"<div class=\"block block-core-heading\">\n<h2 class=\"wp-block-heading has-text-align-center\" id=\"acceder-a-la-toussuire-est-toujours-facile-et-pratique-pas-d-inquietude-pour-venir-jusqu-a-nous-et-de-toutes-facons-le-trajet-fait-partie-du-voyage\">Het traject maakt deel uit van de reis!<\/h2>\n<\/div>\n\n<div class=\"block block-core-media-text\">\n<div class=\"wp-block-media-text is-stacked-on-mobile\" style=\"grid-template-columns:54% auto\"><figure class=\"wp-block-media-text__media\"><img loading=\"lazy\" decoding=\"async\" width=\"1024\" height=\"576\" src=\"https:\/\/la-toussuire.com\/wp-content\/uploads\/\/WhatsApp-Image-2025-10-09-a-12.05.54_10e769f7-1024x576.jpg\" alt=\"\" class=\"wp-image-42019 size-full\" srcset=\"https:\/\/la-toussuire.com\/wp-content\/uploads\/WhatsApp-Image-2025-10-09-a-12.05.54_10e769f7-1024x576.jpg 1024w, https:\/\/la-toussuire.com\/wp-content\/uploads\/WhatsApp-Image-2025-10-09-a-12.05.54_10e769f7-300x169.jpg 300w, https:\/\/la-toussuire.com\/wp-content\/uploads\/WhatsApp-Image-2025-10-09-a-12.05.54_10e769f7-150x84.jpg 150w, https:\/\/la-toussuire.com\/wp-content\/uploads\/WhatsApp-Image-2025-10-09-a-12.05.54_10e769f7-768x432.jpg 768w, https:\/\/la-toussuire.com\/wp-content\/uploads\/WhatsApp-Image-2025-10-09-a-12.05.54_10e769f7-1536x864.jpg 1536w, https:\/\/la-toussuire.com\/wp-content\/uploads\/WhatsApp-Image-2025-10-09-a-12.05.54_10e769f7.jpg 1600w\" sizes=\"auto, (max-width: 1024px) 100vw, 1024px\" \/><\/figure><div class=\"wp-block-media-text__content\"><div class=\"block block-core-heading\">\n<h2 class=\"wp-block-heading has-text-align-center\">Met de auto<\/h2>\n<\/div>\n\n<div class=\"block block-core-paragraph\">\n<p class=\"has-text-align-center\">Met de auto naar ons resort komen kan niet makkelijker! Heb je vragen over de bergwet en hoe je je rijstijl kunt aanpassen aan de sneeuwomstandigheden? We leggen alles uit! <\/p>\n<\/div>\n\n<div class=\"block block-core-buttons\">\n<div class=\"wp-block-buttons is-content-justification-center is-layout-flex wp-container-core-buttons-is-layout-16018d1d wp-block-buttons-is-layout-flex\"><div class=\"block block-core-button\">\n<div class=\"wp-block-button\"><a class=\"wp-block-button__link wp-element-button\" href=\"https:\/\/la-toussuire.com\/nl\/praktische-informatie\/naar-la-toussuire-komen\/met-de-auto\/\">Alle informatie<\/a><\/div>\n<\/div><\/div>\n<\/div><\/div><\/div>\n<\/div>\n\n<div class=\"block block-core-media-text\">\n<div class=\"wp-block-media-text has-media-on-the-right is-stacked-on-mobile is-image-fill-element\" style=\"grid-template-columns:auto 46%\"><div class=\"wp-block-media-text__content\"><div class=\"block block-core-heading\">\n<h2 class=\"wp-block-heading has-text-align-center\">Met de trein <\/h2>\n<\/div>\n\n<div class=\"block block-core-paragraph\">\n<p class=\"has-text-align-center\">Reizen met de trein is mogelijk! Het station Saint-Jean-de-Maurienne ligt op slechts 25 minuten van La Toussuire. <\/p>\n<\/div>\n\n<div class=\"block block-core-buttons\">\n<div class=\"wp-block-buttons is-content-justification-center is-layout-flex wp-container-core-buttons-is-layout-16018d1d wp-block-buttons-is-layout-flex\"><div class=\"block block-core-button\">\n<div class=\"wp-block-button\"><a class=\"wp-block-button__link wp-element-button\" href=\"https:\/\/la-toussuire.com\/nl\/praktische-informatie\/naar-la-toussuire-komen\/met-de-trein\/\">Alles wat je moet weten<\/a><\/div>\n<\/div><\/div>\n<\/div><\/div><figure class=\"wp-block-media-text__media\"><img loading=\"lazy\" decoding=\"async\" width=\"960\" height=\"960\" src=\"https:\/\/la-toussuire.com\/wp-content\/uploads\/OTToussuire_Venir_La_Toussuire_Train\u00a9ChristianLue@La_Toussuire.jpg\" alt=\"Des voyageurs sur le quai d'une gare pr\u00e8s d'un train \u00e0 l'arriv\u00e9e. Ils ont des bagages et discutent.\" class=\"wp-image-8734 size-full\" style=\"object-position:50% 50%\" srcset=\"https:\/\/la-toussuire.com\/wp-content\/uploads\/OTToussuire_Venir_La_Toussuire_Train\u00a9ChristianLue@La_Toussuire.jpg 960w, https:\/\/la-toussuire.com\/wp-content\/uploads\/OTToussuire_Venir_La_Toussuire_Train\u00a9ChristianLue@La_Toussuire-300x300.jpg 300w, https:\/\/la-toussuire.com\/wp-content\/uploads\/OTToussuire_Venir_La_Toussuire_Train\u00a9ChristianLue@La_Toussuire-150x150.jpg 150w, https:\/\/la-toussuire.com\/wp-content\/uploads\/OTToussuire_Venir_La_Toussuire_Train\u00a9ChristianLue@La_Toussuire-768x768.jpg 768w\" sizes=\"auto, (max-width: 960px) 100vw, 960px\" \/><\/figure><\/div>\n<\/div>\n\n<div class=\"block block-core-media-text\">\n<div class=\"wp-block-media-text is-stacked-on-mobile is-image-fill-element\" style=\"grid-template-columns:53% auto\"><figure class=\"wp-block-media-text__media\"><img loading=\"lazy\" decoding=\"async\" width=\"960\" height=\"960\" src=\"https:\/\/la-toussuire.com\/wp-content\/uploads\/OTToussuire_Venir_La_Toussuire_Avion\u00a9MathieuOdin@La_Toussuire.jpg\" alt=\"Vanuit internationaal, met het vliegtuig\" class=\"wp-image-8725 size-full\" style=\"object-position:49% 62%\" srcset=\"https:\/\/la-toussuire.com\/wp-content\/uploads\/OTToussuire_Venir_La_Toussuire_Avion\u00a9MathieuOdin@La_Toussuire.jpg 960w, https:\/\/la-toussuire.com\/wp-content\/uploads\/OTToussuire_Venir_La_Toussuire_Avion\u00a9MathieuOdin@La_Toussuire-300x300.jpg 300w, https:\/\/la-toussuire.com\/wp-content\/uploads\/OTToussuire_Venir_La_Toussuire_Avion\u00a9MathieuOdin@La_Toussuire-150x150.jpg 150w, https:\/\/la-toussuire.com\/wp-content\/uploads\/OTToussuire_Venir_La_Toussuire_Avion\u00a9MathieuOdin@La_Toussuire-768x768.jpg 768w\" sizes=\"auto, (max-width: 960px) 100vw, 960px\" \/><\/figure><div class=\"wp-block-media-text__content\"><div class=\"block block-core-heading\">\n<h2 class=\"wp-block-heading has-text-align-center\">Met het vliegtuig <\/h2>\n<\/div>\n\n<div class=\"block block-core-paragraph\">\n<p class=\"has-text-align-center\">Er zijn verschillende internationale luchthavens in de buurt van ons resort. <\/p>\n<\/div>\n\n<div class=\"block block-core-buttons\">\n<div class=\"wp-block-buttons is-content-justification-center is-layout-flex wp-container-core-buttons-is-layout-16018d1d wp-block-buttons-is-layout-flex\"><div class=\"block block-core-button\">\n<div class=\"wp-block-button\"><a class=\"wp-block-button__link wp-element-button\" href=\"https:\/\/la-toussuire.com\/nl\/praktische-informatie\/naar-la-toussuire-komen\/met-het-vliegtuig\/\">Vlieg weg naar een wit paradijs<\/a><\/div>\n<\/div><\/div>\n<\/div><\/div><\/div>\n<\/div>\n\n<div class=\"block block-core-media-text\">\n<div class=\"wp-block-media-text has-media-on-the-right is-stacked-on-mobile is-image-fill-element\" style=\"grid-template-columns:auto 47%\"><div class=\"wp-block-media-text__content\"><div class=\"block block-core-heading\">\n<h2 class=\"wp-block-heading has-text-align-center\">In een camper <\/h2>\n<\/div>\n\n<div class=\"block block-core-paragraph\">\n<p class=\"has-text-align-center\">Want bij La Toussuire is iedereen welkom. Dit is alles wat je moet weten als je met de camper wilt komen. <\/p>\n<\/div>\n\n<div class=\"block block-core-buttons\">\n<div class=\"wp-block-buttons is-content-justification-center is-layout-flex wp-container-core-buttons-is-layout-16018d1d wp-block-buttons-is-layout-flex\"><div class=\"block block-core-button\">\n<div class=\"wp-block-button\"><a class=\"wp-block-button__link wp-element-button\" href=\"https:\/\/la-toussuire.com\/nl\/praktische-informatie\/naar-la-toussuire-komen\/in-een-camper\/\">Meer informatie<\/a><\/div>\n<\/div><\/div>\n<\/div><\/div><figure class=\"wp-block-media-text__media\"><img loading=\"lazy\" decoding=\"async\" width=\"1024\" height=\"576\" src=\"https:\/\/la-toussuire.com\/wp-content\/uploads\/\/camper-2260094_1280-1024x576.jpg\" alt=\"\" class=\"wp-image-28665 size-full\" style=\"object-position:20% 48%\" srcset=\"https:\/\/la-toussuire.com\/wp-content\/uploads\/camper-2260094_1280-1024x576.jpg 1024w, https:\/\/la-toussuire.com\/wp-content\/uploads\/camper-2260094_1280-300x169.jpg 300w, https:\/\/la-toussuire.com\/wp-content\/uploads\/camper-2260094_1280-150x84.jpg 150w, https:\/\/la-toussuire.com\/wp-content\/uploads\/camper-2260094_1280-768x432.jpg 768w, https:\/\/la-toussuire.com\/wp-content\/uploads\/camper-2260094_1280.jpg 1280w\" sizes=\"auto, (max-width: 1024px) 100vw, 1024px\" \/><\/figure><\/div>\n<\/div>","protected":false},"excerpt":{"rendered":"<p>Het traject maakt deel uit van de reis!<\/p>\n","protected":false},"author":2,"featured_media":41278,"parent":5872,"menu_order":1,"comment_status":"closed","ping_status":"closed","template":"page-template.php","meta":{"_acf_changed":false,"footnotes":""},"class_list":["post-10843","page","type-page","status-publish","has-post-thumbnail","hentry"],"acf":[],"yoast_head":"<!-- This site is optimized with the Yoast SEO plugin v27.1.1 - https:\/\/yoast.com\/product\/yoast-seo-wordpress\/ -->\n<title>Hoe kom ik daar? - La Toussuire<\/title>\n<meta name=\"description\" content=\"Hoe kom ik in La Toussuire? Per vliegtuig, trein, auto, station, shuttlebus, taxi of camper - we hebben het allemaal geregeld!\" \/>\n<meta name=\"robots\" content=\"index, follow, max-snippet:-1, max-image-preview:large, max-video-preview:-1\" \/>\n<link rel=\"canonical\" href=\"https:\/\/la-toussuire.com\/nl\/praktische-informatie\/naar-la-toussuire-komen\/\" \/>\n<meta property=\"og:locale\" content=\"nl_NL\" \/>\n<meta property=\"og:type\" content=\"article\" \/>\n<meta property=\"og:title\" content=\"Hoe kom ik daar? - La Toussuire\" \/>\n<meta property=\"og:description\" content=\"Hoe kom ik in La Toussuire? Per vliegtuig, trein, auto, station, shuttlebus, taxi of camper - we hebben het allemaal geregeld!\" \/>\n<meta property=\"og:url\" content=\"https:\/\/la-toussuire.com\/nl\/praktische-informatie\/naar-la-toussuire-komen\/\" \/>\n<meta property=\"og:site_name\" content=\"La Toussuire\" \/>\n<meta property=\"article:modified_time\" content=\"2026-02-23T11:03:54+00:00\" \/>\n<meta property=\"og:image\" content=\"https:\/\/la-toussuire.com\/wp-content\/uploads\/La-Toussuire-Shooting-Bowling-Luge-Fondue-6-web.jpg\" \/>\n\t<meta property=\"og:image:width\" content=\"6373\" \/>\n\t<meta property=\"og:image:height\" content=\"4249\" \/>\n\t<meta property=\"og:image:type\" content=\"image\/jpeg\" \/>\n<meta name=\"twitter:card\" content=\"summary_large_image\" \/>\n<meta name=\"twitter:label1\" content=\"Geschatte leestijd\" \/>\n\t<meta name=\"twitter:data1\" content=\"2 minuten\" \/>\n<script type=\"application\/ld+json\" class=\"yoast-schema-graph\">{\"@context\":\"https:\/\/schema.org\",\"@graph\":[{\"@type\":\"WebPage\",\"@id\":\"https:\/\/la-toussuire.com\/nl\/praktische-informatie\/naar-la-toussuire-komen\/\",\"url\":\"https:\/\/la-toussuire.com\/nl\/praktische-informatie\/naar-la-toussuire-komen\/\",\"name\":\"Hoe kom ik daar? - La Toussuire\",\"isPartOf\":{\"@id\":\"https:\/\/la-toussuire.com\/nl\/#website\"},\"primaryImageOfPage\":{\"@id\":\"https:\/\/la-toussuire.com\/nl\/praktische-informatie\/naar-la-toussuire-komen\/#primaryimage\"},\"image\":{\"@id\":\"https:\/\/la-toussuire.com\/nl\/praktische-informatie\/naar-la-toussuire-komen\/#primaryimage\"},\"thumbnailUrl\":\"https:\/\/la-toussuire.com\/wp-content\/uploads\/La-Toussuire-Shooting-Bowling-Luge-Fondue-6-web.jpg\",\"datePublished\":\"2022-09-20T12:38:26+00:00\",\"dateModified\":\"2026-02-23T11:03:54+00:00\",\"description\":\"Hoe kom ik in La Toussuire? Per vliegtuig, trein, auto, station, shuttlebus, taxi of camper - we hebben het allemaal geregeld!\",\"breadcrumb\":{\"@id\":\"https:\/\/la-toussuire.com\/nl\/praktische-informatie\/naar-la-toussuire-komen\/#breadcrumb\"},\"inLanguage\":\"nl-NL\",\"potentialAction\":[{\"@type\":\"ReadAction\",\"target\":[\"https:\/\/la-toussuire.com\/nl\/praktische-informatie\/naar-la-toussuire-komen\/\"]}]},{\"@type\":\"ImageObject\",\"inLanguage\":\"nl-NL\",\"@id\":\"https:\/\/la-toussuire.com\/nl\/praktische-informatie\/naar-la-toussuire-komen\/#primaryimage\",\"url\":\"https:\/\/la-toussuire.com\/wp-content\/uploads\/La-Toussuire-Shooting-Bowling-Luge-Fondue-6-web.jpg\",\"contentUrl\":\"https:\/\/la-toussuire.com\/wp-content\/uploads\/La-Toussuire-Shooting-Bowling-Luge-Fondue-6-web.jpg\",\"width\":6373,\"height\":4249,\"caption\":\"Aiguilles d'Arves - La Toussuire en hiver\"},{\"@type\":\"BreadcrumbList\",\"@id\":\"https:\/\/la-toussuire.com\/nl\/praktische-informatie\/naar-la-toussuire-komen\/#breadcrumb\",\"itemListElement\":[{\"@type\":\"ListItem\",\"position\":1,\"name\":\"Accueil\",\"item\":\"https:\/\/la-toussuire.com\/nl\/\"},{\"@type\":\"ListItem\",\"position\":2,\"name\":\"Praktische informatie\",\"item\":\"https:\/\/la-toussuire.com\/nl\/praktische-informatie\/\"},{\"@type\":\"ListItem\",\"position\":3,\"name\":\"Hoe kom ik daar?\"}]},{\"@type\":\"WebSite\",\"@id\":\"https:\/\/la-toussuire.com\/nl\/#website\",\"url\":\"https:\/\/la-toussuire.com\/nl\/\",\"name\":\"La Toussuire\",\"description\":\"\",\"publisher\":{\"@id\":\"https:\/\/la-toussuire.com\/nl\/#organization\"},\"potentialAction\":[{\"@type\":\"SearchAction\",\"target\":{\"@type\":\"EntryPoint\",\"urlTemplate\":\"https:\/\/la-toussuire.com\/nl\/?s={search_term_string}\"},\"query-input\":{\"@type\":\"PropertyValueSpecification\",\"valueRequired\":true,\"valueName\":\"search_term_string\"}}],\"inLanguage\":\"nl-NL\"},{\"@type\":\"Organization\",\"@id\":\"https:\/\/la-toussuire.com\/nl\/#organization\",\"name\":\"La Toussuire\",\"url\":\"https:\/\/la-toussuire.com\/nl\/\",\"logo\":{\"@type\":\"ImageObject\",\"inLanguage\":\"nl-NL\",\"@id\":\"https:\/\/la-toussuire.com\/nl\/#\/schema\/logo\/image\/\",\"url\":\"https:\/\/la-toussuire.com\/wp-content\/uploads\/LA-TOUSSUIRE_Logo_ALT.png\",\"contentUrl\":\"https:\/\/la-toussuire.com\/wp-content\/uploads\/LA-TOUSSUIRE_Logo_ALT.png\",\"width\":557,\"height\":325,\"caption\":\"La Toussuire\"},\"image\":{\"@id\":\"https:\/\/la-toussuire.com\/nl\/#\/schema\/logo\/image\/\"}}]}<\/script>\n<!-- \/ Yoast SEO plugin. -->","yoast_head_json":{"title":"Hoe kom ik daar? - La Toussuire","description":"Hoe kom ik in La Toussuire? Per vliegtuig, trein, auto, station, shuttlebus, taxi of camper - we hebben het allemaal geregeld!","robots":{"index":"index","follow":"follow","max-snippet":"max-snippet:-1","max-image-preview":"max-image-preview:large","max-video-preview":"max-video-preview:-1"},"canonical":"https:\/\/la-toussuire.com\/nl\/praktische-informatie\/naar-la-toussuire-komen\/","og_locale":"nl_NL","og_type":"article","og_title":"Hoe kom ik daar? - La Toussuire","og_description":"Hoe kom ik in La Toussuire? Per vliegtuig, trein, auto, station, shuttlebus, taxi of camper - we hebben het allemaal geregeld!","og_url":"https:\/\/la-toussuire.com\/nl\/praktische-informatie\/naar-la-toussuire-komen\/","og_site_name":"La Toussuire","article_modified_time":"2026-02-23T11:03:54+00:00","og_image":[{"width":6373,"height":4249,"url":"https:\/\/la-toussuire.com\/wp-content\/uploads\/La-Toussuire-Shooting-Bowling-Luge-Fondue-6-web.jpg","type":"image\/jpeg"}],"twitter_card":"summary_large_image","twitter_misc":{"Geschatte leestijd":"2 minuten"},"schema":{"@context":"https:\/\/schema.org","@graph":[{"@type":"WebPage","@id":"https:\/\/la-toussuire.com\/nl\/praktische-informatie\/naar-la-toussuire-komen\/","url":"https:\/\/la-toussuire.com\/nl\/praktische-informatie\/naar-la-toussuire-komen\/","name":"Hoe kom ik daar? - La Toussuire","isPartOf":{"@id":"https:\/\/la-toussuire.com\/nl\/#website"},"primaryImageOfPage":{"@id":"https:\/\/la-toussuire.com\/nl\/praktische-informatie\/naar-la-toussuire-komen\/#primaryimage"},"image":{"@id":"https:\/\/la-toussuire.com\/nl\/praktische-informatie\/naar-la-toussuire-komen\/#primaryimage"},"thumbnailUrl":"https:\/\/la-toussuire.com\/wp-content\/uploads\/La-Toussuire-Shooting-Bowling-Luge-Fondue-6-web.jpg","datePublished":"2022-09-20T12:38:26+00:00","dateModified":"2026-02-23T11:03:54+00:00","description":"Hoe kom ik in La Toussuire? Per vliegtuig, trein, auto, station, shuttlebus, taxi of camper - we hebben het allemaal geregeld!","breadcrumb":{"@id":"https:\/\/la-toussuire.com\/nl\/praktische-informatie\/naar-la-toussuire-komen\/#breadcrumb"},"inLanguage":"nl-NL","potentialAction":[{"@type":"ReadAction","target":["https:\/\/la-toussuire.com\/nl\/praktische-informatie\/naar-la-toussuire-komen\/"]}]},{"@type":"ImageObject","inLanguage":"nl-NL","@id":"https:\/\/la-toussuire.com\/nl\/praktische-informatie\/naar-la-toussuire-komen\/#primaryimage","url":"https:\/\/la-toussuire.com\/wp-content\/uploads\/La-Toussuire-Shooting-Bowling-Luge-Fondue-6-web.jpg","contentUrl":"https:\/\/la-toussuire.com\/wp-content\/uploads\/La-Toussuire-Shooting-Bowling-Luge-Fondue-6-web.jpg","width":6373,"height":4249,"caption":"Aiguilles d'Arves - La Toussuire en hiver"},{"@type":"BreadcrumbList","@id":"https:\/\/la-toussuire.com\/nl\/praktische-informatie\/naar-la-toussuire-komen\/#breadcrumb","itemListElement":[{"@type":"ListItem","position":1,"name":"Accueil","item":"https:\/\/la-toussuire.com\/nl\/"},{"@type":"ListItem","position":2,"name":"Praktische informatie","item":"https:\/\/la-toussuire.com\/nl\/praktische-informatie\/"},{"@type":"ListItem","position":3,"name":"Hoe kom ik daar?"}]},{"@type":"WebSite","@id":"https:\/\/la-toussuire.com\/nl\/#website","url":"https:\/\/la-toussuire.com\/nl\/","name":"La Toussuire","description":"","publisher":{"@id":"https:\/\/la-toussuire.com\/nl\/#organization"},"potentialAction":[{"@type":"SearchAction","target":{"@type":"EntryPoint","urlTemplate":"https:\/\/la-toussuire.com\/nl\/?s={search_term_string}"},"query-input":{"@type":"PropertyValueSpecification","valueRequired":true,"valueName":"search_term_string"}}],"inLanguage":"nl-NL"},{"@type":"Organization","@id":"https:\/\/la-toussuire.com\/nl\/#organization","name":"La Toussuire","url":"https:\/\/la-toussuire.com\/nl\/","logo":{"@type":"ImageObject","inLanguage":"nl-NL","@id":"https:\/\/la-toussuire.com\/nl\/#\/schema\/logo\/image\/","url":"https:\/\/la-toussuire.com\/wp-content\/uploads\/LA-TOUSSUIRE_Logo_ALT.png","contentUrl":"https:\/\/la-toussuire.com\/wp-content\/uploads\/LA-TOUSSUIRE_Logo_ALT.png","width":557,"height":325,"caption":"La Toussuire"},"image":{"@id":"https:\/\/la-toussuire.com\/nl\/#\/schema\/logo\/image\/"}}]}},"_links":{"self":[{"href":"https:\/\/la-toussuire.com\/nl\/wp-json\/wp\/v2\/pages\/10843","targetHints":{"allow":["GET"]}}],"collection":[{"href":"https:\/\/la-toussuire.com\/nl\/wp-json\/wp\/v2\/pages"}],"about":[{"href":"https:\/\/la-toussuire.com\/nl\/wp-json\/wp\/v2\/types\/page"}],"author":[{"embeddable":true,"href":"https:\/\/la-toussuire.com\/nl\/wp-json\/wp\/v2\/users\/2"}],"replies":[{"embeddable":true,"href":"https:\/\/la-toussuire.com\/nl\/wp-json\/wp\/v2\/comments?post=10843"}],"version-history":[{"count":5,"href":"https:\/\/la-toussuire.com\/nl\/wp-json\/wp\/v2\/pages\/10843\/revisions"}],"predecessor-version":[{"id":45038,"href":"https:\/\/la-toussuire.com\/nl\/wp-json\/wp\/v2\/pages\/10843\/revisions\/45038"}],"up":[{"embeddable":true,"href":"https:\/\/la-toussuire.com\/nl\/wp-json\/wp\/v2\/pages\/5872"}],"wp:featuredmedia":[{"embeddable":true,"href":"https:\/\/la-toussuire.com\/nl\/wp-json\/wp\/v2\/media\/41278"}],"wp:attachment":[{"href":"https:\/\/la-toussuire.com\/nl\/wp-json\/wp\/v2\/media?parent=10843"}],"curies":[{"name":"wp","href":"https:\/\/api.w.org\/{rel}","templated":true}]}}