{"id":10796,"date":"2022-09-07T16:39:35","date_gmt":"2022-09-07T14:39:35","guid":{"rendered":"https:\/\/la-toussuire.com\/wat-te-doen-in-de-zomer\/verken-onze-bergen\/wandelingen-en-trektochten\/raadgevingen-aan-wandelaars\/"},"modified":"2022-09-07T16:39:36","modified_gmt":"2022-09-07T14:39:36","slug":"raadgevingen-aan-wandelaars","status":"publish","type":"page","link":"https:\/\/la-toussuire.com\/nl\/wat-te-doen-in-de-zomer\/zomer-activiteiten\/wandelingen-en-trektochten\/raadgevingen-aan-wandelaars\/","title":{"rendered":"Raadgevingen aan wandelaars"},"content":{"rendered":"<div class=\"block block-core-heading\">\n<h2 class=\"wp-block-heading\">De gouden regels voor een wandeling op de top <\/h2>\n<\/div><div class=\"block block-core-paragraph\">\n<p><strong><u>V\u00f3\u00f3r vertrek&#8230;<\/u><\/strong><\/p>\n<\/div><div class=\"block block-core-paragraph\">\n<p>&#8211; Raadpleeg bij voorkeur het <strong>weerbericht<\/strong> v\u00f3\u00f3r elk vertrek en aarzel niet een wandeling uit te stellen wanneer de vooruitzichten slecht zijn.<\/p>\n<\/div><div class=\"block block-core-paragraph\">\n<p>&#8211; Kies een <strong>routebeschrijving die aangepast is aan de fysieke capaciteiten.<\/strong><\/p>\n<\/div><div class=\"block block-core-paragraph\">\n<p>&#8211; <strong>Licht uw naasten<\/strong> in over uw routebeschrijving, de datum en het uur van de voorziene terugkeer.<\/p>\n<\/div><div class=\"block block-core-paragraph\">\n<p>&#8211; Vermijd alleen te <strong>vertrekken)<\/strong><\/p>\n<\/div><div class=\"block block-core-paragraph\">\n<p><strong><u>Materiaal van de wandelaar&#8230;<\/u><\/strong><\/p>\n<\/div><div class=\"block block-core-paragraph\">\n<p>&#8211; De <strong>rugzak<\/strong> : wanneer u voor een dagtocht vertrekt, volstaat een model van kleiner dan 50 liter.<\/p>\n<\/div><div class=\"block block-core-paragraph\">\n<p> &#8211; Aan de binnenkant van de zak : <strong>warme kleding en een regencape<\/strong> (die zowel de wandelaar als de rugzak beschut), als het weer omslaat.<\/p>\n<\/div><div class=\"block block-core-paragraph\">\n<p>&#8211; <strong>Neem water,<\/strong> voorzie meerdere veldflessen (1,5 liter minimum voor een wandeling van een dag). Wegblijven van water uit beekjes en rivieren, zelfs op hoogte, het kan niet voor consumptie geschikt zijn<\/p>\n<\/div><div class=\"block block-core-paragraph\">\n<p>&#8211; Voor langere wandelingen een <strong>gedetailleerde kaart voorzien<\/strong> (op schaal 1:25 000) en een <strong>kompas<\/strong>. (bv.: Kaart IGN) evenals een <strong>isolatiedeken, een fluitje en een voorhoofdlamp.<\/strong><\/p>\n<\/div><div class=\"block block-core-paragraph\">\n<p>&#8211; Voorzie, om zich te beschermen tegen de zon, een <strong>hoed of een pet<\/strong>, <strong>zonnebril<\/strong>, <strong>zonnecr\u00e8me met sunblock<\/strong> (opgelet: zonneslagen zijn snel opgelopen op hoogte, zelfs bij bewolkte hemel).<\/p>\n<\/div><div class=\"block block-core-paragraph\">\n<p>&#8211; De <strong>schoenen :<\/strong> Het is absoluut noodzakelijk een goed paar hoge schoenen met gekartelde zolen te hebben om de schokken op te vangen. Bij aankoop wordt het aanbevolen minstens een halve maat groter te nemen in vergelijking met de maat van stadsschoenen. Waarom ? De voet zwelt op tijdens het wandelen en zou samengedrukt worden in een schoen die te krap van maat is.<\/p>\n<\/div><div class=\"block block-core-paragraph\">\n<p>&#8211; Een <strong>broek<\/strong> heeft de voorkeur op een short om schrammen en zonneslag te vermijden.<\/p>\n<\/div><div class=\"block block-core-paragraph\">\n<p> &#8211; Zich uitrusten om de dieren te observeren zonder ze te storen <strong>(verrekijker)<\/strong><\/p>\n<\/div><div class=\"block block-core-paragraph\">\n<p><strong>Raadgeving : het gewicht van de rugzak mag 10% van het lichaamsgewicht niet overschrijden.<\/strong><\/p>\n<\/div><div class=\"block block-core-file\">\n<div data-wp-interactive=\"core\/file\" class=\"wp-block-file\"><object data-wp-bind--hidden=\"!state.hasPdfPreview\" hidden class=\"wp-block-file__embed\" data=\"https:\/\/la-toussuire.com\/wp-content\/uploads\/Conseils-pratiques-aux-randonneurs.pdf\" type=\"application\/pdf\" style=\"width:100%;height:600px\" aria-label=\"Insluiting van Contenu embarqu\u00e9 Conseils-pratiques-aux-randonneurs..\"><\/object><a id=\"wp-block-file--media-8b0cda90-53be-452a-acf2-0bf1c14e2960\" href=\"https:\/\/la-toussuire.com\/wp-content\/uploads\/Conseils-pratiques-aux-randonneurs.pdf\">Conseils-pratiques-aux-randonneurs<\/a><a href=\"https:\/\/la-toussuire.com\/wp-content\/uploads\/Conseils-pratiques-aux-randonneurs.pdf\" class=\"wp-block-file__button\" download=\"\" aria-describedby=\"wp-block-file--media-8b0cda90-53be-452a-acf2-0bf1c14e2960\">Downloaden<\/a><\/div>\n<\/div>","protected":false},"excerpt":{"rendered":"<p>De gouden regels voor een wandeling op de top V\u00f3\u00f3r vertrek&#8230; &#8211; Raadpleeg bij voorkeur het weerbericht v\u00f3\u00f3r elk vertrek en aarzel niet een wandeling uit te stellen wanneer de vooruitzichten slecht zijn. &#8211; Kies een routebeschrijving die aangepast is aan de fysieke capaciteiten. &#8211; Licht uw naasten in over uw routebeschrijving, de datum en [&hellip;]<\/p>\n","protected":false},"author":3,"featured_media":8948,"parent":10760,"menu_order":1,"comment_status":"closed","ping_status":"closed","template":"page-template.php","meta":{"_acf_changed":false,"footnotes":""},"class_list":["post-10796","page","type-page","status-publish","has-post-thumbnail","hentry"],"acf":[],"yoast_head":"<!-- This site is optimized with the Yoast SEO plugin v27.1.1 - https:\/\/yoast.com\/product\/yoast-seo-wordpress\/ -->\n<title>Raadgevingen aan wandelaars - La Toussuire<\/title>\n<meta name=\"description\" content=\"Beginneling voor wandelingen ? Geen enkel probleem ! We geven u de raad te gaan wandelen in totale veiligheid !\" \/>\n<meta name=\"robots\" content=\"index, follow, max-snippet:-1, max-image-preview:large, max-video-preview:-1\" \/>\n<link rel=\"canonical\" href=\"https:\/\/la-toussuire.com\/nl\/wat-te-doen-in-de-zomer\/zomer-activiteiten\/wandelingen-en-trektochten\/raadgevingen-aan-wandelaars\/\" \/>\n<meta property=\"og:locale\" content=\"nl_NL\" \/>\n<meta property=\"og:type\" content=\"article\" \/>\n<meta property=\"og:title\" content=\"Raadgevingen aan wandelaars - La Toussuire\" \/>\n<meta property=\"og:description\" content=\"Beginneling voor wandelingen ? Geen enkel probleem ! We geven u de raad te gaan wandelen in totale veiligheid !\" \/>\n<meta property=\"og:url\" content=\"https:\/\/la-toussuire.com\/nl\/wat-te-doen-in-de-zomer\/zomer-activiteiten\/wandelingen-en-trektochten\/raadgevingen-aan-wandelaars\/\" \/>\n<meta property=\"og:site_name\" content=\"La Toussuire\" \/>\n<meta property=\"article:modified_time\" content=\"2022-09-07T14:39:36+00:00\" \/>\n<meta property=\"og:image\" content=\"https:\/\/la-toussuire.com\/wp-content\/uploads\/OTToussuire_Conseil_Randonnee_Presentation\u00a9AlbanPernet@La_Toussuire.jpg\" \/>\n\t<meta property=\"og:image:width\" content=\"1977\" \/>\n\t<meta property=\"og:image:height\" content=\"1197\" \/>\n\t<meta property=\"og:image:type\" content=\"image\/jpeg\" \/>\n<meta name=\"twitter:card\" content=\"summary_large_image\" \/>\n<meta name=\"twitter:label1\" content=\"Geschatte leestijd\" \/>\n\t<meta name=\"twitter:data1\" content=\"2 minuten\" \/>\n<script type=\"application\/ld+json\" class=\"yoast-schema-graph\">{\"@context\":\"https:\/\/schema.org\",\"@graph\":[{\"@type\":\"WebPage\",\"@id\":\"https:\/\/la-toussuire.com\/nl\/wat-te-doen-in-de-zomer\/zomer-activiteiten\/wandelingen-en-trektochten\/raadgevingen-aan-wandelaars\/\",\"url\":\"https:\/\/la-toussuire.com\/nl\/wat-te-doen-in-de-zomer\/zomer-activiteiten\/wandelingen-en-trektochten\/raadgevingen-aan-wandelaars\/\",\"name\":\"Raadgevingen aan wandelaars - La Toussuire\",\"isPartOf\":{\"@id\":\"https:\/\/la-toussuire.com\/nl\/#website\"},\"primaryImageOfPage\":{\"@id\":\"https:\/\/la-toussuire.com\/nl\/wat-te-doen-in-de-zomer\/zomer-activiteiten\/wandelingen-en-trektochten\/raadgevingen-aan-wandelaars\/#primaryimage\"},\"image\":{\"@id\":\"https:\/\/la-toussuire.com\/nl\/wat-te-doen-in-de-zomer\/zomer-activiteiten\/wandelingen-en-trektochten\/raadgevingen-aan-wandelaars\/#primaryimage\"},\"thumbnailUrl\":\"https:\/\/la-toussuire.com\/wp-content\/uploads\/OTToussuire_Conseil_Randonnee_Presentation\u00a9AlbanPernet@La_Toussuire.jpg\",\"datePublished\":\"2022-09-07T14:39:35+00:00\",\"dateModified\":\"2022-09-07T14:39:36+00:00\",\"description\":\"Beginneling voor wandelingen ? Geen enkel probleem ! We geven u de raad te gaan wandelen in totale veiligheid !\",\"breadcrumb\":{\"@id\":\"https:\/\/la-toussuire.com\/nl\/wat-te-doen-in-de-zomer\/zomer-activiteiten\/wandelingen-en-trektochten\/raadgevingen-aan-wandelaars\/#breadcrumb\"},\"inLanguage\":\"nl-NL\",\"potentialAction\":[{\"@type\":\"ReadAction\",\"target\":[\"https:\/\/la-toussuire.com\/nl\/wat-te-doen-in-de-zomer\/zomer-activiteiten\/wandelingen-en-trektochten\/raadgevingen-aan-wandelaars\/\"]}]},{\"@type\":\"ImageObject\",\"inLanguage\":\"nl-NL\",\"@id\":\"https:\/\/la-toussuire.com\/nl\/wat-te-doen-in-de-zomer\/zomer-activiteiten\/wandelingen-en-trektochten\/raadgevingen-aan-wandelaars\/#primaryimage\",\"url\":\"https:\/\/la-toussuire.com\/wp-content\/uploads\/OTToussuire_Conseil_Randonnee_Presentation\u00a9AlbanPernet@La_Toussuire.jpg\",\"contentUrl\":\"https:\/\/la-toussuire.com\/wp-content\/uploads\/OTToussuire_Conseil_Randonnee_Presentation\u00a9AlbanPernet@La_Toussuire.jpg\",\"width\":1977,\"height\":1197,\"caption\":\"Tips voor wandelingen\"},{\"@type\":\"BreadcrumbList\",\"@id\":\"https:\/\/la-toussuire.com\/nl\/wat-te-doen-in-de-zomer\/zomer-activiteiten\/wandelingen-en-trektochten\/raadgevingen-aan-wandelaars\/#breadcrumb\",\"itemListElement\":[{\"@type\":\"ListItem\",\"position\":1,\"name\":\"Accueil\",\"item\":\"https:\/\/la-toussuire.com\/nl\/\"},{\"@type\":\"ListItem\",\"position\":2,\"name\":\"Ik heb plezier\",\"item\":\"https:\/\/la-toussuire.com\/nl\/wat-te-doen-in-de-zomer\/\"},{\"@type\":\"ListItem\",\"position\":3,\"name\":\"Onze zomeractiviteiten\",\"item\":\"https:\/\/la-toussuire.com\/nl\/wat-te-doen-in-de-zomer\/zomer-activiteiten\/\"},{\"@type\":\"ListItem\",\"position\":4,\"name\":\"Wandelingen en trektochten\",\"item\":\"https:\/\/la-toussuire.com\/nl\/wat-te-doen-in-de-zomer\/zomer-activiteiten\/wandelingen-en-trektochten\/\"},{\"@type\":\"ListItem\",\"position\":5,\"name\":\"Raadgevingen aan wandelaars\"}]},{\"@type\":\"WebSite\",\"@id\":\"https:\/\/la-toussuire.com\/nl\/#website\",\"url\":\"https:\/\/la-toussuire.com\/nl\/\",\"name\":\"La Toussuire\",\"description\":\"\",\"publisher\":{\"@id\":\"https:\/\/la-toussuire.com\/nl\/#organization\"},\"potentialAction\":[{\"@type\":\"SearchAction\",\"target\":{\"@type\":\"EntryPoint\",\"urlTemplate\":\"https:\/\/la-toussuire.com\/nl\/?s={search_term_string}\"},\"query-input\":{\"@type\":\"PropertyValueSpecification\",\"valueRequired\":true,\"valueName\":\"search_term_string\"}}],\"inLanguage\":\"nl-NL\"},{\"@type\":\"Organization\",\"@id\":\"https:\/\/la-toussuire.com\/nl\/#organization\",\"name\":\"La Toussuire\",\"url\":\"https:\/\/la-toussuire.com\/nl\/\",\"logo\":{\"@type\":\"ImageObject\",\"inLanguage\":\"nl-NL\",\"@id\":\"https:\/\/la-toussuire.com\/nl\/#\/schema\/logo\/image\/\",\"url\":\"https:\/\/la-toussuire.com\/wp-content\/uploads\/cropped-Nouveau-LA-TOUSSUIRE_Logo_Plan-de-travail-1-02.png\",\"contentUrl\":\"https:\/\/la-toussuire.com\/wp-content\/uploads\/cropped-Nouveau-LA-TOUSSUIRE_Logo_Plan-de-travail-1-02.png\",\"width\":591,\"height\":591,\"caption\":\"La Toussuire\"},\"image\":{\"@id\":\"https:\/\/la-toussuire.com\/nl\/#\/schema\/logo\/image\/\"}}]}<\/script>\n<!-- \/ Yoast SEO plugin. -->","yoast_head_json":{"title":"Raadgevingen aan wandelaars - La Toussuire","description":"Beginneling voor wandelingen ? Geen enkel probleem ! We geven u de raad te gaan wandelen in totale veiligheid !","robots":{"index":"index","follow":"follow","max-snippet":"max-snippet:-1","max-image-preview":"max-image-preview:large","max-video-preview":"max-video-preview:-1"},"canonical":"https:\/\/la-toussuire.com\/nl\/wat-te-doen-in-de-zomer\/zomer-activiteiten\/wandelingen-en-trektochten\/raadgevingen-aan-wandelaars\/","og_locale":"nl_NL","og_type":"article","og_title":"Raadgevingen aan wandelaars - La Toussuire","og_description":"Beginneling voor wandelingen ? Geen enkel probleem ! We geven u de raad te gaan wandelen in totale veiligheid !","og_url":"https:\/\/la-toussuire.com\/nl\/wat-te-doen-in-de-zomer\/zomer-activiteiten\/wandelingen-en-trektochten\/raadgevingen-aan-wandelaars\/","og_site_name":"La Toussuire","article_modified_time":"2022-09-07T14:39:36+00:00","og_image":[{"width":1977,"height":1197,"url":"https:\/\/la-toussuire.com\/wp-content\/uploads\/OTToussuire_Conseil_Randonnee_Presentation\u00a9AlbanPernet@La_Toussuire.jpg","type":"image\/jpeg"}],"twitter_card":"summary_large_image","twitter_misc":{"Geschatte leestijd":"2 minuten"},"schema":{"@context":"https:\/\/schema.org","@graph":[{"@type":"WebPage","@id":"https:\/\/la-toussuire.com\/nl\/wat-te-doen-in-de-zomer\/zomer-activiteiten\/wandelingen-en-trektochten\/raadgevingen-aan-wandelaars\/","url":"https:\/\/la-toussuire.com\/nl\/wat-te-doen-in-de-zomer\/zomer-activiteiten\/wandelingen-en-trektochten\/raadgevingen-aan-wandelaars\/","name":"Raadgevingen aan wandelaars - La Toussuire","isPartOf":{"@id":"https:\/\/la-toussuire.com\/nl\/#website"},"primaryImageOfPage":{"@id":"https:\/\/la-toussuire.com\/nl\/wat-te-doen-in-de-zomer\/zomer-activiteiten\/wandelingen-en-trektochten\/raadgevingen-aan-wandelaars\/#primaryimage"},"image":{"@id":"https:\/\/la-toussuire.com\/nl\/wat-te-doen-in-de-zomer\/zomer-activiteiten\/wandelingen-en-trektochten\/raadgevingen-aan-wandelaars\/#primaryimage"},"thumbnailUrl":"https:\/\/la-toussuire.com\/wp-content\/uploads\/OTToussuire_Conseil_Randonnee_Presentation\u00a9AlbanPernet@La_Toussuire.jpg","datePublished":"2022-09-07T14:39:35+00:00","dateModified":"2022-09-07T14:39:36+00:00","description":"Beginneling voor wandelingen ? Geen enkel probleem ! We geven u de raad te gaan wandelen in totale veiligheid !","breadcrumb":{"@id":"https:\/\/la-toussuire.com\/nl\/wat-te-doen-in-de-zomer\/zomer-activiteiten\/wandelingen-en-trektochten\/raadgevingen-aan-wandelaars\/#breadcrumb"},"inLanguage":"nl-NL","potentialAction":[{"@type":"ReadAction","target":["https:\/\/la-toussuire.com\/nl\/wat-te-doen-in-de-zomer\/zomer-activiteiten\/wandelingen-en-trektochten\/raadgevingen-aan-wandelaars\/"]}]},{"@type":"ImageObject","inLanguage":"nl-NL","@id":"https:\/\/la-toussuire.com\/nl\/wat-te-doen-in-de-zomer\/zomer-activiteiten\/wandelingen-en-trektochten\/raadgevingen-aan-wandelaars\/#primaryimage","url":"https:\/\/la-toussuire.com\/wp-content\/uploads\/OTToussuire_Conseil_Randonnee_Presentation\u00a9AlbanPernet@La_Toussuire.jpg","contentUrl":"https:\/\/la-toussuire.com\/wp-content\/uploads\/OTToussuire_Conseil_Randonnee_Presentation\u00a9AlbanPernet@La_Toussuire.jpg","width":1977,"height":1197,"caption":"Tips voor wandelingen"},{"@type":"BreadcrumbList","@id":"https:\/\/la-toussuire.com\/nl\/wat-te-doen-in-de-zomer\/zomer-activiteiten\/wandelingen-en-trektochten\/raadgevingen-aan-wandelaars\/#breadcrumb","itemListElement":[{"@type":"ListItem","position":1,"name":"Accueil","item":"https:\/\/la-toussuire.com\/nl\/"},{"@type":"ListItem","position":2,"name":"Ik heb plezier","item":"https:\/\/la-toussuire.com\/nl\/wat-te-doen-in-de-zomer\/"},{"@type":"ListItem","position":3,"name":"Onze zomeractiviteiten","item":"https:\/\/la-toussuire.com\/nl\/wat-te-doen-in-de-zomer\/zomer-activiteiten\/"},{"@type":"ListItem","position":4,"name":"Wandelingen en trektochten","item":"https:\/\/la-toussuire.com\/nl\/wat-te-doen-in-de-zomer\/zomer-activiteiten\/wandelingen-en-trektochten\/"},{"@type":"ListItem","position":5,"name":"Raadgevingen aan wandelaars"}]},{"@type":"WebSite","@id":"https:\/\/la-toussuire.com\/nl\/#website","url":"https:\/\/la-toussuire.com\/nl\/","name":"La Toussuire","description":"","publisher":{"@id":"https:\/\/la-toussuire.com\/nl\/#organization"},"potentialAction":[{"@type":"SearchAction","target":{"@type":"EntryPoint","urlTemplate":"https:\/\/la-toussuire.com\/nl\/?s={search_term_string}"},"query-input":{"@type":"PropertyValueSpecification","valueRequired":true,"valueName":"search_term_string"}}],"inLanguage":"nl-NL"},{"@type":"Organization","@id":"https:\/\/la-toussuire.com\/nl\/#organization","name":"La Toussuire","url":"https:\/\/la-toussuire.com\/nl\/","logo":{"@type":"ImageObject","inLanguage":"nl-NL","@id":"https:\/\/la-toussuire.com\/nl\/#\/schema\/logo\/image\/","url":"https:\/\/la-toussuire.com\/wp-content\/uploads\/cropped-Nouveau-LA-TOUSSUIRE_Logo_Plan-de-travail-1-02.png","contentUrl":"https:\/\/la-toussuire.com\/wp-content\/uploads\/cropped-Nouveau-LA-TOUSSUIRE_Logo_Plan-de-travail-1-02.png","width":591,"height":591,"caption":"La Toussuire"},"image":{"@id":"https:\/\/la-toussuire.com\/nl\/#\/schema\/logo\/image\/"}}]}},"_links":{"self":[{"href":"https:\/\/la-toussuire.com\/nl\/wp-json\/wp\/v2\/pages\/10796","targetHints":{"allow":["GET"]}}],"collection":[{"href":"https:\/\/la-toussuire.com\/nl\/wp-json\/wp\/v2\/pages"}],"about":[{"href":"https:\/\/la-toussuire.com\/nl\/wp-json\/wp\/v2\/types\/page"}],"author":[{"embeddable":true,"href":"https:\/\/la-toussuire.com\/nl\/wp-json\/wp\/v2\/users\/3"}],"replies":[{"embeddable":true,"href":"https:\/\/la-toussuire.com\/nl\/wp-json\/wp\/v2\/comments?post=10796"}],"version-history":[{"count":3,"href":"https:\/\/la-toussuire.com\/nl\/wp-json\/wp\/v2\/pages\/10796\/revisions"}],"predecessor-version":[{"id":10799,"href":"https:\/\/la-toussuire.com\/nl\/wp-json\/wp\/v2\/pages\/10796\/revisions\/10799"}],"up":[{"embeddable":true,"href":"https:\/\/la-toussuire.com\/nl\/wp-json\/wp\/v2\/pages\/10760"}],"wp:featuredmedia":[{"embeddable":true,"href":"https:\/\/la-toussuire.com\/nl\/wp-json\/wp\/v2\/media\/8948"}],"wp:attachment":[{"href":"https:\/\/la-toussuire.com\/nl\/wp-json\/wp\/v2\/media?parent=10796"}],"curies":[{"name":"wp","href":"https:\/\/api.w.org\/{rel}","templated":true}]}}