{"id":10786,"date":"2022-09-07T14:48:21","date_gmt":"2022-09-07T12:48:21","guid":{"rendered":"https:\/\/la-toussuire.com\/wat-te-doen-in-de-zomer\/verken-onze-bergen\/vtt-vttae\/"},"modified":"2025-05-12T09:15:42","modified_gmt":"2025-05-12T07:15:42","slug":"vtt-vttae","status":"publish","type":"page","link":"https:\/\/la-toussuire.com\/nl\/wat-te-doen-in-de-zomer\/zomer-activiteiten\/vtt-vttae\/","title":{"rendered":"VTT &amp; VTTAE"},"content":{"rendered":"<div class=\"block block-core-heading\">\n<h2 class=\"wp-block-heading has-text-align-center\" id=\"le-vtt-en-famille-une-bonne-occasion-de-s-amuser-surtout-s-il-est-electrique\">De mountainbike als gezin, een goede gelegenheid om zich te amuseren, vooral wanneer het elektrisch is !<\/h2>\n<\/div><div class=\"block block-core-paragraph\">\n<p class=\"has-text-align-center\" id=\"1100-a-2250m-d-altitude-de-nombreux-parcours-jalonnent-notre-territoire-dans-les-alpages-dans-les-villages-a-l-ombre-ou-en-plein-soleil-le-vtt-et-le-vtt-ae-se-pratiquent-en-famille-ou-seul-mais-le-plaisir-est-toujours-le-meme\"><strong>1100 tot 2250 m hoogte<\/strong>, tal van routes bakenen ons gebied af. In de alpenweiden, in de dorpen, in de schaduw of in volle zon worden <strong>mountainbike<\/strong> en <strong>VTT AE<\/strong> als gezin of alleen beoefend maar <strong>het plezier is steeds hetzelfde !<\/strong> <\/p>\n<\/div><div class=\"block block-core-media-text align-wrap align-wrap-wide\">\n<div class=\"wp-block-media-text alignwide has-media-on-the-right is-stacked-on-mobile is-image-fill-element\"><div class=\"wp-block-media-text__content\"><div class=\"block block-core-heading\">\n<h2 class=\"wp-block-heading has-text-align-center\" id=\"les-parcours-de-vtt-et-vttae\">De route van mountainbike VTT en VTTAE<\/h2>\n<\/div>\n\n<div class=\"block block-core-paragraph\">\n<p class=\"has-text-align-center\">Ons gebied is vooral aangepast aan de praktijk van mountainbike en VTT AE. <strong>Brede en<\/strong> goed getekende wegen, bergen die <strong>zacht<\/strong> zijn om te beklimmen en af te dalen, men kan zich als gezin <strong>amuseren<\/strong> of <strong>uitdagingen aangaan<\/strong> onder vrienden en <em>er veel plezier uithalen !<\/em> <\/p>\n<\/div>\n\n<div class=\"block block-core-paragraph\">\n<p><\/p>\n<\/div>\n\n<div class=\"block block-core-buttons\">\n<div class=\"wp-block-buttons is-content-justification-center is-layout-flex wp-container-core-buttons-is-layout-16018d1d wp-block-buttons-is-layout-flex\"><div class=\"block block-core-button\">\n<div class=\"wp-block-button\"><a class=\"wp-block-button__link wp-element-button\" href=\"https:\/\/la-toussuire.com\/nl\/wat-te-doen-in-de-zomer\/zomer-activiteiten\/vtt-vttae\/mountainbike-en-mtb-ae-parcours\/\">De routes <\/a><\/div>\n<\/div><\/div>\n<\/div><\/div><figure class=\"wp-block-media-text__media\"><img loading=\"lazy\" decoding=\"async\" width=\"1024\" height=\"683\" src=\"https:\/\/la-toussuire.com\/wp-content\/uploads\/OTToussuire_VTT_VAE_Parcours_Circuit_Galerie\u00a9AlbanPernet@La_Toussuire.jpg\" alt=\"Deux VVTistes \u00e0 l'arr\u00eat avec leurs VTT \u00e9lectriques sur la plateau de la Toussuire\" class=\"wp-image-8886 size-full\" style=\"object-position:42% 53%\" srcset=\"https:\/\/la-toussuire.com\/wp-content\/uploads\/OTToussuire_VTT_VAE_Parcours_Circuit_Galerie\u00a9AlbanPernet@La_Toussuire.jpg 1024w, https:\/\/la-toussuire.com\/wp-content\/uploads\/OTToussuire_VTT_VAE_Parcours_Circuit_Galerie\u00a9AlbanPernet@La_Toussuire-300x200.jpg 300w, https:\/\/la-toussuire.com\/wp-content\/uploads\/OTToussuire_VTT_VAE_Parcours_Circuit_Galerie\u00a9AlbanPernet@La_Toussuire-150x100.jpg 150w, https:\/\/la-toussuire.com\/wp-content\/uploads\/OTToussuire_VTT_VAE_Parcours_Circuit_Galerie\u00a9AlbanPernet@La_Toussuire-768x512.jpg 768w\" sizes=\"auto, (max-width: 1024px) 100vw, 1024px\" \/><\/figure><\/div>\n<\/div><div class=\"block block-core-media-text align-wrap align-wrap-wide\">\n<div class=\"wp-block-media-text alignwide is-stacked-on-mobile is-image-fill-element\"><figure class=\"wp-block-media-text__media\"><img loading=\"lazy\" decoding=\"async\" width=\"1024\" height=\"683\" src=\"https:\/\/la-toussuire.com\/wp-content\/uploads\/\/OTToussuire_VTT_VAE_Locations_Presentation\u00a9AlbanPernet@La_Toussuire-1-1024x683.jpg\" alt=\"VTT Electrique poser contre une rambarde en bois devant le lac de l'Eriscal avec trois personnes.\" class=\"wp-image-8914 size-full\" style=\"object-position:50% 50%\" srcset=\"https:\/\/la-toussuire.com\/wp-content\/uploads\/OTToussuire_VTT_VAE_Locations_Presentation\u00a9AlbanPernet@La_Toussuire-1-1024x683.jpg 1024w, https:\/\/la-toussuire.com\/wp-content\/uploads\/OTToussuire_VTT_VAE_Locations_Presentation\u00a9AlbanPernet@La_Toussuire-1-300x200.jpg 300w, https:\/\/la-toussuire.com\/wp-content\/uploads\/OTToussuire_VTT_VAE_Locations_Presentation\u00a9AlbanPernet@La_Toussuire-1-150x100.jpg 150w, https:\/\/la-toussuire.com\/wp-content\/uploads\/OTToussuire_VTT_VAE_Locations_Presentation\u00a9AlbanPernet@La_Toussuire-1-768x512.jpg 768w, https:\/\/la-toussuire.com\/wp-content\/uploads\/OTToussuire_VTT_VAE_Locations_Presentation\u00a9AlbanPernet@La_Toussuire-1-1536x1024.jpg 1536w, https:\/\/la-toussuire.com\/wp-content\/uploads\/OTToussuire_VTT_VAE_Locations_Presentation\u00a9AlbanPernet@La_Toussuire-1-2048x1365.jpg 2048w\" sizes=\"auto, (max-width: 1024px) 100vw, 1024px\" \/><\/figure><div class=\"wp-block-media-text__content\"><div class=\"block block-core-heading\">\n<h2 class=\"wp-block-heading has-text-align-center\" id=\"locations\">Verhuur<\/h2>\n<\/div>\n\n<div class=\"block block-core-paragraph\">\n<p class=\"has-text-align-center\">Het is niet absoluut nodig de mountainbike mee te brengen om te genieten van een goede vakantie. Je hoeft je niet in te laden als de <strong>mountainbikes en ATV&#8217;s die je kunt huren vaak de nieuwste modellen zijn.<\/strong> <\/p>\n<\/div>\n\n<div class=\"block block-core-paragraph\">\n<p><\/p>\n<\/div>\n\n<div class=\"block block-core-buttons\">\n<div class=\"wp-block-buttons is-content-justification-center is-layout-flex wp-container-core-buttons-is-layout-16018d1d wp-block-buttons-is-layout-flex\"><div class=\"block block-core-button\">\n<div class=\"wp-block-button\"><a class=\"wp-block-button__link wp-element-button\" href=\"https:\/\/la-toussuire.com\/nl\/wat-te-doen-in-de-zomer\/zomer-activiteiten\/vtt-vttae\/verhuur-van-mountainbikes-en-atvs\/\">Eh mijn fiets !<\/a><\/div>\n<\/div><\/div>\n<\/div><\/div><\/div>\n<\/div><div class=\"block block-core-media-text align-wrap align-wrap-wide\">\n<div class=\"wp-block-media-text alignwide has-media-on-the-right is-stacked-on-mobile is-image-fill-element\"><div class=\"wp-block-media-text__content\"><div class=\"block block-core-heading\">\n<h2 class=\"wp-block-heading has-text-align-center\" id=\"randonnees-vtt-accompagnees-avec-prestataire\">Mountainbike-tochten, vergezeld door dienstverlener<\/h2>\n<\/div>\n\n<div class=\"block block-core-paragraph\">\n<p class=\"has-text-align-center\">U beheerst de mountainbike niet en u hebt zin in <strong>initiatie<\/strong> ? Uw kind is wat waaghalzerig en u hebt zin hem een cursus voor te stellen om hem te helpen zich tee <strong>beveiligen<\/strong> ? Wilt u een tochtje met het gezin maken <strong>zonder risico&#8217;s te nemen<\/strong> ? <em>De begeleide wandelingen zijn voor u gemaakt !<\/em><\/p>\n<\/div>\n\n<div class=\"block block-core-buttons\">\n<div class=\"wp-block-buttons is-content-justification-center is-layout-flex wp-container-core-buttons-is-layout-16018d1d wp-block-buttons-is-layout-flex\"><div class=\"block block-core-button\">\n<div class=\"wp-block-button\"><a class=\"wp-block-button__link wp-element-button\" href=\"https:\/\/la-toussuire.com\/nl\/wat-te-doen-in-de-zomer\/zomer-activiteiten\/vtt-vttae\/begeleide-fietstochten-met-mountainbike\/\">Vertrekken op begeleide wandeling <\/a><\/div>\n<\/div><\/div>\n<\/div><\/div><figure class=\"wp-block-media-text__media\"><img loading=\"lazy\" decoding=\"async\" width=\"1024\" height=\"576\" src=\"https:\/\/la-toussuire.com\/wp-content\/uploads\/\/OTToussuire_VTT_VAE_Rando_accompagnees_Galerie\u00a9OTToussuire@La_Toussuire-1024x576.jpg\" alt=\"Begeleide uitstap met elektrische mountainbike in la Toussuire. De foto is genomen bij het afdalen naar de gehuchten, gezien aan de rand, met de berachtig landschappen als achtergrond\" class=\"wp-image-8901 size-full\" style=\"object-position:42% 51%\" srcset=\"https:\/\/la-toussuire.com\/wp-content\/uploads\/OTToussuire_VTT_VAE_Rando_accompagnees_Galerie\u00a9OTToussuire@La_Toussuire-1024x576.jpg 1024w, https:\/\/la-toussuire.com\/wp-content\/uploads\/OTToussuire_VTT_VAE_Rando_accompagnees_Galerie\u00a9OTToussuire@La_Toussuire-300x169.jpg 300w, https:\/\/la-toussuire.com\/wp-content\/uploads\/OTToussuire_VTT_VAE_Rando_accompagnees_Galerie\u00a9OTToussuire@La_Toussuire-150x84.jpg 150w, https:\/\/la-toussuire.com\/wp-content\/uploads\/OTToussuire_VTT_VAE_Rando_accompagnees_Galerie\u00a9OTToussuire@La_Toussuire-768x432.jpg 768w, https:\/\/la-toussuire.com\/wp-content\/uploads\/OTToussuire_VTT_VAE_Rando_accompagnees_Galerie\u00a9OTToussuire@La_Toussuire-1536x864.jpg 1536w, https:\/\/la-toussuire.com\/wp-content\/uploads\/OTToussuire_VTT_VAE_Rando_accompagnees_Galerie\u00a9OTToussuire@La_Toussuire-2048x1152.jpg 2048w\" sizes=\"auto, (max-width: 1024px) 100vw, 1024px\" \/><\/figure><\/div>\n<\/div>","protected":false},"excerpt":{"rendered":"<p>De mountainbike als gezin, een goede gelegenheid om zich te amuseren, vooral wanneer het elektrisch is ! 1100 tot 2250 m hoogte, tal van routes bakenen ons gebied af. In de alpenweiden, in de dorpen, in de schaduw of in volle zon worden mountainbike en VTT AE als gezin of alleen beoefend maar het plezier [&hellip;]<\/p>\n","protected":false},"author":3,"featured_media":8912,"parent":17187,"menu_order":3,"comment_status":"closed","ping_status":"closed","template":"page-template.php","meta":{"_acf_changed":false,"footnotes":""},"class_list":["post-10786","page","type-page","status-publish","has-post-thumbnail","hentry"],"acf":[],"yoast_head":"<!-- This site is optimized with the Yoast SEO plugin v27.1.1 - https:\/\/yoast.com\/product\/yoast-seo-wordpress\/ -->\n<title>VTT &amp; VTTAE - La Toussuire<\/title>\n<meta name=\"description\" content=\"Ontdek de mountainbike en VTTAE-routebeschrijvingen als gezin of tussen vrienden ! Verhuur en begeleide uitstappen in de winkels van de winkelsportplaats.\" \/>\n<meta name=\"robots\" content=\"index, follow, max-snippet:-1, max-image-preview:large, max-video-preview:-1\" \/>\n<link rel=\"canonical\" href=\"https:\/\/la-toussuire.com\/nl\/wat-te-doen-in-de-zomer\/zomer-activiteiten\/vtt-vttae\/\" \/>\n<meta property=\"og:locale\" content=\"nl_NL\" \/>\n<meta property=\"og:type\" content=\"article\" \/>\n<meta property=\"og:title\" content=\"VTT &amp; VTTAE - La Toussuire\" \/>\n<meta property=\"og:description\" content=\"Ontdek de mountainbike en VTTAE-routebeschrijvingen als gezin of tussen vrienden ! Verhuur en begeleide uitstappen in de winkels van de winkelsportplaats.\" \/>\n<meta property=\"og:url\" content=\"https:\/\/la-toussuire.com\/nl\/wat-te-doen-in-de-zomer\/zomer-activiteiten\/vtt-vttae\/\" \/>\n<meta property=\"og:site_name\" content=\"La Toussuire\" \/>\n<meta property=\"article:modified_time\" content=\"2025-05-12T07:15:42+00:00\" \/>\n<meta property=\"og:image\" content=\"https:\/\/la-toussuire.com\/wp-content\/uploads\/OTToussuire_VTT_VAE_Presentation\u00a9AlbanPernet@La_Toussuire-1.jpg\" \/>\n\t<meta property=\"og:image:width\" content=\"2400\" \/>\n\t<meta property=\"og:image:height\" content=\"1602\" \/>\n\t<meta property=\"og:image:type\" content=\"image\/jpeg\" \/>\n<meta name=\"twitter:card\" content=\"summary_large_image\" \/>\n<meta name=\"twitter:label1\" content=\"Geschatte leestijd\" \/>\n\t<meta name=\"twitter:data1\" content=\"1 minuut\" \/>\n<script type=\"application\/ld+json\" class=\"yoast-schema-graph\">{\"@context\":\"https:\/\/schema.org\",\"@graph\":[{\"@type\":\"WebPage\",\"@id\":\"https:\/\/la-toussuire.com\/nl\/wat-te-doen-in-de-zomer\/zomer-activiteiten\/vtt-vttae\/\",\"url\":\"https:\/\/la-toussuire.com\/nl\/wat-te-doen-in-de-zomer\/zomer-activiteiten\/vtt-vttae\/\",\"name\":\"VTT &amp; VTTAE - La Toussuire\",\"isPartOf\":{\"@id\":\"https:\/\/la-toussuire.com\/nl\/#website\"},\"primaryImageOfPage\":{\"@id\":\"https:\/\/la-toussuire.com\/nl\/wat-te-doen-in-de-zomer\/zomer-activiteiten\/vtt-vttae\/#primaryimage\"},\"image\":{\"@id\":\"https:\/\/la-toussuire.com\/nl\/wat-te-doen-in-de-zomer\/zomer-activiteiten\/vtt-vttae\/#primaryimage\"},\"thumbnailUrl\":\"https:\/\/la-toussuire.com\/wp-content\/uploads\/OTToussuire_VTT_VAE_Presentation\u00a9AlbanPernet@La_Toussuire-1.jpg\",\"datePublished\":\"2022-09-07T12:48:21+00:00\",\"dateModified\":\"2025-05-12T07:15:42+00:00\",\"description\":\"Ontdek de mountainbike en VTTAE-routebeschrijvingen als gezin of tussen vrienden ! Verhuur en begeleide uitstappen in de winkels van de winkelsportplaats.\",\"breadcrumb\":{\"@id\":\"https:\/\/la-toussuire.com\/nl\/wat-te-doen-in-de-zomer\/zomer-activiteiten\/vtt-vttae\/#breadcrumb\"},\"inLanguage\":\"nl-NL\",\"potentialAction\":[{\"@type\":\"ReadAction\",\"target\":[\"https:\/\/la-toussuire.com\/nl\/wat-te-doen-in-de-zomer\/zomer-activiteiten\/vtt-vttae\/\"]}]},{\"@type\":\"ImageObject\",\"inLanguage\":\"nl-NL\",\"@id\":\"https:\/\/la-toussuire.com\/nl\/wat-te-doen-in-de-zomer\/zomer-activiteiten\/vtt-vttae\/#primaryimage\",\"url\":\"https:\/\/la-toussuire.com\/wp-content\/uploads\/OTToussuire_VTT_VAE_Presentation\u00a9AlbanPernet@La_Toussuire-1.jpg\",\"contentUrl\":\"https:\/\/la-toussuire.com\/wp-content\/uploads\/OTToussuire_VTT_VAE_Presentation\u00a9AlbanPernet@La_Toussuire-1.jpg\",\"width\":2400,\"height\":1602,\"caption\":\"Uitstap met VTTAE op Champ P\u00e9rouze\"},{\"@type\":\"BreadcrumbList\",\"@id\":\"https:\/\/la-toussuire.com\/nl\/wat-te-doen-in-de-zomer\/zomer-activiteiten\/vtt-vttae\/#breadcrumb\",\"itemListElement\":[{\"@type\":\"ListItem\",\"position\":1,\"name\":\"Accueil\",\"item\":\"https:\/\/la-toussuire.com\/nl\/\"},{\"@type\":\"ListItem\",\"position\":2,\"name\":\"Ik heb plezier\",\"item\":\"https:\/\/la-toussuire.com\/nl\/wat-te-doen-in-de-zomer\/\"},{\"@type\":\"ListItem\",\"position\":3,\"name\":\"Onze zomeractiviteiten\",\"item\":\"https:\/\/la-toussuire.com\/nl\/wat-te-doen-in-de-zomer\/zomer-activiteiten\/\"},{\"@type\":\"ListItem\",\"position\":4,\"name\":\"VTT &amp; VTTAE\"}]},{\"@type\":\"WebSite\",\"@id\":\"https:\/\/la-toussuire.com\/nl\/#website\",\"url\":\"https:\/\/la-toussuire.com\/nl\/\",\"name\":\"La Toussuire\",\"description\":\"\",\"publisher\":{\"@id\":\"https:\/\/la-toussuire.com\/nl\/#organization\"},\"potentialAction\":[{\"@type\":\"SearchAction\",\"target\":{\"@type\":\"EntryPoint\",\"urlTemplate\":\"https:\/\/la-toussuire.com\/nl\/?s={search_term_string}\"},\"query-input\":{\"@type\":\"PropertyValueSpecification\",\"valueRequired\":true,\"valueName\":\"search_term_string\"}}],\"inLanguage\":\"nl-NL\"},{\"@type\":\"Organization\",\"@id\":\"https:\/\/la-toussuire.com\/nl\/#organization\",\"name\":\"La Toussuire\",\"url\":\"https:\/\/la-toussuire.com\/nl\/\",\"logo\":{\"@type\":\"ImageObject\",\"inLanguage\":\"nl-NL\",\"@id\":\"https:\/\/la-toussuire.com\/nl\/#\/schema\/logo\/image\/\",\"url\":\"https:\/\/la-toussuire.com\/wp-content\/uploads\/LA-TOUSSUIRE_Logo_ALT.png\",\"contentUrl\":\"https:\/\/la-toussuire.com\/wp-content\/uploads\/LA-TOUSSUIRE_Logo_ALT.png\",\"width\":557,\"height\":325,\"caption\":\"La Toussuire\"},\"image\":{\"@id\":\"https:\/\/la-toussuire.com\/nl\/#\/schema\/logo\/image\/\"}}]}<\/script>\n<!-- \/ Yoast SEO plugin. -->","yoast_head_json":{"title":"VTT &amp; VTTAE - La Toussuire","description":"Ontdek de mountainbike en VTTAE-routebeschrijvingen als gezin of tussen vrienden ! Verhuur en begeleide uitstappen in de winkels van de winkelsportplaats.","robots":{"index":"index","follow":"follow","max-snippet":"max-snippet:-1","max-image-preview":"max-image-preview:large","max-video-preview":"max-video-preview:-1"},"canonical":"https:\/\/la-toussuire.com\/nl\/wat-te-doen-in-de-zomer\/zomer-activiteiten\/vtt-vttae\/","og_locale":"nl_NL","og_type":"article","og_title":"VTT &amp; VTTAE - La Toussuire","og_description":"Ontdek de mountainbike en VTTAE-routebeschrijvingen als gezin of tussen vrienden ! Verhuur en begeleide uitstappen in de winkels van de winkelsportplaats.","og_url":"https:\/\/la-toussuire.com\/nl\/wat-te-doen-in-de-zomer\/zomer-activiteiten\/vtt-vttae\/","og_site_name":"La Toussuire","article_modified_time":"2025-05-12T07:15:42+00:00","og_image":[{"width":2400,"height":1602,"url":"https:\/\/la-toussuire.com\/wp-content\/uploads\/OTToussuire_VTT_VAE_Presentation\u00a9AlbanPernet@La_Toussuire-1.jpg","type":"image\/jpeg"}],"twitter_card":"summary_large_image","twitter_misc":{"Geschatte leestijd":"1 minuut"},"schema":{"@context":"https:\/\/schema.org","@graph":[{"@type":"WebPage","@id":"https:\/\/la-toussuire.com\/nl\/wat-te-doen-in-de-zomer\/zomer-activiteiten\/vtt-vttae\/","url":"https:\/\/la-toussuire.com\/nl\/wat-te-doen-in-de-zomer\/zomer-activiteiten\/vtt-vttae\/","name":"VTT &amp; VTTAE - La Toussuire","isPartOf":{"@id":"https:\/\/la-toussuire.com\/nl\/#website"},"primaryImageOfPage":{"@id":"https:\/\/la-toussuire.com\/nl\/wat-te-doen-in-de-zomer\/zomer-activiteiten\/vtt-vttae\/#primaryimage"},"image":{"@id":"https:\/\/la-toussuire.com\/nl\/wat-te-doen-in-de-zomer\/zomer-activiteiten\/vtt-vttae\/#primaryimage"},"thumbnailUrl":"https:\/\/la-toussuire.com\/wp-content\/uploads\/OTToussuire_VTT_VAE_Presentation\u00a9AlbanPernet@La_Toussuire-1.jpg","datePublished":"2022-09-07T12:48:21+00:00","dateModified":"2025-05-12T07:15:42+00:00","description":"Ontdek de mountainbike en VTTAE-routebeschrijvingen als gezin of tussen vrienden ! Verhuur en begeleide uitstappen in de winkels van de winkelsportplaats.","breadcrumb":{"@id":"https:\/\/la-toussuire.com\/nl\/wat-te-doen-in-de-zomer\/zomer-activiteiten\/vtt-vttae\/#breadcrumb"},"inLanguage":"nl-NL","potentialAction":[{"@type":"ReadAction","target":["https:\/\/la-toussuire.com\/nl\/wat-te-doen-in-de-zomer\/zomer-activiteiten\/vtt-vttae\/"]}]},{"@type":"ImageObject","inLanguage":"nl-NL","@id":"https:\/\/la-toussuire.com\/nl\/wat-te-doen-in-de-zomer\/zomer-activiteiten\/vtt-vttae\/#primaryimage","url":"https:\/\/la-toussuire.com\/wp-content\/uploads\/OTToussuire_VTT_VAE_Presentation\u00a9AlbanPernet@La_Toussuire-1.jpg","contentUrl":"https:\/\/la-toussuire.com\/wp-content\/uploads\/OTToussuire_VTT_VAE_Presentation\u00a9AlbanPernet@La_Toussuire-1.jpg","width":2400,"height":1602,"caption":"Uitstap met VTTAE op Champ P\u00e9rouze"},{"@type":"BreadcrumbList","@id":"https:\/\/la-toussuire.com\/nl\/wat-te-doen-in-de-zomer\/zomer-activiteiten\/vtt-vttae\/#breadcrumb","itemListElement":[{"@type":"ListItem","position":1,"name":"Accueil","item":"https:\/\/la-toussuire.com\/nl\/"},{"@type":"ListItem","position":2,"name":"Ik heb plezier","item":"https:\/\/la-toussuire.com\/nl\/wat-te-doen-in-de-zomer\/"},{"@type":"ListItem","position":3,"name":"Onze zomeractiviteiten","item":"https:\/\/la-toussuire.com\/nl\/wat-te-doen-in-de-zomer\/zomer-activiteiten\/"},{"@type":"ListItem","position":4,"name":"VTT &amp; VTTAE"}]},{"@type":"WebSite","@id":"https:\/\/la-toussuire.com\/nl\/#website","url":"https:\/\/la-toussuire.com\/nl\/","name":"La Toussuire","description":"","publisher":{"@id":"https:\/\/la-toussuire.com\/nl\/#organization"},"potentialAction":[{"@type":"SearchAction","target":{"@type":"EntryPoint","urlTemplate":"https:\/\/la-toussuire.com\/nl\/?s={search_term_string}"},"query-input":{"@type":"PropertyValueSpecification","valueRequired":true,"valueName":"search_term_string"}}],"inLanguage":"nl-NL"},{"@type":"Organization","@id":"https:\/\/la-toussuire.com\/nl\/#organization","name":"La Toussuire","url":"https:\/\/la-toussuire.com\/nl\/","logo":{"@type":"ImageObject","inLanguage":"nl-NL","@id":"https:\/\/la-toussuire.com\/nl\/#\/schema\/logo\/image\/","url":"https:\/\/la-toussuire.com\/wp-content\/uploads\/LA-TOUSSUIRE_Logo_ALT.png","contentUrl":"https:\/\/la-toussuire.com\/wp-content\/uploads\/LA-TOUSSUIRE_Logo_ALT.png","width":557,"height":325,"caption":"La Toussuire"},"image":{"@id":"https:\/\/la-toussuire.com\/nl\/#\/schema\/logo\/image\/"}}]}},"_links":{"self":[{"href":"https:\/\/la-toussuire.com\/nl\/wp-json\/wp\/v2\/pages\/10786","targetHints":{"allow":["GET"]}}],"collection":[{"href":"https:\/\/la-toussuire.com\/nl\/wp-json\/wp\/v2\/pages"}],"about":[{"href":"https:\/\/la-toussuire.com\/nl\/wp-json\/wp\/v2\/types\/page"}],"author":[{"embeddable":true,"href":"https:\/\/la-toussuire.com\/nl\/wp-json\/wp\/v2\/users\/3"}],"replies":[{"embeddable":true,"href":"https:\/\/la-toussuire.com\/nl\/wp-json\/wp\/v2\/comments?post=10786"}],"version-history":[{"count":5,"href":"https:\/\/la-toussuire.com\/nl\/wp-json\/wp\/v2\/pages\/10786\/revisions"}],"predecessor-version":[{"id":37927,"href":"https:\/\/la-toussuire.com\/nl\/wp-json\/wp\/v2\/pages\/10786\/revisions\/37927"}],"up":[{"embeddable":true,"href":"https:\/\/la-toussuire.com\/nl\/wp-json\/wp\/v2\/pages\/17187"}],"wp:featuredmedia":[{"embeddable":true,"href":"https:\/\/la-toussuire.com\/nl\/wp-json\/wp\/v2\/media\/8912"}],"wp:attachment":[{"href":"https:\/\/la-toussuire.com\/nl\/wp-json\/wp\/v2\/media?parent=10786"}],"curies":[{"name":"wp","href":"https:\/\/api.w.org\/{rel}","templated":true}]}}