{"id":10741,"date":"2022-09-07T10:17:21","date_gmt":"2022-09-07T08:17:21","guid":{"rendered":"https:\/\/la-toussuire.com\/wat-te-doen-in-de-zomer\/verken-onze-bergen\/"},"modified":"2022-09-07T10:17:21","modified_gmt":"2022-09-07T08:17:21","slug":"verken-onze-bergen","status":"publish","type":"page","link":"https:\/\/la-toussuire.com\/nl\/wat-te-doen-in-de-zomer\/verken-onze-bergen\/","title":{"rendered":"Verken onze bergen"},"content":{"rendered":"<div class=\"block block-core-heading\">\n<h2 class=\"wp-block-heading\">Zoveel dingen om te doen ! <\/h2>\n<\/div><div class=\"block block-core-paragraph\">\n<p>Zin om in de bergen te <strong>verblijven om u af te reageren<\/strong>, het <strong>hoofd leeg te maken<\/strong>, u te <em>(her)<\/em><strong>ontdekken<\/strong>? U bent op de juiste plaats\u2026 In la Toussuire zijn er zoveel dingen om te <strong>doen<\/strong> en te <strong>bezichtigen<\/strong>. <em>Waar heeft u vandaag zin in<\/em>? In een <strong>wandeling<\/strong>? om wat te <strong>peddelen<\/strong> ? om wat te <strong>lopen<\/strong>\u2026 <\/p>\n<\/div><div class=\"block block-core-paragraph\">\n<p><em>Evenveel keuze als wensen op onze mooie bergen\u2026<\/em><\/p>\n<\/div><div class=\"block block-core-media-text\">\n<div class=\"wp-block-media-text alignwide is-stacked-on-mobile is-image-fill\"><figure class=\"wp-block-media-text__media\" style=\"background-image:url(https:\/\/la-toussuire.com\/wp-content\/uploads\/OTToussuire_Randonnee_Presentation\u00a9AlbanPernet@La_Toussuire-1024x683.jpg);background-position:68% 50%\"><img loading=\"lazy\" decoding=\"async\" width=\"1024\" height=\"683\" src=\"https:\/\/la-toussuire.com\/wp-content\/uploads\/OTToussuire_Randonnee_Presentation\u00a9AlbanPernet@La_Toussuire-1024x683.jpg\" alt=\"Gezin op wandel in de alpenweiden van la Toussuire met een bergachtig landschap op de achtergrond\" class=\"wp-image-9002 size-full\" srcset=\"https:\/\/la-toussuire.com\/wp-content\/uploads\/OTToussuire_Randonnee_Presentation\u00a9AlbanPernet@La_Toussuire-1024x683.jpg 1024w, https:\/\/la-toussuire.com\/wp-content\/uploads\/OTToussuire_Randonnee_Presentation\u00a9AlbanPernet@La_Toussuire-300x200.jpg 300w, https:\/\/la-toussuire.com\/wp-content\/uploads\/OTToussuire_Randonnee_Presentation\u00a9AlbanPernet@La_Toussuire-150x100.jpg 150w, https:\/\/la-toussuire.com\/wp-content\/uploads\/OTToussuire_Randonnee_Presentation\u00a9AlbanPernet@La_Toussuire-768x512.jpg 768w, https:\/\/la-toussuire.com\/wp-content\/uploads\/OTToussuire_Randonnee_Presentation\u00a9AlbanPernet@La_Toussuire-1536x1024.jpg 1536w, https:\/\/la-toussuire.com\/wp-content\/uploads\/OTToussuire_Randonnee_Presentation\u00a9AlbanPernet@La_Toussuire-2048x1365.jpg 2048w\" sizes=\"auto, (max-width: 1024px) 100vw, 1024px\" \/><\/figure><div class=\"wp-block-media-text__content\"><div class=\"block block-core-heading\">\n<h2 class=\"wp-block-heading\" id=\"balades-et-randonnees\">Tochtjes en wandelingen<\/h2>\n<\/div>\n\n<div class=\"block block-core-paragraph\">\n<p><strong>Kleine tochtjes zonder<\/strong> niveauverschillen, lopend langs de <strong>ori\u00ebntatieroute<\/strong> van de M\u00e9daille d&#8217;Or, tot grote <strong>dagwandelingen<\/strong>, vergezeld of niet, <em>u vindt allicht schoeisel voor uw voeten in onze grote keuze aan wandelschoenen.<\/em> <\/p>\n<\/div>\n\n<div class=\"block block-core-buttons\">\n<div class=\"wp-block-buttons is-layout-flex wp-block-buttons-is-layout-flex\"><div class=\"block block-core-button\">\n<div class=\"wp-block-button\"><a class=\"wp-block-button__link\" href=\"https:\/\/la-toussuire.com\/que-faire-a-la-toussuire\/explorez-nos-montagnes\/randonnees\/\">Schiet uw schoenen aan, we vertrekken !<\/a><\/div>\n<\/div><\/div>\n<\/div><\/div><\/div>\n<\/div><div class=\"block block-core-media-text\">\n<div class=\"wp-block-media-text alignwide has-media-on-the-right is-stacked-on-mobile is-image-fill\"><figure class=\"wp-block-media-text__media\" style=\"background-image:url(https:\/\/la-toussuire.com\/wp-content\/uploads\/OTToussuire_Trail_Mizuno_Presentation\u00a9AlbanPernet@La_Toussuire-1-1024x683.jpg);background-position:50% 50%\"><img loading=\"lazy\" decoding=\"async\" width=\"1024\" height=\"683\" src=\"https:\/\/la-toussuire.com\/wp-content\/uploads\/OTToussuire_Trail_Mizuno_Presentation\u00a9AlbanPernet@La_Toussuire-1-1024x683.jpg\" alt=\"Photo en contre plong\u00e9e d'une sportive en pleine course de trail avec un gros plan sur les chaussures Mizuno\" class=\"wp-image-8936 size-full\" srcset=\"https:\/\/la-toussuire.com\/wp-content\/uploads\/OTToussuire_Trail_Mizuno_Presentation\u00a9AlbanPernet@La_Toussuire-1-1024x683.jpg 1024w, https:\/\/la-toussuire.com\/wp-content\/uploads\/OTToussuire_Trail_Mizuno_Presentation\u00a9AlbanPernet@La_Toussuire-1-300x200.jpg 300w, https:\/\/la-toussuire.com\/wp-content\/uploads\/OTToussuire_Trail_Mizuno_Presentation\u00a9AlbanPernet@La_Toussuire-1-150x100.jpg 150w, https:\/\/la-toussuire.com\/wp-content\/uploads\/OTToussuire_Trail_Mizuno_Presentation\u00a9AlbanPernet@La_Toussuire-1-768x512.jpg 768w, https:\/\/la-toussuire.com\/wp-content\/uploads\/OTToussuire_Trail_Mizuno_Presentation\u00a9AlbanPernet@La_Toussuire-1-1536x1024.jpg 1536w, https:\/\/la-toussuire.com\/wp-content\/uploads\/OTToussuire_Trail_Mizuno_Presentation\u00a9AlbanPernet@La_Toussuire-1-2048x1365.jpg 2048w\" sizes=\"auto, (max-width: 1024px) 100vw, 1024px\" \/><\/figure><div class=\"wp-block-media-text__content\"><div class=\"block block-core-heading\">\n<h2 class=\"wp-block-heading\" id=\"trail\">Trailrunning<\/h2>\n<\/div>\n\n<div class=\"block block-core-paragraph\">\n<p>U houdt meer en meer van deze bijzonder <strong>intense<\/strong> discipline. We moeten toegeven dat ons gebied echt wel <strong>gunstig<\/strong> is : <em>zachte alpenweiden, gevarieerde terreinen en panorama&#8217;s die de adem benemen.<\/em> We besteden veel van onze tijd en energie aan het cre\u00ebren en bebakenen van een route in onze wintersportplaats maar ook erbuiten. <em><strong>U gaat uzelf trakteren !<\/strong><\/em><\/p>\n<\/div>\n\n<div class=\"block block-core-buttons\">\n<div class=\"wp-block-buttons is-layout-flex wp-block-buttons-is-layout-flex\"><div class=\"block block-core-button\">\n<div class=\"wp-block-button\"><a class=\"wp-block-button__link\" href=\"https:\/\/la-toussuire.com\/que-faire-a-la-toussuire\/explorez-nos-montagnes\/trail\/\">Overtref uzelf<\/a><\/div>\n<\/div><\/div>\n<\/div><\/div><\/div>\n<\/div><div class=\"block block-core-media-text\">\n<div class=\"wp-block-media-text alignwide is-stacked-on-mobile is-image-fill\"><figure class=\"wp-block-media-text__media\" style=\"background-image:url(https:\/\/la-toussuire.com\/wp-content\/uploads\/OTToussuire_VTT_VAE_Galerie\u00a9AlbanPernet@La_Toussuire.jpg);background-position:44% 50%\"><img loading=\"lazy\" decoding=\"async\" width=\"1024\" height=\"612\" src=\"https:\/\/la-toussuire.com\/wp-content\/uploads\/OTToussuire_VTT_VAE_Galerie\u00a9AlbanPernet@La_Toussuire.jpg\" alt=\"Photo prise en \u00e9t\u00e9 en pleine journ\u00e9e avec un couple de VTTiste autour du Lac de l'Eriscal. Le couple est cote \u00e0 cote sur leurs VTT dans les graviers\" class=\"wp-image-8905 size-full\" srcset=\"https:\/\/la-toussuire.com\/wp-content\/uploads\/OTToussuire_VTT_VAE_Galerie\u00a9AlbanPernet@La_Toussuire.jpg 1024w, https:\/\/la-toussuire.com\/wp-content\/uploads\/OTToussuire_VTT_VAE_Galerie\u00a9AlbanPernet@La_Toussuire-300x179.jpg 300w, https:\/\/la-toussuire.com\/wp-content\/uploads\/OTToussuire_VTT_VAE_Galerie\u00a9AlbanPernet@La_Toussuire-150x90.jpg 150w, https:\/\/la-toussuire.com\/wp-content\/uploads\/OTToussuire_VTT_VAE_Galerie\u00a9AlbanPernet@La_Toussuire-768x459.jpg 768w\" sizes=\"auto, (max-width: 1024px) 100vw, 1024px\" \/><\/figure><div class=\"wp-block-media-text__content\"><div class=\"block block-core-heading\">\n<h2 class=\"wp-block-heading\" id=\"vtt-vttae\">VTT &amp; VTTAE<\/h2>\n<\/div>\n\n<div class=\"block block-core-paragraph\">\n<p>Het terrein van La Toussuire is vooral aangepast aan het uitoefenen van <strong>mountainbike.<\/strong> Onze <em>&#8220;berg met koeien&#8221;<\/em> laat toe zich te <strong>amuseren<\/strong>, zelfs zonder intensieve training. <em>Opmerking aan mezelf : de wegen naar de gehuchten, lager gelegen dan de wintersportplaats, niet vergeten en energie van mountainbike AE besparen voor het weer naar boven gaan!<\/em><\/p>\n<\/div>\n\n<div class=\"block block-core-buttons\">\n<div class=\"wp-block-buttons is-layout-flex wp-block-buttons-is-layout-flex\"><div class=\"block block-core-button\">\n<div class=\"wp-block-button\"><a class=\"wp-block-button__link\" href=\"https:\/\/la-toussuire.com\/que-faire-a-la-toussuire\/explorez-nos-montagnes\/vtt-vttae\/\" target=\"_blank\" rel=\"noreferrer noopener\">Verken het gebied<\/a><\/div>\n<\/div><\/div>\n<\/div><\/div><\/div>\n<\/div><div class=\"block block-core-media-text\">\n<div class=\"wp-block-media-text alignwide has-media-on-the-right is-stacked-on-mobile is-image-fill\"><figure class=\"wp-block-media-text__media\" style=\"background-image:url(https:\/\/la-toussuire.com\/wp-content\/uploads\/OTToussuire_Cyclisme_Galerie\u00a9OTToussuire@La_Toussuire-683x1024.jpg);background-position:50% 86%\"><img loading=\"lazy\" decoding=\"async\" width=\"683\" height=\"1024\" src=\"https:\/\/la-toussuire.com\/wp-content\/uploads\/OTToussuire_Cyclisme_Galerie\u00a9OTToussuire@La_Toussuire-683x1024.jpg\" alt=\"Quatre cyclistes dans un virage de la mont\u00e9e de la Toussuire en train de se disputer la victoire. En arri\u00e8re plan nous pouvons observer les Aiguilles d'Arves et le Mont Charvin\" class=\"wp-image-9014 size-full\" srcset=\"https:\/\/la-toussuire.com\/wp-content\/uploads\/OTToussuire_Cyclisme_Galerie\u00a9OTToussuire@La_Toussuire-683x1024.jpg 683w, https:\/\/la-toussuire.com\/wp-content\/uploads\/OTToussuire_Cyclisme_Galerie\u00a9OTToussuire@La_Toussuire-200x300.jpg 200w, https:\/\/la-toussuire.com\/wp-content\/uploads\/OTToussuire_Cyclisme_Galerie\u00a9OTToussuire@La_Toussuire-100x150.jpg 100w, https:\/\/la-toussuire.com\/wp-content\/uploads\/OTToussuire_Cyclisme_Galerie\u00a9OTToussuire@La_Toussuire-768x1152.jpg 768w, https:\/\/la-toussuire.com\/wp-content\/uploads\/OTToussuire_Cyclisme_Galerie\u00a9OTToussuire@La_Toussuire-1024x1536.jpg 1024w, https:\/\/la-toussuire.com\/wp-content\/uploads\/OTToussuire_Cyclisme_Galerie\u00a9OTToussuire@La_Toussuire-1365x2048.jpg 1365w, https:\/\/la-toussuire.com\/wp-content\/uploads\/OTToussuire_Cyclisme_Galerie\u00a9OTToussuire@La_Toussuire-scaled.jpg 1707w\" sizes=\"auto, (max-width: 683px) 100vw, 683px\" \/><\/figure><div class=\"wp-block-media-text__content\"><div class=\"block block-core-heading\">\n<h2 class=\"wp-block-heading\" id=\"cyclisme\">Fietsen<\/h2>\n<\/div>\n\n<div class=\"block block-core-paragraph\">\n<p>In het hart <strong>van het grootste fietsgebied ter wereld\u00a9<\/strong>, in de vallei van de grootste bergen van Europa, in het midden van de meest mythische route van de Tour de France, is La Toussuire het ideale basiskamp voor <strong>fanatieke fietsklimmers.<\/strong> <\/p>\n<\/div>\n\n<div class=\"block block-core-paragraph\">\n<p>We <strong>nemen deel aan<\/strong>, <strong>sponsoren<\/strong> en <strong>moedigen<\/strong> meerdere competities aan die regelmatig bij ons langskomen. Onze beklimming, de 1ste zondag van augustus is vermaard en druk bezocht. <em>Onze kampioenen doorkruisen onze routes in alle richtingen om te trainen en te passeren. <\/em><\/p>\n<\/div>\n\n<div class=\"block block-core-paragraph\">\n<p>Ontdek onze grootste passie !<\/p>\n<\/div>\n\n<div class=\"block block-core-buttons\">\n<div class=\"wp-block-buttons is-layout-flex wp-block-buttons-is-layout-flex\"><div class=\"block block-core-button\">\n<div class=\"wp-block-button\"><a class=\"wp-block-button__link\" href=\"https:\/\/la-toussuire.com\/que-faire-a-la-toussuire\/explorez-nos-montagnes\/cyclisme\/\" target=\"_blank\" rel=\"noreferrer noopener\">De toppen beklimmen<\/a><\/div>\n<\/div><\/div>\n<\/div><\/div><\/div>\n<\/div>","protected":false},"excerpt":{"rendered":"<p>Zoveel dingen om te doen ! Zin om in de bergen te verblijven om u af te reageren, het hoofd leeg te maken, u te (her)ontdekken? U bent op de juiste plaats\u2026 In la Toussuire zijn er zoveel dingen om te doen en te bezichtigen. Waar heeft u vandaag zin in? In een wandeling? om [&hellip;]<\/p>\n","protected":false},"author":3,"featured_media":8464,"parent":5868,"menu_order":3,"comment_status":"closed","ping_status":"closed","template":"page-template.php","meta":{"_acf_changed":false,"footnotes":""},"class_list":["post-10741","page","type-page","status-publish","has-post-thumbnail","hentry"],"acf":[],"yoast_head":"<!-- This site is optimized with the Yoast SEO plugin v27.1.1 - https:\/\/yoast.com\/product\/yoast-seo-wordpress\/ -->\n<title>Verken onze bergen - La Toussuire<\/title>\n<meta name=\"description\" content=\"Geniet van de zomer om uzelf te herontdekken ! Ruimtes toegewijd aan elke sportieve discipline: Wandeling, trailrunning, mountainbike &amp; VTTAE, fietsen !\" \/>\n<meta name=\"robots\" content=\"index, follow, max-snippet:-1, max-image-preview:large, max-video-preview:-1\" \/>\n<link rel=\"canonical\" href=\"https:\/\/la-toussuire.com\/nl\/wat-te-doen-in-de-zomer\/verken-onze-bergen\/\" \/>\n<meta property=\"og:locale\" content=\"nl_NL\" \/>\n<meta property=\"og:type\" content=\"article\" \/>\n<meta property=\"og:title\" content=\"Verken onze bergen - La Toussuire\" \/>\n<meta property=\"og:description\" content=\"Geniet van de zomer om uzelf te herontdekken ! Ruimtes toegewijd aan elke sportieve discipline: Wandeling, trailrunning, mountainbike &amp; VTTAE, fietsen !\" \/>\n<meta property=\"og:url\" content=\"https:\/\/la-toussuire.com\/nl\/wat-te-doen-in-de-zomer\/verken-onze-bergen\/\" \/>\n<meta property=\"og:site_name\" content=\"La Toussuire\" \/>\n<meta property=\"og:image\" content=\"https:\/\/la-toussuire.com\/wp-content\/uploads\/OTToussuire_Explorez_nos_Montagnes_Trail_Presentation\u00a9AlbanPernet@La_Toussuire.jpg\" \/>\n\t<meta property=\"og:image:width\" content=\"2300\" \/>\n\t<meta property=\"og:image:height\" content=\"1533\" \/>\n\t<meta property=\"og:image:type\" content=\"image\/jpeg\" \/>\n<meta name=\"twitter:card\" content=\"summary_large_image\" \/>\n<meta name=\"twitter:label1\" content=\"Geschatte leestijd\" \/>\n\t<meta name=\"twitter:data1\" content=\"2 minuten\" \/>\n<script type=\"application\/ld+json\" class=\"yoast-schema-graph\">{\"@context\":\"https:\/\/schema.org\",\"@graph\":[{\"@type\":\"WebPage\",\"@id\":\"https:\/\/la-toussuire.com\/nl\/wat-te-doen-in-de-zomer\/verken-onze-bergen\/\",\"url\":\"https:\/\/la-toussuire.com\/nl\/wat-te-doen-in-de-zomer\/verken-onze-bergen\/\",\"name\":\"Verken onze bergen - La Toussuire\",\"isPartOf\":{\"@id\":\"https:\/\/la-toussuire.com\/nl\/#website\"},\"primaryImageOfPage\":{\"@id\":\"https:\/\/la-toussuire.com\/nl\/wat-te-doen-in-de-zomer\/verken-onze-bergen\/#primaryimage\"},\"image\":{\"@id\":\"https:\/\/la-toussuire.com\/nl\/wat-te-doen-in-de-zomer\/verken-onze-bergen\/#primaryimage\"},\"thumbnailUrl\":\"https:\/\/la-toussuire.com\/wp-content\/uploads\/OTToussuire_Explorez_nos_Montagnes_Trail_Presentation\u00a9AlbanPernet@La_Toussuire.jpg\",\"datePublished\":\"2022-09-07T08:17:21+00:00\",\"description\":\"Geniet van de zomer om uzelf te herontdekken ! Ruimtes toegewijd aan elke sportieve discipline: Wandeling, trailrunning, mountainbike & VTTAE, fietsen !\",\"breadcrumb\":{\"@id\":\"https:\/\/la-toussuire.com\/nl\/wat-te-doen-in-de-zomer\/verken-onze-bergen\/#breadcrumb\"},\"inLanguage\":\"nl-NL\",\"potentialAction\":[{\"@type\":\"ReadAction\",\"target\":[\"https:\/\/la-toussuire.com\/nl\/wat-te-doen-in-de-zomer\/verken-onze-bergen\/\"]}]},{\"@type\":\"ImageObject\",\"inLanguage\":\"nl-NL\",\"@id\":\"https:\/\/la-toussuire.com\/nl\/wat-te-doen-in-de-zomer\/verken-onze-bergen\/#primaryimage\",\"url\":\"https:\/\/la-toussuire.com\/wp-content\/uploads\/OTToussuire_Explorez_nos_Montagnes_Trail_Presentation\u00a9AlbanPernet@La_Toussuire.jpg\",\"contentUrl\":\"https:\/\/la-toussuire.com\/wp-content\/uploads\/OTToussuire_Explorez_nos_Montagnes_Trail_Presentation\u00a9AlbanPernet@La_Toussuire.jpg\",\"width\":2300,\"height\":1533,\"caption\":\"Trailrunning in la Toussuire\"},{\"@type\":\"BreadcrumbList\",\"@id\":\"https:\/\/la-toussuire.com\/nl\/wat-te-doen-in-de-zomer\/verken-onze-bergen\/#breadcrumb\",\"itemListElement\":[{\"@type\":\"ListItem\",\"position\":1,\"name\":\"Accueil\",\"item\":\"https:\/\/la-toussuire.com\/nl\/\"},{\"@type\":\"ListItem\",\"position\":2,\"name\":\"Ik heb plezier\",\"item\":\"https:\/\/la-toussuire.com\/nl\/wat-te-doen-in-de-zomer\/\"},{\"@type\":\"ListItem\",\"position\":3,\"name\":\"Verken onze bergen\"}]},{\"@type\":\"WebSite\",\"@id\":\"https:\/\/la-toussuire.com\/nl\/#website\",\"url\":\"https:\/\/la-toussuire.com\/nl\/\",\"name\":\"La Toussuire\",\"description\":\"\",\"publisher\":{\"@id\":\"https:\/\/la-toussuire.com\/nl\/#organization\"},\"potentialAction\":[{\"@type\":\"SearchAction\",\"target\":{\"@type\":\"EntryPoint\",\"urlTemplate\":\"https:\/\/la-toussuire.com\/nl\/?s={search_term_string}\"},\"query-input\":{\"@type\":\"PropertyValueSpecification\",\"valueRequired\":true,\"valueName\":\"search_term_string\"}}],\"inLanguage\":\"nl-NL\"},{\"@type\":\"Organization\",\"@id\":\"https:\/\/la-toussuire.com\/nl\/#organization\",\"name\":\"La Toussuire\",\"url\":\"https:\/\/la-toussuire.com\/nl\/\",\"logo\":{\"@type\":\"ImageObject\",\"inLanguage\":\"nl-NL\",\"@id\":\"https:\/\/la-toussuire.com\/nl\/#\/schema\/logo\/image\/\",\"url\":\"https:\/\/la-toussuire.com\/wp-content\/uploads\/cropped-Nouveau-LA-TOUSSUIRE_Logo_Plan-de-travail-1-02.png\",\"contentUrl\":\"https:\/\/la-toussuire.com\/wp-content\/uploads\/cropped-Nouveau-LA-TOUSSUIRE_Logo_Plan-de-travail-1-02.png\",\"width\":591,\"height\":591,\"caption\":\"La Toussuire\"},\"image\":{\"@id\":\"https:\/\/la-toussuire.com\/nl\/#\/schema\/logo\/image\/\"}}]}<\/script>\n<!-- \/ Yoast SEO plugin. -->","yoast_head_json":{"title":"Verken onze bergen - La Toussuire","description":"Geniet van de zomer om uzelf te herontdekken ! Ruimtes toegewijd aan elke sportieve discipline: Wandeling, trailrunning, mountainbike & VTTAE, fietsen !","robots":{"index":"index","follow":"follow","max-snippet":"max-snippet:-1","max-image-preview":"max-image-preview:large","max-video-preview":"max-video-preview:-1"},"canonical":"https:\/\/la-toussuire.com\/nl\/wat-te-doen-in-de-zomer\/verken-onze-bergen\/","og_locale":"nl_NL","og_type":"article","og_title":"Verken onze bergen - La Toussuire","og_description":"Geniet van de zomer om uzelf te herontdekken ! Ruimtes toegewijd aan elke sportieve discipline: Wandeling, trailrunning, mountainbike & VTTAE, fietsen !","og_url":"https:\/\/la-toussuire.com\/nl\/wat-te-doen-in-de-zomer\/verken-onze-bergen\/","og_site_name":"La Toussuire","og_image":[{"width":2300,"height":1533,"url":"https:\/\/la-toussuire.com\/wp-content\/uploads\/OTToussuire_Explorez_nos_Montagnes_Trail_Presentation\u00a9AlbanPernet@La_Toussuire.jpg","type":"image\/jpeg"}],"twitter_card":"summary_large_image","twitter_misc":{"Geschatte leestijd":"2 minuten"},"schema":{"@context":"https:\/\/schema.org","@graph":[{"@type":"WebPage","@id":"https:\/\/la-toussuire.com\/nl\/wat-te-doen-in-de-zomer\/verken-onze-bergen\/","url":"https:\/\/la-toussuire.com\/nl\/wat-te-doen-in-de-zomer\/verken-onze-bergen\/","name":"Verken onze bergen - La Toussuire","isPartOf":{"@id":"https:\/\/la-toussuire.com\/nl\/#website"},"primaryImageOfPage":{"@id":"https:\/\/la-toussuire.com\/nl\/wat-te-doen-in-de-zomer\/verken-onze-bergen\/#primaryimage"},"image":{"@id":"https:\/\/la-toussuire.com\/nl\/wat-te-doen-in-de-zomer\/verken-onze-bergen\/#primaryimage"},"thumbnailUrl":"https:\/\/la-toussuire.com\/wp-content\/uploads\/OTToussuire_Explorez_nos_Montagnes_Trail_Presentation\u00a9AlbanPernet@La_Toussuire.jpg","datePublished":"2022-09-07T08:17:21+00:00","description":"Geniet van de zomer om uzelf te herontdekken ! Ruimtes toegewijd aan elke sportieve discipline: Wandeling, trailrunning, mountainbike & VTTAE, fietsen !","breadcrumb":{"@id":"https:\/\/la-toussuire.com\/nl\/wat-te-doen-in-de-zomer\/verken-onze-bergen\/#breadcrumb"},"inLanguage":"nl-NL","potentialAction":[{"@type":"ReadAction","target":["https:\/\/la-toussuire.com\/nl\/wat-te-doen-in-de-zomer\/verken-onze-bergen\/"]}]},{"@type":"ImageObject","inLanguage":"nl-NL","@id":"https:\/\/la-toussuire.com\/nl\/wat-te-doen-in-de-zomer\/verken-onze-bergen\/#primaryimage","url":"https:\/\/la-toussuire.com\/wp-content\/uploads\/OTToussuire_Explorez_nos_Montagnes_Trail_Presentation\u00a9AlbanPernet@La_Toussuire.jpg","contentUrl":"https:\/\/la-toussuire.com\/wp-content\/uploads\/OTToussuire_Explorez_nos_Montagnes_Trail_Presentation\u00a9AlbanPernet@La_Toussuire.jpg","width":2300,"height":1533,"caption":"Trailrunning in la Toussuire"},{"@type":"BreadcrumbList","@id":"https:\/\/la-toussuire.com\/nl\/wat-te-doen-in-de-zomer\/verken-onze-bergen\/#breadcrumb","itemListElement":[{"@type":"ListItem","position":1,"name":"Accueil","item":"https:\/\/la-toussuire.com\/nl\/"},{"@type":"ListItem","position":2,"name":"Ik heb plezier","item":"https:\/\/la-toussuire.com\/nl\/wat-te-doen-in-de-zomer\/"},{"@type":"ListItem","position":3,"name":"Verken onze bergen"}]},{"@type":"WebSite","@id":"https:\/\/la-toussuire.com\/nl\/#website","url":"https:\/\/la-toussuire.com\/nl\/","name":"La Toussuire","description":"","publisher":{"@id":"https:\/\/la-toussuire.com\/nl\/#organization"},"potentialAction":[{"@type":"SearchAction","target":{"@type":"EntryPoint","urlTemplate":"https:\/\/la-toussuire.com\/nl\/?s={search_term_string}"},"query-input":{"@type":"PropertyValueSpecification","valueRequired":true,"valueName":"search_term_string"}}],"inLanguage":"nl-NL"},{"@type":"Organization","@id":"https:\/\/la-toussuire.com\/nl\/#organization","name":"La Toussuire","url":"https:\/\/la-toussuire.com\/nl\/","logo":{"@type":"ImageObject","inLanguage":"nl-NL","@id":"https:\/\/la-toussuire.com\/nl\/#\/schema\/logo\/image\/","url":"https:\/\/la-toussuire.com\/wp-content\/uploads\/cropped-Nouveau-LA-TOUSSUIRE_Logo_Plan-de-travail-1-02.png","contentUrl":"https:\/\/la-toussuire.com\/wp-content\/uploads\/cropped-Nouveau-LA-TOUSSUIRE_Logo_Plan-de-travail-1-02.png","width":591,"height":591,"caption":"La Toussuire"},"image":{"@id":"https:\/\/la-toussuire.com\/nl\/#\/schema\/logo\/image\/"}}]}},"_links":{"self":[{"href":"https:\/\/la-toussuire.com\/nl\/wp-json\/wp\/v2\/pages\/10741","targetHints":{"allow":["GET"]}}],"collection":[{"href":"https:\/\/la-toussuire.com\/nl\/wp-json\/wp\/v2\/pages"}],"about":[{"href":"https:\/\/la-toussuire.com\/nl\/wp-json\/wp\/v2\/types\/page"}],"author":[{"embeddable":true,"href":"https:\/\/la-toussuire.com\/nl\/wp-json\/wp\/v2\/users\/3"}],"replies":[{"embeddable":true,"href":"https:\/\/la-toussuire.com\/nl\/wp-json\/wp\/v2\/comments?post=10741"}],"version-history":[{"count":1,"href":"https:\/\/la-toussuire.com\/nl\/wp-json\/wp\/v2\/pages\/10741\/revisions"}],"predecessor-version":[{"id":10742,"href":"https:\/\/la-toussuire.com\/nl\/wp-json\/wp\/v2\/pages\/10741\/revisions\/10742"}],"up":[{"embeddable":true,"href":"https:\/\/la-toussuire.com\/nl\/wp-json\/wp\/v2\/pages\/5868"}],"wp:featuredmedia":[{"embeddable":true,"href":"https:\/\/la-toussuire.com\/nl\/wp-json\/wp\/v2\/media\/8464"}],"wp:attachment":[{"href":"https:\/\/la-toussuire.com\/nl\/wp-json\/wp\/v2\/media?parent=10741"}],"curies":[{"name":"wp","href":"https:\/\/api.w.org\/{rel}","templated":true}]}}