{"id":10430,"date":"2022-08-12T14:15:45","date_gmt":"2022-08-12T12:15:45","guid":{"rendered":"https:\/\/la-toussuire.com\/ontdek-la-toussuire\/de-kampioenen-van-het-oord\/girl-power-de-huidige-generatie\/lou-covarel\/"},"modified":"2022-08-12T14:15:45","modified_gmt":"2022-08-12T12:15:45","slug":"lou-covarel","status":"publish","type":"page","link":"https:\/\/la-toussuire.com\/nl\/ontdek-la-toussuire\/de-kampioenen-van-het-oord\/girl-power-de-huidige-generatie\/lou-covarel\/","title":{"rendered":"Lou Covarel"},"content":{"rendered":"<div class=\"block block-core-media-text\">\n<div class=\"wp-block-media-text alignwide is-stacked-on-mobile\"><figure class=\"wp-block-media-text__media\"><img loading=\"lazy\" decoding=\"async\" width=\"584\" height=\"840\" src=\"https:\/\/la-toussuire.com\/wp-content\/uploads\/OTToussuire_Champions_Girl_Power_Lou_Covarel\u00a9LouCovarel@La_Toussuire.jpg\" alt=\"Foto in verticaal formaat waar we in western-tenue zien met zijn paard in actie\" class=\"wp-image-8150 size-full\" srcset=\"https:\/\/la-toussuire.com\/wp-content\/uploads\/OTToussuire_Champions_Girl_Power_Lou_Covarel\u00a9LouCovarel@La_Toussuire.jpg 584w, https:\/\/la-toussuire.com\/wp-content\/uploads\/OTToussuire_Champions_Girl_Power_Lou_Covarel\u00a9LouCovarel@La_Toussuire-209x300.jpg 209w, https:\/\/la-toussuire.com\/wp-content\/uploads\/OTToussuire_Champions_Girl_Power_Lou_Covarel\u00a9LouCovarel@La_Toussuire-104x150.jpg 104w\" sizes=\"auto, (max-width: 584px) 100vw, 584px\" \/><\/figure><div class=\"wp-block-media-text__content\"><div class=\"block block-core-paragraph\">\n<p><strong>Lou Covarel<\/strong> is de kleine laatste om bij het team van lokale kampioenen te komen van La Toussuire.<\/p>\n<\/div>\n\n<div class=\"block block-core-paragraph\">\n<p>Ze is amper 16 jaar oud en doet aan <strong>western<\/strong> <strong>paardrijden.<\/strong> Haar discipline is Reining, een vorm van paardrijden \u00ab op zijn Amerikaans \u00bb dat voorkeur geft aan dressage van het paard.<\/p>\n<\/div>\n\n<div class=\"block block-core-paragraph\">\n<p>Verschillende oefeningen moeten uitgevoerd worden tijdens een wedstrijd : <em>grote trage cirkels en kleine snelle cirkels afwisselend, pirouettes (spins), stops en roll backs (halve cirkel), terugstappen en wijziging van poten.<\/em><\/p>\n<\/div>\n\n<div class=\"block block-core-paragraph\">\n<p>Het doel is de iindruk te geven dat het paard alleen werkt en met gemak. De realiteit is uiteraard volledig anders en het is daar waar de verstandhouding ruiter\/paard zijn rol speelt !<\/p>\n<\/div>\n\n<div class=\"block block-core-paragraph\">\n<p>Lou berijdt een Quarter Horse met de naam Big Chex Olena. Twee nieuwelingen zijn bezig met leren om voor aflossing te zorgen.<\/p>\n<\/div><\/div><\/div>\n<\/div><div class=\"block block-core-media-text\">\n<div class=\"wp-block-media-text alignwide has-media-on-the-right is-stacked-on-mobile\"><figure class=\"wp-block-media-text__media\"><img loading=\"lazy\" decoding=\"async\" width=\"576\" height=\"888\" src=\"https:\/\/la-toussuire.com\/wp-content\/uploads\/OTToussuire_Champions_Girl_Power_Lou_Covarel_Galerie\u00a9LouCovarel@La_Toussuire.jpg\" alt=\"Foto in verticaal formaat tijdens de Franse kampioenschappen in 2017. We kunnen Lou op haar paard zien van voren in tenue van western en volledig geconcentreerd\" class=\"wp-image-8144 size-full\" srcset=\"https:\/\/la-toussuire.com\/wp-content\/uploads\/OTToussuire_Champions_Girl_Power_Lou_Covarel_Galerie\u00a9LouCovarel@La_Toussuire.jpg 576w, https:\/\/la-toussuire.com\/wp-content\/uploads\/OTToussuire_Champions_Girl_Power_Lou_Covarel_Galerie\u00a9LouCovarel@La_Toussuire-195x300.jpg 195w, https:\/\/la-toussuire.com\/wp-content\/uploads\/OTToussuire_Champions_Girl_Power_Lou_Covarel_Galerie\u00a9LouCovarel@La_Toussuire-97x150.jpg 97w\" sizes=\"auto, (max-width: 576px) 100vw, 576px\" \/><\/figure><div class=\"wp-block-media-text__content\"><div class=\"block block-core-paragraph\">\n<p>Lou is een jong meisje die zeer <strong>sereen<\/strong> is maar niet aan specifieke training doet buiten wekelijkse sessies van klassiek paardrijden in een lokaal paardrijcentrum en aan skiwedstrijden in de winter. Momenteel aan het studeren voor bac pro CGEH (leiden en beheren van een paardonderneming), wisselt Lou school en leren in paardrijcentrum van Lumbin af waar ze sinds haar debuut voor wedstrijden traint.<\/p>\n<\/div><\/div><\/div>\n<\/div><div class=\"block block-core-media-text\">\n<div class=\"wp-block-media-text alignwide is-stacked-on-mobile\"><figure class=\"wp-block-media-text__media\"><img loading=\"lazy\" decoding=\"async\" width=\"960\" height=\"619\" src=\"https:\/\/la-toussuire.com\/wp-content\/uploads\/OTToussuire_Champions_Girl_Power_Lou_Covarel_Presentation\u00a9LouCovarel@La_Toussuire.jpg\" alt=\"Photo de Lou Covarel avec son \u00e9quipe. La photo est prise \u00e0 la fin d'une comp\u00e9tition avec les troph\u00e9es et nous pouvons voir Lou sur son cheval, de profil et en tenue de western\" class=\"wp-image-8147 size-full\" srcset=\"https:\/\/la-toussuire.com\/wp-content\/uploads\/OTToussuire_Champions_Girl_Power_Lou_Covarel_Presentation\u00a9LouCovarel@La_Toussuire.jpg 960w, https:\/\/la-toussuire.com\/wp-content\/uploads\/OTToussuire_Champions_Girl_Power_Lou_Covarel_Presentation\u00a9LouCovarel@La_Toussuire-300x193.jpg 300w, https:\/\/la-toussuire.com\/wp-content\/uploads\/OTToussuire_Champions_Girl_Power_Lou_Covarel_Presentation\u00a9LouCovarel@La_Toussuire-150x97.jpg 150w, https:\/\/la-toussuire.com\/wp-content\/uploads\/OTToussuire_Champions_Girl_Power_Lou_Covarel_Presentation\u00a9LouCovarel@La_Toussuire-768x495.jpg 768w\" sizes=\"auto, (max-width: 960px) 100vw, 960px\" \/><\/figure><div class=\"wp-block-media-text__content\"><div class=\"block block-core-paragraph\">\n<p>Ze heeft reeds een indrukwekkend palmares voor haar leeftijd :<\/p>\n<\/div>\n\n<div class=\"block block-core-paragraph\">\n<p>Lid van de <strong>Franse ploeg.<\/strong><\/p>\n<\/div>\n\n<div class=\"block block-core-paragraph\">\n<p><strong>6-maal Franse kampioene<\/strong> waarvan eenmaal en categorie Rookie (niet-pro, volwassenen en kinderen verenigd).<\/p>\n<\/div>\n\n<div class=\"block block-core-paragraph\">\n<p><strong>Top five klassement junior FEI<\/strong>(F\u00e9d\u00e9ration \u00e9questre internationale)<\/p>\n<\/div>\n\n<div class=\"block block-core-paragraph\">\n<p>Ze heeft ook <strong>3 maal na elkaar de boucle des high points<\/strong> (nationaal klassement per punten) behaald, overeenstemmend met haar leeftijd.<\/p>\n<\/div>\n\n<div class=\"block block-core-paragraph\">\n<p>Een \u201ctabel van beloningen\u201d die zeker wel enkel doet beginnen !<\/p>\n<\/div><\/div><\/div>\n<\/div><div class=\"block block-core-media-text\">\n<div class=\"wp-block-media-text alignwide has-media-on-the-right is-stacked-on-mobile is-image-fill\"><figure class=\"wp-block-media-text__media\" style=\"background-image:url(https:\/\/la-toussuire.com\/wp-content\/uploads\/OTToussuire_Champions_Girl_Power_Lou_Covarel_Arceville\u00a9LouCovarel@La_Toussuire-1024x683.jpeg);background-position:70% 48%\"><img loading=\"lazy\" decoding=\"async\" width=\"1024\" height=\"683\" src=\"https:\/\/la-toussuire.com\/wp-content\/uploads\/OTToussuire_Champions_Girl_Power_Lou_Covarel_Arceville\u00a9LouCovarel@La_Toussuire-1024x683.jpeg\" alt=\"Lou Covarel en pleine comp\u00e9tition d'\u00e9quitation Western avec son cheval\" class=\"wp-image-10010 size-full\" srcset=\"https:\/\/la-toussuire.com\/wp-content\/uploads\/OTToussuire_Champions_Girl_Power_Lou_Covarel_Arceville\u00a9LouCovarel@La_Toussuire-1024x683.jpeg 1024w, https:\/\/la-toussuire.com\/wp-content\/uploads\/OTToussuire_Champions_Girl_Power_Lou_Covarel_Arceville\u00a9LouCovarel@La_Toussuire-300x200.jpeg 300w, https:\/\/la-toussuire.com\/wp-content\/uploads\/OTToussuire_Champions_Girl_Power_Lou_Covarel_Arceville\u00a9LouCovarel@La_Toussuire-150x100.jpeg 150w, https:\/\/la-toussuire.com\/wp-content\/uploads\/OTToussuire_Champions_Girl_Power_Lou_Covarel_Arceville\u00a9LouCovarel@La_Toussuire-768x512.jpeg 768w, https:\/\/la-toussuire.com\/wp-content\/uploads\/OTToussuire_Champions_Girl_Power_Lou_Covarel_Arceville\u00a9LouCovarel@La_Toussuire.jpeg 1440w\" sizes=\"auto, (max-width: 1024px) 100vw, 1024px\" \/><\/figure><div class=\"wp-block-media-text__content\"><div class=\"block block-core-paragraph\">\n<p class=\"has-large-font-size\">2022<\/p>\n<\/div>\n\n<div class=\"block block-core-paragraph\">\n<p><strong>Mei Mooslargues (Elzas)<\/strong><\/p>\n<\/div>\n\n<div class=\"block block-core-paragraph\">\n<p>2e jeugd 14\/18<\/p>\n<\/div>\n\n<div class=\"block block-core-paragraph\">\n<p>3 e jeugd 14\/18<\/p>\n<\/div>\n\n<div class=\"block block-core-paragraph\">\n<p>3e van het beginnende paard open<\/p>\n<\/div>\n\n<div class=\"block block-core-paragraph\">\n<p>4e intermediate non pro <\/p>\n<\/div>\n\n<div class=\"block block-core-paragraph\">\n<p><strong>Juni op Bo Ranch (Fontainebleau)<\/strong><\/p>\n<\/div>\n\n<div class=\"block block-core-paragraph\">\n<p>1e jeugd 14\/18<\/p>\n<\/div>\n\n<div class=\"block block-core-paragraph\">\n<p>5e plaats in niet-pro niveau 2 volwassenheid en top tien niet-pro niveau 4 volwassenheid<\/p>\n<\/div>\n\n<div class=\"block block-core-paragraph\">\n<p>Top tien non pro \/ intermediate non pro<\/p>\n<\/div><\/div><\/div>\n<\/div>","protected":false},"excerpt":{"rendered":"<p>Lou Covarel is de kleine laatste om bij het team van lokale kampioenen te komen van La Toussuire. Ze is amper 16 jaar oud en doet aan western paardrijden. Haar discipline is Reining, een vorm van paardrijden \u00ab op zijn Amerikaans \u00bb dat voorkeur geft aan dressage van het paard. Verschillende oefeningen moeten uitgevoerd worden [&hellip;]<\/p>\n","protected":false},"author":2,"featured_media":10010,"parent":10329,"menu_order":5,"comment_status":"closed","ping_status":"closed","template":"page-template.php","meta":{"_acf_changed":false,"footnotes":""},"class_list":["post-10430","page","type-page","status-publish","has-post-thumbnail","hentry"],"acf":[],"yoast_head":"<!-- This site is optimized with the Yoast SEO plugin v27.1.1 - https:\/\/yoast.com\/product\/yoast-seo-wordpress\/ -->\n<title>Lou Covarel - La Toussuire<\/title>\n<meta name=\"description\" content=\"Lou Covarel is kampioene western-paardrijden in de discipline Reining. ze doet ook aan alpineski\u00ebn in competitie\" \/>\n<meta name=\"robots\" content=\"index, follow, max-snippet:-1, max-image-preview:large, max-video-preview:-1\" \/>\n<link rel=\"canonical\" href=\"https:\/\/la-toussuire.com\/nl\/ontdek-la-toussuire\/de-kampioenen-van-het-oord\/girl-power-de-huidige-generatie\/lou-covarel\/\" \/>\n<meta property=\"og:locale\" content=\"nl_NL\" \/>\n<meta property=\"og:type\" content=\"article\" \/>\n<meta property=\"og:title\" content=\"Lou Covarel - La Toussuire\" \/>\n<meta property=\"og:description\" content=\"Lou Covarel is kampioene western-paardrijden in de discipline Reining. ze doet ook aan alpineski\u00ebn in competitie\" \/>\n<meta property=\"og:url\" content=\"https:\/\/la-toussuire.com\/nl\/ontdek-la-toussuire\/de-kampioenen-van-het-oord\/girl-power-de-huidige-generatie\/lou-covarel\/\" \/>\n<meta property=\"og:site_name\" content=\"La Toussuire\" \/>\n<meta property=\"og:image\" content=\"https:\/\/la-toussuire.com\/wp-content\/uploads\/OTToussuire_Champions_Girl_Power_Lou_Covarel_Arceville\u00a9LouCovarel@La_Toussuire.jpeg\" \/>\n\t<meta property=\"og:image:width\" content=\"1440\" \/>\n\t<meta property=\"og:image:height\" content=\"960\" \/>\n\t<meta property=\"og:image:type\" content=\"image\/jpeg\" \/>\n<meta name=\"twitter:card\" content=\"summary_large_image\" \/>\n<meta name=\"twitter:label1\" content=\"Geschatte leestijd\" \/>\n\t<meta name=\"twitter:data1\" content=\"2 minuten\" \/>\n<script type=\"application\/ld+json\" class=\"yoast-schema-graph\">{\"@context\":\"https:\/\/schema.org\",\"@graph\":[{\"@type\":\"WebPage\",\"@id\":\"https:\/\/la-toussuire.com\/nl\/ontdek-la-toussuire\/de-kampioenen-van-het-oord\/girl-power-de-huidige-generatie\/lou-covarel\/\",\"url\":\"https:\/\/la-toussuire.com\/nl\/ontdek-la-toussuire\/de-kampioenen-van-het-oord\/girl-power-de-huidige-generatie\/lou-covarel\/\",\"name\":\"Lou Covarel - La Toussuire\",\"isPartOf\":{\"@id\":\"https:\/\/la-toussuire.com\/nl\/#website\"},\"primaryImageOfPage\":{\"@id\":\"https:\/\/la-toussuire.com\/nl\/ontdek-la-toussuire\/de-kampioenen-van-het-oord\/girl-power-de-huidige-generatie\/lou-covarel\/#primaryimage\"},\"image\":{\"@id\":\"https:\/\/la-toussuire.com\/nl\/ontdek-la-toussuire\/de-kampioenen-van-het-oord\/girl-power-de-huidige-generatie\/lou-covarel\/#primaryimage\"},\"thumbnailUrl\":\"https:\/\/la-toussuire.com\/wp-content\/uploads\/OTToussuire_Champions_Girl_Power_Lou_Covarel_Arceville\u00a9LouCovarel@La_Toussuire.jpeg\",\"datePublished\":\"2022-08-12T12:15:45+00:00\",\"description\":\"Lou Covarel is kampioene western-paardrijden in de discipline Reining. ze doet ook aan alpineski\u00ebn in competitie\",\"breadcrumb\":{\"@id\":\"https:\/\/la-toussuire.com\/nl\/ontdek-la-toussuire\/de-kampioenen-van-het-oord\/girl-power-de-huidige-generatie\/lou-covarel\/#breadcrumb\"},\"inLanguage\":\"nl-NL\",\"potentialAction\":[{\"@type\":\"ReadAction\",\"target\":[\"https:\/\/la-toussuire.com\/nl\/ontdek-la-toussuire\/de-kampioenen-van-het-oord\/girl-power-de-huidige-generatie\/lou-covarel\/\"]}]},{\"@type\":\"ImageObject\",\"inLanguage\":\"nl-NL\",\"@id\":\"https:\/\/la-toussuire.com\/nl\/ontdek-la-toussuire\/de-kampioenen-van-het-oord\/girl-power-de-huidige-generatie\/lou-covarel\/#primaryimage\",\"url\":\"https:\/\/la-toussuire.com\/wp-content\/uploads\/OTToussuire_Champions_Girl_Power_Lou_Covarel_Arceville\u00a9LouCovarel@La_Toussuire.jpeg\",\"contentUrl\":\"https:\/\/la-toussuire.com\/wp-content\/uploads\/OTToussuire_Champions_Girl_Power_Lou_Covarel_Arceville\u00a9LouCovarel@La_Toussuire.jpeg\",\"width\":1440,\"height\":960,\"caption\":\"Lou Covarel\"},{\"@type\":\"BreadcrumbList\",\"@id\":\"https:\/\/la-toussuire.com\/nl\/ontdek-la-toussuire\/de-kampioenen-van-het-oord\/girl-power-de-huidige-generatie\/lou-covarel\/#breadcrumb\",\"itemListElement\":[{\"@type\":\"ListItem\",\"position\":1,\"name\":\"Accueil\",\"item\":\"https:\/\/la-toussuire.com\/nl\/\"},{\"@type\":\"ListItem\",\"position\":2,\"name\":\"Ik verken\",\"item\":\"https:\/\/la-toussuire.com\/nl\/ontdek-la-toussuire\/\"},{\"@type\":\"ListItem\",\"position\":3,\"name\":\"Onze kampioenen\",\"item\":\"https:\/\/la-toussuire.com\/nl\/ontdek-la-toussuire\/de-kampioenen-van-het-oord\/\"},{\"@type\":\"ListItem\",\"position\":4,\"name\":\"GIRL POWER = De huidige generatie\",\"item\":\"https:\/\/la-toussuire.com\/nl\/ontdek-la-toussuire\/de-kampioenen-van-het-oord\/girl-power-de-huidige-generatie\/\"},{\"@type\":\"ListItem\",\"position\":5,\"name\":\"Lou Covarel\"}]},{\"@type\":\"WebSite\",\"@id\":\"https:\/\/la-toussuire.com\/nl\/#website\",\"url\":\"https:\/\/la-toussuire.com\/nl\/\",\"name\":\"La Toussuire\",\"description\":\"\",\"publisher\":{\"@id\":\"https:\/\/la-toussuire.com\/nl\/#organization\"},\"potentialAction\":[{\"@type\":\"SearchAction\",\"target\":{\"@type\":\"EntryPoint\",\"urlTemplate\":\"https:\/\/la-toussuire.com\/nl\/?s={search_term_string}\"},\"query-input\":{\"@type\":\"PropertyValueSpecification\",\"valueRequired\":true,\"valueName\":\"search_term_string\"}}],\"inLanguage\":\"nl-NL\"},{\"@type\":\"Organization\",\"@id\":\"https:\/\/la-toussuire.com\/nl\/#organization\",\"name\":\"La Toussuire\",\"url\":\"https:\/\/la-toussuire.com\/nl\/\",\"logo\":{\"@type\":\"ImageObject\",\"inLanguage\":\"nl-NL\",\"@id\":\"https:\/\/la-toussuire.com\/nl\/#\/schema\/logo\/image\/\",\"url\":\"https:\/\/la-toussuire.com\/wp-content\/uploads\/cropped-Nouveau-LA-TOUSSUIRE_Logo_Plan-de-travail-1-02.png\",\"contentUrl\":\"https:\/\/la-toussuire.com\/wp-content\/uploads\/cropped-Nouveau-LA-TOUSSUIRE_Logo_Plan-de-travail-1-02.png\",\"width\":591,\"height\":591,\"caption\":\"La Toussuire\"},\"image\":{\"@id\":\"https:\/\/la-toussuire.com\/nl\/#\/schema\/logo\/image\/\"}}]}<\/script>\n<!-- \/ Yoast SEO plugin. -->","yoast_head_json":{"title":"Lou Covarel - La Toussuire","description":"Lou Covarel is kampioene western-paardrijden in de discipline Reining. ze doet ook aan alpineski\u00ebn in competitie","robots":{"index":"index","follow":"follow","max-snippet":"max-snippet:-1","max-image-preview":"max-image-preview:large","max-video-preview":"max-video-preview:-1"},"canonical":"https:\/\/la-toussuire.com\/nl\/ontdek-la-toussuire\/de-kampioenen-van-het-oord\/girl-power-de-huidige-generatie\/lou-covarel\/","og_locale":"nl_NL","og_type":"article","og_title":"Lou Covarel - La Toussuire","og_description":"Lou Covarel is kampioene western-paardrijden in de discipline Reining. ze doet ook aan alpineski\u00ebn in competitie","og_url":"https:\/\/la-toussuire.com\/nl\/ontdek-la-toussuire\/de-kampioenen-van-het-oord\/girl-power-de-huidige-generatie\/lou-covarel\/","og_site_name":"La Toussuire","og_image":[{"width":1440,"height":960,"url":"https:\/\/la-toussuire.com\/wp-content\/uploads\/OTToussuire_Champions_Girl_Power_Lou_Covarel_Arceville\u00a9LouCovarel@La_Toussuire.jpeg","type":"image\/jpeg"}],"twitter_card":"summary_large_image","twitter_misc":{"Geschatte leestijd":"2 minuten"},"schema":{"@context":"https:\/\/schema.org","@graph":[{"@type":"WebPage","@id":"https:\/\/la-toussuire.com\/nl\/ontdek-la-toussuire\/de-kampioenen-van-het-oord\/girl-power-de-huidige-generatie\/lou-covarel\/","url":"https:\/\/la-toussuire.com\/nl\/ontdek-la-toussuire\/de-kampioenen-van-het-oord\/girl-power-de-huidige-generatie\/lou-covarel\/","name":"Lou Covarel - La Toussuire","isPartOf":{"@id":"https:\/\/la-toussuire.com\/nl\/#website"},"primaryImageOfPage":{"@id":"https:\/\/la-toussuire.com\/nl\/ontdek-la-toussuire\/de-kampioenen-van-het-oord\/girl-power-de-huidige-generatie\/lou-covarel\/#primaryimage"},"image":{"@id":"https:\/\/la-toussuire.com\/nl\/ontdek-la-toussuire\/de-kampioenen-van-het-oord\/girl-power-de-huidige-generatie\/lou-covarel\/#primaryimage"},"thumbnailUrl":"https:\/\/la-toussuire.com\/wp-content\/uploads\/OTToussuire_Champions_Girl_Power_Lou_Covarel_Arceville\u00a9LouCovarel@La_Toussuire.jpeg","datePublished":"2022-08-12T12:15:45+00:00","description":"Lou Covarel is kampioene western-paardrijden in de discipline Reining. ze doet ook aan alpineski\u00ebn in competitie","breadcrumb":{"@id":"https:\/\/la-toussuire.com\/nl\/ontdek-la-toussuire\/de-kampioenen-van-het-oord\/girl-power-de-huidige-generatie\/lou-covarel\/#breadcrumb"},"inLanguage":"nl-NL","potentialAction":[{"@type":"ReadAction","target":["https:\/\/la-toussuire.com\/nl\/ontdek-la-toussuire\/de-kampioenen-van-het-oord\/girl-power-de-huidige-generatie\/lou-covarel\/"]}]},{"@type":"ImageObject","inLanguage":"nl-NL","@id":"https:\/\/la-toussuire.com\/nl\/ontdek-la-toussuire\/de-kampioenen-van-het-oord\/girl-power-de-huidige-generatie\/lou-covarel\/#primaryimage","url":"https:\/\/la-toussuire.com\/wp-content\/uploads\/OTToussuire_Champions_Girl_Power_Lou_Covarel_Arceville\u00a9LouCovarel@La_Toussuire.jpeg","contentUrl":"https:\/\/la-toussuire.com\/wp-content\/uploads\/OTToussuire_Champions_Girl_Power_Lou_Covarel_Arceville\u00a9LouCovarel@La_Toussuire.jpeg","width":1440,"height":960,"caption":"Lou Covarel"},{"@type":"BreadcrumbList","@id":"https:\/\/la-toussuire.com\/nl\/ontdek-la-toussuire\/de-kampioenen-van-het-oord\/girl-power-de-huidige-generatie\/lou-covarel\/#breadcrumb","itemListElement":[{"@type":"ListItem","position":1,"name":"Accueil","item":"https:\/\/la-toussuire.com\/nl\/"},{"@type":"ListItem","position":2,"name":"Ik verken","item":"https:\/\/la-toussuire.com\/nl\/ontdek-la-toussuire\/"},{"@type":"ListItem","position":3,"name":"Onze kampioenen","item":"https:\/\/la-toussuire.com\/nl\/ontdek-la-toussuire\/de-kampioenen-van-het-oord\/"},{"@type":"ListItem","position":4,"name":"GIRL POWER = De huidige generatie","item":"https:\/\/la-toussuire.com\/nl\/ontdek-la-toussuire\/de-kampioenen-van-het-oord\/girl-power-de-huidige-generatie\/"},{"@type":"ListItem","position":5,"name":"Lou Covarel"}]},{"@type":"WebSite","@id":"https:\/\/la-toussuire.com\/nl\/#website","url":"https:\/\/la-toussuire.com\/nl\/","name":"La Toussuire","description":"","publisher":{"@id":"https:\/\/la-toussuire.com\/nl\/#organization"},"potentialAction":[{"@type":"SearchAction","target":{"@type":"EntryPoint","urlTemplate":"https:\/\/la-toussuire.com\/nl\/?s={search_term_string}"},"query-input":{"@type":"PropertyValueSpecification","valueRequired":true,"valueName":"search_term_string"}}],"inLanguage":"nl-NL"},{"@type":"Organization","@id":"https:\/\/la-toussuire.com\/nl\/#organization","name":"La Toussuire","url":"https:\/\/la-toussuire.com\/nl\/","logo":{"@type":"ImageObject","inLanguage":"nl-NL","@id":"https:\/\/la-toussuire.com\/nl\/#\/schema\/logo\/image\/","url":"https:\/\/la-toussuire.com\/wp-content\/uploads\/cropped-Nouveau-LA-TOUSSUIRE_Logo_Plan-de-travail-1-02.png","contentUrl":"https:\/\/la-toussuire.com\/wp-content\/uploads\/cropped-Nouveau-LA-TOUSSUIRE_Logo_Plan-de-travail-1-02.png","width":591,"height":591,"caption":"La Toussuire"},"image":{"@id":"https:\/\/la-toussuire.com\/nl\/#\/schema\/logo\/image\/"}}]}},"_links":{"self":[{"href":"https:\/\/la-toussuire.com\/nl\/wp-json\/wp\/v2\/pages\/10430","targetHints":{"allow":["GET"]}}],"collection":[{"href":"https:\/\/la-toussuire.com\/nl\/wp-json\/wp\/v2\/pages"}],"about":[{"href":"https:\/\/la-toussuire.com\/nl\/wp-json\/wp\/v2\/types\/page"}],"author":[{"embeddable":true,"href":"https:\/\/la-toussuire.com\/nl\/wp-json\/wp\/v2\/users\/2"}],"replies":[{"embeddable":true,"href":"https:\/\/la-toussuire.com\/nl\/wp-json\/wp\/v2\/comments?post=10430"}],"version-history":[{"count":1,"href":"https:\/\/la-toussuire.com\/nl\/wp-json\/wp\/v2\/pages\/10430\/revisions"}],"predecessor-version":[{"id":10431,"href":"https:\/\/la-toussuire.com\/nl\/wp-json\/wp\/v2\/pages\/10430\/revisions\/10431"}],"up":[{"embeddable":true,"href":"https:\/\/la-toussuire.com\/nl\/wp-json\/wp\/v2\/pages\/10329"}],"wp:featuredmedia":[{"embeddable":true,"href":"https:\/\/la-toussuire.com\/nl\/wp-json\/wp\/v2\/media\/10010"}],"wp:attachment":[{"href":"https:\/\/la-toussuire.com\/nl\/wp-json\/wp\/v2\/media?parent=10430"}],"curies":[{"name":"wp","href":"https:\/\/api.w.org\/{rel}","templated":true}]}}