{"id":10394,"date":"2022-08-12T11:30:05","date_gmt":"2022-08-12T09:30:05","guid":{"rendered":"https:\/\/la-toussuire.com\/ontdek-la-toussuire\/de-kampioenen-van-het-oord\/girl-power-de-huidige-generatie\/lena-bonnel\/"},"modified":"2022-09-05T16:11:44","modified_gmt":"2022-09-05T14:11:44","slug":"lena-bonnel","status":"publish","type":"page","link":"https:\/\/la-toussuire.com\/nl\/ontdek-la-toussuire\/de-kampioenen-van-het-oord\/girl-power-de-huidige-generatie\/lena-bonnel\/","title":{"rendered":"L\u00e9na Bonnel"},"content":{"rendered":"<div class=\"block block-core-media-text\">\n<div class=\"wp-block-media-text alignwide is-stacked-on-mobile\"><figure class=\"wp-block-media-text__media\"><img loading=\"lazy\" decoding=\"async\" width=\"804\" height=\"604\" src=\"https:\/\/la-toussuire.com\/wp-content\/uploads\/OTToussuire_Champions_Girl_Power_Lena_Bonnel_Medaille\u00a9LenaBonnel@La_Toussuire.jpg\" alt=\"Portrait de L\u00e9na Bonnel \u00e0 la Toussuire qui porte fi\u00e8rement sa m\u00e9daille d'or autour de son cou et ses skis dans sa main\" class=\"wp-image-8221 size-full\" srcset=\"https:\/\/la-toussuire.com\/wp-content\/uploads\/OTToussuire_Champions_Girl_Power_Lena_Bonnel_Medaille\u00a9LenaBonnel@La_Toussuire.jpg 804w, https:\/\/la-toussuire.com\/wp-content\/uploads\/OTToussuire_Champions_Girl_Power_Lena_Bonnel_Medaille\u00a9LenaBonnel@La_Toussuire-300x225.jpg 300w, https:\/\/la-toussuire.com\/wp-content\/uploads\/OTToussuire_Champions_Girl_Power_Lena_Bonnel_Medaille\u00a9LenaBonnel@La_Toussuire-150x113.jpg 150w, https:\/\/la-toussuire.com\/wp-content\/uploads\/OTToussuire_Champions_Girl_Power_Lena_Bonnel_Medaille\u00a9LenaBonnel@La_Toussuire-768x577.jpg 768w\" sizes=\"auto, (max-width: 804px) 100vw, 804px\" \/><\/figure><div class=\"wp-block-media-text__content\"><div class=\"block block-core-paragraph\">\n<p>L\u00e9na Bonnel (geboren in 1996) doet aan <strong>ski-alpinisme<\/strong>, sport op hoog niveau waar de samensmelting van het mentale met het fysieke van primordiaal belang is. Na uitstekende resultaten in Espoir, ontwikkelt ze een beloftevolle carri\u00e8re in Senior. <\/p>\n<\/div>\n\n<div class=\"block block-core-paragraph\">\n<p>Dochter van <a href=\"https:\/\/la-toussuire.com\/nl\/ontdek-la-toussuire\/de-kampioenen-van-het-oord\/onze-kampioenen-van-inspiratie\/\" target=\"_blank\" rel=\"noreferrer noopener\">Lionel<\/a>, zus van <a href=\"https:\/\/la-toussuire.com\/nl\/ontdek-la-toussuire\/de-kampioenen-van-het-oord\/girl-power-de-huidige-generatie\/candice-bonnel\/\" target=\"_blank\" rel=\"noreferrer noopener\">Candice<\/a> en nicht van <a href=\"https:\/\/la-toussuire.com\/nl\/ontdek-la-toussuire\/de-kampioenen-van-het-oord\/girl-power-de-huidige-generatie\/lorna-bonnel\/\" target=\"_blank\" rel=\"noreferrer noopener\">Lorna<\/a>, ze volgt het uitgestippelde pad door haar prestigieuse familie van sportlui door de medailles sinds 2019 binnen te halen.<\/p>\n<\/div>\n\n<div class=\"block block-core-paragraph\">\n<p><strong>Reeds een mooi palmares !<\/strong><\/p>\n<\/div>\n\n<div class=\"block block-core-paragraph\">\n<p>Na een STAPS-licentie in 2019 heeft ze de kinesitherapieschool in Grenoble gevolgd.<\/p>\n<\/div>\n\n<div class=\"block block-core-paragraph\">\n<p>Volg haar op sociale media : <a href=\"https:\/\/www.facebook.com\/bonnellena\/\">Facebook<\/a> <a href=\"https:\/\/www.instagram.com\/lena_bonnel\/?hl=fr\">Instagram<\/a><\/p>\n<\/div><\/div><\/div>\n<\/div><div class=\"block block-core-media-text\">\n<div class=\"wp-block-media-text alignwide has-media-on-the-right is-stacked-on-mobile\"><figure class=\"wp-block-media-text__media\"><img loading=\"lazy\" decoding=\"async\" width=\"942\" height=\"948\" src=\"https:\/\/la-toussuire.com\/wp-content\/uploads\/OTToussuire_Champions_Girl_Power_Lena_Bonnel_Galerie\u00a9Skimostats@La_Toussuire.jpg\" alt=\"Portrait de la skieuse L\u00e9na Bonnel en tenue de ski alpinisme. L\u00e9na sourit \u00e0 l'objectif apr\u00e8s avoir franchi la ligne d'arriv\u00e9e\" class=\"wp-image-8181 size-full\" srcset=\"https:\/\/la-toussuire.com\/wp-content\/uploads\/OTToussuire_Champions_Girl_Power_Lena_Bonnel_Galerie\u00a9Skimostats@La_Toussuire.jpg 942w, https:\/\/la-toussuire.com\/wp-content\/uploads\/OTToussuire_Champions_Girl_Power_Lena_Bonnel_Galerie\u00a9Skimostats@La_Toussuire-298x300.jpg 298w, https:\/\/la-toussuire.com\/wp-content\/uploads\/OTToussuire_Champions_Girl_Power_Lena_Bonnel_Galerie\u00a9Skimostats@La_Toussuire-150x150.jpg 150w, https:\/\/la-toussuire.com\/wp-content\/uploads\/OTToussuire_Champions_Girl_Power_Lena_Bonnel_Galerie\u00a9Skimostats@La_Toussuire-768x773.jpg 768w\" sizes=\"auto, (max-width: 942px) 100vw, 942px\" \/><\/figure><div class=\"wp-block-media-text__content\"><div class=\"block block-core-heading\">\n<h2 class=\"wp-block-heading\">Zijn palmares <\/h2>\n<\/div>\n\n<div class=\"block block-core-heading\">\n<h2 class=\"wp-block-heading\"><strong>2021<\/strong><\/h2>\n<\/div>\n\n<div class=\"block block-core-paragraph\">\n<p>* Franse <strong>kampioene<\/strong> in Sprint, en in team met Candice. Vice-kampioene van Frankrijk in Individueel<\/p>\n<\/div>\n\n<div class=\"block block-core-paragraph\">\n<p>*<strong>Vice-wereldkampioene<\/strong> in relais met Axelle Mollaret en Emily Harrop <\/p>\n<\/div>\n\n<div class=\"block block-core-paragraph\">\n<p>* Eerste podium in wereldbeker : <strong>3de<\/strong> in Sprint <\/p>\n<\/div>\n\n<div class=\"block block-core-paragraph\">\n<p>* <strong>4de<\/strong> in algemeen klassement ter wereld in sprint en <strong>11de<\/strong> in Overall. <\/p>\n<\/div><\/div><\/div>\n<\/div><div class=\"block block-core-media-text\">\n<div class=\"wp-block-media-text alignwide is-stacked-on-mobile\" style=\"grid-template-columns:54% auto\"><figure class=\"wp-block-media-text__media\"><img loading=\"lazy\" decoding=\"async\" width=\"666\" height=\"1024\" src=\"https:\/\/la-toussuire.com\/wp-content\/uploads\/OTToussuire_Champions_Girl_Power_Lena_Bonnel\u00a9LenaBonnel@La_Toussuire.jpg\" alt=\"Photo vertical de L\u00e9na Bonnel dans une journ\u00e9e d'hiver \u00e0 la Toussuire. L\u00e9na est au premier plan avec son \u00e9quipement de ski de randonn\u00e9e et nous pouvons voir la Toussuire et les Aiguilles d'Arves enneig\u00e9s au second plan\" class=\"wp-image-8224 size-full\" srcset=\"https:\/\/la-toussuire.com\/wp-content\/uploads\/OTToussuire_Champions_Girl_Power_Lena_Bonnel\u00a9LenaBonnel@La_Toussuire.jpg 666w, https:\/\/la-toussuire.com\/wp-content\/uploads\/OTToussuire_Champions_Girl_Power_Lena_Bonnel\u00a9LenaBonnel@La_Toussuire-195x300.jpg 195w, https:\/\/la-toussuire.com\/wp-content\/uploads\/OTToussuire_Champions_Girl_Power_Lena_Bonnel\u00a9LenaBonnel@La_Toussuire-98x150.jpg 98w\" sizes=\"auto, (max-width: 666px) 100vw, 666px\" \/><\/figure><div class=\"wp-block-media-text__content\"><div class=\"block block-core-heading\">\n<h2 class=\"wp-block-heading\"><strong>2019 &amp; 2020 :<\/strong><\/h2>\n<\/div>\n\n<div class=\"block block-core-paragraph\">\n<p>* Trailrunning : <strong>2dee<\/strong> in la Pierra menta zomer<\/p>\n<\/div>\n\n<div class=\"block block-core-paragraph\">\n<p>* <strong>11de<\/strong> in algemeen klassement van wereldbeker<\/p>\n<\/div>\n\n<div class=\"block block-core-paragraph\">\n<p>* Franse <strong>kampioene<\/strong> in Senior in Sprint<\/p>\n<\/div>\n\n<div class=\"block block-core-paragraph\">\n<p>* <strong>Wereldkampioene<\/strong> in Sprintcat\u00e9gorie Espoir (5de senior) op 10 maart 2019 in Villars-sur-Ollon in Zwitserland.<\/p>\n<\/div>\n\n<div class=\"block block-core-paragraph\">\n<p>* <strong>Wereldkampioene<\/strong> in relais (senior), op 16 maart 2019 in Villars-sur-ollon in Zwitserland.<\/p>\n<\/div>\n\n<div class=\"block block-core-paragraph\">\n<p>* <strong>Vice-wereldkampioene<\/strong> Espoir individueel op 12 maart 2019 in Villars-sur-ollon in Zwitserland.<\/p>\n<\/div>\n\n<div class=\"block block-core-paragraph\">\n<p>* Franse <strong>kampioene<\/strong> (senior) in team<\/p>\n<\/div>\n\n<div class=\"block block-core-paragraph\">\n<p>* Franse <strong>Vice-kampioene<\/strong> (espoir) in individueel en in sprint.<\/p>\n<\/div>\n\n<div class=\"block block-core-heading\">\n<h2 class=\"wp-block-heading\"><strong>2018:<\/strong><\/h2>\n<\/div>\n\n<div class=\"block block-core-paragraph\">\n<p>* Franse <strong>kampioene<\/strong> Espoir in Sprint op 7 januari 2018 in Sauze<\/p>\n<\/div>\n\n<div class=\"block block-core-paragraph\">\n<p>* Franse <strong>kampioene<\/strong> Espoir in individueel op 14 januari in Aussois en Maurienne<\/p>\n<\/div>\n\n<div class=\"block block-core-paragraph\">\n<p>* Eerste podium in Senior omdat ze <strong>3de<\/strong> eindigt in scratch na Laetitia Roux en Axelle Mollaret, twee referenties in de sport.<\/p>\n<\/div>\n\n<div class=\"block block-core-paragraph\">\n<p>Ze eindigt <strong>3de<\/strong> (categorie espoir) op de wereldbeker individueel in Puy St Vincent, debuut februari 2018<\/p>\n<\/div>\n\n<div class=\"block block-core-heading\">\n<h2 class=\"wp-block-heading\"><strong>2017 :<\/strong><\/h2>\n<\/div>\n\n<div class=\"block block-core-heading\">\n<h2 class=\"wp-block-heading\">Vice-wereldkampioene (Categorie Espoir) in Sprint in Piancavallo (Itali\u00eb).<\/h2>\n<\/div>\n\n<div class=\"block block-core-paragraph\">\n<p>Palmares (categorie Junior) : <br\/>* Europees <strong>kampioene<\/strong> in individueel<br\/>* Europese <strong>vice-kampioene<\/strong> in Sprint<br\/>* Franse <strong>kampioene<\/strong> in Individueel, Sprint en in team<br\/>* <strong>3 overwinningen<\/strong> in wereldbeker <\/p>\n<\/div><\/div><\/div>\n<\/div>","protected":false},"excerpt":{"rendered":"<p>L\u00e9na Bonnel (geboren in 1996) doet aan ski-alpinisme, sport op hoog niveau waar de samensmelting van het mentale met het fysieke van primordiaal belang is. Na uitstekende resultaten in Espoir, ontwikkelt ze een beloftevolle carri\u00e8re in Senior. Dochter van Lionel, zus van Candice en nicht van Lorna, ze volgt het uitgestippelde pad door haar prestigieuse [&hellip;]<\/p>\n","protected":false},"author":2,"featured_media":8227,"parent":10329,"menu_order":2,"comment_status":"closed","ping_status":"closed","template":"page-template.php","meta":{"_acf_changed":false,"footnotes":""},"class_list":["post-10394","page","type-page","status-publish","has-post-thumbnail","hentry"],"acf":[],"yoast_head":"<!-- This site is optimized with the Yoast SEO plugin v27.1.1 - https:\/\/yoast.com\/product\/yoast-seo-wordpress\/ -->\n<title>L\u00e9na Bonnel - La Toussuire<\/title>\n<meta name=\"description\" content=\"L\u00e9na Bonnel, trailrunster en skister alpiniste (skimo), Franse kampioene en wereldkampioene in sprint. Ski-mountainering\" \/>\n<meta name=\"robots\" content=\"index, follow, max-snippet:-1, max-image-preview:large, max-video-preview:-1\" \/>\n<link rel=\"canonical\" href=\"https:\/\/la-toussuire.com\/nl\/ontdek-la-toussuire\/de-kampioenen-van-het-oord\/girl-power-de-huidige-generatie\/lena-bonnel\/\" \/>\n<meta property=\"og:locale\" content=\"nl_NL\" \/>\n<meta property=\"og:type\" content=\"article\" \/>\n<meta property=\"og:title\" content=\"L\u00e9na Bonnel - La Toussuire\" \/>\n<meta property=\"og:description\" content=\"L\u00e9na Bonnel, trailrunster en skister alpiniste (skimo), Franse kampioene en wereldkampioene in sprint. Ski-mountainering\" \/>\n<meta property=\"og:url\" content=\"https:\/\/la-toussuire.com\/nl\/ontdek-la-toussuire\/de-kampioenen-van-het-oord\/girl-power-de-huidige-generatie\/lena-bonnel\/\" \/>\n<meta property=\"og:site_name\" content=\"La Toussuire\" \/>\n<meta property=\"article:modified_time\" content=\"2022-09-05T14:11:44+00:00\" \/>\n<meta property=\"og:image\" content=\"https:\/\/la-toussuire.com\/wp-content\/uploads\/OTToussuire_Champions_Toussuire_Lena_Bonnel_Presentation\u00a9LenaBonnel@La_Toussuire.jpg.jpg\" \/>\n\t<meta property=\"og:image:width\" content=\"1024\" \/>\n\t<meta property=\"og:image:height\" content=\"576\" \/>\n\t<meta property=\"og:image:type\" content=\"image\/jpeg\" \/>\n<meta name=\"twitter:card\" content=\"summary_large_image\" \/>\n<meta name=\"twitter:label1\" content=\"Geschatte leestijd\" \/>\n\t<meta name=\"twitter:data1\" content=\"1 minuut\" \/>\n<script type=\"application\/ld+json\" class=\"yoast-schema-graph\">{\"@context\":\"https:\/\/schema.org\",\"@graph\":[{\"@type\":\"WebPage\",\"@id\":\"https:\/\/la-toussuire.com\/nl\/ontdek-la-toussuire\/de-kampioenen-van-het-oord\/girl-power-de-huidige-generatie\/lena-bonnel\/\",\"url\":\"https:\/\/la-toussuire.com\/nl\/ontdek-la-toussuire\/de-kampioenen-van-het-oord\/girl-power-de-huidige-generatie\/lena-bonnel\/\",\"name\":\"L\u00e9na Bonnel - La Toussuire\",\"isPartOf\":{\"@id\":\"https:\/\/la-toussuire.com\/nl\/#website\"},\"primaryImageOfPage\":{\"@id\":\"https:\/\/la-toussuire.com\/nl\/ontdek-la-toussuire\/de-kampioenen-van-het-oord\/girl-power-de-huidige-generatie\/lena-bonnel\/#primaryimage\"},\"image\":{\"@id\":\"https:\/\/la-toussuire.com\/nl\/ontdek-la-toussuire\/de-kampioenen-van-het-oord\/girl-power-de-huidige-generatie\/lena-bonnel\/#primaryimage\"},\"thumbnailUrl\":\"https:\/\/la-toussuire.com\/wp-content\/uploads\/OTToussuire_Champions_Toussuire_Lena_Bonnel_Presentation\u00a9LenaBonnel@La_Toussuire.jpg.jpg\",\"datePublished\":\"2022-08-12T09:30:05+00:00\",\"dateModified\":\"2022-09-05T14:11:44+00:00\",\"description\":\"L\u00e9na Bonnel, trailrunster en skister alpiniste (skimo), Franse kampioene en wereldkampioene in sprint. Ski-mountainering\",\"breadcrumb\":{\"@id\":\"https:\/\/la-toussuire.com\/nl\/ontdek-la-toussuire\/de-kampioenen-van-het-oord\/girl-power-de-huidige-generatie\/lena-bonnel\/#breadcrumb\"},\"inLanguage\":\"nl-NL\",\"potentialAction\":[{\"@type\":\"ReadAction\",\"target\":[\"https:\/\/la-toussuire.com\/nl\/ontdek-la-toussuire\/de-kampioenen-van-het-oord\/girl-power-de-huidige-generatie\/lena-bonnel\/\"]}]},{\"@type\":\"ImageObject\",\"inLanguage\":\"nl-NL\",\"@id\":\"https:\/\/la-toussuire.com\/nl\/ontdek-la-toussuire\/de-kampioenen-van-het-oord\/girl-power-de-huidige-generatie\/lena-bonnel\/#primaryimage\",\"url\":\"https:\/\/la-toussuire.com\/wp-content\/uploads\/OTToussuire_Champions_Toussuire_Lena_Bonnel_Presentation\u00a9LenaBonnel@La_Toussuire.jpg.jpg\",\"contentUrl\":\"https:\/\/la-toussuire.com\/wp-content\/uploads\/OTToussuire_Champions_Toussuire_Lena_Bonnel_Presentation\u00a9LenaBonnel@La_Toussuire.jpg.jpg\",\"width\":1024,\"height\":576,\"caption\":\"L\u00e9na Bonnel\"},{\"@type\":\"BreadcrumbList\",\"@id\":\"https:\/\/la-toussuire.com\/nl\/ontdek-la-toussuire\/de-kampioenen-van-het-oord\/girl-power-de-huidige-generatie\/lena-bonnel\/#breadcrumb\",\"itemListElement\":[{\"@type\":\"ListItem\",\"position\":1,\"name\":\"Accueil\",\"item\":\"https:\/\/la-toussuire.com\/nl\/\"},{\"@type\":\"ListItem\",\"position\":2,\"name\":\"Ik verken\",\"item\":\"https:\/\/la-toussuire.com\/nl\/ontdek-la-toussuire\/\"},{\"@type\":\"ListItem\",\"position\":3,\"name\":\"Onze kampioenen\",\"item\":\"https:\/\/la-toussuire.com\/nl\/ontdek-la-toussuire\/de-kampioenen-van-het-oord\/\"},{\"@type\":\"ListItem\",\"position\":4,\"name\":\"GIRL POWER = De huidige generatie\",\"item\":\"https:\/\/la-toussuire.com\/nl\/ontdek-la-toussuire\/de-kampioenen-van-het-oord\/girl-power-de-huidige-generatie\/\"},{\"@type\":\"ListItem\",\"position\":5,\"name\":\"L\u00e9na Bonnel\"}]},{\"@type\":\"WebSite\",\"@id\":\"https:\/\/la-toussuire.com\/nl\/#website\",\"url\":\"https:\/\/la-toussuire.com\/nl\/\",\"name\":\"La Toussuire\",\"description\":\"\",\"publisher\":{\"@id\":\"https:\/\/la-toussuire.com\/nl\/#organization\"},\"potentialAction\":[{\"@type\":\"SearchAction\",\"target\":{\"@type\":\"EntryPoint\",\"urlTemplate\":\"https:\/\/la-toussuire.com\/nl\/?s={search_term_string}\"},\"query-input\":{\"@type\":\"PropertyValueSpecification\",\"valueRequired\":true,\"valueName\":\"search_term_string\"}}],\"inLanguage\":\"nl-NL\"},{\"@type\":\"Organization\",\"@id\":\"https:\/\/la-toussuire.com\/nl\/#organization\",\"name\":\"La Toussuire\",\"url\":\"https:\/\/la-toussuire.com\/nl\/\",\"logo\":{\"@type\":\"ImageObject\",\"inLanguage\":\"nl-NL\",\"@id\":\"https:\/\/la-toussuire.com\/nl\/#\/schema\/logo\/image\/\",\"url\":\"https:\/\/la-toussuire.com\/wp-content\/uploads\/cropped-Nouveau-LA-TOUSSUIRE_Logo_Plan-de-travail-1-02.png\",\"contentUrl\":\"https:\/\/la-toussuire.com\/wp-content\/uploads\/cropped-Nouveau-LA-TOUSSUIRE_Logo_Plan-de-travail-1-02.png\",\"width\":591,\"height\":591,\"caption\":\"La Toussuire\"},\"image\":{\"@id\":\"https:\/\/la-toussuire.com\/nl\/#\/schema\/logo\/image\/\"}}]}<\/script>\n<!-- \/ Yoast SEO plugin. -->","yoast_head_json":{"title":"L\u00e9na Bonnel - La Toussuire","description":"L\u00e9na Bonnel, trailrunster en skister alpiniste (skimo), Franse kampioene en wereldkampioene in sprint. Ski-mountainering","robots":{"index":"index","follow":"follow","max-snippet":"max-snippet:-1","max-image-preview":"max-image-preview:large","max-video-preview":"max-video-preview:-1"},"canonical":"https:\/\/la-toussuire.com\/nl\/ontdek-la-toussuire\/de-kampioenen-van-het-oord\/girl-power-de-huidige-generatie\/lena-bonnel\/","og_locale":"nl_NL","og_type":"article","og_title":"L\u00e9na Bonnel - La Toussuire","og_description":"L\u00e9na Bonnel, trailrunster en skister alpiniste (skimo), Franse kampioene en wereldkampioene in sprint. Ski-mountainering","og_url":"https:\/\/la-toussuire.com\/nl\/ontdek-la-toussuire\/de-kampioenen-van-het-oord\/girl-power-de-huidige-generatie\/lena-bonnel\/","og_site_name":"La Toussuire","article_modified_time":"2022-09-05T14:11:44+00:00","og_image":[{"width":1024,"height":576,"url":"https:\/\/la-toussuire.com\/wp-content\/uploads\/OTToussuire_Champions_Toussuire_Lena_Bonnel_Presentation\u00a9LenaBonnel@La_Toussuire.jpg.jpg","type":"image\/jpeg"}],"twitter_card":"summary_large_image","twitter_misc":{"Geschatte leestijd":"1 minuut"},"schema":{"@context":"https:\/\/schema.org","@graph":[{"@type":"WebPage","@id":"https:\/\/la-toussuire.com\/nl\/ontdek-la-toussuire\/de-kampioenen-van-het-oord\/girl-power-de-huidige-generatie\/lena-bonnel\/","url":"https:\/\/la-toussuire.com\/nl\/ontdek-la-toussuire\/de-kampioenen-van-het-oord\/girl-power-de-huidige-generatie\/lena-bonnel\/","name":"L\u00e9na Bonnel - La Toussuire","isPartOf":{"@id":"https:\/\/la-toussuire.com\/nl\/#website"},"primaryImageOfPage":{"@id":"https:\/\/la-toussuire.com\/nl\/ontdek-la-toussuire\/de-kampioenen-van-het-oord\/girl-power-de-huidige-generatie\/lena-bonnel\/#primaryimage"},"image":{"@id":"https:\/\/la-toussuire.com\/nl\/ontdek-la-toussuire\/de-kampioenen-van-het-oord\/girl-power-de-huidige-generatie\/lena-bonnel\/#primaryimage"},"thumbnailUrl":"https:\/\/la-toussuire.com\/wp-content\/uploads\/OTToussuire_Champions_Toussuire_Lena_Bonnel_Presentation\u00a9LenaBonnel@La_Toussuire.jpg.jpg","datePublished":"2022-08-12T09:30:05+00:00","dateModified":"2022-09-05T14:11:44+00:00","description":"L\u00e9na Bonnel, trailrunster en skister alpiniste (skimo), Franse kampioene en wereldkampioene in sprint. Ski-mountainering","breadcrumb":{"@id":"https:\/\/la-toussuire.com\/nl\/ontdek-la-toussuire\/de-kampioenen-van-het-oord\/girl-power-de-huidige-generatie\/lena-bonnel\/#breadcrumb"},"inLanguage":"nl-NL","potentialAction":[{"@type":"ReadAction","target":["https:\/\/la-toussuire.com\/nl\/ontdek-la-toussuire\/de-kampioenen-van-het-oord\/girl-power-de-huidige-generatie\/lena-bonnel\/"]}]},{"@type":"ImageObject","inLanguage":"nl-NL","@id":"https:\/\/la-toussuire.com\/nl\/ontdek-la-toussuire\/de-kampioenen-van-het-oord\/girl-power-de-huidige-generatie\/lena-bonnel\/#primaryimage","url":"https:\/\/la-toussuire.com\/wp-content\/uploads\/OTToussuire_Champions_Toussuire_Lena_Bonnel_Presentation\u00a9LenaBonnel@La_Toussuire.jpg.jpg","contentUrl":"https:\/\/la-toussuire.com\/wp-content\/uploads\/OTToussuire_Champions_Toussuire_Lena_Bonnel_Presentation\u00a9LenaBonnel@La_Toussuire.jpg.jpg","width":1024,"height":576,"caption":"L\u00e9na Bonnel"},{"@type":"BreadcrumbList","@id":"https:\/\/la-toussuire.com\/nl\/ontdek-la-toussuire\/de-kampioenen-van-het-oord\/girl-power-de-huidige-generatie\/lena-bonnel\/#breadcrumb","itemListElement":[{"@type":"ListItem","position":1,"name":"Accueil","item":"https:\/\/la-toussuire.com\/nl\/"},{"@type":"ListItem","position":2,"name":"Ik verken","item":"https:\/\/la-toussuire.com\/nl\/ontdek-la-toussuire\/"},{"@type":"ListItem","position":3,"name":"Onze kampioenen","item":"https:\/\/la-toussuire.com\/nl\/ontdek-la-toussuire\/de-kampioenen-van-het-oord\/"},{"@type":"ListItem","position":4,"name":"GIRL POWER = De huidige generatie","item":"https:\/\/la-toussuire.com\/nl\/ontdek-la-toussuire\/de-kampioenen-van-het-oord\/girl-power-de-huidige-generatie\/"},{"@type":"ListItem","position":5,"name":"L\u00e9na Bonnel"}]},{"@type":"WebSite","@id":"https:\/\/la-toussuire.com\/nl\/#website","url":"https:\/\/la-toussuire.com\/nl\/","name":"La Toussuire","description":"","publisher":{"@id":"https:\/\/la-toussuire.com\/nl\/#organization"},"potentialAction":[{"@type":"SearchAction","target":{"@type":"EntryPoint","urlTemplate":"https:\/\/la-toussuire.com\/nl\/?s={search_term_string}"},"query-input":{"@type":"PropertyValueSpecification","valueRequired":true,"valueName":"search_term_string"}}],"inLanguage":"nl-NL"},{"@type":"Organization","@id":"https:\/\/la-toussuire.com\/nl\/#organization","name":"La Toussuire","url":"https:\/\/la-toussuire.com\/nl\/","logo":{"@type":"ImageObject","inLanguage":"nl-NL","@id":"https:\/\/la-toussuire.com\/nl\/#\/schema\/logo\/image\/","url":"https:\/\/la-toussuire.com\/wp-content\/uploads\/cropped-Nouveau-LA-TOUSSUIRE_Logo_Plan-de-travail-1-02.png","contentUrl":"https:\/\/la-toussuire.com\/wp-content\/uploads\/cropped-Nouveau-LA-TOUSSUIRE_Logo_Plan-de-travail-1-02.png","width":591,"height":591,"caption":"La Toussuire"},"image":{"@id":"https:\/\/la-toussuire.com\/nl\/#\/schema\/logo\/image\/"}}]}},"_links":{"self":[{"href":"https:\/\/la-toussuire.com\/nl\/wp-json\/wp\/v2\/pages\/10394","targetHints":{"allow":["GET"]}}],"collection":[{"href":"https:\/\/la-toussuire.com\/nl\/wp-json\/wp\/v2\/pages"}],"about":[{"href":"https:\/\/la-toussuire.com\/nl\/wp-json\/wp\/v2\/types\/page"}],"author":[{"embeddable":true,"href":"https:\/\/la-toussuire.com\/nl\/wp-json\/wp\/v2\/users\/2"}],"replies":[{"embeddable":true,"href":"https:\/\/la-toussuire.com\/nl\/wp-json\/wp\/v2\/comments?post=10394"}],"version-history":[{"count":5,"href":"https:\/\/la-toussuire.com\/nl\/wp-json\/wp\/v2\/pages\/10394\/revisions"}],"predecessor-version":[{"id":10656,"href":"https:\/\/la-toussuire.com\/nl\/wp-json\/wp\/v2\/pages\/10394\/revisions\/10656"}],"up":[{"embeddable":true,"href":"https:\/\/la-toussuire.com\/nl\/wp-json\/wp\/v2\/pages\/10329"}],"wp:featuredmedia":[{"embeddable":true,"href":"https:\/\/la-toussuire.com\/nl\/wp-json\/wp\/v2\/media\/8227"}],"wp:attachment":[{"href":"https:\/\/la-toussuire.com\/nl\/wp-json\/wp\/v2\/media?parent=10394"}],"curies":[{"name":"wp","href":"https:\/\/api.w.org\/{rel}","templated":true}]}}