{"id":10337,"date":"2022-08-11T17:23:46","date_gmt":"2022-08-11T15:23:46","guid":{"rendered":"https:\/\/la-toussuire.com\/skien-en-glijden\/skigebied-van-sybelles\/josephine-ambassadrice-van-la-toussuire-voor-les-sybelles\/"},"modified":"2022-08-11T17:23:46","modified_gmt":"2022-08-11T15:23:46","slug":"josephine-ambassadrice-van-la-toussuire-voor-les-sybelles","status":"publish","type":"page","link":"https:\/\/la-toussuire.com\/nl\/skien-en-glijden\/skigebied-van-sybelles\/josephine-ambassadrice-van-la-toussuire-voor-les-sybelles\/","title":{"rendered":"Jos\u00e9phine ambassadrice van la Toussuire voor les Sybelles"},"content":{"rendered":"<div class=\"block block-core-media-text\">\n<div class=\"wp-block-media-text alignwide is-stacked-on-mobile\"><figure class=\"wp-block-media-text__media\"><img loading=\"lazy\" decoding=\"async\" width=\"1024\" height=\"683\" src=\"https:\/\/la-toussuire.com\/wp-content\/uploads\/OTToussuire_Espace_Pro_Emplois_Josephine_Galerie\u00a9DavidMalacrida@La_Toussuire.jpg\" alt=\"Jos\u00e9phine Rol, l'ambassadrice de La Toussuire pour Les Sybelles pose devant un paysage de montagnes enneig\u00e9es. La station en arri\u00e8re plan.\" class=\"wp-image-8100 size-full\" srcset=\"https:\/\/la-toussuire.com\/wp-content\/uploads\/OTToussuire_Espace_Pro_Emplois_Josephine_Galerie\u00a9DavidMalacrida@La_Toussuire.jpg 1024w, https:\/\/la-toussuire.com\/wp-content\/uploads\/OTToussuire_Espace_Pro_Emplois_Josephine_Galerie\u00a9DavidMalacrida@La_Toussuire-300x200.jpg 300w, https:\/\/la-toussuire.com\/wp-content\/uploads\/OTToussuire_Espace_Pro_Emplois_Josephine_Galerie\u00a9DavidMalacrida@La_Toussuire-150x100.jpg 150w, https:\/\/la-toussuire.com\/wp-content\/uploads\/OTToussuire_Espace_Pro_Emplois_Josephine_Galerie\u00a9DavidMalacrida@La_Toussuire-768x512.jpg 768w\" sizes=\"auto, (max-width: 1024px) 100vw, 1024px\" \/><\/figure><div class=\"wp-block-media-text__content\"><div class=\"block block-core-paragraph\">\n<p>Jos\u00e9phine Rol, geboren en getogen in La Toussuire, vertegenwoordigt ons in de <strong>communicatie<\/strong> van het gebied van Sybelles. <strong>Danslerares<\/strong> in Saint- Jean-de-Maurienne, professionele eclectische <strong>danseres<\/strong> (modern jazz, street jazz, hedendaagse dans) en vrijwillig <strong>skister,<\/strong> <strong>wandelaarster<\/strong>, <strong>uittester<\/strong> van allerhande activiteiten en vooral <strong>verliefd<\/strong> op de bergen. U zult haar pad zeker wel eens kruisen waar een piste of wg u naartoe bracht. <em>Aarzel niet haar aan te spreken of van gedachten te wisselen, ze heeft zeker een goed plan om met u te delen.<\/em><\/p>\n<\/div><\/div><\/div>\n<\/div><div class=\"block block-core-embed\">\n<figure class=\"wp-block-embed is-type-video is-provider-youtube wp-block-embed-youtube wp-embed-aspect-16-9 wp-has-aspect-ratio\"><div class=\"wp-block-embed__wrapper\">\n<iframe title=\"LaBelleInterview : Vivez des instants magiques \u00e0 @La Toussuire \u2728\" width=\"640\" height=\"360\" data-requires-vendor-consent=\"Youtube\" data-src=\"https:\/\/www.youtube.com\/embed\/LOEWihQoz2Q?feature=oembed\" frameborder=\"0\" allow=\"accelerometer; autoplay; clipboard-write; encrypted-media; gyroscope; picture-in-picture; web-share\" referrerpolicy=\"strict-origin-when-cross-origin\" allowfullscreen><\/iframe>\n<\/div><\/figure>\n<\/div><div class=\"block block-core-embed\">\n<figure class=\"wp-block-embed is-type-video is-provider-youtube wp-block-embed-youtube wp-embed-aspect-16-9 wp-has-aspect-ratio\"><div class=\"wp-block-embed__wrapper\">\n<iframe title=\"Domaine des Sybelles : du ski et du fun\" width=\"640\" height=\"360\" data-requires-vendor-consent=\"Youtube\" data-src=\"https:\/\/www.youtube.com\/embed\/nd5K8cbn29s?feature=oembed\" frameborder=\"0\" allow=\"accelerometer; autoplay; clipboard-write; encrypted-media; gyroscope; picture-in-picture; web-share\" referrerpolicy=\"strict-origin-when-cross-origin\" allowfullscreen><\/iframe>\n<\/div><\/figure>\n<\/div><div class=\"block block-core-embed\">\n<figure class=\"wp-block-embed is-type-video is-provider-youtube wp-block-embed-youtube wp-embed-aspect-16-9 wp-has-aspect-ratio\"><div class=\"wp-block-embed__wrapper\">\n<iframe title=\"#labelleinterview Jos\u00e9phine et La Toussuire\" width=\"640\" height=\"360\" data-requires-vendor-consent=\"Youtube\" data-src=\"https:\/\/www.youtube.com\/embed\/A7UYtgy3HgY?feature=oembed\" frameborder=\"0\" allow=\"accelerometer; autoplay; clipboard-write; encrypted-media; gyroscope; picture-in-picture; web-share\" referrerpolicy=\"strict-origin-when-cross-origin\" allowfullscreen><\/iframe>\n<\/div><\/figure>\n<\/div>","protected":false},"excerpt":{"rendered":"<p>Jos\u00e9phine Rol, geboren en getogen in La Toussuire, vertegenwoordigt ons in de communicatie van het gebied van Sybelles. Danslerares in Saint- Jean-de-Maurienne, professionele eclectische danseres (modern jazz, street jazz, hedendaagse dans) en vrijwillig skister, wandelaarster, uittester van allerhande activiteiten en vooral verliefd op de bergen. U zult haar pad zeker wel eens kruisen waar een [&hellip;]<\/p>\n","protected":false},"author":2,"featured_media":8093,"parent":10217,"menu_order":6,"comment_status":"closed","ping_status":"closed","template":"page-template.php","meta":{"_acf_changed":false,"footnotes":""},"class_list":["post-10337","page","type-page","status-publish","has-post-thumbnail","hentry"],"acf":[],"yoast_head":"<!-- This site is optimized with the Yoast SEO plugin v27.1.1 - https:\/\/yoast.com\/product\/yoast-seo-wordpress\/ -->\n<title>Jos\u00e9phine ambassadrice van la Toussuire voor les Sybelles - La Toussuire<\/title>\n<meta name=\"description\" content=\"Jos\u00e9phine is de ambassadrice van La Toussuire bij het skigebied Sybelles. #6belles #lessybelles #Sybelles\" \/>\n<meta name=\"robots\" content=\"index, follow, max-snippet:-1, max-image-preview:large, max-video-preview:-1\" \/>\n<link rel=\"canonical\" href=\"https:\/\/la-toussuire.com\/nl\/skien-en-glijden\/skigebied-van-sybelles\/josephine-ambassadrice-van-la-toussuire-voor-les-sybelles\/\" \/>\n<meta property=\"og:locale\" content=\"nl_NL\" \/>\n<meta property=\"og:type\" content=\"article\" \/>\n<meta property=\"og:title\" content=\"Jos\u00e9phine ambassadrice van la Toussuire voor les Sybelles - La Toussuire\" \/>\n<meta property=\"og:description\" content=\"Jos\u00e9phine is de ambassadrice van La Toussuire bij het skigebied Sybelles. #6belles #lessybelles #Sybelles\" \/>\n<meta property=\"og:url\" content=\"https:\/\/la-toussuire.com\/nl\/skien-en-glijden\/skigebied-van-sybelles\/josephine-ambassadrice-van-la-toussuire-voor-les-sybelles\/\" \/>\n<meta property=\"og:site_name\" content=\"La Toussuire\" \/>\n<meta property=\"og:image\" content=\"https:\/\/la-toussuire.com\/wp-content\/uploads\/OTToussuire_6belles_Josephine_Presentation\u00a9DavidMalacrida@La_Toussuire.jpg\" \/>\n\t<meta property=\"og:image:width\" content=\"1024\" \/>\n\t<meta property=\"og:image:height\" content=\"683\" \/>\n\t<meta property=\"og:image:type\" content=\"image\/jpeg\" \/>\n<meta name=\"twitter:card\" content=\"summary_large_image\" \/>\n<meta name=\"twitter:label1\" content=\"Geschatte leestijd\" \/>\n\t<meta name=\"twitter:data1\" content=\"1 minuut\" \/>\n<script type=\"application\/ld+json\" class=\"yoast-schema-graph\">{\"@context\":\"https:\/\/schema.org\",\"@graph\":[{\"@type\":\"WebPage\",\"@id\":\"https:\/\/la-toussuire.com\/nl\/skien-en-glijden\/skigebied-van-sybelles\/josephine-ambassadrice-van-la-toussuire-voor-les-sybelles\/\",\"url\":\"https:\/\/la-toussuire.com\/nl\/skien-en-glijden\/skigebied-van-sybelles\/josephine-ambassadrice-van-la-toussuire-voor-les-sybelles\/\",\"name\":\"Jos\u00e9phine ambassadrice van la Toussuire voor les Sybelles - La Toussuire\",\"isPartOf\":{\"@id\":\"https:\/\/la-toussuire.com\/nl\/#website\"},\"primaryImageOfPage\":{\"@id\":\"https:\/\/la-toussuire.com\/nl\/skien-en-glijden\/skigebied-van-sybelles\/josephine-ambassadrice-van-la-toussuire-voor-les-sybelles\/#primaryimage\"},\"image\":{\"@id\":\"https:\/\/la-toussuire.com\/nl\/skien-en-glijden\/skigebied-van-sybelles\/josephine-ambassadrice-van-la-toussuire-voor-les-sybelles\/#primaryimage\"},\"thumbnailUrl\":\"https:\/\/la-toussuire.com\/wp-content\/uploads\/OTToussuire_6belles_Josephine_Presentation\u00a9DavidMalacrida@La_Toussuire.jpg\",\"datePublished\":\"2022-08-11T15:23:46+00:00\",\"description\":\"Jos\u00e9phine is de ambassadrice van La Toussuire bij het skigebied Sybelles. #6belles #lessybelles #Sybelles\",\"breadcrumb\":{\"@id\":\"https:\/\/la-toussuire.com\/nl\/skien-en-glijden\/skigebied-van-sybelles\/josephine-ambassadrice-van-la-toussuire-voor-les-sybelles\/#breadcrumb\"},\"inLanguage\":\"nl-NL\",\"potentialAction\":[{\"@type\":\"ReadAction\",\"target\":[\"https:\/\/la-toussuire.com\/nl\/skien-en-glijden\/skigebied-van-sybelles\/josephine-ambassadrice-van-la-toussuire-voor-les-sybelles\/\"]}]},{\"@type\":\"ImageObject\",\"inLanguage\":\"nl-NL\",\"@id\":\"https:\/\/la-toussuire.com\/nl\/skien-en-glijden\/skigebied-van-sybelles\/josephine-ambassadrice-van-la-toussuire-voor-les-sybelles\/#primaryimage\",\"url\":\"https:\/\/la-toussuire.com\/wp-content\/uploads\/OTToussuire_6belles_Josephine_Presentation\u00a9DavidMalacrida@La_Toussuire.jpg\",\"contentUrl\":\"https:\/\/la-toussuire.com\/wp-content\/uploads\/OTToussuire_6belles_Josephine_Presentation\u00a9DavidMalacrida@La_Toussuire.jpg\",\"width\":1024,\"height\":683,\"caption\":\"Jos\u00e9phine in actie\"},{\"@type\":\"BreadcrumbList\",\"@id\":\"https:\/\/la-toussuire.com\/nl\/skien-en-glijden\/skigebied-van-sybelles\/josephine-ambassadrice-van-la-toussuire-voor-les-sybelles\/#breadcrumb\",\"itemListElement\":[{\"@type\":\"ListItem\",\"position\":1,\"name\":\"Accueil\",\"item\":\"https:\/\/la-toussuire.com\/nl\/\"},{\"@type\":\"ListItem\",\"position\":2,\"name\":\"Ski\u00ebn en glijden\",\"item\":\"https:\/\/la-toussuire.com\/nl\/skien-en-glijden\/\"},{\"@type\":\"ListItem\",\"position\":3,\"name\":\"Les Sybelles\u00ae skigebied\",\"item\":\"https:\/\/la-toussuire.com\/nl\/skien-en-glijden\/skigebied-van-sybelles\/\"},{\"@type\":\"ListItem\",\"position\":4,\"name\":\"Jos\u00e9phine ambassadrice van la Toussuire voor les Sybelles\"}]},{\"@type\":\"WebSite\",\"@id\":\"https:\/\/la-toussuire.com\/nl\/#website\",\"url\":\"https:\/\/la-toussuire.com\/nl\/\",\"name\":\"La Toussuire\",\"description\":\"\",\"publisher\":{\"@id\":\"https:\/\/la-toussuire.com\/nl\/#organization\"},\"potentialAction\":[{\"@type\":\"SearchAction\",\"target\":{\"@type\":\"EntryPoint\",\"urlTemplate\":\"https:\/\/la-toussuire.com\/nl\/?s={search_term_string}\"},\"query-input\":{\"@type\":\"PropertyValueSpecification\",\"valueRequired\":true,\"valueName\":\"search_term_string\"}}],\"inLanguage\":\"nl-NL\"},{\"@type\":\"Organization\",\"@id\":\"https:\/\/la-toussuire.com\/nl\/#organization\",\"name\":\"La Toussuire\",\"url\":\"https:\/\/la-toussuire.com\/nl\/\",\"logo\":{\"@type\":\"ImageObject\",\"inLanguage\":\"nl-NL\",\"@id\":\"https:\/\/la-toussuire.com\/nl\/#\/schema\/logo\/image\/\",\"url\":\"https:\/\/la-toussuire.com\/wp-content\/uploads\/cropped-Nouveau-LA-TOUSSUIRE_Logo_Plan-de-travail-1-02.png\",\"contentUrl\":\"https:\/\/la-toussuire.com\/wp-content\/uploads\/cropped-Nouveau-LA-TOUSSUIRE_Logo_Plan-de-travail-1-02.png\",\"width\":591,\"height\":591,\"caption\":\"La Toussuire\"},\"image\":{\"@id\":\"https:\/\/la-toussuire.com\/nl\/#\/schema\/logo\/image\/\"}}]}<\/script>\n<!-- \/ Yoast SEO plugin. -->","yoast_head_json":{"title":"Jos\u00e9phine ambassadrice van la Toussuire voor les Sybelles - La Toussuire","description":"Jos\u00e9phine is de ambassadrice van La Toussuire bij het skigebied Sybelles. #6belles #lessybelles #Sybelles","robots":{"index":"index","follow":"follow","max-snippet":"max-snippet:-1","max-image-preview":"max-image-preview:large","max-video-preview":"max-video-preview:-1"},"canonical":"https:\/\/la-toussuire.com\/nl\/skien-en-glijden\/skigebied-van-sybelles\/josephine-ambassadrice-van-la-toussuire-voor-les-sybelles\/","og_locale":"nl_NL","og_type":"article","og_title":"Jos\u00e9phine ambassadrice van la Toussuire voor les Sybelles - La Toussuire","og_description":"Jos\u00e9phine is de ambassadrice van La Toussuire bij het skigebied Sybelles. #6belles #lessybelles #Sybelles","og_url":"https:\/\/la-toussuire.com\/nl\/skien-en-glijden\/skigebied-van-sybelles\/josephine-ambassadrice-van-la-toussuire-voor-les-sybelles\/","og_site_name":"La Toussuire","og_image":[{"width":1024,"height":683,"url":"https:\/\/la-toussuire.com\/wp-content\/uploads\/OTToussuire_6belles_Josephine_Presentation\u00a9DavidMalacrida@La_Toussuire.jpg","type":"image\/jpeg"}],"twitter_card":"summary_large_image","twitter_misc":{"Geschatte leestijd":"1 minuut"},"schema":{"@context":"https:\/\/schema.org","@graph":[{"@type":"WebPage","@id":"https:\/\/la-toussuire.com\/nl\/skien-en-glijden\/skigebied-van-sybelles\/josephine-ambassadrice-van-la-toussuire-voor-les-sybelles\/","url":"https:\/\/la-toussuire.com\/nl\/skien-en-glijden\/skigebied-van-sybelles\/josephine-ambassadrice-van-la-toussuire-voor-les-sybelles\/","name":"Jos\u00e9phine ambassadrice van la Toussuire voor les Sybelles - La Toussuire","isPartOf":{"@id":"https:\/\/la-toussuire.com\/nl\/#website"},"primaryImageOfPage":{"@id":"https:\/\/la-toussuire.com\/nl\/skien-en-glijden\/skigebied-van-sybelles\/josephine-ambassadrice-van-la-toussuire-voor-les-sybelles\/#primaryimage"},"image":{"@id":"https:\/\/la-toussuire.com\/nl\/skien-en-glijden\/skigebied-van-sybelles\/josephine-ambassadrice-van-la-toussuire-voor-les-sybelles\/#primaryimage"},"thumbnailUrl":"https:\/\/la-toussuire.com\/wp-content\/uploads\/OTToussuire_6belles_Josephine_Presentation\u00a9DavidMalacrida@La_Toussuire.jpg","datePublished":"2022-08-11T15:23:46+00:00","description":"Jos\u00e9phine is de ambassadrice van La Toussuire bij het skigebied Sybelles. #6belles #lessybelles #Sybelles","breadcrumb":{"@id":"https:\/\/la-toussuire.com\/nl\/skien-en-glijden\/skigebied-van-sybelles\/josephine-ambassadrice-van-la-toussuire-voor-les-sybelles\/#breadcrumb"},"inLanguage":"nl-NL","potentialAction":[{"@type":"ReadAction","target":["https:\/\/la-toussuire.com\/nl\/skien-en-glijden\/skigebied-van-sybelles\/josephine-ambassadrice-van-la-toussuire-voor-les-sybelles\/"]}]},{"@type":"ImageObject","inLanguage":"nl-NL","@id":"https:\/\/la-toussuire.com\/nl\/skien-en-glijden\/skigebied-van-sybelles\/josephine-ambassadrice-van-la-toussuire-voor-les-sybelles\/#primaryimage","url":"https:\/\/la-toussuire.com\/wp-content\/uploads\/OTToussuire_6belles_Josephine_Presentation\u00a9DavidMalacrida@La_Toussuire.jpg","contentUrl":"https:\/\/la-toussuire.com\/wp-content\/uploads\/OTToussuire_6belles_Josephine_Presentation\u00a9DavidMalacrida@La_Toussuire.jpg","width":1024,"height":683,"caption":"Jos\u00e9phine in actie"},{"@type":"BreadcrumbList","@id":"https:\/\/la-toussuire.com\/nl\/skien-en-glijden\/skigebied-van-sybelles\/josephine-ambassadrice-van-la-toussuire-voor-les-sybelles\/#breadcrumb","itemListElement":[{"@type":"ListItem","position":1,"name":"Accueil","item":"https:\/\/la-toussuire.com\/nl\/"},{"@type":"ListItem","position":2,"name":"Ski\u00ebn en glijden","item":"https:\/\/la-toussuire.com\/nl\/skien-en-glijden\/"},{"@type":"ListItem","position":3,"name":"Les Sybelles\u00ae skigebied","item":"https:\/\/la-toussuire.com\/nl\/skien-en-glijden\/skigebied-van-sybelles\/"},{"@type":"ListItem","position":4,"name":"Jos\u00e9phine ambassadrice van la Toussuire voor les Sybelles"}]},{"@type":"WebSite","@id":"https:\/\/la-toussuire.com\/nl\/#website","url":"https:\/\/la-toussuire.com\/nl\/","name":"La Toussuire","description":"","publisher":{"@id":"https:\/\/la-toussuire.com\/nl\/#organization"},"potentialAction":[{"@type":"SearchAction","target":{"@type":"EntryPoint","urlTemplate":"https:\/\/la-toussuire.com\/nl\/?s={search_term_string}"},"query-input":{"@type":"PropertyValueSpecification","valueRequired":true,"valueName":"search_term_string"}}],"inLanguage":"nl-NL"},{"@type":"Organization","@id":"https:\/\/la-toussuire.com\/nl\/#organization","name":"La Toussuire","url":"https:\/\/la-toussuire.com\/nl\/","logo":{"@type":"ImageObject","inLanguage":"nl-NL","@id":"https:\/\/la-toussuire.com\/nl\/#\/schema\/logo\/image\/","url":"https:\/\/la-toussuire.com\/wp-content\/uploads\/cropped-Nouveau-LA-TOUSSUIRE_Logo_Plan-de-travail-1-02.png","contentUrl":"https:\/\/la-toussuire.com\/wp-content\/uploads\/cropped-Nouveau-LA-TOUSSUIRE_Logo_Plan-de-travail-1-02.png","width":591,"height":591,"caption":"La Toussuire"},"image":{"@id":"https:\/\/la-toussuire.com\/nl\/#\/schema\/logo\/image\/"}}]}},"_links":{"self":[{"href":"https:\/\/la-toussuire.com\/nl\/wp-json\/wp\/v2\/pages\/10337","targetHints":{"allow":["GET"]}}],"collection":[{"href":"https:\/\/la-toussuire.com\/nl\/wp-json\/wp\/v2\/pages"}],"about":[{"href":"https:\/\/la-toussuire.com\/nl\/wp-json\/wp\/v2\/types\/page"}],"author":[{"embeddable":true,"href":"https:\/\/la-toussuire.com\/nl\/wp-json\/wp\/v2\/users\/2"}],"replies":[{"embeddable":true,"href":"https:\/\/la-toussuire.com\/nl\/wp-json\/wp\/v2\/comments?post=10337"}],"version-history":[{"count":1,"href":"https:\/\/la-toussuire.com\/nl\/wp-json\/wp\/v2\/pages\/10337\/revisions"}],"predecessor-version":[{"id":10338,"href":"https:\/\/la-toussuire.com\/nl\/wp-json\/wp\/v2\/pages\/10337\/revisions\/10338"}],"up":[{"embeddable":true,"href":"https:\/\/la-toussuire.com\/nl\/wp-json\/wp\/v2\/pages\/10217"}],"wp:featuredmedia":[{"embeddable":true,"href":"https:\/\/la-toussuire.com\/nl\/wp-json\/wp\/v2\/media\/8093"}],"wp:attachment":[{"href":"https:\/\/la-toussuire.com\/nl\/wp-json\/wp\/v2\/media?parent=10337"}],"curies":[{"name":"wp","href":"https:\/\/api.w.org\/{rel}","templated":true}]}}