{"id":10329,"date":"2022-08-11T16:41:58","date_gmt":"2022-08-11T14:41:58","guid":{"rendered":"https:\/\/la-toussuire.com\/ontdek-la-toussuire\/de-kampioenen-van-het-oord\/girl-power-de-huidige-generatie\/"},"modified":"2024-08-23T12:22:46","modified_gmt":"2024-08-23T10:22:46","slug":"girl-power-de-huidige-generatie","status":"publish","type":"page","link":"https:\/\/la-toussuire.com\/nl\/ontdek-la-toussuire\/de-kampioenen-van-het-oord\/girl-power-de-huidige-generatie\/","title":{"rendered":"GIRL POWER = De huidige generatie"},"content":{"rendered":"<div class=\"block block-core-heading\">\n<h2 class=\"wp-block-heading has-text-align-center\">Who rule the world? Girls ! <\/h2>\n<\/div><div class=\"block block-core-paragraph\">\n<p class=\"has-text-align-center\">Lorna, Candice, L\u00e9na, Laura: De Girl Power is ge\u00efnstalleerd in La Toussuire !<\/p>\n<\/div><div class=\"block block-core-paragraph\">\n<p class=\"has-text-align-center\">Al onze meisjes zijn <strong>kampioenen<\/strong> in \u00e9\u00e9n of andere discipline van ski-alpinisme. Ze imponeren met hun talent op hun ganse generatie en dragen met trots de kleuren van hun wintersportplaats ! <em><strong>Bravo meisjes !<\/strong><\/em><\/p>\n<\/div><div class=\"block block-core-media-text align-wrap align-wrap-wide\">\n<div class=\"wp-block-media-text alignwide is-stacked-on-mobile is-image-fill\"><figure class=\"wp-block-media-text__media\" style=\"background-image:url(https:\/\/la-toussuire.com\/wp-content\/uploads\/OTToussuire_Champions_Girl_Power_Lorna_Bonnel_Galerie\u00a9Skimostats@La_Toussuire.jpg);background-position:50% 50%\"><img loading=\"lazy\" decoding=\"async\" width=\"738\" height=\"492\" src=\"https:\/\/la-toussuire.com\/wp-content\/uploads\/OTToussuire_Champions_Girl_Power_Lorna_Bonnel_Galerie\u00a9Skimostats@La_Toussuire.jpg\" alt=\"\" class=\"wp-image-8183 size-full\" srcset=\"https:\/\/la-toussuire.com\/wp-content\/uploads\/OTToussuire_Champions_Girl_Power_Lorna_Bonnel_Galerie\u00a9Skimostats@La_Toussuire.jpg 738w, https:\/\/la-toussuire.com\/wp-content\/uploads\/OTToussuire_Champions_Girl_Power_Lorna_Bonnel_Galerie\u00a9Skimostats@La_Toussuire-300x200.jpg 300w, https:\/\/la-toussuire.com\/wp-content\/uploads\/OTToussuire_Champions_Girl_Power_Lorna_Bonnel_Galerie\u00a9Skimostats@La_Toussuire-150x100.jpg 150w\" sizes=\"auto, (max-width: 738px) 100vw, 738px\" \/><\/figure><div class=\"wp-block-media-text__content\"><div class=\"block block-core-paragraph\">\n<p class=\"has-text-align-center has-text-color has-large-font-size\" style=\"color:#fbba18\"><strong>Lorna Bonnel<\/strong><\/p>\n<\/div>\n\n<div class=\"block block-core-paragraph\">\n<p class=\"has-text-align-center\">Lorna Bonnel is de oudste van onze kampioenen. Zij is het die het spoor legt en de weg toont aan haar geloofsgenoten. <\/p>\n<\/div>\n\n<div class=\"block block-core-paragraph\">\n<p class=\"has-text-align-center\">Eerste wereldkampioene van ski-alpinisme van de wintersportplaats in 2017. <\/p>\n<\/div>\n\n<div class=\"block block-core-buttons\">\n<div class=\"wp-block-buttons is-content-justification-center is-layout-flex wp-container-core-buttons-is-layout-16018d1d wp-block-buttons-is-layout-flex\"><div class=\"block block-core-button\">\n<div class=\"wp-block-button\"><a class=\"wp-block-button__link wp-element-button\" href=\"https:\/\/la-toussuire.com\/nl\/ontdek-la-toussuire\/de-kampioenen-van-het-oord\/girl-power-de-huidige-generatie\/lorna-bonnel\/\">Haar palmares<\/a><\/div>\n<\/div><\/div>\n<\/div><\/div><\/div>\n<\/div><div class=\"block block-core-media-text align-wrap align-wrap-wide\">\n<div class=\"wp-block-media-text alignwide has-media-on-the-right is-stacked-on-mobile is-image-fill\"><div class=\"wp-block-media-text__content\"><div class=\"block block-core-paragraph\">\n<p class=\"has-text-align-center has-text-color has-large-font-size\" style=\"color:#fbba18\"><strong>L\u00e9na Bonnel<\/strong><\/p>\n<\/div>\n\n<div class=\"block block-core-paragraph\">\n<p class=\"has-text-align-center\">L\u00e9na is de nicht van Lorna en de zus van Candice. Eens de genealogische boom op zijn plaats gezet is, doet dit absoluut niets af van haar buitengewone talent en haar legendarische vechtlust, integendeel zelfs !<\/p>\n<\/div>\n\n<div class=\"block block-core-buttons\">\n<div class=\"wp-block-buttons is-content-justification-center is-layout-flex wp-container-core-buttons-is-layout-16018d1d wp-block-buttons-is-layout-flex\"><div class=\"block block-core-button\">\n<div class=\"wp-block-button\"><a class=\"wp-block-button__link wp-element-button\" href=\"https:\/\/la-toussuire.com\/nl\/ontdek-la-toussuire\/de-kampioenen-van-het-oord\/girl-power-de-huidige-generatie\/lena-bonnel\/\">Haar palmares<\/a><\/div>\n<\/div><\/div>\n<\/div><\/div><figure class=\"wp-block-media-text__media\" style=\"background-image:url(https:\/\/la-toussuire.com\/wp-content\/uploads\/OTToussuire_Champions_Girl_Power_Lena_Bonnel_Galerie\u00a9Skimostats@La_Toussuire.jpg);background-position:50% 50%\"><img loading=\"lazy\" decoding=\"async\" width=\"942\" height=\"948\" src=\"https:\/\/la-toussuire.com\/wp-content\/uploads\/OTToussuire_Champions_Girl_Power_Lena_Bonnel_Galerie\u00a9Skimostats@La_Toussuire.jpg\" alt=\"\" class=\"wp-image-8180 size-full\" srcset=\"https:\/\/la-toussuire.com\/wp-content\/uploads\/OTToussuire_Champions_Girl_Power_Lena_Bonnel_Galerie\u00a9Skimostats@La_Toussuire.jpg 942w, https:\/\/la-toussuire.com\/wp-content\/uploads\/OTToussuire_Champions_Girl_Power_Lena_Bonnel_Galerie\u00a9Skimostats@La_Toussuire-298x300.jpg 298w, https:\/\/la-toussuire.com\/wp-content\/uploads\/OTToussuire_Champions_Girl_Power_Lena_Bonnel_Galerie\u00a9Skimostats@La_Toussuire-150x150.jpg 150w, https:\/\/la-toussuire.com\/wp-content\/uploads\/OTToussuire_Champions_Girl_Power_Lena_Bonnel_Galerie\u00a9Skimostats@La_Toussuire-768x773.jpg 768w\" sizes=\"auto, (max-width: 942px) 100vw, 942px\" \/><\/figure><\/div>\n<\/div><div class=\"block block-core-media-text align-wrap align-wrap-wide\">\n<div class=\"wp-block-media-text alignwide is-stacked-on-mobile is-image-fill\"><figure class=\"wp-block-media-text__media\" style=\"background-image:url(https:\/\/la-toussuire.com\/wp-content\/uploads\/\/Lou-Covarel-\u00a9OTToussuire-1024x576.jpg);background-position:50% 50%\"><img loading=\"lazy\" decoding=\"async\" width=\"1024\" height=\"576\" src=\"https:\/\/la-toussuire.com\/wp-content\/uploads\/\/Lou-Covarel-\u00a9OTToussuire-1024x576.jpg\" alt=\"Lou Covarel - Western ruiter\" class=\"wp-image-33203 size-full\" srcset=\"https:\/\/la-toussuire.com\/wp-content\/uploads\/Lou-Covarel-\u00a9OTToussuire-1024x576.jpg 1024w, https:\/\/la-toussuire.com\/wp-content\/uploads\/Lou-Covarel-\u00a9OTToussuire-300x169.jpg 300w, https:\/\/la-toussuire.com\/wp-content\/uploads\/Lou-Covarel-\u00a9OTToussuire-150x84.jpg 150w, https:\/\/la-toussuire.com\/wp-content\/uploads\/Lou-Covarel-\u00a9OTToussuire-768x432.jpg 768w, https:\/\/la-toussuire.com\/wp-content\/uploads\/Lou-Covarel-\u00a9OTToussuire-1536x864.jpg 1536w, https:\/\/la-toussuire.com\/wp-content\/uploads\/Lou-Covarel-\u00a9OTToussuire-2048x1152.jpg 2048w\" sizes=\"auto, (max-width: 1024px) 100vw, 1024px\" \/><\/figure><div class=\"wp-block-media-text__content\"><div class=\"block block-core-paragraph\">\n<p class=\"has-text-align-center has-text-color has-large-font-size\" style=\"color:#fbba18\"><strong>Lou Covarel<\/strong><\/p>\n<\/div>\n\n<div class=\"block block-core-paragraph\">\n<p class=\"has-text-align-center\">Zeer jonge kampioene, met reeds een verbazingwekkend palmares qua meesterschap en tijdsduur, Lou is een volwaardige kampioene in een minder bekende discipline maar alleszins zeer beloftevol !<\/p>\n<\/div>\n\n<div class=\"block block-core-buttons\">\n<div class=\"wp-block-buttons is-content-justification-center is-layout-flex wp-container-core-buttons-is-layout-16018d1d wp-block-buttons-is-layout-flex\"><div class=\"block block-core-button\">\n<div class=\"wp-block-button\"><a class=\"wp-block-button__link wp-element-button\" href=\"https:\/\/la-toussuire.com\/nl\/ontdek-la-toussuire\/de-kampioenen-van-het-oord\/girl-power-de-huidige-generatie\/lou-covarel\/\">Haar palmares<\/a><\/div>\n<\/div><\/div>\n<\/div><\/div><\/div>\n<\/div>","protected":false},"excerpt":{"rendered":"<p>Who rule the world? Girls ! Lorna, Candice, L\u00e9na, Laura: De Girl Power is ge\u00efnstalleerd in La Toussuire ! Al onze meisjes zijn kampioenen in \u00e9\u00e9n of andere discipline van ski-alpinisme. Ze imponeren met hun talent op hun ganse generatie en dragen met trots de kleuren van hun wintersportplaats ! Bravo meisjes !<\/p>\n","protected":false},"author":2,"featured_media":8191,"parent":10266,"menu_order":3,"comment_status":"closed","ping_status":"closed","template":"page-template.php","meta":{"_acf_changed":false,"footnotes":""},"class_list":["post-10329","page","type-page","status-publish","has-post-thumbnail","hentry"],"acf":[],"yoast_head":"<!-- This site is optimized with the Yoast SEO plugin v27.1.1 - https:\/\/yoast.com\/product\/yoast-seo-wordpress\/ -->\n<title>GIRL POWER = De huidige generatie - La Toussuire<\/title>\n<meta name=\"description\" content=\"4 x kampioen in ski-alpinisme (ski-mountainering) en 1 van authentiek paardrijden van La Toussuire. Ze doet ook aan trailrunning of fietsen\" \/>\n<meta name=\"robots\" content=\"index, follow, max-snippet:-1, max-image-preview:large, max-video-preview:-1\" \/>\n<link rel=\"canonical\" href=\"https:\/\/la-toussuire.com\/nl\/ontdek-la-toussuire\/de-kampioenen-van-het-oord\/girl-power-de-huidige-generatie\/\" \/>\n<meta property=\"og:locale\" content=\"nl_NL\" \/>\n<meta property=\"og:type\" content=\"article\" \/>\n<meta property=\"og:title\" content=\"GIRL POWER = De huidige generatie - La Toussuire\" \/>\n<meta property=\"og:description\" content=\"4 x kampioen in ski-alpinisme (ski-mountainering) en 1 van authentiek paardrijden van La Toussuire. Ze doet ook aan trailrunning of fietsen\" \/>\n<meta property=\"og:url\" content=\"https:\/\/la-toussuire.com\/nl\/ontdek-la-toussuire\/de-kampioenen-van-het-oord\/girl-power-de-huidige-generatie\/\" \/>\n<meta property=\"og:site_name\" content=\"La Toussuire\" \/>\n<meta property=\"article:modified_time\" content=\"2024-08-23T10:22:46+00:00\" \/>\n<meta property=\"og:image\" content=\"https:\/\/la-toussuire.com\/wp-content\/uploads\/OTToussuire_Champions_Girl_Power_Lorna_Laura_Lena_Presentation\u00a9Skimostats@La_Toussuire.jpg\" \/>\n\t<meta property=\"og:image:width\" content=\"895\" \/>\n\t<meta property=\"og:image:height\" content=\"503\" \/>\n\t<meta property=\"og:image:type\" content=\"image\/jpeg\" \/>\n<meta name=\"twitter:card\" content=\"summary_large_image\" \/>\n<meta name=\"twitter:label1\" content=\"Geschatte leestijd\" \/>\n\t<meta name=\"twitter:data1\" content=\"1 minuut\" \/>\n<script type=\"application\/ld+json\" class=\"yoast-schema-graph\">{\"@context\":\"https:\/\/schema.org\",\"@graph\":[{\"@type\":\"WebPage\",\"@id\":\"https:\/\/la-toussuire.com\/nl\/ontdek-la-toussuire\/de-kampioenen-van-het-oord\/girl-power-de-huidige-generatie\/\",\"url\":\"https:\/\/la-toussuire.com\/nl\/ontdek-la-toussuire\/de-kampioenen-van-het-oord\/girl-power-de-huidige-generatie\/\",\"name\":\"GIRL POWER = De huidige generatie - La Toussuire\",\"isPartOf\":{\"@id\":\"https:\/\/la-toussuire.com\/nl\/#website\"},\"primaryImageOfPage\":{\"@id\":\"https:\/\/la-toussuire.com\/nl\/ontdek-la-toussuire\/de-kampioenen-van-het-oord\/girl-power-de-huidige-generatie\/#primaryimage\"},\"image\":{\"@id\":\"https:\/\/la-toussuire.com\/nl\/ontdek-la-toussuire\/de-kampioenen-van-het-oord\/girl-power-de-huidige-generatie\/#primaryimage\"},\"thumbnailUrl\":\"https:\/\/la-toussuire.com\/wp-content\/uploads\/OTToussuire_Champions_Girl_Power_Lorna_Laura_Lena_Presentation\u00a9Skimostats@La_Toussuire.jpg\",\"datePublished\":\"2022-08-11T14:41:58+00:00\",\"dateModified\":\"2024-08-23T10:22:46+00:00\",\"description\":\"4 x kampioen in ski-alpinisme (ski-mountainering) en 1 van authentiek paardrijden van La Toussuire. Ze doet ook aan trailrunning of fietsen\",\"breadcrumb\":{\"@id\":\"https:\/\/la-toussuire.com\/nl\/ontdek-la-toussuire\/de-kampioenen-van-het-oord\/girl-power-de-huidige-generatie\/#breadcrumb\"},\"inLanguage\":\"nl-NL\",\"potentialAction\":[{\"@type\":\"ReadAction\",\"target\":[\"https:\/\/la-toussuire.com\/nl\/ontdek-la-toussuire\/de-kampioenen-van-het-oord\/girl-power-de-huidige-generatie\/\"]}]},{\"@type\":\"ImageObject\",\"inLanguage\":\"nl-NL\",\"@id\":\"https:\/\/la-toussuire.com\/nl\/ontdek-la-toussuire\/de-kampioenen-van-het-oord\/girl-power-de-huidige-generatie\/#primaryimage\",\"url\":\"https:\/\/la-toussuire.com\/wp-content\/uploads\/OTToussuire_Champions_Girl_Power_Lorna_Laura_Lena_Presentation\u00a9Skimostats@La_Toussuire.jpg\",\"contentUrl\":\"https:\/\/la-toussuire.com\/wp-content\/uploads\/OTToussuire_Champions_Girl_Power_Lorna_Laura_Lena_Presentation\u00a9Skimostats@La_Toussuire.jpg\",\"width\":895,\"height\":503,\"caption\":\"Lorna Bonnel, Laura Deplanche en L\u00e9na Bonnel\"},{\"@type\":\"BreadcrumbList\",\"@id\":\"https:\/\/la-toussuire.com\/nl\/ontdek-la-toussuire\/de-kampioenen-van-het-oord\/girl-power-de-huidige-generatie\/#breadcrumb\",\"itemListElement\":[{\"@type\":\"ListItem\",\"position\":1,\"name\":\"Accueil\",\"item\":\"https:\/\/la-toussuire.com\/nl\/\"},{\"@type\":\"ListItem\",\"position\":2,\"name\":\"Ik verken\",\"item\":\"https:\/\/la-toussuire.com\/nl\/ontdek-la-toussuire\/\"},{\"@type\":\"ListItem\",\"position\":3,\"name\":\"Onze kampioenen\",\"item\":\"https:\/\/la-toussuire.com\/nl\/ontdek-la-toussuire\/de-kampioenen-van-het-oord\/\"},{\"@type\":\"ListItem\",\"position\":4,\"name\":\"GIRL POWER = De huidige generatie\"}]},{\"@type\":\"WebSite\",\"@id\":\"https:\/\/la-toussuire.com\/nl\/#website\",\"url\":\"https:\/\/la-toussuire.com\/nl\/\",\"name\":\"La Toussuire\",\"description\":\"\",\"publisher\":{\"@id\":\"https:\/\/la-toussuire.com\/nl\/#organization\"},\"potentialAction\":[{\"@type\":\"SearchAction\",\"target\":{\"@type\":\"EntryPoint\",\"urlTemplate\":\"https:\/\/la-toussuire.com\/nl\/?s={search_term_string}\"},\"query-input\":{\"@type\":\"PropertyValueSpecification\",\"valueRequired\":true,\"valueName\":\"search_term_string\"}}],\"inLanguage\":\"nl-NL\"},{\"@type\":\"Organization\",\"@id\":\"https:\/\/la-toussuire.com\/nl\/#organization\",\"name\":\"La Toussuire\",\"url\":\"https:\/\/la-toussuire.com\/nl\/\",\"logo\":{\"@type\":\"ImageObject\",\"inLanguage\":\"nl-NL\",\"@id\":\"https:\/\/la-toussuire.com\/nl\/#\/schema\/logo\/image\/\",\"url\":\"https:\/\/la-toussuire.com\/wp-content\/uploads\/cropped-Nouveau-LA-TOUSSUIRE_Logo_Plan-de-travail-1-02.png\",\"contentUrl\":\"https:\/\/la-toussuire.com\/wp-content\/uploads\/cropped-Nouveau-LA-TOUSSUIRE_Logo_Plan-de-travail-1-02.png\",\"width\":591,\"height\":591,\"caption\":\"La Toussuire\"},\"image\":{\"@id\":\"https:\/\/la-toussuire.com\/nl\/#\/schema\/logo\/image\/\"}}]}<\/script>\n<!-- \/ Yoast SEO plugin. -->","yoast_head_json":{"title":"GIRL POWER = De huidige generatie - La Toussuire","description":"4 x kampioen in ski-alpinisme (ski-mountainering) en 1 van authentiek paardrijden van La Toussuire. Ze doet ook aan trailrunning of fietsen","robots":{"index":"index","follow":"follow","max-snippet":"max-snippet:-1","max-image-preview":"max-image-preview:large","max-video-preview":"max-video-preview:-1"},"canonical":"https:\/\/la-toussuire.com\/nl\/ontdek-la-toussuire\/de-kampioenen-van-het-oord\/girl-power-de-huidige-generatie\/","og_locale":"nl_NL","og_type":"article","og_title":"GIRL POWER = De huidige generatie - La Toussuire","og_description":"4 x kampioen in ski-alpinisme (ski-mountainering) en 1 van authentiek paardrijden van La Toussuire. Ze doet ook aan trailrunning of fietsen","og_url":"https:\/\/la-toussuire.com\/nl\/ontdek-la-toussuire\/de-kampioenen-van-het-oord\/girl-power-de-huidige-generatie\/","og_site_name":"La Toussuire","article_modified_time":"2024-08-23T10:22:46+00:00","og_image":[{"width":895,"height":503,"url":"https:\/\/la-toussuire.com\/wp-content\/uploads\/OTToussuire_Champions_Girl_Power_Lorna_Laura_Lena_Presentation\u00a9Skimostats@La_Toussuire.jpg","type":"image\/jpeg"}],"twitter_card":"summary_large_image","twitter_misc":{"Geschatte leestijd":"1 minuut"},"schema":{"@context":"https:\/\/schema.org","@graph":[{"@type":"WebPage","@id":"https:\/\/la-toussuire.com\/nl\/ontdek-la-toussuire\/de-kampioenen-van-het-oord\/girl-power-de-huidige-generatie\/","url":"https:\/\/la-toussuire.com\/nl\/ontdek-la-toussuire\/de-kampioenen-van-het-oord\/girl-power-de-huidige-generatie\/","name":"GIRL POWER = De huidige generatie - La Toussuire","isPartOf":{"@id":"https:\/\/la-toussuire.com\/nl\/#website"},"primaryImageOfPage":{"@id":"https:\/\/la-toussuire.com\/nl\/ontdek-la-toussuire\/de-kampioenen-van-het-oord\/girl-power-de-huidige-generatie\/#primaryimage"},"image":{"@id":"https:\/\/la-toussuire.com\/nl\/ontdek-la-toussuire\/de-kampioenen-van-het-oord\/girl-power-de-huidige-generatie\/#primaryimage"},"thumbnailUrl":"https:\/\/la-toussuire.com\/wp-content\/uploads\/OTToussuire_Champions_Girl_Power_Lorna_Laura_Lena_Presentation\u00a9Skimostats@La_Toussuire.jpg","datePublished":"2022-08-11T14:41:58+00:00","dateModified":"2024-08-23T10:22:46+00:00","description":"4 x kampioen in ski-alpinisme (ski-mountainering) en 1 van authentiek paardrijden van La Toussuire. Ze doet ook aan trailrunning of fietsen","breadcrumb":{"@id":"https:\/\/la-toussuire.com\/nl\/ontdek-la-toussuire\/de-kampioenen-van-het-oord\/girl-power-de-huidige-generatie\/#breadcrumb"},"inLanguage":"nl-NL","potentialAction":[{"@type":"ReadAction","target":["https:\/\/la-toussuire.com\/nl\/ontdek-la-toussuire\/de-kampioenen-van-het-oord\/girl-power-de-huidige-generatie\/"]}]},{"@type":"ImageObject","inLanguage":"nl-NL","@id":"https:\/\/la-toussuire.com\/nl\/ontdek-la-toussuire\/de-kampioenen-van-het-oord\/girl-power-de-huidige-generatie\/#primaryimage","url":"https:\/\/la-toussuire.com\/wp-content\/uploads\/OTToussuire_Champions_Girl_Power_Lorna_Laura_Lena_Presentation\u00a9Skimostats@La_Toussuire.jpg","contentUrl":"https:\/\/la-toussuire.com\/wp-content\/uploads\/OTToussuire_Champions_Girl_Power_Lorna_Laura_Lena_Presentation\u00a9Skimostats@La_Toussuire.jpg","width":895,"height":503,"caption":"Lorna Bonnel, Laura Deplanche en L\u00e9na Bonnel"},{"@type":"BreadcrumbList","@id":"https:\/\/la-toussuire.com\/nl\/ontdek-la-toussuire\/de-kampioenen-van-het-oord\/girl-power-de-huidige-generatie\/#breadcrumb","itemListElement":[{"@type":"ListItem","position":1,"name":"Accueil","item":"https:\/\/la-toussuire.com\/nl\/"},{"@type":"ListItem","position":2,"name":"Ik verken","item":"https:\/\/la-toussuire.com\/nl\/ontdek-la-toussuire\/"},{"@type":"ListItem","position":3,"name":"Onze kampioenen","item":"https:\/\/la-toussuire.com\/nl\/ontdek-la-toussuire\/de-kampioenen-van-het-oord\/"},{"@type":"ListItem","position":4,"name":"GIRL POWER = De huidige generatie"}]},{"@type":"WebSite","@id":"https:\/\/la-toussuire.com\/nl\/#website","url":"https:\/\/la-toussuire.com\/nl\/","name":"La Toussuire","description":"","publisher":{"@id":"https:\/\/la-toussuire.com\/nl\/#organization"},"potentialAction":[{"@type":"SearchAction","target":{"@type":"EntryPoint","urlTemplate":"https:\/\/la-toussuire.com\/nl\/?s={search_term_string}"},"query-input":{"@type":"PropertyValueSpecification","valueRequired":true,"valueName":"search_term_string"}}],"inLanguage":"nl-NL"},{"@type":"Organization","@id":"https:\/\/la-toussuire.com\/nl\/#organization","name":"La Toussuire","url":"https:\/\/la-toussuire.com\/nl\/","logo":{"@type":"ImageObject","inLanguage":"nl-NL","@id":"https:\/\/la-toussuire.com\/nl\/#\/schema\/logo\/image\/","url":"https:\/\/la-toussuire.com\/wp-content\/uploads\/cropped-Nouveau-LA-TOUSSUIRE_Logo_Plan-de-travail-1-02.png","contentUrl":"https:\/\/la-toussuire.com\/wp-content\/uploads\/cropped-Nouveau-LA-TOUSSUIRE_Logo_Plan-de-travail-1-02.png","width":591,"height":591,"caption":"La Toussuire"},"image":{"@id":"https:\/\/la-toussuire.com\/nl\/#\/schema\/logo\/image\/"}}]}},"_links":{"self":[{"href":"https:\/\/la-toussuire.com\/nl\/wp-json\/wp\/v2\/pages\/10329","targetHints":{"allow":["GET"]}}],"collection":[{"href":"https:\/\/la-toussuire.com\/nl\/wp-json\/wp\/v2\/pages"}],"about":[{"href":"https:\/\/la-toussuire.com\/nl\/wp-json\/wp\/v2\/types\/page"}],"author":[{"embeddable":true,"href":"https:\/\/la-toussuire.com\/nl\/wp-json\/wp\/v2\/users\/2"}],"replies":[{"embeddable":true,"href":"https:\/\/la-toussuire.com\/nl\/wp-json\/wp\/v2\/comments?post=10329"}],"version-history":[{"count":3,"href":"https:\/\/la-toussuire.com\/nl\/wp-json\/wp\/v2\/pages\/10329\/revisions"}],"predecessor-version":[{"id":33289,"href":"https:\/\/la-toussuire.com\/nl\/wp-json\/wp\/v2\/pages\/10329\/revisions\/33289"}],"up":[{"embeddable":true,"href":"https:\/\/la-toussuire.com\/nl\/wp-json\/wp\/v2\/pages\/10266"}],"wp:featuredmedia":[{"embeddable":true,"href":"https:\/\/la-toussuire.com\/nl\/wp-json\/wp\/v2\/media\/8191"}],"wp:attachment":[{"href":"https:\/\/la-toussuire.com\/nl\/wp-json\/wp\/v2\/media?parent=10329"}],"curies":[{"name":"wp","href":"https:\/\/api.w.org\/{rel}","templated":true}]}}