{"id":10277,"date":"2022-08-09T12:14:36","date_gmt":"2022-08-09T10:14:36","guid":{"rendered":"https:\/\/la-toussuire.com\/ontdek-la-toussuire\/ontdekking-van-het-patrimonium-van-de-berg\/"},"modified":"2026-02-23T11:55:38","modified_gmt":"2026-02-23T10:55:38","slug":"ontdekking-van-het-patrimonium-van-de-berg","status":"publish","type":"page","link":"https:\/\/la-toussuire.com\/nl\/ontdek-la-toussuire\/ontdekking-van-het-patrimonium-van-de-berg\/","title":{"rendered":"Ontdekking van het patrimonium van de berg"},"content":{"rendered":"<div class=\"block block-core-media-text align-wrap align-wrap-wide\">\n<div class=\"wp-block-media-text alignwide is-stacked-on-mobile is-image-fill-element\"><figure class=\"wp-block-media-text__media\"><img loading=\"lazy\" decoding=\"async\" width=\"960\" height=\"940\" src=\"https:\/\/la-toussuire.com\/wp-content\/uploads\/OTToussuire_Decouverte_Patrimoine_Fontcouverte_Presentation\u00a9PierreDompnier@La_Toussuire-2.jpg\" alt=\"Traditioneel pak van Fontcouverte - La Toussuire. Het pak is vol levende kleuren, evenals mooi borduurwerk uit de SavoieHet\" class=\"wp-image-7726 size-full\" style=\"object-position:50% 50%\" srcset=\"https:\/\/la-toussuire.com\/wp-content\/uploads\/OTToussuire_Decouverte_Patrimoine_Fontcouverte_Presentation\u00a9PierreDompnier@La_Toussuire-2.jpg 960w, https:\/\/la-toussuire.com\/wp-content\/uploads\/OTToussuire_Decouverte_Patrimoine_Fontcouverte_Presentation\u00a9PierreDompnier@La_Toussuire-2-300x294.jpg 300w, https:\/\/la-toussuire.com\/wp-content\/uploads\/OTToussuire_Decouverte_Patrimoine_Fontcouverte_Presentation\u00a9PierreDompnier@La_Toussuire-2-150x147.jpg 150w, https:\/\/la-toussuire.com\/wp-content\/uploads\/OTToussuire_Decouverte_Patrimoine_Fontcouverte_Presentation\u00a9PierreDompnier@La_Toussuire-2-768x752.jpg 768w\" sizes=\"auto, (max-width: 960px) 100vw, 960px\" \/><\/figure><div class=\"wp-block-media-text__content\"><div class=\"block block-core-heading\">\n<h2 class=\"wp-block-heading has-text-align-center\" id=\"patrimoine\">Patrimonium<\/h2>\n<\/div>\n\n<div class=\"block block-core-paragraph\">\n<p class=\"has-text-align-center\">Een beetje geschiedenis over onze gemeenschap en alle goede adressen om u vroeger in te lichten over deze thematiek<\/p>\n<\/div>\n\n<div class=\"block block-core-buttons\">\n<div class=\"wp-block-buttons is-content-justification-center is-layout-flex wp-container-core-buttons-is-layout-16018d1d wp-block-buttons-is-layout-flex\"><div class=\"block block-core-button\">\n<div class=\"wp-block-button is-style-fill\"><a class=\"wp-block-button__link wp-element-button\" href=\"https:\/\/la-toussuire.com\/nl\/ontdek-la-toussuire\/ontdekking-van-het-patrimonium-van-de-berg\/het-patrimonium-van-fontcouverte-la-toussuire-barok-bos-aarde-en-hemel\/\">Meer weten<\/a><\/div>\n<\/div><\/div>\n<\/div><\/div><\/div>\n<\/div>\n\n<div class=\"block block-core-media-text align-wrap align-wrap-wide\">\n<div class=\"wp-block-media-text alignwide has-media-on-the-right is-stacked-on-mobile\"><div class=\"wp-block-media-text__content\"><div class=\"block block-core-heading\">\n<h2 class=\"wp-block-heading has-text-align-center\" id=\"eglises-et-chapelles\">Kerken en kapellen<\/h2>\n<\/div>\n\n<div class=\"block block-core-paragraph\">\n<p class=\"has-text-align-center\">Het religieuze patrimonium is zeer aanwezig en zeer ingeworteld bij La Toussuire. Meerdere kapellen en kerken vullen de gehuchten. Sommige ervan zijn getuige van barokkunst. <\/p>\n<\/div>\n\n<div class=\"block block-core-buttons\">\n<div class=\"wp-block-buttons is-content-justification-center is-layout-flex wp-container-core-buttons-is-layout-16018d1d wp-block-buttons-is-layout-flex\"><div class=\"block block-core-button\">\n<div class=\"wp-block-button is-style-fill\"><a class=\"wp-block-button__link wp-element-button\" href=\"https:\/\/la-toussuire.com\/nl\/ontdek-la-toussuire\/ontdekking-van-het-patrimonium-van-de-berg\/het-religieuze-patrimonium\/\">Meer weten<\/a><\/div>\n<\/div><\/div>\n<\/div><\/div><figure class=\"wp-block-media-text__media\"><img loading=\"lazy\" decoding=\"async\" width=\"960\" height=\"640\" src=\"https:\/\/la-toussuire.com\/wp-content\/uploads\/OTToussuire_Patrimoine_Religieux_Eglise_Plafond\u00a9AgenceZoom@La_Toussuire.jpg\" alt=\"Photo style g\u00e9om\u00e9trique \u00e0 l'int\u00e9rieur de l'\u00e9glise de Fontcouverte. Il s'agit de la fresque principal de l'\u00e9glise\" class=\"wp-image-7790 size-full\" srcset=\"https:\/\/la-toussuire.com\/wp-content\/uploads\/OTToussuire_Patrimoine_Religieux_Eglise_Plafond\u00a9AgenceZoom@La_Toussuire.jpg 960w, https:\/\/la-toussuire.com\/wp-content\/uploads\/OTToussuire_Patrimoine_Religieux_Eglise_Plafond\u00a9AgenceZoom@La_Toussuire-300x200.jpg 300w, https:\/\/la-toussuire.com\/wp-content\/uploads\/OTToussuire_Patrimoine_Religieux_Eglise_Plafond\u00a9AgenceZoom@La_Toussuire-150x100.jpg 150w, https:\/\/la-toussuire.com\/wp-content\/uploads\/OTToussuire_Patrimoine_Religieux_Eglise_Plafond\u00a9AgenceZoom@La_Toussuire-768x512.jpg 768w\" sizes=\"auto, (max-width: 960px) 100vw, 960px\" \/><\/figure><\/div>\n<\/div>\n\n<div class=\"block block-core-media-text align-wrap align-wrap-wide\">\n<div class=\"wp-block-media-text alignwide is-stacked-on-mobile\"><figure class=\"wp-block-media-text__media\"><img loading=\"lazy\" decoding=\"async\" width=\"1024\" height=\"682\" src=\"https:\/\/la-toussuire.com\/wp-content\/uploads\/OTToussuire_Decouverte_Fontaine_Presentation\u00a9OTToussuire@La_Toussuire.jpg\" alt=\"Foto van de overdekte fontein van Fontcouverte. We kunnen een rooster met een stenen muur zien waaronder een fontein rust\" class=\"wp-image-7750 size-full\" srcset=\"https:\/\/la-toussuire.com\/wp-content\/uploads\/OTToussuire_Decouverte_Fontaine_Presentation\u00a9OTToussuire@La_Toussuire.jpg 1024w, https:\/\/la-toussuire.com\/wp-content\/uploads\/OTToussuire_Decouverte_Fontaine_Presentation\u00a9OTToussuire@La_Toussuire-300x200.jpg 300w, https:\/\/la-toussuire.com\/wp-content\/uploads\/OTToussuire_Decouverte_Fontaine_Presentation\u00a9OTToussuire@La_Toussuire-150x100.jpg 150w, https:\/\/la-toussuire.com\/wp-content\/uploads\/OTToussuire_Decouverte_Fontaine_Presentation\u00a9OTToussuire@La_Toussuire-768x512.jpg 768w\" sizes=\"auto, (max-width: 1024px) 100vw, 1024px\" \/><\/figure><div class=\"wp-block-media-text__content\"><div class=\"block block-core-heading\">\n<h2 class=\"wp-block-heading has-text-align-center\" id=\"fontaine-et-cromlech\">Fontaine en cromlech<\/h2>\n<\/div>\n\n<div class=\"block block-core-paragraph\">\n<p class=\"has-text-align-center\">Fontcouverte, naam van de gemeenschap van La Toussuire haalt de etymologie uit de &#8220;Fontaine couverte&#8221; die zich bevindt beneden aan de weg, net na de hoofdplaats. Hebt u de cromlech gezien op de helling hierboven ?<\/p>\n<\/div>\n\n<div class=\"block block-core-buttons\">\n<div class=\"wp-block-buttons is-content-justification-center is-layout-flex wp-container-core-buttons-is-layout-16018d1d wp-block-buttons-is-layout-flex\"><div class=\"block block-core-button\">\n<div class=\"wp-block-button is-style-fill\"><a class=\"wp-block-button__link wp-element-button\" href=\"https:\/\/la-toussuire.com\/nl\/ontdek-la-toussuire\/ontdekking-van-het-patrimonium-van-de-berg\/overdekte-fontein-en-cromlech\/\">Meer weten<\/a><\/div>\n<\/div><\/div>\n<\/div>\n\n<div class=\"block block-core-paragraph\">\n<p><\/p>\n<\/div><\/div><\/div>\n<\/div>\n\n<div class=\"block block-core-media-text align-wrap align-wrap-wide\">\n<div class=\"wp-block-media-text alignwide has-media-on-the-right is-stacked-on-mobile\"><div class=\"wp-block-media-text__content\"><div class=\"block block-core-heading\">\n<h2 class=\"wp-block-heading has-text-align-center\" id=\"architecture-de-montagne\">Architectuur van de berg<\/h2>\n<\/div>\n\n<div class=\"block block-core-paragraph\">\n<p class=\"has-text-align-center\">Kent u de huizen op schragen, hebt u een broodoven bezocht ? Weet u waarom onze huizen allemaal balkons hebben ? La Toussuire houdt onverwachte schatten verborgen, enkel zichtbaar voor degenen die er zich in interesseren. Bent u nieuwsgierig genoeg ? <\/p>\n<\/div>\n\n<div class=\"block block-core-buttons\">\n<div class=\"wp-block-buttons is-content-justification-center is-layout-flex wp-container-core-buttons-is-layout-16018d1d wp-block-buttons-is-layout-flex\"><div class=\"block block-core-button\">\n<div class=\"wp-block-button is-style-fill\"><a class=\"wp-block-button__link wp-element-button\" href=\"https:\/\/la-toussuire.com\/nl\/ontdek-la-toussuire\/ontdekking-van-het-patrimonium-van-de-berg\/architectuur-van-de-berg\/\">Meer weten<\/a><\/div>\n<\/div><\/div>\n<\/div><\/div><figure class=\"wp-block-media-text__media\"><img loading=\"lazy\" decoding=\"async\" width=\"1024\" height=\"683\" src=\"https:\/\/la-toussuire.com\/wp-content\/uploads\/OTToussuire_Architecture_de_Montagne_Presentation\u00a9AgenceZoom@La_Toussuire.jpg\" alt=\"Photo d'une vielle b\u00e2tisse de l'\u00e9poque dans un style tr\u00e8s montagnard. La photo est prise en journ\u00e9e d'\u00e9t\u00e9 et \u00e0 l'horizontal.\" class=\"wp-image-7753 size-full\" srcset=\"https:\/\/la-toussuire.com\/wp-content\/uploads\/OTToussuire_Architecture_de_Montagne_Presentation\u00a9AgenceZoom@La_Toussuire.jpg 1024w, https:\/\/la-toussuire.com\/wp-content\/uploads\/OTToussuire_Architecture_de_Montagne_Presentation\u00a9AgenceZoom@La_Toussuire-300x200.jpg 300w, https:\/\/la-toussuire.com\/wp-content\/uploads\/OTToussuire_Architecture_de_Montagne_Presentation\u00a9AgenceZoom@La_Toussuire-150x100.jpg 150w, https:\/\/la-toussuire.com\/wp-content\/uploads\/OTToussuire_Architecture_de_Montagne_Presentation\u00a9AgenceZoom@La_Toussuire-768x512.jpg 768w\" sizes=\"auto, (max-width: 1024px) 100vw, 1024px\" \/><\/figure><\/div>\n<\/div>\n\n<div class=\"block block-core-media-text align-wrap align-wrap-wide\">\n<div class=\"wp-block-media-text alignwide is-stacked-on-mobile is-image-fill-element\"><figure class=\"wp-block-media-text__media\"><img loading=\"lazy\" decoding=\"async\" width=\"960\" height=\"641\" src=\"https:\/\/la-toussuire.com\/wp-content\/uploads\/OTToussuire_Gastronomie_Croziflette_Presentation\u00a9OTToussuire@La_Toussuire.jpg\" alt=\"Zoom op een Croziflette ! We kunnen een schotel Croziflette met een tikkeltje Savoie zien, evenals rauwe ham van de streek, met wat sla\" class=\"wp-image-7710 size-full\" style=\"object-position:38% 48%\" srcset=\"https:\/\/la-toussuire.com\/wp-content\/uploads\/OTToussuire_Gastronomie_Croziflette_Presentation\u00a9OTToussuire@La_Toussuire.jpg 960w, https:\/\/la-toussuire.com\/wp-content\/uploads\/OTToussuire_Gastronomie_Croziflette_Presentation\u00a9OTToussuire@La_Toussuire-300x200.jpg 300w, https:\/\/la-toussuire.com\/wp-content\/uploads\/OTToussuire_Gastronomie_Croziflette_Presentation\u00a9OTToussuire@La_Toussuire-150x100.jpg 150w, https:\/\/la-toussuire.com\/wp-content\/uploads\/OTToussuire_Gastronomie_Croziflette_Presentation\u00a9OTToussuire@La_Toussuire-768x513.jpg 768w\" sizes=\"auto, (max-width: 960px) 100vw, 960px\" \/><\/figure><div class=\"wp-block-media-text__content\"><div class=\"block block-core-heading\">\n<h2 class=\"wp-block-heading has-text-align-center\" id=\"gastronomie\">Gastronomie<\/h2>\n<\/div>\n\n<div class=\"block block-core-paragraph\">\n<p class=\"has-text-align-center\">U kent de tartiflette, de raclette, de fondue die enigszins behoren tot het patrimonium van de Savoie, Maar kent u ons lokaal culinair patrimonium ? Matouille, diots-crozets, Soppa Grassa zijn namen die u gaat beginnen eigen maken. <\/p>\n<\/div>\n\n<div class=\"block block-core-buttons\">\n<div class=\"wp-block-buttons is-content-justification-center is-layout-flex wp-container-core-buttons-is-layout-16018d1d wp-block-buttons-is-layout-flex\"><div class=\"block block-core-button\">\n<div class=\"wp-block-button is-style-fill\"><a class=\"wp-block-button__link wp-element-button\" href=\"https:\/\/la-toussuire.com\/decouvrez-la-station\/decouverte-du-patrimoine-de-montagne\/gastronomie-de-montagne\/\">Meer weten<\/a><\/div>\n<\/div><\/div>\n<\/div><\/div><\/div>\n<\/div>","protected":false},"excerpt":{"rendered":"","protected":false},"author":1,"featured_media":7748,"parent":5854,"menu_order":10,"comment_status":"closed","ping_status":"closed","template":"page-template.php","meta":{"_acf_changed":false,"footnotes":""},"class_list":["post-10277","page","type-page","status-publish","has-post-thumbnail","hentry"],"acf":[],"yoast_head":"<!-- This site is optimized with the Yoast SEO plugin v27.1.1 - https:\/\/yoast.com\/product\/yoast-seo-wordpress\/ -->\n<title>Ontdekking van het patrimonium van de berg - La Toussuire<\/title>\n<meta name=\"description\" content=\"Het patrimonium van La Toussuire is veelvoudig: architectuur, barokkerken en -kapellen, landschap, gastronomie, kunst en populaire tradities\" \/>\n<meta name=\"robots\" content=\"index, follow, max-snippet:-1, max-image-preview:large, max-video-preview:-1\" \/>\n<link rel=\"canonical\" href=\"https:\/\/la-toussuire.com\/nl\/ontdek-la-toussuire\/ontdekking-van-het-patrimonium-van-de-berg\/\" \/>\n<meta property=\"og:locale\" content=\"nl_NL\" \/>\n<meta property=\"og:type\" content=\"article\" \/>\n<meta property=\"og:title\" content=\"Ontdekking van het patrimonium van de berg - La Toussuire\" \/>\n<meta property=\"og:description\" content=\"Het patrimonium van La Toussuire is veelvoudig: architectuur, barokkerken en -kapellen, landschap, gastronomie, kunst en populaire tradities\" \/>\n<meta property=\"og:url\" content=\"https:\/\/la-toussuire.com\/nl\/ontdek-la-toussuire\/ontdekking-van-het-patrimonium-van-de-berg\/\" \/>\n<meta property=\"og:site_name\" content=\"La Toussuire\" \/>\n<meta property=\"article:modified_time\" content=\"2026-02-23T10:55:38+00:00\" \/>\n<meta property=\"og:image\" content=\"https:\/\/la-toussuire.com\/wp-content\/uploads\/OTToussuire_Decouverte_Patrimoine_Montagne_Presentation\u00a9AgenceZoom@La_Toussuire.jpg\" \/>\n\t<meta property=\"og:image:width\" content=\"1024\" \/>\n\t<meta property=\"og:image:height\" content=\"409\" \/>\n\t<meta property=\"og:image:type\" content=\"image\/jpeg\" \/>\n<meta name=\"twitter:card\" content=\"summary_large_image\" \/>\n<meta name=\"twitter:label1\" content=\"Geschatte leestijd\" \/>\n\t<meta name=\"twitter:data1\" content=\"3 minuten\" \/>\n<script type=\"application\/ld+json\" class=\"yoast-schema-graph\">{\"@context\":\"https:\/\/schema.org\",\"@graph\":[{\"@type\":\"WebPage\",\"@id\":\"https:\/\/la-toussuire.com\/nl\/ontdek-la-toussuire\/ontdekking-van-het-patrimonium-van-de-berg\/\",\"url\":\"https:\/\/la-toussuire.com\/nl\/ontdek-la-toussuire\/ontdekking-van-het-patrimonium-van-de-berg\/\",\"name\":\"Ontdekking van het patrimonium van de berg - La Toussuire\",\"isPartOf\":{\"@id\":\"https:\/\/la-toussuire.com\/nl\/#website\"},\"primaryImageOfPage\":{\"@id\":\"https:\/\/la-toussuire.com\/nl\/ontdek-la-toussuire\/ontdekking-van-het-patrimonium-van-de-berg\/#primaryimage\"},\"image\":{\"@id\":\"https:\/\/la-toussuire.com\/nl\/ontdek-la-toussuire\/ontdekking-van-het-patrimonium-van-de-berg\/#primaryimage\"},\"thumbnailUrl\":\"https:\/\/la-toussuire.com\/wp-content\/uploads\/OTToussuire_Decouverte_Patrimoine_Montagne_Presentation\u00a9AgenceZoom@La_Toussuire.jpg\",\"datePublished\":\"2022-08-09T10:14:36+00:00\",\"dateModified\":\"2026-02-23T10:55:38+00:00\",\"description\":\"Het patrimonium van La Toussuire is veelvoudig: architectuur, barokkerken en -kapellen, landschap, gastronomie, kunst en populaire tradities\",\"breadcrumb\":{\"@id\":\"https:\/\/la-toussuire.com\/nl\/ontdek-la-toussuire\/ontdekking-van-het-patrimonium-van-de-berg\/#breadcrumb\"},\"inLanguage\":\"nl-NL\",\"potentialAction\":[{\"@type\":\"ReadAction\",\"target\":[\"https:\/\/la-toussuire.com\/nl\/ontdek-la-toussuire\/ontdekking-van-het-patrimonium-van-de-berg\/\"]}]},{\"@type\":\"ImageObject\",\"inLanguage\":\"nl-NL\",\"@id\":\"https:\/\/la-toussuire.com\/nl\/ontdek-la-toussuire\/ontdekking-van-het-patrimonium-van-de-berg\/#primaryimage\",\"url\":\"https:\/\/la-toussuire.com\/wp-content\/uploads\/OTToussuire_Decouverte_Patrimoine_Montagne_Presentation\u00a9AgenceZoom@La_Toussuire.jpg\",\"contentUrl\":\"https:\/\/la-toussuire.com\/wp-content\/uploads\/OTToussuire_Decouverte_Patrimoine_Montagne_Presentation\u00a9AgenceZoom@La_Toussuire.jpg\",\"width\":1024,\"height\":409,\"caption\":\"Kerk van Fontcouverte\"},{\"@type\":\"BreadcrumbList\",\"@id\":\"https:\/\/la-toussuire.com\/nl\/ontdek-la-toussuire\/ontdekking-van-het-patrimonium-van-de-berg\/#breadcrumb\",\"itemListElement\":[{\"@type\":\"ListItem\",\"position\":1,\"name\":\"Accueil\",\"item\":\"https:\/\/la-toussuire.com\/nl\/\"},{\"@type\":\"ListItem\",\"position\":2,\"name\":\"Ik verken\",\"item\":\"https:\/\/la-toussuire.com\/nl\/ontdek-la-toussuire\/\"},{\"@type\":\"ListItem\",\"position\":3,\"name\":\"Ontdekking van het patrimonium van de berg\"}]},{\"@type\":\"WebSite\",\"@id\":\"https:\/\/la-toussuire.com\/nl\/#website\",\"url\":\"https:\/\/la-toussuire.com\/nl\/\",\"name\":\"La Toussuire\",\"description\":\"\",\"publisher\":{\"@id\":\"https:\/\/la-toussuire.com\/nl\/#organization\"},\"potentialAction\":[{\"@type\":\"SearchAction\",\"target\":{\"@type\":\"EntryPoint\",\"urlTemplate\":\"https:\/\/la-toussuire.com\/nl\/?s={search_term_string}\"},\"query-input\":{\"@type\":\"PropertyValueSpecification\",\"valueRequired\":true,\"valueName\":\"search_term_string\"}}],\"inLanguage\":\"nl-NL\"},{\"@type\":\"Organization\",\"@id\":\"https:\/\/la-toussuire.com\/nl\/#organization\",\"name\":\"La Toussuire\",\"url\":\"https:\/\/la-toussuire.com\/nl\/\",\"logo\":{\"@type\":\"ImageObject\",\"inLanguage\":\"nl-NL\",\"@id\":\"https:\/\/la-toussuire.com\/nl\/#\/schema\/logo\/image\/\",\"url\":\"https:\/\/la-toussuire.com\/wp-content\/uploads\/LA-TOUSSUIRE_Logo_ALT.png\",\"contentUrl\":\"https:\/\/la-toussuire.com\/wp-content\/uploads\/LA-TOUSSUIRE_Logo_ALT.png\",\"width\":557,\"height\":325,\"caption\":\"La Toussuire\"},\"image\":{\"@id\":\"https:\/\/la-toussuire.com\/nl\/#\/schema\/logo\/image\/\"}}]}<\/script>\n<!-- \/ Yoast SEO plugin. -->","yoast_head_json":{"title":"Ontdekking van het patrimonium van de berg - La Toussuire","description":"Het patrimonium van La Toussuire is veelvoudig: architectuur, barokkerken en -kapellen, landschap, gastronomie, kunst en populaire tradities","robots":{"index":"index","follow":"follow","max-snippet":"max-snippet:-1","max-image-preview":"max-image-preview:large","max-video-preview":"max-video-preview:-1"},"canonical":"https:\/\/la-toussuire.com\/nl\/ontdek-la-toussuire\/ontdekking-van-het-patrimonium-van-de-berg\/","og_locale":"nl_NL","og_type":"article","og_title":"Ontdekking van het patrimonium van de berg - La Toussuire","og_description":"Het patrimonium van La Toussuire is veelvoudig: architectuur, barokkerken en -kapellen, landschap, gastronomie, kunst en populaire tradities","og_url":"https:\/\/la-toussuire.com\/nl\/ontdek-la-toussuire\/ontdekking-van-het-patrimonium-van-de-berg\/","og_site_name":"La Toussuire","article_modified_time":"2026-02-23T10:55:38+00:00","og_image":[{"width":1024,"height":409,"url":"https:\/\/la-toussuire.com\/wp-content\/uploads\/OTToussuire_Decouverte_Patrimoine_Montagne_Presentation\u00a9AgenceZoom@La_Toussuire.jpg","type":"image\/jpeg"}],"twitter_card":"summary_large_image","twitter_misc":{"Geschatte leestijd":"3 minuten"},"schema":{"@context":"https:\/\/schema.org","@graph":[{"@type":"WebPage","@id":"https:\/\/la-toussuire.com\/nl\/ontdek-la-toussuire\/ontdekking-van-het-patrimonium-van-de-berg\/","url":"https:\/\/la-toussuire.com\/nl\/ontdek-la-toussuire\/ontdekking-van-het-patrimonium-van-de-berg\/","name":"Ontdekking van het patrimonium van de berg - La Toussuire","isPartOf":{"@id":"https:\/\/la-toussuire.com\/nl\/#website"},"primaryImageOfPage":{"@id":"https:\/\/la-toussuire.com\/nl\/ontdek-la-toussuire\/ontdekking-van-het-patrimonium-van-de-berg\/#primaryimage"},"image":{"@id":"https:\/\/la-toussuire.com\/nl\/ontdek-la-toussuire\/ontdekking-van-het-patrimonium-van-de-berg\/#primaryimage"},"thumbnailUrl":"https:\/\/la-toussuire.com\/wp-content\/uploads\/OTToussuire_Decouverte_Patrimoine_Montagne_Presentation\u00a9AgenceZoom@La_Toussuire.jpg","datePublished":"2022-08-09T10:14:36+00:00","dateModified":"2026-02-23T10:55:38+00:00","description":"Het patrimonium van La Toussuire is veelvoudig: architectuur, barokkerken en -kapellen, landschap, gastronomie, kunst en populaire tradities","breadcrumb":{"@id":"https:\/\/la-toussuire.com\/nl\/ontdek-la-toussuire\/ontdekking-van-het-patrimonium-van-de-berg\/#breadcrumb"},"inLanguage":"nl-NL","potentialAction":[{"@type":"ReadAction","target":["https:\/\/la-toussuire.com\/nl\/ontdek-la-toussuire\/ontdekking-van-het-patrimonium-van-de-berg\/"]}]},{"@type":"ImageObject","inLanguage":"nl-NL","@id":"https:\/\/la-toussuire.com\/nl\/ontdek-la-toussuire\/ontdekking-van-het-patrimonium-van-de-berg\/#primaryimage","url":"https:\/\/la-toussuire.com\/wp-content\/uploads\/OTToussuire_Decouverte_Patrimoine_Montagne_Presentation\u00a9AgenceZoom@La_Toussuire.jpg","contentUrl":"https:\/\/la-toussuire.com\/wp-content\/uploads\/OTToussuire_Decouverte_Patrimoine_Montagne_Presentation\u00a9AgenceZoom@La_Toussuire.jpg","width":1024,"height":409,"caption":"Kerk van Fontcouverte"},{"@type":"BreadcrumbList","@id":"https:\/\/la-toussuire.com\/nl\/ontdek-la-toussuire\/ontdekking-van-het-patrimonium-van-de-berg\/#breadcrumb","itemListElement":[{"@type":"ListItem","position":1,"name":"Accueil","item":"https:\/\/la-toussuire.com\/nl\/"},{"@type":"ListItem","position":2,"name":"Ik verken","item":"https:\/\/la-toussuire.com\/nl\/ontdek-la-toussuire\/"},{"@type":"ListItem","position":3,"name":"Ontdekking van het patrimonium van de berg"}]},{"@type":"WebSite","@id":"https:\/\/la-toussuire.com\/nl\/#website","url":"https:\/\/la-toussuire.com\/nl\/","name":"La Toussuire","description":"","publisher":{"@id":"https:\/\/la-toussuire.com\/nl\/#organization"},"potentialAction":[{"@type":"SearchAction","target":{"@type":"EntryPoint","urlTemplate":"https:\/\/la-toussuire.com\/nl\/?s={search_term_string}"},"query-input":{"@type":"PropertyValueSpecification","valueRequired":true,"valueName":"search_term_string"}}],"inLanguage":"nl-NL"},{"@type":"Organization","@id":"https:\/\/la-toussuire.com\/nl\/#organization","name":"La Toussuire","url":"https:\/\/la-toussuire.com\/nl\/","logo":{"@type":"ImageObject","inLanguage":"nl-NL","@id":"https:\/\/la-toussuire.com\/nl\/#\/schema\/logo\/image\/","url":"https:\/\/la-toussuire.com\/wp-content\/uploads\/LA-TOUSSUIRE_Logo_ALT.png","contentUrl":"https:\/\/la-toussuire.com\/wp-content\/uploads\/LA-TOUSSUIRE_Logo_ALT.png","width":557,"height":325,"caption":"La Toussuire"},"image":{"@id":"https:\/\/la-toussuire.com\/nl\/#\/schema\/logo\/image\/"}}]}},"_links":{"self":[{"href":"https:\/\/la-toussuire.com\/nl\/wp-json\/wp\/v2\/pages\/10277","targetHints":{"allow":["GET"]}}],"collection":[{"href":"https:\/\/la-toussuire.com\/nl\/wp-json\/wp\/v2\/pages"}],"about":[{"href":"https:\/\/la-toussuire.com\/nl\/wp-json\/wp\/v2\/types\/page"}],"author":[{"embeddable":true,"href":"https:\/\/la-toussuire.com\/nl\/wp-json\/wp\/v2\/users\/1"}],"replies":[{"embeddable":true,"href":"https:\/\/la-toussuire.com\/nl\/wp-json\/wp\/v2\/comments?post=10277"}],"version-history":[{"count":5,"href":"https:\/\/la-toussuire.com\/nl\/wp-json\/wp\/v2\/pages\/10277\/revisions"}],"predecessor-version":[{"id":45031,"href":"https:\/\/la-toussuire.com\/nl\/wp-json\/wp\/v2\/pages\/10277\/revisions\/45031"}],"up":[{"embeddable":true,"href":"https:\/\/la-toussuire.com\/nl\/wp-json\/wp\/v2\/pages\/5854"}],"wp:featuredmedia":[{"embeddable":true,"href":"https:\/\/la-toussuire.com\/nl\/wp-json\/wp\/v2\/media\/7748"}],"wp:attachment":[{"href":"https:\/\/la-toussuire.com\/nl\/wp-json\/wp\/v2\/media?parent=10277"}],"curies":[{"name":"wp","href":"https:\/\/api.w.org\/{rel}","templated":true}]}}