{"id":10273,"date":"2022-08-09T11:23:39","date_gmt":"2022-08-09T09:23:39","guid":{"rendered":"https:\/\/la-toussuire.com\/ontdek-la-toussuire\/de-duurzame-toekomst-van-la-toussuire\/"},"modified":"2026-02-23T15:31:19","modified_gmt":"2026-02-23T14:31:19","slug":"de-duurzame-toekomst-van-la-toussuire","status":"publish","type":"page","link":"https:\/\/la-toussuire.com\/nl\/ontdek-la-toussuire\/de-duurzame-toekomst-van-la-toussuire\/","title":{"rendered":"Onze planeet"},"content":{"rendered":"<div class=\"block block-core-heading\">\n<h2 class=\"wp-block-heading has-text-align-center\">Omdat we houden van ons milieu<\/h2>\n<\/div>\n\n<div class=\"block block-core-paragraph\">\n<p class=\"has-text-align-center\">Sinds meerdere generaties leven we in de volle natuur, we kennen haar goed. Zo zijn we gewend geraakt aan de bijzonderheden van het milieu van de berg, we leven elke dag in harmonie met hen, in elk seizoen.<em> De natuur is overal om ons heen aanwezig, waarom dan niet ge\u00efnvesteerd in haar behoud ?<\/em><\/p>\n<\/div>\n\n<div class=\"block block-core-paragraph\">\n<p class=\"has-text-align-center\">We weten allemaal op welk punt <strong>de inzet van ontwikkeling en een duurzame toekomst<\/strong> voor u, voor ons en voor de planeet belangrijk zijn. We werken er ook elke dag aan om onze handelingen te doen overeenkomen met onze principes.<\/p>\n<\/div>\n\n<div class=\"block block-core-heading\">\n<h2 class=\"wp-block-heading has-text-align-center\">Het toeristenbureau van La Toussuire zet zich in! <\/h2>\n<\/div>\n\n<div class=\"block block-pdf-viewer-block-standard\">\n<div class=\"wp-block-pdf-viewer-block-standard\" style=\"text-align:left\"><div class=\"uploaded-pdf\"><a href=\"https:\/\/la-toussuire.com\/wp-content\/uploads\/Hiver-EN.pdf\" data-width=\"\" data-height=\"\"><\/a><\/div><\/div>\n<\/div>\n\n<div class=\"block block-core-heading\">\n<h2 class=\"wp-block-heading has-text-align-center\">Afvalophaling<\/h2>\n<\/div>\n\n<div class=\"block block-core-paragraph\">\n<p class=\"has-text-align-center\">Elk jaar organiseert het VVV-kantoor van La Toussuire een dag waarop na het winterseizoen afval wordt verzameld. De twee skischolen ESF en ESI, de skiliften en talrijke vrijwilligers helpen mee om onze prachtige bergen schoon te houden.  <\/p>\n<\/div>\n\n<div class=\"block block-pdf-viewer-block-standard\">\n<div class=\"wp-block-pdf-viewer-block-standard\" style=\"text-align:left\"><div class=\"uploaded-pdf\"><a href=\"https:\/\/la-toussuire.com\/wp-content\/uploads\/2025-05-24-Bilan-Ramassage-La-Toussuire_web.pdf\" data-width=\"\" data-height=\"\"><\/a><\/div><\/div>\n<\/div>\n\n<div class=\"block block-core-media-text align-wrap align-wrap-wide\">\n<div class=\"wp-block-media-text alignwide\" style=\"grid-template-columns:33% auto\"><figure class=\"wp-block-media-text__media\"><img loading=\"lazy\" decoding=\"async\" width=\"1024\" height=\"1024\" src=\"https:\/\/la-toussuire.com\/wp-content\/uploads\/\/OTToussuire_Avenir_Durable_Challenge_Zero\u00a9OTToussuire@La_Toussuire-1024x1024.png\" alt=\"Logo uitdaging nul Co2\" class=\"wp-image-7808 size-full\" srcset=\"https:\/\/la-toussuire.com\/wp-content\/uploads\/OTToussuire_Avenir_Durable_Challenge_Zero\u00a9OTToussuire@La_Toussuire.png 1024w, https:\/\/la-toussuire.com\/wp-content\/uploads\/OTToussuire_Avenir_Durable_Challenge_Zero\u00a9OTToussuire@La_Toussuire-300x300.png 300w, https:\/\/la-toussuire.com\/wp-content\/uploads\/OTToussuire_Avenir_Durable_Challenge_Zero\u00a9OTToussuire@La_Toussuire-150x150.png 150w, https:\/\/la-toussuire.com\/wp-content\/uploads\/OTToussuire_Avenir_Durable_Challenge_Zero\u00a9OTToussuire@La_Toussuire-768x768.png 768w\" sizes=\"auto, (max-width: 1024px) 100vw, 1024px\" \/><\/figure><div class=\"wp-block-media-text__content\"><div class=\"block block-core-heading\">\n<h2 class=\"wp-block-heading has-text-align-center\" id=\"le-challenge-zero-co\u00b2-du-domaine-des-sybelles\">De Zero CO\u00b2-uitdaging van skigebied Sybelles<\/h2>\n<\/div>\n\n<div class=\"block block-core-paragraph\">\n<p class=\"has-text-align-center\">Bewust van de grote inzet van klimaatverandering plaatst het skigebied Sybelles\u00ae het milieu centraal in onze overwegingen om te streven naar een verantwoordelijk en duurzaam toerisme. Doel: 0 koolstof in 2037.<\/p>\n<\/div><\/div><\/div>\n<\/div>\n\n<div class=\"block block-pdf-viewer-block-standard\">\n<div class=\"wp-block-pdf-viewer-block-standard\" style=\"text-align:left\"><div class=\"uploaded-pdf\"><a href=\"https:\/\/la-toussuire.com\/wp-content\/uploads\/infographie-challenge-zero-co2-1.pdf\" data-width=\"\" data-height=\"\"><\/a><\/div><\/div>\n<\/div>\n\n<div class=\"block block-core-media-text align-wrap align-wrap-wide\">\n<div class=\"wp-block-media-text alignwide has-media-on-the-right is-stacked-on-mobile\"><div class=\"wp-block-media-text__content\"><div class=\"block block-core-heading\">\n<h2 class=\"wp-block-heading has-text-align-center\" id=\"les-sapins-de-noel\">De kerstbomen<\/h2>\n<\/div>\n\n<div class=\"block block-core-paragraph\">\n<p class=\"has-text-align-center\">Er is geen klein gebaar met betrekking tot de bescherming van het milieu en de bewaring van de planeet. Elk jaar, wanneer Kerstmis nadert en het skigebied opengaat. Alle winkeliers in het skigebied krijgen kerstbomen in potten die in het voorjaar opnieuw geplant kunnen worden.  Ze worden geleverd met slingers op zonne-energie.<\/p>\n<\/div><\/div><figure class=\"wp-block-media-text__media\"><img loading=\"lazy\" decoding=\"async\" width=\"960\" height=\"649\" src=\"https:\/\/la-toussuire.com\/wp-content\/uploads\/OTToussuire_Avenir_Durable_Plantation_Sapins\u00a9OTToussuire@La_Toussuire.jpg\" alt=\"Photo prise en journ\u00e9e de printemps. nous pouvons voir des employ\u00e9s communaux avec le maire de la Toussuire ainsi qu'un \u00e9lu en train de planter des sapins pr\u00e8s de la Pumptrack\" class=\"wp-image-7817 size-full\" srcset=\"https:\/\/la-toussuire.com\/wp-content\/uploads\/OTToussuire_Avenir_Durable_Plantation_Sapins\u00a9OTToussuire@La_Toussuire.jpg 960w, https:\/\/la-toussuire.com\/wp-content\/uploads\/OTToussuire_Avenir_Durable_Plantation_Sapins\u00a9OTToussuire@La_Toussuire-300x203.jpg 300w, https:\/\/la-toussuire.com\/wp-content\/uploads\/OTToussuire_Avenir_Durable_Plantation_Sapins\u00a9OTToussuire@La_Toussuire-150x101.jpg 150w, https:\/\/la-toussuire.com\/wp-content\/uploads\/OTToussuire_Avenir_Durable_Plantation_Sapins\u00a9OTToussuire@La_Toussuire-768x519.jpg 768w\" sizes=\"auto, (max-width: 960px) 100vw, 960px\" \/><\/figure><\/div>\n<\/div>\n\n<div class=\"block block-core-media-text align-wrap align-wrap-wide\">\n<div class=\"wp-block-media-text alignwide is-stacked-on-mobile\"><figure class=\"wp-block-media-text__media\"><img loading=\"lazy\" decoding=\"async\" width=\"906\" height=\"600\" src=\"https:\/\/la-toussuire.com\/wp-content\/uploads\/Borne-de-recharge.png\" alt=\"\" class=\"wp-image-27054 size-full\" srcset=\"https:\/\/la-toussuire.com\/wp-content\/uploads\/Borne-de-recharge.png 906w, https:\/\/la-toussuire.com\/wp-content\/uploads\/Borne-de-recharge-300x199.png 300w, https:\/\/la-toussuire.com\/wp-content\/uploads\/Borne-de-recharge-150x99.png 150w, https:\/\/la-toussuire.com\/wp-content\/uploads\/Borne-de-recharge-768x509.png 768w\" sizes=\"auto, (max-width: 906px) 100vw, 906px\" \/><\/figure><div class=\"wp-block-media-text__content\"><div class=\"block block-core-heading\">\n<h2 class=\"wp-block-heading has-text-align-center\">Borne de recharge <\/h2>\n<\/div>\n\n<div class=\"block block-core-paragraph\">\n<p class=\"has-text-align-center\">3 oplaadpunten zijn beschikbaar in La Toussuire :<\/p>\n<\/div>\n\n<div class=\"block block-core-paragraph\">\n<p class=\"has-text-align-center\"><strong>Rue des Fondeurs<\/strong> achter het gebouw <strong>Le Perce Neige.<\/strong><\/p>\n<\/div>\n\n<div class=\"block block-core-paragraph\">\n<p class=\"has-text-align-center\"><strong>&#8211; H\u00f4tel \/ Restaurant Les Soldanelles<\/strong><\/p>\n<\/div>\n\n<div class=\"block block-core-paragraph\">\n<p class=\"has-text-align-center\">&#8211; <strong>R\u00e9sidence CGH Alpaga<\/strong><\/p>\n<\/div>\n\n<div class=\"block block-core-buttons\">\n<div class=\"wp-block-buttons is-content-justification-center is-layout-flex wp-container-core-buttons-is-layout-16018d1d wp-block-buttons-is-layout-flex\"><div class=\"block block-core-button\">\n<div class=\"wp-block-button\"><a class=\"wp-block-button__link wp-element-button\" href=\"https:\/\/www.calameo.com\/read\/0070349556c4a2d03b383\">Download de plattegrond van de terminals<\/a><\/div>\n<\/div><\/div>\n<\/div><\/div><\/div>\n<\/div>\n\n<div class=\"block block-core-media-text\">\n<div class=\"wp-block-media-text has-media-on-the-right is-stacked-on-mobile\"><div class=\"wp-block-media-text__content\"><div class=\"block block-core-heading\">\n<h2 class=\"wp-block-heading has-text-align-center\">Het programma voor de totale renovatie van de mede-eigendommen in La Toussuire<\/h2>\n<\/div>\n\n<div class=\"block block-core-paragraph\">\n<p class=\"has-text-align-center\">Een programma dat is opgezet door Atout France en dat <em>&#8220;tot doel heeft de algehele renovatie van recreatief vastgoed (en meer specifiek traditionele mede-eigendommen en toeristische residenties) in berggebieden te versnellen om enerzijds de commerci\u00eble aantrekkelijkheid en toeristische prestaties van deze accommodaties te behouden en anderzijds actief bij te dragen aan de transitie van deze gebieden naar een duurzamer model&#8221;.<\/em><\/p>\n<\/div>\n\n<div class=\"block block-core-buttons\">\n<div class=\"wp-block-buttons is-content-justification-center is-layout-flex wp-container-core-buttons-is-layout-16018d1d wp-block-buttons-is-layout-flex\"><div class=\"block block-core-button\">\n<div class=\"wp-block-button\"><a class=\"wp-block-button__link wp-element-button\" href=\"https:\/\/la-toussuire.com\/nl\/uitgebreid-renovatieprogramma-voor-mede-eigendommen\/\">Meer weten <\/a><\/div>\n<\/div><\/div>\n<\/div><\/div><figure class=\"wp-block-media-text__media\"><img loading=\"lazy\" decoding=\"async\" width=\"970\" height=\"898\" src=\"https:\/\/la-toussuire.com\/wp-content\/uploads\/dernier-vertical.jpeg\" alt=\"logo Second Souffle\" class=\"wp-image-36536 size-full\" srcset=\"https:\/\/la-toussuire.com\/wp-content\/uploads\/dernier-vertical.jpeg 970w, https:\/\/la-toussuire.com\/wp-content\/uploads\/dernier-vertical-300x278.jpeg 300w, https:\/\/la-toussuire.com\/wp-content\/uploads\/dernier-vertical-150x139.jpeg 150w, https:\/\/la-toussuire.com\/wp-content\/uploads\/dernier-vertical-768x711.jpeg 768w\" sizes=\"auto, (max-width: 970px) 100vw, 970px\" \/><\/figure><\/div>\n<\/div>","protected":false},"excerpt":{"rendered":"<p>Omdat we houden van ons milieu Sinds meerdere generaties leven we in de volle natuur, we kennen haar goed. Zo zijn we gewend geraakt aan de bijzonderheden van het milieu van de berg, we leven elke dag in harmonie met hen, in elk seizoen. De natuur is overal om ons heen aanwezig, waarom dan niet [&hellip;]<\/p>\n","protected":false},"author":2,"featured_media":32784,"parent":5854,"menu_order":9,"comment_status":"closed","ping_status":"closed","template":"page-template.php","meta":{"_acf_changed":false,"footnotes":""},"class_list":["post-10273","page","type-page","status-publish","has-post-thumbnail","hentry"],"acf":[],"yoast_head":"<!-- This site is optimized with the Yoast SEO plugin v27.1.1 - https:\/\/yoast.com\/product\/yoast-seo-wordpress\/ -->\n<title>Onze planeet - La Toussuire<\/title>\n<meta name=\"description\" content=\"Toekomst, CO\u00b2, water, sparren, duurzame ontwikkeling, natuur, behoud, inzetten, planeet, klimaat, verantwoordelijk toerisme\" \/>\n<meta name=\"robots\" content=\"index, follow, max-snippet:-1, max-image-preview:large, max-video-preview:-1\" \/>\n<link rel=\"canonical\" href=\"https:\/\/la-toussuire.com\/nl\/ontdek-la-toussuire\/de-duurzame-toekomst-van-la-toussuire\/\" \/>\n<meta property=\"og:locale\" content=\"nl_NL\" \/>\n<meta property=\"og:type\" content=\"article\" \/>\n<meta property=\"og:title\" content=\"Onze planeet - La Toussuire\" \/>\n<meta property=\"og:description\" content=\"Toekomst, CO\u00b2, water, sparren, duurzame ontwikkeling, natuur, behoud, inzetten, planeet, klimaat, verantwoordelijk toerisme\" \/>\n<meta property=\"og:url\" content=\"https:\/\/la-toussuire.com\/nl\/ontdek-la-toussuire\/de-duurzame-toekomst-van-la-toussuire\/\" \/>\n<meta property=\"og:site_name\" content=\"La Toussuire\" \/>\n<meta property=\"article:modified_time\" content=\"2026-02-23T14:31:19+00:00\" \/>\n<meta property=\"og:image\" content=\"https:\/\/la-toussuire.com\/wp-content\/uploads\/APernet-OTToussuire-web-210722-067.jpg\" \/>\n\t<meta property=\"og:image:width\" content=\"701\" \/>\n\t<meta property=\"og:image:height\" content=\"1050\" \/>\n\t<meta property=\"og:image:type\" content=\"image\/jpeg\" \/>\n<meta name=\"twitter:card\" content=\"summary_large_image\" \/>\n<meta name=\"twitter:label1\" content=\"Geschatte leestijd\" \/>\n\t<meta name=\"twitter:data1\" content=\"3 minuten\" \/>\n<script type=\"application\/ld+json\" class=\"yoast-schema-graph\">{\"@context\":\"https:\/\/schema.org\",\"@graph\":[{\"@type\":\"WebPage\",\"@id\":\"https:\/\/la-toussuire.com\/nl\/ontdek-la-toussuire\/de-duurzame-toekomst-van-la-toussuire\/\",\"url\":\"https:\/\/la-toussuire.com\/nl\/ontdek-la-toussuire\/de-duurzame-toekomst-van-la-toussuire\/\",\"name\":\"Onze planeet - La Toussuire\",\"isPartOf\":{\"@id\":\"https:\/\/la-toussuire.com\/nl\/#website\"},\"primaryImageOfPage\":{\"@id\":\"https:\/\/la-toussuire.com\/nl\/ontdek-la-toussuire\/de-duurzame-toekomst-van-la-toussuire\/#primaryimage\"},\"image\":{\"@id\":\"https:\/\/la-toussuire.com\/nl\/ontdek-la-toussuire\/de-duurzame-toekomst-van-la-toussuire\/#primaryimage\"},\"thumbnailUrl\":\"https:\/\/la-toussuire.com\/wp-content\/uploads\/APernet-OTToussuire-web-210722-067.jpg\",\"datePublished\":\"2022-08-09T09:23:39+00:00\",\"dateModified\":\"2026-02-23T14:31:19+00:00\",\"description\":\"Toekomst, CO\u00b2, water, sparren, duurzame ontwikkeling, natuur, behoud, inzetten, planeet, klimaat, verantwoordelijk toerisme\",\"breadcrumb\":{\"@id\":\"https:\/\/la-toussuire.com\/nl\/ontdek-la-toussuire\/de-duurzame-toekomst-van-la-toussuire\/#breadcrumb\"},\"inLanguage\":\"nl-NL\",\"potentialAction\":[{\"@type\":\"ReadAction\",\"target\":[\"https:\/\/la-toussuire.com\/nl\/ontdek-la-toussuire\/de-duurzame-toekomst-van-la-toussuire\/\"]}]},{\"@type\":\"ImageObject\",\"inLanguage\":\"nl-NL\",\"@id\":\"https:\/\/la-toussuire.com\/nl\/ontdek-la-toussuire\/de-duurzame-toekomst-van-la-toussuire\/#primaryimage\",\"url\":\"https:\/\/la-toussuire.com\/wp-content\/uploads\/APernet-OTToussuire-web-210722-067.jpg\",\"contentUrl\":\"https:\/\/la-toussuire.com\/wp-content\/uploads\/APernet-OTToussuire-web-210722-067.jpg\",\"width\":701,\"height\":1050,\"caption\":\"OT La Toussuire - ete 2022 - Activit\u00e9s famille\"},{\"@type\":\"BreadcrumbList\",\"@id\":\"https:\/\/la-toussuire.com\/nl\/ontdek-la-toussuire\/de-duurzame-toekomst-van-la-toussuire\/#breadcrumb\",\"itemListElement\":[{\"@type\":\"ListItem\",\"position\":1,\"name\":\"Accueil\",\"item\":\"https:\/\/la-toussuire.com\/nl\/\"},{\"@type\":\"ListItem\",\"position\":2,\"name\":\"Ik verken\",\"item\":\"https:\/\/la-toussuire.com\/nl\/ontdek-la-toussuire\/\"},{\"@type\":\"ListItem\",\"position\":3,\"name\":\"Onze planeet\"}]},{\"@type\":\"WebSite\",\"@id\":\"https:\/\/la-toussuire.com\/nl\/#website\",\"url\":\"https:\/\/la-toussuire.com\/nl\/\",\"name\":\"La Toussuire\",\"description\":\"\",\"publisher\":{\"@id\":\"https:\/\/la-toussuire.com\/nl\/#organization\"},\"potentialAction\":[{\"@type\":\"SearchAction\",\"target\":{\"@type\":\"EntryPoint\",\"urlTemplate\":\"https:\/\/la-toussuire.com\/nl\/?s={search_term_string}\"},\"query-input\":{\"@type\":\"PropertyValueSpecification\",\"valueRequired\":true,\"valueName\":\"search_term_string\"}}],\"inLanguage\":\"nl-NL\"},{\"@type\":\"Organization\",\"@id\":\"https:\/\/la-toussuire.com\/nl\/#organization\",\"name\":\"La Toussuire\",\"url\":\"https:\/\/la-toussuire.com\/nl\/\",\"logo\":{\"@type\":\"ImageObject\",\"inLanguage\":\"nl-NL\",\"@id\":\"https:\/\/la-toussuire.com\/nl\/#\/schema\/logo\/image\/\",\"url\":\"https:\/\/la-toussuire.com\/wp-content\/uploads\/cropped-Nouveau-LA-TOUSSUIRE_Logo_Plan-de-travail-1-02.png\",\"contentUrl\":\"https:\/\/la-toussuire.com\/wp-content\/uploads\/cropped-Nouveau-LA-TOUSSUIRE_Logo_Plan-de-travail-1-02.png\",\"width\":591,\"height\":591,\"caption\":\"La Toussuire\"},\"image\":{\"@id\":\"https:\/\/la-toussuire.com\/nl\/#\/schema\/logo\/image\/\"}}]}<\/script>\n<!-- \/ Yoast SEO plugin. -->","yoast_head_json":{"title":"Onze planeet - La Toussuire","description":"Toekomst, CO\u00b2, water, sparren, duurzame ontwikkeling, natuur, behoud, inzetten, planeet, klimaat, verantwoordelijk toerisme","robots":{"index":"index","follow":"follow","max-snippet":"max-snippet:-1","max-image-preview":"max-image-preview:large","max-video-preview":"max-video-preview:-1"},"canonical":"https:\/\/la-toussuire.com\/nl\/ontdek-la-toussuire\/de-duurzame-toekomst-van-la-toussuire\/","og_locale":"nl_NL","og_type":"article","og_title":"Onze planeet - La Toussuire","og_description":"Toekomst, CO\u00b2, water, sparren, duurzame ontwikkeling, natuur, behoud, inzetten, planeet, klimaat, verantwoordelijk toerisme","og_url":"https:\/\/la-toussuire.com\/nl\/ontdek-la-toussuire\/de-duurzame-toekomst-van-la-toussuire\/","og_site_name":"La Toussuire","article_modified_time":"2026-02-23T14:31:19+00:00","og_image":[{"width":701,"height":1050,"url":"https:\/\/la-toussuire.com\/wp-content\/uploads\/APernet-OTToussuire-web-210722-067.jpg","type":"image\/jpeg"}],"twitter_card":"summary_large_image","twitter_misc":{"Geschatte leestijd":"3 minuten"},"schema":{"@context":"https:\/\/schema.org","@graph":[{"@type":"WebPage","@id":"https:\/\/la-toussuire.com\/nl\/ontdek-la-toussuire\/de-duurzame-toekomst-van-la-toussuire\/","url":"https:\/\/la-toussuire.com\/nl\/ontdek-la-toussuire\/de-duurzame-toekomst-van-la-toussuire\/","name":"Onze planeet - La Toussuire","isPartOf":{"@id":"https:\/\/la-toussuire.com\/nl\/#website"},"primaryImageOfPage":{"@id":"https:\/\/la-toussuire.com\/nl\/ontdek-la-toussuire\/de-duurzame-toekomst-van-la-toussuire\/#primaryimage"},"image":{"@id":"https:\/\/la-toussuire.com\/nl\/ontdek-la-toussuire\/de-duurzame-toekomst-van-la-toussuire\/#primaryimage"},"thumbnailUrl":"https:\/\/la-toussuire.com\/wp-content\/uploads\/APernet-OTToussuire-web-210722-067.jpg","datePublished":"2022-08-09T09:23:39+00:00","dateModified":"2026-02-23T14:31:19+00:00","description":"Toekomst, CO\u00b2, water, sparren, duurzame ontwikkeling, natuur, behoud, inzetten, planeet, klimaat, verantwoordelijk toerisme","breadcrumb":{"@id":"https:\/\/la-toussuire.com\/nl\/ontdek-la-toussuire\/de-duurzame-toekomst-van-la-toussuire\/#breadcrumb"},"inLanguage":"nl-NL","potentialAction":[{"@type":"ReadAction","target":["https:\/\/la-toussuire.com\/nl\/ontdek-la-toussuire\/de-duurzame-toekomst-van-la-toussuire\/"]}]},{"@type":"ImageObject","inLanguage":"nl-NL","@id":"https:\/\/la-toussuire.com\/nl\/ontdek-la-toussuire\/de-duurzame-toekomst-van-la-toussuire\/#primaryimage","url":"https:\/\/la-toussuire.com\/wp-content\/uploads\/APernet-OTToussuire-web-210722-067.jpg","contentUrl":"https:\/\/la-toussuire.com\/wp-content\/uploads\/APernet-OTToussuire-web-210722-067.jpg","width":701,"height":1050,"caption":"OT La Toussuire - ete 2022 - Activit\u00e9s famille"},{"@type":"BreadcrumbList","@id":"https:\/\/la-toussuire.com\/nl\/ontdek-la-toussuire\/de-duurzame-toekomst-van-la-toussuire\/#breadcrumb","itemListElement":[{"@type":"ListItem","position":1,"name":"Accueil","item":"https:\/\/la-toussuire.com\/nl\/"},{"@type":"ListItem","position":2,"name":"Ik verken","item":"https:\/\/la-toussuire.com\/nl\/ontdek-la-toussuire\/"},{"@type":"ListItem","position":3,"name":"Onze planeet"}]},{"@type":"WebSite","@id":"https:\/\/la-toussuire.com\/nl\/#website","url":"https:\/\/la-toussuire.com\/nl\/","name":"La Toussuire","description":"","publisher":{"@id":"https:\/\/la-toussuire.com\/nl\/#organization"},"potentialAction":[{"@type":"SearchAction","target":{"@type":"EntryPoint","urlTemplate":"https:\/\/la-toussuire.com\/nl\/?s={search_term_string}"},"query-input":{"@type":"PropertyValueSpecification","valueRequired":true,"valueName":"search_term_string"}}],"inLanguage":"nl-NL"},{"@type":"Organization","@id":"https:\/\/la-toussuire.com\/nl\/#organization","name":"La Toussuire","url":"https:\/\/la-toussuire.com\/nl\/","logo":{"@type":"ImageObject","inLanguage":"nl-NL","@id":"https:\/\/la-toussuire.com\/nl\/#\/schema\/logo\/image\/","url":"https:\/\/la-toussuire.com\/wp-content\/uploads\/cropped-Nouveau-LA-TOUSSUIRE_Logo_Plan-de-travail-1-02.png","contentUrl":"https:\/\/la-toussuire.com\/wp-content\/uploads\/cropped-Nouveau-LA-TOUSSUIRE_Logo_Plan-de-travail-1-02.png","width":591,"height":591,"caption":"La Toussuire"},"image":{"@id":"https:\/\/la-toussuire.com\/nl\/#\/schema\/logo\/image\/"}}]}},"_links":{"self":[{"href":"https:\/\/la-toussuire.com\/nl\/wp-json\/wp\/v2\/pages\/10273","targetHints":{"allow":["GET"]}}],"collection":[{"href":"https:\/\/la-toussuire.com\/nl\/wp-json\/wp\/v2\/pages"}],"about":[{"href":"https:\/\/la-toussuire.com\/nl\/wp-json\/wp\/v2\/types\/page"}],"author":[{"embeddable":true,"href":"https:\/\/la-toussuire.com\/nl\/wp-json\/wp\/v2\/users\/2"}],"replies":[{"embeddable":true,"href":"https:\/\/la-toussuire.com\/nl\/wp-json\/wp\/v2\/comments?post=10273"}],"version-history":[{"count":5,"href":"https:\/\/la-toussuire.com\/nl\/wp-json\/wp\/v2\/pages\/10273\/revisions"}],"predecessor-version":[{"id":45085,"href":"https:\/\/la-toussuire.com\/nl\/wp-json\/wp\/v2\/pages\/10273\/revisions\/45085"}],"up":[{"embeddable":true,"href":"https:\/\/la-toussuire.com\/nl\/wp-json\/wp\/v2\/pages\/5854"}],"wp:featuredmedia":[{"embeddable":true,"href":"https:\/\/la-toussuire.com\/nl\/wp-json\/wp\/v2\/media\/32784"}],"wp:attachment":[{"href":"https:\/\/la-toussuire.com\/nl\/wp-json\/wp\/v2\/media?parent=10273"}],"curies":[{"name":"wp","href":"https:\/\/api.w.org\/{rel}","templated":true}]}}