{"id":10266,"date":"2022-08-09T10:58:25","date_gmt":"2022-08-09T08:58:25","guid":{"rendered":"https:\/\/la-toussuire.com\/ontdek-la-toussuire\/de-kampioenen-van-het-oord\/"},"modified":"2024-08-23T12:30:43","modified_gmt":"2024-08-23T10:30:43","slug":"de-kampioenen-van-het-oord","status":"publish","type":"page","link":"https:\/\/la-toussuire.com\/nl\/ontdek-la-toussuire\/de-kampioenen-van-het-oord\/","title":{"rendered":"Onze kampioenen"},"content":{"rendered":"<div class=\"block block-core-heading\">\n<h2 class=\"wp-block-heading has-text-align-center\">Sportievelingen, winnaars, het zijn onze ambassadeurs<\/h2>\n<\/div><div class=\"block block-core-paragraph\">\n<p class=\"has-text-align-center\">Onze <strong>anciens<\/strong> hebben hun competities gewonnen op eenvoudige planken. Ze hebben onze kampioenen <strong>getraind<\/strong> die technische vooruitgang <strong>hebben<\/strong> weten te bemachtigen en zich <strong>ge\u00efntegreerd<\/strong> hebben in een sportieve geschiedenis. Deze hebben het trac\u00e9 ontworpen en de actuele generatie, die op het hoogste niveau presteert, <strong>ge\u00efnspireerd<\/strong>. Op haar beurt neemt ze de jongeren mee die de fakkel overnemen en hun naam in de geschiedenisboeken schrijven. De groepsgeest is daar en begeleidt hen op hun stappen. De sportiviteit wordt doorgegeven van generatie op generatie, de passie uit zich doorheen de leeftijden. <strong>Met hen en dankzij hen is het de volledige wintersportplaats die elke dag traint en wint !<\/strong><\/p>\n<\/div><div class=\"block block-core-media-text align-wrap align-wrap-wide\">\n<div class=\"wp-block-media-text alignwide is-stacked-on-mobile is-image-fill\"><figure class=\"wp-block-media-text__media\" style=\"background-image:url(https:\/\/la-toussuire.com\/wp-content\/uploads\/OTToussuire_Champions_Historiques_Presentation\u00a9OTToussuire@La_Toussuire.jpg);background-position:50% 50%\"><img loading=\"lazy\" decoding=\"async\" width=\"1024\" height=\"457\" src=\"https:\/\/la-toussuire.com\/wp-content\/uploads\/OTToussuire_Champions_Historiques_Presentation\u00a9OTToussuire@La_Toussuire.jpg\" alt=\"Oude foto in zwart\/wit. Groep van jonge skisters, poserend met hun ski online\" class=\"wp-image-8342 size-full\" srcset=\"https:\/\/la-toussuire.com\/wp-content\/uploads\/OTToussuire_Champions_Historiques_Presentation\u00a9OTToussuire@La_Toussuire.jpg 1024w, https:\/\/la-toussuire.com\/wp-content\/uploads\/OTToussuire_Champions_Historiques_Presentation\u00a9OTToussuire@La_Toussuire-300x134.jpg 300w, https:\/\/la-toussuire.com\/wp-content\/uploads\/OTToussuire_Champions_Historiques_Presentation\u00a9OTToussuire@La_Toussuire-150x67.jpg 150w, https:\/\/la-toussuire.com\/wp-content\/uploads\/OTToussuire_Champions_Historiques_Presentation\u00a9OTToussuire@La_Toussuire-768x343.jpg 768w\" sizes=\"auto, (max-width: 1024px) 100vw, 1024px\" \/><\/figure><div class=\"wp-block-media-text__content\"><div class=\"block block-core-heading\">\n<h2 class=\"wp-block-heading has-text-align-center has-text-color has-link-color wp-elements-4592acf54574527d0622423c4585a510\" style=\"color:#fbba18\">Collet of Augert, onze anciens hebben de weg getoond<\/h2>\n<\/div>\n\n<div class=\"block block-core-paragraph\">\n<p class=\"has-text-align-center\">Onze historische kampioenen hebben de weg gebaand. Niet makkelijk indertijd om zich te onderscheiden, om zich volledig te wijden aan zijn oefeningen terwijl men ook moest werken om in zijn onderhoud te voorzien. Sponsoring bestond toen nog niet en men moest de cursussen financieren. Hier vergeet men <strong>Collet<\/strong>, <strong>Augert<\/strong> niet. Ze maken steeds deel uit van de familie en ze krijgen bij elke overwinning een eerbetoon.<\/p>\n<\/div>\n\n<div class=\"block block-core-buttons\">\n<div class=\"wp-block-buttons is-content-justification-center is-layout-flex wp-container-core-buttons-is-layout-16018d1d wp-block-buttons-is-layout-flex\"><div class=\"block block-core-button\">\n<div class=\"wp-block-button\"><a class=\"wp-block-button__link wp-element-button\" href=\"https:\/\/la-toussuire.com\/nl\/ontdek-la-toussuire\/de-kampioenen-van-het-oord\/onze-historische-kampioenen\/\">Onze historische kampioenen<\/a><\/div>\n<\/div><\/div>\n<\/div><\/div><\/div>\n<\/div><div class=\"block block-core-media-text align-wrap align-wrap-wide\">\n<div class=\"wp-block-media-text alignwide has-media-on-the-right is-stacked-on-mobile is-image-fill\"><div class=\"wp-block-media-text__content\"><div class=\"block block-core-heading\">\n<h2 class=\"wp-block-heading has-text-align-center has-text-color has-link-color wp-elements-537ef39ed761bc857631d27c5b55e2c3\" style=\"color:#fbba18\">De rivaliteit onder de huid voor onze kampioenen van inspiratie<\/h2>\n<\/div>\n\n<div class=\"block block-core-paragraph\">\n<p class=\"has-text-align-center\">Ze hebben hun planken <strong>doen gloeien<\/strong>, de <strong>weg<\/strong>verbrand, de <strong>wegen<\/strong> verbrand&#8230; En de overwinningen waren op de afspraak. <strong>Ski\u00ebn<\/strong>, <strong>wilerennen<\/strong>, <strong>trail<\/strong>, het was nooit genoeg, men moest steeds beter doen, steeds meer. Ze hebben er gewild en ze hebben hun deel van de medailles ontvangen. Ze hebben hun stem getoond en vandaag inspireren ze alle volgende generaties.<\/p>\n<\/div>\n\n<div class=\"block block-core-buttons\">\n<div class=\"wp-block-buttons is-content-justification-center is-layout-flex wp-container-core-buttons-is-layout-16018d1d wp-block-buttons-is-layout-flex\"><div class=\"block block-core-button\">\n<div class=\"wp-block-button\"><a class=\"wp-block-button__link wp-element-button\" href=\"https:\/\/la-toussuire.com\/nl\/ontdek-la-toussuire\/de-kampioenen-van-het-oord\/onze-kampioenen-van-inspiratie\/\">Onze kampioenen van inspiratie<\/a><\/div>\n<\/div><\/div>\n<\/div><\/div><figure class=\"wp-block-media-text__media\" style=\"background-image:url(https:\/\/la-toussuire.com\/wp-content\/uploads\/OTToussuire_Champions_Inspiration_JeanPIerre_Vidal_Presentation\u00a9AgenceZoom_C.Bompard@La_Toussuire.jpg);background-position:41% 59%\"><img decoding=\"async\" src=\"https:\/\/la-toussuire.com\/wp-content\/uploads\/OTToussuire_Champions_Inspiration_JeanPIerre_Vidal_Presentation\u00a9AgenceZoom_C.Bompard@La_Toussuire.jpg\" alt=\"Photo prise sur les pistes de ski dam\u00e9e en journ\u00e9e. La photo est en contre plong\u00e9e avec Jean-Pierre Vidal comme sujet central en train de faire un virage carv\u00e9 pr\u00e8s de l'appareil photo\" class=\"wp-image-8282 size-full\"\/><\/figure><\/div>\n<\/div><div class=\"block block-core-media-text align-wrap align-wrap-wide\">\n<div class=\"wp-block-media-text alignwide is-stacked-on-mobile is-image-fill\"><figure class=\"wp-block-media-text__media\" style=\"background-image:url(https:\/\/la-toussuire.com\/wp-content\/uploads\/OTToussuire_Champions_Girl_Power_Galerie\u00a9CandiceBonnel@La_Toussuire.jpg);background-position:41% 38%\"><img loading=\"lazy\" decoding=\"async\" width=\"684\" height=\"912\" src=\"https:\/\/la-toussuire.com\/wp-content\/uploads\/OTToussuire_Champions_Girl_Power_Galerie\u00a9CandiceBonnel@La_Toussuire.jpg\" alt=\"Photo au format vertical prise en hiver avec nos sportifs f\u00e9minines en ski alpinisme. Nous pouvons voir nos quatre sportives en tenue de l'\u00e9quipe de France. De gauche \u00e0 droite : Lorna Bonnel, Candice Bonnel, L\u00e9na Bonnel et Laura Deplanche\" class=\"wp-image-8157 size-full\" srcset=\"https:\/\/la-toussuire.com\/wp-content\/uploads\/OTToussuire_Champions_Girl_Power_Galerie\u00a9CandiceBonnel@La_Toussuire.jpg 684w, https:\/\/la-toussuire.com\/wp-content\/uploads\/OTToussuire_Champions_Girl_Power_Galerie\u00a9CandiceBonnel@La_Toussuire-225x300.jpg 225w, https:\/\/la-toussuire.com\/wp-content\/uploads\/OTToussuire_Champions_Girl_Power_Galerie\u00a9CandiceBonnel@La_Toussuire-113x150.jpg 113w\" sizes=\"auto, (max-width: 684px) 100vw, 684px\" \/><\/figure><div class=\"wp-block-media-text__content\"><div class=\"block block-core-heading\">\n<h2 class=\"wp-block-heading has-text-align-center has-text-color has-link-color wp-elements-72ac6e752616459a2cf4c8874365baf0\" style=\"color:#fbba18\">Actuele generatie = Girl Power <\/h2>\n<\/div>\n\n<div class=\"block block-core-paragraph\">\n<p class=\"has-text-align-center\">Ze zijn <strong>enthousiast<\/strong>, <strong>vrijwillig<\/strong>, <strong>nederig<\/strong>en zeer <strong>professioneel<\/strong>. En vooral, ze winnen : Ze winnen gouden medailles, wereldkampioenschappen, wereldbeker in overvloed ! Onze meisjes zijn <strong>fantastisch<\/strong> ! Ze verdienen echt dat de vrouwensport beter beoordeeld en gemediatiseerd wordt. Ze hebben ook nood aan hun discipline, het ski-alpinisme, hetzij beter gecapteerd door de media om beter doorgezonden te worden. ZHet ski-alpinisme wordt de nieuwe discipline van de Olympisch Spelen in 2026, men heeft haast !<\/p>\n<\/div>\n\n<div class=\"block block-core-paragraph\">\n<p class=\"has-text-align-center\">Laten we onze benjamin, Lou, niet vergeten, die de <strong>eerste prijs<\/strong> wil bereiken in western-paardrijden<\/p>\n<\/div>\n\n<div class=\"block block-core-buttons\">\n<div class=\"wp-block-buttons is-content-justification-center is-layout-flex wp-container-core-buttons-is-layout-16018d1d wp-block-buttons-is-layout-flex\"><div class=\"block block-core-button\">\n<div class=\"wp-block-button\"><a class=\"wp-block-button__link wp-element-button\" href=\"https:\/\/la-toussuire.com\/nl\/ontdek-la-toussuire\/de-kampioenen-van-het-oord\/girl-power-de-huidige-generatie\/\">Onze kampioenen in activiteit<\/a><\/div>\n<\/div><\/div>\n<\/div><\/div><\/div>\n<\/div><div class=\"block block-core-media-text align-wrap align-wrap-wide\">\n<div class=\"wp-block-media-text alignwide has-media-on-the-right is-stacked-on-mobile is-image-fill\"><div class=\"wp-block-media-text__content\"><div class=\"block block-core-heading\">\n<h2 class=\"wp-block-heading has-text-align-center has-text-color has-link-color wp-elements-bfa3911a645fb428ff7d047a8b496339\" style=\"color:#fbba18\">De kampioenen in wording<\/h2>\n<\/div>\n\n<div class=\"block block-core-paragraph\">\n<p class=\"has-text-align-center\">De kleintjes laten zich niets wijsmaken en verzinnen <strong>hun eigen sportieve geschiedenis.<\/strong> Ze beoefenen in de bergen <strong>onverwachte disciplines<\/strong> maar de geest van La Toussuire vloeit door hun aders en ze winnen! Jean-Pierre Vidal, onze olympische kampioen, heeft ge\u00efnvesteerd in Ski Club van Toussuire: een blijk van toekomstig succes.<\/p>\n<\/div>\n\n<div class=\"block block-core-buttons\">\n<div class=\"wp-block-buttons is-content-justification-center is-layout-flex wp-container-core-buttons-is-layout-16018d1d wp-block-buttons-is-layout-flex\"><div class=\"block block-core-button\">\n<div class=\"wp-block-button\"><a class=\"wp-block-button__link wp-element-button\" href=\"https:\/\/la-toussuire.com\/nl\/ontdek-la-toussuire\/de-kampioenen-van-het-oord\/de-kampioenen-in-wording\/\">Onze kampioenen in wording<\/a><\/div>\n<\/div><\/div>\n<\/div><\/div><figure class=\"wp-block-media-text__media\" style=\"background-image:url(https:\/\/la-toussuire.com\/wp-content\/uploads\/OTToussuire_Champion_Devenir_Bastien_Flammier_Presentation\u00a9OTToussuire@La_Toussuire.jpg);background-position:64% 38%\"><img loading=\"lazy\" decoding=\"async\" width=\"650\" height=\"388\" src=\"https:\/\/la-toussuire.com\/wp-content\/uploads\/OTToussuire_Champion_Devenir_Bastien_Flammier_Presentation\u00a9OTToussuire@La_Toussuire.jpg\" alt=\"Bastien Flammier toekomstig kampioen in ski alpinisme van La Toussuire in wedstrijd.\" class=\"wp-image-8114 size-full\" srcset=\"https:\/\/la-toussuire.com\/wp-content\/uploads\/OTToussuire_Champion_Devenir_Bastien_Flammier_Presentation\u00a9OTToussuire@La_Toussuire.jpg 650w, https:\/\/la-toussuire.com\/wp-content\/uploads\/OTToussuire_Champion_Devenir_Bastien_Flammier_Presentation\u00a9OTToussuire@La_Toussuire-300x179.jpg 300w, https:\/\/la-toussuire.com\/wp-content\/uploads\/OTToussuire_Champion_Devenir_Bastien_Flammier_Presentation\u00a9OTToussuire@La_Toussuire-150x90.jpg 150w\" sizes=\"auto, (max-width: 650px) 100vw, 650px\" \/><\/figure><\/div>\n<\/div>","protected":false},"excerpt":{"rendered":"<p>Sportievelingen, winnaars, het zijn onze ambassadeurs Onze anciens hebben hun competities gewonnen op eenvoudige planken. Ze hebben onze kampioenen getraind die technische vooruitgang hebben weten te bemachtigen en zich ge\u00efntegreerd hebben in een sportieve geschiedenis. Deze hebben het trac\u00e9 ontworpen en de actuele generatie, die op het hoogste niveau presteert, ge\u00efnspireerd. Op haar beurt neemt [&hellip;]<\/p>\n","protected":false},"author":1,"featured_media":8227,"parent":5854,"menu_order":6,"comment_status":"closed","ping_status":"closed","template":"page-template.php","meta":{"_acf_changed":false,"footnotes":""},"class_list":["post-10266","page","type-page","status-publish","has-post-thumbnail","hentry"],"acf":[],"yoast_head":"<!-- This site is optimized with the Yoast SEO plugin v27.1.1 - https:\/\/yoast.com\/product\/yoast-seo-wordpress\/ -->\n<title>Onze kampioenen - La Toussuire<\/title>\n<meta name=\"description\" content=\"De lokale kampioenen zijn vooreerst slalomski\u00ebrs, alpineskisters maar ook paardrijkunst, moto\" \/>\n<meta name=\"robots\" content=\"index, follow, max-snippet:-1, max-image-preview:large, max-video-preview:-1\" \/>\n<link rel=\"canonical\" href=\"https:\/\/la-toussuire.com\/nl\/ontdek-la-toussuire\/de-kampioenen-van-het-oord\/\" \/>\n<meta property=\"og:locale\" content=\"nl_NL\" \/>\n<meta property=\"og:type\" content=\"article\" \/>\n<meta property=\"og:title\" content=\"Onze kampioenen - La Toussuire\" \/>\n<meta property=\"og:description\" content=\"De lokale kampioenen zijn vooreerst slalomski\u00ebrs, alpineskisters maar ook paardrijkunst, moto\" \/>\n<meta property=\"og:url\" content=\"https:\/\/la-toussuire.com\/nl\/ontdek-la-toussuire\/de-kampioenen-van-het-oord\/\" \/>\n<meta property=\"og:site_name\" content=\"La Toussuire\" \/>\n<meta property=\"article:modified_time\" content=\"2024-08-23T10:30:43+00:00\" \/>\n<meta property=\"og:image\" content=\"https:\/\/la-toussuire.com\/wp-content\/uploads\/OTToussuire_Champions_Toussuire_Lena_Bonnel_Presentation\u00a9LenaBonnel@La_Toussuire.jpg.jpg\" \/>\n\t<meta property=\"og:image:width\" content=\"1024\" \/>\n\t<meta property=\"og:image:height\" content=\"576\" \/>\n\t<meta property=\"og:image:type\" content=\"image\/jpeg\" \/>\n<meta name=\"twitter:card\" content=\"summary_large_image\" \/>\n<meta name=\"twitter:label1\" content=\"Geschatte leestijd\" \/>\n\t<meta name=\"twitter:data1\" content=\"2 minuten\" \/>\n<script type=\"application\/ld+json\" class=\"yoast-schema-graph\">{\"@context\":\"https:\/\/schema.org\",\"@graph\":[{\"@type\":\"WebPage\",\"@id\":\"https:\/\/la-toussuire.com\/nl\/ontdek-la-toussuire\/de-kampioenen-van-het-oord\/\",\"url\":\"https:\/\/la-toussuire.com\/nl\/ontdek-la-toussuire\/de-kampioenen-van-het-oord\/\",\"name\":\"Onze kampioenen - La Toussuire\",\"isPartOf\":{\"@id\":\"https:\/\/la-toussuire.com\/nl\/#website\"},\"primaryImageOfPage\":{\"@id\":\"https:\/\/la-toussuire.com\/nl\/ontdek-la-toussuire\/de-kampioenen-van-het-oord\/#primaryimage\"},\"image\":{\"@id\":\"https:\/\/la-toussuire.com\/nl\/ontdek-la-toussuire\/de-kampioenen-van-het-oord\/#primaryimage\"},\"thumbnailUrl\":\"https:\/\/la-toussuire.com\/wp-content\/uploads\/OTToussuire_Champions_Toussuire_Lena_Bonnel_Presentation\u00a9LenaBonnel@La_Toussuire.jpg.jpg\",\"datePublished\":\"2022-08-09T08:58:25+00:00\",\"dateModified\":\"2024-08-23T10:30:43+00:00\",\"description\":\"De lokale kampioenen zijn vooreerst slalomski\u00ebrs, alpineskisters maar ook paardrijkunst, moto\",\"breadcrumb\":{\"@id\":\"https:\/\/la-toussuire.com\/nl\/ontdek-la-toussuire\/de-kampioenen-van-het-oord\/#breadcrumb\"},\"inLanguage\":\"nl-NL\",\"potentialAction\":[{\"@type\":\"ReadAction\",\"target\":[\"https:\/\/la-toussuire.com\/nl\/ontdek-la-toussuire\/de-kampioenen-van-het-oord\/\"]}]},{\"@type\":\"ImageObject\",\"inLanguage\":\"nl-NL\",\"@id\":\"https:\/\/la-toussuire.com\/nl\/ontdek-la-toussuire\/de-kampioenen-van-het-oord\/#primaryimage\",\"url\":\"https:\/\/la-toussuire.com\/wp-content\/uploads\/OTToussuire_Champions_Toussuire_Lena_Bonnel_Presentation\u00a9LenaBonnel@La_Toussuire.jpg.jpg\",\"contentUrl\":\"https:\/\/la-toussuire.com\/wp-content\/uploads\/OTToussuire_Champions_Toussuire_Lena_Bonnel_Presentation\u00a9LenaBonnel@La_Toussuire.jpg.jpg\",\"width\":1024,\"height\":576,\"caption\":\"L\u00e9na Bonnel\"},{\"@type\":\"BreadcrumbList\",\"@id\":\"https:\/\/la-toussuire.com\/nl\/ontdek-la-toussuire\/de-kampioenen-van-het-oord\/#breadcrumb\",\"itemListElement\":[{\"@type\":\"ListItem\",\"position\":1,\"name\":\"Accueil\",\"item\":\"https:\/\/la-toussuire.com\/nl\/\"},{\"@type\":\"ListItem\",\"position\":2,\"name\":\"Ik verken\",\"item\":\"https:\/\/la-toussuire.com\/nl\/ontdek-la-toussuire\/\"},{\"@type\":\"ListItem\",\"position\":3,\"name\":\"Onze kampioenen\"}]},{\"@type\":\"WebSite\",\"@id\":\"https:\/\/la-toussuire.com\/nl\/#website\",\"url\":\"https:\/\/la-toussuire.com\/nl\/\",\"name\":\"La Toussuire\",\"description\":\"\",\"publisher\":{\"@id\":\"https:\/\/la-toussuire.com\/nl\/#organization\"},\"potentialAction\":[{\"@type\":\"SearchAction\",\"target\":{\"@type\":\"EntryPoint\",\"urlTemplate\":\"https:\/\/la-toussuire.com\/nl\/?s={search_term_string}\"},\"query-input\":{\"@type\":\"PropertyValueSpecification\",\"valueRequired\":true,\"valueName\":\"search_term_string\"}}],\"inLanguage\":\"nl-NL\"},{\"@type\":\"Organization\",\"@id\":\"https:\/\/la-toussuire.com\/nl\/#organization\",\"name\":\"La Toussuire\",\"url\":\"https:\/\/la-toussuire.com\/nl\/\",\"logo\":{\"@type\":\"ImageObject\",\"inLanguage\":\"nl-NL\",\"@id\":\"https:\/\/la-toussuire.com\/nl\/#\/schema\/logo\/image\/\",\"url\":\"https:\/\/la-toussuire.com\/wp-content\/uploads\/cropped-Nouveau-LA-TOUSSUIRE_Logo_Plan-de-travail-1-02.png\",\"contentUrl\":\"https:\/\/la-toussuire.com\/wp-content\/uploads\/cropped-Nouveau-LA-TOUSSUIRE_Logo_Plan-de-travail-1-02.png\",\"width\":591,\"height\":591,\"caption\":\"La Toussuire\"},\"image\":{\"@id\":\"https:\/\/la-toussuire.com\/nl\/#\/schema\/logo\/image\/\"}}]}<\/script>\n<!-- \/ Yoast SEO plugin. -->","yoast_head_json":{"title":"Onze kampioenen - La Toussuire","description":"De lokale kampioenen zijn vooreerst slalomski\u00ebrs, alpineskisters maar ook paardrijkunst, moto","robots":{"index":"index","follow":"follow","max-snippet":"max-snippet:-1","max-image-preview":"max-image-preview:large","max-video-preview":"max-video-preview:-1"},"canonical":"https:\/\/la-toussuire.com\/nl\/ontdek-la-toussuire\/de-kampioenen-van-het-oord\/","og_locale":"nl_NL","og_type":"article","og_title":"Onze kampioenen - La Toussuire","og_description":"De lokale kampioenen zijn vooreerst slalomski\u00ebrs, alpineskisters maar ook paardrijkunst, moto","og_url":"https:\/\/la-toussuire.com\/nl\/ontdek-la-toussuire\/de-kampioenen-van-het-oord\/","og_site_name":"La Toussuire","article_modified_time":"2024-08-23T10:30:43+00:00","og_image":[{"width":1024,"height":576,"url":"https:\/\/la-toussuire.com\/wp-content\/uploads\/OTToussuire_Champions_Toussuire_Lena_Bonnel_Presentation\u00a9LenaBonnel@La_Toussuire.jpg.jpg","type":"image\/jpeg"}],"twitter_card":"summary_large_image","twitter_misc":{"Geschatte leestijd":"2 minuten"},"schema":{"@context":"https:\/\/schema.org","@graph":[{"@type":"WebPage","@id":"https:\/\/la-toussuire.com\/nl\/ontdek-la-toussuire\/de-kampioenen-van-het-oord\/","url":"https:\/\/la-toussuire.com\/nl\/ontdek-la-toussuire\/de-kampioenen-van-het-oord\/","name":"Onze kampioenen - La Toussuire","isPartOf":{"@id":"https:\/\/la-toussuire.com\/nl\/#website"},"primaryImageOfPage":{"@id":"https:\/\/la-toussuire.com\/nl\/ontdek-la-toussuire\/de-kampioenen-van-het-oord\/#primaryimage"},"image":{"@id":"https:\/\/la-toussuire.com\/nl\/ontdek-la-toussuire\/de-kampioenen-van-het-oord\/#primaryimage"},"thumbnailUrl":"https:\/\/la-toussuire.com\/wp-content\/uploads\/OTToussuire_Champions_Toussuire_Lena_Bonnel_Presentation\u00a9LenaBonnel@La_Toussuire.jpg.jpg","datePublished":"2022-08-09T08:58:25+00:00","dateModified":"2024-08-23T10:30:43+00:00","description":"De lokale kampioenen zijn vooreerst slalomski\u00ebrs, alpineskisters maar ook paardrijkunst, moto","breadcrumb":{"@id":"https:\/\/la-toussuire.com\/nl\/ontdek-la-toussuire\/de-kampioenen-van-het-oord\/#breadcrumb"},"inLanguage":"nl-NL","potentialAction":[{"@type":"ReadAction","target":["https:\/\/la-toussuire.com\/nl\/ontdek-la-toussuire\/de-kampioenen-van-het-oord\/"]}]},{"@type":"ImageObject","inLanguage":"nl-NL","@id":"https:\/\/la-toussuire.com\/nl\/ontdek-la-toussuire\/de-kampioenen-van-het-oord\/#primaryimage","url":"https:\/\/la-toussuire.com\/wp-content\/uploads\/OTToussuire_Champions_Toussuire_Lena_Bonnel_Presentation\u00a9LenaBonnel@La_Toussuire.jpg.jpg","contentUrl":"https:\/\/la-toussuire.com\/wp-content\/uploads\/OTToussuire_Champions_Toussuire_Lena_Bonnel_Presentation\u00a9LenaBonnel@La_Toussuire.jpg.jpg","width":1024,"height":576,"caption":"L\u00e9na Bonnel"},{"@type":"BreadcrumbList","@id":"https:\/\/la-toussuire.com\/nl\/ontdek-la-toussuire\/de-kampioenen-van-het-oord\/#breadcrumb","itemListElement":[{"@type":"ListItem","position":1,"name":"Accueil","item":"https:\/\/la-toussuire.com\/nl\/"},{"@type":"ListItem","position":2,"name":"Ik verken","item":"https:\/\/la-toussuire.com\/nl\/ontdek-la-toussuire\/"},{"@type":"ListItem","position":3,"name":"Onze kampioenen"}]},{"@type":"WebSite","@id":"https:\/\/la-toussuire.com\/nl\/#website","url":"https:\/\/la-toussuire.com\/nl\/","name":"La Toussuire","description":"","publisher":{"@id":"https:\/\/la-toussuire.com\/nl\/#organization"},"potentialAction":[{"@type":"SearchAction","target":{"@type":"EntryPoint","urlTemplate":"https:\/\/la-toussuire.com\/nl\/?s={search_term_string}"},"query-input":{"@type":"PropertyValueSpecification","valueRequired":true,"valueName":"search_term_string"}}],"inLanguage":"nl-NL"},{"@type":"Organization","@id":"https:\/\/la-toussuire.com\/nl\/#organization","name":"La Toussuire","url":"https:\/\/la-toussuire.com\/nl\/","logo":{"@type":"ImageObject","inLanguage":"nl-NL","@id":"https:\/\/la-toussuire.com\/nl\/#\/schema\/logo\/image\/","url":"https:\/\/la-toussuire.com\/wp-content\/uploads\/cropped-Nouveau-LA-TOUSSUIRE_Logo_Plan-de-travail-1-02.png","contentUrl":"https:\/\/la-toussuire.com\/wp-content\/uploads\/cropped-Nouveau-LA-TOUSSUIRE_Logo_Plan-de-travail-1-02.png","width":591,"height":591,"caption":"La Toussuire"},"image":{"@id":"https:\/\/la-toussuire.com\/nl\/#\/schema\/logo\/image\/"}}]}},"_links":{"self":[{"href":"https:\/\/la-toussuire.com\/nl\/wp-json\/wp\/v2\/pages\/10266","targetHints":{"allow":["GET"]}}],"collection":[{"href":"https:\/\/la-toussuire.com\/nl\/wp-json\/wp\/v2\/pages"}],"about":[{"href":"https:\/\/la-toussuire.com\/nl\/wp-json\/wp\/v2\/types\/page"}],"author":[{"embeddable":true,"href":"https:\/\/la-toussuire.com\/nl\/wp-json\/wp\/v2\/users\/1"}],"replies":[{"embeddable":true,"href":"https:\/\/la-toussuire.com\/nl\/wp-json\/wp\/v2\/comments?post=10266"}],"version-history":[{"count":3,"href":"https:\/\/la-toussuire.com\/nl\/wp-json\/wp\/v2\/pages\/10266\/revisions"}],"predecessor-version":[{"id":33298,"href":"https:\/\/la-toussuire.com\/nl\/wp-json\/wp\/v2\/pages\/10266\/revisions\/33298"}],"up":[{"embeddable":true,"href":"https:\/\/la-toussuire.com\/nl\/wp-json\/wp\/v2\/pages\/5854"}],"wp:featuredmedia":[{"embeddable":true,"href":"https:\/\/la-toussuire.com\/nl\/wp-json\/wp\/v2\/media\/8227"}],"wp:attachment":[{"href":"https:\/\/la-toussuire.com\/nl\/wp-json\/wp\/v2\/media?parent=10266"}],"curies":[{"name":"wp","href":"https:\/\/api.w.org\/{rel}","templated":true}]}}