{"id":6242,"date":"2022-02-02T18:12:26","date_gmt":"2022-02-02T17:12:26","guid":{"rendered":"https:\/\/la-toussuire.com\/press-room\/"},"modified":"2024-05-27T10:53:01","modified_gmt":"2024-05-27T08:53:01","slug":"press-room","status":"publish","type":"page","link":"https:\/\/la-toussuire.com\/en\/home\/press-room\/","title":{"rendered":"Professionals&#8217; section"},"content":{"rendered":"<div class=\"block block-core-paragraph\">\n<p class=\"has-text-align-center\">On this page, you&#8217;ll find all our latest news for professionals. <\/p>\n<\/div><div class=\"block block-core-media-text\">\n<div class=\"wp-block-media-text is-stacked-on-mobile is-image-fill\"><figure class=\"wp-block-media-text__media\" style=\"background-image:url(https:\/\/la-toussuire.com\/wp-content\/uploads\/\/OTToussuire_Programme_Presentation_Ete\u00a9OTToussuire@La_Toussuire-1024x576.jpg);background-position:42% 51%\"><img loading=\"lazy\" decoding=\"async\" width=\"1024\" height=\"576\" src=\"https:\/\/la-toussuire.com\/wp-content\/uploads\/\/OTToussuire_Programme_Presentation_Ete\u00a9OTToussuire@La_Toussuire-1024x576.jpg\" alt=\"La photo est prise durant l'\u00e9t\u00e9 de jour o\u00f9 nous pouvons voir l'\u00e9quipe d'animations de l'Office de Tourisme de la Toussuire de dos avec inscrit Toussuire Animation\" class=\"wp-image-9911 size-full\" srcset=\"https:\/\/la-toussuire.com\/wp-content\/uploads\/OTToussuire_Programme_Presentation_Ete\u00a9OTToussuire@La_Toussuire-1024x576.jpg 1024w, https:\/\/la-toussuire.com\/wp-content\/uploads\/OTToussuire_Programme_Presentation_Ete\u00a9OTToussuire@La_Toussuire-300x169.jpg 300w, https:\/\/la-toussuire.com\/wp-content\/uploads\/OTToussuire_Programme_Presentation_Ete\u00a9OTToussuire@La_Toussuire-150x84.jpg 150w, https:\/\/la-toussuire.com\/wp-content\/uploads\/OTToussuire_Programme_Presentation_Ete\u00a9OTToussuire@La_Toussuire-768x432.jpg 768w, https:\/\/la-toussuire.com\/wp-content\/uploads\/OTToussuire_Programme_Presentation_Ete\u00a9OTToussuire@La_Toussuire-1536x864.jpg 1536w, https:\/\/la-toussuire.com\/wp-content\/uploads\/OTToussuire_Programme_Presentation_Ete\u00a9OTToussuire@La_Toussuire-2048x1153.jpg 2048w\" sizes=\"auto, (max-width: 1024px) 100vw, 1024px\" \/><\/figure><div class=\"wp-block-media-text__content\"><div class=\"block block-core-heading\">\n<h2 class=\"wp-block-heading has-text-align-center\">Job offer<\/h2>\n<\/div>\n\n<div class=\"block block-core-paragraph\">\n<p class=\"has-text-align-center\">You&#8217;re looking for a <strong>seasonal job<\/strong> to discover the mountain world in <strong>summer<\/strong> or <strong>winter<\/strong>, or a <strong>year-round job<\/strong> to discover a new destination to promote. Find all our job offers here!<\/p>\n<\/div>\n\n<div class=\"block block-core-buttons\">\n<div class=\"wp-block-buttons is-content-justification-center is-layout-flex wp-container-core-buttons-is-layout-16018d1d wp-block-buttons-is-layout-flex\"><div class=\"block block-core-button\">\n<div class=\"wp-block-button\"><a class=\"wp-block-button__link wp-element-button\" href=\"https:\/\/www.calameo.com\/read\/00703495576ca5b0ef30e\">This way ! <\/a><\/div>\n<\/div><\/div>\n<\/div><\/div><\/div>\n<\/div><div class=\"block block-core-media-text\">\n<div class=\"wp-block-media-text has-media-on-the-right is-stacked-on-mobile is-image-fill\" style=\"grid-template-columns:auto 34%\"><div class=\"wp-block-media-text__content\"><div class=\"block block-core-heading\">\n<h2 class=\"wp-block-heading has-text-align-center\">Summer 2024 press pack<\/h2>\n<\/div>\n\n<div class=\"block block-core-paragraph\">\n<p class=\"has-text-align-center\">Discover what&#8217;s new and what you can&#8217;t miss this summer. Activities, events, accommodation, everything you need to know for the summer season. <\/p>\n<\/div>\n\n<div class=\"block block-core-buttons\">\n<div class=\"wp-block-buttons is-content-justification-center is-layout-flex wp-container-core-buttons-is-layout-16018d1d wp-block-buttons-is-layout-flex\"><div class=\"block block-core-button\">\n<div class=\"wp-block-button\"><a class=\"wp-block-button__link wp-element-button\" href=\"https:\/\/www.calameo.com\/read\/00703495576ca5b0ef30e\">View the document<\/a><\/div>\n<\/div><\/div>\n<\/div><\/div><figure class=\"wp-block-media-text__media\" style=\"background-image:url(https:\/\/la-toussuire.com\/wp-content\/uploads\/Capture-decran-2024-05-17-111712.png);background-position:50% 58%\"><img loading=\"lazy\" decoding=\"async\" width=\"642\" height=\"642\" src=\"https:\/\/la-toussuire.com\/wp-content\/uploads\/Capture-decran-2024-05-17-111712.png\" alt=\"\" class=\"wp-image-31013 size-full\" srcset=\"https:\/\/la-toussuire.com\/wp-content\/uploads\/Capture-decran-2024-05-17-111712.png 642w, https:\/\/la-toussuire.com\/wp-content\/uploads\/Capture-decran-2024-05-17-111712-300x300.png 300w, https:\/\/la-toussuire.com\/wp-content\/uploads\/Capture-decran-2024-05-17-111712-150x150.png 150w\" sizes=\"auto, (max-width: 642px) 100vw, 642px\" \/><\/figure><\/div>\n<\/div>","protected":false},"excerpt":{"rendered":"<p>On this page, you&#8217;ll find all our latest news for professionals.<\/p>\n","protected":false},"author":1,"featured_media":7691,"parent":5840,"menu_order":0,"comment_status":"closed","ping_status":"closed","template":"page-template.php","meta":{"_acf_changed":false,"footnotes":""},"class_list":["post-6242","page","type-page","status-publish","has-post-thumbnail","hentry"],"acf":[],"yoast_head":"<!-- This site is optimized with the Yoast SEO plugin v27.1.1 - https:\/\/yoast.com\/product\/yoast-seo-wordpress\/ -->\n<title>Professionals&#039; section - La Toussuire<\/title>\n<meta name=\"description\" content=\"Press room, seasonal or year-round job offers - are you a professional? everything professionals need.\" \/>\n<meta name=\"robots\" content=\"index, follow, max-snippet:-1, max-image-preview:large, max-video-preview:-1\" \/>\n<link rel=\"canonical\" href=\"https:\/\/la-toussuire.com\/en\/home\/press-room\/\" \/>\n<meta property=\"og:locale\" content=\"en_US\" \/>\n<meta property=\"og:type\" content=\"article\" \/>\n<meta property=\"og:title\" content=\"Professionals&#039; section - La Toussuire\" \/>\n<meta property=\"og:description\" content=\"Press room, seasonal or year-round job offers - are you a professional? everything professionals need.\" \/>\n<meta property=\"og:url\" content=\"https:\/\/la-toussuire.com\/en\/home\/press-room\/\" \/>\n<meta property=\"og:site_name\" content=\"La Toussuire\" \/>\n<meta property=\"article:modified_time\" content=\"2024-05-27T08:53:01+00:00\" \/>\n<meta property=\"og:image\" content=\"https:\/\/la-toussuire.com\/wp-content\/uploads\/OTToussuire_Espace_Pro_Presentation\u00a9AlbanPernet@La_Toussuire.jpg\" \/>\n\t<meta property=\"og:image:width\" content=\"1024\" \/>\n\t<meta property=\"og:image:height\" content=\"308\" \/>\n\t<meta property=\"og:image:type\" content=\"image\/jpeg\" \/>\n<meta name=\"twitter:card\" content=\"summary_large_image\" \/>\n<script type=\"application\/ld+json\" class=\"yoast-schema-graph\">{\"@context\":\"https:\/\/schema.org\",\"@graph\":[{\"@type\":\"WebPage\",\"@id\":\"https:\/\/la-toussuire.com\/en\/home\/press-room\/\",\"url\":\"https:\/\/la-toussuire.com\/en\/home\/press-room\/\",\"name\":\"Professionals' section - La Toussuire\",\"isPartOf\":{\"@id\":\"https:\/\/la-toussuire.com\/en\/#website\"},\"primaryImageOfPage\":{\"@id\":\"https:\/\/la-toussuire.com\/en\/home\/press-room\/#primaryimage\"},\"image\":{\"@id\":\"https:\/\/la-toussuire.com\/en\/home\/press-room\/#primaryimage\"},\"thumbnailUrl\":\"https:\/\/la-toussuire.com\/wp-content\/uploads\/OTToussuire_Espace_Pro_Presentation\u00a9AlbanPernet@La_Toussuire.jpg\",\"datePublished\":\"2022-02-02T17:12:26+00:00\",\"dateModified\":\"2024-05-27T08:53:01+00:00\",\"description\":\"Press room, seasonal or year-round job offers - are you a professional? everything professionals need.\",\"breadcrumb\":{\"@id\":\"https:\/\/la-toussuire.com\/en\/home\/press-room\/#breadcrumb\"},\"inLanguage\":\"en-US\",\"potentialAction\":[{\"@type\":\"ReadAction\",\"target\":[\"https:\/\/la-toussuire.com\/en\/home\/press-room\/\"]}]},{\"@type\":\"ImageObject\",\"inLanguage\":\"en-US\",\"@id\":\"https:\/\/la-toussuire.com\/en\/home\/press-room\/#primaryimage\",\"url\":\"https:\/\/la-toussuire.com\/wp-content\/uploads\/OTToussuire_Espace_Pro_Presentation\u00a9AlbanPernet@La_Toussuire.jpg\",\"contentUrl\":\"https:\/\/la-toussuire.com\/wp-content\/uploads\/OTToussuire_Espace_Pro_Presentation\u00a9AlbanPernet@La_Toussuire.jpg\",\"width\":1024,\"height\":308,\"caption\":\"Vue panoramique\"},{\"@type\":\"BreadcrumbList\",\"@id\":\"https:\/\/la-toussuire.com\/en\/home\/press-room\/#breadcrumb\",\"itemListElement\":[{\"@type\":\"ListItem\",\"position\":1,\"name\":\"Home\",\"item\":\"https:\/\/la-toussuire.com\/en\/\"},{\"@type\":\"ListItem\",\"position\":2,\"name\":\"Home\",\"item\":\"https:\/\/la-toussuire.com\/en\/\"},{\"@type\":\"ListItem\",\"position\":3,\"name\":\"Professionals&#8217; section\"}]},{\"@type\":\"WebSite\",\"@id\":\"https:\/\/la-toussuire.com\/en\/#website\",\"url\":\"https:\/\/la-toussuire.com\/en\/\",\"name\":\"La Toussuire\",\"description\":\"\",\"publisher\":{\"@id\":\"https:\/\/la-toussuire.com\/en\/#organization\"},\"potentialAction\":[{\"@type\":\"SearchAction\",\"target\":{\"@type\":\"EntryPoint\",\"urlTemplate\":\"https:\/\/la-toussuire.com\/en\/?s={search_term_string}\"},\"query-input\":{\"@type\":\"PropertyValueSpecification\",\"valueRequired\":true,\"valueName\":\"search_term_string\"}}],\"inLanguage\":\"en-US\"},{\"@type\":\"Organization\",\"@id\":\"https:\/\/la-toussuire.com\/en\/#organization\",\"name\":\"La Toussuire\",\"url\":\"https:\/\/la-toussuire.com\/en\/\",\"logo\":{\"@type\":\"ImageObject\",\"inLanguage\":\"en-US\",\"@id\":\"https:\/\/la-toussuire.com\/en\/#\/schema\/logo\/image\/\",\"url\":\"https:\/\/la-toussuire.com\/wp-content\/uploads\/cropped-Nouveau-LA-TOUSSUIRE_Logo_Plan-de-travail-1-02.png\",\"contentUrl\":\"https:\/\/la-toussuire.com\/wp-content\/uploads\/cropped-Nouveau-LA-TOUSSUIRE_Logo_Plan-de-travail-1-02.png\",\"width\":591,\"height\":591,\"caption\":\"La Toussuire\"},\"image\":{\"@id\":\"https:\/\/la-toussuire.com\/en\/#\/schema\/logo\/image\/\"}}]}<\/script>\n<!-- \/ Yoast SEO plugin. -->","yoast_head_json":{"title":"Professionals' section - La Toussuire","description":"Press room, seasonal or year-round job offers - are you a professional? everything professionals need.","robots":{"index":"index","follow":"follow","max-snippet":"max-snippet:-1","max-image-preview":"max-image-preview:large","max-video-preview":"max-video-preview:-1"},"canonical":"https:\/\/la-toussuire.com\/en\/home\/press-room\/","og_locale":"en_US","og_type":"article","og_title":"Professionals' section - La Toussuire","og_description":"Press room, seasonal or year-round job offers - are you a professional? everything professionals need.","og_url":"https:\/\/la-toussuire.com\/en\/home\/press-room\/","og_site_name":"La Toussuire","article_modified_time":"2024-05-27T08:53:01+00:00","og_image":[{"width":1024,"height":308,"url":"https:\/\/la-toussuire.com\/wp-content\/uploads\/OTToussuire_Espace_Pro_Presentation\u00a9AlbanPernet@La_Toussuire.jpg","type":"image\/jpeg"}],"twitter_card":"summary_large_image","schema":{"@context":"https:\/\/schema.org","@graph":[{"@type":"WebPage","@id":"https:\/\/la-toussuire.com\/en\/home\/press-room\/","url":"https:\/\/la-toussuire.com\/en\/home\/press-room\/","name":"Professionals' section - La Toussuire","isPartOf":{"@id":"https:\/\/la-toussuire.com\/en\/#website"},"primaryImageOfPage":{"@id":"https:\/\/la-toussuire.com\/en\/home\/press-room\/#primaryimage"},"image":{"@id":"https:\/\/la-toussuire.com\/en\/home\/press-room\/#primaryimage"},"thumbnailUrl":"https:\/\/la-toussuire.com\/wp-content\/uploads\/OTToussuire_Espace_Pro_Presentation\u00a9AlbanPernet@La_Toussuire.jpg","datePublished":"2022-02-02T17:12:26+00:00","dateModified":"2024-05-27T08:53:01+00:00","description":"Press room, seasonal or year-round job offers - are you a professional? everything professionals need.","breadcrumb":{"@id":"https:\/\/la-toussuire.com\/en\/home\/press-room\/#breadcrumb"},"inLanguage":"en-US","potentialAction":[{"@type":"ReadAction","target":["https:\/\/la-toussuire.com\/en\/home\/press-room\/"]}]},{"@type":"ImageObject","inLanguage":"en-US","@id":"https:\/\/la-toussuire.com\/en\/home\/press-room\/#primaryimage","url":"https:\/\/la-toussuire.com\/wp-content\/uploads\/OTToussuire_Espace_Pro_Presentation\u00a9AlbanPernet@La_Toussuire.jpg","contentUrl":"https:\/\/la-toussuire.com\/wp-content\/uploads\/OTToussuire_Espace_Pro_Presentation\u00a9AlbanPernet@La_Toussuire.jpg","width":1024,"height":308,"caption":"Vue panoramique"},{"@type":"BreadcrumbList","@id":"https:\/\/la-toussuire.com\/en\/home\/press-room\/#breadcrumb","itemListElement":[{"@type":"ListItem","position":1,"name":"Home","item":"https:\/\/la-toussuire.com\/en\/"},{"@type":"ListItem","position":2,"name":"Home","item":"https:\/\/la-toussuire.com\/en\/"},{"@type":"ListItem","position":3,"name":"Professionals&#8217; section"}]},{"@type":"WebSite","@id":"https:\/\/la-toussuire.com\/en\/#website","url":"https:\/\/la-toussuire.com\/en\/","name":"La Toussuire","description":"","publisher":{"@id":"https:\/\/la-toussuire.com\/en\/#organization"},"potentialAction":[{"@type":"SearchAction","target":{"@type":"EntryPoint","urlTemplate":"https:\/\/la-toussuire.com\/en\/?s={search_term_string}"},"query-input":{"@type":"PropertyValueSpecification","valueRequired":true,"valueName":"search_term_string"}}],"inLanguage":"en-US"},{"@type":"Organization","@id":"https:\/\/la-toussuire.com\/en\/#organization","name":"La Toussuire","url":"https:\/\/la-toussuire.com\/en\/","logo":{"@type":"ImageObject","inLanguage":"en-US","@id":"https:\/\/la-toussuire.com\/en\/#\/schema\/logo\/image\/","url":"https:\/\/la-toussuire.com\/wp-content\/uploads\/cropped-Nouveau-LA-TOUSSUIRE_Logo_Plan-de-travail-1-02.png","contentUrl":"https:\/\/la-toussuire.com\/wp-content\/uploads\/cropped-Nouveau-LA-TOUSSUIRE_Logo_Plan-de-travail-1-02.png","width":591,"height":591,"caption":"La Toussuire"},"image":{"@id":"https:\/\/la-toussuire.com\/en\/#\/schema\/logo\/image\/"}}]}},"_links":{"self":[{"href":"https:\/\/la-toussuire.com\/en\/wp-json\/wp\/v2\/pages\/6242","targetHints":{"allow":["GET"]}}],"collection":[{"href":"https:\/\/la-toussuire.com\/en\/wp-json\/wp\/v2\/pages"}],"about":[{"href":"https:\/\/la-toussuire.com\/en\/wp-json\/wp\/v2\/types\/page"}],"author":[{"embeddable":true,"href":"https:\/\/la-toussuire.com\/en\/wp-json\/wp\/v2\/users\/1"}],"replies":[{"embeddable":true,"href":"https:\/\/la-toussuire.com\/en\/wp-json\/wp\/v2\/comments?post=6242"}],"version-history":[{"count":5,"href":"https:\/\/la-toussuire.com\/en\/wp-json\/wp\/v2\/pages\/6242\/revisions"}],"predecessor-version":[{"id":31602,"href":"https:\/\/la-toussuire.com\/en\/wp-json\/wp\/v2\/pages\/6242\/revisions\/31602"}],"up":[{"embeddable":true,"href":"https:\/\/la-toussuire.com\/en\/wp-json\/wp\/v2\/pages\/5840"}],"wp:featuredmedia":[{"embeddable":true,"href":"https:\/\/la-toussuire.com\/en\/wp-json\/wp\/v2\/media\/7691"}],"wp:attachment":[{"href":"https:\/\/la-toussuire.com\/en\/wp-json\/wp\/v2\/media?parent=6242"}],"curies":[{"name":"wp","href":"https:\/\/api.w.org\/{rel}","templated":true}]}}