{"id":6108,"date":"2022-02-02T15:39:03","date_gmt":"2022-02-02T14:39:03","guid":{"rendered":"https:\/\/la-toussuire.com\/your-stay\/good-deals\/"},"modified":"2026-03-03T09:44:15","modified_gmt":"2026-03-03T08:44:15","slug":"good-deals","status":"publish","type":"page","link":"https:\/\/la-toussuire.com\/en\/your-stay\/good-deals\/","title":{"rendered":"Good deals"},"content":{"rendered":"<div class=\"block block-core-heading\">\n<h2 class=\"wp-block-heading has-text-align-center\">Psssst ! <\/h2>\n<\/div><div class=\"block block-core-paragraph\">\n<p class=\"has-text-align-center\"><strong>Special offers<\/strong> this way! <strong>Discounts<\/strong>, <strong>loyalty cards<\/strong> and more Here, we do everything we can to make sure <em>you have a holiday to remember<\/em>. We&#8217;ve already told you that La Toussuire<strong> is the resort for families<\/strong>?  <\/p>\n<\/div><div class=\"block block-core-paragraph\">\n<p class=\"has-text-align-center\"><em>What are you waiting for then?<\/em> <\/p>\n<\/div><div class=\"block block-core-media-text\">\n<div class=\"wp-block-media-text is-stacked-on-mobile is-image-fill-element\"><figure class=\"wp-block-media-text__media\"><img loading=\"lazy\" decoding=\"async\" width=\"683\" height=\"1024\" src=\"https:\/\/la-toussuire.com\/wp-content\/uploads\/\/APernet-OTToussuire-web-220123-044-683x1024.jpg\" alt=\"Winter daytime portrait shot. We can see a father and son on their way to a ski outing. They are looking at the photographer.  \" class=\"wp-image-34052 size-full\" style=\"object-position:48% 64%\" srcset=\"https:\/\/la-toussuire.com\/wp-content\/uploads\/APernet-OTToussuire-web-220123-044-683x1024.jpg 683w, https:\/\/la-toussuire.com\/wp-content\/uploads\/APernet-OTToussuire-web-220123-044-200x300.jpg 200w, https:\/\/la-toussuire.com\/wp-content\/uploads\/APernet-OTToussuire-web-220123-044-100x150.jpg 100w, https:\/\/la-toussuire.com\/wp-content\/uploads\/APernet-OTToussuire-web-220123-044.jpg 700w\" sizes=\"auto, (max-width: 683px) 100vw, 683px\" \/><\/figure><div class=\"wp-block-media-text__content\"><div class=\"block block-core-heading\">\n<h2 class=\"wp-block-heading has-text-align-center\">Our current offers<\/h2>\n<\/div>\n\n<div class=\"block block-core-paragraph\">\n<p class=\"has-text-align-center\">Discover our <strong>current offers<\/strong> and take advantage of exclusive promotions on our accommodation. Throughout the year, we offer competitive rates and special benefits to make your stay even more enjoyable. Check this page regularly and seize the opportunity to book your getaway at the best price.  <\/p>\n<\/div>\n\n<div class=\"block block-core-buttons\">\n<div class=\"wp-block-buttons is-content-justification-center is-layout-flex wp-container-core-buttons-is-layout-16018d1d wp-block-buttons-is-layout-flex\"><div class=\"block block-core-button\">\n<div class=\"wp-block-button\"><a class=\"wp-block-button__link wp-element-button\" href=\"https:\/\/la-toussuire.com\/en\/our-current-offers\/\">Bring on the special offers!<\/a><\/div>\n<\/div><\/div>\n<\/div><\/div><\/div>\n<\/div><div class=\"block block-core-media-text\">\n<div class=\"wp-block-media-text has-media-on-the-right is-stacked-on-mobile is-image-fill-element\"><div class=\"wp-block-media-text__content\"><div class=\"block block-core-heading\">\n<h2 class=\"wp-block-heading has-text-align-center\">The Martian Pass <\/h2>\n<\/div>\n\n<div class=\"block block-core-paragraph\">\n<p class=\"has-text-align-center\">The Marsian Pass is coming to La Toussuire! Don&#8217;t miss out on this great deal to end the season on a high note! A pass that gives you access to exclusive discounts and benefits at over <strong>35 of our partners!<\/strong>  <\/p>\n<\/div>\n\n<div class=\"block block-core-buttons\">\n<div class=\"wp-block-buttons is-content-justification-center is-layout-flex wp-container-core-buttons-is-layout-16018d1d wp-block-buttons-is-layout-flex\"><div class=\"block block-core-button\">\n<div class=\"wp-block-button\"><a class=\"wp-block-button__link wp-element-button\" href=\"https:\/\/la-toussuire.com\/en\/your-stay\/good-deals\/the-martian-pass\/\">I&#8217;m in for a good deal !<\/a><\/div>\n<\/div><\/div>\n<\/div><\/div><figure class=\"wp-block-media-text__media\"><img loading=\"lazy\" decoding=\"async\" width=\"1000\" height=\"1000\" src=\"https:\/\/la-toussuire.com\/wp-content\/uploads\/5-1-1.png\" alt=\"\" class=\"wp-image-44477 size-full\" style=\"object-position:50% 50%\" srcset=\"https:\/\/la-toussuire.com\/wp-content\/uploads\/5-1-1.png 1000w, https:\/\/la-toussuire.com\/wp-content\/uploads\/5-1-1-300x300.png 300w, https:\/\/la-toussuire.com\/wp-content\/uploads\/5-1-1-150x150.png 150w, https:\/\/la-toussuire.com\/wp-content\/uploads\/5-1-1-768x768.png 768w\" sizes=\"auto, (max-width: 1000px) 100vw, 1000px\" \/><\/figure><\/div>\n<\/div><div class=\"block block-core-media-text\">\n<div class=\"wp-block-media-text is-stacked-on-mobile is-image-fill-element\" style=\"grid-template-columns:47% auto\"><figure class=\"wp-block-media-text__media\"><img loading=\"lazy\" decoding=\"async\" width=\"683\" height=\"1024\" src=\"https:\/\/la-toussuire.com\/wp-content\/uploads\/\/APernet-OTToussuire-web-130324-11-683x1024.jpg\" alt=\"Photo taken in portrait format during the day in winter. We can see a woman in ski gear wearing a helmet and goggles on her head and holding her skis. In the background, we can see snow-capped mountains.  \" class=\"wp-image-41093 size-full\" style=\"object-position:52% 36%\" srcset=\"https:\/\/la-toussuire.com\/wp-content\/uploads\/APernet-OTToussuire-web-130324-11-683x1024.jpg 683w, https:\/\/la-toussuire.com\/wp-content\/uploads\/APernet-OTToussuire-web-130324-11-200x300.jpg 200w, https:\/\/la-toussuire.com\/wp-content\/uploads\/APernet-OTToussuire-web-130324-11-100x150.jpg 100w, https:\/\/la-toussuire.com\/wp-content\/uploads\/APernet-OTToussuire-web-130324-11.jpg 720w\" sizes=\"auto, (max-width: 683px) 100vw, 683px\" \/><\/figure><div class=\"wp-block-media-text__content\"><div class=\"block block-core-heading\">\n<h2 class=\"wp-block-heading has-text-align-center\">Saturday&#8217;s great deal<\/h2>\n<\/div>\n\n<div class=\"block block-core-paragraph\">\n<p class=\"has-text-align-center\"><strong>Saturdays at 30\u20ac<\/strong>: Every Saturday during the 2025-2026 winter season the Sybelles\u00ae day pass is \u20ac30 instead of <strong>\u20ac59.30.<\/strong> This promotional offer is only available online on <strong>Thursday evening before midnight.<\/strong> <\/p>\n<\/div>\n\n<div class=\"block block-core-buttons\">\n<div class=\"wp-block-buttons is-content-justification-center is-layout-flex wp-container-core-buttons-is-layout-16018d1d wp-block-buttons-is-layout-flex\"><div class=\"block block-core-button\">\n<div class=\"wp-block-button\"><a class=\"wp-block-button__link has-custom-font-size wp-element-button\" href=\"https:\/\/sybelles.skiperformance.com\/en\/winter\/store#\/en\/winter\/buy?skugroup_id=5952\" style=\"font-size:25px\">I&#8217;m taking advantage of the offer!<\/a><\/div>\n<\/div><\/div>\n<\/div><\/div><\/div>\n<\/div><div class=\"block block-core-media-text\">\n<div class=\"wp-block-media-text is-stacked-on-mobile\"><figure class=\"wp-block-media-text__media\"><img loading=\"lazy\" decoding=\"async\" width=\"596\" height=\"596\" src=\"https:\/\/la-toussuire.com\/wp-content\/uploads\/skiogrande.jpg\" alt=\"Affiche d'illustration de la carte Skio Grande. Nous pouvons voir un skieur pr\u00eat \u00e0 prendre le t\u00e9l\u00e9si\u00e8ge\" class=\"wp-image-27920 size-full\" srcset=\"https:\/\/la-toussuire.com\/wp-content\/uploads\/skiogrande.jpg 596w, https:\/\/la-toussuire.com\/wp-content\/uploads\/skiogrande-300x300.jpg 300w, https:\/\/la-toussuire.com\/wp-content\/uploads\/skiogrande-150x150.jpg 150w\" sizes=\"auto, (max-width: 596px) 100vw, 596px\" \/><\/figure><div class=\"wp-block-media-text__content\"><div class=\"block block-core-heading\">\n<h2 class=\"wp-block-heading has-text-align-center\">Skio Grande<\/h2>\n<\/div>\n\n<div class=\"block block-core-paragraph\">\n<p class=\"has-text-align-center\">A loyalty and discount programme for day skiing set up by the lift companies in the <strong>17 participating resorts and ski areas.<\/strong> This membership entitles you to automatic reductions of between <strong>20%<\/strong> and <strong>50%<\/strong> on the day pass.<\/p>\n<\/div>\n\n<div class=\"block block-core-buttons\">\n<div class=\"wp-block-buttons is-content-justification-center is-layout-flex wp-container-core-buttons-is-layout-16018d1d wp-block-buttons-is-layout-flex\"><div class=\"block block-core-button\">\n<div class=\"wp-block-button\"><a class=\"wp-block-button__link has-text-align-center has-custom-font-size wp-element-button\" href=\"https:\/\/www.skiogrande.com\/accueil\/\" style=\"font-size:25px\">I want to find out more!<\/a><\/div>\n<\/div><\/div>\n<\/div><\/div><\/div>\n<\/div><div class=\"block block-core-media-text\">\n<div class=\"wp-block-media-text has-media-on-the-right is-stacked-on-mobile is-image-fill-element\"><div class=\"wp-block-media-text__content\"><div class=\"block block-core-heading\">\n<h2 class=\"wp-block-heading has-text-align-center\">Pass&#8217;Partout Card. <\/h2>\n<\/div>\n\n<div class=\"block block-core-paragraph\">\n<p class=\"has-text-align-center\">This<strong> reloadable payment <\/strong>card allows you to pay for your activities with no money in your pocket and to <strong>benefit from promotions.<\/strong><\/p>\n<\/div>\n\n<div class=\"block block-core-buttons\">\n<div class=\"wp-block-buttons is-content-justification-center is-layout-flex wp-container-core-buttons-is-layout-16018d1d wp-block-buttons-is-layout-flex\"><div class=\"block block-core-button\">\n<div class=\"wp-block-button\"><a class=\"wp-block-button__link has-text-align-center has-custom-font-size wp-element-button\" href=\"https:\/\/la-toussuire.com\/en\/practical-information\/the-pass-partout-card\/\" style=\"font-size:25px\">More informations<\/a><\/div>\n<\/div><\/div>\n<\/div><\/div><figure class=\"wp-block-media-text__media\"><img loading=\"lazy\" decoding=\"async\" width=\"1024\" height=\"683\" src=\"https:\/\/la-toussuire.com\/wp-content\/uploads\/\/APernet-OTToussuire-web-090823-404-1024x683.jpg\" alt=\"\" class=\"wp-image-30514 size-full\" style=\"object-position:29% 47%\" srcset=\"https:\/\/la-toussuire.com\/wp-content\/uploads\/APernet-OTToussuire-web-090823-404-1024x683.jpg 1024w, https:\/\/la-toussuire.com\/wp-content\/uploads\/APernet-OTToussuire-web-090823-404-300x200.jpg 300w, https:\/\/la-toussuire.com\/wp-content\/uploads\/APernet-OTToussuire-web-090823-404-150x100.jpg 150w, https:\/\/la-toussuire.com\/wp-content\/uploads\/APernet-OTToussuire-web-090823-404-768x512.jpg 768w, https:\/\/la-toussuire.com\/wp-content\/uploads\/APernet-OTToussuire-web-090823-404.jpg 1080w\" sizes=\"auto, (max-width: 1024px) 100vw, 1024px\" \/><\/figure><\/div>\n<\/div><div class=\"block block-core-paragraph\">\n<p><\/p>\n<\/div>","protected":false},"excerpt":{"rendered":"<p>Psssst ! Special offers this way! Discounts, loyalty cards and more Here, we do everything we can to make sure you have a holiday to remember. We&#8217;ve already told you that La Toussuire is the resort for families? What are you waiting for then?<\/p>\n","protected":false},"author":1,"featured_media":8651,"parent":5858,"menu_order":5,"comment_status":"closed","ping_status":"closed","template":"page-template.php","meta":{"_acf_changed":false,"footnotes":""},"class_list":["post-6108","page","type-page","status-publish","has-post-thumbnail","hentry"],"acf":[],"yoast_head":"<!-- This site is optimized with the Yoast SEO plugin v27.1.1 - https:\/\/yoast.com\/product\/yoast-seo-wordpress\/ -->\n<title>Good deals - La Toussuire<\/title>\n<meta name=\"description\" content=\"Special deals, Pass Partout card, promotions, special offers, ski passes, accommodation, rentals, equipment, cottage ...\" \/>\n<meta name=\"robots\" content=\"index, follow, max-snippet:-1, max-image-preview:large, max-video-preview:-1\" \/>\n<link rel=\"canonical\" href=\"https:\/\/la-toussuire.com\/en\/your-stay\/good-deals\/\" \/>\n<meta property=\"og:locale\" content=\"en_US\" \/>\n<meta property=\"og:type\" content=\"article\" \/>\n<meta property=\"og:title\" content=\"Good deals - La Toussuire\" \/>\n<meta property=\"og:description\" content=\"Special deals, Pass Partout card, promotions, special offers, ski passes, accommodation, rentals, equipment, cottage ...\" \/>\n<meta property=\"og:url\" content=\"https:\/\/la-toussuire.com\/en\/your-stay\/good-deals\/\" \/>\n<meta property=\"og:site_name\" content=\"La Toussuire\" \/>\n<meta property=\"article:modified_time\" content=\"2026-03-03T08:44:15+00:00\" \/>\n<meta property=\"og:image\" content=\"https:\/\/la-toussuire.com\/wp-content\/uploads\/OTToussuire_Carte_Interactive_Presentation\u00a9AlbanPernet@La_Toussuire.jpg\" \/>\n\t<meta property=\"og:image:width\" content=\"2395\" \/>\n\t<meta property=\"og:image:height\" content=\"982\" \/>\n\t<meta property=\"og:image:type\" content=\"image\/jpeg\" \/>\n<meta name=\"twitter:card\" content=\"summary_large_image\" \/>\n<meta name=\"twitter:label1\" content=\"Est. reading time\" \/>\n\t<meta name=\"twitter:data1\" content=\"2 minutes\" \/>\n<script type=\"application\/ld+json\" class=\"yoast-schema-graph\">{\"@context\":\"https:\/\/schema.org\",\"@graph\":[{\"@type\":\"WebPage\",\"@id\":\"https:\/\/la-toussuire.com\/en\/your-stay\/good-deals\/\",\"url\":\"https:\/\/la-toussuire.com\/en\/your-stay\/good-deals\/\",\"name\":\"Good deals - La Toussuire\",\"isPartOf\":{\"@id\":\"https:\/\/la-toussuire.com\/en\/#website\"},\"primaryImageOfPage\":{\"@id\":\"https:\/\/la-toussuire.com\/en\/your-stay\/good-deals\/#primaryimage\"},\"image\":{\"@id\":\"https:\/\/la-toussuire.com\/en\/your-stay\/good-deals\/#primaryimage\"},\"thumbnailUrl\":\"https:\/\/la-toussuire.com\/wp-content\/uploads\/OTToussuire_Carte_Interactive_Presentation\u00a9AlbanPernet@La_Toussuire.jpg\",\"datePublished\":\"2022-02-02T14:39:03+00:00\",\"dateModified\":\"2026-03-03T08:44:15+00:00\",\"description\":\"Special deals, Pass Partout card, promotions, special offers, ski passes, accommodation, rentals, equipment, cottage ...\",\"breadcrumb\":{\"@id\":\"https:\/\/la-toussuire.com\/en\/your-stay\/good-deals\/#breadcrumb\"},\"inLanguage\":\"en-US\",\"potentialAction\":[{\"@type\":\"ReadAction\",\"target\":[\"https:\/\/la-toussuire.com\/en\/your-stay\/good-deals\/\"]}]},{\"@type\":\"ImageObject\",\"inLanguage\":\"en-US\",\"@id\":\"https:\/\/la-toussuire.com\/en\/your-stay\/good-deals\/#primaryimage\",\"url\":\"https:\/\/la-toussuire.com\/wp-content\/uploads\/OTToussuire_Carte_Interactive_Presentation\u00a9AlbanPernet@La_Toussuire.jpg\",\"contentUrl\":\"https:\/\/la-toussuire.com\/wp-content\/uploads\/OTToussuire_Carte_Interactive_Presentation\u00a9AlbanPernet@La_Toussuire.jpg\",\"width\":2395,\"height\":982,\"caption\":\"La Toussuire in winter on its snowy plateau with the surrounding mountains and the Aiguilles d'Arves on the horizon.\"},{\"@type\":\"BreadcrumbList\",\"@id\":\"https:\/\/la-toussuire.com\/en\/your-stay\/good-deals\/#breadcrumb\",\"itemListElement\":[{\"@type\":\"ListItem\",\"position\":1,\"name\":\"Home\",\"item\":\"https:\/\/la-toussuire.com\/en\/\"},{\"@type\":\"ListItem\",\"position\":2,\"name\":\"I&#8217;m organising my stay\",\"item\":\"https:\/\/la-toussuire.com\/en\/your-stay\/\"},{\"@type\":\"ListItem\",\"position\":3,\"name\":\"Good deals\"}]},{\"@type\":\"WebSite\",\"@id\":\"https:\/\/la-toussuire.com\/en\/#website\",\"url\":\"https:\/\/la-toussuire.com\/en\/\",\"name\":\"La Toussuire\",\"description\":\"\",\"publisher\":{\"@id\":\"https:\/\/la-toussuire.com\/en\/#organization\"},\"potentialAction\":[{\"@type\":\"SearchAction\",\"target\":{\"@type\":\"EntryPoint\",\"urlTemplate\":\"https:\/\/la-toussuire.com\/en\/?s={search_term_string}\"},\"query-input\":{\"@type\":\"PropertyValueSpecification\",\"valueRequired\":true,\"valueName\":\"search_term_string\"}}],\"inLanguage\":\"en-US\"},{\"@type\":\"Organization\",\"@id\":\"https:\/\/la-toussuire.com\/en\/#organization\",\"name\":\"La Toussuire\",\"url\":\"https:\/\/la-toussuire.com\/en\/\",\"logo\":{\"@type\":\"ImageObject\",\"inLanguage\":\"en-US\",\"@id\":\"https:\/\/la-toussuire.com\/en\/#\/schema\/logo\/image\/\",\"url\":\"https:\/\/la-toussuire.com\/wp-content\/uploads\/LA-TOUSSUIRE_Logo_ALT.png\",\"contentUrl\":\"https:\/\/la-toussuire.com\/wp-content\/uploads\/LA-TOUSSUIRE_Logo_ALT.png\",\"width\":557,\"height\":325,\"caption\":\"La Toussuire\"},\"image\":{\"@id\":\"https:\/\/la-toussuire.com\/en\/#\/schema\/logo\/image\/\"}}]}<\/script>\n<!-- \/ Yoast SEO plugin. -->","yoast_head_json":{"title":"Good deals - La Toussuire","description":"Special deals, Pass Partout card, promotions, special offers, ski passes, accommodation, rentals, equipment, cottage ...","robots":{"index":"index","follow":"follow","max-snippet":"max-snippet:-1","max-image-preview":"max-image-preview:large","max-video-preview":"max-video-preview:-1"},"canonical":"https:\/\/la-toussuire.com\/en\/your-stay\/good-deals\/","og_locale":"en_US","og_type":"article","og_title":"Good deals - La Toussuire","og_description":"Special deals, Pass Partout card, promotions, special offers, ski passes, accommodation, rentals, equipment, cottage ...","og_url":"https:\/\/la-toussuire.com\/en\/your-stay\/good-deals\/","og_site_name":"La Toussuire","article_modified_time":"2026-03-03T08:44:15+00:00","og_image":[{"width":2395,"height":982,"url":"https:\/\/la-toussuire.com\/wp-content\/uploads\/OTToussuire_Carte_Interactive_Presentation\u00a9AlbanPernet@La_Toussuire.jpg","type":"image\/jpeg"}],"twitter_card":"summary_large_image","twitter_misc":{"Est. reading time":"2 minutes"},"schema":{"@context":"https:\/\/schema.org","@graph":[{"@type":"WebPage","@id":"https:\/\/la-toussuire.com\/en\/your-stay\/good-deals\/","url":"https:\/\/la-toussuire.com\/en\/your-stay\/good-deals\/","name":"Good deals - La Toussuire","isPartOf":{"@id":"https:\/\/la-toussuire.com\/en\/#website"},"primaryImageOfPage":{"@id":"https:\/\/la-toussuire.com\/en\/your-stay\/good-deals\/#primaryimage"},"image":{"@id":"https:\/\/la-toussuire.com\/en\/your-stay\/good-deals\/#primaryimage"},"thumbnailUrl":"https:\/\/la-toussuire.com\/wp-content\/uploads\/OTToussuire_Carte_Interactive_Presentation\u00a9AlbanPernet@La_Toussuire.jpg","datePublished":"2022-02-02T14:39:03+00:00","dateModified":"2026-03-03T08:44:15+00:00","description":"Special deals, Pass Partout card, promotions, special offers, ski passes, accommodation, rentals, equipment, cottage ...","breadcrumb":{"@id":"https:\/\/la-toussuire.com\/en\/your-stay\/good-deals\/#breadcrumb"},"inLanguage":"en-US","potentialAction":[{"@type":"ReadAction","target":["https:\/\/la-toussuire.com\/en\/your-stay\/good-deals\/"]}]},{"@type":"ImageObject","inLanguage":"en-US","@id":"https:\/\/la-toussuire.com\/en\/your-stay\/good-deals\/#primaryimage","url":"https:\/\/la-toussuire.com\/wp-content\/uploads\/OTToussuire_Carte_Interactive_Presentation\u00a9AlbanPernet@La_Toussuire.jpg","contentUrl":"https:\/\/la-toussuire.com\/wp-content\/uploads\/OTToussuire_Carte_Interactive_Presentation\u00a9AlbanPernet@La_Toussuire.jpg","width":2395,"height":982,"caption":"La Toussuire in winter on its snowy plateau with the surrounding mountains and the Aiguilles d'Arves on the horizon."},{"@type":"BreadcrumbList","@id":"https:\/\/la-toussuire.com\/en\/your-stay\/good-deals\/#breadcrumb","itemListElement":[{"@type":"ListItem","position":1,"name":"Home","item":"https:\/\/la-toussuire.com\/en\/"},{"@type":"ListItem","position":2,"name":"I&#8217;m organising my stay","item":"https:\/\/la-toussuire.com\/en\/your-stay\/"},{"@type":"ListItem","position":3,"name":"Good deals"}]},{"@type":"WebSite","@id":"https:\/\/la-toussuire.com\/en\/#website","url":"https:\/\/la-toussuire.com\/en\/","name":"La Toussuire","description":"","publisher":{"@id":"https:\/\/la-toussuire.com\/en\/#organization"},"potentialAction":[{"@type":"SearchAction","target":{"@type":"EntryPoint","urlTemplate":"https:\/\/la-toussuire.com\/en\/?s={search_term_string}"},"query-input":{"@type":"PropertyValueSpecification","valueRequired":true,"valueName":"search_term_string"}}],"inLanguage":"en-US"},{"@type":"Organization","@id":"https:\/\/la-toussuire.com\/en\/#organization","name":"La Toussuire","url":"https:\/\/la-toussuire.com\/en\/","logo":{"@type":"ImageObject","inLanguage":"en-US","@id":"https:\/\/la-toussuire.com\/en\/#\/schema\/logo\/image\/","url":"https:\/\/la-toussuire.com\/wp-content\/uploads\/LA-TOUSSUIRE_Logo_ALT.png","contentUrl":"https:\/\/la-toussuire.com\/wp-content\/uploads\/LA-TOUSSUIRE_Logo_ALT.png","width":557,"height":325,"caption":"La Toussuire"},"image":{"@id":"https:\/\/la-toussuire.com\/en\/#\/schema\/logo\/image\/"}}]}},"_links":{"self":[{"href":"https:\/\/la-toussuire.com\/en\/wp-json\/wp\/v2\/pages\/6108","targetHints":{"allow":["GET"]}}],"collection":[{"href":"https:\/\/la-toussuire.com\/en\/wp-json\/wp\/v2\/pages"}],"about":[{"href":"https:\/\/la-toussuire.com\/en\/wp-json\/wp\/v2\/types\/page"}],"author":[{"embeddable":true,"href":"https:\/\/la-toussuire.com\/en\/wp-json\/wp\/v2\/users\/1"}],"replies":[{"embeddable":true,"href":"https:\/\/la-toussuire.com\/en\/wp-json\/wp\/v2\/comments?post=6108"}],"version-history":[{"count":5,"href":"https:\/\/la-toussuire.com\/en\/wp-json\/wp\/v2\/pages\/6108\/revisions"}],"predecessor-version":[{"id":45220,"href":"https:\/\/la-toussuire.com\/en\/wp-json\/wp\/v2\/pages\/6108\/revisions\/45220"}],"up":[{"embeddable":true,"href":"https:\/\/la-toussuire.com\/en\/wp-json\/wp\/v2\/pages\/5858"}],"wp:featuredmedia":[{"embeddable":true,"href":"https:\/\/la-toussuire.com\/en\/wp-json\/wp\/v2\/media\/8651"}],"wp:attachment":[{"href":"https:\/\/la-toussuire.com\/en\/wp-json\/wp\/v2\/media?parent=6108"}],"curies":[{"name":"wp","href":"https:\/\/api.w.org\/{rel}","templated":true}]}}