{"id":5866,"date":"2022-02-02T07:37:54","date_gmt":"2022-02-02T06:37:54","guid":{"rendered":"https:\/\/la-toussuire.com\/what-to-do-in-summer\/"},"modified":"2026-04-27T12:53:00","modified_gmt":"2026-04-27T10:53:00","slug":"what-to-do-in-summer","status":"publish","type":"page","link":"https:\/\/la-toussuire.com\/en\/what-to-do-in-summer\/","title":{"rendered":"I&#8217;m having fun"},"content":{"rendered":"<div class=\"block block-core-heading\">\n<h2 class=\"wp-block-heading has-text-align-center has-luminous-vivid-amber-color has-text-color has-link-color wp-elements-f2d09f00ea365df79ad8a750dea8eac4\" id=\"a-la-toussuire-on-peut-pratiquer-toutes-sortes-d-activites-la-montagne-est-douce-et-abordable-par-tous\">La Toussuire offers a range of activities : our mountain area is welcoming and suitable for all !<\/h2>\n<\/div>\n\n<div class=\"block block-core-paragraph\">\n<p class=\"has-text-align-center\">Mountain holidays are full of <strong>outdoor activities<\/strong> to enjoy <strong>space<\/strong>, <strong>sun<\/strong> and <strong>fresh air.<\/strong> <strong>Explore<\/strong> the peaks, <strong>discover<\/strong> the mountains, <strong>hit<\/strong> the slopes, enjoy <strong>exercising<\/strong> again&#8230;<\/p>\n<\/div>\n\n<div class=\"block block-core-paragraph\">\n<p class=\"has-text-align-center\">When you return to the resort, a range of events await you, like a reward for your <strong>efforts.<\/strong> Experience the pleasure of being together again and sharing good times.<em> A life full of memories to bring back with you !<\/em><\/p>\n<\/div>\n\n<div class=\"block block-core-media-text align-wrap align-wrap-wide\">\n<div class=\"wp-block-media-text alignwide has-media-on-the-right is-stacked-on-mobile is-image-fill-element\"><div class=\"wp-block-media-text__content\"><div class=\"block block-core-heading\">\n<h2 class=\"wp-block-heading has-text-align-center\" id=\"activites-d-ete\">Summer activities<\/h2>\n<\/div>\n\n<div class=\"block block-core-paragraph\">\n<p class=\"has-text-align-center\">Summer is the season of <strong>experiences.<\/strong> The weather&#8217;s fine, you&#8217;re feeling free, it&#8217;s time to try everything. <em>For fun, a challenge or out of curiosity<\/em>, try our activities, push your limits, get out of your comfort zone. You won&#8217;t regret it, and when you get home you&#8217;ll be able to tell your friends all about <strong>your exploits<\/strong>! <\/p>\n<\/div>\n\n<div class=\"block block-core-buttons\">\n<div class=\"wp-block-buttons is-content-justification-center is-layout-flex wp-container-core-buttons-is-layout-16018d1d wp-block-buttons-is-layout-flex\"><div class=\"block block-core-button\">\n<div class=\"wp-block-button\"><a class=\"wp-block-button__link wp-element-button\" href=\"https:\/\/la-toussuire.com\/en\/what-to-do-in-summer\/activities-on-summer\/\">Let&#8217;s go !<\/a><\/div>\n<\/div><\/div>\n<\/div><\/div><figure class=\"wp-block-media-text__media\"><img loading=\"lazy\" decoding=\"async\" width=\"1024\" height=\"683\" src=\"https:\/\/la-toussuire.com\/wp-content\/uploads\/\/APernet-OTToussuire-web-080823-99-1024x683.jpg\" alt=\"Photo prise de jour en format paysage. Nous pouvons voir un p\u00e8re de famille avec ses deux filles assis autour d'un chien de tra\u00eeneau en train de le caresser.\" class=\"wp-image-30339 size-full\" style=\"object-position:37% 46%\" srcset=\"https:\/\/la-toussuire.com\/wp-content\/uploads\/APernet-OTToussuire-web-080823-99-1024x683.jpg 1024w, https:\/\/la-toussuire.com\/wp-content\/uploads\/APernet-OTToussuire-web-080823-99-300x200.jpg 300w, https:\/\/la-toussuire.com\/wp-content\/uploads\/APernet-OTToussuire-web-080823-99-150x100.jpg 150w, https:\/\/la-toussuire.com\/wp-content\/uploads\/APernet-OTToussuire-web-080823-99-768x512.jpg 768w, https:\/\/la-toussuire.com\/wp-content\/uploads\/APernet-OTToussuire-web-080823-99.jpg 1080w\" sizes=\"auto, (max-width: 1024px) 100vw, 1024px\" \/><\/figure><\/div>\n<\/div>\n\n<div class=\"block block-core-media-text\">\n<div class=\"wp-block-media-text is-stacked-on-mobile is-image-fill-element\"><figure class=\"wp-block-media-text__media\"><img loading=\"lazy\" decoding=\"async\" width=\"683\" height=\"1024\" src=\"https:\/\/la-toussuire.com\/wp-content\/uploads\/\/APernet-OTToussuire-web-210223-205-1-683x1024.jpg\" alt=\"Photo taken in winter in portrait format. We can see a family eating in a restaurant. \" class=\"wp-image-41260 size-full\" style=\"object-position:53% 42%\" srcset=\"https:\/\/la-toussuire.com\/wp-content\/uploads\/APernet-OTToussuire-web-210223-205-1-683x1024.jpg 683w, https:\/\/la-toussuire.com\/wp-content\/uploads\/APernet-OTToussuire-web-210223-205-1-200x300.jpg 200w, https:\/\/la-toussuire.com\/wp-content\/uploads\/APernet-OTToussuire-web-210223-205-1-100x150.jpg 100w, https:\/\/la-toussuire.com\/wp-content\/uploads\/APernet-OTToussuire-web-210223-205-1.jpg 720w\" sizes=\"auto, (max-width: 683px) 100vw, 683px\" \/><\/figure><div class=\"wp-block-media-text__content\"><div class=\"block block-core-heading\">\n<h2 class=\"wp-block-heading has-text-align-center\">Restaurants and bars<\/h2>\n<\/div>\n\n<div class=\"block block-core-paragraph\">\n<p class=\"has-text-align-center\">When you think of holidays, you think of treating yourself to a meal out. After a good day&#8217;s skiing or hiking, check out all our great addresses!  Whether you want to eat or simply quench your thirst, you&#8217;re sure to find what you&#8217;re looking for here!<\/p>\n<\/div>\n\n<div class=\"block block-core-buttons\">\n<div class=\"wp-block-buttons is-content-justification-center is-layout-flex wp-container-core-buttons-is-layout-16018d1d wp-block-buttons-is-layout-flex\"><div class=\"block block-core-button\">\n<div class=\"wp-block-button\"><a class=\"wp-block-button__link wp-element-button\" href=\"https:\/\/la-toussuire.com\/en\/what-to-do-in-summer\/restaurants-and-bars\/\">Find your restaurants\/bars<\/a><\/div>\n<\/div><\/div>\n<\/div><\/div><\/div>\n<\/div>\n\n<div class=\"block block-core-media-text align-wrap align-wrap-wide\">\n<div class=\"wp-block-media-text alignwide has-media-on-the-right is-stacked-on-mobile is-image-fill-element\"><div class=\"wp-block-media-text__content\"><div class=\"block block-core-heading\">\n<h2 class=\"wp-block-heading has-text-align-center\" id=\"bien-etre\">Wellness<\/h2>\n<\/div>\n\n<div class=\"block block-core-paragraph\">\n<p class=\"has-text-align-center\"><strong>Taking a moment<\/strong> to relax and <strong>admire<\/strong> the sunrise. <strong>Lying<\/strong> in the grass and <strong>listening<\/strong> to the sound of cow bells, or <strong>watching<\/strong> the clouds drift across the sky. <em>What a great holiday programme !<\/em> To help you relax, we offer welcome moments of letting go in our many relaxation areas. Treat yourself to that fabulous <strong>massage<\/strong> you&#8217;ve been dreaming of all year round, dive into the <strong>pool<\/strong>, feel yourself melt in a <strong>jacuzzi<\/strong> or <strong>sauna<\/strong>. <em>Now&#8217;s the time !<\/em><\/p>\n<\/div>\n\n<div class=\"block block-core-buttons\">\n<div class=\"wp-block-buttons is-content-justification-center is-layout-flex wp-container-core-buttons-is-layout-16018d1d wp-block-buttons-is-layout-flex\"><div class=\"block block-core-button\">\n<div class=\"wp-block-button\"><a class=\"wp-block-button__link wp-element-button\" href=\"https:\/\/la-toussuire.com\/en\/what-to-do-in-summer\/wellness\/\">Relax<\/a><\/div>\n<\/div><\/div>\n<\/div><\/div><figure class=\"wp-block-media-text__media\"><img loading=\"lazy\" decoding=\"async\" width=\"1024\" height=\"684\" src=\"https:\/\/la-toussuire.com\/wp-content\/uploads\/\/APernet-OTToussuire-web-090823-235-1024x684.jpg\" alt=\"\" class=\"wp-image-30417 size-full\" style=\"object-position:67% 55%\" srcset=\"https:\/\/la-toussuire.com\/wp-content\/uploads\/APernet-OTToussuire-web-090823-235-1024x684.jpg 1024w, https:\/\/la-toussuire.com\/wp-content\/uploads\/APernet-OTToussuire-web-090823-235-300x200.jpg 300w, https:\/\/la-toussuire.com\/wp-content\/uploads\/APernet-OTToussuire-web-090823-235-150x100.jpg 150w, https:\/\/la-toussuire.com\/wp-content\/uploads\/APernet-OTToussuire-web-090823-235-768x513.jpg 768w, https:\/\/la-toussuire.com\/wp-content\/uploads\/APernet-OTToussuire-web-090823-235.jpg 1080w\" sizes=\"auto, (max-width: 1024px) 100vw, 1024px\" \/><\/figure><\/div>\n<\/div>\n\n<div class=\"block block-core-media-text align-wrap align-wrap-wide\">\n<div class=\"wp-block-media-text alignwide is-stacked-on-mobile is-image-fill-element\"><figure class=\"wp-block-media-text__media\"><img loading=\"lazy\" decoding=\"async\" width=\"683\" height=\"1024\" src=\"https:\/\/la-toussuire.com\/wp-content\/uploads\/\/APernet-OTToussuire-web-210223-126-683x1024.jpg\" alt=\"Photo prise au cr\u00e9puscule en format portrait. La photo a \u00e9t\u00e9 prise pendant l'hiver. Nous pouvons voir une famille en train de faire une descente de luge. Chaque parent est avec un enfant sur la luge.\" class=\"wp-image-33438 size-full\" style=\"object-position:50% 50%\" srcset=\"https:\/\/la-toussuire.com\/wp-content\/uploads\/APernet-OTToussuire-web-210223-126-683x1024.jpg 683w, https:\/\/la-toussuire.com\/wp-content\/uploads\/APernet-OTToussuire-web-210223-126-200x300.jpg 200w, https:\/\/la-toussuire.com\/wp-content\/uploads\/APernet-OTToussuire-web-210223-126-100x150.jpg 100w, https:\/\/la-toussuire.com\/wp-content\/uploads\/APernet-OTToussuire-web-210223-126.jpg 720w\" sizes=\"auto, (max-width: 683px) 100vw, 683px\" \/><\/figure><div class=\"wp-block-media-text__content\"><div class=\"block block-core-heading\">\n<h2 class=\"wp-block-heading has-text-align-center\">Winter activities <\/h2>\n<\/div>\n\n<div class=\"block block-core-paragraph\">\n<p class=\"has-text-align-center\">In winter, there is so much to do ! All styles of <strong>skiing<\/strong>, <strong>snowshoeing<\/strong>, <strong>sledding<\/strong>, and many other <strong>activities<\/strong> are available ! <em>Treat yourself : That&#8217;s what holidays are about, after all !<\/em> <\/p>\n<\/div>\n\n<div class=\"block block-core-buttons\">\n<div class=\"wp-block-buttons is-content-justification-center is-layout-flex wp-container-core-buttons-is-layout-16018d1d wp-block-buttons-is-layout-flex\"><div class=\"block block-core-button\">\n<div class=\"wp-block-button\"><a class=\"wp-block-button__link wp-element-button\" href=\"https:\/\/la-toussuire.com\/en\/what-to-do-in-summer\/activites-on-the-snow\/\">Ready ?<\/a><\/div>\n<\/div><\/div>\n<\/div><\/div><\/div>\n<\/div>\n\n<div class=\"block block-core-media-text align-wrap align-wrap-wide\">\n<div class=\"wp-block-media-text alignwide has-media-on-the-right is-stacked-on-mobile is-vertically-aligned-bottom is-image-fill-element\"><div class=\"wp-block-media-text__content\"><div class=\"block block-core-heading\">\n<h2 class=\"wp-block-heading has-text-align-center\" id=\"espaces-de-loisirs\">Leisure areas<\/h2>\n<\/div>\n\n<div class=\"block block-core-paragraph\">\n<p class=\"has-text-align-center\">Our leisure areas in the heart of nature are ideal for <strong>precious moments<\/strong> of contemplating the little ones at play for hour on end, <strong>picnics<\/strong> with the family, or <strong>large<\/strong>, <strong>loud<\/strong> and even <strong>boisterous<\/strong> gatherings, and for those addicted to all-<strong>engulfing<\/strong> passions.<\/p>\n<\/div>\n\n<div class=\"block block-core-buttons\">\n<div class=\"wp-block-buttons is-content-justification-center is-layout-flex wp-container-core-buttons-is-layout-16018d1d wp-block-buttons-is-layout-flex\"><div class=\"block block-core-button\">\n<div class=\"wp-block-button\"><a class=\"wp-block-button__link wp-element-button\" href=\"https:\/\/la-toussuire.com\/en\/what-to-do-in-summer\/les-espaces-loisirs\/\">Explore our environment<\/a><\/div>\n<\/div><\/div>\n<\/div><\/div><figure class=\"wp-block-media-text__media\"><img loading=\"lazy\" decoding=\"async\" width=\"1024\" height=\"683\" src=\"https:\/\/la-toussuire.com\/wp-content\/uploads\/\/APernet-OTToussuire-web-090823-344-1024x683.jpg\" alt=\"\" class=\"wp-image-30448 size-full\" style=\"object-position:23% 46%\" srcset=\"https:\/\/la-toussuire.com\/wp-content\/uploads\/APernet-OTToussuire-web-090823-344-1024x683.jpg 1024w, https:\/\/la-toussuire.com\/wp-content\/uploads\/APernet-OTToussuire-web-090823-344-300x200.jpg 300w, https:\/\/la-toussuire.com\/wp-content\/uploads\/APernet-OTToussuire-web-090823-344-150x100.jpg 150w, https:\/\/la-toussuire.com\/wp-content\/uploads\/APernet-OTToussuire-web-090823-344-768x512.jpg 768w, https:\/\/la-toussuire.com\/wp-content\/uploads\/APernet-OTToussuire-web-090823-344.jpg 1080w\" sizes=\"auto, (max-width: 1024px) 100vw, 1024px\" \/><\/figure><\/div>\n<\/div>\n\n<div class=\"block block-core-media-text align-wrap align-wrap-wide\">\n<div class=\"wp-block-media-text alignwide is-stacked-on-mobile is-image-fill-element\"><figure class=\"wp-block-media-text__media\"><img loading=\"lazy\" decoding=\"async\" width=\"960\" height=\"640\" src=\"https:\/\/la-toussuire.com\/wp-content\/uploads\/OTToussuire_Visite_Degustation_Sybelles_Presentation\u00a9CooperativeLaChambre@La_Toussuire.jpg\" alt=\"La photo repr\u00e9sente la fabrication d'un fromage. Nous pouvons voir un personnel de la coop\u00e9rative en train de remuer la cuve\" class=\"wp-image-7630 size-full\" style=\"object-position:40% 52%\" srcset=\"https:\/\/la-toussuire.com\/wp-content\/uploads\/OTToussuire_Visite_Degustation_Sybelles_Presentation\u00a9CooperativeLaChambre@La_Toussuire.jpg 960w, https:\/\/la-toussuire.com\/wp-content\/uploads\/OTToussuire_Visite_Degustation_Sybelles_Presentation\u00a9CooperativeLaChambre@La_Toussuire-300x200.jpg 300w, https:\/\/la-toussuire.com\/wp-content\/uploads\/OTToussuire_Visite_Degustation_Sybelles_Presentation\u00a9CooperativeLaChambre@La_Toussuire-150x100.jpg 150w, https:\/\/la-toussuire.com\/wp-content\/uploads\/OTToussuire_Visite_Degustation_Sybelles_Presentation\u00a9CooperativeLaChambre@La_Toussuire-768x512.jpg 768w\" sizes=\"auto, (max-width: 960px) 100vw, 960px\" \/><\/figure><div class=\"wp-block-media-text__content\"><div class=\"block block-core-heading\">\n<h2 class=\"wp-block-heading has-text-align-center\" id=\"aux-alentours\">The surrounding area<\/h2>\n<\/div>\n\n<div class=\"block block-core-paragraph\">\n<p class=\"has-text-align-center\">La Toussuire is rooted in the <strong>Maurienne valley<\/strong>, which boasts a significant historical, industrial and tourist heritage. Many tours, museums or excursions are available from our resort. <em>Be curious, there is so much to discover !<\/em><\/p>\n<\/div>\n\n<div class=\"block block-core-buttons\">\n<div class=\"wp-block-buttons is-content-justification-center is-layout-flex wp-container-core-buttons-is-layout-16018d1d wp-block-buttons-is-layout-flex\"><div class=\"block block-core-button\">\n<div class=\"wp-block-button\"><a class=\"wp-block-button__link wp-element-button\" href=\"https:\/\/la-toussuire.com\/en\/what-to-do-in-summer\/the-surrounding-area\/\">Ready ?<\/a><\/div>\n<\/div><\/div>\n<\/div><\/div><\/div>\n<\/div>","protected":false},"excerpt":{"rendered":"<p>La Toussuire offers a range of activities : our mountain area is welcoming and suitable for all ! Mountain holidays are full of outdoor activities to enjoy space, sun and fresh air. Explore the peaks, discover the mountains, hit the slopes, enjoy exercising again&#8230; When you return to the resort, a range of events await [&hellip;]<\/p>\n","protected":false},"author":3,"featured_media":45753,"parent":0,"menu_order":1,"comment_status":"closed","ping_status":"closed","template":"page-template.php","meta":{"_acf_changed":false,"footnotes":""},"class_list":["post-5866","page","type-page","status-publish","has-post-thumbnail","hentry"],"acf":[],"yoast_head":"<!-- This site is optimized with the Yoast SEO plugin v27.1.1 - https:\/\/yoast.com\/product\/yoast-seo-wordpress\/ -->\n<title>I&#039;m having fun - La Toussuire<\/title>\n<meta name=\"description\" content=\"Come and try all kinds of activities this summer in La Toussuire ! Sport, relaxation, culture... You&#039;ll be spoilt for choice !\" \/>\n<meta name=\"robots\" content=\"index, follow, max-snippet:-1, max-image-preview:large, max-video-preview:-1\" \/>\n<link rel=\"canonical\" href=\"https:\/\/la-toussuire.com\/en\/what-to-do-in-summer\/\" \/>\n<meta property=\"og:locale\" content=\"en_US\" \/>\n<meta property=\"og:type\" content=\"article\" \/>\n<meta property=\"og:title\" content=\"I&#039;m having fun - La Toussuire\" \/>\n<meta property=\"og:description\" content=\"Come and try all kinds of activities this summer in La Toussuire ! Sport, relaxation, culture... You&#039;ll be spoilt for choice !\" \/>\n<meta property=\"og:url\" content=\"https:\/\/la-toussuire.com\/en\/what-to-do-in-summer\/\" \/>\n<meta property=\"og:site_name\" content=\"La Toussuire\" \/>\n<meta property=\"article:modified_time\" content=\"2026-04-27T10:53:00+00:00\" \/>\n<meta property=\"og:image\" content=\"https:\/\/la-toussuire.com\/wp-content\/uploads\/RallyeGourmand2025-PNYPhotographie-76.jpg\" \/>\n\t<meta property=\"og:image:width\" content=\"2048\" \/>\n\t<meta property=\"og:image:height\" content=\"1365\" \/>\n\t<meta property=\"og:image:type\" content=\"image\/jpeg\" \/>\n<meta name=\"twitter:card\" content=\"summary_large_image\" \/>\n<meta name=\"twitter:label1\" content=\"Est. reading time\" \/>\n\t<meta name=\"twitter:data1\" content=\"4 minutes\" \/>\n<script type=\"application\/ld+json\" class=\"yoast-schema-graph\">{\"@context\":\"https:\/\/schema.org\",\"@graph\":[{\"@type\":\"WebPage\",\"@id\":\"https:\/\/la-toussuire.com\/en\/what-to-do-in-summer\/\",\"url\":\"https:\/\/la-toussuire.com\/en\/what-to-do-in-summer\/\",\"name\":\"I'm having fun - La Toussuire\",\"isPartOf\":{\"@id\":\"https:\/\/la-toussuire.com\/en\/#website\"},\"primaryImageOfPage\":{\"@id\":\"https:\/\/la-toussuire.com\/en\/what-to-do-in-summer\/#primaryimage\"},\"image\":{\"@id\":\"https:\/\/la-toussuire.com\/en\/what-to-do-in-summer\/#primaryimage\"},\"thumbnailUrl\":\"https:\/\/la-toussuire.com\/wp-content\/uploads\/RallyeGourmand2025-PNYPhotographie-76.jpg\",\"datePublished\":\"2022-02-02T06:37:54+00:00\",\"dateModified\":\"2026-04-27T10:53:00+00:00\",\"description\":\"Come and try all kinds of activities this summer in La Toussuire ! Sport, relaxation, culture... You'll be spoilt for choice !\",\"breadcrumb\":{\"@id\":\"https:\/\/la-toussuire.com\/en\/what-to-do-in-summer\/#breadcrumb\"},\"inLanguage\":\"en-US\",\"potentialAction\":[{\"@type\":\"ReadAction\",\"target\":[\"https:\/\/la-toussuire.com\/en\/what-to-do-in-summer\/\"]}]},{\"@type\":\"ImageObject\",\"inLanguage\":\"en-US\",\"@id\":\"https:\/\/la-toussuire.com\/en\/what-to-do-in-summer\/#primaryimage\",\"url\":\"https:\/\/la-toussuire.com\/wp-content\/uploads\/RallyeGourmand2025-PNYPhotographie-76.jpg\",\"contentUrl\":\"https:\/\/la-toussuire.com\/wp-content\/uploads\/RallyeGourmand2025-PNYPhotographie-76.jpg\",\"width\":2048,\"height\":1365,\"caption\":\"Groupe d'amis qui marchent ensemble pendant le rallye gourmand.\"},{\"@type\":\"BreadcrumbList\",\"@id\":\"https:\/\/la-toussuire.com\/en\/what-to-do-in-summer\/#breadcrumb\",\"itemListElement\":[{\"@type\":\"ListItem\",\"position\":1,\"name\":\"Home\",\"item\":\"https:\/\/la-toussuire.com\/en\/\"},{\"@type\":\"ListItem\",\"position\":2,\"name\":\"I&rsquo;m having fun\"}]},{\"@type\":\"WebSite\",\"@id\":\"https:\/\/la-toussuire.com\/en\/#website\",\"url\":\"https:\/\/la-toussuire.com\/en\/\",\"name\":\"La Toussuire\",\"description\":\"\",\"publisher\":{\"@id\":\"https:\/\/la-toussuire.com\/en\/#organization\"},\"potentialAction\":[{\"@type\":\"SearchAction\",\"target\":{\"@type\":\"EntryPoint\",\"urlTemplate\":\"https:\/\/la-toussuire.com\/en\/?s={search_term_string}\"},\"query-input\":{\"@type\":\"PropertyValueSpecification\",\"valueRequired\":true,\"valueName\":\"search_term_string\"}}],\"inLanguage\":\"en-US\"},{\"@type\":\"Organization\",\"@id\":\"https:\/\/la-toussuire.com\/en\/#organization\",\"name\":\"La Toussuire\",\"url\":\"https:\/\/la-toussuire.com\/en\/\",\"logo\":{\"@type\":\"ImageObject\",\"inLanguage\":\"en-US\",\"@id\":\"https:\/\/la-toussuire.com\/en\/#\/schema\/logo\/image\/\",\"url\":\"https:\/\/la-toussuire.com\/wp-content\/uploads\/cropped-Nouveau-LA-TOUSSUIRE_Logo_Plan-de-travail-1-02.png\",\"contentUrl\":\"https:\/\/la-toussuire.com\/wp-content\/uploads\/cropped-Nouveau-LA-TOUSSUIRE_Logo_Plan-de-travail-1-02.png\",\"width\":591,\"height\":591,\"caption\":\"La Toussuire\"},\"image\":{\"@id\":\"https:\/\/la-toussuire.com\/en\/#\/schema\/logo\/image\/\"}}]}<\/script>\n<!-- \/ Yoast SEO plugin. -->","yoast_head_json":{"title":"I'm having fun - La Toussuire","description":"Come and try all kinds of activities this summer in La Toussuire ! Sport, relaxation, culture... You'll be spoilt for choice !","robots":{"index":"index","follow":"follow","max-snippet":"max-snippet:-1","max-image-preview":"max-image-preview:large","max-video-preview":"max-video-preview:-1"},"canonical":"https:\/\/la-toussuire.com\/en\/what-to-do-in-summer\/","og_locale":"en_US","og_type":"article","og_title":"I'm having fun - La Toussuire","og_description":"Come and try all kinds of activities this summer in La Toussuire ! Sport, relaxation, culture... You'll be spoilt for choice !","og_url":"https:\/\/la-toussuire.com\/en\/what-to-do-in-summer\/","og_site_name":"La Toussuire","article_modified_time":"2026-04-27T10:53:00+00:00","og_image":[{"width":2048,"height":1365,"url":"https:\/\/la-toussuire.com\/wp-content\/uploads\/RallyeGourmand2025-PNYPhotographie-76.jpg","type":"image\/jpeg"}],"twitter_card":"summary_large_image","twitter_misc":{"Est. reading time":"4 minutes"},"schema":{"@context":"https:\/\/schema.org","@graph":[{"@type":"WebPage","@id":"https:\/\/la-toussuire.com\/en\/what-to-do-in-summer\/","url":"https:\/\/la-toussuire.com\/en\/what-to-do-in-summer\/","name":"I'm having fun - La Toussuire","isPartOf":{"@id":"https:\/\/la-toussuire.com\/en\/#website"},"primaryImageOfPage":{"@id":"https:\/\/la-toussuire.com\/en\/what-to-do-in-summer\/#primaryimage"},"image":{"@id":"https:\/\/la-toussuire.com\/en\/what-to-do-in-summer\/#primaryimage"},"thumbnailUrl":"https:\/\/la-toussuire.com\/wp-content\/uploads\/RallyeGourmand2025-PNYPhotographie-76.jpg","datePublished":"2022-02-02T06:37:54+00:00","dateModified":"2026-04-27T10:53:00+00:00","description":"Come and try all kinds of activities this summer in La Toussuire ! Sport, relaxation, culture... You'll be spoilt for choice !","breadcrumb":{"@id":"https:\/\/la-toussuire.com\/en\/what-to-do-in-summer\/#breadcrumb"},"inLanguage":"en-US","potentialAction":[{"@type":"ReadAction","target":["https:\/\/la-toussuire.com\/en\/what-to-do-in-summer\/"]}]},{"@type":"ImageObject","inLanguage":"en-US","@id":"https:\/\/la-toussuire.com\/en\/what-to-do-in-summer\/#primaryimage","url":"https:\/\/la-toussuire.com\/wp-content\/uploads\/RallyeGourmand2025-PNYPhotographie-76.jpg","contentUrl":"https:\/\/la-toussuire.com\/wp-content\/uploads\/RallyeGourmand2025-PNYPhotographie-76.jpg","width":2048,"height":1365,"caption":"Groupe d'amis qui marchent ensemble pendant le rallye gourmand."},{"@type":"BreadcrumbList","@id":"https:\/\/la-toussuire.com\/en\/what-to-do-in-summer\/#breadcrumb","itemListElement":[{"@type":"ListItem","position":1,"name":"Home","item":"https:\/\/la-toussuire.com\/en\/"},{"@type":"ListItem","position":2,"name":"I&rsquo;m having fun"}]},{"@type":"WebSite","@id":"https:\/\/la-toussuire.com\/en\/#website","url":"https:\/\/la-toussuire.com\/en\/","name":"La Toussuire","description":"","publisher":{"@id":"https:\/\/la-toussuire.com\/en\/#organization"},"potentialAction":[{"@type":"SearchAction","target":{"@type":"EntryPoint","urlTemplate":"https:\/\/la-toussuire.com\/en\/?s={search_term_string}"},"query-input":{"@type":"PropertyValueSpecification","valueRequired":true,"valueName":"search_term_string"}}],"inLanguage":"en-US"},{"@type":"Organization","@id":"https:\/\/la-toussuire.com\/en\/#organization","name":"La Toussuire","url":"https:\/\/la-toussuire.com\/en\/","logo":{"@type":"ImageObject","inLanguage":"en-US","@id":"https:\/\/la-toussuire.com\/en\/#\/schema\/logo\/image\/","url":"https:\/\/la-toussuire.com\/wp-content\/uploads\/cropped-Nouveau-LA-TOUSSUIRE_Logo_Plan-de-travail-1-02.png","contentUrl":"https:\/\/la-toussuire.com\/wp-content\/uploads\/cropped-Nouveau-LA-TOUSSUIRE_Logo_Plan-de-travail-1-02.png","width":591,"height":591,"caption":"La Toussuire"},"image":{"@id":"https:\/\/la-toussuire.com\/en\/#\/schema\/logo\/image\/"}}]}},"_links":{"self":[{"href":"https:\/\/la-toussuire.com\/en\/wp-json\/wp\/v2\/pages\/5866","targetHints":{"allow":["GET"]}}],"collection":[{"href":"https:\/\/la-toussuire.com\/en\/wp-json\/wp\/v2\/pages"}],"about":[{"href":"https:\/\/la-toussuire.com\/en\/wp-json\/wp\/v2\/types\/page"}],"author":[{"embeddable":true,"href":"https:\/\/la-toussuire.com\/en\/wp-json\/wp\/v2\/users\/3"}],"replies":[{"embeddable":true,"href":"https:\/\/la-toussuire.com\/en\/wp-json\/wp\/v2\/comments?post=5866"}],"version-history":[{"count":13,"href":"https:\/\/la-toussuire.com\/en\/wp-json\/wp\/v2\/pages\/5866\/revisions"}],"predecessor-version":[{"id":46282,"href":"https:\/\/la-toussuire.com\/en\/wp-json\/wp\/v2\/pages\/5866\/revisions\/46282"}],"wp:featuredmedia":[{"embeddable":true,"href":"https:\/\/la-toussuire.com\/en\/wp-json\/wp\/v2\/media\/45753"}],"wp:attachment":[{"href":"https:\/\/la-toussuire.com\/en\/wp-json\/wp\/v2\/media?parent=5866"}],"curies":[{"name":"wp","href":"https:\/\/api.w.org\/{rel}","templated":true}]}}