{"id":5862,"date":"2022-02-02T07:18:17","date_gmt":"2022-02-02T06:18:17","guid":{"rendered":"https:\/\/la-toussuire.com\/skiing-and-sliding\/"},"modified":"2025-09-05T15:18:51","modified_gmt":"2025-09-05T13:18:51","slug":"skiing-and-sliding","status":"publish","type":"page","link":"https:\/\/la-toussuire.com\/en\/skiing-and-sliding\/","title":{"rendered":"Skiing and other winter activities"},"content":{"rendered":"<div class=\"block block-core-heading\">\n<h1 class=\"wp-block-heading has-text-align-center has-text-color has-link-color wp-elements-6419d4f7cd6a38b21d978747e9424063\" style=\"color:#faba18;font-size:30px\"><strong>Station opening date: 13 December 2025 to 10 April 2026<\/strong><\/h1>\n<\/div><div class=\"block block-core-heading\">\n<h2 class=\"wp-block-heading has-text-align-center\">A skiing area, a skiing resort and all the snow-related activities that go with it&#8230;<\/h2>\n<\/div><div class=\"block block-core-paragraph\">\n<p class=\"has-text-align-center\"><strong>Skiing, sliding, walking, sledding,<\/strong> and, if you are so inclined, <strong>jumping, flying, rolling, and dancing<\/strong>&#8230;There&#8217;s a reason people love La Toussuire. As there&#8217;s something for everyone, you can also<strong> admire, rave, trade, bubble, shop, sleep, visit, relax, swim&#8230;<\/strong><br\/>All this action for one week&#8217;s holiday <em>might be a bit short, don&#8217;t you think?<\/em><\/p>\n<\/div><div class=\"block block-core-media-text align-wrap align-wrap-wide\">\n<div class=\"wp-block-media-text alignwide is-stacked-on-mobile is-image-fill-element\"><figure class=\"wp-block-media-text__media\"><img loading=\"lazy\" decoding=\"async\" width=\"1024\" height=\"771\" src=\"https:\/\/la-toussuire.com\/wp-content\/uploads\/\/OTToussuire_Jorganise_Presentation\u00a9Yves-Thollon-1024x771.jpg\" alt=\"Photo prise lors d'un lev\u00e9 de soleil. Il s'agit d'une vue en drone en contre plongeur la station en pleine hiver avec un grand ciel bleu et le domaine skiable\" class=\"wp-image-27605 size-full\" style=\"object-position:50% 50%\" srcset=\"https:\/\/la-toussuire.com\/wp-content\/uploads\/OTToussuire_Jorganise_Presentation\u00a9Yves-Thollon-1024x771.jpg 1024w, https:\/\/la-toussuire.com\/wp-content\/uploads\/OTToussuire_Jorganise_Presentation\u00a9Yves-Thollon-300x226.jpg 300w, https:\/\/la-toussuire.com\/wp-content\/uploads\/OTToussuire_Jorganise_Presentation\u00a9Yves-Thollon-150x113.jpg 150w, https:\/\/la-toussuire.com\/wp-content\/uploads\/OTToussuire_Jorganise_Presentation\u00a9Yves-Thollon-768x578.jpg 768w, https:\/\/la-toussuire.com\/wp-content\/uploads\/OTToussuire_Jorganise_Presentation\u00a9Yves-Thollon-1536x1156.jpg 1536w, https:\/\/la-toussuire.com\/wp-content\/uploads\/OTToussuire_Jorganise_Presentation\u00a9Yves-Thollon-2048x1541.jpg 2048w\" sizes=\"auto, (max-width: 1024px) 100vw, 1024px\" \/><\/figure><div class=\"wp-block-media-text__content\"><div class=\"block block-core-heading\">\n<h2 class=\"wp-block-heading has-text-align-center\">Les Sybelles, the skiing area with a #positivealtitude<\/h2>\n<\/div>\n\n<div class=\"block block-core-paragraph\">\n<p class=\"has-text-align-center\">Les Sybelles,<strong>4th<\/strong> biggest skiing area in France, <strong>393ha<\/strong> of snow from <strong>1,100 to 2,620m<\/strong> above sea level. <strong>6<\/strong> resorts, <strong>21<\/strong> fun zones, <strong>136<\/strong> slopes, including <strong>58<\/strong> blue slopes, so that <strong>beginners<\/strong> can have their fun too.<\/p>\n<\/div>\n\n<div class=\"block block-core-paragraph\">\n<p class=\"has-text-align-center\"><em>Discover the fun areas, the piste map, the apps and all the services Les Sybelles\u00ae has to offer.<\/em>&#8230;<\/p>\n<\/div>\n\n<div class=\"block block-core-buttons\">\n<div class=\"wp-block-buttons is-content-justification-center is-layout-flex wp-container-core-buttons-is-layout-16018d1d wp-block-buttons-is-layout-flex\"><div class=\"block block-core-button\">\n<div class=\"wp-block-button\"><a class=\"wp-block-button__link has-white-color has-text-color has-link-color wp-element-button\" href=\"https:\/\/la-toussuire.com\/en\/skiing-and-sliding\/les-sybelles-skiing-area\/\">Discover Sybelles<\/a><\/div>\n<\/div><\/div>\n<\/div><\/div><\/div>\n<\/div><div class=\"block block-core-media-text align-wrap align-wrap-wide\">\n<div class=\"wp-block-media-text alignwide has-media-on-the-right is-stacked-on-mobile is-image-fill-element\"><div class=\"wp-block-media-text__content\"><div class=\"block block-core-heading\">\n<h2 class=\"wp-block-heading has-text-align-center\">Our skipass<\/h2>\n<\/div>\n\n<div class=\"block block-core-paragraph\">\n<p class=\"has-text-align-center\">Because we know that you like your holidays well <strong>organised<\/strong>, we&#8217;ve <strong>prepared<\/strong> everything so that you can leave with peace of mind. <strong>Easy<\/strong>, <strong>quick<\/strong> and <strong>practical<\/strong>, book your package online!<\/p>\n<\/div>\n\n<div class=\"block block-core-paragraph\">\n<p class=\"has-text-align-center\"><strong>This way<\/strong> to hit the slopes !<\/p>\n<\/div>\n\n<div class=\"block block-core-buttons\">\n<div class=\"wp-block-buttons is-content-justification-center is-layout-flex wp-container-core-buttons-is-layout-16018d1d wp-block-buttons-is-layout-flex\"><div class=\"block block-core-button\">\n<div class=\"wp-block-button\"><a class=\"wp-block-button__link wp-element-button\" href=\"https:\/\/la-toussuire.com\/reservez-votre-forfait\/\">Go for it !<\/a><\/div>\n<\/div><\/div>\n<\/div><\/div><figure class=\"wp-block-media-text__media\"><img loading=\"lazy\" decoding=\"async\" width=\"684\" height=\"1024\" src=\"https:\/\/la-toussuire.com\/wp-content\/uploads\/\/OTToussuire_Nos_Forfaits_Galerie\u00a9APernet-1-684x1024.jpg\" alt=\"Portrait format photo taken in daylight. We can see a mother holding and looking at the piste map and her ski pass.\" class=\"wp-image-27679 size-full\" style=\"object-position:48% 100%\" srcset=\"https:\/\/la-toussuire.com\/wp-content\/uploads\/OTToussuire_Nos_Forfaits_Galerie\u00a9APernet-1-684x1024.jpg 684w, https:\/\/la-toussuire.com\/wp-content\/uploads\/OTToussuire_Nos_Forfaits_Galerie\u00a9APernet-1-200x300.jpg 200w, https:\/\/la-toussuire.com\/wp-content\/uploads\/OTToussuire_Nos_Forfaits_Galerie\u00a9APernet-1-100x150.jpg 100w, https:\/\/la-toussuire.com\/wp-content\/uploads\/OTToussuire_Nos_Forfaits_Galerie\u00a9APernet-1.jpg 721w\" sizes=\"auto, (max-width: 684px) 100vw, 684px\" \/><\/figure><\/div>\n<\/div><div class=\"block block-core-media-text align-wrap align-wrap-wide\">\n<div class=\"wp-block-media-text alignwide is-stacked-on-mobile is-image-fill-element\"><figure class=\"wp-block-media-text__media\"><img loading=\"lazy\" decoding=\"async\" width=\"1024\" height=\"683\" src=\"https:\/\/la-toussuire.com\/wp-content\/uploads\/\/OTToussuire_Ecole_Ski_Presentation\u00a9APernet-1024x683.jpg\" alt=\"Photo au format horizontal en plein journ\u00e9e d'hiver. Nous pouvons voir deux enfants \u00e9quip\u00e9s en tenue de ski allong\u00e9 au sol avec un grand sourire\" class=\"wp-image-27687 size-full\" style=\"object-position:77% 51%\" srcset=\"https:\/\/la-toussuire.com\/wp-content\/uploads\/OTToussuire_Ecole_Ski_Presentation\u00a9APernet-1024x683.jpg 1024w, https:\/\/la-toussuire.com\/wp-content\/uploads\/OTToussuire_Ecole_Ski_Presentation\u00a9APernet-300x200.jpg 300w, https:\/\/la-toussuire.com\/wp-content\/uploads\/OTToussuire_Ecole_Ski_Presentation\u00a9APernet-150x100.jpg 150w, https:\/\/la-toussuire.com\/wp-content\/uploads\/OTToussuire_Ecole_Ski_Presentation\u00a9APernet-768x512.jpg 768w, https:\/\/la-toussuire.com\/wp-content\/uploads\/OTToussuire_Ecole_Ski_Presentation\u00a9APernet.jpg 1050w\" sizes=\"auto, (max-width: 1024px) 100vw, 1024px\" \/><\/figure><div class=\"wp-block-media-text__content\"><div class=\"block block-core-heading\">\n<h2 class=\"wp-block-heading has-text-align-center\">Our ski schools<\/h2>\n<\/div>\n\n<div class=\"block block-core-paragraph\">\n<p class=\"has-text-align-center\">La Toussuire is a ski <strong>learning<\/strong> resort: with spaces dedicated to beginners, numerous blue and green slopes, and two skiing schools on-site (<strong><em>ESF &amp; ESI<\/em><\/strong>), beginners of <strong>all ages<\/strong> will quickly start to <strong>enjoy<\/strong> skiing. <\/p>\n<\/div>\n\n<div class=\"block block-core-buttons\">\n<div class=\"wp-block-buttons is-content-justification-center is-layout-flex wp-container-core-buttons-is-layout-16018d1d wp-block-buttons-is-layout-flex\"><div class=\"block block-core-button\">\n<div class=\"wp-block-button\"><a class=\"wp-block-button__link wp-element-button\" href=\"https:\/\/la-toussuire.com\/en\/skiing-and-sliding\/ski-school\/\">I want to become a true rider !<\/a><\/div>\n<\/div><\/div>\n<\/div><\/div><\/div>\n<\/div><div class=\"block block-core-media-text align-wrap align-wrap-wide\">\n<div class=\"wp-block-media-text alignwide has-media-on-the-right is-stacked-on-mobile is-image-fill-element\"><div class=\"wp-block-media-text__content\"><div class=\"block block-core-heading\">\n<h2 class=\"wp-block-heading has-text-align-center\">Snowshoe pedestrian trail<\/h2>\n<\/div>\n\n<div class=\"block block-core-paragraph\">\n<p class=\"has-text-align-center\"><strong>Escaping<\/strong> to the summits and <strong>enjoying<\/strong> the exceptional panoramas visible from high altitude is no longer just for skiers. <strong>Magnificent<\/strong> pedestrian\/snowshoe paths are available, starting from the pedestrian chairlifts&#8217; arrivals, and offering yet another way to <strong>enjoy the mountains !<\/strong><\/p>\n<\/div>\n\n<div class=\"block block-core-buttons\">\n<div class=\"wp-block-buttons is-content-justification-center is-layout-flex wp-container-core-buttons-is-layout-16018d1d wp-block-buttons-is-layout-flex\"><div class=\"block block-core-button\">\n<div class=\"wp-block-button\"><a class=\"wp-block-button__link wp-element-button\" href=\"https:\/\/la-toussuire.com\/en\/skiing-and-sliding\/walking-and-snowshoe-trails\/\">Don&#8217;t miss out !<\/a><\/div>\n<\/div><\/div>\n<\/div><\/div><figure class=\"wp-block-media-text__media\"><img loading=\"lazy\" decoding=\"async\" width=\"683\" height=\"1024\" src=\"https:\/\/la-toussuire.com\/wp-content\/uploads\/\/OTToussuire_Pietons_Raquette_Galerie\u00a9APernet-683x1024.jpg\" alt=\"\" class=\"wp-image-27692 size-full\" style=\"object-position:54% 51%\" srcset=\"https:\/\/la-toussuire.com\/wp-content\/uploads\/OTToussuire_Pietons_Raquette_Galerie\u00a9APernet-683x1024.jpg 683w, https:\/\/la-toussuire.com\/wp-content\/uploads\/OTToussuire_Pietons_Raquette_Galerie\u00a9APernet-200x300.jpg 200w, https:\/\/la-toussuire.com\/wp-content\/uploads\/OTToussuire_Pietons_Raquette_Galerie\u00a9APernet-100x150.jpg 100w, https:\/\/la-toussuire.com\/wp-content\/uploads\/OTToussuire_Pietons_Raquette_Galerie\u00a9APernet.jpg 720w\" sizes=\"auto, (max-width: 683px) 100vw, 683px\" \/><\/figure><\/div>\n<\/div><div class=\"block block-core-media-text align-wrap align-wrap-wide\">\n<div class=\"wp-block-media-text alignwide is-stacked-on-mobile is-image-fill-element\"><figure class=\"wp-block-media-text__media\"><img loading=\"lazy\" decoding=\"async\" width=\"684\" height=\"1024\" src=\"https:\/\/la-toussuire.com\/wp-content\/uploads\/\/OTToussuire_Espace_Ludique_Hiver_Galerie\u00a9APernet-684x1024.jpg\" alt=\"Photo au format portrait. La photo est prise de jour \u00e0 l'espace ludique de Snowpy\" class=\"wp-image-27709 size-full\" style=\"object-position:50% 66%\" srcset=\"https:\/\/la-toussuire.com\/wp-content\/uploads\/OTToussuire_Espace_Ludique_Hiver_Galerie\u00a9APernet-684x1024.jpg 684w, https:\/\/la-toussuire.com\/wp-content\/uploads\/OTToussuire_Espace_Ludique_Hiver_Galerie\u00a9APernet-200x300.jpg 200w, https:\/\/la-toussuire.com\/wp-content\/uploads\/OTToussuire_Espace_Ludique_Hiver_Galerie\u00a9APernet-100x150.jpg 100w, https:\/\/la-toussuire.com\/wp-content\/uploads\/OTToussuire_Espace_Ludique_Hiver_Galerie\u00a9APernet.jpg 701w\" sizes=\"auto, (max-width: 684px) 100vw, 684px\" \/><\/figure><div class=\"wp-block-media-text__content\"><div class=\"block block-core-heading\">\n<h2 class=\"wp-block-heading has-text-align-center\">The fun zones <\/h2>\n<\/div>\n\n<div class=\"block block-core-paragraph\">\n<p class=\"has-text-align-center\">To ski well, you need to <strong>enjoy<\/strong> yourself, whatever your level. For beginners, we have created special <strong>learning<\/strong>areas, where you can learn to ski <strong>safely<\/strong>. As soon as you are ready to visit us, discover our relaxation and fun zones, in the heart of the resort, in front of a <strong>sumptuous panorama.<\/strong> <\/p>\n<\/div>\n\n<div class=\"block block-core-buttons\">\n<div class=\"wp-block-buttons is-content-justification-center is-layout-flex wp-container-core-buttons-is-layout-16018d1d wp-block-buttons-is-layout-flex\"><div class=\"block block-core-button\">\n<div class=\"wp-block-button\"><a class=\"wp-block-button__link wp-element-button\" href=\"https:\/\/la-toussuire.com\/en\/skiing-and-sliding\/les-sybelles-skiing-area\/the-la-toussuire-fun-zones\/\">All our fun zones<\/a><\/div>\n<\/div><\/div>\n<\/div><\/div><\/div>\n<\/div><div class=\"block block-core-media-text align-wrap align-wrap-wide\">\n<div class=\"wp-block-media-text alignwide has-media-on-the-right is-stacked-on-mobile is-image-fill-element\"><div class=\"wp-block-media-text__content\"><div class=\"block block-core-heading\">\n<h2 class=\"wp-block-heading has-text-align-center\">Skating<\/h2>\n<\/div>\n\n<div class=\"block block-core-paragraph\">\n<p class=\"has-text-align-center\">Here, ski touring is king, but if you prefer <strong>skating<\/strong>, you can also enjoy it in our ski area. From La Toussuire to Le Corbier, there are more than <strong>21km<\/strong> of slopes waiting for your skis.<\/p>\n<\/div>\n\n<div class=\"block block-core-buttons\">\n<div class=\"wp-block-buttons is-content-justification-center is-layout-flex wp-container-core-buttons-is-layout-16018d1d wp-block-buttons-is-layout-flex\"><div class=\"block block-core-button\">\n<div class=\"wp-block-button\"><a class=\"wp-block-button__link wp-element-button\" href=\"https:\/\/la-toussuire.com\/en\/skiing-and-sliding\/cross-country-skiing\/\">Ski until you drop !<\/a><\/div>\n<\/div><\/div>\n<\/div><\/div><figure class=\"wp-block-media-text__media\"><img loading=\"lazy\" decoding=\"async\" width=\"1024\" height=\"576\" src=\"https:\/\/la-toussuire.com\/wp-content\/uploads\/\/OTToussuire_Ski_Et_Glisse_Ski_de_Fond_Presentation\u00a9OTToussuire@La_Toussuire-1024x576.jpg\" alt=\"Photo prise sur les pistes de ski de fond de la Toussuire. Nous pouvons voir un skieur en action de dos avec les traces de skieurs au premier plan et un panorama montagneux en fond avec notamment les Aiguilles d'Arves.\" class=\"wp-image-7211 size-full\" style=\"object-position:20% 48%\" srcset=\"https:\/\/la-toussuire.com\/wp-content\/uploads\/OTToussuire_Ski_Et_Glisse_Ski_de_Fond_Presentation\u00a9OTToussuire@La_Toussuire-1024x576.jpg 1024w, https:\/\/la-toussuire.com\/wp-content\/uploads\/OTToussuire_Ski_Et_Glisse_Ski_de_Fond_Presentation\u00a9OTToussuire@La_Toussuire-300x169.jpg 300w, https:\/\/la-toussuire.com\/wp-content\/uploads\/OTToussuire_Ski_Et_Glisse_Ski_de_Fond_Presentation\u00a9OTToussuire@La_Toussuire-150x84.jpg 150w, https:\/\/la-toussuire.com\/wp-content\/uploads\/OTToussuire_Ski_Et_Glisse_Ski_de_Fond_Presentation\u00a9OTToussuire@La_Toussuire-768x432.jpg 768w, https:\/\/la-toussuire.com\/wp-content\/uploads\/OTToussuire_Ski_Et_Glisse_Ski_de_Fond_Presentation\u00a9OTToussuire@La_Toussuire-1536x864.jpg 1536w, https:\/\/la-toussuire.com\/wp-content\/uploads\/OTToussuire_Ski_Et_Glisse_Ski_de_Fond_Presentation\u00a9OTToussuire@La_Toussuire-2048x1152.jpg 2048w\" sizes=\"auto, (max-width: 1024px) 100vw, 1024px\" \/><\/figure><\/div>\n<\/div><div class=\"block block-core-paragraph\">\n<p><\/p>\n<\/div>","protected":false},"excerpt":{"rendered":"<p>Station opening date: 13 December 2025 to 10 April 2026 A skiing area, a skiing resort and all the snow-related activities that go with it&#8230; Skiing, sliding, walking, sledding, and, if you are so inclined, jumping, flying, rolling, and dancing&#8230;There&#8217;s a reason people love La Toussuire. As there&#8217;s something for everyone, you can also admire, [&hellip;]<\/p>\n","protected":false},"author":2,"featured_media":33468,"parent":0,"menu_order":0,"comment_status":"closed","ping_status":"closed","template":"page-template.php","meta":{"_acf_changed":false,"footnotes":""},"class_list":["post-5862","page","type-page","status-publish","has-post-thumbnail","hentry"],"acf":[],"yoast_head":"<!-- This site is optimized with the Yoast SEO plugin v27.1.1 - https:\/\/yoast.com\/product\/yoast-seo-wordpress\/ -->\n<title>Skiing and other winter activities - La Toussuire<\/title>\n<meta name=\"description\" content=\"All the things we love to do in La Toussuire and Sybelles in the winter : skiing area, skiing, snowshoeing, activities, well-being and heritage.\" \/>\n<meta name=\"robots\" content=\"index, follow, max-snippet:-1, max-image-preview:large, max-video-preview:-1\" \/>\n<link rel=\"canonical\" href=\"https:\/\/la-toussuire.com\/en\/skiing-and-sliding\/\" \/>\n<meta property=\"og:locale\" content=\"en_US\" \/>\n<meta property=\"og:type\" content=\"article\" \/>\n<meta property=\"og:title\" content=\"Skiing and other winter activities - La Toussuire\" \/>\n<meta property=\"og:description\" content=\"All the things we love to do in La Toussuire and Sybelles in the winter : skiing area, skiing, snowshoeing, activities, well-being and heritage.\" \/>\n<meta property=\"og:url\" content=\"https:\/\/la-toussuire.com\/en\/skiing-and-sliding\/\" \/>\n<meta property=\"og:site_name\" content=\"La Toussuire\" \/>\n<meta property=\"article:modified_time\" content=\"2025-09-05T13:18:51+00:00\" \/>\n<meta property=\"og:image\" content=\"https:\/\/la-toussuire.com\/wp-content\/uploads\/SYBELLES_22_SHOOT2___credit_David_Malacrida_www.elmerjack.com_WEB-56.jpg\" \/>\n\t<meta property=\"og:image:width\" content=\"1500\" \/>\n\t<meta property=\"og:image:height\" content=\"1000\" \/>\n\t<meta property=\"og:image:type\" content=\"image\/jpeg\" \/>\n<meta name=\"twitter:card\" content=\"summary_large_image\" \/>\n<meta name=\"twitter:label1\" content=\"Est. reading time\" \/>\n\t<meta name=\"twitter:data1\" content=\"4 minutes\" \/>\n<script type=\"application\/ld+json\" class=\"yoast-schema-graph\">{\"@context\":\"https:\/\/schema.org\",\"@graph\":[{\"@type\":\"WebPage\",\"@id\":\"https:\/\/la-toussuire.com\/en\/skiing-and-sliding\/\",\"url\":\"https:\/\/la-toussuire.com\/en\/skiing-and-sliding\/\",\"name\":\"Skiing and other winter activities - La Toussuire\",\"isPartOf\":{\"@id\":\"https:\/\/la-toussuire.com\/en\/#website\"},\"primaryImageOfPage\":{\"@id\":\"https:\/\/la-toussuire.com\/en\/skiing-and-sliding\/#primaryimage\"},\"image\":{\"@id\":\"https:\/\/la-toussuire.com\/en\/skiing-and-sliding\/#primaryimage\"},\"thumbnailUrl\":\"https:\/\/la-toussuire.com\/wp-content\/uploads\/SYBELLES_22_SHOOT2___credit_David_Malacrida_www.elmerjack.com_WEB-56.jpg\",\"datePublished\":\"2022-02-02T06:18:17+00:00\",\"dateModified\":\"2025-09-05T13:18:51+00:00\",\"description\":\"All the things we love to do in La Toussuire and Sybelles in the winter : skiing area, skiing, snowshoeing, activities, well-being and heritage.\",\"breadcrumb\":{\"@id\":\"https:\/\/la-toussuire.com\/en\/skiing-and-sliding\/#breadcrumb\"},\"inLanguage\":\"en-US\",\"potentialAction\":[{\"@type\":\"ReadAction\",\"target\":[\"https:\/\/la-toussuire.com\/en\/skiing-and-sliding\/\"]}]},{\"@type\":\"ImageObject\",\"inLanguage\":\"en-US\",\"@id\":\"https:\/\/la-toussuire.com\/en\/skiing-and-sliding\/#primaryimage\",\"url\":\"https:\/\/la-toussuire.com\/wp-content\/uploads\/SYBELLES_22_SHOOT2___credit_David_Malacrida_www.elmerjack.com_WEB-56.jpg\",\"contentUrl\":\"https:\/\/la-toussuire.com\/wp-content\/uploads\/SYBELLES_22_SHOOT2___credit_David_Malacrida_www.elmerjack.com_WEB-56.jpg\",\"width\":1500,\"height\":1000,\"caption\":\"Skier \u00e0 La Toussuire\"},{\"@type\":\"BreadcrumbList\",\"@id\":\"https:\/\/la-toussuire.com\/en\/skiing-and-sliding\/#breadcrumb\",\"itemListElement\":[{\"@type\":\"ListItem\",\"position\":1,\"name\":\"Home\",\"item\":\"https:\/\/la-toussuire.com\/en\/\"},{\"@type\":\"ListItem\",\"position\":2,\"name\":\"Skiing and other winter activities\"}]},{\"@type\":\"WebSite\",\"@id\":\"https:\/\/la-toussuire.com\/en\/#website\",\"url\":\"https:\/\/la-toussuire.com\/en\/\",\"name\":\"La Toussuire\",\"description\":\"\",\"publisher\":{\"@id\":\"https:\/\/la-toussuire.com\/en\/#organization\"},\"potentialAction\":[{\"@type\":\"SearchAction\",\"target\":{\"@type\":\"EntryPoint\",\"urlTemplate\":\"https:\/\/la-toussuire.com\/en\/?s={search_term_string}\"},\"query-input\":{\"@type\":\"PropertyValueSpecification\",\"valueRequired\":true,\"valueName\":\"search_term_string\"}}],\"inLanguage\":\"en-US\"},{\"@type\":\"Organization\",\"@id\":\"https:\/\/la-toussuire.com\/en\/#organization\",\"name\":\"La Toussuire\",\"url\":\"https:\/\/la-toussuire.com\/en\/\",\"logo\":{\"@type\":\"ImageObject\",\"inLanguage\":\"en-US\",\"@id\":\"https:\/\/la-toussuire.com\/en\/#\/schema\/logo\/image\/\",\"url\":\"https:\/\/la-toussuire.com\/wp-content\/uploads\/cropped-Nouveau-LA-TOUSSUIRE_Logo_Plan-de-travail-1-02.png\",\"contentUrl\":\"https:\/\/la-toussuire.com\/wp-content\/uploads\/cropped-Nouveau-LA-TOUSSUIRE_Logo_Plan-de-travail-1-02.png\",\"width\":591,\"height\":591,\"caption\":\"La Toussuire\"},\"image\":{\"@id\":\"https:\/\/la-toussuire.com\/en\/#\/schema\/logo\/image\/\"}}]}<\/script>\n<!-- \/ Yoast SEO plugin. -->","yoast_head_json":{"title":"Skiing and other winter activities - La Toussuire","description":"All the things we love to do in La Toussuire and Sybelles in the winter : skiing area, skiing, snowshoeing, activities, well-being and heritage.","robots":{"index":"index","follow":"follow","max-snippet":"max-snippet:-1","max-image-preview":"max-image-preview:large","max-video-preview":"max-video-preview:-1"},"canonical":"https:\/\/la-toussuire.com\/en\/skiing-and-sliding\/","og_locale":"en_US","og_type":"article","og_title":"Skiing and other winter activities - La Toussuire","og_description":"All the things we love to do in La Toussuire and Sybelles in the winter : skiing area, skiing, snowshoeing, activities, well-being and heritage.","og_url":"https:\/\/la-toussuire.com\/en\/skiing-and-sliding\/","og_site_name":"La Toussuire","article_modified_time":"2025-09-05T13:18:51+00:00","og_image":[{"width":1500,"height":1000,"url":"https:\/\/la-toussuire.com\/wp-content\/uploads\/SYBELLES_22_SHOOT2___credit_David_Malacrida_www.elmerjack.com_WEB-56.jpg","type":"image\/jpeg"}],"twitter_card":"summary_large_image","twitter_misc":{"Est. reading time":"4 minutes"},"schema":{"@context":"https:\/\/schema.org","@graph":[{"@type":"WebPage","@id":"https:\/\/la-toussuire.com\/en\/skiing-and-sliding\/","url":"https:\/\/la-toussuire.com\/en\/skiing-and-sliding\/","name":"Skiing and other winter activities - La Toussuire","isPartOf":{"@id":"https:\/\/la-toussuire.com\/en\/#website"},"primaryImageOfPage":{"@id":"https:\/\/la-toussuire.com\/en\/skiing-and-sliding\/#primaryimage"},"image":{"@id":"https:\/\/la-toussuire.com\/en\/skiing-and-sliding\/#primaryimage"},"thumbnailUrl":"https:\/\/la-toussuire.com\/wp-content\/uploads\/SYBELLES_22_SHOOT2___credit_David_Malacrida_www.elmerjack.com_WEB-56.jpg","datePublished":"2022-02-02T06:18:17+00:00","dateModified":"2025-09-05T13:18:51+00:00","description":"All the things we love to do in La Toussuire and Sybelles in the winter : skiing area, skiing, snowshoeing, activities, well-being and heritage.","breadcrumb":{"@id":"https:\/\/la-toussuire.com\/en\/skiing-and-sliding\/#breadcrumb"},"inLanguage":"en-US","potentialAction":[{"@type":"ReadAction","target":["https:\/\/la-toussuire.com\/en\/skiing-and-sliding\/"]}]},{"@type":"ImageObject","inLanguage":"en-US","@id":"https:\/\/la-toussuire.com\/en\/skiing-and-sliding\/#primaryimage","url":"https:\/\/la-toussuire.com\/wp-content\/uploads\/SYBELLES_22_SHOOT2___credit_David_Malacrida_www.elmerjack.com_WEB-56.jpg","contentUrl":"https:\/\/la-toussuire.com\/wp-content\/uploads\/SYBELLES_22_SHOOT2___credit_David_Malacrida_www.elmerjack.com_WEB-56.jpg","width":1500,"height":1000,"caption":"Skier \u00e0 La Toussuire"},{"@type":"BreadcrumbList","@id":"https:\/\/la-toussuire.com\/en\/skiing-and-sliding\/#breadcrumb","itemListElement":[{"@type":"ListItem","position":1,"name":"Home","item":"https:\/\/la-toussuire.com\/en\/"},{"@type":"ListItem","position":2,"name":"Skiing and other winter activities"}]},{"@type":"WebSite","@id":"https:\/\/la-toussuire.com\/en\/#website","url":"https:\/\/la-toussuire.com\/en\/","name":"La Toussuire","description":"","publisher":{"@id":"https:\/\/la-toussuire.com\/en\/#organization"},"potentialAction":[{"@type":"SearchAction","target":{"@type":"EntryPoint","urlTemplate":"https:\/\/la-toussuire.com\/en\/?s={search_term_string}"},"query-input":{"@type":"PropertyValueSpecification","valueRequired":true,"valueName":"search_term_string"}}],"inLanguage":"en-US"},{"@type":"Organization","@id":"https:\/\/la-toussuire.com\/en\/#organization","name":"La Toussuire","url":"https:\/\/la-toussuire.com\/en\/","logo":{"@type":"ImageObject","inLanguage":"en-US","@id":"https:\/\/la-toussuire.com\/en\/#\/schema\/logo\/image\/","url":"https:\/\/la-toussuire.com\/wp-content\/uploads\/cropped-Nouveau-LA-TOUSSUIRE_Logo_Plan-de-travail-1-02.png","contentUrl":"https:\/\/la-toussuire.com\/wp-content\/uploads\/cropped-Nouveau-LA-TOUSSUIRE_Logo_Plan-de-travail-1-02.png","width":591,"height":591,"caption":"La Toussuire"},"image":{"@id":"https:\/\/la-toussuire.com\/en\/#\/schema\/logo\/image\/"}}]}},"_links":{"self":[{"href":"https:\/\/la-toussuire.com\/en\/wp-json\/wp\/v2\/pages\/5862","targetHints":{"allow":["GET"]}}],"collection":[{"href":"https:\/\/la-toussuire.com\/en\/wp-json\/wp\/v2\/pages"}],"about":[{"href":"https:\/\/la-toussuire.com\/en\/wp-json\/wp\/v2\/types\/page"}],"author":[{"embeddable":true,"href":"https:\/\/la-toussuire.com\/en\/wp-json\/wp\/v2\/users\/2"}],"replies":[{"embeddable":true,"href":"https:\/\/la-toussuire.com\/en\/wp-json\/wp\/v2\/comments?post=5862"}],"version-history":[{"count":5,"href":"https:\/\/la-toussuire.com\/en\/wp-json\/wp\/v2\/pages\/5862\/revisions"}],"predecessor-version":[{"id":41625,"href":"https:\/\/la-toussuire.com\/en\/wp-json\/wp\/v2\/pages\/5862\/revisions\/41625"}],"wp:featuredmedia":[{"embeddable":true,"href":"https:\/\/la-toussuire.com\/en\/wp-json\/wp\/v2\/media\/33468"}],"wp:attachment":[{"href":"https:\/\/la-toussuire.com\/en\/wp-json\/wp\/v2\/media?parent=5862"}],"curies":[{"name":"wp","href":"https:\/\/api.w.org\/{rel}","templated":true}]}}