{"id":5844,"date":"2022-02-02T05:59:27","date_gmt":"2022-02-02T04:59:27","guid":{"rendered":"https:\/\/la-toussuire.com\/webcams\/"},"modified":"2024-09-05T16:14:18","modified_gmt":"2024-09-05T14:14:18","slug":"webcams","status":"publish","type":"page","link":"https:\/\/la-toussuire.com\/en\/webcams\/","title":{"rendered":"Webcams"},"content":{"rendered":"<div class=\"block block-core-heading\">\n<h2 class=\"wp-block-heading\">Project yourself in real time&#8230;<\/h2>\n<\/div><div class=\"block block-core-paragraph\">\n<p><em>Some of our webcams are inactive outside of the winter season :<\/em> they are hibernating, like our friends the marmots! <\/p>\n<\/div><div class=\"block block-core-html\">\n<div class=\"skaping-iframe\" style=\"position:relative;width:100%;padding-top:56.25%\"><style>@media (max-width: 480px) { .skaping-iframe { padding-top: 0 !important;max-height: 100% !important;height: 85vh !important; }}<\/style><iframe src=\"\/\/www.skaping.com\/la-toussuire\/front-de-neige\" style=\"position:absolute;top:0;left:0;height:100%;width:100%;border:0\" allowfullscreen=\"\" webkitallowfullscreen=\"\" mozallowfullscreen=\"\" frameborder=\"0\"><\/iframe><\/div>\n<\/div><div class=\"block block-lba-webcams-skaping\">  <figure class=\"webcam\">\r\n      <div class=\"skaping-wrapper\">\r\n          <iframe allowfullscreen=\"\" src=\"https:\/\/www.skaping.com\/latoussuire\/les-lutins\" style=\"width:100%;border:0\"><\/iframe>\r\n      <\/div>\r\n      <figcaption>\r\n          <div class=\"subtitle\">La Toussuire<\/div>\r\n          <h2>Les lutins<\/h2>\r\n                        <div class=\"date label label-default\">Last update: Sunday 26 April 2026 at 13:30<\/div>\r\n                <\/figcaption>\r\n  <\/figure>\r\n<\/div><div class=\"block block-lba-webcams-skaping\">  <figure class=\"webcam\">\r\n      <div class=\"skaping-wrapper\">\r\n          <iframe allowfullscreen=\"\" src=\"https:\/\/www.skaping.com\/latoussuire\/pierre-du-turc\" style=\"width:100%;border:0\"><\/iframe>\r\n      <\/div>\r\n      <figcaption>\r\n          <div class=\"subtitle\">La Toussuire<\/div>\r\n          <h2>Pierre du Turc<\/h2>\r\n                        <div class=\"date label label-default\">Last update: Sunday 26 April 2026 at 13:30<\/div>\r\n                <\/figcaption>\r\n  <\/figure>\r\n<\/div><div class=\"block block-lba-webcams-skaping\">  <figure class=\"webcam\">\r\n      <div class=\"skaping-wrapper\">\r\n          <iframe allowfullscreen=\"\" src=\"https:\/\/www.skaping.com\/les-sybelles\/ouillon\" style=\"width:100%;border:0\"><\/iframe>\r\n      <\/div>\r\n      <figcaption>\r\n          <div class=\"subtitle\">La Toussuire<\/div>\r\n          <h2>Ouillon<\/h2>\r\n                        <div class=\"date label label-default\">Last update: Sunday 26 April 2026 at 13:30<\/div>\r\n                <\/figcaption>\r\n  <\/figure>\r\n<\/div>","protected":false},"excerpt":{"rendered":"<p>Project yourself in real time&#8230; Some of our webcams are inactive outside of the winter season : they are hibernating, like our friends the marmots!<\/p>\n","protected":false},"author":1,"featured_media":46169,"parent":0,"menu_order":0,"comment_status":"closed","ping_status":"closed","template":"page-template.php","meta":{"_acf_changed":false,"footnotes":""},"class_list":["post-5844","page","type-page","status-publish","has-post-thumbnail","hentry"],"acf":[],"yoast_head":"<!-- This site is optimized with the Yoast SEO plugin v27.1.1 - https:\/\/yoast.com\/product\/yoast-seo-wordpress\/ -->\n<title>Webcams - La Toussuire<\/title>\n<meta name=\"description\" content=\"The Tyrolean webcam, the elves webcam, the Chaput webcam, the Turk&#039;s Stone webcam, the Ouillon Les Sybelles webcam\" \/>\n<meta name=\"robots\" content=\"index, follow, max-snippet:-1, max-image-preview:large, max-video-preview:-1\" \/>\n<link rel=\"canonical\" href=\"https:\/\/la-toussuire.com\/en\/webcams\/\" \/>\n<meta property=\"og:locale\" content=\"en_US\" \/>\n<meta property=\"og:type\" content=\"article\" \/>\n<meta property=\"og:title\" content=\"Webcams - La Toussuire\" \/>\n<meta property=\"og:description\" content=\"The Tyrolean webcam, the elves webcam, the Chaput webcam, the Turk&#039;s Stone webcam, the Ouillon Les Sybelles webcam\" \/>\n<meta property=\"og:url\" content=\"https:\/\/la-toussuire.com\/en\/webcams\/\" \/>\n<meta property=\"og:site_name\" content=\"La Toussuire\" \/>\n<meta property=\"article:modified_time\" content=\"2024-09-05T14:14:18+00:00\" \/>\n<meta property=\"og:image\" content=\"https:\/\/la-toussuire.com\/wp-content\/uploads\/420127527_365928126188792_3599913041009339621_n1.jpg\" \/>\n\t<meta property=\"og:image:width\" content=\"1153\" \/>\n\t<meta property=\"og:image:height\" content=\"1270\" \/>\n\t<meta property=\"og:image:type\" content=\"image\/jpeg\" \/>\n<meta name=\"twitter:card\" content=\"summary_large_image\" \/>\n<meta name=\"twitter:label1\" content=\"Est. reading time\" \/>\n\t<meta name=\"twitter:data1\" content=\"1 minute\" \/>\n<script type=\"application\/ld+json\" class=\"yoast-schema-graph\">{\"@context\":\"https:\/\/schema.org\",\"@graph\":[{\"@type\":\"WebPage\",\"@id\":\"https:\/\/la-toussuire.com\/en\/webcams\/\",\"url\":\"https:\/\/la-toussuire.com\/en\/webcams\/\",\"name\":\"Webcams - La Toussuire\",\"isPartOf\":{\"@id\":\"https:\/\/la-toussuire.com\/en\/#website\"},\"primaryImageOfPage\":{\"@id\":\"https:\/\/la-toussuire.com\/en\/webcams\/#primaryimage\"},\"image\":{\"@id\":\"https:\/\/la-toussuire.com\/en\/webcams\/#primaryimage\"},\"thumbnailUrl\":\"https:\/\/la-toussuire.com\/wp-content\/uploads\/MontCharvin-Fonduerando-PNYPhotographie-69.jpg\",\"datePublished\":\"2022-02-02T04:59:27+00:00\",\"dateModified\":\"2024-09-05T14:14:18+00:00\",\"description\":\"The Tyrolean webcam, the elves webcam, the Chaput webcam, the Turk's Stone webcam, the Ouillon Les Sybelles webcam\",\"breadcrumb\":{\"@id\":\"https:\/\/la-toussuire.com\/en\/webcams\/#breadcrumb\"},\"inLanguage\":\"en-US\",\"potentialAction\":[{\"@type\":\"ReadAction\",\"target\":[\"https:\/\/la-toussuire.com\/en\/webcams\/\"]}]},{\"@type\":\"ImageObject\",\"inLanguage\":\"en-US\",\"@id\":\"https:\/\/la-toussuire.com\/en\/webcams\/#primaryimage\",\"url\":\"https:\/\/la-toussuire.com\/wp-content\/uploads\/MontCharvin-Fonduerando-PNYPhotographie-69.jpg\",\"contentUrl\":\"https:\/\/la-toussuire.com\/wp-content\/uploads\/MontCharvin-Fonduerando-PNYPhotographie-69.jpg\",\"width\":2048,\"height\":1365,\"caption\":\"La Toussuire en \u00e9t\u00e9 randonn\u00e9e au Mont Charvin - Les Aiguilles d'Arves\"},{\"@type\":\"BreadcrumbList\",\"@id\":\"https:\/\/la-toussuire.com\/en\/webcams\/#breadcrumb\",\"itemListElement\":[{\"@type\":\"ListItem\",\"position\":1,\"name\":\"Home\",\"item\":\"https:\/\/la-toussuire.com\/en\/\"},{\"@type\":\"ListItem\",\"position\":2,\"name\":\"Webcams\"}]},{\"@type\":\"WebSite\",\"@id\":\"https:\/\/la-toussuire.com\/en\/#website\",\"url\":\"https:\/\/la-toussuire.com\/en\/\",\"name\":\"La Toussuire\",\"description\":\"\",\"publisher\":{\"@id\":\"https:\/\/la-toussuire.com\/en\/#organization\"},\"potentialAction\":[{\"@type\":\"SearchAction\",\"target\":{\"@type\":\"EntryPoint\",\"urlTemplate\":\"https:\/\/la-toussuire.com\/en\/?s={search_term_string}\"},\"query-input\":{\"@type\":\"PropertyValueSpecification\",\"valueRequired\":true,\"valueName\":\"search_term_string\"}}],\"inLanguage\":\"en-US\"},{\"@type\":\"Organization\",\"@id\":\"https:\/\/la-toussuire.com\/en\/#organization\",\"name\":\"La Toussuire\",\"url\":\"https:\/\/la-toussuire.com\/en\/\",\"logo\":{\"@type\":\"ImageObject\",\"inLanguage\":\"en-US\",\"@id\":\"https:\/\/la-toussuire.com\/en\/#\/schema\/logo\/image\/\",\"url\":\"https:\/\/la-toussuire.com\/wp-content\/uploads\/cropped-Nouveau-LA-TOUSSUIRE_Logo_Plan-de-travail-1-02.png\",\"contentUrl\":\"https:\/\/la-toussuire.com\/wp-content\/uploads\/cropped-Nouveau-LA-TOUSSUIRE_Logo_Plan-de-travail-1-02.png\",\"width\":591,\"height\":591,\"caption\":\"La Toussuire\"},\"image\":{\"@id\":\"https:\/\/la-toussuire.com\/en\/#\/schema\/logo\/image\/\"}}]}<\/script>\n<!-- \/ Yoast SEO plugin. -->","yoast_head_json":{"title":"Webcams - La Toussuire","description":"The Tyrolean webcam, the elves webcam, the Chaput webcam, the Turk's Stone webcam, the Ouillon Les Sybelles webcam","robots":{"index":"index","follow":"follow","max-snippet":"max-snippet:-1","max-image-preview":"max-image-preview:large","max-video-preview":"max-video-preview:-1"},"canonical":"https:\/\/la-toussuire.com\/en\/webcams\/","og_locale":"en_US","og_type":"article","og_title":"Webcams - La Toussuire","og_description":"The Tyrolean webcam, the elves webcam, the Chaput webcam, the Turk's Stone webcam, the Ouillon Les Sybelles webcam","og_url":"https:\/\/la-toussuire.com\/en\/webcams\/","og_site_name":"La Toussuire","article_modified_time":"2024-09-05T14:14:18+00:00","og_image":[{"width":1153,"height":1270,"url":"https:\/\/la-toussuire.com\/wp-content\/uploads\/420127527_365928126188792_3599913041009339621_n1.jpg","type":"image\/jpeg"}],"twitter_card":"summary_large_image","twitter_misc":{"Est. reading time":"1 minute"},"schema":{"@context":"https:\/\/schema.org","@graph":[{"@type":"WebPage","@id":"https:\/\/la-toussuire.com\/en\/webcams\/","url":"https:\/\/la-toussuire.com\/en\/webcams\/","name":"Webcams - La Toussuire","isPartOf":{"@id":"https:\/\/la-toussuire.com\/en\/#website"},"primaryImageOfPage":{"@id":"https:\/\/la-toussuire.com\/en\/webcams\/#primaryimage"},"image":{"@id":"https:\/\/la-toussuire.com\/en\/webcams\/#primaryimage"},"thumbnailUrl":"https:\/\/la-toussuire.com\/wp-content\/uploads\/MontCharvin-Fonduerando-PNYPhotographie-69.jpg","datePublished":"2022-02-02T04:59:27+00:00","dateModified":"2024-09-05T14:14:18+00:00","description":"The Tyrolean webcam, the elves webcam, the Chaput webcam, the Turk's Stone webcam, the Ouillon Les Sybelles webcam","breadcrumb":{"@id":"https:\/\/la-toussuire.com\/en\/webcams\/#breadcrumb"},"inLanguage":"en-US","potentialAction":[{"@type":"ReadAction","target":["https:\/\/la-toussuire.com\/en\/webcams\/"]}]},{"@type":"ImageObject","inLanguage":"en-US","@id":"https:\/\/la-toussuire.com\/en\/webcams\/#primaryimage","url":"https:\/\/la-toussuire.com\/wp-content\/uploads\/MontCharvin-Fonduerando-PNYPhotographie-69.jpg","contentUrl":"https:\/\/la-toussuire.com\/wp-content\/uploads\/MontCharvin-Fonduerando-PNYPhotographie-69.jpg","width":2048,"height":1365,"caption":"La Toussuire en \u00e9t\u00e9 randonn\u00e9e au Mont Charvin - Les Aiguilles d'Arves"},{"@type":"BreadcrumbList","@id":"https:\/\/la-toussuire.com\/en\/webcams\/#breadcrumb","itemListElement":[{"@type":"ListItem","position":1,"name":"Home","item":"https:\/\/la-toussuire.com\/en\/"},{"@type":"ListItem","position":2,"name":"Webcams"}]},{"@type":"WebSite","@id":"https:\/\/la-toussuire.com\/en\/#website","url":"https:\/\/la-toussuire.com\/en\/","name":"La Toussuire","description":"","publisher":{"@id":"https:\/\/la-toussuire.com\/en\/#organization"},"potentialAction":[{"@type":"SearchAction","target":{"@type":"EntryPoint","urlTemplate":"https:\/\/la-toussuire.com\/en\/?s={search_term_string}"},"query-input":{"@type":"PropertyValueSpecification","valueRequired":true,"valueName":"search_term_string"}}],"inLanguage":"en-US"},{"@type":"Organization","@id":"https:\/\/la-toussuire.com\/en\/#organization","name":"La Toussuire","url":"https:\/\/la-toussuire.com\/en\/","logo":{"@type":"ImageObject","inLanguage":"en-US","@id":"https:\/\/la-toussuire.com\/en\/#\/schema\/logo\/image\/","url":"https:\/\/la-toussuire.com\/wp-content\/uploads\/cropped-Nouveau-LA-TOUSSUIRE_Logo_Plan-de-travail-1-02.png","contentUrl":"https:\/\/la-toussuire.com\/wp-content\/uploads\/cropped-Nouveau-LA-TOUSSUIRE_Logo_Plan-de-travail-1-02.png","width":591,"height":591,"caption":"La Toussuire"},"image":{"@id":"https:\/\/la-toussuire.com\/en\/#\/schema\/logo\/image\/"}}]}},"_links":{"self":[{"href":"https:\/\/la-toussuire.com\/en\/wp-json\/wp\/v2\/pages\/5844","targetHints":{"allow":["GET"]}}],"collection":[{"href":"https:\/\/la-toussuire.com\/en\/wp-json\/wp\/v2\/pages"}],"about":[{"href":"https:\/\/la-toussuire.com\/en\/wp-json\/wp\/v2\/types\/page"}],"author":[{"embeddable":true,"href":"https:\/\/la-toussuire.com\/en\/wp-json\/wp\/v2\/users\/1"}],"replies":[{"embeddable":true,"href":"https:\/\/la-toussuire.com\/en\/wp-json\/wp\/v2\/comments?post=5844"}],"version-history":[{"count":5,"href":"https:\/\/la-toussuire.com\/en\/wp-json\/wp\/v2\/pages\/5844\/revisions"}],"predecessor-version":[{"id":33644,"href":"https:\/\/la-toussuire.com\/en\/wp-json\/wp\/v2\/pages\/5844\/revisions\/33644"}],"wp:featuredmedia":[{"embeddable":true,"href":"https:\/\/la-toussuire.com\/en\/wp-json\/wp\/v2\/media\/46169"}],"wp:attachment":[{"href":"https:\/\/la-toussuire.com\/en\/wp-json\/wp\/v2\/media?parent=5844"}],"curies":[{"name":"wp","href":"https:\/\/api.w.org\/{rel}","templated":true}]}}