{"id":37888,"date":"2025-05-09T15:43:23","date_gmt":"2025-05-09T13:43:23","guid":{"rendered":"https:\/\/la-toussuire.com\/what-to-do-in-summer\/activities-on-summer\/our-events-for-the-whole-family\/"},"modified":"2025-05-12T10:33:00","modified_gmt":"2025-05-12T08:33:00","slug":"our-events-for-the-whole-family","status":"publish","type":"page","link":"https:\/\/la-toussuire.com\/en\/what-to-do-in-summer\/activities-on-summer\/our-events-for-the-whole-family\/","title":{"rendered":"Our events for the whole family"},"content":{"rendered":"<div class=\"block block-core-heading\">\n<h2 class=\"wp-block-heading has-text-align-center has-text-color has-link-color wp-elements-ce76ff93c04a50031bd001ec251eea4e\" style=\"color:#fbba18\">For children who love new adventures&#8230;<\/h2>\n<\/div>\n\n<div class=\"block block-core-paragraph\">\n<p class=\"has-text-align-center\"><em>Ah, the children!  <\/em>They&#8217;re <strong>full of life<\/strong> and just want to <strong>have fun on holiday<\/strong>. At La Toussuire, we love to hear them <strong>laugh<\/strong>, see them <strong>having fun<\/strong>, <strong>beg you<\/strong> not to come home&#8230; <\/p>\n<\/div>\n\n<div class=\"block block-core-paragraph\">\n<p class=\"has-text-align-center\">As you&#8217;d expect, <strong>we&#8217;ve got everything they need!<\/strong> Activities like mini-golf, canirando and bowling&#8230; But La Toussuire isn&#8217;t just about activities, it&#8217;s also full of events taking place throughout the summer for the whole family to enjoy! There are so many, <em>we&#8217;ll leave you to discover&#8230;<\/em>  <\/p>\n<\/div>\n\n<div class=\"block block-core-heading\">\n<h2 class=\"wp-block-heading has-text-align-center has-white-color has-luminous-vivid-amber-background-color has-text-color has-background has-link-color wp-elements-73b9bc69c94a9f93014db2a491c09a14\">Le festival &#8220;Le Spectacle Est Dans La Rue&#8221; <\/h2>\n<\/div>\n\n<div class=\"block block-core-media-text\">\n<div class=\"wp-block-media-text is-stacked-on-mobile is-image-fill-element\"><figure class=\"wp-block-media-text__media\"><img loading=\"lazy\" decoding=\"async\" width=\"1024\" height=\"684\" src=\"https:\/\/la-toussuire.com\/wp-content\/uploads\/\/2043-DEN_0244-1024x684.jpg\" alt=\"Photo prise en format paysage de nuit. Nous pouvons voir une repr\u00e9sentation. Le public est assis dans l'herbe en train de regarder deux artistes effectuer un port\u00e9. L'un des artistes est debout sur les \u00e9paules de son partenaire qui est lui aussi debout. Ils sont \u00e9clair\u00e9s \u00e0 l'aide de spots lumineux pos\u00e9s au sol.\" class=\"wp-image-30645 size-full\" style=\"object-position:50% 50%\" srcset=\"https:\/\/la-toussuire.com\/wp-content\/uploads\/2043-DEN_0244-1024x684.jpg 1024w, https:\/\/la-toussuire.com\/wp-content\/uploads\/2043-DEN_0244-300x200.jpg 300w, https:\/\/la-toussuire.com\/wp-content\/uploads\/2043-DEN_0244-150x100.jpg 150w, https:\/\/la-toussuire.com\/wp-content\/uploads\/2043-DEN_0244-768x513.jpg 768w, https:\/\/la-toussuire.com\/wp-content\/uploads\/2043-DEN_0244-1536x1025.jpg 1536w, https:\/\/la-toussuire.com\/wp-content\/uploads\/2043-DEN_0244.jpg 1772w\" sizes=\"auto, (max-width: 1024px) 100vw, 1024px\" \/><\/figure><div class=\"wp-block-media-text__content\"><div class=\"block block-core-heading\">\n<h2 class=\"wp-block-heading has-text-align-center\">The ultimate family event!<\/h2>\n<\/div>\n\n<div class=\"block block-core-paragraph\">\n<p class=\"has-text-align-center\">The <strong>Le Spectacle Est Dans La Rue festival<\/strong> returns this summer from <strong>3 to 8 August<\/strong> <strong>2025 <\/strong>for its <strong>9th edition!<\/strong> The programme includes <strong>free shows<\/strong>, <strong>workshops<\/strong>, <strong>courses <\/strong>and much more, for a week that will take you on a journey through the world of street arts!<\/p>\n<\/div>\n\n<div class=\"block block-core-buttons\">\n<div class=\"wp-block-buttons is-content-justification-center is-layout-flex wp-container-core-buttons-is-layout-16018d1d wp-block-buttons-is-layout-flex\"><div class=\"block block-core-button\">\n<div class=\"wp-block-button\"><a class=\"wp-block-button__link wp-element-button\" href=\"https:\/\/la-toussuire.com\/en\/what-to-do-in-summer\/activities-on-summer\/festival-le-spectacle-est-dans-la-rue\/\">I want to find out more!<\/a><\/div>\n<\/div><\/div>\n<\/div><\/div><\/div>\n<\/div>\n\n<div class=\"block block-core-heading\">\n<h2 class=\"wp-block-heading has-text-align-center has-white-color has-text-color has-background has-link-color wp-elements-e628397c5ad7578a57c02b4ad6eff235\" style=\"background-color:#eec260\">R\u00eave de gosses<\/h2>\n<\/div>\n\n<div class=\"block block-core-media-text\">\n<div class=\"wp-block-media-text is-stacked-on-mobile is-image-fill-element\"><figure class=\"wp-block-media-text__media\"><img loading=\"lazy\" decoding=\"async\" width=\"725\" height=\"1024\" src=\"https:\/\/la-toussuire.com\/wp-content\/uploads\/\/Reve-de-gosse-Affiche_page-0001-725x1024.jpg\" alt=\"\" class=\"wp-image-36817 size-full\" style=\"object-position:53% 78%\" srcset=\"https:\/\/la-toussuire.com\/wp-content\/uploads\/Reve-de-gosse-Affiche_page-0001-725x1024.jpg 725w, https:\/\/la-toussuire.com\/wp-content\/uploads\/Reve-de-gosse-Affiche_page-0001-212x300.jpg 212w, https:\/\/la-toussuire.com\/wp-content\/uploads\/Reve-de-gosse-Affiche_page-0001-106x150.jpg 106w, https:\/\/la-toussuire.com\/wp-content\/uploads\/Reve-de-gosse-Affiche_page-0001-768x1085.jpg 768w, https:\/\/la-toussuire.com\/wp-content\/uploads\/Reve-de-gosse-Affiche_page-0001-1087x1536.jpg 1087w, https:\/\/la-toussuire.com\/wp-content\/uploads\/Reve-de-gosse-Affiche_page-0001.jpg 1241w\" sizes=\"auto, (max-width: 725px) 100vw, 725px\" \/><\/figure><div class=\"wp-block-media-text__content\"><div class=\"block block-core-heading\">\n<h2 class=\"wp-block-heading has-text-align-center\">The power to return to childhood!<\/h2>\n<\/div>\n\n<div class=\"block block-core-paragraph\">\n<p class=\"has-text-align-center\">Model-making week reinvents itself to become \u2018R\u00eaves de gosse\u2019 (Kid&#8217;s Dreams)<\/p>\n<\/div>\n\n<div class=\"block block-core-paragraph\">\n<p class=\"has-text-align-center\">A new name means new things, with new workshops including <strong>drones<\/strong>, <strong>LEGO <\/strong>construction and <strong>exhibitions<\/strong>. <\/p>\n<\/div>\n\n<div class=\"block block-core-paragraph\">\n<p class=\"has-text-align-center\"><strong><em>Everything to make young and old dream! <\/em><\/strong><\/p>\n<\/div><\/div><\/div>\n<\/div>\n\n<div class=\"block block-core-heading\">\n<h2 class=\"wp-block-heading has-text-align-center has-white-color has-text-color has-background has-link-color wp-elements-3e7ae098e0f2d01f096d098592a18fd8\" style=\"background-color:#db5e9f\">Le Rallye Gourmand<\/h2>\n<\/div>\n\n<div class=\"block block-core-media-text\">\n<div class=\"wp-block-media-text is-stacked-on-mobile\"><figure class=\"wp-block-media-text__media\"><img loading=\"lazy\" decoding=\"async\" width=\"440\" height=\"288\" src=\"https:\/\/la-toussuire.com\/wp-content\/uploads\/Rallye-Gourmand-2025-Illustration.png\" alt=\"\" class=\"wp-image-35469 size-full\" srcset=\"https:\/\/la-toussuire.com\/wp-content\/uploads\/Rallye-Gourmand-2025-Illustration.png 440w, https:\/\/la-toussuire.com\/wp-content\/uploads\/Rallye-Gourmand-2025-Illustration-300x196.png 300w, https:\/\/la-toussuire.com\/wp-content\/uploads\/Rallye-Gourmand-2025-Illustration-150x98.png 150w\" sizes=\"auto, (max-width: 440px) 100vw, 440px\" \/><\/figure><div class=\"wp-block-media-text__content\"><div class=\"block block-core-heading\">\n<h2 class=\"wp-block-heading has-text-align-center\">Gourmet delights in all their splendour! <\/h2>\n<\/div>\n\n<div class=\"block block-core-paragraph\">\n<p class=\"has-text-align-center\">The flagship event of the <strong><a href=\"https:\/\/la-toussuire.com\/en\/what-to-do-in-summer\/activities-on-summer\/trail-running\/semaine-du-trail\/\">trail sessions<\/a><\/strong>! For its third edition, the course is changing! Shorter, with fewer gradients and an extra stand!<\/p>\n<\/div>\n\n<div class=\"block block-core-paragraph\">\n<p class=\"has-text-align-center\"><strong><em>Enough to delight gourmets!<\/em><\/strong><\/p>\n<\/div>\n\n<div class=\"block block-core-buttons\">\n<div class=\"wp-block-buttons is-content-justification-center is-layout-flex wp-container-core-buttons-is-layout-16018d1d wp-block-buttons-is-layout-flex\"><div class=\"block block-core-button\">\n<div class=\"wp-block-button\"><a class=\"wp-block-button__link wp-element-button\" href=\"https:\/\/la-toussuire.com\/en\/what-to-do-in-summer\/activities-on-summer\/trail-running\/rallye-gourmand\/\">I want to know everything about the event!<\/a><\/div>\n<\/div><\/div>\n<\/div><\/div><\/div>\n<\/div>\n\n<div class=\"block block-core-heading\">\n<h2 class=\"wp-block-heading has-text-align-center has-white-color has-text-color has-background has-link-color wp-elements-f4d07c700cd3efff6f76d4c05243ccfa\" style=\"background-color:#1b5d80\">Cyclo Week<\/h2>\n<\/div>\n\n<div class=\"block block-core-media-text\">\n<div class=\"wp-block-media-text is-stacked-on-mobile\"><figure class=\"wp-block-media-text__media\"><img loading=\"lazy\" decoding=\"async\" width=\"1024\" height=\"943\" src=\"https:\/\/la-toussuire.com\/wp-content\/uploads\/\/Logo-Semaine-du-Velo-1024x943.png\" alt=\"Logo Cyclo Weeks\" class=\"wp-image-35277 size-full\" srcset=\"https:\/\/la-toussuire.com\/wp-content\/uploads\/Logo-Semaine-du-Velo-1024x943.png 1024w, https:\/\/la-toussuire.com\/wp-content\/uploads\/Logo-Semaine-du-Velo-300x276.png 300w, https:\/\/la-toussuire.com\/wp-content\/uploads\/Logo-Semaine-du-Velo-150x138.png 150w, https:\/\/la-toussuire.com\/wp-content\/uploads\/Logo-Semaine-du-Velo-768x708.png 768w, https:\/\/la-toussuire.com\/wp-content\/uploads\/Logo-Semaine-du-Velo-1536x1415.png 1536w, https:\/\/la-toussuire.com\/wp-content\/uploads\/Logo-Semaine-du-Velo-2048x1887.png 2048w\" sizes=\"auto, (max-width: 1024px) 100vw, 1024px\" \/><\/figure><div class=\"wp-block-media-text__content\"><div class=\"block block-core-heading\">\n<h2 class=\"wp-block-heading has-text-align-center\">Not just for cycling fans!<\/h2>\n<\/div>\n\n<div class=\"block block-core-paragraph\">\n<p class=\"has-text-align-center\">During Cyclo Week, we&#8217;ve also put together a whole programme for families, with <strong>guided outings village visits,<\/strong> <strong>hikes<\/strong>, <strong>a p\u00e9tanque tournament<\/strong> and a <strong>colour run<\/strong> to suit everyone&#8217;s tastes!<\/p>\n<\/div>\n\n<div class=\"block block-core-buttons\">\n<div class=\"wp-block-buttons is-content-justification-center is-layout-flex wp-container-core-buttons-is-layout-16018d1d wp-block-buttons-is-layout-flex\"><div class=\"block block-core-button\">\n<div class=\"wp-block-button\"><a class=\"wp-block-button__link wp-element-button\" href=\"https:\/\/la-toussuire.com\/en\/what-to-do-in-summer\/activities-on-summer\/cyclism\/cyclo-week\/\">I want more information about the event!<\/a><\/div>\n<\/div><\/div>\n<\/div><\/div><\/div>\n<\/div>\n\n<div class=\"block block-core-heading\">\n<h2 class=\"wp-block-heading has-text-align-center has-white-color has-luminous-vivid-amber-background-color has-text-color has-background has-link-color wp-elements-512caadc20abebeb252bd75ea44c5a9b\">And that&#8217;s not all! Activities for all the family await you! <\/h2>\n<\/div>\n\n<div class=\"block block-core-media-text\">\n<div class=\"wp-block-media-text is-stacked-on-mobile is-image-fill-element\"><figure class=\"wp-block-media-text__media\"><img loading=\"lazy\" decoding=\"async\" width=\"874\" height=\"972\" src=\"https:\/\/la-toussuire.com\/wp-content\/uploads\/OTToussuire_Randonnees_Parcours_Medaille_Or_Galerie\u00a9OTToussuire@La_Toussuire.png\" alt=\"Logo de l'\u00c9nigme de la M\u00e9daille d'Or\" class=\"wp-image-7603 size-full\" style=\"object-position:50% 50%\" srcset=\"https:\/\/la-toussuire.com\/wp-content\/uploads\/OTToussuire_Randonnees_Parcours_Medaille_Or_Galerie\u00a9OTToussuire@La_Toussuire.png 874w, https:\/\/la-toussuire.com\/wp-content\/uploads\/OTToussuire_Randonnees_Parcours_Medaille_Or_Galerie\u00a9OTToussuire@La_Toussuire-270x300.png 270w, https:\/\/la-toussuire.com\/wp-content\/uploads\/OTToussuire_Randonnees_Parcours_Medaille_Or_Galerie\u00a9OTToussuire@La_Toussuire-135x150.png 135w, https:\/\/la-toussuire.com\/wp-content\/uploads\/OTToussuire_Randonnees_Parcours_Medaille_Or_Galerie\u00a9OTToussuire@La_Toussuire-768x854.png 768w\" sizes=\"auto, (max-width: 874px) 100vw, 874px\" \/><\/figure><div class=\"wp-block-media-text__content\"><div class=\"block block-core-heading\">\n<h2 class=\"wp-block-heading has-text-align-center\">Orienteering trail : The enigma of the Gold Medal<\/h2>\n<\/div>\n\n<div class=\"block block-core-paragraph\">\n<p class=\"has-text-align-center\">With children, it&#8217;s often difficult to keep up with the hikes and <strong>motivate <\/strong>them. Drop in to the Office to pick up the game cards and offer your children this <strong>fun and instructive orienteering course<\/strong>. <em>They&#8217;ll feel like they&#8217;re taking a break while still walking&#8230;<\/em> <\/p>\n<\/div>\n\n<div class=\"block block-core-buttons\">\n<div class=\"wp-block-buttons is-content-justification-center is-layout-flex wp-container-core-buttons-is-layout-16018d1d wp-block-buttons-is-layout-flex\"><div class=\"block block-core-button\">\n<div class=\"wp-block-button\"><a class=\"wp-block-button__link wp-element-button\" href=\"https:\/\/la-toussuire.com\/en\/what-to-do-in-summer\/activities-on-summer\/walks-and-hikes\/orienteering-course-riddle-of-the-golden-medal\/\">Let&#8217;s go ! <\/a><\/div>\n<\/div><\/div>\n<\/div><\/div><\/div>\n<\/div>","protected":false},"excerpt":{"rendered":"<p>For children who love new adventures&#8230; Ah, the children! They&#8217;re full of life and just want to have fun on holiday. At La Toussuire, we love to hear them laugh, see them having fun, beg you not to come home&#8230; As you&#8217;d expect, we&#8217;ve got everything they need! Activities like mini-golf, canirando and bowling&#8230; But [&hellip;]<\/p>\n","protected":false},"author":3,"featured_media":30520,"parent":17185,"menu_order":5,"comment_status":"closed","ping_status":"closed","template":"page-template.php","meta":{"_acf_changed":false,"footnotes":""},"class_list":["post-37888","page","type-page","status-publish","has-post-thumbnail","hentry"],"acf":[],"yoast_head":"<!-- This site is optimized with the Yoast SEO plugin v27.1.1 - https:\/\/yoast.com\/product\/yoast-seo-wordpress\/ -->\n<title>Our events for the whole family - La Toussuire<\/title>\n<meta name=\"description\" content=\"Fancy some fun events for young and old? Then look no further, we&#039;ve got everything you need for your holidays!\" \/>\n<meta name=\"robots\" content=\"index, follow, max-snippet:-1, max-image-preview:large, max-video-preview:-1\" \/>\n<link rel=\"canonical\" href=\"https:\/\/la-toussuire.com\/en\/what-to-do-in-summer\/activities-on-summer\/our-events-for-the-whole-family\/\" \/>\n<meta property=\"og:locale\" content=\"en_US\" \/>\n<meta property=\"og:type\" content=\"article\" \/>\n<meta property=\"og:title\" content=\"Our events for the whole family - La Toussuire\" \/>\n<meta property=\"og:description\" content=\"Fancy some fun events for young and old? Then look no further, we&#039;ve got everything you need for your holidays!\" \/>\n<meta property=\"og:url\" content=\"https:\/\/la-toussuire.com\/en\/what-to-do-in-summer\/activities-on-summer\/our-events-for-the-whole-family\/\" \/>\n<meta property=\"og:site_name\" content=\"La Toussuire\" \/>\n<meta property=\"article:modified_time\" content=\"2025-05-12T08:33:00+00:00\" \/>\n<meta property=\"og:image\" content=\"https:\/\/la-toussuire.com\/wp-content\/uploads\/436688180_1102329337727945_2474841845023788067_n.jpg\" \/>\n\t<meta property=\"og:image:width\" content=\"2048\" \/>\n\t<meta property=\"og:image:height\" content=\"1153\" \/>\n\t<meta property=\"og:image:type\" content=\"image\/jpeg\" \/>\n<meta name=\"twitter:card\" content=\"summary_large_image\" \/>\n<meta name=\"twitter:label1\" content=\"Est. reading time\" \/>\n\t<meta name=\"twitter:data1\" content=\"3 minutes\" \/>\n<script type=\"application\/ld+json\" class=\"yoast-schema-graph\">{\"@context\":\"https:\/\/schema.org\",\"@graph\":[{\"@type\":\"WebPage\",\"@id\":\"https:\/\/la-toussuire.com\/en\/what-to-do-in-summer\/activities-on-summer\/our-events-for-the-whole-family\/\",\"url\":\"https:\/\/la-toussuire.com\/en\/what-to-do-in-summer\/activities-on-summer\/our-events-for-the-whole-family\/\",\"name\":\"Our events for the whole family - La Toussuire\",\"isPartOf\":{\"@id\":\"https:\/\/la-toussuire.com\/en\/#website\"},\"primaryImageOfPage\":{\"@id\":\"https:\/\/la-toussuire.com\/en\/what-to-do-in-summer\/activities-on-summer\/our-events-for-the-whole-family\/#primaryimage\"},\"image\":{\"@id\":\"https:\/\/la-toussuire.com\/en\/what-to-do-in-summer\/activities-on-summer\/our-events-for-the-whole-family\/#primaryimage\"},\"thumbnailUrl\":\"https:\/\/la-toussuire.com\/wp-content\/uploads\/436688180_1102329337727945_2474841845023788067_n.jpg\",\"datePublished\":\"2025-05-09T13:43:23+00:00\",\"dateModified\":\"2025-05-12T08:33:00+00:00\",\"description\":\"Fancy some fun events for young and old? Then look no further, we've got everything you need for your holidays!\",\"breadcrumb\":{\"@id\":\"https:\/\/la-toussuire.com\/en\/what-to-do-in-summer\/activities-on-summer\/our-events-for-the-whole-family\/#breadcrumb\"},\"inLanguage\":\"en-US\",\"potentialAction\":[{\"@type\":\"ReadAction\",\"target\":[\"https:\/\/la-toussuire.com\/en\/what-to-do-in-summer\/activities-on-summer\/our-events-for-the-whole-family\/\"]}]},{\"@type\":\"ImageObject\",\"inLanguage\":\"en-US\",\"@id\":\"https:\/\/la-toussuire.com\/en\/what-to-do-in-summer\/activities-on-summer\/our-events-for-the-whole-family\/#primaryimage\",\"url\":\"https:\/\/la-toussuire.com\/wp-content\/uploads\/436688180_1102329337727945_2474841845023788067_n.jpg\",\"contentUrl\":\"https:\/\/la-toussuire.com\/wp-content\/uploads\/436688180_1102329337727945_2474841845023788067_n.jpg\",\"width\":2048,\"height\":1153,\"caption\":\"\u00c9v\u00e9nements familiales \u00e0 La Toussuire\"},{\"@type\":\"BreadcrumbList\",\"@id\":\"https:\/\/la-toussuire.com\/en\/what-to-do-in-summer\/activities-on-summer\/our-events-for-the-whole-family\/#breadcrumb\",\"itemListElement\":[{\"@type\":\"ListItem\",\"position\":1,\"name\":\"Home\",\"item\":\"https:\/\/la-toussuire.com\/en\/\"},{\"@type\":\"ListItem\",\"position\":2,\"name\":\"I&rsquo;m having fun\",\"item\":\"https:\/\/la-toussuire.com\/en\/what-to-do-in-summer\/\"},{\"@type\":\"ListItem\",\"position\":3,\"name\":\"Our summer activities\",\"item\":\"https:\/\/la-toussuire.com\/en\/what-to-do-in-summer\/activities-on-summer\/\"},{\"@type\":\"ListItem\",\"position\":4,\"name\":\"Our events for the whole family\"}]},{\"@type\":\"WebSite\",\"@id\":\"https:\/\/la-toussuire.com\/en\/#website\",\"url\":\"https:\/\/la-toussuire.com\/en\/\",\"name\":\"La Toussuire\",\"description\":\"\",\"publisher\":{\"@id\":\"https:\/\/la-toussuire.com\/en\/#organization\"},\"potentialAction\":[{\"@type\":\"SearchAction\",\"target\":{\"@type\":\"EntryPoint\",\"urlTemplate\":\"https:\/\/la-toussuire.com\/en\/?s={search_term_string}\"},\"query-input\":{\"@type\":\"PropertyValueSpecification\",\"valueRequired\":true,\"valueName\":\"search_term_string\"}}],\"inLanguage\":\"en-US\"},{\"@type\":\"Organization\",\"@id\":\"https:\/\/la-toussuire.com\/en\/#organization\",\"name\":\"La Toussuire\",\"url\":\"https:\/\/la-toussuire.com\/en\/\",\"logo\":{\"@type\":\"ImageObject\",\"inLanguage\":\"en-US\",\"@id\":\"https:\/\/la-toussuire.com\/en\/#\/schema\/logo\/image\/\",\"url\":\"https:\/\/la-toussuire.com\/wp-content\/uploads\/cropped-Nouveau-LA-TOUSSUIRE_Logo_Plan-de-travail-1-02.png\",\"contentUrl\":\"https:\/\/la-toussuire.com\/wp-content\/uploads\/cropped-Nouveau-LA-TOUSSUIRE_Logo_Plan-de-travail-1-02.png\",\"width\":591,\"height\":591,\"caption\":\"La Toussuire\"},\"image\":{\"@id\":\"https:\/\/la-toussuire.com\/en\/#\/schema\/logo\/image\/\"}}]}<\/script>\n<!-- \/ Yoast SEO plugin. -->","yoast_head_json":{"title":"Our events for the whole family - La Toussuire","description":"Fancy some fun events for young and old? Then look no further, we've got everything you need for your holidays!","robots":{"index":"index","follow":"follow","max-snippet":"max-snippet:-1","max-image-preview":"max-image-preview:large","max-video-preview":"max-video-preview:-1"},"canonical":"https:\/\/la-toussuire.com\/en\/what-to-do-in-summer\/activities-on-summer\/our-events-for-the-whole-family\/","og_locale":"en_US","og_type":"article","og_title":"Our events for the whole family - La Toussuire","og_description":"Fancy some fun events for young and old? Then look no further, we've got everything you need for your holidays!","og_url":"https:\/\/la-toussuire.com\/en\/what-to-do-in-summer\/activities-on-summer\/our-events-for-the-whole-family\/","og_site_name":"La Toussuire","article_modified_time":"2025-05-12T08:33:00+00:00","og_image":[{"width":2048,"height":1153,"url":"https:\/\/la-toussuire.com\/wp-content\/uploads\/436688180_1102329337727945_2474841845023788067_n.jpg","type":"image\/jpeg"}],"twitter_card":"summary_large_image","twitter_misc":{"Est. reading time":"3 minutes"},"schema":{"@context":"https:\/\/schema.org","@graph":[{"@type":"WebPage","@id":"https:\/\/la-toussuire.com\/en\/what-to-do-in-summer\/activities-on-summer\/our-events-for-the-whole-family\/","url":"https:\/\/la-toussuire.com\/en\/what-to-do-in-summer\/activities-on-summer\/our-events-for-the-whole-family\/","name":"Our events for the whole family - La Toussuire","isPartOf":{"@id":"https:\/\/la-toussuire.com\/en\/#website"},"primaryImageOfPage":{"@id":"https:\/\/la-toussuire.com\/en\/what-to-do-in-summer\/activities-on-summer\/our-events-for-the-whole-family\/#primaryimage"},"image":{"@id":"https:\/\/la-toussuire.com\/en\/what-to-do-in-summer\/activities-on-summer\/our-events-for-the-whole-family\/#primaryimage"},"thumbnailUrl":"https:\/\/la-toussuire.com\/wp-content\/uploads\/436688180_1102329337727945_2474841845023788067_n.jpg","datePublished":"2025-05-09T13:43:23+00:00","dateModified":"2025-05-12T08:33:00+00:00","description":"Fancy some fun events for young and old? Then look no further, we've got everything you need for your holidays!","breadcrumb":{"@id":"https:\/\/la-toussuire.com\/en\/what-to-do-in-summer\/activities-on-summer\/our-events-for-the-whole-family\/#breadcrumb"},"inLanguage":"en-US","potentialAction":[{"@type":"ReadAction","target":["https:\/\/la-toussuire.com\/en\/what-to-do-in-summer\/activities-on-summer\/our-events-for-the-whole-family\/"]}]},{"@type":"ImageObject","inLanguage":"en-US","@id":"https:\/\/la-toussuire.com\/en\/what-to-do-in-summer\/activities-on-summer\/our-events-for-the-whole-family\/#primaryimage","url":"https:\/\/la-toussuire.com\/wp-content\/uploads\/436688180_1102329337727945_2474841845023788067_n.jpg","contentUrl":"https:\/\/la-toussuire.com\/wp-content\/uploads\/436688180_1102329337727945_2474841845023788067_n.jpg","width":2048,"height":1153,"caption":"\u00c9v\u00e9nements familiales \u00e0 La Toussuire"},{"@type":"BreadcrumbList","@id":"https:\/\/la-toussuire.com\/en\/what-to-do-in-summer\/activities-on-summer\/our-events-for-the-whole-family\/#breadcrumb","itemListElement":[{"@type":"ListItem","position":1,"name":"Home","item":"https:\/\/la-toussuire.com\/en\/"},{"@type":"ListItem","position":2,"name":"I&rsquo;m having fun","item":"https:\/\/la-toussuire.com\/en\/what-to-do-in-summer\/"},{"@type":"ListItem","position":3,"name":"Our summer activities","item":"https:\/\/la-toussuire.com\/en\/what-to-do-in-summer\/activities-on-summer\/"},{"@type":"ListItem","position":4,"name":"Our events for the whole family"}]},{"@type":"WebSite","@id":"https:\/\/la-toussuire.com\/en\/#website","url":"https:\/\/la-toussuire.com\/en\/","name":"La Toussuire","description":"","publisher":{"@id":"https:\/\/la-toussuire.com\/en\/#organization"},"potentialAction":[{"@type":"SearchAction","target":{"@type":"EntryPoint","urlTemplate":"https:\/\/la-toussuire.com\/en\/?s={search_term_string}"},"query-input":{"@type":"PropertyValueSpecification","valueRequired":true,"valueName":"search_term_string"}}],"inLanguage":"en-US"},{"@type":"Organization","@id":"https:\/\/la-toussuire.com\/en\/#organization","name":"La Toussuire","url":"https:\/\/la-toussuire.com\/en\/","logo":{"@type":"ImageObject","inLanguage":"en-US","@id":"https:\/\/la-toussuire.com\/en\/#\/schema\/logo\/image\/","url":"https:\/\/la-toussuire.com\/wp-content\/uploads\/cropped-Nouveau-LA-TOUSSUIRE_Logo_Plan-de-travail-1-02.png","contentUrl":"https:\/\/la-toussuire.com\/wp-content\/uploads\/cropped-Nouveau-LA-TOUSSUIRE_Logo_Plan-de-travail-1-02.png","width":591,"height":591,"caption":"La Toussuire"},"image":{"@id":"https:\/\/la-toussuire.com\/en\/#\/schema\/logo\/image\/"}}]}},"_links":{"self":[{"href":"https:\/\/la-toussuire.com\/en\/wp-json\/wp\/v2\/pages\/37888","targetHints":{"allow":["GET"]}}],"collection":[{"href":"https:\/\/la-toussuire.com\/en\/wp-json\/wp\/v2\/pages"}],"about":[{"href":"https:\/\/la-toussuire.com\/en\/wp-json\/wp\/v2\/types\/page"}],"author":[{"embeddable":true,"href":"https:\/\/la-toussuire.com\/en\/wp-json\/wp\/v2\/users\/3"}],"replies":[{"embeddable":true,"href":"https:\/\/la-toussuire.com\/en\/wp-json\/wp\/v2\/comments?post=37888"}],"version-history":[{"count":5,"href":"https:\/\/la-toussuire.com\/en\/wp-json\/wp\/v2\/pages\/37888\/revisions"}],"predecessor-version":[{"id":37964,"href":"https:\/\/la-toussuire.com\/en\/wp-json\/wp\/v2\/pages\/37888\/revisions\/37964"}],"up":[{"embeddable":true,"href":"https:\/\/la-toussuire.com\/en\/wp-json\/wp\/v2\/pages\/17185"}],"wp:featuredmedia":[{"embeddable":true,"href":"https:\/\/la-toussuire.com\/en\/wp-json\/wp\/v2\/media\/30520"}],"wp:attachment":[{"href":"https:\/\/la-toussuire.com\/en\/wp-json\/wp\/v2\/media?parent=37888"}],"curies":[{"name":"wp","href":"https:\/\/api.w.org\/{rel}","templated":true}]}}