{"id":37115,"date":"2025-03-18T15:55:28","date_gmt":"2025-03-18T14:55:28","guid":{"rendered":"https:\/\/la-toussuire.com\/why-should-an-owner-join-the-tourist-office\/"},"modified":"2025-03-18T15:55:28","modified_gmt":"2025-03-18T14:55:28","slug":"why-should-an-owner-join-the-tourist-office","status":"publish","type":"page","link":"https:\/\/la-toussuire.com\/en\/why-should-an-owner-join-the-tourist-office\/","title":{"rendered":"Why should an owner join the Tourist Office?"},"content":{"rendered":"<div class=\"block block-core-heading\">\n<h2 class=\"wp-block-heading has-light-green-cyan-color has-text-color has-link-color wp-elements-53ef8e0010857131665f4f5ba714696f\">Why should an owner join the Tourist Office?<\/h2>\n<\/div><div class=\"block block-core-paragraph\">\n<p>Why should an owner join the Tourist Office? To benefit from all the information and training available. Above all, to be featured on the powerful website that will allow you to better market your accommodation. To be aware of the latest trends and occupancy figures, and to be able to play a role in changes within the resort&#8230;  <\/p>\n<\/div><div class=\"block block-core-media-text\">\n<div class=\"wp-block-media-text is-stacked-on-mobile\" style=\"grid-template-columns:38% auto\"><figure class=\"wp-block-media-text__media\"><img loading=\"lazy\" decoding=\"async\" width=\"1024\" height=\"683\" src=\"https:\/\/la-toussuire.com\/wp-content\/uploads\/\/entretiens-individuels-MdP-914296-pxhere.com_-1024x683.jpg\" alt=\"Adh\u00e9rer \u00e0 l'Office de tourisme pour b\u00e9n\u00e9ficier de l'Open pro et de tous les services attach\u00e9s\" class=\"wp-image-36581 size-full\" srcset=\"https:\/\/la-toussuire.com\/wp-content\/uploads\/entretiens-individuels-MdP-914296-pxhere.com_-1024x683.jpg 1024w, https:\/\/la-toussuire.com\/wp-content\/uploads\/entretiens-individuels-MdP-914296-pxhere.com_-300x200.jpg 300w, https:\/\/la-toussuire.com\/wp-content\/uploads\/entretiens-individuels-MdP-914296-pxhere.com_-150x100.jpg 150w, https:\/\/la-toussuire.com\/wp-content\/uploads\/entretiens-individuels-MdP-914296-pxhere.com_-768x512.jpg 768w, https:\/\/la-toussuire.com\/wp-content\/uploads\/entretiens-individuels-MdP-914296-pxhere.com_-1536x1024.jpg 1536w, https:\/\/la-toussuire.com\/wp-content\/uploads\/entretiens-individuels-MdP-914296-pxhere.com_.jpg 2048w\" sizes=\"auto, (max-width: 1024px) 100vw, 1024px\" \/><\/figure><div class=\"wp-block-media-text__content\"><div class=\"block block-core-paragraph\">\n<p>1 &#8211; Joining the Tourist Office results in the creation of an APIDAE file that allows you to appear on the website and be referenced on the web. This file will also appear in the Accommodation booklets published by the Tourist Office. <\/p>\n<\/div>\n\n<div class=\"block block-core-paragraph\">\n<p>2 &#8211; Joining the Tourist Office gives you access to OPEN PRO, the online booking platform. A comprehensive and easy-to-use marketing tool. Your availability and rates online, pre-book and contract bookings by email, and online payments. Everything you need to optimize your marketing.  <\/p>\n<\/div>\n\n<div class=\"block block-core-paragraph\">\n<p>3 &#8211; Joining the Tourist Office gives you access to numerous additional services: access to the Tourist Office&#8217;s photo library, photos of your accommodation by a professional photographer (for a fee, see details on the membership document), during the winter and summer seasons, regular communications on booking trends, traffic, weather, etc.<\/p>\n<\/div><\/div><\/div>\n<\/div><div class=\"block block-core-buttons\">\n<div class=\"wp-block-buttons is-content-justification-center is-layout-flex wp-container-core-buttons-is-layout-6aafc80e wp-block-buttons-is-layout-flex\"><div class=\"block block-core-button\">\n<div class=\"wp-block-button is-style-outline is-style-outline--1\"><a class=\"wp-block-button__link has-light-green-cyan-color has-text-color has-link-color wp-element-button\" href=\"https:\/\/www.calameo.com\/books\/00703495587d153523246#google_vignette\">Join the Tourist Office<\/a><\/div>\n<\/div>\n\n<div class=\"block block-core-button\">\n<div class=\"wp-block-button is-style-outline is-style-outline--2\"><a class=\"wp-block-button__link has-light-green-cyan-color has-text-color has-link-color wp-element-button\" href=\"https:\/\/www.sivav.fr\/hebergement\/\">Get the classification of your furnished accommodation<\/a><\/div>\n<\/div>\n\n<div class=\"block block-core-button\">\n<div class=\"wp-block-button is-style-outline is-style-outline--3\"><a class=\"wp-block-button__link has-light-green-cyan-color has-text-color has-link-color wp-element-button\" href=\"https:\/\/la-toussuire.com\/wp-content\/uploads\/Guide-du-partenaire-VF-2.pdf\">Download the Partners Booklet<\/a><\/div>\n<\/div><\/div>\n<\/div><div class=\"block block-core-heading\">\n<h2 class=\"wp-block-heading has-light-green-cyan-color has-text-color has-link-color wp-elements-b2759ebe8ac55e0dfeed368c5a81b1e7\">The Sybelles\u00ae Accommodation Quality Label<\/h2>\n<\/div><div class=\"block block-core-paragraph\">\n<p>Please note: To join the Tourist Office, your furnished accommodation must be classified. To guarantee quality service for your tenants and simplify administrative work for you, classification is a prerequisite for membership. It allows you to benefit from tax advantages and simplified tourist tax calculations.  <\/p>\n<\/div><div class=\"block block-core-buttons\">\n<div class=\"wp-block-buttons is-layout-flex wp-block-buttons-is-layout-flex\"><div class=\"block block-core-button\"><\/div><\/div>\n<\/div><div class=\"block block-core-media-text\">\n<div class=\"wp-block-media-text has-media-on-the-right is-stacked-on-mobile\" style=\"grid-template-columns:auto 25%\"><div class=\"wp-block-media-text__content\"><div class=\"block block-core-paragraph\">\n<p>A free, additional label that complements the ranking. For your clients, it guarantees optimal, high-quality service. For you, it offers a whole range of benefits and exclusive promotions.  <\/p>\n<\/div><\/div><figure class=\"wp-block-media-text__media\"><img loading=\"lazy\" decoding=\"async\" width=\"395\" height=\"466\" src=\"https:\/\/la-toussuire.com\/wp-content\/uploads\/LabelHebregement-rvb.jpg\" alt=\"Sybelles Accommodation Quality Label Logo. A label classifying accommodation throughout the Domaine des Sybelles\u00ae \" class=\"wp-image-36951 size-thumbnail\" srcset=\"https:\/\/la-toussuire.com\/wp-content\/uploads\/LabelHebregement-rvb.jpg 395w, https:\/\/la-toussuire.com\/wp-content\/uploads\/LabelHebregement-rvb-254x300.jpg 254w, https:\/\/la-toussuire.com\/wp-content\/uploads\/LabelHebregement-rvb-127x150.jpg 127w\" sizes=\"auto, (max-width: 395px) 100vw, 395px\" \/><\/figure><\/div>\n<\/div><div class=\"block block-core-buttons\">\n<div class=\"wp-block-buttons is-layout-flex wp-block-buttons-is-layout-flex\"><div class=\"block block-core-button\">\n<div class=\"wp-block-button is-style-outline is-style-outline--4\"><a class=\"wp-block-button__link has-light-green-cyan-color has-text-color has-link-color wp-element-button\">Obtain the Sybelles\u00ae Quality Accommodation Label classification<\/a><\/div>\n<\/div><\/div>\n<\/div><div class=\"block block-core-image\">\n<figure class=\"wp-block-image size-medium\"><img decoding=\"async\" src=\"https:\/\/la-toussuire.com\/wp-content\/uploads\/OTToussuire_Espace_Proprietaire_Logo_MDP&#xA9;MDP@La_Toussuire-300x149.jpg\" alt=\"logo of La Toussuire Property Owners' Centre\" class=\"wp-image-7379\"\/><\/figure>\n<\/div>","protected":false},"excerpt":{"rendered":"<p>Why should an owner join the Tourist Office? Why should an owner join the Tourist Office? To benefit from all the information and training available. Above all, to be featured on the powerful website that will allow you to better market your accommodation. To be aware of the latest trends and occupancy figures, and to [&hellip;]<\/p>\n","protected":false},"author":6,"featured_media":37094,"parent":0,"menu_order":0,"comment_status":"closed","ping_status":"closed","template":"page-template.php","meta":{"_acf_changed":false,"footnotes":""},"class_list":["post-37115","page","type-page","status-publish","has-post-thumbnail","hentry"],"acf":[],"yoast_head":"<!-- This site is optimized with the Yoast SEO plugin v27.1.1 - https:\/\/yoast.com\/product\/yoast-seo-wordpress\/ -->\n<title>Why should an owner join the Tourist Office? - La Toussuire<\/title>\n<meta name=\"description\" content=\"Joining the Tourist Office means benefiting from Open Pro, an online booking platform, and a whole range of services and information.\" \/>\n<meta name=\"robots\" content=\"index, follow, max-snippet:-1, max-image-preview:large, max-video-preview:-1\" \/>\n<link rel=\"canonical\" href=\"https:\/\/la-toussuire.com\/en\/why-should-an-owner-join-the-tourist-office\/\" \/>\n<meta property=\"og:locale\" content=\"en_US\" \/>\n<meta property=\"og:type\" content=\"article\" \/>\n<meta property=\"og:title\" content=\"Why should an owner join the Tourist Office? - La Toussuire\" \/>\n<meta property=\"og:description\" content=\"Joining the Tourist Office means benefiting from Open Pro, an online booking platform, and a whole range of services and information.\" \/>\n<meta property=\"og:url\" content=\"https:\/\/la-toussuire.com\/en\/why-should-an-owner-join-the-tourist-office\/\" \/>\n<meta property=\"og:site_name\" content=\"La Toussuire\" \/>\n<meta property=\"og:image\" content=\"https:\/\/la-toussuire.com\/wp-content\/uploads\/Office_de_Tourisme_La_Toussuire_\u00a9OT.jpg\" \/>\n\t<meta property=\"og:image:width\" content=\"1048\" \/>\n\t<meta property=\"og:image:height\" content=\"1034\" \/>\n\t<meta property=\"og:image:type\" content=\"image\/jpeg\" \/>\n<meta name=\"twitter:card\" content=\"summary_large_image\" \/>\n<meta name=\"twitter:label1\" content=\"Est. reading time\" \/>\n\t<meta name=\"twitter:data1\" content=\"1 minute\" \/>\n<script type=\"application\/ld+json\" class=\"yoast-schema-graph\">{\"@context\":\"https:\/\/schema.org\",\"@graph\":[{\"@type\":\"WebPage\",\"@id\":\"https:\/\/la-toussuire.com\/en\/why-should-an-owner-join-the-tourist-office\/\",\"url\":\"https:\/\/la-toussuire.com\/en\/why-should-an-owner-join-the-tourist-office\/\",\"name\":\"Why should an owner join the Tourist Office? - La Toussuire\",\"isPartOf\":{\"@id\":\"https:\/\/la-toussuire.com\/en\/#website\"},\"primaryImageOfPage\":{\"@id\":\"https:\/\/la-toussuire.com\/en\/why-should-an-owner-join-the-tourist-office\/#primaryimage\"},\"image\":{\"@id\":\"https:\/\/la-toussuire.com\/en\/why-should-an-owner-join-the-tourist-office\/#primaryimage\"},\"thumbnailUrl\":\"https:\/\/la-toussuire.com\/wp-content\/uploads\/Office_de_Tourisme_La_Toussuire_\u00a9OT.jpg\",\"datePublished\":\"2025-03-18T14:55:28+00:00\",\"description\":\"Joining the Tourist Office means benefiting from Open Pro, an online booking platform, and a whole range of services and information.\",\"breadcrumb\":{\"@id\":\"https:\/\/la-toussuire.com\/en\/why-should-an-owner-join-the-tourist-office\/#breadcrumb\"},\"inLanguage\":\"en-US\",\"potentialAction\":[{\"@type\":\"ReadAction\",\"target\":[\"https:\/\/la-toussuire.com\/en\/why-should-an-owner-join-the-tourist-office\/\"]}]},{\"@type\":\"ImageObject\",\"inLanguage\":\"en-US\",\"@id\":\"https:\/\/la-toussuire.com\/en\/why-should-an-owner-join-the-tourist-office\/#primaryimage\",\"url\":\"https:\/\/la-toussuire.com\/wp-content\/uploads\/Office_de_Tourisme_La_Toussuire_\u00a9OT.jpg\",\"contentUrl\":\"https:\/\/la-toussuire.com\/wp-content\/uploads\/Office_de_Tourisme_La_Toussuire_\u00a9OT.jpg\",\"width\":1048,\"height\":1034,\"caption\":\"Office de Tourisme La Toussuire en hiver\"},{\"@type\":\"BreadcrumbList\",\"@id\":\"https:\/\/la-toussuire.com\/en\/why-should-an-owner-join-the-tourist-office\/#breadcrumb\",\"itemListElement\":[{\"@type\":\"ListItem\",\"position\":1,\"name\":\"Home\",\"item\":\"https:\/\/la-toussuire.com\/en\/\"},{\"@type\":\"ListItem\",\"position\":2,\"name\":\"Why should an owner join the Tourist Office?\"}]},{\"@type\":\"WebSite\",\"@id\":\"https:\/\/la-toussuire.com\/en\/#website\",\"url\":\"https:\/\/la-toussuire.com\/en\/\",\"name\":\"La Toussuire\",\"description\":\"\",\"publisher\":{\"@id\":\"https:\/\/la-toussuire.com\/en\/#organization\"},\"potentialAction\":[{\"@type\":\"SearchAction\",\"target\":{\"@type\":\"EntryPoint\",\"urlTemplate\":\"https:\/\/la-toussuire.com\/en\/?s={search_term_string}\"},\"query-input\":{\"@type\":\"PropertyValueSpecification\",\"valueRequired\":true,\"valueName\":\"search_term_string\"}}],\"inLanguage\":\"en-US\"},{\"@type\":\"Organization\",\"@id\":\"https:\/\/la-toussuire.com\/en\/#organization\",\"name\":\"La Toussuire\",\"url\":\"https:\/\/la-toussuire.com\/en\/\",\"logo\":{\"@type\":\"ImageObject\",\"inLanguage\":\"en-US\",\"@id\":\"https:\/\/la-toussuire.com\/en\/#\/schema\/logo\/image\/\",\"url\":\"https:\/\/la-toussuire.com\/wp-content\/uploads\/cropped-Nouveau-LA-TOUSSUIRE_Logo_Plan-de-travail-1-02.png\",\"contentUrl\":\"https:\/\/la-toussuire.com\/wp-content\/uploads\/cropped-Nouveau-LA-TOUSSUIRE_Logo_Plan-de-travail-1-02.png\",\"width\":591,\"height\":591,\"caption\":\"La Toussuire\"},\"image\":{\"@id\":\"https:\/\/la-toussuire.com\/en\/#\/schema\/logo\/image\/\"}}]}<\/script>\n<!-- \/ Yoast SEO plugin. -->","yoast_head_json":{"title":"Why should an owner join the Tourist Office? - La Toussuire","description":"Joining the Tourist Office means benefiting from Open Pro, an online booking platform, and a whole range of services and information.","robots":{"index":"index","follow":"follow","max-snippet":"max-snippet:-1","max-image-preview":"max-image-preview:large","max-video-preview":"max-video-preview:-1"},"canonical":"https:\/\/la-toussuire.com\/en\/why-should-an-owner-join-the-tourist-office\/","og_locale":"en_US","og_type":"article","og_title":"Why should an owner join the Tourist Office? - La Toussuire","og_description":"Joining the Tourist Office means benefiting from Open Pro, an online booking platform, and a whole range of services and information.","og_url":"https:\/\/la-toussuire.com\/en\/why-should-an-owner-join-the-tourist-office\/","og_site_name":"La Toussuire","og_image":[{"width":1048,"height":1034,"url":"https:\/\/la-toussuire.com\/wp-content\/uploads\/Office_de_Tourisme_La_Toussuire_\u00a9OT.jpg","type":"image\/jpeg"}],"twitter_card":"summary_large_image","twitter_misc":{"Est. reading time":"1 minute"},"schema":{"@context":"https:\/\/schema.org","@graph":[{"@type":"WebPage","@id":"https:\/\/la-toussuire.com\/en\/why-should-an-owner-join-the-tourist-office\/","url":"https:\/\/la-toussuire.com\/en\/why-should-an-owner-join-the-tourist-office\/","name":"Why should an owner join the Tourist Office? - La Toussuire","isPartOf":{"@id":"https:\/\/la-toussuire.com\/en\/#website"},"primaryImageOfPage":{"@id":"https:\/\/la-toussuire.com\/en\/why-should-an-owner-join-the-tourist-office\/#primaryimage"},"image":{"@id":"https:\/\/la-toussuire.com\/en\/why-should-an-owner-join-the-tourist-office\/#primaryimage"},"thumbnailUrl":"https:\/\/la-toussuire.com\/wp-content\/uploads\/Office_de_Tourisme_La_Toussuire_\u00a9OT.jpg","datePublished":"2025-03-18T14:55:28+00:00","description":"Joining the Tourist Office means benefiting from Open Pro, an online booking platform, and a whole range of services and information.","breadcrumb":{"@id":"https:\/\/la-toussuire.com\/en\/why-should-an-owner-join-the-tourist-office\/#breadcrumb"},"inLanguage":"en-US","potentialAction":[{"@type":"ReadAction","target":["https:\/\/la-toussuire.com\/en\/why-should-an-owner-join-the-tourist-office\/"]}]},{"@type":"ImageObject","inLanguage":"en-US","@id":"https:\/\/la-toussuire.com\/en\/why-should-an-owner-join-the-tourist-office\/#primaryimage","url":"https:\/\/la-toussuire.com\/wp-content\/uploads\/Office_de_Tourisme_La_Toussuire_\u00a9OT.jpg","contentUrl":"https:\/\/la-toussuire.com\/wp-content\/uploads\/Office_de_Tourisme_La_Toussuire_\u00a9OT.jpg","width":1048,"height":1034,"caption":"Office de Tourisme La Toussuire en hiver"},{"@type":"BreadcrumbList","@id":"https:\/\/la-toussuire.com\/en\/why-should-an-owner-join-the-tourist-office\/#breadcrumb","itemListElement":[{"@type":"ListItem","position":1,"name":"Home","item":"https:\/\/la-toussuire.com\/en\/"},{"@type":"ListItem","position":2,"name":"Why should an owner join the Tourist Office?"}]},{"@type":"WebSite","@id":"https:\/\/la-toussuire.com\/en\/#website","url":"https:\/\/la-toussuire.com\/en\/","name":"La Toussuire","description":"","publisher":{"@id":"https:\/\/la-toussuire.com\/en\/#organization"},"potentialAction":[{"@type":"SearchAction","target":{"@type":"EntryPoint","urlTemplate":"https:\/\/la-toussuire.com\/en\/?s={search_term_string}"},"query-input":{"@type":"PropertyValueSpecification","valueRequired":true,"valueName":"search_term_string"}}],"inLanguage":"en-US"},{"@type":"Organization","@id":"https:\/\/la-toussuire.com\/en\/#organization","name":"La Toussuire","url":"https:\/\/la-toussuire.com\/en\/","logo":{"@type":"ImageObject","inLanguage":"en-US","@id":"https:\/\/la-toussuire.com\/en\/#\/schema\/logo\/image\/","url":"https:\/\/la-toussuire.com\/wp-content\/uploads\/cropped-Nouveau-LA-TOUSSUIRE_Logo_Plan-de-travail-1-02.png","contentUrl":"https:\/\/la-toussuire.com\/wp-content\/uploads\/cropped-Nouveau-LA-TOUSSUIRE_Logo_Plan-de-travail-1-02.png","width":591,"height":591,"caption":"La Toussuire"},"image":{"@id":"https:\/\/la-toussuire.com\/en\/#\/schema\/logo\/image\/"}}]}},"_links":{"self":[{"href":"https:\/\/la-toussuire.com\/en\/wp-json\/wp\/v2\/pages\/37115","targetHints":{"allow":["GET"]}}],"collection":[{"href":"https:\/\/la-toussuire.com\/en\/wp-json\/wp\/v2\/pages"}],"about":[{"href":"https:\/\/la-toussuire.com\/en\/wp-json\/wp\/v2\/types\/page"}],"author":[{"embeddable":true,"href":"https:\/\/la-toussuire.com\/en\/wp-json\/wp\/v2\/users\/6"}],"replies":[{"embeddable":true,"href":"https:\/\/la-toussuire.com\/en\/wp-json\/wp\/v2\/comments?post=37115"}],"version-history":[{"count":1,"href":"https:\/\/la-toussuire.com\/en\/wp-json\/wp\/v2\/pages\/37115\/revisions"}],"predecessor-version":[{"id":37116,"href":"https:\/\/la-toussuire.com\/en\/wp-json\/wp\/v2\/pages\/37115\/revisions\/37116"}],"wp:featuredmedia":[{"embeddable":true,"href":"https:\/\/la-toussuire.com\/en\/wp-json\/wp\/v2\/media\/37094"}],"wp:attachment":[{"href":"https:\/\/la-toussuire.com\/en\/wp-json\/wp\/v2\/media?parent=37115"}],"curies":[{"name":"wp","href":"https:\/\/api.w.org\/{rel}","templated":true}]}}