{"id":17230,"date":"2023-03-23T12:21:41","date_gmt":"2023-03-23T11:21:41","guid":{"rendered":"https:\/\/la-toussuire.com\/discover-la-toussuire\/resort-champions\/champions-in-the-making\/shaun-binet\/"},"modified":"2023-03-23T12:21:41","modified_gmt":"2023-03-23T11:21:41","slug":"shaun-binet","status":"publish","type":"page","link":"https:\/\/la-toussuire.com\/en\/discover-la-toussuire\/resort-champions\/champions-in-the-making\/shaun-binet\/","title":{"rendered":"Shaun Binet"},"content":{"rendered":"<div class=\"block block-core-media-text\">\n<div class=\"wp-block-media-text alignwide is-stacked-on-mobile\"><figure class=\"wp-block-media-text__media\"><img loading=\"lazy\" decoding=\"async\" width=\"768\" height=\"1024\" src=\"https:\/\/la-toussuire.com\/wp-content\/uploads\/OTToussuire_Champion_Devenir_Shaun_Binet_Medaille\u00a9OTToussuire@La_Toussuire.jpg\" alt=\"Portrait du jeune Shaun Binet en \u00e9quipement d'enduro. Il tient dans sa main une r\u00e9compense d'enduro kid et il porte autour du coup sa m\u00e9daille\" class=\"wp-image-8125 size-full\" srcset=\"https:\/\/la-toussuire.com\/wp-content\/uploads\/OTToussuire_Champion_Devenir_Shaun_Binet_Medaille\u00a9OTToussuire@La_Toussuire.jpg 768w, https:\/\/la-toussuire.com\/wp-content\/uploads\/OTToussuire_Champion_Devenir_Shaun_Binet_Medaille\u00a9OTToussuire@La_Toussuire-225x300.jpg 225w, https:\/\/la-toussuire.com\/wp-content\/uploads\/OTToussuire_Champion_Devenir_Shaun_Binet_Medaille\u00a9OTToussuire@La_Toussuire-113x150.jpg 113w\" sizes=\"auto, (max-width: 768px) 100vw, 768px\" \/><\/figure><div class=\"wp-block-media-text__content\"><div class=\"block block-core-paragraph\">\n<p>Shaun has been a <strong>motorsport<\/strong> enthusiast since he was very young. At the age of 4 he got his first motorbike, at 7 his first FFM licence, at 8 his first race and at 10 his <strong>first podium in the French Eurokid championship.<\/strong> <\/p>\n<\/div>\n\n<div class=\"block block-core-paragraph\">\n<p>Since then he has joined the Yamaha outsiders team. <\/p>\n<\/div><\/div><\/div>\n<\/div><div class=\"block block-core-media-text\">\n<div class=\"wp-block-media-text alignwide has-media-on-the-right is-stacked-on-mobile\"><figure class=\"wp-block-media-text__media\"><img loading=\"lazy\" decoding=\"async\" width=\"768\" height=\"1024\" src=\"https:\/\/la-toussuire.com\/wp-content\/uploads\/OTToussuire_Champion_Devenir_Shaun_Binet_Moto\u00a9OTToussuire@La_Toussuire.jpg\" alt=\"Photo in Vertical format. we can see Shaun in his racing gear on his enduro with the number 823\" class=\"wp-image-8128 size-full\" srcset=\"https:\/\/la-toussuire.com\/wp-content\/uploads\/OTToussuire_Champion_Devenir_Shaun_Binet_Moto\u00a9OTToussuire@La_Toussuire.jpg 768w, https:\/\/la-toussuire.com\/wp-content\/uploads\/OTToussuire_Champion_Devenir_Shaun_Binet_Moto\u00a9OTToussuire@La_Toussuire-225x300.jpg 225w, https:\/\/la-toussuire.com\/wp-content\/uploads\/OTToussuire_Champion_Devenir_Shaun_Binet_Moto\u00a9OTToussuire@La_Toussuire-113x150.jpg 113w\" sizes=\"auto, (max-width: 768px) 100vw, 768px\" \/><\/figure><div class=\"wp-block-media-text__content\"><div class=\"block block-core-heading\">\n<h2 class=\"wp-block-heading\">Her record<\/h2>\n<\/div>\n\n<div class=\"block block-core-heading\">\n<h2 class=\"wp-block-heading\">2021<\/h2>\n<\/div>\n\n<div class=\"block block-core-paragraph\">\n<p>14 races completed : <strong>4 first places &#8211; 6 second places &#8211; 1 third place<\/strong><\/p>\n<\/div>\n\n<div class=\"block block-core-paragraph\">\n<p><strong>Vice Champion of France<\/strong> Endurokid<\/p>\n<\/div>\n\n<div class=\"block block-core-paragraph\">\n<p><strong>Vice Champion of France of lign Endurokid<\/strong><\/p>\n<\/div>\n\n<div class=\"block block-core-paragraph\">\n<p><strong>Winner<\/strong> of the moto cross in Lavilledieu <\/p>\n<\/div><\/div><\/div>\n<\/div>","protected":false},"excerpt":{"rendered":"<p>Shaun has been a motorsport enthusiast since he was very young. At the age of 4 he got his first motorbike, at 7 his first FFM licence, at 8 his first race and at 10 his first podium in the French Eurokid championship. Since then he has joined the Yamaha outsiders team. Her record 2021 [&hellip;]<\/p>\n","protected":false},"author":2,"featured_media":8133,"parent":10331,"menu_order":3,"comment_status":"closed","ping_status":"closed","template":"page-template.php","meta":{"_acf_changed":false,"footnotes":""},"class_list":["post-17230","page","type-page","status-publish","has-post-thumbnail","hentry"],"acf":[],"yoast_head":"<!-- This site is optimized with the Yoast SEO plugin v27.1.1 - https:\/\/yoast.com\/product\/yoast-seo-wordpress\/ -->\n<title>Shaun Binet - La Toussuire<\/title>\n<meta name=\"description\" content=\"Shaun Binet, the future enduro motorbike champion, is originally from La Toussuire. he has joined the yamaha team in 2020\" \/>\n<meta name=\"robots\" content=\"index, follow, max-snippet:-1, max-image-preview:large, max-video-preview:-1\" \/>\n<link rel=\"canonical\" href=\"https:\/\/la-toussuire.com\/en\/discover-la-toussuire\/resort-champions\/champions-in-the-making\/shaun-binet\/\" \/>\n<meta property=\"og:locale\" content=\"en_US\" \/>\n<meta property=\"og:type\" content=\"article\" \/>\n<meta property=\"og:title\" content=\"Shaun Binet - La Toussuire\" \/>\n<meta property=\"og:description\" content=\"Shaun Binet, the future enduro motorbike champion, is originally from La Toussuire. he has joined the yamaha team in 2020\" \/>\n<meta property=\"og:url\" content=\"https:\/\/la-toussuire.com\/en\/discover-la-toussuire\/resort-champions\/champions-in-the-making\/shaun-binet\/\" \/>\n<meta property=\"og:site_name\" content=\"La Toussuire\" \/>\n<meta property=\"og:image\" content=\"https:\/\/la-toussuire.com\/wp-content\/uploads\/OTToussuire_Champion_Devenir_Shaun_Binet_Presentation\u00a9OTToussuire@La_Toussuire.jpg\" \/>\n\t<meta property=\"og:image:width\" content=\"1024\" \/>\n\t<meta property=\"og:image:height\" content=\"646\" \/>\n\t<meta property=\"og:image:type\" content=\"image\/jpeg\" \/>\n<meta name=\"twitter:card\" content=\"summary_large_image\" \/>\n<script type=\"application\/ld+json\" class=\"yoast-schema-graph\">{\"@context\":\"https:\/\/schema.org\",\"@graph\":[{\"@type\":\"WebPage\",\"@id\":\"https:\/\/la-toussuire.com\/en\/discover-la-toussuire\/resort-champions\/champions-in-the-making\/shaun-binet\/\",\"url\":\"https:\/\/la-toussuire.com\/en\/discover-la-toussuire\/resort-champions\/champions-in-the-making\/shaun-binet\/\",\"name\":\"Shaun Binet - La Toussuire\",\"isPartOf\":{\"@id\":\"https:\/\/la-toussuire.com\/en\/#website\"},\"primaryImageOfPage\":{\"@id\":\"https:\/\/la-toussuire.com\/en\/discover-la-toussuire\/resort-champions\/champions-in-the-making\/shaun-binet\/#primaryimage\"},\"image\":{\"@id\":\"https:\/\/la-toussuire.com\/en\/discover-la-toussuire\/resort-champions\/champions-in-the-making\/shaun-binet\/#primaryimage\"},\"thumbnailUrl\":\"https:\/\/la-toussuire.com\/wp-content\/uploads\/OTToussuire_Champion_Devenir_Shaun_Binet_Presentation\u00a9OTToussuire@La_Toussuire.jpg\",\"datePublished\":\"2023-03-23T11:21:41+00:00\",\"description\":\"Shaun Binet, the future enduro motorbike champion, is originally from La Toussuire. he has joined the yamaha team in 2020\",\"breadcrumb\":{\"@id\":\"https:\/\/la-toussuire.com\/en\/discover-la-toussuire\/resort-champions\/champions-in-the-making\/shaun-binet\/#breadcrumb\"},\"inLanguage\":\"en-US\",\"potentialAction\":[{\"@type\":\"ReadAction\",\"target\":[\"https:\/\/la-toussuire.com\/en\/discover-la-toussuire\/resort-champions\/champions-in-the-making\/shaun-binet\/\"]}]},{\"@type\":\"ImageObject\",\"inLanguage\":\"en-US\",\"@id\":\"https:\/\/la-toussuire.com\/en\/discover-la-toussuire\/resort-champions\/champions-in-the-making\/shaun-binet\/#primaryimage\",\"url\":\"https:\/\/la-toussuire.com\/wp-content\/uploads\/OTToussuire_Champion_Devenir_Shaun_Binet_Presentation\u00a9OTToussuire@La_Toussuire.jpg\",\"contentUrl\":\"https:\/\/la-toussuire.com\/wp-content\/uploads\/OTToussuire_Champion_Devenir_Shaun_Binet_Presentation\u00a9OTToussuire@La_Toussuire.jpg\",\"width\":1024,\"height\":646,\"caption\":\"Shaun Binet\"},{\"@type\":\"BreadcrumbList\",\"@id\":\"https:\/\/la-toussuire.com\/en\/discover-la-toussuire\/resort-champions\/champions-in-the-making\/shaun-binet\/#breadcrumb\",\"itemListElement\":[{\"@type\":\"ListItem\",\"position\":1,\"name\":\"Home\",\"item\":\"https:\/\/la-toussuire.com\/en\/\"},{\"@type\":\"ListItem\",\"position\":2,\"name\":\"I&#8217;m exploring\",\"item\":\"https:\/\/la-toussuire.com\/en\/discover-la-toussuire\/\"},{\"@type\":\"ListItem\",\"position\":3,\"name\":\"Our champions\",\"item\":\"https:\/\/la-toussuire.com\/en\/discover-la-toussuire\/resort-champions\/\"},{\"@type\":\"ListItem\",\"position\":4,\"name\":\"Champions in the making\",\"item\":\"https:\/\/la-toussuire.com\/en\/discover-la-toussuire\/resort-champions\/champions-in-the-making\/\"},{\"@type\":\"ListItem\",\"position\":5,\"name\":\"Shaun Binet\"}]},{\"@type\":\"WebSite\",\"@id\":\"https:\/\/la-toussuire.com\/en\/#website\",\"url\":\"https:\/\/la-toussuire.com\/en\/\",\"name\":\"La Toussuire\",\"description\":\"\",\"publisher\":{\"@id\":\"https:\/\/la-toussuire.com\/en\/#organization\"},\"potentialAction\":[{\"@type\":\"SearchAction\",\"target\":{\"@type\":\"EntryPoint\",\"urlTemplate\":\"https:\/\/la-toussuire.com\/en\/?s={search_term_string}\"},\"query-input\":{\"@type\":\"PropertyValueSpecification\",\"valueRequired\":true,\"valueName\":\"search_term_string\"}}],\"inLanguage\":\"en-US\"},{\"@type\":\"Organization\",\"@id\":\"https:\/\/la-toussuire.com\/en\/#organization\",\"name\":\"La Toussuire\",\"url\":\"https:\/\/la-toussuire.com\/en\/\",\"logo\":{\"@type\":\"ImageObject\",\"inLanguage\":\"en-US\",\"@id\":\"https:\/\/la-toussuire.com\/en\/#\/schema\/logo\/image\/\",\"url\":\"https:\/\/la-toussuire.com\/wp-content\/uploads\/cropped-Nouveau-LA-TOUSSUIRE_Logo_Plan-de-travail-1-02.png\",\"contentUrl\":\"https:\/\/la-toussuire.com\/wp-content\/uploads\/cropped-Nouveau-LA-TOUSSUIRE_Logo_Plan-de-travail-1-02.png\",\"width\":591,\"height\":591,\"caption\":\"La Toussuire\"},\"image\":{\"@id\":\"https:\/\/la-toussuire.com\/en\/#\/schema\/logo\/image\/\"}}]}<\/script>\n<!-- \/ Yoast SEO plugin. -->","yoast_head_json":{"title":"Shaun Binet - La Toussuire","description":"Shaun Binet, the future enduro motorbike champion, is originally from La Toussuire. he has joined the yamaha team in 2020","robots":{"index":"index","follow":"follow","max-snippet":"max-snippet:-1","max-image-preview":"max-image-preview:large","max-video-preview":"max-video-preview:-1"},"canonical":"https:\/\/la-toussuire.com\/en\/discover-la-toussuire\/resort-champions\/champions-in-the-making\/shaun-binet\/","og_locale":"en_US","og_type":"article","og_title":"Shaun Binet - La Toussuire","og_description":"Shaun Binet, the future enduro motorbike champion, is originally from La Toussuire. he has joined the yamaha team in 2020","og_url":"https:\/\/la-toussuire.com\/en\/discover-la-toussuire\/resort-champions\/champions-in-the-making\/shaun-binet\/","og_site_name":"La Toussuire","og_image":[{"width":1024,"height":646,"url":"https:\/\/la-toussuire.com\/wp-content\/uploads\/OTToussuire_Champion_Devenir_Shaun_Binet_Presentation\u00a9OTToussuire@La_Toussuire.jpg","type":"image\/jpeg"}],"twitter_card":"summary_large_image","schema":{"@context":"https:\/\/schema.org","@graph":[{"@type":"WebPage","@id":"https:\/\/la-toussuire.com\/en\/discover-la-toussuire\/resort-champions\/champions-in-the-making\/shaun-binet\/","url":"https:\/\/la-toussuire.com\/en\/discover-la-toussuire\/resort-champions\/champions-in-the-making\/shaun-binet\/","name":"Shaun Binet - La Toussuire","isPartOf":{"@id":"https:\/\/la-toussuire.com\/en\/#website"},"primaryImageOfPage":{"@id":"https:\/\/la-toussuire.com\/en\/discover-la-toussuire\/resort-champions\/champions-in-the-making\/shaun-binet\/#primaryimage"},"image":{"@id":"https:\/\/la-toussuire.com\/en\/discover-la-toussuire\/resort-champions\/champions-in-the-making\/shaun-binet\/#primaryimage"},"thumbnailUrl":"https:\/\/la-toussuire.com\/wp-content\/uploads\/OTToussuire_Champion_Devenir_Shaun_Binet_Presentation\u00a9OTToussuire@La_Toussuire.jpg","datePublished":"2023-03-23T11:21:41+00:00","description":"Shaun Binet, the future enduro motorbike champion, is originally from La Toussuire. he has joined the yamaha team in 2020","breadcrumb":{"@id":"https:\/\/la-toussuire.com\/en\/discover-la-toussuire\/resort-champions\/champions-in-the-making\/shaun-binet\/#breadcrumb"},"inLanguage":"en-US","potentialAction":[{"@type":"ReadAction","target":["https:\/\/la-toussuire.com\/en\/discover-la-toussuire\/resort-champions\/champions-in-the-making\/shaun-binet\/"]}]},{"@type":"ImageObject","inLanguage":"en-US","@id":"https:\/\/la-toussuire.com\/en\/discover-la-toussuire\/resort-champions\/champions-in-the-making\/shaun-binet\/#primaryimage","url":"https:\/\/la-toussuire.com\/wp-content\/uploads\/OTToussuire_Champion_Devenir_Shaun_Binet_Presentation\u00a9OTToussuire@La_Toussuire.jpg","contentUrl":"https:\/\/la-toussuire.com\/wp-content\/uploads\/OTToussuire_Champion_Devenir_Shaun_Binet_Presentation\u00a9OTToussuire@La_Toussuire.jpg","width":1024,"height":646,"caption":"Shaun Binet"},{"@type":"BreadcrumbList","@id":"https:\/\/la-toussuire.com\/en\/discover-la-toussuire\/resort-champions\/champions-in-the-making\/shaun-binet\/#breadcrumb","itemListElement":[{"@type":"ListItem","position":1,"name":"Home","item":"https:\/\/la-toussuire.com\/en\/"},{"@type":"ListItem","position":2,"name":"I&#8217;m exploring","item":"https:\/\/la-toussuire.com\/en\/discover-la-toussuire\/"},{"@type":"ListItem","position":3,"name":"Our champions","item":"https:\/\/la-toussuire.com\/en\/discover-la-toussuire\/resort-champions\/"},{"@type":"ListItem","position":4,"name":"Champions in the making","item":"https:\/\/la-toussuire.com\/en\/discover-la-toussuire\/resort-champions\/champions-in-the-making\/"},{"@type":"ListItem","position":5,"name":"Shaun Binet"}]},{"@type":"WebSite","@id":"https:\/\/la-toussuire.com\/en\/#website","url":"https:\/\/la-toussuire.com\/en\/","name":"La Toussuire","description":"","publisher":{"@id":"https:\/\/la-toussuire.com\/en\/#organization"},"potentialAction":[{"@type":"SearchAction","target":{"@type":"EntryPoint","urlTemplate":"https:\/\/la-toussuire.com\/en\/?s={search_term_string}"},"query-input":{"@type":"PropertyValueSpecification","valueRequired":true,"valueName":"search_term_string"}}],"inLanguage":"en-US"},{"@type":"Organization","@id":"https:\/\/la-toussuire.com\/en\/#organization","name":"La Toussuire","url":"https:\/\/la-toussuire.com\/en\/","logo":{"@type":"ImageObject","inLanguage":"en-US","@id":"https:\/\/la-toussuire.com\/en\/#\/schema\/logo\/image\/","url":"https:\/\/la-toussuire.com\/wp-content\/uploads\/cropped-Nouveau-LA-TOUSSUIRE_Logo_Plan-de-travail-1-02.png","contentUrl":"https:\/\/la-toussuire.com\/wp-content\/uploads\/cropped-Nouveau-LA-TOUSSUIRE_Logo_Plan-de-travail-1-02.png","width":591,"height":591,"caption":"La Toussuire"},"image":{"@id":"https:\/\/la-toussuire.com\/en\/#\/schema\/logo\/image\/"}}]}},"_links":{"self":[{"href":"https:\/\/la-toussuire.com\/en\/wp-json\/wp\/v2\/pages\/17230","targetHints":{"allow":["GET"]}}],"collection":[{"href":"https:\/\/la-toussuire.com\/en\/wp-json\/wp\/v2\/pages"}],"about":[{"href":"https:\/\/la-toussuire.com\/en\/wp-json\/wp\/v2\/types\/page"}],"author":[{"embeddable":true,"href":"https:\/\/la-toussuire.com\/en\/wp-json\/wp\/v2\/users\/2"}],"replies":[{"embeddable":true,"href":"https:\/\/la-toussuire.com\/en\/wp-json\/wp\/v2\/comments?post=17230"}],"version-history":[{"count":1,"href":"https:\/\/la-toussuire.com\/en\/wp-json\/wp\/v2\/pages\/17230\/revisions"}],"predecessor-version":[{"id":17231,"href":"https:\/\/la-toussuire.com\/en\/wp-json\/wp\/v2\/pages\/17230\/revisions\/17231"}],"up":[{"embeddable":true,"href":"https:\/\/la-toussuire.com\/en\/wp-json\/wp\/v2\/pages\/10331"}],"wp:featuredmedia":[{"embeddable":true,"href":"https:\/\/la-toussuire.com\/en\/wp-json\/wp\/v2\/media\/8133"}],"wp:attachment":[{"href":"https:\/\/la-toussuire.com\/en\/wp-json\/wp\/v2\/media?parent=17230"}],"curies":[{"name":"wp","href":"https:\/\/api.w.org\/{rel}","templated":true}]}}