{"id":11683,"date":"2023-01-17T10:44:19","date_gmt":"2023-01-17T09:44:19","guid":{"rendered":"https:\/\/la-toussuire.com\/what-to-do-in-summer\/les-espaces-loisirs\/"},"modified":"2024-05-23T15:51:40","modified_gmt":"2024-05-23T13:51:40","slug":"les-espaces-loisirs","status":"publish","type":"page","link":"https:\/\/la-toussuire.com\/en\/what-to-do-in-summer\/les-espaces-loisirs\/","title":{"rendered":"Leisure areas"},"content":{"rendered":"<div class=\"block block-core-heading\">\n<h2 class=\"wp-block-heading has-text-align-center\" id=\"des-espaces-pour-jouer-en-famille-ou-ne-rien-faire-seul-ou-accompagne\">Spaces to play with the family or relax, alone or with others!<\/h2>\n<\/div>\n\n<div class=\"block block-core-paragraph\">\n<p class=\"has-text-align-center\"><em>Our leisure areas in the heart of nature are ideal for precious moments<\/em> of contemplating the little ones at <strong>play<\/strong> for hour on end, <strong>picnics<\/strong> with the family, or <strong>large<\/strong>, <strong>loud<\/strong> and <strong>even boisterous gatherings<\/strong>, and for those addicted to all-engulfing passions.<\/p>\n<\/div>\n\n<div class=\"block block-lba-apidae-selection\"><!--BEGIN ITEMS APIDAE -->\r\n    <div class=\"selection-mode-selector\" data-selection=\"121598\">\r\n        <ul>\r\n            <li><a href=\"#selection-grid\" class=\"active\">Grid view<\/a><\/li>\r\n            <li><a href=\"#selection-map\">Map view<\/a><\/li>\r\n        <\/ul>\r\n    <\/div>\r\n    <div id=\"selection-grid\" style=\"display: block;\">\r\n\r\n        <!--BEGIN FILTER -->\r\n                <!--BEGIN FILTER -->\r\n\r\n        <div id=\"selection-grid\" class=\"selection-mode-default\">\r\n                            <div class=\"card 0-3pieces\">\r\n                    <div class=\"row\">\r\n                        <div class=\"col-md-3\">\r\n                                                        <img decoding=\"async\" src=\"https:\/\/static.apidae-tourisme.com\/filestore\/objets-touristiques\/images\/243\/13\/8392179-diaporama.jpg\" class=\"w-100\" alt=\"Image Aire de jeu \u00e9t\u00e9\">\r\n                        <\/div>\r\n                        <div class=\"col-md-9\">\r\n                            <div class=\"card-block px-1\">\r\n                                <h2 class=\"card-title\">\r\n                                    <a href=\"https:\/\/la-toussuire.com\/en\/details\/recreational-area-340445-En\/\">Recreational area<\/a>\r\n                                <\/h2>\r\n                                <p class=\"classement\"><\/p>\r\n                                <p class=\"card-text\">In the center of the resort, near the Ravi\u00e8res car park, next to the Tennis courts. Field for children between 2 and 14. Under the supervision of the parents.<\/p>\r\n                                <p class=\"labels\"><\/p>\r\n                            <\/div>\r\n                            <a href=\"https:\/\/la-toussuire.com\/en\/details\/recreational-area-340445-En\/\" class=\"btn\">View more<\/a>\r\n                        <\/div>\r\n                    <\/div>\r\n                <\/div>\r\n                            <div class=\"card 0-3pieces\">\r\n                    <div class=\"row\">\r\n                        <div class=\"col-md-3\">\r\n                                                        <img decoding=\"async\" src=\"https:\/\/static.apidae-tourisme.com\/filestore\/objets-touristiques\/images\/31\/51\/23212831-diaporama.png\" class=\"w-100\" alt=\"Image Capture d\u2019\u00e9cran 2024-06-10 125725\">\r\n                        <\/div>\r\n                        <div class=\"col-md-9\">\r\n                            <div class=\"card-block px-1\">\r\n                                <h2 class=\"card-title\">\r\n                                    <a href=\"https:\/\/la-toussuire.com\/en\/details\/city-stadium-6957257-En\/\">city stadium<\/a>\r\n                                <\/h2>\r\n                                <p class=\"classement\"><\/p>\r\n                                <p class=\"card-text\">The La Toussuire city stadium is the ideal place to play a variety of sports: football, basketball and handball.<\/p>\r\n                                <p class=\"labels\"><\/p>\r\n                            <\/div>\r\n                            <a href=\"https:\/\/la-toussuire.com\/en\/details\/city-stadium-6957257-En\/\" class=\"btn\">View more<\/a>\r\n                        <\/div>\r\n                    <\/div>\r\n                <\/div>\r\n                            <div class=\"card 0-3pieces\">\r\n                    <div class=\"row\">\r\n                        <div class=\"col-md-3\">\r\n                                                        <img decoding=\"async\" src=\"https:\/\/static.apidae-tourisme.com\/filestore\/objets-touristiques\/images\/13\/112\/39874573-diaporama.jpg\" class=\"w-100\" alt=\"Image d98ec5affa0c_enigme-medaille-dor\">\r\n                        <\/div>\r\n                        <div class=\"col-md-9\">\r\n                            <div class=\"card-block px-1\">\r\n                                <h2 class=\"card-title\">\r\n                                    <a href=\"https:\/\/la-toussuire.com\/en\/details\/investigation-the-mystery-of-the-gold-medal-7483558-En\/\">Investigation: The Mystery of the Gold Medal<\/a>\r\n                                <\/h2>\r\n                                <p class=\"classement\"><\/p>\r\n                                <p class=\"card-text\">Le moteur du t\u00e9l\u00e9si\u00e8ge a \u00e9t\u00e9 vol\u00e9 ! Mais qui se cache derri\u00e8re cette man\u0153uvre et que compte-t-il en faire ?\r\nVenez r\u00e9cup\u00e9rer le jeu de carte disponible \u00e0 l&#8217;accueil de l&#8217;office de tourisme.<\/p>\r\n                                <p class=\"labels\"><\/p>\r\n                            <\/div>\r\n                            <a href=\"https:\/\/la-toussuire.com\/en\/details\/investigation-the-mystery-of-the-gold-medal-7483558-En\/\" class=\"btn\">View more<\/a>\r\n                        <\/div>\r\n                    <\/div>\r\n                <\/div>\r\n                            <div class=\"card 0-3pieces\">\r\n                    <div class=\"row\">\r\n                        <div class=\"col-md-3\">\r\n                                                            <div class=\"pictos\">\r\n                                    <span class=\"label-animaux_acceptes\" title=\"Pets welcome\">Pets welcome<\/span>                                <\/div>\r\n                                                        <img decoding=\"async\" src=\"https:\/\/static.apidae-tourisme.com\/filestore\/objets-touristiques\/images\/126\/251\/588670-diaporama.jpg\" class=\"w-100\" alt=\"Image 5051-0150\">\r\n                        <\/div>\r\n                        <div class=\"col-md-9\">\r\n                            <div class=\"card-block px-1\">\r\n                                <h2 class=\"card-title\">\r\n                                    <a href=\"https:\/\/la-toussuire.com\/en\/details\/water-body-118328-En\/\">Water body<\/a>\r\n                                <\/h2>\r\n                                <p class=\"classement\"><\/p>\r\n                                <p class=\"card-text\">800 m\u00b2 water body situated in the recreational area\r\nThis body of water is not monitored and is not considered a swimming area. The surface may be slippery and may cause falls.<\/p>\r\n                                <p class=\"labels\"><\/p>\r\n                            <\/div>\r\n                            <a href=\"https:\/\/la-toussuire.com\/en\/details\/water-body-118328-En\/\" class=\"btn\">View more<\/a>\r\n                        <\/div>\r\n                    <\/div>\r\n                <\/div>\r\n                            <div class=\"card 0-3pieces\">\r\n                    <div class=\"row\">\r\n                        <div class=\"col-md-3\">\r\n                                                        <img decoding=\"async\" src=\"https:\/\/static.apidae-tourisme.com\/filestore\/objets-touristiques\/images\/145\/54\/7354001-diaporama.jpg\" class=\"w-100\" alt=\"Image VTT@pumptrack@LaToussuire\">\r\n                        <\/div>\r\n                        <div class=\"col-md-9\">\r\n                            <div class=\"card-block px-1\">\r\n                                <h2 class=\"card-title\">\r\n                                    <a href=\"https:\/\/la-toussuire.com\/en\/details\/pumptrack-5269034-En\/\">Pumptrack<\/a>\r\n                                <\/h2>\r\n                                <p class=\"classement\"><\/p>\r\n                                <p class=\"card-text\">A Pumptrack is a play area designed specifically for bikes, skateboards and scooters.<\/p>\r\n                                <p class=\"labels\"><\/p>\r\n                            <\/div>\r\n                            <a href=\"https:\/\/la-toussuire.com\/en\/details\/pumptrack-5269034-En\/\" class=\"btn\">View more<\/a>\r\n                        <\/div>\r\n                    <\/div>\r\n                <\/div>\r\n                            <div class=\"card 0-3pieces\">\r\n                    <div class=\"row\">\r\n                        <div class=\"col-md-3\">\r\n                                                        <img decoding=\"async\" src=\"https:\/\/static.apidae-tourisme.com\/filestore\/objets-touristiques\/images\/43\/235\/715563-diaporama.jpg\" class=\"w-100\" alt=\"Image skate park\">\r\n                        <\/div>\r\n                        <div class=\"col-md-9\">\r\n                            <div class=\"card-block px-1\">\r\n                                <h2 class=\"card-title\">\r\n                                    <a href=\"https:\/\/la-toussuire.com\/en\/details\/skate-park-336851-En\/\">Skate Park<\/a>\r\n                                <\/h2>\r\n                                <p class=\"classement\"><\/p>\r\n                                <p class=\"card-text\">Steel skate modules. Skateboarding, Scooter, Rollers, Open to all.\r\nHave fun!\r\nHelmet and protection compulsory. Free access.\r\nIf you want more, visit the Skate Park in Saint-Jean-de-Maurienne!<\/p>\r\n                                <p class=\"labels\"><\/p>\r\n                            <\/div>\r\n                            <a href=\"https:\/\/la-toussuire.com\/en\/details\/skate-park-336851-En\/\" class=\"btn\">View more<\/a>\r\n                        <\/div>\r\n                    <\/div>\r\n                <\/div>\r\n                    <\/div>\r\n    <\/div>\r\n    <div id=\"selection-map\" class=\"selection-mode-map\" style=\"display: none;\">\r\n        <div class=\"map\" id=\"MapContainerListe\"><\/div>\r\n    <\/div>\r\n<!--END ITEMS APIDAE -->\r\n\r\n<!--BEGIN PAGINATOR -->\r\n<!--BEGIN PAGINATOR --><\/div>","protected":false},"excerpt":{"rendered":"<p>Spaces to play with the family or relax, alone or with others! Our leisure areas in the heart of nature are ideal for precious moments of contemplating the little ones at play for hour on end, picnics with the family, or large, loud and even boisterous gatherings, and for those addicted to all-engulfing passions.<\/p>\n","protected":false},"author":3,"featured_media":30459,"parent":5866,"menu_order":5,"comment_status":"closed","ping_status":"closed","template":"page-template.php","meta":{"_acf_changed":false,"footnotes":""},"class_list":["post-11683","page","type-page","status-publish","has-post-thumbnail","hentry"],"acf":[],"yoast_head":"<!-- This site is optimized with the Yoast SEO plugin v27.1.1 - https:\/\/yoast.com\/product\/yoast-seo-wordpress\/ -->\n<title>Leisure areas - La Toussuire<\/title>\n<meta name=\"description\" content=\"Summer and winter recreation areas, children&#039;s games, slide, swing, toilet, picnic tables, barbecue, playground ...\" \/>\n<meta name=\"robots\" content=\"index, follow, max-snippet:-1, max-image-preview:large, max-video-preview:-1\" \/>\n<link rel=\"canonical\" href=\"https:\/\/la-toussuire.com\/en\/what-to-do-in-summer\/les-espaces-loisirs\/\" \/>\n<meta property=\"og:locale\" content=\"en_US\" \/>\n<meta property=\"og:type\" content=\"article\" \/>\n<meta property=\"og:title\" content=\"Leisure areas - La Toussuire\" \/>\n<meta property=\"og:description\" content=\"Summer and winter recreation areas, children&#039;s games, slide, swing, toilet, picnic tables, barbecue, playground ...\" \/>\n<meta property=\"og:url\" content=\"https:\/\/la-toussuire.com\/en\/what-to-do-in-summer\/les-espaces-loisirs\/\" \/>\n<meta property=\"og:site_name\" content=\"La Toussuire\" \/>\n<meta property=\"article:modified_time\" content=\"2024-05-23T13:51:40+00:00\" \/>\n<meta property=\"og:image\" content=\"https:\/\/la-toussuire.com\/wp-content\/uploads\/APernet-OTToussuire-web-090823-371.jpg\" \/>\n\t<meta property=\"og:image:width\" content=\"1080\" \/>\n\t<meta property=\"og:image:height\" content=\"721\" \/>\n\t<meta property=\"og:image:type\" content=\"image\/jpeg\" \/>\n<meta name=\"twitter:card\" content=\"summary_large_image\" \/>\n<meta name=\"twitter:label1\" content=\"Est. reading time\" \/>\n\t<meta name=\"twitter:data1\" content=\"1 minute\" \/>\n<script type=\"application\/ld+json\" class=\"yoast-schema-graph\">{\"@context\":\"https:\/\/schema.org\",\"@graph\":[{\"@type\":\"WebPage\",\"@id\":\"https:\/\/la-toussuire.com\/en\/what-to-do-in-summer\/les-espaces-loisirs\/\",\"url\":\"https:\/\/la-toussuire.com\/en\/what-to-do-in-summer\/les-espaces-loisirs\/\",\"name\":\"Leisure areas - La Toussuire\",\"isPartOf\":{\"@id\":\"https:\/\/la-toussuire.com\/en\/#website\"},\"primaryImageOfPage\":{\"@id\":\"https:\/\/la-toussuire.com\/en\/what-to-do-in-summer\/les-espaces-loisirs\/#primaryimage\"},\"image\":{\"@id\":\"https:\/\/la-toussuire.com\/en\/what-to-do-in-summer\/les-espaces-loisirs\/#primaryimage\"},\"thumbnailUrl\":\"https:\/\/la-toussuire.com\/wp-content\/uploads\/APernet-OTToussuire-web-090823-371.jpg\",\"datePublished\":\"2023-01-17T09:44:19+00:00\",\"dateModified\":\"2024-05-23T13:51:40+00:00\",\"description\":\"Summer and winter recreation areas, children's games, slide, swing, toilet, picnic tables, barbecue, playground ...\",\"breadcrumb\":{\"@id\":\"https:\/\/la-toussuire.com\/en\/what-to-do-in-summer\/les-espaces-loisirs\/#breadcrumb\"},\"inLanguage\":\"en-US\",\"potentialAction\":[{\"@type\":\"ReadAction\",\"target\":[\"https:\/\/la-toussuire.com\/en\/what-to-do-in-summer\/les-espaces-loisirs\/\"]}]},{\"@type\":\"ImageObject\",\"inLanguage\":\"en-US\",\"@id\":\"https:\/\/la-toussuire.com\/en\/what-to-do-in-summer\/les-espaces-loisirs\/#primaryimage\",\"url\":\"https:\/\/la-toussuire.com\/wp-content\/uploads\/APernet-OTToussuire-web-090823-371.jpg\",\"contentUrl\":\"https:\/\/la-toussuire.com\/wp-content\/uploads\/APernet-OTToussuire-web-090823-371.jpg\",\"width\":1080,\"height\":721,\"caption\":\"OT La Toussuire - ete 2023 - Activit\u00e9s famille\"},{\"@type\":\"BreadcrumbList\",\"@id\":\"https:\/\/la-toussuire.com\/en\/what-to-do-in-summer\/les-espaces-loisirs\/#breadcrumb\",\"itemListElement\":[{\"@type\":\"ListItem\",\"position\":1,\"name\":\"Home\",\"item\":\"https:\/\/la-toussuire.com\/en\/\"},{\"@type\":\"ListItem\",\"position\":2,\"name\":\"I&rsquo;m having fun\",\"item\":\"https:\/\/la-toussuire.com\/en\/what-to-do-in-summer\/\"},{\"@type\":\"ListItem\",\"position\":3,\"name\":\"Leisure areas\"}]},{\"@type\":\"WebSite\",\"@id\":\"https:\/\/la-toussuire.com\/en\/#website\",\"url\":\"https:\/\/la-toussuire.com\/en\/\",\"name\":\"La Toussuire\",\"description\":\"\",\"publisher\":{\"@id\":\"https:\/\/la-toussuire.com\/en\/#organization\"},\"potentialAction\":[{\"@type\":\"SearchAction\",\"target\":{\"@type\":\"EntryPoint\",\"urlTemplate\":\"https:\/\/la-toussuire.com\/en\/?s={search_term_string}\"},\"query-input\":{\"@type\":\"PropertyValueSpecification\",\"valueRequired\":true,\"valueName\":\"search_term_string\"}}],\"inLanguage\":\"en-US\"},{\"@type\":\"Organization\",\"@id\":\"https:\/\/la-toussuire.com\/en\/#organization\",\"name\":\"La Toussuire\",\"url\":\"https:\/\/la-toussuire.com\/en\/\",\"logo\":{\"@type\":\"ImageObject\",\"inLanguage\":\"en-US\",\"@id\":\"https:\/\/la-toussuire.com\/en\/#\/schema\/logo\/image\/\",\"url\":\"https:\/\/la-toussuire.com\/wp-content\/uploads\/cropped-Nouveau-LA-TOUSSUIRE_Logo_Plan-de-travail-1-02.png\",\"contentUrl\":\"https:\/\/la-toussuire.com\/wp-content\/uploads\/cropped-Nouveau-LA-TOUSSUIRE_Logo_Plan-de-travail-1-02.png\",\"width\":591,\"height\":591,\"caption\":\"La Toussuire\"},\"image\":{\"@id\":\"https:\/\/la-toussuire.com\/en\/#\/schema\/logo\/image\/\"}}]}<\/script>\n<!-- \/ Yoast SEO plugin. -->","yoast_head_json":{"title":"Leisure areas - La Toussuire","description":"Summer and winter recreation areas, children's games, slide, swing, toilet, picnic tables, barbecue, playground ...","robots":{"index":"index","follow":"follow","max-snippet":"max-snippet:-1","max-image-preview":"max-image-preview:large","max-video-preview":"max-video-preview:-1"},"canonical":"https:\/\/la-toussuire.com\/en\/what-to-do-in-summer\/les-espaces-loisirs\/","og_locale":"en_US","og_type":"article","og_title":"Leisure areas - La Toussuire","og_description":"Summer and winter recreation areas, children's games, slide, swing, toilet, picnic tables, barbecue, playground ...","og_url":"https:\/\/la-toussuire.com\/en\/what-to-do-in-summer\/les-espaces-loisirs\/","og_site_name":"La Toussuire","article_modified_time":"2024-05-23T13:51:40+00:00","og_image":[{"width":1080,"height":721,"url":"https:\/\/la-toussuire.com\/wp-content\/uploads\/APernet-OTToussuire-web-090823-371.jpg","type":"image\/jpeg"}],"twitter_card":"summary_large_image","twitter_misc":{"Est. reading time":"1 minute"},"schema":{"@context":"https:\/\/schema.org","@graph":[{"@type":"WebPage","@id":"https:\/\/la-toussuire.com\/en\/what-to-do-in-summer\/les-espaces-loisirs\/","url":"https:\/\/la-toussuire.com\/en\/what-to-do-in-summer\/les-espaces-loisirs\/","name":"Leisure areas - La Toussuire","isPartOf":{"@id":"https:\/\/la-toussuire.com\/en\/#website"},"primaryImageOfPage":{"@id":"https:\/\/la-toussuire.com\/en\/what-to-do-in-summer\/les-espaces-loisirs\/#primaryimage"},"image":{"@id":"https:\/\/la-toussuire.com\/en\/what-to-do-in-summer\/les-espaces-loisirs\/#primaryimage"},"thumbnailUrl":"https:\/\/la-toussuire.com\/wp-content\/uploads\/APernet-OTToussuire-web-090823-371.jpg","datePublished":"2023-01-17T09:44:19+00:00","dateModified":"2024-05-23T13:51:40+00:00","description":"Summer and winter recreation areas, children's games, slide, swing, toilet, picnic tables, barbecue, playground ...","breadcrumb":{"@id":"https:\/\/la-toussuire.com\/en\/what-to-do-in-summer\/les-espaces-loisirs\/#breadcrumb"},"inLanguage":"en-US","potentialAction":[{"@type":"ReadAction","target":["https:\/\/la-toussuire.com\/en\/what-to-do-in-summer\/les-espaces-loisirs\/"]}]},{"@type":"ImageObject","inLanguage":"en-US","@id":"https:\/\/la-toussuire.com\/en\/what-to-do-in-summer\/les-espaces-loisirs\/#primaryimage","url":"https:\/\/la-toussuire.com\/wp-content\/uploads\/APernet-OTToussuire-web-090823-371.jpg","contentUrl":"https:\/\/la-toussuire.com\/wp-content\/uploads\/APernet-OTToussuire-web-090823-371.jpg","width":1080,"height":721,"caption":"OT La Toussuire - ete 2023 - Activit\u00e9s famille"},{"@type":"BreadcrumbList","@id":"https:\/\/la-toussuire.com\/en\/what-to-do-in-summer\/les-espaces-loisirs\/#breadcrumb","itemListElement":[{"@type":"ListItem","position":1,"name":"Home","item":"https:\/\/la-toussuire.com\/en\/"},{"@type":"ListItem","position":2,"name":"I&rsquo;m having fun","item":"https:\/\/la-toussuire.com\/en\/what-to-do-in-summer\/"},{"@type":"ListItem","position":3,"name":"Leisure areas"}]},{"@type":"WebSite","@id":"https:\/\/la-toussuire.com\/en\/#website","url":"https:\/\/la-toussuire.com\/en\/","name":"La Toussuire","description":"","publisher":{"@id":"https:\/\/la-toussuire.com\/en\/#organization"},"potentialAction":[{"@type":"SearchAction","target":{"@type":"EntryPoint","urlTemplate":"https:\/\/la-toussuire.com\/en\/?s={search_term_string}"},"query-input":{"@type":"PropertyValueSpecification","valueRequired":true,"valueName":"search_term_string"}}],"inLanguage":"en-US"},{"@type":"Organization","@id":"https:\/\/la-toussuire.com\/en\/#organization","name":"La Toussuire","url":"https:\/\/la-toussuire.com\/en\/","logo":{"@type":"ImageObject","inLanguage":"en-US","@id":"https:\/\/la-toussuire.com\/en\/#\/schema\/logo\/image\/","url":"https:\/\/la-toussuire.com\/wp-content\/uploads\/cropped-Nouveau-LA-TOUSSUIRE_Logo_Plan-de-travail-1-02.png","contentUrl":"https:\/\/la-toussuire.com\/wp-content\/uploads\/cropped-Nouveau-LA-TOUSSUIRE_Logo_Plan-de-travail-1-02.png","width":591,"height":591,"caption":"La Toussuire"},"image":{"@id":"https:\/\/la-toussuire.com\/en\/#\/schema\/logo\/image\/"}}]}},"_links":{"self":[{"href":"https:\/\/la-toussuire.com\/en\/wp-json\/wp\/v2\/pages\/11683","targetHints":{"allow":["GET"]}}],"collection":[{"href":"https:\/\/la-toussuire.com\/en\/wp-json\/wp\/v2\/pages"}],"about":[{"href":"https:\/\/la-toussuire.com\/en\/wp-json\/wp\/v2\/types\/page"}],"author":[{"embeddable":true,"href":"https:\/\/la-toussuire.com\/en\/wp-json\/wp\/v2\/users\/3"}],"replies":[{"embeddable":true,"href":"https:\/\/la-toussuire.com\/en\/wp-json\/wp\/v2\/comments?post=11683"}],"version-history":[{"count":4,"href":"https:\/\/la-toussuire.com\/en\/wp-json\/wp\/v2\/pages\/11683\/revisions"}],"predecessor-version":[{"id":31402,"href":"https:\/\/la-toussuire.com\/en\/wp-json\/wp\/v2\/pages\/11683\/revisions\/31402"}],"up":[{"embeddable":true,"href":"https:\/\/la-toussuire.com\/en\/wp-json\/wp\/v2\/pages\/5866"}],"wp:featuredmedia":[{"embeddable":true,"href":"https:\/\/la-toussuire.com\/en\/wp-json\/wp\/v2\/media\/30459"}],"wp:attachment":[{"href":"https:\/\/la-toussuire.com\/en\/wp-json\/wp\/v2\/media?parent=11683"}],"curies":[{"name":"wp","href":"https:\/\/api.w.org\/{rel}","templated":true}]}}