{"id":11673,"date":"2023-01-17T10:12:52","date_gmt":"2023-01-17T09:12:52","guid":{"rendered":"https:\/\/la-toussuire.com\/visites-et-degustations-sur-les-sybelles\/"},"modified":"2024-05-23T15:57:18","modified_gmt":"2024-05-23T13:57:18","slug":"visites-et-degustations-sur-les-sybelles","status":"publish","type":"page","link":"https:\/\/la-toussuire.com\/en\/what-to-do-in-summer\/the-surrounding-area\/visites-et-degustations-sur-les-sybelles\/","title":{"rendered":"Visits and tastings at Les Sybelles"},"content":{"rendered":"<div class=\"block block-core-heading\">\n<h2 class=\"wp-block-heading has-text-align-center\">Such beautiful things to discover!<\/h2>\n<\/div>\n\n<div class=\"block block-core-paragraph\">\n<p class=\"has-text-align-center\"><strong>Explore<\/strong> and discover the <strong>beauties<\/strong> of Les Sybelles. Then, stop for a <strong>tasting<\/strong> of 100% local produce&#8230; Would you prefer cheese or honey? <em>Discover our selection, and treat yourself!<\/em><\/p>\n<\/div>\n\n<div class=\"block block-lba-apidae-selection\"><!--BEGIN ITEMS APIDAE -->\r\n    <div class=\"selection-mode-selector\" data-selection=\"121319\">\r\n        <ul>\r\n            <li><a href=\"#selection-grid\" class=\"active\">Grid view<\/a><\/li>\r\n            <li><a href=\"#selection-map\">Map view<\/a><\/li>\r\n        <\/ul>\r\n    <\/div>\r\n    <div id=\"selection-grid\" style=\"display: block;\">\r\n\r\n        <!--BEGIN FILTER -->\r\n                <!--BEGIN FILTER -->\r\n\r\n        <div id=\"selection-grid\" class=\"selection-mode-default\">\r\n                            <div class=\"card 0-3pieces\">\r\n                    <div class=\"row\">\r\n                        <div class=\"col-md-3\">\r\n                                                        <img decoding=\"async\" src=\"https:\/\/static.apidae-tourisme.com\/filestore\/objets-touristiques\/images\/165\/59\/17185701-diaporama.jpg\" class=\"w-100\" alt=\"Image DSC_0181\">\r\n                        <\/div>\r\n                        <div class=\"col-md-9\">\r\n                            <div class=\"card-block px-1\">\r\n                                <h2 class=\"card-title\">\r\n                                    <a href=\"https:\/\/la-toussuire.com\/en\/details\/cooperative-laitiere-des-arves-6490289-En\/\">Coop\u00e9rative laiti\u00e8re des Arves<\/a>\r\n                                <\/h2>\r\n                                <p class=\"classement\"><\/p>\r\n                                <p class=\"card-text\">Lait des Vaches de races Tarine et Abondance nourries \u00e0 l&#8217;herbe et foin de notre vall\u00e9e. Collect\u00e9 sur les villages d&#8217;Albiez, Saint Jean d&#8217;Arves et Saint Sorlin d&#8217;Arves.<\/p>\r\n                                <p class=\"labels\"><\/p>\r\n                            <\/div>\r\n                            <a href=\"https:\/\/la-toussuire.com\/en\/details\/cooperative-laitiere-des-arves-6490289-En\/\" class=\"btn\">View more<\/a>\r\n                        <\/div>\r\n                    <\/div>\r\n                <\/div>\r\n                            <div class=\"card 0-3pieces\">\r\n                    <div class=\"row\">\r\n                        <div class=\"col-md-3\">\r\n                                                        <img decoding=\"async\" src=\"https:\/\/static.apidae-tourisme.com\/filestore\/objets-touristiques\/images\/250\/38\/4728570-diaporama.jpg\" class=\"w-100\" alt=\"Image 2015 Eglise hiver E. AXELRAD _IGP1706\">\r\n                        <\/div>\r\n                        <div class=\"col-md-9\">\r\n                            <div class=\"card-block px-1\">\r\n                                <h2 class=\"card-title\">\r\n                                    <a href=\"https:\/\/la-toussuire.com\/en\/details\/baroque-church-of-saint-saturnin-372659-En\/\">Baroque church of Saint Saturnin<\/a>\r\n                                <\/h2>\r\n                                <p class=\"classement\"><\/p>\r\n                                <p class=\"card-text\">The church Saint Saturnin was built in 1603 and enlarged in 1658.\r\nA monument to visit in the heart of Sybelles which is part of the history of Arves.<\/p>\r\n                                <p class=\"labels\"><\/p>\r\n                            <\/div>\r\n                            <a href=\"https:\/\/la-toussuire.com\/en\/details\/baroque-church-of-saint-saturnin-372659-En\/\" class=\"btn\">View more<\/a>\r\n                        <\/div>\r\n                    <\/div>\r\n                <\/div>\r\n                            <div class=\"card 0-3pieces\">\r\n                    <div class=\"row\">\r\n                        <div class=\"col-md-3\">\r\n                                                        <img decoding=\"async\" src=\"https:\/\/static.apidae-tourisme.com\/filestore\/objets-touristiques\/images\/92\/191\/1687388-diaporama.jpg\" class=\"w-100\" alt=\"Image Saint-Sorlin d'Arves, \u00a9D. Dereani, fondation Facim (29)\">\r\n                        <\/div>\r\n                        <div class=\"col-md-9\">\r\n                            <div class=\"card-block px-1\">\r\n                                <h2 class=\"card-title\">\r\n                                    <a href=\"https:\/\/la-toussuire.com\/en\/details\/eglise-saint-saturnin-178105-En\/\">Eglise Saint-Saturnin<\/a>\r\n                                <\/h2>\r\n                                <p class=\"classement\"><\/p>\r\n                                <p class=\"card-text\">B\u00e2tie en 1658, l&#8217;\u00e9glise Saint-Saturnin tire surtout son originalit\u00e9 des couronnes mortuaires en perles de verre : elles couvrent litt\u00e9ralement l&#8217;ensemble de ses fa\u00e7ades !<\/p>\r\n                                <p class=\"labels\"><\/p>\r\n                            <\/div>\r\n                            <a href=\"https:\/\/la-toussuire.com\/en\/details\/eglise-saint-saturnin-178105-En\/\" class=\"btn\">View more<\/a>\r\n                        <\/div>\r\n                    <\/div>\r\n                <\/div>\r\n                            <div class=\"card 0-3pieces\">\r\n                    <div class=\"row\">\r\n                        <div class=\"col-md-3\">\r\n                                                            <div class=\"pictos\">\r\n                                    <span class=\"label-animaux_acceptes\" title=\"Pets welcome\">Pets welcome<\/span>                                <\/div>\r\n                                                        <img decoding=\"async\" src=\"https:\/\/static.apidae-tourisme.com\/filestore\/objets-touristiques\/images\/107\/249\/20576619-diaporama.jpg\" class=\"w-100\" alt=\"Image 202211208ski-27 (1)\">\r\n                        <\/div>\r\n                        <div class=\"col-md-9\">\r\n                            <div class=\"card-block px-1\">\r\n                                <h2 class=\"card-title\">\r\n                                    <a href=\"https:\/\/la-toussuire.com\/en\/details\/la-confiserie-spagnolo-5931080-En\/\">La Confiserie Spagnolo<\/a>\r\n                                <\/h2>\r\n                                <p class=\"classement\"><\/p>\r\n                                <p class=\"card-text\">The Confiserie Spagnolo offers you something to delight your taste buds and take you back to childhood!<\/p>\r\n                                <p class=\"labels\"><\/p>\r\n                            <\/div>\r\n                            <a href=\"https:\/\/la-toussuire.com\/en\/details\/la-confiserie-spagnolo-5931080-En\/\" class=\"btn\">View more<\/a>\r\n                        <\/div>\r\n                    <\/div>\r\n                <\/div>\r\n                            <div class=\"card 0-3pieces\">\r\n                    <div class=\"row\">\r\n                        <div class=\"col-md-3\">\r\n                                                        <img decoding=\"async\" src=\"https:\/\/static.apidae-tourisme.com\/filestore\/objets-touristiques\/images\/48\/84\/3232816-diaporama.jpg\" class=\"w-100\" alt=\"Image IMG_3226\">\r\n                        <\/div>\r\n                        <div class=\"col-md-9\">\r\n                            <div class=\"card-block px-1\">\r\n                                <h2 class=\"card-title\">\r\n                                    <a href=\"https:\/\/la-toussuire.com\/en\/details\/arves-honey-factory-4845457-En\/\">Arves honey factory<\/a>\r\n                                <\/h2>\r\n                                <p class=\"classement\"><\/p>\r\n                                <p class=\"card-text\">Educational farm with guided tour and producer store. Sale of honey and derived products (candle, honey vinegar, pollen, etc.)<\/p>\r\n                                <p class=\"labels\"><\/p>\r\n                            <\/div>\r\n                            <a href=\"https:\/\/la-toussuire.com\/en\/details\/arves-honey-factory-4845457-En\/\" class=\"btn\">View more<\/a>\r\n                        <\/div>\r\n                    <\/div>\r\n                <\/div>\r\n                    <\/div>\r\n    <\/div>\r\n    <div id=\"selection-map\" class=\"selection-mode-map\" style=\"display: none;\">\r\n        <div class=\"map\" id=\"MapContainerListe\"><\/div>\r\n    <\/div>\r\n<!--END ITEMS APIDAE -->\r\n\r\n<!--BEGIN PAGINATOR -->\r\n<!--BEGIN PAGINATOR --><\/div>","protected":false},"excerpt":{"rendered":"<p>Such beautiful things to discover! Explore and discover the beauties of Les Sybelles. Then, stop for a tasting of 100% local produce&#8230; Would you prefer cheese or honey? Discover our selection, and treat yourself!<\/p>\n","protected":false},"author":2,"featured_media":7632,"parent":11681,"menu_order":1,"comment_status":"closed","ping_status":"closed","template":"page-template.php","meta":{"_acf_changed":false,"footnotes":""},"class_list":["post-11673","page","type-page","status-publish","has-post-thumbnail","hentry"],"acf":[],"yoast_head":"<!-- This site is optimized with the Yoast SEO plugin v27.1.1 - https:\/\/yoast.com\/product\/yoast-seo-wordpress\/ -->\n<title>Visits and tastings at Les Sybelles - La Toussuire<\/title>\n<meta name=\"description\" content=\"Cheesemongers, apiary, confectionery, farms, farming, visit the religious or historical heritage of Les Sybelles\" \/>\n<meta name=\"robots\" content=\"index, follow, max-snippet:-1, max-image-preview:large, max-video-preview:-1\" \/>\n<link rel=\"canonical\" href=\"https:\/\/la-toussuire.com\/en\/what-to-do-in-summer\/the-surrounding-area\/visites-et-degustations-sur-les-sybelles\/\" \/>\n<meta property=\"og:locale\" content=\"en_US\" \/>\n<meta property=\"og:type\" content=\"article\" \/>\n<meta property=\"og:title\" content=\"Visits and tastings at Les Sybelles - La Toussuire\" \/>\n<meta property=\"og:description\" content=\"Cheesemongers, apiary, confectionery, farms, farming, visit the religious or historical heritage of Les Sybelles\" \/>\n<meta property=\"og:url\" content=\"https:\/\/la-toussuire.com\/en\/what-to-do-in-summer\/the-surrounding-area\/visites-et-degustations-sur-les-sybelles\/\" \/>\n<meta property=\"og:site_name\" content=\"La Toussuire\" \/>\n<meta property=\"article:modified_time\" content=\"2024-05-23T13:57:18+00:00\" \/>\n<meta property=\"og:image\" content=\"https:\/\/la-toussuire.com\/wp-content\/uploads\/OTToussuire_Visite_Degustation_Sybelles_Presentation\u00a9CooperativeLaChambre@La_Toussuire.jpg\" \/>\n\t<meta property=\"og:image:width\" content=\"960\" \/>\n\t<meta property=\"og:image:height\" content=\"640\" \/>\n\t<meta property=\"og:image:type\" content=\"image\/jpeg\" \/>\n<meta name=\"twitter:card\" content=\"summary_large_image\" \/>\n<meta name=\"twitter:label1\" content=\"Est. reading time\" \/>\n\t<meta name=\"twitter:data1\" content=\"1 minute\" \/>\n<script type=\"application\/ld+json\" class=\"yoast-schema-graph\">{\"@context\":\"https:\/\/schema.org\",\"@graph\":[{\"@type\":\"WebPage\",\"@id\":\"https:\/\/la-toussuire.com\/en\/what-to-do-in-summer\/the-surrounding-area\/visites-et-degustations-sur-les-sybelles\/\",\"url\":\"https:\/\/la-toussuire.com\/en\/what-to-do-in-summer\/the-surrounding-area\/visites-et-degustations-sur-les-sybelles\/\",\"name\":\"Visits and tastings at Les Sybelles - La Toussuire\",\"isPartOf\":{\"@id\":\"https:\/\/la-toussuire.com\/en\/#website\"},\"primaryImageOfPage\":{\"@id\":\"https:\/\/la-toussuire.com\/en\/what-to-do-in-summer\/the-surrounding-area\/visites-et-degustations-sur-les-sybelles\/#primaryimage\"},\"image\":{\"@id\":\"https:\/\/la-toussuire.com\/en\/what-to-do-in-summer\/the-surrounding-area\/visites-et-degustations-sur-les-sybelles\/#primaryimage\"},\"thumbnailUrl\":\"https:\/\/la-toussuire.com\/wp-content\/uploads\/OTToussuire_Visite_Degustation_Sybelles_Presentation\u00a9CooperativeLaChambre@La_Toussuire.jpg\",\"datePublished\":\"2023-01-17T09:12:52+00:00\",\"dateModified\":\"2024-05-23T13:57:18+00:00\",\"description\":\"Cheesemongers, apiary, confectionery, farms, farming, visit the religious or historical heritage of Les Sybelles\",\"breadcrumb\":{\"@id\":\"https:\/\/la-toussuire.com\/en\/what-to-do-in-summer\/the-surrounding-area\/visites-et-degustations-sur-les-sybelles\/#breadcrumb\"},\"inLanguage\":\"en-US\",\"potentialAction\":[{\"@type\":\"ReadAction\",\"target\":[\"https:\/\/la-toussuire.com\/en\/what-to-do-in-summer\/the-surrounding-area\/visites-et-degustations-sur-les-sybelles\/\"]}]},{\"@type\":\"ImageObject\",\"inLanguage\":\"en-US\",\"@id\":\"https:\/\/la-toussuire.com\/en\/what-to-do-in-summer\/the-surrounding-area\/visites-et-degustations-sur-les-sybelles\/#primaryimage\",\"url\":\"https:\/\/la-toussuire.com\/wp-content\/uploads\/OTToussuire_Visite_Degustation_Sybelles_Presentation\u00a9CooperativeLaChambre@La_Toussuire.jpg\",\"contentUrl\":\"https:\/\/la-toussuire.com\/wp-content\/uploads\/OTToussuire_Visite_Degustation_Sybelles_Presentation\u00a9CooperativeLaChambre@La_Toussuire.jpg\",\"width\":960,\"height\":640,\"caption\":\"La Chambre cooperative\"},{\"@type\":\"BreadcrumbList\",\"@id\":\"https:\/\/la-toussuire.com\/en\/what-to-do-in-summer\/the-surrounding-area\/visites-et-degustations-sur-les-sybelles\/#breadcrumb\",\"itemListElement\":[{\"@type\":\"ListItem\",\"position\":1,\"name\":\"Home\",\"item\":\"https:\/\/la-toussuire.com\/en\/\"},{\"@type\":\"ListItem\",\"position\":2,\"name\":\"I&#8217;m having fun\",\"item\":\"https:\/\/la-toussuire.com\/en\/what-to-do-in-summer\/\"},{\"@type\":\"ListItem\",\"position\":3,\"name\":\"The surrounding area\",\"item\":\"https:\/\/la-toussuire.com\/en\/what-to-do-in-summer\/the-surrounding-area\/\"},{\"@type\":\"ListItem\",\"position\":4,\"name\":\"Visits and tastings at Les Sybelles\"}]},{\"@type\":\"WebSite\",\"@id\":\"https:\/\/la-toussuire.com\/en\/#website\",\"url\":\"https:\/\/la-toussuire.com\/en\/\",\"name\":\"La Toussuire\",\"description\":\"\",\"publisher\":{\"@id\":\"https:\/\/la-toussuire.com\/en\/#organization\"},\"potentialAction\":[{\"@type\":\"SearchAction\",\"target\":{\"@type\":\"EntryPoint\",\"urlTemplate\":\"https:\/\/la-toussuire.com\/en\/?s={search_term_string}\"},\"query-input\":{\"@type\":\"PropertyValueSpecification\",\"valueRequired\":true,\"valueName\":\"search_term_string\"}}],\"inLanguage\":\"en-US\"},{\"@type\":\"Organization\",\"@id\":\"https:\/\/la-toussuire.com\/en\/#organization\",\"name\":\"La Toussuire\",\"url\":\"https:\/\/la-toussuire.com\/en\/\",\"logo\":{\"@type\":\"ImageObject\",\"inLanguage\":\"en-US\",\"@id\":\"https:\/\/la-toussuire.com\/en\/#\/schema\/logo\/image\/\",\"url\":\"https:\/\/la-toussuire.com\/wp-content\/uploads\/LA-TOUSSUIRE_Logo_ALT.png\",\"contentUrl\":\"https:\/\/la-toussuire.com\/wp-content\/uploads\/LA-TOUSSUIRE_Logo_ALT.png\",\"width\":557,\"height\":325,\"caption\":\"La Toussuire\"},\"image\":{\"@id\":\"https:\/\/la-toussuire.com\/en\/#\/schema\/logo\/image\/\"}}]}<\/script>\n<!-- \/ Yoast SEO plugin. -->","yoast_head_json":{"title":"Visits and tastings at Les Sybelles - La Toussuire","description":"Cheesemongers, apiary, confectionery, farms, farming, visit the religious or historical heritage of Les Sybelles","robots":{"index":"index","follow":"follow","max-snippet":"max-snippet:-1","max-image-preview":"max-image-preview:large","max-video-preview":"max-video-preview:-1"},"canonical":"https:\/\/la-toussuire.com\/en\/what-to-do-in-summer\/the-surrounding-area\/visites-et-degustations-sur-les-sybelles\/","og_locale":"en_US","og_type":"article","og_title":"Visits and tastings at Les Sybelles - La Toussuire","og_description":"Cheesemongers, apiary, confectionery, farms, farming, visit the religious or historical heritage of Les Sybelles","og_url":"https:\/\/la-toussuire.com\/en\/what-to-do-in-summer\/the-surrounding-area\/visites-et-degustations-sur-les-sybelles\/","og_site_name":"La Toussuire","article_modified_time":"2024-05-23T13:57:18+00:00","og_image":[{"width":960,"height":640,"url":"https:\/\/la-toussuire.com\/wp-content\/uploads\/OTToussuire_Visite_Degustation_Sybelles_Presentation\u00a9CooperativeLaChambre@La_Toussuire.jpg","type":"image\/jpeg"}],"twitter_card":"summary_large_image","twitter_misc":{"Est. reading time":"1 minute"},"schema":{"@context":"https:\/\/schema.org","@graph":[{"@type":"WebPage","@id":"https:\/\/la-toussuire.com\/en\/what-to-do-in-summer\/the-surrounding-area\/visites-et-degustations-sur-les-sybelles\/","url":"https:\/\/la-toussuire.com\/en\/what-to-do-in-summer\/the-surrounding-area\/visites-et-degustations-sur-les-sybelles\/","name":"Visits and tastings at Les Sybelles - La Toussuire","isPartOf":{"@id":"https:\/\/la-toussuire.com\/en\/#website"},"primaryImageOfPage":{"@id":"https:\/\/la-toussuire.com\/en\/what-to-do-in-summer\/the-surrounding-area\/visites-et-degustations-sur-les-sybelles\/#primaryimage"},"image":{"@id":"https:\/\/la-toussuire.com\/en\/what-to-do-in-summer\/the-surrounding-area\/visites-et-degustations-sur-les-sybelles\/#primaryimage"},"thumbnailUrl":"https:\/\/la-toussuire.com\/wp-content\/uploads\/OTToussuire_Visite_Degustation_Sybelles_Presentation\u00a9CooperativeLaChambre@La_Toussuire.jpg","datePublished":"2023-01-17T09:12:52+00:00","dateModified":"2024-05-23T13:57:18+00:00","description":"Cheesemongers, apiary, confectionery, farms, farming, visit the religious or historical heritage of Les Sybelles","breadcrumb":{"@id":"https:\/\/la-toussuire.com\/en\/what-to-do-in-summer\/the-surrounding-area\/visites-et-degustations-sur-les-sybelles\/#breadcrumb"},"inLanguage":"en-US","potentialAction":[{"@type":"ReadAction","target":["https:\/\/la-toussuire.com\/en\/what-to-do-in-summer\/the-surrounding-area\/visites-et-degustations-sur-les-sybelles\/"]}]},{"@type":"ImageObject","inLanguage":"en-US","@id":"https:\/\/la-toussuire.com\/en\/what-to-do-in-summer\/the-surrounding-area\/visites-et-degustations-sur-les-sybelles\/#primaryimage","url":"https:\/\/la-toussuire.com\/wp-content\/uploads\/OTToussuire_Visite_Degustation_Sybelles_Presentation\u00a9CooperativeLaChambre@La_Toussuire.jpg","contentUrl":"https:\/\/la-toussuire.com\/wp-content\/uploads\/OTToussuire_Visite_Degustation_Sybelles_Presentation\u00a9CooperativeLaChambre@La_Toussuire.jpg","width":960,"height":640,"caption":"La Chambre cooperative"},{"@type":"BreadcrumbList","@id":"https:\/\/la-toussuire.com\/en\/what-to-do-in-summer\/the-surrounding-area\/visites-et-degustations-sur-les-sybelles\/#breadcrumb","itemListElement":[{"@type":"ListItem","position":1,"name":"Home","item":"https:\/\/la-toussuire.com\/en\/"},{"@type":"ListItem","position":2,"name":"I&#8217;m having fun","item":"https:\/\/la-toussuire.com\/en\/what-to-do-in-summer\/"},{"@type":"ListItem","position":3,"name":"The surrounding area","item":"https:\/\/la-toussuire.com\/en\/what-to-do-in-summer\/the-surrounding-area\/"},{"@type":"ListItem","position":4,"name":"Visits and tastings at Les Sybelles"}]},{"@type":"WebSite","@id":"https:\/\/la-toussuire.com\/en\/#website","url":"https:\/\/la-toussuire.com\/en\/","name":"La Toussuire","description":"","publisher":{"@id":"https:\/\/la-toussuire.com\/en\/#organization"},"potentialAction":[{"@type":"SearchAction","target":{"@type":"EntryPoint","urlTemplate":"https:\/\/la-toussuire.com\/en\/?s={search_term_string}"},"query-input":{"@type":"PropertyValueSpecification","valueRequired":true,"valueName":"search_term_string"}}],"inLanguage":"en-US"},{"@type":"Organization","@id":"https:\/\/la-toussuire.com\/en\/#organization","name":"La Toussuire","url":"https:\/\/la-toussuire.com\/en\/","logo":{"@type":"ImageObject","inLanguage":"en-US","@id":"https:\/\/la-toussuire.com\/en\/#\/schema\/logo\/image\/","url":"https:\/\/la-toussuire.com\/wp-content\/uploads\/LA-TOUSSUIRE_Logo_ALT.png","contentUrl":"https:\/\/la-toussuire.com\/wp-content\/uploads\/LA-TOUSSUIRE_Logo_ALT.png","width":557,"height":325,"caption":"La Toussuire"},"image":{"@id":"https:\/\/la-toussuire.com\/en\/#\/schema\/logo\/image\/"}}]}},"_links":{"self":[{"href":"https:\/\/la-toussuire.com\/en\/wp-json\/wp\/v2\/pages\/11673","targetHints":{"allow":["GET"]}}],"collection":[{"href":"https:\/\/la-toussuire.com\/en\/wp-json\/wp\/v2\/pages"}],"about":[{"href":"https:\/\/la-toussuire.com\/en\/wp-json\/wp\/v2\/types\/page"}],"author":[{"embeddable":true,"href":"https:\/\/la-toussuire.com\/en\/wp-json\/wp\/v2\/users\/2"}],"replies":[{"embeddable":true,"href":"https:\/\/la-toussuire.com\/en\/wp-json\/wp\/v2\/comments?post=11673"}],"version-history":[{"count":2,"href":"https:\/\/la-toussuire.com\/en\/wp-json\/wp\/v2\/pages\/11673\/revisions"}],"predecessor-version":[{"id":31405,"href":"https:\/\/la-toussuire.com\/en\/wp-json\/wp\/v2\/pages\/11673\/revisions\/31405"}],"up":[{"embeddable":true,"href":"https:\/\/la-toussuire.com\/en\/wp-json\/wp\/v2\/pages\/11681"}],"wp:featuredmedia":[{"embeddable":true,"href":"https:\/\/la-toussuire.com\/en\/wp-json\/wp\/v2\/media\/7632"}],"wp:attachment":[{"href":"https:\/\/la-toussuire.com\/en\/wp-json\/wp\/v2\/media?parent=11673"}],"curies":[{"name":"wp","href":"https:\/\/api.w.org\/{rel}","templated":true}]}}