{"id":11537,"date":"2023-01-05T12:07:49","date_gmt":"2023-01-05T11:07:49","guid":{"rendered":"https:\/\/la-toussuire.com\/high-altitude-restaurants\/"},"modified":"2023-01-05T12:07:49","modified_gmt":"2023-01-05T11:07:49","slug":"high-altitude-restaurants","status":"publish","type":"page","link":"https:\/\/la-toussuire.com\/en\/your-stay\/find-our-shops-and-services\/high-altitude-restaurants\/","title":{"rendered":"high-altitude restaurants"},"content":{"rendered":"<div class=\"block block-core-heading\">\n<h2 class=\"wp-block-heading\">Feast at the top <\/h2>\n<\/div><div class=\"block block-core-paragraph\">\n<p>In La Toussuire, even at more than <strong>2,000m<\/strong> of altitude, great food options are available! <strong>Enjoy the view<\/strong> and <strong>breathe in the fresh air<\/strong>&#8230; You can even ride up there on one of the slope groomers! <em>This is certain to be a unique experience!<\/em><\/p>\n<\/div><div class=\"block block-core-paragraph\">\n<p><em>Feeling tempted? <\/em>Discover our selection, our high-altitude restaurants are bound to please&#8230; <\/p>\n<\/div><div class=\"block block-lba-apidae-selection\"><!--BEGIN ITEMS APIDAE -->\r\n    <div class=\"selection-mode-selector\" data-selection=\"117729\">\r\n        <ul>\r\n            <li><a href=\"#selection-grid\" class=\"active\">Grid view<\/a><\/li>\r\n            <li><a href=\"#selection-map\">Map view<\/a><\/li>\r\n        <\/ul>\r\n    <\/div>\r\n    <div id=\"selection-grid\" style=\"display: block;\">\r\n\r\n        <!--BEGIN FILTER -->\r\n                <!--BEGIN FILTER -->\r\n\r\n        <div id=\"selection-grid\" class=\"selection-mode-default\">\r\n                            <div class=\"card 0-3pieces\">\r\n                    <div class=\"row\">\r\n                        <div class=\"col-md-3\">\r\n                                                        <img decoding=\"async\" src=\"https:\/\/static.apidae-tourisme.com\/filestore\/objets-touristiques\/images\/85\/226\/26731093-diaporama.png\" class=\"w-100\" alt=\"Image lescigales_restaurant\">\r\n                        <\/div>\r\n                        <div class=\"col-md-9\">\r\n                            <div class=\"card-block px-1\">\r\n                                <h2 class=\"card-title\">\r\n                                    <a href=\"https:\/\/la-toussuire.com\/en\/details\/les-cigales-400498-Fr\/\">Les Cigales<\/a>\r\n                                <\/h2>\r\n                                <p class=\"classement\"><\/p>\r\n                                <p class=\"card-text\">Restaurant savoyard chaleureux, id\u00e9al pour accueillir groupes et \u00e9v\u00e9nements, avec h\u00e9bergement sur place pour prolonger l\u2019exp\u00e9rience en toute convivialit\u00e9.<\/p>\r\n                                <p class=\"labels\"><\/p>\r\n                            <\/div>\r\n                            <a href=\"https:\/\/la-toussuire.com\/en\/details\/les-cigales-400498-Fr\/\" class=\"btn\">View more<\/a>\r\n                        <\/div>\r\n                    <\/div>\r\n                <\/div>\r\n                    <\/div>\r\n    <\/div>\r\n    <div id=\"selection-map\" class=\"selection-mode-map\" style=\"display: none;\">\r\n        <div class=\"map\" id=\"MapContainerListe\"><\/div>\r\n    <\/div>\r\n<!--END ITEMS APIDAE -->\r\n\r\n<!--BEGIN PAGINATOR -->\r\n<!--BEGIN PAGINATOR --><\/div>","protected":false},"excerpt":{"rendered":"<p>Feast at the top In La Toussuire, even at more than 2,000m of altitude, great food options are available! Enjoy the view and breathe in the fresh air&#8230; You can even ride up there on one of the slope groomers! This is certain to be a unique experience! Feeling tempted? Discover our selection, our high-altitude [&hellip;]<\/p>\n","protected":false},"author":2,"featured_media":7967,"parent":16897,"menu_order":2,"comment_status":"closed","ping_status":"closed","template":"page-template.php","meta":{"_acf_changed":false,"footnotes":""},"class_list":["post-11537","page","type-page","status-publish","has-post-thumbnail","hentry"],"acf":[],"yoast_head":"<!-- This site is optimized with the Yoast SEO plugin v27.1.1 - https:\/\/yoast.com\/product\/yoast-seo-wordpress\/ -->\n<title>high-altitude restaurants - La Toussuire<\/title>\n<meta name=\"description\" content=\"Our high-altitude restaurants offer dining, drinks and snacks, with a magnificent panorama as a backdrop, while you savour local specialities.\" \/>\n<meta name=\"robots\" content=\"index, follow, max-snippet:-1, max-image-preview:large, max-video-preview:-1\" \/>\n<link rel=\"canonical\" href=\"https:\/\/la-toussuire.com\/en\/your-stay\/find-our-shops-and-services\/high-altitude-restaurants\/\" \/>\n<meta property=\"og:locale\" content=\"en_US\" \/>\n<meta property=\"og:type\" content=\"article\" \/>\n<meta property=\"og:title\" content=\"high-altitude restaurants - La Toussuire\" \/>\n<meta property=\"og:description\" content=\"Our high-altitude restaurants offer dining, drinks and snacks, with a magnificent panorama as a backdrop, while you savour local specialities.\" \/>\n<meta property=\"og:url\" content=\"https:\/\/la-toussuire.com\/en\/your-stay\/find-our-shops-and-services\/high-altitude-restaurants\/\" \/>\n<meta property=\"og:site_name\" content=\"La Toussuire\" \/>\n<meta property=\"og:image\" content=\"https:\/\/la-toussuire.com\/wp-content\/uploads\/OTToussuire_Restaurant_Altitude_Presentation\u00a9AgenceZoom@La_Toussuire.jpg\" \/>\n\t<meta property=\"og:image:width\" content=\"1024\" \/>\n\t<meta property=\"og:image:height\" content=\"683\" \/>\n\t<meta property=\"og:image:type\" content=\"image\/jpeg\" \/>\n<meta name=\"twitter:card\" content=\"summary_large_image\" \/>\n<script type=\"application\/ld+json\" class=\"yoast-schema-graph\">{\"@context\":\"https:\/\/schema.org\",\"@graph\":[{\"@type\":\"WebPage\",\"@id\":\"https:\/\/la-toussuire.com\/en\/your-stay\/find-our-shops-and-services\/high-altitude-restaurants\/\",\"url\":\"https:\/\/la-toussuire.com\/en\/your-stay\/find-our-shops-and-services\/high-altitude-restaurants\/\",\"name\":\"high-altitude restaurants - La Toussuire\",\"isPartOf\":{\"@id\":\"https:\/\/la-toussuire.com\/en\/#website\"},\"primaryImageOfPage\":{\"@id\":\"https:\/\/la-toussuire.com\/en\/your-stay\/find-our-shops-and-services\/high-altitude-restaurants\/#primaryimage\"},\"image\":{\"@id\":\"https:\/\/la-toussuire.com\/en\/your-stay\/find-our-shops-and-services\/high-altitude-restaurants\/#primaryimage\"},\"thumbnailUrl\":\"https:\/\/la-toussuire.com\/wp-content\/uploads\/OTToussuire_Restaurant_Altitude_Presentation\u00a9AgenceZoom@La_Toussuire.jpg\",\"datePublished\":\"2023-01-05T11:07:49+00:00\",\"description\":\"Our high-altitude restaurants offer dining, drinks and snacks, with a magnificent panorama as a backdrop, while you savour local specialities.\",\"breadcrumb\":{\"@id\":\"https:\/\/la-toussuire.com\/en\/your-stay\/find-our-shops-and-services\/high-altitude-restaurants\/#breadcrumb\"},\"inLanguage\":\"en-US\",\"potentialAction\":[{\"@type\":\"ReadAction\",\"target\":[\"https:\/\/la-toussuire.com\/en\/your-stay\/find-our-shops-and-services\/high-altitude-restaurants\/\"]}]},{\"@type\":\"ImageObject\",\"inLanguage\":\"en-US\",\"@id\":\"https:\/\/la-toussuire.com\/en\/your-stay\/find-our-shops-and-services\/high-altitude-restaurants\/#primaryimage\",\"url\":\"https:\/\/la-toussuire.com\/wp-content\/uploads\/OTToussuire_Restaurant_Altitude_Presentation\u00a9AgenceZoom@La_Toussuire.jpg\",\"contentUrl\":\"https:\/\/la-toussuire.com\/wp-content\/uploads\/OTToussuire_Restaurant_Altitude_Presentation\u00a9AgenceZoom@La_Toussuire.jpg\",\"width\":1024,\"height\":683,\"caption\":\"Restaurant d'Altitude\"},{\"@type\":\"BreadcrumbList\",\"@id\":\"https:\/\/la-toussuire.com\/en\/your-stay\/find-our-shops-and-services\/high-altitude-restaurants\/#breadcrumb\",\"itemListElement\":[{\"@type\":\"ListItem\",\"position\":1,\"name\":\"Home\",\"item\":\"https:\/\/la-toussuire.com\/en\/\"},{\"@type\":\"ListItem\",\"position\":2,\"name\":\"high-altitude restaurants\"}]},{\"@type\":\"WebSite\",\"@id\":\"https:\/\/la-toussuire.com\/en\/#website\",\"url\":\"https:\/\/la-toussuire.com\/en\/\",\"name\":\"La Toussuire\",\"description\":\"\",\"publisher\":{\"@id\":\"https:\/\/la-toussuire.com\/en\/#organization\"},\"potentialAction\":[{\"@type\":\"SearchAction\",\"target\":{\"@type\":\"EntryPoint\",\"urlTemplate\":\"https:\/\/la-toussuire.com\/en\/?s={search_term_string}\"},\"query-input\":{\"@type\":\"PropertyValueSpecification\",\"valueRequired\":true,\"valueName\":\"search_term_string\"}}],\"inLanguage\":\"en-US\"},{\"@type\":\"Organization\",\"@id\":\"https:\/\/la-toussuire.com\/en\/#organization\",\"name\":\"La Toussuire\",\"url\":\"https:\/\/la-toussuire.com\/en\/\",\"logo\":{\"@type\":\"ImageObject\",\"inLanguage\":\"en-US\",\"@id\":\"https:\/\/la-toussuire.com\/en\/#\/schema\/logo\/image\/\",\"url\":\"https:\/\/la-toussuire.com\/wp-content\/uploads\/cropped-Nouveau-LA-TOUSSUIRE_Logo_Plan-de-travail-1-02.png\",\"contentUrl\":\"https:\/\/la-toussuire.com\/wp-content\/uploads\/cropped-Nouveau-LA-TOUSSUIRE_Logo_Plan-de-travail-1-02.png\",\"width\":591,\"height\":591,\"caption\":\"La Toussuire\"},\"image\":{\"@id\":\"https:\/\/la-toussuire.com\/en\/#\/schema\/logo\/image\/\"}}]}<\/script>\n<!-- \/ Yoast SEO plugin. -->","yoast_head_json":{"title":"high-altitude restaurants - La Toussuire","description":"Our high-altitude restaurants offer dining, drinks and snacks, with a magnificent panorama as a backdrop, while you savour local specialities.","robots":{"index":"index","follow":"follow","max-snippet":"max-snippet:-1","max-image-preview":"max-image-preview:large","max-video-preview":"max-video-preview:-1"},"canonical":"https:\/\/la-toussuire.com\/en\/your-stay\/find-our-shops-and-services\/high-altitude-restaurants\/","og_locale":"en_US","og_type":"article","og_title":"high-altitude restaurants - La Toussuire","og_description":"Our high-altitude restaurants offer dining, drinks and snacks, with a magnificent panorama as a backdrop, while you savour local specialities.","og_url":"https:\/\/la-toussuire.com\/en\/your-stay\/find-our-shops-and-services\/high-altitude-restaurants\/","og_site_name":"La Toussuire","og_image":[{"width":1024,"height":683,"url":"https:\/\/la-toussuire.com\/wp-content\/uploads\/OTToussuire_Restaurant_Altitude_Presentation\u00a9AgenceZoom@La_Toussuire.jpg","type":"image\/jpeg"}],"twitter_card":"summary_large_image","schema":{"@context":"https:\/\/schema.org","@graph":[{"@type":"WebPage","@id":"https:\/\/la-toussuire.com\/en\/your-stay\/find-our-shops-and-services\/high-altitude-restaurants\/","url":"https:\/\/la-toussuire.com\/en\/your-stay\/find-our-shops-and-services\/high-altitude-restaurants\/","name":"high-altitude restaurants - La Toussuire","isPartOf":{"@id":"https:\/\/la-toussuire.com\/en\/#website"},"primaryImageOfPage":{"@id":"https:\/\/la-toussuire.com\/en\/your-stay\/find-our-shops-and-services\/high-altitude-restaurants\/#primaryimage"},"image":{"@id":"https:\/\/la-toussuire.com\/en\/your-stay\/find-our-shops-and-services\/high-altitude-restaurants\/#primaryimage"},"thumbnailUrl":"https:\/\/la-toussuire.com\/wp-content\/uploads\/OTToussuire_Restaurant_Altitude_Presentation\u00a9AgenceZoom@La_Toussuire.jpg","datePublished":"2023-01-05T11:07:49+00:00","description":"Our high-altitude restaurants offer dining, drinks and snacks, with a magnificent panorama as a backdrop, while you savour local specialities.","breadcrumb":{"@id":"https:\/\/la-toussuire.com\/en\/your-stay\/find-our-shops-and-services\/high-altitude-restaurants\/#breadcrumb"},"inLanguage":"en-US","potentialAction":[{"@type":"ReadAction","target":["https:\/\/la-toussuire.com\/en\/your-stay\/find-our-shops-and-services\/high-altitude-restaurants\/"]}]},{"@type":"ImageObject","inLanguage":"en-US","@id":"https:\/\/la-toussuire.com\/en\/your-stay\/find-our-shops-and-services\/high-altitude-restaurants\/#primaryimage","url":"https:\/\/la-toussuire.com\/wp-content\/uploads\/OTToussuire_Restaurant_Altitude_Presentation\u00a9AgenceZoom@La_Toussuire.jpg","contentUrl":"https:\/\/la-toussuire.com\/wp-content\/uploads\/OTToussuire_Restaurant_Altitude_Presentation\u00a9AgenceZoom@La_Toussuire.jpg","width":1024,"height":683,"caption":"Restaurant d'Altitude"},{"@type":"BreadcrumbList","@id":"https:\/\/la-toussuire.com\/en\/your-stay\/find-our-shops-and-services\/high-altitude-restaurants\/#breadcrumb","itemListElement":[{"@type":"ListItem","position":1,"name":"Home","item":"https:\/\/la-toussuire.com\/en\/"},{"@type":"ListItem","position":2,"name":"high-altitude restaurants"}]},{"@type":"WebSite","@id":"https:\/\/la-toussuire.com\/en\/#website","url":"https:\/\/la-toussuire.com\/en\/","name":"La Toussuire","description":"","publisher":{"@id":"https:\/\/la-toussuire.com\/en\/#organization"},"potentialAction":[{"@type":"SearchAction","target":{"@type":"EntryPoint","urlTemplate":"https:\/\/la-toussuire.com\/en\/?s={search_term_string}"},"query-input":{"@type":"PropertyValueSpecification","valueRequired":true,"valueName":"search_term_string"}}],"inLanguage":"en-US"},{"@type":"Organization","@id":"https:\/\/la-toussuire.com\/en\/#organization","name":"La Toussuire","url":"https:\/\/la-toussuire.com\/en\/","logo":{"@type":"ImageObject","inLanguage":"en-US","@id":"https:\/\/la-toussuire.com\/en\/#\/schema\/logo\/image\/","url":"https:\/\/la-toussuire.com\/wp-content\/uploads\/cropped-Nouveau-LA-TOUSSUIRE_Logo_Plan-de-travail-1-02.png","contentUrl":"https:\/\/la-toussuire.com\/wp-content\/uploads\/cropped-Nouveau-LA-TOUSSUIRE_Logo_Plan-de-travail-1-02.png","width":591,"height":591,"caption":"La Toussuire"},"image":{"@id":"https:\/\/la-toussuire.com\/en\/#\/schema\/logo\/image\/"}}]}},"_links":{"self":[{"href":"https:\/\/la-toussuire.com\/en\/wp-json\/wp\/v2\/pages\/11537","targetHints":{"allow":["GET"]}}],"collection":[{"href":"https:\/\/la-toussuire.com\/en\/wp-json\/wp\/v2\/pages"}],"about":[{"href":"https:\/\/la-toussuire.com\/en\/wp-json\/wp\/v2\/types\/page"}],"author":[{"embeddable":true,"href":"https:\/\/la-toussuire.com\/en\/wp-json\/wp\/v2\/users\/2"}],"replies":[{"embeddable":true,"href":"https:\/\/la-toussuire.com\/en\/wp-json\/wp\/v2\/comments?post=11537"}],"version-history":[{"count":1,"href":"https:\/\/la-toussuire.com\/en\/wp-json\/wp\/v2\/pages\/11537\/revisions"}],"predecessor-version":[{"id":11538,"href":"https:\/\/la-toussuire.com\/en\/wp-json\/wp\/v2\/pages\/11537\/revisions\/11538"}],"up":[{"embeddable":true,"href":"https:\/\/la-toussuire.com\/en\/wp-json\/wp\/v2\/pages\/16897"}],"wp:featuredmedia":[{"embeddable":true,"href":"https:\/\/la-toussuire.com\/en\/wp-json\/wp\/v2\/media\/7967"}],"wp:attachment":[{"href":"https:\/\/la-toussuire.com\/en\/wp-json\/wp\/v2\/media?parent=11537"}],"curies":[{"name":"wp","href":"https:\/\/api.w.org\/{rel}","templated":true}]}}