{"id":11506,"date":"2023-01-04T15:21:49","date_gmt":"2023-01-04T14:21:49","guid":{"rendered":"https:\/\/la-toussuire.com\/your-stay\/discover-our-accommodations\/concierge-services\/"},"modified":"2023-03-22T11:13:22","modified_gmt":"2023-03-22T10:13:22","slug":"concierge-services","status":"publish","type":"page","link":"https:\/\/la-toussuire.com\/en\/your-stay\/discover-our-accommodations\/concierge-services\/","title":{"rendered":"Concierge services"},"content":{"rendered":"<div class=\"block block-core-heading\">\n<h2 class=\"wp-block-heading\">Simply delightful service&#8230;<\/h2>\n<\/div><div class=\"block block-core-paragraph\">\n<p>Concierge services in La Toussuire offer <strong>tailored management<\/strong> of your resort property. Concierge services can <strong>hand over keys to renters<\/strong>, ensure <strong>cleaning<\/strong> and <strong>inspections<\/strong>, but do not manage rentals in the way that <a href=\"https:\/\/la-toussuire.com\/en\/your-stay\/discover-our-accommodations\/estate-agencies\/\">estate agencies<\/a> do. <\/p>\n<\/div><div class=\"block block-lba-apidae-selection\"><!--BEGIN ITEMS APIDAE -->\r\n    <div class=\"selection-mode-selector\" data-selection=\"120755\">\r\n        <ul>\r\n            <li><a href=\"#selection-grid\" class=\"active\">Grid view<\/a><\/li>\r\n            <li><a href=\"#selection-map\">Map view<\/a><\/li>\r\n        <\/ul>\r\n    <\/div>\r\n    <div id=\"selection-grid\" style=\"display: block;\">\r\n\r\n        <!--BEGIN FILTER -->\r\n                <!--BEGIN FILTER -->\r\n\r\n        <div id=\"selection-grid\" class=\"selection-mode-default\">\r\n                            <div class=\"card 0-3pieces\">\r\n                    <div class=\"row\">\r\n                        <div class=\"col-md-3\">\r\n                                                        <img decoding=\"async\" src=\"https:\/\/static.apidae-tourisme.com\/filestore\/objets-touristiques\/images\/205\/40\/34875597-diaporama.jpg\" class=\"w-100\" alt=\"Image fond\">\r\n                        <\/div>\r\n                        <div class=\"col-md-9\">\r\n                            <div class=\"card-block px-1\">\r\n                                <h2 class=\"card-title\">\r\n                                    <a href=\"https:\/\/la-toussuire.com\/en\/details\/toussuire-immobilier-services-373297-Fr\/\">Toussuire Immobilier Services<\/a>\r\n                                <\/h2>\r\n                                <p class=\"classement\"><\/p>\r\n                                <p class=\"card-text\">Toussuire Immobilier Services, conciergerie priv\u00e9e, est une soci\u00e9t\u00e9 de gestion de propri\u00e9t\u00e9.\r\nDe nombreux services vous sont propos\u00e9s.<\/p>\r\n                                <p class=\"labels\"><\/p>\r\n                            <\/div>\r\n                            <a href=\"https:\/\/la-toussuire.com\/en\/details\/toussuire-immobilier-services-373297-Fr\/\" class=\"btn\">View more<\/a>\r\n                        <\/div>\r\n                    <\/div>\r\n                <\/div>\r\n                            <div class=\"card 0-3pieces\">\r\n                    <div class=\"row\">\r\n                        <div class=\"col-md-3\">\r\n                                                        <img decoding=\"async\" src=\"https:\/\/static.apidae-tourisme.com\/filestore\/objets-touristiques\/images\/159\/251\/31521695-diaporama.jpg\" class=\"w-100\" alt=\"Image montagne event\">\r\n                        <\/div>\r\n                        <div class=\"col-md-9\">\r\n                            <div class=\"card-block px-1\">\r\n                                <h2 class=\"card-title\">\r\n                                    <a href=\"https:\/\/la-toussuire.com\/en\/details\/montagne-event-7185606-Fr\/\">Montagne Event<\/a>\r\n                                <\/h2>\r\n                                <p class=\"classement\"><\/p>\r\n                                <p class=\"card-text\">Montagne Event est une conciergerie sp\u00e9cialis\u00e9e dans l&#8217;organisation de vos vacances sur mesure aux Sybelles.<\/p>\r\n                                <p class=\"labels\"><\/p>\r\n                            <\/div>\r\n                            <a href=\"https:\/\/la-toussuire.com\/en\/details\/montagne-event-7185606-Fr\/\" class=\"btn\">View more<\/a>\r\n                        <\/div>\r\n                    <\/div>\r\n                <\/div>\r\n                            <div class=\"card 0-3pieces\">\r\n                    <div class=\"row\">\r\n                        <div class=\"col-md-3\">\r\n                                                            <div class=\"pictos\">\r\n                                    <span class=\"label-cheque_vacances\" title=\"Ch\u00e8que-Vacances Classic\">Ch\u00e8que-Vacances Classic<\/span>                                <\/div>\r\n                                                        <img decoding=\"async\" src=\"https:\/\/static.apidae-tourisme.com\/filestore\/objets-touristiques\/images\/70\/114\/34239046-diaporama.png\" class=\"w-100\" alt=\"Image Photo ok APIDAE (88)\">\r\n                        <\/div>\r\n                        <div class=\"col-md-9\">\r\n                            <div class=\"card-block px-1\">\r\n                                <h2 class=\"card-title\">\r\n                                    <a href=\"https:\/\/la-toussuire.com\/en\/details\/mountain-collection-la-toussuire-7515961-Fr\/\">Mountain Collection &#8211; La Toussuire<\/a>\r\n                                <\/h2>\r\n                                <p class=\"classement\"><\/p>\r\n                                <p class=\"card-text\">Agence immobili\u00e8re,  location, conciergerie et vente .\r\nMountain Collection fait partie du 1er r\u00e9seau d&#8217;Agences Immobili\u00e8res des Alpes (CDA)\r\nUn des plus grands sp\u00e9cialistes en France des s\u00e9jours au ski adapt\u00e9s \u00e0 tous les budgets.<\/p>\r\n                                <p class=\"labels\"><\/p>\r\n                            <\/div>\r\n                            <a href=\"https:\/\/la-toussuire.com\/en\/details\/mountain-collection-la-toussuire-7515961-Fr\/\" class=\"btn\">View more<\/a>\r\n                        <\/div>\r\n                    <\/div>\r\n                <\/div>\r\n                            <div class=\"card 0-3pieces\">\r\n                    <div class=\"row\">\r\n                        <div class=\"col-md-3\">\r\n                                                        <img decoding=\"async\" src=\"https:\/\/static.apidae-tourisme.com\/filestore\/objets-touristiques\/images\/123\/247\/23656315-diaporama.png\" class=\"w-100\" alt=\"Image 601afec709881cf2ea43\">\r\n                        <\/div>\r\n                        <div class=\"col-md-9\">\r\n                            <div class=\"card-block px-1\">\r\n                                <h2 class=\"card-title\">\r\n                                    <a href=\"https:\/\/la-toussuire.com\/en\/details\/conciergerie-alpes-6967732-Fr\/\">Conciergerie Alpes +<\/a>\r\n                                <\/h2>\r\n                                <p class=\"classement\"><\/p>\r\n                                <p class=\"card-text\">Conciergerie, services pour tous les vacanciers :  Location  linge de lits et de maison. Location  mat\u00e9riel de pu\u00e9riculture. Aide \u00e0 la r\u00e9servation de prestations : taxis, restaurants, cours de ski.  Prestations pour les propri\u00e9taires de la station.<\/p>\r\n                                <p class=\"labels\"><\/p>\r\n                            <\/div>\r\n                            <a href=\"https:\/\/la-toussuire.com\/en\/details\/conciergerie-alpes-6967732-Fr\/\" class=\"btn\">View more<\/a>\r\n                        <\/div>\r\n                    <\/div>\r\n                <\/div>\r\n                    <\/div>\r\n    <\/div>\r\n    <div id=\"selection-map\" class=\"selection-mode-map\" style=\"display: none;\">\r\n        <div class=\"map\" id=\"MapContainerListe\"><\/div>\r\n    <\/div>\r\n<!--END ITEMS APIDAE -->\r\n\r\n<!--BEGIN PAGINATOR -->\r\n<!--BEGIN PAGINATOR --><\/div><div class=\"block block-core-paragraph\">\n<p><\/p>\n<\/div>","protected":false},"excerpt":{"rendered":"<p>Simply delightful service&#8230; Concierge services in La Toussuire offer tailored management of your resort property. Concierge services can hand over keys to renters, ensure cleaning and inspections, but do not manage rentals in the way that estate agencies do.<\/p>\n","protected":false},"author":2,"featured_media":7920,"parent":5848,"menu_order":9,"comment_status":"closed","ping_status":"closed","template":"page-template.php","meta":{"_acf_changed":false,"footnotes":""},"class_list":["post-11506","page","type-page","status-publish","has-post-thumbnail","hentry"],"acf":[],"yoast_head":"<!-- This site is optimized with the Yoast SEO plugin v27.1.1 - https:\/\/yoast.com\/product\/yoast-seo-wordpress\/ -->\n<title>Concierge services - La Toussuire<\/title>\n<meta name=\"description\" content=\"Concierge services can hand over keys to renters, and ensure cleaning and inspections; they provide real estate services but are not real estate agencies.\" \/>\n<meta name=\"robots\" content=\"index, follow, max-snippet:-1, max-image-preview:large, max-video-preview:-1\" \/>\n<link rel=\"canonical\" href=\"https:\/\/la-toussuire.com\/en\/your-stay\/discover-our-accommodations\/concierge-services\/\" \/>\n<meta property=\"og:locale\" content=\"en_US\" \/>\n<meta property=\"og:type\" content=\"article\" \/>\n<meta property=\"og:title\" content=\"Concierge services - La Toussuire\" \/>\n<meta property=\"og:description\" content=\"Concierge services can hand over keys to renters, and ensure cleaning and inspections; they provide real estate services but are not real estate agencies.\" \/>\n<meta property=\"og:url\" content=\"https:\/\/la-toussuire.com\/en\/your-stay\/discover-our-accommodations\/concierge-services\/\" \/>\n<meta property=\"og:site_name\" content=\"La Toussuire\" \/>\n<meta property=\"article:modified_time\" content=\"2023-03-22T10:13:22+00:00\" \/>\n<meta property=\"og:image\" content=\"https:\/\/la-toussuire.com\/wp-content\/uploads\/OTToussuire_Hebergement_Service_de_Conciergerie_Presentation\u00a9ClicClac@La_Toussuire.jpg\" \/>\n\t<meta property=\"og:image:width\" content=\"960\" \/>\n\t<meta property=\"og:image:height\" content=\"640\" \/>\n\t<meta property=\"og:image:type\" content=\"image\/jpeg\" \/>\n<meta name=\"twitter:card\" content=\"summary_large_image\" \/>\n<script type=\"application\/ld+json\" class=\"yoast-schema-graph\">{\"@context\":\"https:\/\/schema.org\",\"@graph\":[{\"@type\":\"WebPage\",\"@id\":\"https:\/\/la-toussuire.com\/en\/your-stay\/discover-our-accommodations\/concierge-services\/\",\"url\":\"https:\/\/la-toussuire.com\/en\/your-stay\/discover-our-accommodations\/concierge-services\/\",\"name\":\"Concierge services - La Toussuire\",\"isPartOf\":{\"@id\":\"https:\/\/la-toussuire.com\/en\/#website\"},\"primaryImageOfPage\":{\"@id\":\"https:\/\/la-toussuire.com\/en\/your-stay\/discover-our-accommodations\/concierge-services\/#primaryimage\"},\"image\":{\"@id\":\"https:\/\/la-toussuire.com\/en\/your-stay\/discover-our-accommodations\/concierge-services\/#primaryimage\"},\"thumbnailUrl\":\"https:\/\/la-toussuire.com\/wp-content\/uploads\/OTToussuire_Hebergement_Service_de_Conciergerie_Presentation\u00a9ClicClac@La_Toussuire.jpg\",\"datePublished\":\"2023-01-04T14:21:49+00:00\",\"dateModified\":\"2023-03-22T10:13:22+00:00\",\"description\":\"Concierge services can hand over keys to renters, and ensure cleaning and inspections; they provide real estate services but are not real estate agencies.\",\"breadcrumb\":{\"@id\":\"https:\/\/la-toussuire.com\/en\/your-stay\/discover-our-accommodations\/concierge-services\/#breadcrumb\"},\"inLanguage\":\"en-US\",\"potentialAction\":[{\"@type\":\"ReadAction\",\"target\":[\"https:\/\/la-toussuire.com\/en\/your-stay\/discover-our-accommodations\/concierge-services\/\"]}]},{\"@type\":\"ImageObject\",\"inLanguage\":\"en-US\",\"@id\":\"https:\/\/la-toussuire.com\/en\/your-stay\/discover-our-accommodations\/concierge-services\/#primaryimage\",\"url\":\"https:\/\/la-toussuire.com\/wp-content\/uploads\/OTToussuire_Hebergement_Service_de_Conciergerie_Presentation\u00a9ClicClac@La_Toussuire.jpg\",\"contentUrl\":\"https:\/\/la-toussuire.com\/wp-content\/uploads\/OTToussuire_Hebergement_Service_de_Conciergerie_Presentation\u00a9ClicClac@La_Toussuire.jpg\",\"width\":960,\"height\":640,\"caption\":\"Handcrafted heart\"},{\"@type\":\"BreadcrumbList\",\"@id\":\"https:\/\/la-toussuire.com\/en\/your-stay\/discover-our-accommodations\/concierge-services\/#breadcrumb\",\"itemListElement\":[{\"@type\":\"ListItem\",\"position\":1,\"name\":\"Home\",\"item\":\"https:\/\/la-toussuire.com\/en\/\"},{\"@type\":\"ListItem\",\"position\":2,\"name\":\"I&#8217;m organising my stay\",\"item\":\"https:\/\/la-toussuire.com\/en\/your-stay\/\"},{\"@type\":\"ListItem\",\"position\":3,\"name\":\"Our accommodation\",\"item\":\"https:\/\/la-toussuire.com\/en\/your-stay\/discover-our-accommodations\/\"},{\"@type\":\"ListItem\",\"position\":4,\"name\":\"Concierge services\"}]},{\"@type\":\"WebSite\",\"@id\":\"https:\/\/la-toussuire.com\/en\/#website\",\"url\":\"https:\/\/la-toussuire.com\/en\/\",\"name\":\"La Toussuire\",\"description\":\"\",\"publisher\":{\"@id\":\"https:\/\/la-toussuire.com\/en\/#organization\"},\"potentialAction\":[{\"@type\":\"SearchAction\",\"target\":{\"@type\":\"EntryPoint\",\"urlTemplate\":\"https:\/\/la-toussuire.com\/en\/?s={search_term_string}\"},\"query-input\":{\"@type\":\"PropertyValueSpecification\",\"valueRequired\":true,\"valueName\":\"search_term_string\"}}],\"inLanguage\":\"en-US\"},{\"@type\":\"Organization\",\"@id\":\"https:\/\/la-toussuire.com\/en\/#organization\",\"name\":\"La Toussuire\",\"url\":\"https:\/\/la-toussuire.com\/en\/\",\"logo\":{\"@type\":\"ImageObject\",\"inLanguage\":\"en-US\",\"@id\":\"https:\/\/la-toussuire.com\/en\/#\/schema\/logo\/image\/\",\"url\":\"https:\/\/la-toussuire.com\/wp-content\/uploads\/cropped-Nouveau-LA-TOUSSUIRE_Logo_Plan-de-travail-1-02.png\",\"contentUrl\":\"https:\/\/la-toussuire.com\/wp-content\/uploads\/cropped-Nouveau-LA-TOUSSUIRE_Logo_Plan-de-travail-1-02.png\",\"width\":591,\"height\":591,\"caption\":\"La Toussuire\"},\"image\":{\"@id\":\"https:\/\/la-toussuire.com\/en\/#\/schema\/logo\/image\/\"}}]}<\/script>\n<!-- \/ Yoast SEO plugin. -->","yoast_head_json":{"title":"Concierge services - La Toussuire","description":"Concierge services can hand over keys to renters, and ensure cleaning and inspections; they provide real estate services but are not real estate agencies.","robots":{"index":"index","follow":"follow","max-snippet":"max-snippet:-1","max-image-preview":"max-image-preview:large","max-video-preview":"max-video-preview:-1"},"canonical":"https:\/\/la-toussuire.com\/en\/your-stay\/discover-our-accommodations\/concierge-services\/","og_locale":"en_US","og_type":"article","og_title":"Concierge services - La Toussuire","og_description":"Concierge services can hand over keys to renters, and ensure cleaning and inspections; they provide real estate services but are not real estate agencies.","og_url":"https:\/\/la-toussuire.com\/en\/your-stay\/discover-our-accommodations\/concierge-services\/","og_site_name":"La Toussuire","article_modified_time":"2023-03-22T10:13:22+00:00","og_image":[{"width":960,"height":640,"url":"https:\/\/la-toussuire.com\/wp-content\/uploads\/OTToussuire_Hebergement_Service_de_Conciergerie_Presentation\u00a9ClicClac@La_Toussuire.jpg","type":"image\/jpeg"}],"twitter_card":"summary_large_image","schema":{"@context":"https:\/\/schema.org","@graph":[{"@type":"WebPage","@id":"https:\/\/la-toussuire.com\/en\/your-stay\/discover-our-accommodations\/concierge-services\/","url":"https:\/\/la-toussuire.com\/en\/your-stay\/discover-our-accommodations\/concierge-services\/","name":"Concierge services - La Toussuire","isPartOf":{"@id":"https:\/\/la-toussuire.com\/en\/#website"},"primaryImageOfPage":{"@id":"https:\/\/la-toussuire.com\/en\/your-stay\/discover-our-accommodations\/concierge-services\/#primaryimage"},"image":{"@id":"https:\/\/la-toussuire.com\/en\/your-stay\/discover-our-accommodations\/concierge-services\/#primaryimage"},"thumbnailUrl":"https:\/\/la-toussuire.com\/wp-content\/uploads\/OTToussuire_Hebergement_Service_de_Conciergerie_Presentation\u00a9ClicClac@La_Toussuire.jpg","datePublished":"2023-01-04T14:21:49+00:00","dateModified":"2023-03-22T10:13:22+00:00","description":"Concierge services can hand over keys to renters, and ensure cleaning and inspections; they provide real estate services but are not real estate agencies.","breadcrumb":{"@id":"https:\/\/la-toussuire.com\/en\/your-stay\/discover-our-accommodations\/concierge-services\/#breadcrumb"},"inLanguage":"en-US","potentialAction":[{"@type":"ReadAction","target":["https:\/\/la-toussuire.com\/en\/your-stay\/discover-our-accommodations\/concierge-services\/"]}]},{"@type":"ImageObject","inLanguage":"en-US","@id":"https:\/\/la-toussuire.com\/en\/your-stay\/discover-our-accommodations\/concierge-services\/#primaryimage","url":"https:\/\/la-toussuire.com\/wp-content\/uploads\/OTToussuire_Hebergement_Service_de_Conciergerie_Presentation\u00a9ClicClac@La_Toussuire.jpg","contentUrl":"https:\/\/la-toussuire.com\/wp-content\/uploads\/OTToussuire_Hebergement_Service_de_Conciergerie_Presentation\u00a9ClicClac@La_Toussuire.jpg","width":960,"height":640,"caption":"Handcrafted heart"},{"@type":"BreadcrumbList","@id":"https:\/\/la-toussuire.com\/en\/your-stay\/discover-our-accommodations\/concierge-services\/#breadcrumb","itemListElement":[{"@type":"ListItem","position":1,"name":"Home","item":"https:\/\/la-toussuire.com\/en\/"},{"@type":"ListItem","position":2,"name":"I&#8217;m organising my stay","item":"https:\/\/la-toussuire.com\/en\/your-stay\/"},{"@type":"ListItem","position":3,"name":"Our accommodation","item":"https:\/\/la-toussuire.com\/en\/your-stay\/discover-our-accommodations\/"},{"@type":"ListItem","position":4,"name":"Concierge services"}]},{"@type":"WebSite","@id":"https:\/\/la-toussuire.com\/en\/#website","url":"https:\/\/la-toussuire.com\/en\/","name":"La Toussuire","description":"","publisher":{"@id":"https:\/\/la-toussuire.com\/en\/#organization"},"potentialAction":[{"@type":"SearchAction","target":{"@type":"EntryPoint","urlTemplate":"https:\/\/la-toussuire.com\/en\/?s={search_term_string}"},"query-input":{"@type":"PropertyValueSpecification","valueRequired":true,"valueName":"search_term_string"}}],"inLanguage":"en-US"},{"@type":"Organization","@id":"https:\/\/la-toussuire.com\/en\/#organization","name":"La Toussuire","url":"https:\/\/la-toussuire.com\/en\/","logo":{"@type":"ImageObject","inLanguage":"en-US","@id":"https:\/\/la-toussuire.com\/en\/#\/schema\/logo\/image\/","url":"https:\/\/la-toussuire.com\/wp-content\/uploads\/cropped-Nouveau-LA-TOUSSUIRE_Logo_Plan-de-travail-1-02.png","contentUrl":"https:\/\/la-toussuire.com\/wp-content\/uploads\/cropped-Nouveau-LA-TOUSSUIRE_Logo_Plan-de-travail-1-02.png","width":591,"height":591,"caption":"La Toussuire"},"image":{"@id":"https:\/\/la-toussuire.com\/en\/#\/schema\/logo\/image\/"}}]}},"_links":{"self":[{"href":"https:\/\/la-toussuire.com\/en\/wp-json\/wp\/v2\/pages\/11506","targetHints":{"allow":["GET"]}}],"collection":[{"href":"https:\/\/la-toussuire.com\/en\/wp-json\/wp\/v2\/pages"}],"about":[{"href":"https:\/\/la-toussuire.com\/en\/wp-json\/wp\/v2\/types\/page"}],"author":[{"embeddable":true,"href":"https:\/\/la-toussuire.com\/en\/wp-json\/wp\/v2\/users\/2"}],"replies":[{"embeddable":true,"href":"https:\/\/la-toussuire.com\/en\/wp-json\/wp\/v2\/comments?post=11506"}],"version-history":[{"count":5,"href":"https:\/\/la-toussuire.com\/en\/wp-json\/wp\/v2\/pages\/11506\/revisions"}],"predecessor-version":[{"id":16888,"href":"https:\/\/la-toussuire.com\/en\/wp-json\/wp\/v2\/pages\/11506\/revisions\/16888"}],"up":[{"embeddable":true,"href":"https:\/\/la-toussuire.com\/en\/wp-json\/wp\/v2\/pages\/5848"}],"wp:featuredmedia":[{"embeddable":true,"href":"https:\/\/la-toussuire.com\/en\/wp-json\/wp\/v2\/media\/7920"}],"wp:attachment":[{"href":"https:\/\/la-toussuire.com\/en\/wp-json\/wp\/v2\/media?parent=11506"}],"curies":[{"name":"wp","href":"https:\/\/api.w.org\/{rel}","templated":true}]}}