{"id":11410,"date":"2024-01-22T16:44:47","date_gmt":"2024-01-22T15:44:47","guid":{"rendered":"https:\/\/la-toussuire.com\/?page_id=11410"},"modified":"2024-01-22T16:46:17","modified_gmt":"2024-01-22T15:46:17","slug":"im-organising-my-stay","status":"publish","type":"page","link":"https:\/\/la-toussuire.com\/en\/im-organising-my-stay\/","title":{"rendered":"I&#8217;m organising my stay"},"content":{"rendered":"<div class=\"block block-core-heading\">\n<h2 class=\"wp-block-heading\">Everything you need to plan your stay!<\/h2>\n<\/div>\n\n<div class=\"block block-core-paragraph\">\n<p>Everything you need <strong>to plan your holiday<\/strong> is here:<strong>accommodation<\/strong>, <strong>ski pas<\/strong>s, and everything else you need to know before coming. You can take everything into consideration, with your family, around the dining table, <strong>and plan for everything from your sofa .<\/strong>.. <em>Except the weather, of course!<\/em><\/p>\n<\/div>\n\n<div class=\"block block-core-media-text align-wrap align-wrap-wide\">\n<div class=\"wp-block-media-text alignwide is-stacked-on-mobile is-image-fill\"><figure class=\"wp-block-media-text__media\" style=\"background-image:url(https:\/\/la-toussuire.com\/wp-content\/uploads\/OTToussuire_Decouvrez_nos_hebergements_Presentation\u00a9Odyssee@La_Toussuire.jpg);background-position:50% 50%\"><img loading=\"lazy\" decoding=\"async\" width=\"1024\" height=\"683\" src=\"https:\/\/la-toussuire.com\/wp-content\/uploads\/OTToussuire_Decouvrez_nos_hebergements_Presentation\u00a9Odyssee@La_Toussuire.jpg\" alt=\"ue sur la chambre d'un appartement en location \u00e0 la r\u00e9sidence L'Odyss\u00e9e de La Toussuire.. Lit king size, plafonds et parquets lambriss\u00e9s, un petit bureau, un fauteuil en cuir vieilli confortable, un balcon et la magnifique vue sur le front de neige pour un appartement au pied des pistes.\" class=\"wp-image-8065 size-full\" srcset=\"https:\/\/la-toussuire.com\/wp-content\/uploads\/OTToussuire_Decouvrez_nos_hebergements_Presentation\u00a9Odyssee@La_Toussuire.jpg 1024w, https:\/\/la-toussuire.com\/wp-content\/uploads\/OTToussuire_Decouvrez_nos_hebergements_Presentation\u00a9Odyssee@La_Toussuire-300x200.jpg 300w, https:\/\/la-toussuire.com\/wp-content\/uploads\/OTToussuire_Decouvrez_nos_hebergements_Presentation\u00a9Odyssee@La_Toussuire-150x100.jpg 150w, https:\/\/la-toussuire.com\/wp-content\/uploads\/OTToussuire_Decouvrez_nos_hebergements_Presentation\u00a9Odyssee@La_Toussuire-768x512.jpg 768w\" sizes=\"auto, (max-width: 1024px) 100vw, 1024px\" \/><\/figure><div class=\"wp-block-media-text__content\"><div class=\"block block-core-heading\">\n<h2 class=\"wp-block-heading\" id=\"decouvrez-nos-hebergements\">Our accomodations<\/h2>\n<\/div>\n\n<div class=\"block block-core-paragraph\">\n<p><strong>Chalet<\/strong>, <strong>apartment<\/strong> or <strong>campsite<\/strong>, everyone finds accommodation to suit their desires and means at La Toussuire. Marketplace or real estate agency, private owner or hotel&#8230; <em>we consider all requests!<\/em><\/p>\n<\/div>\n\n<div class=\"block block-core-buttons\">\n<div class=\"wp-block-buttons is-layout-flex wp-block-buttons-is-layout-flex\"><div class=\"block block-core-button\">\n<div class=\"wp-block-button\"><a class=\"wp-block-button__link wp-element-button\" href=\"https:\/\/la-toussuire.com\/en\/your-stay\/discover-our-accommodations\/\">Where to stay?<\/a><\/div>\n<\/div><\/div>\n<\/div><\/div><\/div>\n<\/div>\n\n<div class=\"block block-core-media-text align-wrap align-wrap-wide\">\n<div class=\"wp-block-media-text alignwide has-media-on-the-right is-stacked-on-mobile is-image-fill has-black-color has-text-color\"><div class=\"wp-block-media-text__content\"><div class=\"block block-core-heading\">\n<h2 class=\"wp-block-heading\" id=\"reservez-votre-forfait\">I&#8217;m booking my stay<\/h2>\n<\/div>\n\n<div class=\"block block-core-paragraph\">\n<p><em>We can&#8217;t wait for you to join us in La Toussuire.<\/em> We <strong>can&#8217;t wait to see<\/strong> you hit the slopes, <strong>having a good laugh and simply enjoying yourself<em>.<\/em><\/strong> <em>You know you deserve it ?<\/em> <\/p>\n<\/div>\n\n<div class=\"block block-core-paragraph\">\n<p>So, what are you waiting for?<\/p>\n<\/div>\n\n<div class=\"block block-core-buttons\">\n<div class=\"wp-block-buttons is-layout-flex wp-block-buttons-is-layout-flex\"><div class=\"block block-core-button\">\n<div class=\"wp-block-button\"><a class=\"wp-block-button__link wp-element-button\" href=\"https:\/\/la-toussuire.com\/en\/your-stay\/book-your-stay\/\">Great, let&#8217;s book!<\/a><\/div>\n<\/div><\/div>\n<\/div><\/div><figure class=\"wp-block-media-text__media\" style=\"background-image:url(https:\/\/la-toussuire.com\/wp-content\/uploads\/\/OTToussuire_Reservez_votre_sejour\u00a9OTToussuire@La_Toussuire-1024x576.jpg);background-position:50% 50%\"><img loading=\"lazy\" decoding=\"async\" width=\"1024\" height=\"576\" src=\"https:\/\/la-toussuire.com\/wp-content\/uploads\/\/OTToussuire_Reservez_votre_sejour\u00a9OTToussuire@La_Toussuire-1024x576.jpg\" alt=\"\" class=\"wp-image-10611 size-full\" srcset=\"https:\/\/la-toussuire.com\/wp-content\/uploads\/OTToussuire_Reservez_votre_sejour\u00a9OTToussuire@La_Toussuire-1024x576.jpg 1024w, https:\/\/la-toussuire.com\/wp-content\/uploads\/OTToussuire_Reservez_votre_sejour\u00a9OTToussuire@La_Toussuire-300x169.jpg 300w, https:\/\/la-toussuire.com\/wp-content\/uploads\/OTToussuire_Reservez_votre_sejour\u00a9OTToussuire@La_Toussuire-150x84.jpg 150w, https:\/\/la-toussuire.com\/wp-content\/uploads\/OTToussuire_Reservez_votre_sejour\u00a9OTToussuire@La_Toussuire-768x432.jpg 768w, https:\/\/la-toussuire.com\/wp-content\/uploads\/OTToussuire_Reservez_votre_sejour\u00a9OTToussuire@La_Toussuire-1536x864.jpg 1536w, https:\/\/la-toussuire.com\/wp-content\/uploads\/OTToussuire_Reservez_votre_sejour\u00a9OTToussuire@La_Toussuire-2048x1152.jpg 2048w\" sizes=\"auto, (max-width: 1024px) 100vw, 1024px\" \/><\/figure><\/div>\n<\/div>\n\n<div class=\"block block-core-media-text align-wrap align-wrap-wide\">\n<div class=\"wp-block-media-text alignwide is-stacked-on-mobile\"><figure class=\"wp-block-media-text__media\"><img loading=\"lazy\" decoding=\"async\" width=\"819\" height=\"1024\" src=\"https:\/\/la-toussuire.com\/wp-content\/uploads\/\/OTToussuire_Venir_Toussuire_Galerie\u00a9MartinKatler@La_Toussuire-819x1024.jpg\" alt=\"\" class=\"wp-image-10615 size-full\" srcset=\"https:\/\/la-toussuire.com\/wp-content\/uploads\/OTToussuire_Venir_Toussuire_Galerie\u00a9MartinKatler@La_Toussuire-819x1024.jpg 819w, https:\/\/la-toussuire.com\/wp-content\/uploads\/OTToussuire_Venir_Toussuire_Galerie\u00a9MartinKatler@La_Toussuire-240x300.jpg 240w, https:\/\/la-toussuire.com\/wp-content\/uploads\/OTToussuire_Venir_Toussuire_Galerie\u00a9MartinKatler@La_Toussuire-120x150.jpg 120w, https:\/\/la-toussuire.com\/wp-content\/uploads\/OTToussuire_Venir_Toussuire_Galerie\u00a9MartinKatler@La_Toussuire-768x960.jpg 768w, https:\/\/la-toussuire.com\/wp-content\/uploads\/OTToussuire_Venir_Toussuire_Galerie\u00a9MartinKatler@La_Toussuire-1229x1536.jpg 1229w, https:\/\/la-toussuire.com\/wp-content\/uploads\/OTToussuire_Venir_Toussuire_Galerie\u00a9MartinKatler@La_Toussuire-1639x2048.jpg 1639w, https:\/\/la-toussuire.com\/wp-content\/uploads\/OTToussuire_Venir_Toussuire_Galerie\u00a9MartinKatler@La_Toussuire-scaled.jpg 2048w\" sizes=\"auto, (max-width: 819px) 100vw, 819px\" \/><\/figure><div class=\"wp-block-media-text__content\"><div class=\"block block-core-heading\">\n<h2 class=\"wp-block-heading\" id=\"l-etat-des-routes-et-conditions-de-trafic\">How do I get there?<\/h2>\n<\/div>\n\n<div class=\"block block-core-paragraph\">\n<p>All the information you need for your <strong>trip<\/strong> is here!<\/p>\n<\/div>\n\n<div class=\"block block-core-buttons\">\n<div class=\"wp-block-buttons is-layout-flex wp-block-buttons-is-layout-flex\"><div class=\"block block-core-button\">\n<div class=\"wp-block-button\"><a class=\"wp-block-button__link wp-element-button\" href=\"https:\/\/la-toussuire.com\/en\/practical-information\/coming-to-la-toussuire\/\">We can&#8217;t wait to see you! <\/a><\/div>\n<\/div><\/div>\n<\/div><\/div><\/div>\n<\/div>\n\n<div class=\"block block-core-media-text align-wrap align-wrap-wide\">\n<div class=\"wp-block-media-text alignwide has-media-on-the-right is-stacked-on-mobile is-image-fill\"><div class=\"wp-block-media-text__content\"><div class=\"block block-core-heading\">\n<h2 class=\"wp-block-heading\" id=\"trouvez-nos-commerces-et-services\">Our shops and services<\/h2>\n<\/div>\n\n<div class=\"block block-core-paragraph\">\n<p>Remember these two names: <strong>rue Blanche, rue Verte.<\/strong> There you can already find <strong>90%<\/strong> of our shops and services. Obviously, other shops and services are located on the rest of the station for local access. <em>Because these are good plans, it will be up to you to discover them. <\/em><\/p>\n<\/div>\n\n<div class=\"block block-core-buttons\">\n<div class=\"wp-block-buttons is-layout-flex wp-block-buttons-is-layout-flex\"><div class=\"block block-core-button\">\n<div class=\"wp-block-button\"><a class=\"wp-block-button__link wp-element-button\" href=\"https:\/\/la-toussuire.com\/en\/your-stay\/find-our-shops-and-services\/\">This way!<\/a><\/div>\n<\/div><\/div>\n<\/div><\/div><figure class=\"wp-block-media-text__media\" style=\"background-image:url(https:\/\/la-toussuire.com\/wp-content\/uploads\/OTToussuire_Trouvez_nos_commerces_services_Presentation\u00a9OTToussuire@La_Toussuire.jpg);background-position:35% 53%\"><img loading=\"lazy\" decoding=\"async\" width=\"1024\" height=\"603\" src=\"https:\/\/la-toussuire.com\/wp-content\/uploads\/OTToussuire_Trouvez_nos_commerces_services_Presentation\u00a9OTToussuire@La_Toussuire.jpg\" alt=\"Photo prise en fin de journ\u00e9e d'hiver dans la rue verte. Nous pouvons voir des voitures sur la routes, des pi\u00e9tons sur la rue verte enneig\u00e9s et les commerces ouvertes sous les arcades\" class=\"wp-image-7830 size-full\" srcset=\"https:\/\/la-toussuire.com\/wp-content\/uploads\/OTToussuire_Trouvez_nos_commerces_services_Presentation\u00a9OTToussuire@La_Toussuire.jpg 1024w, https:\/\/la-toussuire.com\/wp-content\/uploads\/OTToussuire_Trouvez_nos_commerces_services_Presentation\u00a9OTToussuire@La_Toussuire-300x177.jpg 300w, https:\/\/la-toussuire.com\/wp-content\/uploads\/OTToussuire_Trouvez_nos_commerces_services_Presentation\u00a9OTToussuire@La_Toussuire-150x88.jpg 150w, https:\/\/la-toussuire.com\/wp-content\/uploads\/OTToussuire_Trouvez_nos_commerces_services_Presentation\u00a9OTToussuire@La_Toussuire-768x452.jpg 768w\" sizes=\"auto, (max-width: 1024px) 100vw, 1024px\" \/><\/figure><\/div>\n<\/div>\n\n<div class=\"block block-core-media-text align-wrap align-wrap-wide\">\n<div class=\"wp-block-media-text alignwide is-stacked-on-mobile\"><figure class=\"wp-block-media-text__media\"><img loading=\"lazy\" decoding=\"async\" width=\"1024\" height=\"683\" src=\"https:\/\/la-toussuire.com\/wp-content\/uploads\/\/OTToussuire_OffreRM_Printemps_du_Ski_Presentation@OT@LaToussuire-1-1024x683.jpg\" alt=\"Visuel de l'offre du ski de printemps pour les Sybelles\" class=\"wp-image-10529 size-full\" srcset=\"https:\/\/la-toussuire.com\/wp-content\/uploads\/OTToussuire_OffreRM_Printemps_du_Ski_Presentation@OT@LaToussuire-1-1024x683.jpg 1024w, https:\/\/la-toussuire.com\/wp-content\/uploads\/OTToussuire_OffreRM_Printemps_du_Ski_Presentation@OT@LaToussuire-1-300x200.jpg 300w, https:\/\/la-toussuire.com\/wp-content\/uploads\/OTToussuire_OffreRM_Printemps_du_Ski_Presentation@OT@LaToussuire-1-150x100.jpg 150w, https:\/\/la-toussuire.com\/wp-content\/uploads\/OTToussuire_OffreRM_Printemps_du_Ski_Presentation@OT@LaToussuire-1-768x512.jpg 768w, https:\/\/la-toussuire.com\/wp-content\/uploads\/OTToussuire_OffreRM_Printemps_du_Ski_Presentation@OT@LaToussuire-1.jpg 1500w\" sizes=\"auto, (max-width: 1024px) 100vw, 1024px\" \/><\/figure><div class=\"wp-block-media-text__content\"><div class=\"block block-core-heading\">\n<h2 class=\"wp-block-heading\" id=\"nos-bons-plans\">Our tips<\/h2>\n<\/div>\n\n<div class=\"block block-core-paragraph\">\n<p><strong>Promotions<\/strong>, <strong>special offers<\/strong> on ski passes, accommodation, equipment or exceptional deals. <em>Don&#8217;t miss out!<\/em><\/p>\n<\/div>\n\n<div class=\"block block-core-buttons\">\n<div class=\"wp-block-buttons is-layout-flex wp-block-buttons-is-layout-flex\"><div class=\"block block-core-button\">\n<div class=\"wp-block-button is-style-fill\"><a class=\"wp-block-button__link wp-element-button\" href=\"https:\/\/la-toussuire.com\/en\/your-stay\/good-deals\/\">Hey! Come and see&#8230;<\/a><\/div>\n<\/div><\/div>\n<\/div><\/div><\/div>\n<\/div>","protected":false},"excerpt":{"rendered":"<p>Everything you need to plan your stay! Everything you need to plan your holiday is here:accommodation, ski pass, and everything else you need to know before coming. You can take everything into consideration, with your family, around the dining table, and plan for everything from your sofa &#8230; Except the weather, of course!<\/p>\n","protected":false},"author":3,"featured_media":7825,"parent":0,"menu_order":0,"comment_status":"closed","ping_status":"closed","template":"page-template.php","meta":{"_acf_changed":false,"footnotes":""},"class_list":["post-11410","page","type-page","status-publish","has-post-thumbnail","hentry"],"acf":[],"yoast_head":"<!-- This site is optimized with the Yoast SEO plugin v27.1.1 - https:\/\/yoast.com\/product\/yoast-seo-wordpress\/ -->\n<title>I&#039;m organising my stay - La Toussuire<\/title>\n<meta name=\"description\" content=\"Accommodation, rental, gite, package, activities, ski lessons, everything to prepare your holidays in our resort\" \/>\n<meta name=\"robots\" content=\"index, follow, max-snippet:-1, max-image-preview:large, max-video-preview:-1\" \/>\n<link rel=\"canonical\" href=\"https:\/\/la-toussuire.com\/en\/im-organising-my-stay\/\" \/>\n<meta property=\"og:locale\" content=\"en_US\" \/>\n<meta property=\"og:type\" content=\"article\" \/>\n<meta property=\"og:title\" content=\"I&#039;m organising my stay - La Toussuire\" \/>\n<meta property=\"og:description\" content=\"Accommodation, rental, gite, package, activities, ski lessons, everything to prepare your holidays in our resort\" \/>\n<meta property=\"og:url\" content=\"https:\/\/la-toussuire.com\/en\/im-organising-my-stay\/\" \/>\n<meta property=\"og:site_name\" content=\"La Toussuire\" \/>\n<meta property=\"article:modified_time\" content=\"2024-01-22T15:46:17+00:00\" \/>\n<meta property=\"og:image\" content=\"https:\/\/la-toussuire.com\/wp-content\/uploads\/OTToussuire_Organisez_Votre_Sejour_Presentation\u00a9AlbanPernet@La_Toussuire.jpg\" \/>\n\t<meta property=\"og:image:width\" content=\"2400\" \/>\n\t<meta property=\"og:image:height\" content=\"1600\" \/>\n\t<meta property=\"og:image:type\" content=\"image\/jpeg\" \/>\n<meta name=\"twitter:card\" content=\"summary_large_image\" \/>\n<meta name=\"twitter:label1\" content=\"Est. reading time\" \/>\n\t<meta name=\"twitter:data1\" content=\"3 minutes\" \/>\n<script type=\"application\/ld+json\" class=\"yoast-schema-graph\">{\"@context\":\"https:\/\/schema.org\",\"@graph\":[{\"@type\":\"WebPage\",\"@id\":\"https:\/\/la-toussuire.com\/en\/im-organising-my-stay\/\",\"url\":\"https:\/\/la-toussuire.com\/en\/im-organising-my-stay\/\",\"name\":\"I'm organising my stay - La Toussuire\",\"isPartOf\":{\"@id\":\"https:\/\/la-toussuire.com\/en\/#website\"},\"primaryImageOfPage\":{\"@id\":\"https:\/\/la-toussuire.com\/en\/im-organising-my-stay\/#primaryimage\"},\"image\":{\"@id\":\"https:\/\/la-toussuire.com\/en\/im-organising-my-stay\/#primaryimage\"},\"thumbnailUrl\":\"https:\/\/la-toussuire.com\/wp-content\/uploads\/OTToussuire_Organisez_Votre_Sejour_Presentation\u00a9AlbanPernet@La_Toussuire.jpg\",\"datePublished\":\"2024-01-22T15:44:47+00:00\",\"dateModified\":\"2024-01-22T15:46:17+00:00\",\"description\":\"Accommodation, rental, gite, package, activities, ski lessons, everything to prepare your holidays in our resort\",\"breadcrumb\":{\"@id\":\"https:\/\/la-toussuire.com\/en\/im-organising-my-stay\/#breadcrumb\"},\"inLanguage\":\"en-US\",\"potentialAction\":[{\"@type\":\"ReadAction\",\"target\":[\"https:\/\/la-toussuire.com\/en\/im-organising-my-stay\/\"]}]},{\"@type\":\"ImageObject\",\"inLanguage\":\"en-US\",\"@id\":\"https:\/\/la-toussuire.com\/en\/im-organising-my-stay\/#primaryimage\",\"url\":\"https:\/\/la-toussuire.com\/wp-content\/uploads\/OTToussuire_Organisez_Votre_Sejour_Presentation\u00a9AlbanPernet@La_Toussuire.jpg\",\"contentUrl\":\"https:\/\/la-toussuire.com\/wp-content\/uploads\/OTToussuire_Organisez_Votre_Sejour_Presentation\u00a9AlbanPernet@La_Toussuire.jpg\",\"width\":2400,\"height\":1600,\"caption\":\"Hiver 2020\"},{\"@type\":\"BreadcrumbList\",\"@id\":\"https:\/\/la-toussuire.com\/en\/im-organising-my-stay\/#breadcrumb\",\"itemListElement\":[{\"@type\":\"ListItem\",\"position\":1,\"name\":\"Home\",\"item\":\"https:\/\/la-toussuire.com\/en\/\"},{\"@type\":\"ListItem\",\"position\":2,\"name\":\"I&#8217;m organising my stay\"}]},{\"@type\":\"WebSite\",\"@id\":\"https:\/\/la-toussuire.com\/en\/#website\",\"url\":\"https:\/\/la-toussuire.com\/en\/\",\"name\":\"La Toussuire\",\"description\":\"\",\"publisher\":{\"@id\":\"https:\/\/la-toussuire.com\/en\/#organization\"},\"potentialAction\":[{\"@type\":\"SearchAction\",\"target\":{\"@type\":\"EntryPoint\",\"urlTemplate\":\"https:\/\/la-toussuire.com\/en\/?s={search_term_string}\"},\"query-input\":{\"@type\":\"PropertyValueSpecification\",\"valueRequired\":true,\"valueName\":\"search_term_string\"}}],\"inLanguage\":\"en-US\"},{\"@type\":\"Organization\",\"@id\":\"https:\/\/la-toussuire.com\/en\/#organization\",\"name\":\"La Toussuire\",\"url\":\"https:\/\/la-toussuire.com\/en\/\",\"logo\":{\"@type\":\"ImageObject\",\"inLanguage\":\"en-US\",\"@id\":\"https:\/\/la-toussuire.com\/en\/#\/schema\/logo\/image\/\",\"url\":\"https:\/\/la-toussuire.com\/wp-content\/uploads\/cropped-Nouveau-LA-TOUSSUIRE_Logo_Plan-de-travail-1-02.png\",\"contentUrl\":\"https:\/\/la-toussuire.com\/wp-content\/uploads\/cropped-Nouveau-LA-TOUSSUIRE_Logo_Plan-de-travail-1-02.png\",\"width\":591,\"height\":591,\"caption\":\"La Toussuire\"},\"image\":{\"@id\":\"https:\/\/la-toussuire.com\/en\/#\/schema\/logo\/image\/\"}}]}<\/script>\n<!-- \/ Yoast SEO plugin. -->","yoast_head_json":{"title":"I'm organising my stay - La Toussuire","description":"Accommodation, rental, gite, package, activities, ski lessons, everything to prepare your holidays in our resort","robots":{"index":"index","follow":"follow","max-snippet":"max-snippet:-1","max-image-preview":"max-image-preview:large","max-video-preview":"max-video-preview:-1"},"canonical":"https:\/\/la-toussuire.com\/en\/im-organising-my-stay\/","og_locale":"en_US","og_type":"article","og_title":"I'm organising my stay - La Toussuire","og_description":"Accommodation, rental, gite, package, activities, ski lessons, everything to prepare your holidays in our resort","og_url":"https:\/\/la-toussuire.com\/en\/im-organising-my-stay\/","og_site_name":"La Toussuire","article_modified_time":"2024-01-22T15:46:17+00:00","og_image":[{"width":2400,"height":1600,"url":"https:\/\/la-toussuire.com\/wp-content\/uploads\/OTToussuire_Organisez_Votre_Sejour_Presentation\u00a9AlbanPernet@La_Toussuire.jpg","type":"image\/jpeg"}],"twitter_card":"summary_large_image","twitter_misc":{"Est. reading time":"3 minutes"},"schema":{"@context":"https:\/\/schema.org","@graph":[{"@type":"WebPage","@id":"https:\/\/la-toussuire.com\/en\/im-organising-my-stay\/","url":"https:\/\/la-toussuire.com\/en\/im-organising-my-stay\/","name":"I'm organising my stay - La Toussuire","isPartOf":{"@id":"https:\/\/la-toussuire.com\/en\/#website"},"primaryImageOfPage":{"@id":"https:\/\/la-toussuire.com\/en\/im-organising-my-stay\/#primaryimage"},"image":{"@id":"https:\/\/la-toussuire.com\/en\/im-organising-my-stay\/#primaryimage"},"thumbnailUrl":"https:\/\/la-toussuire.com\/wp-content\/uploads\/OTToussuire_Organisez_Votre_Sejour_Presentation\u00a9AlbanPernet@La_Toussuire.jpg","datePublished":"2024-01-22T15:44:47+00:00","dateModified":"2024-01-22T15:46:17+00:00","description":"Accommodation, rental, gite, package, activities, ski lessons, everything to prepare your holidays in our resort","breadcrumb":{"@id":"https:\/\/la-toussuire.com\/en\/im-organising-my-stay\/#breadcrumb"},"inLanguage":"en-US","potentialAction":[{"@type":"ReadAction","target":["https:\/\/la-toussuire.com\/en\/im-organising-my-stay\/"]}]},{"@type":"ImageObject","inLanguage":"en-US","@id":"https:\/\/la-toussuire.com\/en\/im-organising-my-stay\/#primaryimage","url":"https:\/\/la-toussuire.com\/wp-content\/uploads\/OTToussuire_Organisez_Votre_Sejour_Presentation\u00a9AlbanPernet@La_Toussuire.jpg","contentUrl":"https:\/\/la-toussuire.com\/wp-content\/uploads\/OTToussuire_Organisez_Votre_Sejour_Presentation\u00a9AlbanPernet@La_Toussuire.jpg","width":2400,"height":1600,"caption":"Hiver 2020"},{"@type":"BreadcrumbList","@id":"https:\/\/la-toussuire.com\/en\/im-organising-my-stay\/#breadcrumb","itemListElement":[{"@type":"ListItem","position":1,"name":"Home","item":"https:\/\/la-toussuire.com\/en\/"},{"@type":"ListItem","position":2,"name":"I&#8217;m organising my stay"}]},{"@type":"WebSite","@id":"https:\/\/la-toussuire.com\/en\/#website","url":"https:\/\/la-toussuire.com\/en\/","name":"La Toussuire","description":"","publisher":{"@id":"https:\/\/la-toussuire.com\/en\/#organization"},"potentialAction":[{"@type":"SearchAction","target":{"@type":"EntryPoint","urlTemplate":"https:\/\/la-toussuire.com\/en\/?s={search_term_string}"},"query-input":{"@type":"PropertyValueSpecification","valueRequired":true,"valueName":"search_term_string"}}],"inLanguage":"en-US"},{"@type":"Organization","@id":"https:\/\/la-toussuire.com\/en\/#organization","name":"La Toussuire","url":"https:\/\/la-toussuire.com\/en\/","logo":{"@type":"ImageObject","inLanguage":"en-US","@id":"https:\/\/la-toussuire.com\/en\/#\/schema\/logo\/image\/","url":"https:\/\/la-toussuire.com\/wp-content\/uploads\/cropped-Nouveau-LA-TOUSSUIRE_Logo_Plan-de-travail-1-02.png","contentUrl":"https:\/\/la-toussuire.com\/wp-content\/uploads\/cropped-Nouveau-LA-TOUSSUIRE_Logo_Plan-de-travail-1-02.png","width":591,"height":591,"caption":"La Toussuire"},"image":{"@id":"https:\/\/la-toussuire.com\/en\/#\/schema\/logo\/image\/"}}]}},"_links":{"self":[{"href":"https:\/\/la-toussuire.com\/en\/wp-json\/wp\/v2\/pages\/11410","targetHints":{"allow":["GET"]}}],"collection":[{"href":"https:\/\/la-toussuire.com\/en\/wp-json\/wp\/v2\/pages"}],"about":[{"href":"https:\/\/la-toussuire.com\/en\/wp-json\/wp\/v2\/types\/page"}],"author":[{"embeddable":true,"href":"https:\/\/la-toussuire.com\/en\/wp-json\/wp\/v2\/users\/3"}],"replies":[{"embeddable":true,"href":"https:\/\/la-toussuire.com\/en\/wp-json\/wp\/v2\/comments?post=11410"}],"version-history":[{"count":4,"href":"https:\/\/la-toussuire.com\/en\/wp-json\/wp\/v2\/pages\/11410\/revisions"}],"predecessor-version":[{"id":29307,"href":"https:\/\/la-toussuire.com\/en\/wp-json\/wp\/v2\/pages\/11410\/revisions\/29307"}],"wp:featuredmedia":[{"embeddable":true,"href":"https:\/\/la-toussuire.com\/en\/wp-json\/wp\/v2\/media\/7825"}],"wp:attachment":[{"href":"https:\/\/la-toussuire.com\/en\/wp-json\/wp\/v2\/media?parent=11410"}],"curies":[{"name":"wp","href":"https:\/\/api.w.org\/{rel}","templated":true}]}}